{"id":537,"date":"2024-08-24T16:13:56","date_gmt":"2024-08-24T16:13:56","guid":{"rendered":"https:\/\/universalinvestmentvisa.com\/?page_id=537"},"modified":"2024-08-24T16:18:31","modified_gmt":"2024-08-24T16:18:31","slug":"visa-dor-pour-la-lettonie","status":"publish","type":"page","link":"https:\/\/investmentvisacn.com\/fr\/latvia-golden-visa\/","title":{"rendered":"Visa d'or pour la Lettonie"},"content":{"rendered":"<div data-elementor-type=\"wp-page\" data-elementor-id=\"537\" class=\"elementor elementor-537\" data-elementor-post-type=\"page\">\n\t\t\t\t\t\t<section class=\"elementor-section elementor-top-section elementor-element elementor-element-c56ef37 elementor-section-stretched elementor-section-boxed elementor-section-height-default elementor-section-height-default\" data-id=\"c56ef37\" data-element_type=\"section\" data-e-type=\"section\" data-settings=\"{&quot;stretch_section&quot;:&quot;section-stretched&quot;}\">\n\t\t\t\t\t\t<div class=\"elementor-container elementor-column-gap-default\">\n\t\t\t\t\t<div class=\"elementor-column elementor-col-100 elementor-top-column elementor-element elementor-element-ac7a5c9\" data-id=\"ac7a5c9\" data-element_type=\"column\" data-e-type=\"column\">\n\t\t\t<div class=\"elementor-widget-wrap elementor-element-populated\">\n\t\t\t\t\t\t<div class=\"elementor-element elementor-element-3272b92 elementor-widget elementor-widget-heading\" data-id=\"3272b92\" data-element_type=\"widget\" data-e-type=\"widget\" data-widget_type=\"heading.default\">\n\t\t\t\t<div class=\"elementor-widget-container\">\n\t\t\t\t\t<h2 class=\"elementor-heading-title elementor-size-default\">Visa d'or pour la Lettonie<\/h2>\t\t\t\t<\/div>\n\t\t\t\t<\/div>\n\t\t\t\t<div class=\"elementor-element elementor-element-3e68e74 elementor-widget elementor-widget-text-editor\" data-id=\"3e68e74\" data-element_type=\"widget\" data-e-type=\"widget\" data-widget_type=\"text-editor.default\">\n\t\t\t\t<div class=\"elementor-widget-container\">\n\t\t\t\t\t\t\t\t\t<div class=\"post-head\" style=\"border-bottom: 1px solid #e6e6e6; padding-bottom: 13px; margin-bottom: 14px; color: #333333; font-family: 'Helvetica Neue', Helvetica, Arial, sans-serif; font-size: 14px;\"><h2 class=\"post-name\" style=\"font-family: inherit; line-height: 1; color: #000000; margin-top: 30px; margin-bottom: 0px; font-size: 34px; text-align: center;\"><span style=\"color: #000000;\">R\u00c9SIDENCE PERMANENTE<\/span><\/h2><\/div><div class=\"post-content\" style=\"font-size: 0px; line-height: 0; padding-bottom: 44px; color: #333333; font-family: 'Helvetica Neue', Helvetica, Arial, sans-serif;\"><div style=\"font-size: 15px; line-height: 24px; color: #666666; margin-bottom: 24px;\"><p style=\"margin-bottom: 24px; font-size: 15px; line-height: 24px;\"><span style=\"color: #000000;\">Le demandeur peut demander la r\u00e9sidence permanente lettone apr\u00e8s avoir r\u00e9sid\u00e9 dans le pays pendant au moins cinq ans. Il doit avoir r\u00e9sid\u00e9 dans le pays pendant au moins quatre de ces ann\u00e9es, conna\u00eetre la langue, l'histoire g\u00e9n\u00e9rale et l'hymne national.<\/span><\/p><h2 class=\"post-name\" style=\"font-family: inherit; line-height: 24px; color: #000000; margin-top: 20px; margin-bottom: 24px; font-size: 15px;\"><span style=\"color: #000000;\">Citoyennet\u00e9<\/span><\/h2><p style=\"margin-bottom: 24px; font-size: 15px; line-height: 24px;\"><span style=\"color: #000000;\">Les candidats peuvent demander la nationalit\u00e9 lettone apr\u00e8s 10 ans de r\u00e9sidence, \u00e0 condition d'avoir r\u00e9sid\u00e9 en Lettonie pendant la majeure partie de cette p\u00e9riode. Il n'existe pas de programme direct de citoyennet\u00e9 par l'investissement en Lettonie.<\/span><\/p><h2 class=\"post-name\" style=\"font-family: inherit; line-height: 24px; color: #000000; margin-top: 20px; margin-bottom: 24px; font-size: 15px;\"><span style=\"color: #000000;\">Permis de s\u00e9jour permanent et citoyennet\u00e9<\/span><\/h2><p style=\"margin-bottom: 24px; font-size: 15px; line-height: 24px;\"><span style=\"color: #000000;\">Apr\u00e8s cinq ans d'obtention du permis de s\u00e9jour, le candidat peut demander un permis de s\u00e9jour permanent. Pour obtenir un permis de s\u00e9jour permanent, le candidat doit avoir r\u00e9sid\u00e9 dans le pays pendant quatre ans au cours de la p\u00e9riode de cinq ans et avoir pass\u00e9 avec succ\u00e8s le test de langue lettone de base au niveau A2. Le candidat doit \u00e9galement avoir une connaissance av\u00e9r\u00e9e de l'histoire g\u00e9n\u00e9rale de la Lettonie et de l'hymne national. Les candidats doivent renoncer \u00e0 leur ancienne citoyennet\u00e9 pour obtenir la citoyennet\u00e9 lettone, bien que des exceptions puissent s'appliquer.<\/span><\/p><h2 class=\"post-name\" style=\"font-family: inherit; line-height: 24px; color: #000000; margin-top: 20px; margin-bottom: 24px; font-size: 15px;\"><span style=\"color: #000000;\">FAITS MARQUANTS<\/span><\/h2><ul style=\"margin-top: 0px; margin-bottom: 24px; font-size: 15px; line-height: 24px;\"><li style=\"font-size: 15px; line-height: 24px; margin-bottom: 24px;\"><span style=\"color: #000000;\">Investissement de 50 000 euros dans l'entreprise, plus 10 000 euros de dons, plus les frais.<\/span><\/li><li style=\"font-size: 15px; line-height: 24px; margin-bottom: 24px;\"><span style=\"color: #000000;\">R\u00e9sidence familiale compl\u00e8te<\/span><\/li><li style=\"font-size: 15px; line-height: 24px; margin-bottom: 24px;\"><span style=\"color: #000000;\">Souplesse. Pas d'obligation de r\u00e9sidence.<\/span><\/li><li style=\"font-size: 15px; line-height: 24px; margin-bottom: 24px;\"><span style=\"color: #000000;\">Renouvelable apr\u00e8s 5 ans<\/span><\/li><li style=\"font-size: 15px; line-height: 24px; margin-bottom: 24px;\"><span style=\"color: #000000;\">Visa Schengen pour l'UE.<\/span><\/li><li style=\"font-size: 15px; line-height: 24px; margin-bottom: 24px;\"><span style=\"color: #000000;\">Monnaie de la zone euro<\/span><\/li><\/ul><p style=\"margin-bottom: 24px; font-size: 15px; line-height: 24px;\"><span style=\"color: #000000;\">La Lettonie fait partie de la zone euro et de l'espace Schengen. La r\u00e9sidence en Lettonie permet donc aux investisseurs de voyager dans l'ensemble de l'espace Schengen de l'UE. Les candidats peuvent demander la r\u00e9sidence permanente au bout de cinq ans, mais doivent avoir v\u00e9cu dans le pays pendant la majeure partie de cette p\u00e9riode. La capitale lettone, Riga, se trouve \u00e0 seulement 90 minutes de vol de Moscou. La plupart des habitants de la Lettonie parlent russe et le pays est une destination populaire pour les Russes \u00e0 la recherche d'un visa d'investisseur, d'un permis de s\u00e9jour ou d'une carte de s\u00e9jour.\u00a0<a style=\"color: #000000; line-height: 24px; margin-bottom: 24px;\" href=\"https:\/\/investmentvisacn.com\/fr\/investissements\/\">la citoyennet\u00e9 en Europe.<\/a><\/span><\/p><\/div><\/div>\t\t\t\t\t\t\t\t<\/div>\n\t\t\t\t<\/div>\n\t\t\t\t<div class=\"elementor-element elementor-element-e0f2af0 elementor-align-center elementor-widget elementor-widget-button\" data-id=\"e0f2af0\" data-element_type=\"widget\" data-e-type=\"widget\" data-widget_type=\"button.default\">\n\t\t\t\t<div class=\"elementor-widget-container\">\n\t\t\t\t\t\t\t\t\t<div class=\"elementor-button-wrapper\">\n\t\t\t\t\t<a class=\"elementor-button elementor-button-link elementor-size-sm\" href=\"#\">\n\t\t\t\t\t\t<span class=\"elementor-button-content-wrapper\">\n\t\t\t\t\t\t\t\t\t<span class=\"elementor-button-text\">Contact-Conseiller<\/span>\n\t\t\t\t\t<\/span>\n\t\t\t\t\t<\/a>\n\t\t\t\t<\/div>\n\t\t\t\t\t\t\t\t<\/div>\n\t\t\t\t<\/div>\n\t\t\t\t<section class=\"elementor-section elementor-inner-section elementor-element elementor-element-b660375 elementor-section-boxed elementor-section-height-default elementor-section-height-default\" data-id=\"b660375\" data-element_type=\"section\" data-e-type=\"section\">\n\t\t\t\t\t\t<div class=\"elementor-container elementor-column-gap-default\">\n\t\t\t\t\t<div class=\"elementor-column elementor-col-25 elementor-inner-column elementor-element elementor-element-c09cf31\" data-id=\"c09cf31\" data-element_type=\"column\" data-e-type=\"column\">\n\t\t\t<div class=\"elementor-widget-wrap elementor-element-populated\">\n\t\t\t\t\t\t<div class=\"elementor-element elementor-element-b1ad958 elementor-widget elementor-widget-text-editor\" data-id=\"b1ad958\" data-element_type=\"widget\" data-e-type=\"widget\" data-widget_type=\"text-editor.default\">\n\t\t\t\t<div class=\"elementor-widget-container\">\n\t\t\t\t\t\t\t\t\t<ul><li><div class=\"product-thumb\"><img fetchpriority=\"high\" decoding=\"async\" class=\"product-thumnail\" src=\"https:\/\/investmentvisacn.com\/assets\/images\/Vanuatu\/vanuatu-270.jpg\" alt=\"dd\" width=\"270\" height=\"270\" \/><\/div><div class=\"info\"><p><b class=\"categories\">Vanuatu<\/b><\/p><h4 class=\"product-title\"><a class=\"pr-name\" href=\"https:\/\/investmentvisacn.com\/fr\/citoyennete-du-vanuatu\/\">Donation minimale de $130.000<br \/>Option immobili\u00e8re<br \/>Citoyennet\u00e9 et passeport<br \/>Un programme \u00e9tabli de longue date<\/a><\/h4><\/div><\/li><\/ul>\t\t\t\t\t\t\t\t<\/div>\n\t\t\t\t<\/div>\n\t\t\t\t\t<\/div>\n\t\t<\/div>\n\t\t\t\t<div class=\"elementor-column elementor-col-25 elementor-inner-column elementor-element elementor-element-0d1240f\" data-id=\"0d1240f\" data-element_type=\"column\" data-e-type=\"column\">\n\t\t\t<div class=\"elementor-widget-wrap elementor-element-populated\">\n\t\t\t\t\t\t<div class=\"elementor-element elementor-element-4044fdf elementor-widget elementor-widget-text-editor\" data-id=\"4044fdf\" data-element_type=\"widget\" data-e-type=\"widget\" data-widget_type=\"text-editor.default\">\n\t\t\t\t<div class=\"elementor-widget-container\">\n\t\t\t\t\t\t\t\t\t<div class=\"product-thumb\"><img decoding=\"async\" class=\"product-thumnail\" src=\"https:\/\/investmentvisacn.com\/assets\/images\/Dominica-Republic\/dominica-270.jpg\" alt=\"dd\" width=\"270\" height=\"270\" \/><\/div><div class=\"info\"><p><b class=\"categories\">Dominique<\/b><\/p><h4 class=\"product-title\"><a class=\"pr-name\" href=\"https:\/\/investmentvisacn.com\/fr\/citoyennete-par-linvestissement-aux-antigua-et-barbuda\/\">Donation minimale de $200.000<br \/>Option immobili\u00e8re<br \/>Citoyennet\u00e9 et passeport<br \/>Voyage sans visa 153 pays<\/a><\/h4><\/div>\t\t\t\t\t\t\t\t<\/div>\n\t\t\t\t<\/div>\n\t\t\t\t\t<\/div>\n\t\t<\/div>\n\t\t\t\t<div class=\"elementor-column elementor-col-25 elementor-inner-column elementor-element elementor-element-111302b\" data-id=\"111302b\" data-element_type=\"column\" data-e-type=\"column\">\n\t\t\t<div class=\"elementor-widget-wrap elementor-element-populated\">\n\t\t\t\t\t\t<div class=\"elementor-element elementor-element-bf1123d elementor-widget elementor-widget-text-editor\" data-id=\"bf1123d\" data-element_type=\"widget\" data-e-type=\"widget\" data-widget_type=\"text-editor.default\">\n\t\t\t\t<div class=\"elementor-widget-container\">\n\t\t\t\t\t\t\t\t\t<div class=\"product-thumb\"><a class=\"link-to-product\" href=\"https:\/\/investmentvisacn.com\/fr\/visa-dor-pour-luae\/\"><img decoding=\"async\" class=\"product-thumnail\" src=\"https:\/\/investmentvisacn.com\/assets\/images\/St-Lucia\/st-lucia-02.jpg\" alt=\"dd\" width=\"270\" height=\"270\" \/><\/a><\/div><div class=\"info\"><p><b class=\"categories\">Sainte-Lucie<\/b><\/p><h4 class=\"product-title\"><a class=\"pr-name\" href=\"https:\/\/investmentvisacn.com\/fr\/citoyennete-samoane\/\">Donation minimale de $250.000<br \/>Citoyennet\u00e9 et passeport<br \/>Voyage sans visa dans 158 pays<br \/>Zone Schengen de l'UE et Royaume-Uni<\/a><\/h4><\/div>\t\t\t\t\t\t\t\t<\/div>\n\t\t\t\t<\/div>\n\t\t\t\t\t<\/div>\n\t\t<\/div>\n\t\t\t\t<div class=\"elementor-column elementor-col-25 elementor-inner-column elementor-element elementor-element-719cadb\" data-id=\"719cadb\" data-element_type=\"column\" data-e-type=\"column\">\n\t\t\t<div class=\"elementor-widget-wrap elementor-element-populated\">\n\t\t\t\t\t\t<div class=\"elementor-element elementor-element-4e5f5d0 elementor-widget elementor-widget-text-editor\" data-id=\"4e5f5d0\" data-element_type=\"widget\" data-e-type=\"widget\" data-widget_type=\"text-editor.default\">\n\t\t\t\t<div class=\"elementor-widget-container\">\n\t\t\t\t\t\t\t\t\t<div class=\"product-thumb\"><a class=\"link-to-product\" href=\"https:\/\/investmentvisacn.com\/fr\/visa-dor-portugais\/\"><img loading=\"lazy\" decoding=\"async\" class=\"product-thumnail\" src=\"https:\/\/investmentvisacn.com\/assets\/images\/Portugal\/portugal-01.jpg\" alt=\"dd\" width=\"270\" height=\"270\" \/><\/a><\/div><div class=\"info\"><p><b class=\"categories\">Portugal<\/b><\/p><h4 class=\"product-title\"><a class=\"pr-name\" href=\"https:\/\/investmentvisacn.com\/fr\/visa-dor-portugais\/\">Minimum $500.000 + Co\u00fbts<br \/>Investissements en capital-investissement<br \/>R\u00e9sidence europ\u00e9enne<br \/>Voyages dans l'espace Schengen de l'UE<br \/>Demande de citoyennet\u00e9 5 ans<\/a><\/h4><\/div>\t\t\t\t\t\t\t\t<\/div>\n\t\t\t\t<\/div>\n\t\t\t\t\t<\/div>\n\t\t<\/div>\n\t\t\t\t\t<\/div>\n\t\t<\/section>\n\t\t\t\t<div class=\"elementor-element elementor-element-f1fd1b1 elementor-align-center elementor-widget elementor-widget-button\" data-id=\"f1fd1b1\" data-element_type=\"widget\" data-e-type=\"widget\" data-widget_type=\"button.default\">\n\t\t\t\t<div class=\"elementor-widget-container\">\n\t\t\t\t\t\t\t\t\t<div class=\"elementor-button-wrapper\">\n\t\t\t\t\t<a class=\"elementor-button elementor-button-link elementor-size-sm\" href=\"https:\/\/investmentvisacn.com\/fr\/investissements\/\">\n\t\t\t\t\t\t<span class=\"elementor-button-content-wrapper\">\n\t\t\t\t\t\t\t\t\t<span class=\"elementor-button-text\">Voir tout<\/span>\n\t\t\t\t\t<\/span>\n\t\t\t\t\t<\/a>\n\t\t\t\t<\/div>\n\t\t\t\t\t\t\t\t<\/div>\n\t\t\t\t<\/div>\n\t\t\t\t\t<\/div>\n\t\t<\/div>\n\t\t\t\t\t<\/div>\n\t\t<\/section>\n\t\t\t\t<\/div>","protected":false},"excerpt":{"rendered":"<p>Latvia Golden Visa PERMANENT RESIDENCE The applicant can apply for Latvian Permanent Residence after they have resided in the country for a minimum of five years. They must have resided in the country for a minimum of four of those years, have knowledge of the language, general history and national anthem. Citizenship Applicants can apply [&hellip;]<\/p>\n","protected":false},"author":1,"featured_media":0,"parent":0,"menu_order":0,"comment_status":"closed","ping_status":"closed","template":"","meta":{"footnotes":""},"class_list":["post-537","page","type-page","status-publish","hentry"],"yoast_head":"<!-- This site is optimized with the Yoast SEO plugin v27.3 - https:\/\/yoast.com\/product\/yoast-seo-wordpress\/ -->\n<title>Latvia Golden Visa - Investment Visa CN<\/title>\n<meta name=\"robots\" content=\"index, follow, max-snippet:-1, max-image-preview:large, max-video-preview:-1\" \/>\n<link rel=\"canonical\" href=\"https:\/\/investmentvisacn.com\/fr\/visa-dor-pour-la-lettonie\/\" \/>\n<meta property=\"og:locale\" content=\"fr_FR\" \/>\n<meta property=\"og:type\" content=\"article\" \/>\n<meta property=\"og:title\" content=\"Latvia Golden Visa - Investment Visa CN\" \/>\n<meta property=\"og:description\" content=\"Latvia Golden Visa PERMANENT RESIDENCE The applicant can apply for Latvian Permanent Residence after they have resided in the country for a minimum of five years. They must have resided in the country for a minimum of four of those years, have knowledge of the language, general history and national anthem. Citizenship Applicants can apply [&hellip;]\" \/>\n<meta property=\"og:url\" content=\"https:\/\/investmentvisacn.com\/fr\/visa-dor-pour-la-lettonie\/\" \/>\n<meta property=\"og:site_name\" content=\"Investment Visa CN\" \/>\n<meta property=\"article:modified_time\" content=\"2024-08-24T16:18:31+00:00\" \/>\n<meta property=\"og:image\" content=\"https:\/\/investmentvisacn.com\/assets\/images\/Vanuatu\/vanuatu-270.jpg\" \/>\n<meta name=\"twitter:card\" content=\"summary_large_image\" \/>\n<meta name=\"twitter:label1\" content=\"Dur\u00e9e de lecture estim\u00e9e\" \/>\n\t<meta name=\"twitter:data1\" content=\"2 minutes\" \/>\n<script type=\"application\/ld+json\" class=\"yoast-schema-graph\">{\"@context\":\"https:\\\/\\\/schema.org\",\"@graph\":[{\"@type\":\"WebPage\",\"@id\":\"https:\\\/\\\/investmentvisacn.com\\\/latvia-golden-visa\\\/\",\"url\":\"https:\\\/\\\/investmentvisacn.com\\\/latvia-golden-visa\\\/\",\"name\":\"Latvia Golden Visa - Investment Visa CN\",\"isPartOf\":{\"@id\":\"https:\\\/\\\/investmentvisacn.com\\\/#website\"},\"primaryImageOfPage\":{\"@id\":\"https:\\\/\\\/investmentvisacn.com\\\/latvia-golden-visa\\\/#primaryimage\"},\"image\":{\"@id\":\"https:\\\/\\\/investmentvisacn.com\\\/latvia-golden-visa\\\/#primaryimage\"},\"thumbnailUrl\":\"https:\\\/\\\/investmentvisacn.com\\\/assets\\\/images\\\/Vanuatu\\\/vanuatu-270.jpg\",\"datePublished\":\"2024-08-24T16:13:56+00:00\",\"dateModified\":\"2024-08-24T16:18:31+00:00\",\"breadcrumb\":{\"@id\":\"https:\\\/\\\/investmentvisacn.com\\\/latvia-golden-visa\\\/#breadcrumb\"},\"inLanguage\":\"fr-FR\",\"potentialAction\":[{\"@type\":\"ReadAction\",\"target\":[\"https:\\\/\\\/investmentvisacn.com\\\/latvia-golden-visa\\\/\"]}]},{\"@type\":\"ImageObject\",\"inLanguage\":\"fr-FR\",\"@id\":\"https:\\\/\\\/investmentvisacn.com\\\/latvia-golden-visa\\\/#primaryimage\",\"url\":\"https:\\\/\\\/investmentvisacn.com\\\/assets\\\/images\\\/Vanuatu\\\/vanuatu-270.jpg\",\"contentUrl\":\"https:\\\/\\\/investmentvisacn.com\\\/assets\\\/images\\\/Vanuatu\\\/vanuatu-270.jpg\"},{\"@type\":\"BreadcrumbList\",\"@id\":\"https:\\\/\\\/investmentvisacn.com\\\/latvia-golden-visa\\\/#breadcrumb\",\"itemListElement\":[{\"@type\":\"ListItem\",\"position\":1,\"name\":\"Home\",\"item\":\"https:\\\/\\\/investmentvisacn.com\\\/\"},{\"@type\":\"ListItem\",\"position\":2,\"name\":\"Latvia Golden Visa\"}]},{\"@type\":\"WebSite\",\"@id\":\"https:\\\/\\\/investmentvisacn.com\\\/#website\",\"url\":\"https:\\\/\\\/investmentvisacn.com\\\/\",\"name\":\"Investment Visa CN\",\"description\":\"Global Investment &amp; Visa Solutions You Can Trust\",\"publisher\":{\"@id\":\"https:\\\/\\\/investmentvisacn.com\\\/#organization\"},\"potentialAction\":[{\"@type\":\"SearchAction\",\"target\":{\"@type\":\"EntryPoint\",\"urlTemplate\":\"https:\\\/\\\/investmentvisacn.com\\\/?s={search_term_string}\"},\"query-input\":{\"@type\":\"PropertyValueSpecification\",\"valueRequired\":true,\"valueName\":\"search_term_string\"}}],\"inLanguage\":\"fr-FR\"},{\"@type\":\"Organization\",\"@id\":\"https:\\\/\\\/investmentvisacn.com\\\/#organization\",\"name\":\"Investment Visa CN\",\"url\":\"https:\\\/\\\/investmentvisacn.com\\\/\",\"logo\":{\"@type\":\"ImageObject\",\"inLanguage\":\"fr-FR\",\"@id\":\"https:\\\/\\\/investmentvisacn.com\\\/#\\\/schema\\\/logo\\\/image\\\/\",\"url\":\"https:\\\/\\\/investmentvisacn.com\\\/wp-content\\\/uploads\\\/2024\\\/08\\\/universalinvestmentvisa.png\",\"contentUrl\":\"https:\\\/\\\/investmentvisacn.com\\\/wp-content\\\/uploads\\\/2024\\\/08\\\/universalinvestmentvisa.png\",\"width\":180,\"height\":60,\"caption\":\"Investment Visa CN\"},\"image\":{\"@id\":\"https:\\\/\\\/investmentvisacn.com\\\/#\\\/schema\\\/logo\\\/image\\\/\"}}]}<\/script>\n<!-- \/ Yoast SEO plugin. -->","yoast_head_json":{"title":"Lettonie Golden Visa - Visa d'investissement CN","robots":{"index":"index","follow":"follow","max-snippet":"max-snippet:-1","max-image-preview":"max-image-preview:large","max-video-preview":"max-video-preview:-1"},"canonical":"https:\/\/investmentvisacn.com\/fr\/visa-dor-pour-la-lettonie\/","og_locale":"fr_FR","og_type":"article","og_title":"Latvia Golden Visa - Investment Visa CN","og_description":"Latvia Golden Visa PERMANENT RESIDENCE The applicant can apply for Latvian Permanent Residence after they have resided in the country for a minimum of five years. They must have resided in the country for a minimum of four of those years, have knowledge of the language, general history and national anthem. Citizenship Applicants can apply [&hellip;]","og_url":"https:\/\/investmentvisacn.com\/fr\/visa-dor-pour-la-lettonie\/","og_site_name":"Investment Visa CN","article_modified_time":"2024-08-24T16:18:31+00:00","og_image":[{"url":"https:\/\/investmentvisacn.com\/assets\/images\/Vanuatu\/vanuatu-270.jpg","type":"","width":"","height":""}],"twitter_card":"summary_large_image","twitter_misc":{"Dur\u00e9e de lecture estim\u00e9e":"2 minutes"},"schema":{"@context":"https:\/\/schema.org","@graph":[{"@type":"WebPage","@id":"https:\/\/investmentvisacn.com\/latvia-golden-visa\/","url":"https:\/\/investmentvisacn.com\/latvia-golden-visa\/","name":"Lettonie Golden Visa - Visa d'investissement CN","isPartOf":{"@id":"https:\/\/investmentvisacn.com\/#website"},"primaryImageOfPage":{"@id":"https:\/\/investmentvisacn.com\/latvia-golden-visa\/#primaryimage"},"image":{"@id":"https:\/\/investmentvisacn.com\/latvia-golden-visa\/#primaryimage"},"thumbnailUrl":"https:\/\/investmentvisacn.com\/assets\/images\/Vanuatu\/vanuatu-270.jpg","datePublished":"2024-08-24T16:13:56+00:00","dateModified":"2024-08-24T16:18:31+00:00","breadcrumb":{"@id":"https:\/\/investmentvisacn.com\/latvia-golden-visa\/#breadcrumb"},"inLanguage":"fr-FR","potentialAction":[{"@type":"ReadAction","target":["https:\/\/investmentvisacn.com\/latvia-golden-visa\/"]}]},{"@type":"ImageObject","inLanguage":"fr-FR","@id":"https:\/\/investmentvisacn.com\/latvia-golden-visa\/#primaryimage","url":"https:\/\/investmentvisacn.com\/assets\/images\/Vanuatu\/vanuatu-270.jpg","contentUrl":"https:\/\/investmentvisacn.com\/assets\/images\/Vanuatu\/vanuatu-270.jpg"},{"@type":"BreadcrumbList","@id":"https:\/\/investmentvisacn.com\/latvia-golden-visa\/#breadcrumb","itemListElement":[{"@type":"ListItem","position":1,"name":"Home","item":"https:\/\/investmentvisacn.com\/"},{"@type":"ListItem","position":2,"name":"Latvia Golden Visa"}]},{"@type":"WebSite","@id":"https:\/\/investmentvisacn.com\/#website","url":"https:\/\/investmentvisacn.com\/","name":"Visa d'investissement CN","description":"Des solutions globales d'investissement et de visa auxquelles vous pouvez faire confiance","publisher":{"@id":"https:\/\/investmentvisacn.com\/#organization"},"potentialAction":[{"@type":"SearchAction","target":{"@type":"EntryPoint","urlTemplate":"https:\/\/investmentvisacn.com\/?s={search_term_string}"},"query-input":{"@type":"PropertyValueSpecification","valueRequired":true,"valueName":"search_term_string"}}],"inLanguage":"fr-FR"},{"@type":"Organization","@id":"https:\/\/investmentvisacn.com\/#organization","name":"Visa d'investissement CN","url":"https:\/\/investmentvisacn.com\/","logo":{"@type":"ImageObject","inLanguage":"fr-FR","@id":"https:\/\/investmentvisacn.com\/#\/schema\/logo\/image\/","url":"https:\/\/investmentvisacn.com\/wp-content\/uploads\/2024\/08\/universalinvestmentvisa.png","contentUrl":"https:\/\/investmentvisacn.com\/wp-content\/uploads\/2024\/08\/universalinvestmentvisa.png","width":180,"height":60,"caption":"Investment Visa CN"},"image":{"@id":"https:\/\/investmentvisacn.com\/#\/schema\/logo\/image\/"}}]}},"_links":{"self":[{"href":"https:\/\/investmentvisacn.com\/fr\/wp-json\/wp\/v2\/pages\/537","targetHints":{"allow":["GET"]}}],"collection":[{"href":"https:\/\/investmentvisacn.com\/fr\/wp-json\/wp\/v2\/pages"}],"about":[{"href":"https:\/\/investmentvisacn.com\/fr\/wp-json\/wp\/v2\/types\/page"}],"author":[{"embeddable":true,"href":"https:\/\/investmentvisacn.com\/fr\/wp-json\/wp\/v2\/users\/1"}],"replies":[{"embeddable":true,"href":"https:\/\/investmentvisacn.com\/fr\/wp-json\/wp\/v2\/comments?post=537"}],"version-history":[{"count":4,"href":"https:\/\/investmentvisacn.com\/fr\/wp-json\/wp\/v2\/pages\/537\/revisions"}],"predecessor-version":[{"id":541,"href":"https:\/\/investmentvisacn.com\/fr\/wp-json\/wp\/v2\/pages\/537\/revisions\/541"}],"wp:attachment":[{"href":"https:\/\/investmentvisacn.com\/fr\/wp-json\/wp\/v2\/media?parent=537"}],"curies":[{"name":"wp","href":"https:\/\/api.w.org\/{rel}","templated":true}]}}