{"id":531,"date":"2024-08-24T16:08:49","date_gmt":"2024-08-24T16:08:49","guid":{"rendered":"https:\/\/universalinvestmentvisa.com\/?page_id=531"},"modified":"2024-08-24T16:25:41","modified_gmt":"2024-08-24T16:25:41","slug":"citoyennete-des-bahamas-par-linvestissement","status":"publish","type":"page","link":"https:\/\/investmentvisacn.com\/fr\/bahamas-citizenship-by-investment\/","title":{"rendered":"Citoyennet\u00e9 par investissement aux Bahamas"},"content":{"rendered":"<div data-elementor-type=\"wp-page\" data-elementor-id=\"531\" class=\"elementor elementor-531\" data-elementor-post-type=\"page\">\n\t\t\t\t\t\t<section class=\"elementor-section elementor-top-section elementor-element elementor-element-2ffa3fa elementor-section-stretched elementor-section-boxed elementor-section-height-default elementor-section-height-default\" data-id=\"2ffa3fa\" data-element_type=\"section\" data-e-type=\"section\" data-settings=\"{&quot;stretch_section&quot;:&quot;section-stretched&quot;}\">\n\t\t\t\t\t\t<div class=\"elementor-container elementor-column-gap-default\">\n\t\t\t\t\t<div class=\"elementor-column elementor-col-100 elementor-top-column elementor-element elementor-element-85fd70b\" data-id=\"85fd70b\" data-element_type=\"column\" data-e-type=\"column\">\n\t\t\t<div class=\"elementor-widget-wrap elementor-element-populated\">\n\t\t\t\t\t\t<div class=\"elementor-element elementor-element-97d9aa9 elementor-widget elementor-widget-heading\" data-id=\"97d9aa9\" data-element_type=\"widget\" data-e-type=\"widget\" data-widget_type=\"heading.default\">\n\t\t\t\t<div class=\"elementor-widget-container\">\n\t\t\t\t\t<h2 class=\"elementor-heading-title elementor-size-default\">R\u00e9sidence par investissement aux Bahamas<\/h2>\t\t\t\t<\/div>\n\t\t\t\t<\/div>\n\t\t\t\t<div class=\"elementor-element elementor-element-865783f elementor-widget elementor-widget-text-editor\" data-id=\"865783f\" data-element_type=\"widget\" data-e-type=\"widget\" data-widget_type=\"text-editor.default\">\n\t\t\t\t<div class=\"elementor-widget-container\">\n\t\t\t\t\t\t\t\t\t<p><span style=\"color: #000000;\">Les personnes qui souhaitent s'installer aux Bahamas peuvent demander un permis de r\u00e9sidence ordinaire ou choisir le programme de r\u00e9sidence par investissement mis en place par le gouvernement. Si vous souhaitez demander un passeport d'investissement aux Bahamas, nos sp\u00e9cialistes sont \u00e0 votre disposition pour vous aider \u00e0 vous inscrire \u00e0 ce programme. Nous sommes \u00e9galement \u00e0 votre disposition si vous souhaitez explorer d'autres pays de citoyennet\u00e9 par l'investissement.<\/span><\/p><h2 class=\"post-name\"><span style=\"color: #000000;\">Le nouveau programme de r\u00e9sidence par investissement aux Bahamas<\/span><\/h2><p><span style=\"color: #000000;\">En 2021, le gouvernement des Bahamas a mis en place un nouveau programme de visa dor\u00e9 dans le cadre duquel les citoyens \u00e9trangers peuvent demander la r\u00e9sidence aux Bahamas par le biais d'un investissement. Ce programme comporte trois options parmi lesquelles les investisseurs peuvent choisir. Pour obtenir un visa dor\u00e9 aux Bahamas, vous devez remplir quelques conditions, dont la plus importante concerne le montant minimum \u00e0 investir. Si vous souhaitez obtenir un passeport dor\u00e9 pour les Bahamas, vous pouvez contacter nos avocats qui vous offriront une assistance juridique.<\/span><\/p><h2 class=\"post-name\"><span style=\"color: #000000;\">Le r\u00e9gime de passeport universel de visa d'investissement - l'un des moyens les plus attrayants de s'installer aux Bahamas en 2024<\/span><\/h2><p><span style=\"color: #000000;\">De tous les r\u00e9gimes de visas dor\u00e9s\/passeports dor\u00e9s dans le monde, celui cr\u00e9\u00e9 par le gouvernement des Bahamas est l'un des plus r\u00e9cents et des plus modernes. Il s'adresse aux personnes du monde entier \u00e2g\u00e9es de plus de 18 ans et ayant un casier judiciaire vierge. L'obtention d'un passeport par l'investissement aux Bahamas est \u00e9galement conditionn\u00e9e par l'injection d'un capital minimum dans l'\u00e9conomie locale.<\/span><\/p><h3><span style=\"color: #000000;\">Les options disponibles sont les suivantes :<\/span><\/h3><ul><li><span style=\"color: #000000;\">Acquisition immobili\u00e8re sur l'\u00eele de San Salvador, Cockburn Town est le si\u00e8ge du gouvernement local.<\/span><\/li><li><span style=\"color: #000000;\">Investissements dans des secteurs cl\u00e9s, notamment le tourisme, les technologies de l'information, la construction maritime et le secteur m\u00e9dical<\/span><\/li><li><span style=\"color: #000000;\">Une combinaison des deux options.<\/span><\/li><\/ul><p><span style=\"color: #000000;\">Si vous \u00eates un investisseur \u00e9tranger int\u00e9ress\u00e9 par une demande de visa d'or aux Bahamas, vous pouvez investir dans une entreprise locale tout en poss\u00e9dant une propri\u00e9t\u00e9 sur l'\u00eele.Nos agents locaux peuvent vous aider \u00e0 acheter un passeport d'or ici ou dans un autre pays de votre choix. Pour obtenir un passeport dor\u00e9 2024 Bahamas, vous devez suivre une proc\u00e9dure l\u00e9gale qui peut \u00eatre expliqu\u00e9e par nos avocats.<\/span><\/p><h2 class=\"post-name\"><span style=\"color: #000000;\">Le montant minimum \u00e0 investir dans le cadre du visa d'or<\/span><\/h2><p><span style=\"color: #000000;\">Le programme \u00e9tant nouveau, le gouvernement n'a pas fix\u00e9 d'investissement minimum au d\u00e9part. Toutefois, selon les donn\u00e9es figurant sur les sites web du Service national des migrations et de l'Agence pour l'investissement, les montants suivants ont \u00e9t\u00e9 d\u00e9livr\u00e9s :<\/span><\/p><ul><li><span style=\"color: #000000;\">Au moins 750 000 dollars des Bahamas (ou USD) selon le service national des migrations.<\/span><\/li><li><span style=\"color: #000000;\">Au moins 1,5 million de dollars des Bahamas (ou USD) selon l'Agence d'investissement.<\/span><\/li><li><span style=\"color: #000000;\">En pratique, les achats immobiliers d'une valeur d'au moins 500 000 dollars bahamiens (ou USD) ont permis aux candidats d'obtenir des visas dor\u00e9s pour les Bahamas.<\/span><\/li><\/ul><p><span style=\"color: #000000;\">Ce qui est s\u00fbr, c'est qu'\u00e0 partir d'un minimum de 500 000 dollars des Bahamas, il est possible d'obtenir un permis de s\u00e9jour acc\u00e9l\u00e9r\u00e9.<\/span><\/p><p><span style=\"color: #000000;\">Comme les choses commencent \u00e0 se mettre en place, vous pouvez compter sur nos conseillers locaux pour obtenir de plus amples informations sur la proc\u00e9dure \u00e0 suivre pour demander la citoyennet\u00e9 des Bahamas par l'investissement.<\/span><\/p><p><span style=\"color: #000000;\">Vous pouvez \u00e9galement compter sur nous si vous \u00eates int\u00e9ress\u00e9 par d'autres pays \u00e0 visa dor\u00e9 en Europe ou dans la r\u00e9gion des Cara\u00efbes. Nous pouvons vous aider \u00e0 acheter un passeport aux Bahamas en 2024 si vous respectez les r\u00e8gles locales.<\/span><\/p><h2 class=\"post-name\"><span style=\"color: #000000;\">Documents \u00e0 pr\u00e9parer pour l'obtention d'un passeport par investissement aux Bahamas<\/span><\/h2><h3><span style=\"color: #000000;\">Les documents \u00e0 d\u00e9poser aupr\u00e8s du service national des migrations pour obtenir un visa dor\u00e9 aux Bahamas sont les suivants :<\/span><\/h3><ul><li><span style=\"color: #000000;\">une copie du passeport<\/span><\/li><li><span style=\"color: #000000;\">deux certificats de moralit\u00e9<\/span><\/li><li><span style=\"color: #000000;\">casier judiciaire vierge<\/span><\/li><li><span style=\"color: #000000;\">l'acte de mariage et l'acte de naissance des enfants lorsque ceux-ci viennent s'installer dans le pays avec la famille<\/span><\/li><li><span style=\"color: #000000;\">la preuve de la solvabilit\u00e9 financi\u00e8re<\/span><\/li><li><span style=\"color: #000000;\">certificat de soins de sant\u00e9.<\/span><\/li><\/ul><p><span style=\"color: #000000;\">Si vous souhaitez vous installer ici et que vous avez besoin de conseils pour pr\u00e9parer et d\u00e9poser vos documents, nos consultants en visas dor\u00e9s peuvent vous guider.<\/span><\/p>\t\t\t\t\t\t\t\t<\/div>\n\t\t\t\t<\/div>\n\t\t\t\t<div class=\"elementor-element elementor-element-161b0e6 elementor-align-center elementor-widget elementor-widget-button\" data-id=\"161b0e6\" data-element_type=\"widget\" data-e-type=\"widget\" data-widget_type=\"button.default\">\n\t\t\t\t<div class=\"elementor-widget-container\">\n\t\t\t\t\t\t\t\t\t<div class=\"elementor-button-wrapper\">\n\t\t\t\t\t<a class=\"elementor-button elementor-button-link elementor-size-sm\" href=\"#\">\n\t\t\t\t\t\t<span class=\"elementor-button-content-wrapper\">\n\t\t\t\t\t\t\t\t\t<span class=\"elementor-button-text\">Contact-Conseiller<\/span>\n\t\t\t\t\t<\/span>\n\t\t\t\t\t<\/a>\n\t\t\t\t<\/div>\n\t\t\t\t\t\t\t\t<\/div>\n\t\t\t\t<\/div>\n\t\t\t\t<div class=\"elementor-element elementor-element-a3236fa elementor-widget elementor-widget-text-editor\" data-id=\"a3236fa\" data-element_type=\"widget\" data-e-type=\"widget\" data-widget_type=\"text-editor.default\">\n\t\t\t\t<div class=\"elementor-widget-container\">\n\t\t\t\t\t\t\t\t\t<h3 class=\"text-center\" style=\"text-align: center;\"><span style=\"color: #000000;\">PROGRAMMES DE CITOYENNET\u00c9 ET DE R\u00c9SIDENCE<\/span><\/h3><p style=\"text-align: center;\"><span style=\"color: #000000;\">Une s\u00e9lection de programmes d'investissement alternatifs en mati\u00e8re de r\u00e9sidence et de citoyennet\u00e9 \u00e0 prendre en consid\u00e9ration.<\/span><\/p>\t\t\t\t\t\t\t\t<\/div>\n\t\t\t\t<\/div>\n\t\t\t\t<section class=\"elementor-section elementor-inner-section elementor-element elementor-element-ba71752 elementor-section-boxed elementor-section-height-default elementor-section-height-default\" data-id=\"ba71752\" data-element_type=\"section\" data-e-type=\"section\">\n\t\t\t\t\t\t<div class=\"elementor-container elementor-column-gap-default\">\n\t\t\t\t\t<div class=\"elementor-column elementor-col-25 elementor-inner-column elementor-element elementor-element-480db19\" data-id=\"480db19\" data-element_type=\"column\" data-e-type=\"column\">\n\t\t\t<div class=\"elementor-widget-wrap elementor-element-populated\">\n\t\t\t\t\t\t<div class=\"elementor-element elementor-element-7501def elementor-widget elementor-widget-text-editor\" data-id=\"7501def\" data-element_type=\"widget\" data-e-type=\"widget\" data-widget_type=\"text-editor.default\">\n\t\t\t\t<div class=\"elementor-widget-container\">\n\t\t\t\t\t\t\t\t\t<ul><li><div class=\"product-thumb\"><img fetchpriority=\"high\" decoding=\"async\" class=\"product-thumnail\" src=\"https:\/\/investmentvisacn.com\/assets\/images\/Vanuatu\/vanuatu-270.jpg\" alt=\"dd\" width=\"270\" height=\"270\" \/><\/div><div class=\"info\"><p><b class=\"categories\">Vanuatu<\/b><\/p><h4 class=\"product-title\"><a class=\"pr-name\" href=\"https:\/\/investmentvisacn.com\/fr\/citoyennete-du-vanuatu\/\">Donation minimale de $130.000<br \/>Option immobili\u00e8re<br \/>Citoyennet\u00e9 et passeport<br \/>Un programme \u00e9tabli de longue date<\/a><\/h4><\/div><\/li><\/ul>\t\t\t\t\t\t\t\t<\/div>\n\t\t\t\t<\/div>\n\t\t\t\t\t<\/div>\n\t\t<\/div>\n\t\t\t\t<div class=\"elementor-column elementor-col-25 elementor-inner-column elementor-element elementor-element-8b22cff\" data-id=\"8b22cff\" data-element_type=\"column\" data-e-type=\"column\">\n\t\t\t<div class=\"elementor-widget-wrap elementor-element-populated\">\n\t\t\t\t\t\t<div class=\"elementor-element elementor-element-afda428 elementor-widget elementor-widget-text-editor\" data-id=\"afda428\" data-element_type=\"widget\" data-e-type=\"widget\" data-widget_type=\"text-editor.default\">\n\t\t\t\t<div class=\"elementor-widget-container\">\n\t\t\t\t\t\t\t\t\t<div class=\"product-thumb\"><img decoding=\"async\" class=\"product-thumnail\" src=\"https:\/\/investmentvisacn.com\/assets\/images\/Dominica-Republic\/dominica-270.jpg\" alt=\"dd\" width=\"270\" height=\"270\" \/><\/div><div class=\"info\"><p><b class=\"categories\">Dominique<\/b><\/p><h4 class=\"product-title\"><a class=\"pr-name\" href=\"https:\/\/investmentvisacn.com\/fr\/citoyennete-par-linvestissement-aux-antigua-et-barbuda\/\">Donation minimale de $200.000<br \/>Option immobili\u00e8re<br \/>Citoyennet\u00e9 et passeport<br \/>Voyage sans visa 153 pays<\/a><\/h4><\/div>\t\t\t\t\t\t\t\t<\/div>\n\t\t\t\t<\/div>\n\t\t\t\t\t<\/div>\n\t\t<\/div>\n\t\t\t\t<div class=\"elementor-column elementor-col-25 elementor-inner-column elementor-element elementor-element-b9bcf70\" data-id=\"b9bcf70\" data-element_type=\"column\" data-e-type=\"column\">\n\t\t\t<div class=\"elementor-widget-wrap elementor-element-populated\">\n\t\t\t\t\t\t<div class=\"elementor-element elementor-element-865a956 elementor-widget elementor-widget-text-editor\" data-id=\"865a956\" data-element_type=\"widget\" data-e-type=\"widget\" data-widget_type=\"text-editor.default\">\n\t\t\t\t<div class=\"elementor-widget-container\">\n\t\t\t\t\t\t\t\t\t<div class=\"product-thumb\"><a class=\"link-to-product\" href=\"https:\/\/investmentvisacn.com\/fr\/visa-dor-pour-luae\/\"><img decoding=\"async\" class=\"product-thumnail\" src=\"https:\/\/investmentvisacn.com\/assets\/images\/St-Lucia\/st-lucia-02.jpg\" alt=\"dd\" width=\"270\" height=\"270\" \/><\/a><\/div><div class=\"info\"><p><b class=\"categories\">Sainte-Lucie<\/b><\/p><h4 class=\"product-title\"><a class=\"pr-name\" href=\"https:\/\/investmentvisacn.com\/fr\/citoyennete-samoane\/\">Donation minimale de $250.000<br \/>Citoyennet\u00e9 et passeport<br \/>Voyage sans visa dans 158 pays<br \/>Zone Schengen de l'UE et Royaume-Uni<\/a><\/h4><\/div>\t\t\t\t\t\t\t\t<\/div>\n\t\t\t\t<\/div>\n\t\t\t\t\t<\/div>\n\t\t<\/div>\n\t\t\t\t<div class=\"elementor-column elementor-col-25 elementor-inner-column elementor-element elementor-element-f60db0c\" data-id=\"f60db0c\" data-element_type=\"column\" data-e-type=\"column\">\n\t\t\t<div class=\"elementor-widget-wrap elementor-element-populated\">\n\t\t\t\t\t\t<div class=\"elementor-element elementor-element-8b98f59 elementor-widget elementor-widget-text-editor\" data-id=\"8b98f59\" data-element_type=\"widget\" data-e-type=\"widget\" data-widget_type=\"text-editor.default\">\n\t\t\t\t<div class=\"elementor-widget-container\">\n\t\t\t\t\t\t\t\t\t<div class=\"product-thumb\"><a class=\"link-to-product\" href=\"https:\/\/investmentvisacn.com\/fr\/visa-dor-portugais\/\"><img loading=\"lazy\" decoding=\"async\" class=\"product-thumnail\" src=\"https:\/\/investmentvisacn.com\/assets\/images\/Portugal\/portugal-01.jpg\" alt=\"dd\" width=\"270\" height=\"270\" \/><\/a><\/div><div class=\"info\"><p><b class=\"categories\">Portugal<\/b><\/p><h4 class=\"product-title\"><a class=\"pr-name\" href=\"https:\/\/investmentvisacn.com\/fr\/visa-dor-portugais\/\">Minimum $500.000 + Co\u00fbts<br \/>Investissements en capital-investissement<br \/>R\u00e9sidence europ\u00e9enne<br \/>Voyages dans l'espace Schengen de l'UE<br \/>Demande de citoyennet\u00e9 5 ans<\/a><\/h4><\/div>\t\t\t\t\t\t\t\t<\/div>\n\t\t\t\t<\/div>\n\t\t\t\t\t<\/div>\n\t\t<\/div>\n\t\t\t\t\t<\/div>\n\t\t<\/section>\n\t\t\t\t<div class=\"elementor-element elementor-element-0525145 elementor-align-center elementor-widget elementor-widget-button\" data-id=\"0525145\" data-element_type=\"widget\" data-e-type=\"widget\" data-widget_type=\"button.default\">\n\t\t\t\t<div class=\"elementor-widget-container\">\n\t\t\t\t\t\t\t\t\t<div class=\"elementor-button-wrapper\">\n\t\t\t\t\t<a class=\"elementor-button elementor-button-link elementor-size-sm\" href=\"https:\/\/investmentvisacn.com\/fr\/investissements\/\">\n\t\t\t\t\t\t<span class=\"elementor-button-content-wrapper\">\n\t\t\t\t\t\t\t\t\t<span class=\"elementor-button-text\">Voir tout<\/span>\n\t\t\t\t\t<\/span>\n\t\t\t\t\t<\/a>\n\t\t\t\t<\/div>\n\t\t\t\t\t\t\t\t<\/div>\n\t\t\t\t<\/div>\n\t\t\t\t\t<\/div>\n\t\t<\/div>\n\t\t\t\t\t<\/div>\n\t\t<\/section>\n\t\t\t\t<\/div>","protected":false},"excerpt":{"rendered":"<p>Residency by Investment in Bahamas People who want to relocate to the Bahamas can apply for ordinary residence permits or can choose the residency by investment scheme enabled by the Government. If you want to apply for a passport by investment in the Bahamas, our specialists are at your disposal with complete support in enrolling [&hellip;]<\/p>\n","protected":false},"author":1,"featured_media":0,"parent":0,"menu_order":0,"comment_status":"closed","ping_status":"closed","template":"","meta":{"footnotes":""},"class_list":["post-531","page","type-page","status-publish","hentry"],"yoast_head":"<!-- This site is optimized with the Yoast SEO plugin v27.3 - https:\/\/yoast.com\/product\/yoast-seo-wordpress\/ -->\n<title>Bahamas Citizenship by Investment - Investment Visa CN<\/title>\n<meta name=\"robots\" content=\"index, follow, max-snippet:-1, max-image-preview:large, max-video-preview:-1\" \/>\n<link rel=\"canonical\" href=\"https:\/\/investmentvisacn.com\/fr\/citoyennete-des-bahamas-par-linvestissement\/\" \/>\n<meta property=\"og:locale\" content=\"fr_FR\" \/>\n<meta property=\"og:type\" content=\"article\" \/>\n<meta property=\"og:title\" content=\"Bahamas Citizenship by Investment - Investment Visa CN\" \/>\n<meta property=\"og:description\" content=\"Residency by Investment in Bahamas People who want to relocate to the Bahamas can apply for ordinary residence permits or can choose the residency by investment scheme enabled by the Government. If you want to apply for a passport by investment in the Bahamas, our specialists are at your disposal with complete support in enrolling [&hellip;]\" \/>\n<meta property=\"og:url\" content=\"https:\/\/investmentvisacn.com\/fr\/citoyennete-des-bahamas-par-linvestissement\/\" \/>\n<meta property=\"og:site_name\" content=\"Investment Visa CN\" \/>\n<meta property=\"article:modified_time\" content=\"2024-08-24T16:25:41+00:00\" \/>\n<meta property=\"og:image\" content=\"https:\/\/investmentvisacn.com\/assets\/images\/Vanuatu\/vanuatu-270.jpg\" \/>\n<meta name=\"twitter:card\" content=\"summary_large_image\" \/>\n<meta name=\"twitter:label1\" content=\"Dur\u00e9e de lecture estim\u00e9e\" \/>\n\t<meta name=\"twitter:data1\" content=\"3 minutes\" \/>\n<script type=\"application\/ld+json\" class=\"yoast-schema-graph\">{\"@context\":\"https:\\\/\\\/schema.org\",\"@graph\":[{\"@type\":\"WebPage\",\"@id\":\"https:\\\/\\\/investmentvisacn.com\\\/bahamas-citizenship-by-investment\\\/\",\"url\":\"https:\\\/\\\/investmentvisacn.com\\\/bahamas-citizenship-by-investment\\\/\",\"name\":\"Bahamas Citizenship by Investment - Investment Visa CN\",\"isPartOf\":{\"@id\":\"https:\\\/\\\/investmentvisacn.com\\\/#website\"},\"primaryImageOfPage\":{\"@id\":\"https:\\\/\\\/investmentvisacn.com\\\/bahamas-citizenship-by-investment\\\/#primaryimage\"},\"image\":{\"@id\":\"https:\\\/\\\/investmentvisacn.com\\\/bahamas-citizenship-by-investment\\\/#primaryimage\"},\"thumbnailUrl\":\"https:\\\/\\\/investmentvisacn.com\\\/assets\\\/images\\\/Vanuatu\\\/vanuatu-270.jpg\",\"datePublished\":\"2024-08-24T16:08:49+00:00\",\"dateModified\":\"2024-08-24T16:25:41+00:00\",\"breadcrumb\":{\"@id\":\"https:\\\/\\\/investmentvisacn.com\\\/bahamas-citizenship-by-investment\\\/#breadcrumb\"},\"inLanguage\":\"fr-FR\",\"potentialAction\":[{\"@type\":\"ReadAction\",\"target\":[\"https:\\\/\\\/investmentvisacn.com\\\/bahamas-citizenship-by-investment\\\/\"]}]},{\"@type\":\"ImageObject\",\"inLanguage\":\"fr-FR\",\"@id\":\"https:\\\/\\\/investmentvisacn.com\\\/bahamas-citizenship-by-investment\\\/#primaryimage\",\"url\":\"https:\\\/\\\/investmentvisacn.com\\\/assets\\\/images\\\/Vanuatu\\\/vanuatu-270.jpg\",\"contentUrl\":\"https:\\\/\\\/investmentvisacn.com\\\/assets\\\/images\\\/Vanuatu\\\/vanuatu-270.jpg\"},{\"@type\":\"BreadcrumbList\",\"@id\":\"https:\\\/\\\/investmentvisacn.com\\\/bahamas-citizenship-by-investment\\\/#breadcrumb\",\"itemListElement\":[{\"@type\":\"ListItem\",\"position\":1,\"name\":\"Home\",\"item\":\"https:\\\/\\\/investmentvisacn.com\\\/\"},{\"@type\":\"ListItem\",\"position\":2,\"name\":\"Bahamas Citizenship by Investment\"}]},{\"@type\":\"WebSite\",\"@id\":\"https:\\\/\\\/investmentvisacn.com\\\/#website\",\"url\":\"https:\\\/\\\/investmentvisacn.com\\\/\",\"name\":\"Investment Visa CN\",\"description\":\"Global Investment &amp; Visa Solutions You Can Trust\",\"publisher\":{\"@id\":\"https:\\\/\\\/investmentvisacn.com\\\/#organization\"},\"potentialAction\":[{\"@type\":\"SearchAction\",\"target\":{\"@type\":\"EntryPoint\",\"urlTemplate\":\"https:\\\/\\\/investmentvisacn.com\\\/?s={search_term_string}\"},\"query-input\":{\"@type\":\"PropertyValueSpecification\",\"valueRequired\":true,\"valueName\":\"search_term_string\"}}],\"inLanguage\":\"fr-FR\"},{\"@type\":\"Organization\",\"@id\":\"https:\\\/\\\/investmentvisacn.com\\\/#organization\",\"name\":\"Investment Visa CN\",\"url\":\"https:\\\/\\\/investmentvisacn.com\\\/\",\"logo\":{\"@type\":\"ImageObject\",\"inLanguage\":\"fr-FR\",\"@id\":\"https:\\\/\\\/investmentvisacn.com\\\/#\\\/schema\\\/logo\\\/image\\\/\",\"url\":\"https:\\\/\\\/investmentvisacn.com\\\/wp-content\\\/uploads\\\/2024\\\/08\\\/universalinvestmentvisa.png\",\"contentUrl\":\"https:\\\/\\\/investmentvisacn.com\\\/wp-content\\\/uploads\\\/2024\\\/08\\\/universalinvestmentvisa.png\",\"width\":180,\"height\":60,\"caption\":\"Investment Visa CN\"},\"image\":{\"@id\":\"https:\\\/\\\/investmentvisacn.com\\\/#\\\/schema\\\/logo\\\/image\\\/\"}}]}<\/script>\n<!-- \/ Yoast SEO plugin. -->","yoast_head_json":{"title":"Citoyennet\u00e9 par l'investissement aux Bahamas - Visa d'investissement CN","robots":{"index":"index","follow":"follow","max-snippet":"max-snippet:-1","max-image-preview":"max-image-preview:large","max-video-preview":"max-video-preview:-1"},"canonical":"https:\/\/investmentvisacn.com\/fr\/citoyennete-des-bahamas-par-linvestissement\/","og_locale":"fr_FR","og_type":"article","og_title":"Bahamas Citizenship by Investment - Investment Visa CN","og_description":"Residency by Investment in Bahamas People who want to relocate to the Bahamas can apply for ordinary residence permits or can choose the residency by investment scheme enabled by the Government. If you want to apply for a passport by investment in the Bahamas, our specialists are at your disposal with complete support in enrolling [&hellip;]","og_url":"https:\/\/investmentvisacn.com\/fr\/citoyennete-des-bahamas-par-linvestissement\/","og_site_name":"Investment Visa CN","article_modified_time":"2024-08-24T16:25:41+00:00","og_image":[{"url":"https:\/\/investmentvisacn.com\/assets\/images\/Vanuatu\/vanuatu-270.jpg","type":"","width":"","height":""}],"twitter_card":"summary_large_image","twitter_misc":{"Dur\u00e9e de lecture estim\u00e9e":"3 minutes"},"schema":{"@context":"https:\/\/schema.org","@graph":[{"@type":"WebPage","@id":"https:\/\/investmentvisacn.com\/bahamas-citizenship-by-investment\/","url":"https:\/\/investmentvisacn.com\/bahamas-citizenship-by-investment\/","name":"Citoyennet\u00e9 par l'investissement aux Bahamas - Visa d'investissement CN","isPartOf":{"@id":"https:\/\/investmentvisacn.com\/#website"},"primaryImageOfPage":{"@id":"https:\/\/investmentvisacn.com\/bahamas-citizenship-by-investment\/#primaryimage"},"image":{"@id":"https:\/\/investmentvisacn.com\/bahamas-citizenship-by-investment\/#primaryimage"},"thumbnailUrl":"https:\/\/investmentvisacn.com\/assets\/images\/Vanuatu\/vanuatu-270.jpg","datePublished":"2024-08-24T16:08:49+00:00","dateModified":"2024-08-24T16:25:41+00:00","breadcrumb":{"@id":"https:\/\/investmentvisacn.com\/bahamas-citizenship-by-investment\/#breadcrumb"},"inLanguage":"fr-FR","potentialAction":[{"@type":"ReadAction","target":["https:\/\/investmentvisacn.com\/bahamas-citizenship-by-investment\/"]}]},{"@type":"ImageObject","inLanguage":"fr-FR","@id":"https:\/\/investmentvisacn.com\/bahamas-citizenship-by-investment\/#primaryimage","url":"https:\/\/investmentvisacn.com\/assets\/images\/Vanuatu\/vanuatu-270.jpg","contentUrl":"https:\/\/investmentvisacn.com\/assets\/images\/Vanuatu\/vanuatu-270.jpg"},{"@type":"BreadcrumbList","@id":"https:\/\/investmentvisacn.com\/bahamas-citizenship-by-investment\/#breadcrumb","itemListElement":[{"@type":"ListItem","position":1,"name":"Home","item":"https:\/\/investmentvisacn.com\/"},{"@type":"ListItem","position":2,"name":"Bahamas Citizenship by Investment"}]},{"@type":"WebSite","@id":"https:\/\/investmentvisacn.com\/#website","url":"https:\/\/investmentvisacn.com\/","name":"Visa d'investissement CN","description":"Des solutions globales d'investissement et de visa auxquelles vous pouvez faire confiance","publisher":{"@id":"https:\/\/investmentvisacn.com\/#organization"},"potentialAction":[{"@type":"SearchAction","target":{"@type":"EntryPoint","urlTemplate":"https:\/\/investmentvisacn.com\/?s={search_term_string}"},"query-input":{"@type":"PropertyValueSpecification","valueRequired":true,"valueName":"search_term_string"}}],"inLanguage":"fr-FR"},{"@type":"Organization","@id":"https:\/\/investmentvisacn.com\/#organization","name":"Visa d'investissement CN","url":"https:\/\/investmentvisacn.com\/","logo":{"@type":"ImageObject","inLanguage":"fr-FR","@id":"https:\/\/investmentvisacn.com\/#\/schema\/logo\/image\/","url":"https:\/\/investmentvisacn.com\/wp-content\/uploads\/2024\/08\/universalinvestmentvisa.png","contentUrl":"https:\/\/investmentvisacn.com\/wp-content\/uploads\/2024\/08\/universalinvestmentvisa.png","width":180,"height":60,"caption":"Investment Visa CN"},"image":{"@id":"https:\/\/investmentvisacn.com\/#\/schema\/logo\/image\/"}}]}},"_links":{"self":[{"href":"https:\/\/investmentvisacn.com\/fr\/wp-json\/wp\/v2\/pages\/531","targetHints":{"allow":["GET"]}}],"collection":[{"href":"https:\/\/investmentvisacn.com\/fr\/wp-json\/wp\/v2\/pages"}],"about":[{"href":"https:\/\/investmentvisacn.com\/fr\/wp-json\/wp\/v2\/types\/page"}],"author":[{"embeddable":true,"href":"https:\/\/investmentvisacn.com\/fr\/wp-json\/wp\/v2\/users\/1"}],"replies":[{"embeddable":true,"href":"https:\/\/investmentvisacn.com\/fr\/wp-json\/wp\/v2\/comments?post=531"}],"version-history":[{"count":7,"href":"https:\/\/investmentvisacn.com\/fr\/wp-json\/wp\/v2\/pages\/531\/revisions"}],"predecessor-version":[{"id":548,"href":"https:\/\/investmentvisacn.com\/fr\/wp-json\/wp\/v2\/pages\/531\/revisions\/548"}],"wp:attachment":[{"href":"https:\/\/investmentvisacn.com\/fr\/wp-json\/wp\/v2\/media?parent=531"}],"curies":[{"name":"wp","href":"https:\/\/api.w.org\/{rel}","templated":true}]}}