{"id":515,"date":"2024-08-24T15:42:32","date_gmt":"2024-08-24T15:42:32","guid":{"rendered":"https:\/\/universalinvestmentvisa.com\/?page_id=515"},"modified":"2024-08-24T15:49:52","modified_gmt":"2024-08-24T15:49:52","slug":"programme-de-residence-a-haute-valeur-ajoutee-de-jersey","status":"publish","type":"page","link":"https:\/\/investmentvisacn.com\/fr\/jersey-high-value-residency-programme\/","title":{"rendered":"Jersey - Programme de r\u00e9sidence de grande valeur"},"content":{"rendered":"<div data-elementor-type=\"wp-page\" data-elementor-id=\"515\" class=\"elementor elementor-515\" data-elementor-post-type=\"page\">\n\t\t\t\t\t\t<section class=\"elementor-section elementor-top-section elementor-element elementor-element-1b9a275 elementor-section-stretched elementor-section-boxed elementor-section-height-default elementor-section-height-default\" data-id=\"1b9a275\" data-element_type=\"section\" data-e-type=\"section\" data-settings=\"{&quot;stretch_section&quot;:&quot;section-stretched&quot;}\">\n\t\t\t\t\t\t<div class=\"elementor-container elementor-column-gap-default\">\n\t\t\t\t\t<div class=\"elementor-column elementor-col-100 elementor-top-column elementor-element elementor-element-53fd140\" data-id=\"53fd140\" data-element_type=\"column\" data-e-type=\"column\">\n\t\t\t<div class=\"elementor-widget-wrap elementor-element-populated\">\n\t\t\t\t\t\t<div class=\"elementor-element elementor-element-5e43d5e elementor-widget elementor-widget-heading\" data-id=\"5e43d5e\" data-element_type=\"widget\" data-e-type=\"widget\" data-widget_type=\"heading.default\">\n\t\t\t\t<div class=\"elementor-widget-container\">\n\t\t\t\t\t<h2 class=\"elementor-heading-title elementor-size-default\">R\u00e9sidence \u00e0 Jersey<\/h2>\t\t\t\t<\/div>\n\t\t\t\t<\/div>\n\t\t\t\t<div class=\"elementor-element elementor-element-f3e9758 elementor-widget elementor-widget-text-editor\" data-id=\"f3e9758\" data-element_type=\"widget\" data-e-type=\"widget\" data-widget_type=\"text-editor.default\">\n\t\t\t\t<div class=\"elementor-widget-container\">\n\t\t\t\t\t\t\t\t\t<p><span style=\"color: #000000;\">Les r\u00e9sidents de Jersey sont impos\u00e9s \u00e0 hauteur de 20% pour les premiers 725 000 \u00a3 de revenus mondiaux, avec une charge fiscale de 1% pour tout revenu sup\u00e9rieur. L'\u00eele n'a pas d'imp\u00f4t sur les successions, la fortune, les soci\u00e9t\u00e9s ou les plus-values, ce qui en fait un paradis fiscal tr\u00e8s pris\u00e9 des riches.<\/span><\/p><p><span style=\"color: #000000;\">Les personnes fortun\u00e9es peuvent demander \u00e0 b\u00e9n\u00e9ficier du programme de r\u00e9sidence de grande valeur de Jersey \u00e0 condition de percevoir un revenu annuel durable d'au moins 725 000 livres sterling et de pouvoir ainsi payer au moins 145 000 livres sterling d'imp\u00f4ts par an. Les candidats doivent \u00e9galement poss\u00e9der une propri\u00e9t\u00e9 sur l'\u00eele, g\u00e9n\u00e9ralement sup\u00e9rieure \u00e0 1,75 million de livres sterling.<\/span><\/p><p><span style=\"color: #000000;\">Bien que Jersey ne fasse pas partie du Royaume-Uni \u00e0 proprement parler, c'est une d\u00e9pendance de la couronne britannique et elle fait partie de l'accord sur la zone de voyage commune. En tant que r\u00e9sident de Jersey, vous aurez le droit de voyager sans restriction dans la zone de voyage commune (CTA), qui comprend le Royaume-Uni, l'Irlande et l'\u00eele de Man. Apr\u00e8s avoir r\u00e9sid\u00e9 \u00e0 Jersey pendant cinq ans, les candidats peuvent demander la r\u00e9sidence permanente et la citoyennet\u00e9 britannique, ainsi qu'un passeport britannique apr\u00e8s un total de six ans. Pour ces seules raisons, le programme de Jersey est une excellente alternative au programme Tier 1 du Royaume-Uni.<\/span><\/p><h2 class=\"post-name\"><span style=\"color: #000000;\">Proc\u00e9dure de demande : R\u00e9sidence \u00e0 Jersey<\/span><\/h2><p><span style=\"color: #000000;\">Tout investisseur souhaitant r\u00e9sider \u00e0 Jersey en tant que r\u00e9sident de grande valeur doit d\u00e9poser une demande aupr\u00e8s du directeur de la r\u00e9sidence de grande valeur. La demande sera examin\u00e9e sur la base de facteurs \u00e9conomiques et non \u00e9conomiques, notamment le revenu annuel, les avantages culturels pour la communaut\u00e9 locale d\u00e9coulant de l'approbation de la demande et la couverture m\u00e9diatique potentielle de l'entreprise ou de la vie sociale de l'investisseur.<\/span><\/p><p><span style=\"color: #000000;\">Un investisseur ayant le statut d\u2018\u2019ayant droit\" \u00e0 Jersey peut b\u00e9n\u00e9ficier d'une autorisation de s\u00e9jour ind\u00e9finie gr\u00e2ce \u00e0 l'\u00e9coulement du temps ou \u00e0 une demande apr\u00e8s avoir r\u00e9sid\u00e9 \u00e0 Jersey pendant la p\u00e9riode prescrite. Un immigrant b\u00e9n\u00e9ficiant d'une autorisation de s\u00e9jour \u00e0 dur\u00e9e ind\u00e9termin\u00e9e peut ensuite demander la nationalit\u00e9 britannique.<\/span><\/p><h2 class=\"post-name\"><span style=\"color: #000000;\">Avantages li\u00e9s \u00e0 la r\u00e9sidence \u00e0 Jersey :<\/span><\/h2><ul><li><span style=\"color: #000000;\">Vous b\u00e9n\u00e9ficiez d'un statut \u2018privil\u00e9gi\u00e9\u2019 qui vous permet d'acheter, de vendre ou de louer n'importe quel bien immobilier et de travailler sans avoir besoin d'une licence pour \u00eatre employ\u00e9.<\/span><\/li><li><span style=\"color: #000000;\">Vous pouvez vous rendre sans restriction au Royaume-Uni lorsque vous r\u00e9sidez \u00e0 Jersey.<\/span><\/li><li><span style=\"color: #000000;\">Voyage pratique et sans probl\u00e8me aux \u00c9tats-Unis, dans l'Union europ\u00e9enne et dans d'autres pays.<\/span><\/li><li><span style=\"color: #000000;\">Acc\u00e8s \u00e0 une \u00e9ducation de qualit\u00e9 et \u00e0 un syst\u00e8me d'apprentissage pour vos enfants.<\/span><\/li><li><span style=\"color: #000000;\">Profitez de la qualit\u00e9 des soins de sant\u00e9 et des services sociaux de l'\u00eele.<\/span><\/li><li><span style=\"color: #000000;\">D\u00e9couvrez la beaut\u00e9 et la splendeur de l'\u00eele avec un acc\u00e8s facile au Royaume-Uni et au continent europ\u00e9en.<\/span><\/li><li><span style=\"color: #000000;\">Possibilit\u00e9 de demander la nationalit\u00e9 britannique par naturalisation<\/span><\/li><\/ul>\t\t\t\t\t\t\t\t<\/div>\n\t\t\t\t<\/div>\n\t\t\t\t<div class=\"elementor-element elementor-element-f7bd7a4 elementor-align-center elementor-widget elementor-widget-button\" data-id=\"f7bd7a4\" data-element_type=\"widget\" data-e-type=\"widget\" data-widget_type=\"button.default\">\n\t\t\t\t<div class=\"elementor-widget-container\">\n\t\t\t\t\t\t\t\t\t<div class=\"elementor-button-wrapper\">\n\t\t\t\t\t<a class=\"elementor-button elementor-button-link elementor-size-sm\" href=\"https:\/\/investmentvisacn.com\/fr\/nous-contacter\/\">\n\t\t\t\t\t\t<span class=\"elementor-button-content-wrapper\">\n\t\t\t\t\t\t\t\t\t<span class=\"elementor-button-text\">CONTACT-CONSEILLER<\/span>\n\t\t\t\t\t<\/span>\n\t\t\t\t\t<\/a>\n\t\t\t\t<\/div>\n\t\t\t\t\t\t\t\t<\/div>\n\t\t\t\t<\/div>\n\t\t\t\t<div class=\"elementor-element elementor-element-1845aae elementor-widget elementor-widget-text-editor\" data-id=\"1845aae\" data-element_type=\"widget\" data-e-type=\"widget\" data-widget_type=\"text-editor.default\">\n\t\t\t\t<div class=\"elementor-widget-container\">\n\t\t\t\t\t\t\t\t\t<h2 class=\"text-center\" style=\"text-align: center;\"><span style=\"color: #000000;\">PROGRAMMES<\/span><\/h2><p style=\"text-align: center;\"><span style=\"color: #000000;\">Programmes d'investissement dans la citoyennet\u00e9.<\/span><\/p>\t\t\t\t\t\t\t\t<\/div>\n\t\t\t\t<\/div>\n\t\t\t\t<section class=\"elementor-section elementor-inner-section elementor-element elementor-element-bb2d84d elementor-section-boxed elementor-section-height-default elementor-section-height-default\" data-id=\"bb2d84d\" data-element_type=\"section\" data-e-type=\"section\">\n\t\t\t\t\t\t<div class=\"elementor-container elementor-column-gap-default\">\n\t\t\t\t\t<div class=\"elementor-column elementor-col-25 elementor-inner-column elementor-element elementor-element-0945275\" data-id=\"0945275\" data-element_type=\"column\" data-e-type=\"column\">\n\t\t\t<div class=\"elementor-widget-wrap elementor-element-populated\">\n\t\t\t\t\t\t<div class=\"elementor-element elementor-element-9723638 elementor-widget elementor-widget-text-editor\" data-id=\"9723638\" data-element_type=\"widget\" data-e-type=\"widget\" data-widget_type=\"text-editor.default\">\n\t\t\t\t<div class=\"elementor-widget-container\">\n\t\t\t\t\t\t\t\t\t<ul><li><div class=\"product-thumb\"><img fetchpriority=\"high\" decoding=\"async\" class=\"product-thumnail\" src=\"https:\/\/investmentvisacn.com\/assets\/images\/Vanuatu\/vanuatu-270.jpg\" alt=\"dd\" width=\"270\" height=\"270\" \/><\/div><div class=\"info\"><p><b class=\"categories\">Vanuatu<\/b><\/p><h4 class=\"product-title\"><a class=\"pr-name\" href=\"https:\/\/investmentvisacn.com\/fr\/citoyennete-du-vanuatu\/\">Donation minimale de $130.000<br \/>Option immobili\u00e8re<br \/>Citoyennet\u00e9 et passeport<br \/>Un programme \u00e9tabli de longue date<\/a><\/h4><\/div><\/li><\/ul>\t\t\t\t\t\t\t\t<\/div>\n\t\t\t\t<\/div>\n\t\t\t\t\t<\/div>\n\t\t<\/div>\n\t\t\t\t<div class=\"elementor-column elementor-col-25 elementor-inner-column elementor-element elementor-element-f2a027f\" data-id=\"f2a027f\" data-element_type=\"column\" data-e-type=\"column\">\n\t\t\t<div class=\"elementor-widget-wrap elementor-element-populated\">\n\t\t\t\t\t\t<div class=\"elementor-element elementor-element-a598d6b elementor-widget elementor-widget-text-editor\" data-id=\"a598d6b\" data-element_type=\"widget\" data-e-type=\"widget\" data-widget_type=\"text-editor.default\">\n\t\t\t\t<div class=\"elementor-widget-container\">\n\t\t\t\t\t\t\t\t\t<div class=\"product-thumb\"><img decoding=\"async\" class=\"product-thumnail\" src=\"https:\/\/investmentvisacn.com\/assets\/images\/Dominica-Republic\/dominica-270.jpg\" alt=\"dd\" width=\"270\" height=\"270\" \/><\/div><div class=\"info\"><p><b class=\"categories\">Dominique<\/b><\/p><h4 class=\"product-title\"><a class=\"pr-name\" href=\"https:\/\/investmentvisacn.com\/fr\/citoyennete-par-linvestissement-aux-antigua-et-barbuda\/\">Donation minimale de $200.000<br \/>Option immobili\u00e8re<br \/>Citoyennet\u00e9 et passeport<br \/>Voyage sans visa 153 pays<\/a><\/h4><\/div>\t\t\t\t\t\t\t\t<\/div>\n\t\t\t\t<\/div>\n\t\t\t\t\t<\/div>\n\t\t<\/div>\n\t\t\t\t<div class=\"elementor-column elementor-col-25 elementor-inner-column elementor-element elementor-element-6ecee71\" data-id=\"6ecee71\" data-element_type=\"column\" data-e-type=\"column\">\n\t\t\t<div class=\"elementor-widget-wrap elementor-element-populated\">\n\t\t\t\t\t\t<div class=\"elementor-element elementor-element-acd6879 elementor-widget elementor-widget-text-editor\" data-id=\"acd6879\" data-element_type=\"widget\" data-e-type=\"widget\" data-widget_type=\"text-editor.default\">\n\t\t\t\t<div class=\"elementor-widget-container\">\n\t\t\t\t\t\t\t\t\t<div class=\"product-thumb\"><a class=\"link-to-product\" href=\"https:\/\/investmentvisacn.com\/fr\/visa-dor-pour-luae\/\"><img decoding=\"async\" class=\"product-thumnail\" src=\"https:\/\/investmentvisacn.com\/assets\/images\/St-Lucia\/st-lucia-02.jpg\" alt=\"dd\" width=\"270\" height=\"270\" \/><\/a><\/div><div class=\"info\"><p><b class=\"categories\">Sainte-Lucie<\/b><\/p><h4 class=\"product-title\"><a class=\"pr-name\" href=\"https:\/\/investmentvisacn.com\/fr\/citoyennete-samoane\/\">Donation minimale de $250.000<br \/>Citoyennet\u00e9 et passeport<br \/>Voyage sans visa dans 158 pays<br \/>Zone Schengen de l'UE et Royaume-Uni<\/a><\/h4><\/div>\t\t\t\t\t\t\t\t<\/div>\n\t\t\t\t<\/div>\n\t\t\t\t\t<\/div>\n\t\t<\/div>\n\t\t\t\t<div class=\"elementor-column elementor-col-25 elementor-inner-column elementor-element elementor-element-72a2deb\" data-id=\"72a2deb\" data-element_type=\"column\" data-e-type=\"column\">\n\t\t\t<div class=\"elementor-widget-wrap elementor-element-populated\">\n\t\t\t\t\t\t<div class=\"elementor-element elementor-element-507f0d3 elementor-widget elementor-widget-text-editor\" data-id=\"507f0d3\" data-element_type=\"widget\" data-e-type=\"widget\" data-widget_type=\"text-editor.default\">\n\t\t\t\t<div class=\"elementor-widget-container\">\n\t\t\t\t\t\t\t\t\t<div class=\"product-thumb\"><a class=\"link-to-product\" href=\"https:\/\/investmentvisacn.com\/fr\/visa-dor-portugais\/\"><img loading=\"lazy\" decoding=\"async\" class=\"product-thumnail\" src=\"https:\/\/investmentvisacn.com\/assets\/images\/Portugal\/portugal-01.jpg\" alt=\"dd\" width=\"270\" height=\"270\" \/><\/a><\/div><div class=\"info\"><p><b class=\"categories\">Portugal<\/b><\/p><h4 class=\"product-title\"><a class=\"pr-name\" href=\"https:\/\/investmentvisacn.com\/fr\/visa-dor-portugais\/\">Minimum $500.000 + Co\u00fbts<br \/>Investissements en capital-investissement<br \/>R\u00e9sidence europ\u00e9enne<br \/>Voyages dans l'espace Schengen de l'UE<br \/>Demande de citoyennet\u00e9 5 ans<\/a><\/h4><\/div>\t\t\t\t\t\t\t\t<\/div>\n\t\t\t\t<\/div>\n\t\t\t\t\t<\/div>\n\t\t<\/div>\n\t\t\t\t\t<\/div>\n\t\t<\/section>\n\t\t\t\t<div class=\"elementor-element elementor-element-b77b59d elementor-align-center elementor-widget elementor-widget-button\" data-id=\"b77b59d\" data-element_type=\"widget\" data-e-type=\"widget\" data-widget_type=\"button.default\">\n\t\t\t\t<div class=\"elementor-widget-container\">\n\t\t\t\t\t\t\t\t\t<div class=\"elementor-button-wrapper\">\n\t\t\t\t\t<a class=\"elementor-button elementor-button-link elementor-size-sm\" href=\"https:\/\/investmentvisacn.com\/fr\/investissements\/\">\n\t\t\t\t\t\t<span class=\"elementor-button-content-wrapper\">\n\t\t\t\t\t\t\t\t\t<span class=\"elementor-button-text\">Voir tout<\/span>\n\t\t\t\t\t<\/span>\n\t\t\t\t\t<\/a>\n\t\t\t\t<\/div>\n\t\t\t\t\t\t\t\t<\/div>\n\t\t\t\t<\/div>\n\t\t\t\t\t<\/div>\n\t\t<\/div>\n\t\t\t\t\t<\/div>\n\t\t<\/section>\n\t\t\t\t<\/div>","protected":false},"excerpt":{"rendered":"<p>Residency in Jersey Residents of Jersey are taxed at 20% for the first \u00a3725,000 of worldwide income, with a 1% tax charge for any income above. The island does not have inheritance, wealth, corporate, or capital gains tax, making it a popular tax haven for the wealthy. High net worth individuals can apply for Jersey\u2019s [&hellip;]<\/p>\n","protected":false},"author":1,"featured_media":0,"parent":0,"menu_order":0,"comment_status":"closed","ping_status":"closed","template":"","meta":{"footnotes":""},"class_list":["post-515","page","type-page","status-publish","hentry"],"yoast_head":"<!-- This site is optimized with the Yoast SEO plugin v27.3 - https:\/\/yoast.com\/product\/yoast-seo-wordpress\/ -->\n<title>Jersey \u2013 High-Value Residency Programme - Investment Visa CN<\/title>\n<meta name=\"robots\" content=\"index, follow, max-snippet:-1, max-image-preview:large, max-video-preview:-1\" \/>\n<link rel=\"canonical\" href=\"https:\/\/investmentvisacn.com\/fr\/programme-de-residence-a-haute-valeur-ajoutee-de-jersey\/\" \/>\n<meta property=\"og:locale\" content=\"fr_FR\" \/>\n<meta property=\"og:type\" content=\"article\" \/>\n<meta property=\"og:title\" content=\"Jersey \u2013 High-Value Residency Programme - Investment Visa CN\" \/>\n<meta property=\"og:description\" content=\"Residency in Jersey Residents of Jersey are taxed at 20% for the first \u00a3725,000 of worldwide income, with a 1% tax charge for any income above. The island does not have inheritance, wealth, corporate, or capital gains tax, making it a popular tax haven for the wealthy. High net worth individuals can apply for Jersey\u2019s [&hellip;]\" \/>\n<meta property=\"og:url\" content=\"https:\/\/investmentvisacn.com\/fr\/programme-de-residence-a-haute-valeur-ajoutee-de-jersey\/\" \/>\n<meta property=\"og:site_name\" content=\"Investment Visa CN\" \/>\n<meta property=\"article:modified_time\" content=\"2024-08-24T15:49:52+00:00\" \/>\n<meta property=\"og:image\" content=\"https:\/\/investmentvisacn.com\/assets\/images\/Vanuatu\/vanuatu-270.jpg\" \/>\n<meta name=\"twitter:card\" content=\"summary_large_image\" \/>\n<meta name=\"twitter:label1\" content=\"Dur\u00e9e de lecture estim\u00e9e\" \/>\n\t<meta name=\"twitter:data1\" content=\"2 minutes\" \/>\n<script type=\"application\/ld+json\" class=\"yoast-schema-graph\">{\"@context\":\"https:\\\/\\\/schema.org\",\"@graph\":[{\"@type\":\"WebPage\",\"@id\":\"https:\\\/\\\/investmentvisacn.com\\\/jersey-high-value-residency-programme\\\/\",\"url\":\"https:\\\/\\\/investmentvisacn.com\\\/jersey-high-value-residency-programme\\\/\",\"name\":\"Jersey \u2013 High-Value Residency Programme - Investment Visa CN\",\"isPartOf\":{\"@id\":\"https:\\\/\\\/investmentvisacn.com\\\/#website\"},\"primaryImageOfPage\":{\"@id\":\"https:\\\/\\\/investmentvisacn.com\\\/jersey-high-value-residency-programme\\\/#primaryimage\"},\"image\":{\"@id\":\"https:\\\/\\\/investmentvisacn.com\\\/jersey-high-value-residency-programme\\\/#primaryimage\"},\"thumbnailUrl\":\"https:\\\/\\\/investmentvisacn.com\\\/assets\\\/images\\\/Vanuatu\\\/vanuatu-270.jpg\",\"datePublished\":\"2024-08-24T15:42:32+00:00\",\"dateModified\":\"2024-08-24T15:49:52+00:00\",\"breadcrumb\":{\"@id\":\"https:\\\/\\\/investmentvisacn.com\\\/jersey-high-value-residency-programme\\\/#breadcrumb\"},\"inLanguage\":\"fr-FR\",\"potentialAction\":[{\"@type\":\"ReadAction\",\"target\":[\"https:\\\/\\\/investmentvisacn.com\\\/jersey-high-value-residency-programme\\\/\"]}]},{\"@type\":\"ImageObject\",\"inLanguage\":\"fr-FR\",\"@id\":\"https:\\\/\\\/investmentvisacn.com\\\/jersey-high-value-residency-programme\\\/#primaryimage\",\"url\":\"https:\\\/\\\/investmentvisacn.com\\\/assets\\\/images\\\/Vanuatu\\\/vanuatu-270.jpg\",\"contentUrl\":\"https:\\\/\\\/investmentvisacn.com\\\/assets\\\/images\\\/Vanuatu\\\/vanuatu-270.jpg\"},{\"@type\":\"BreadcrumbList\",\"@id\":\"https:\\\/\\\/investmentvisacn.com\\\/jersey-high-value-residency-programme\\\/#breadcrumb\",\"itemListElement\":[{\"@type\":\"ListItem\",\"position\":1,\"name\":\"Home\",\"item\":\"https:\\\/\\\/investmentvisacn.com\\\/\"},{\"@type\":\"ListItem\",\"position\":2,\"name\":\"Jersey \u2013 High-Value Residency Programme\"}]},{\"@type\":\"WebSite\",\"@id\":\"https:\\\/\\\/investmentvisacn.com\\\/#website\",\"url\":\"https:\\\/\\\/investmentvisacn.com\\\/\",\"name\":\"Investment Visa CN\",\"description\":\"Global Investment &amp; Visa Solutions You Can Trust\",\"publisher\":{\"@id\":\"https:\\\/\\\/investmentvisacn.com\\\/#organization\"},\"potentialAction\":[{\"@type\":\"SearchAction\",\"target\":{\"@type\":\"EntryPoint\",\"urlTemplate\":\"https:\\\/\\\/investmentvisacn.com\\\/?s={search_term_string}\"},\"query-input\":{\"@type\":\"PropertyValueSpecification\",\"valueRequired\":true,\"valueName\":\"search_term_string\"}}],\"inLanguage\":\"fr-FR\"},{\"@type\":\"Organization\",\"@id\":\"https:\\\/\\\/investmentvisacn.com\\\/#organization\",\"name\":\"Investment Visa CN\",\"url\":\"https:\\\/\\\/investmentvisacn.com\\\/\",\"logo\":{\"@type\":\"ImageObject\",\"inLanguage\":\"fr-FR\",\"@id\":\"https:\\\/\\\/investmentvisacn.com\\\/#\\\/schema\\\/logo\\\/image\\\/\",\"url\":\"https:\\\/\\\/investmentvisacn.com\\\/wp-content\\\/uploads\\\/2024\\\/08\\\/universalinvestmentvisa.png\",\"contentUrl\":\"https:\\\/\\\/investmentvisacn.com\\\/wp-content\\\/uploads\\\/2024\\\/08\\\/universalinvestmentvisa.png\",\"width\":180,\"height\":60,\"caption\":\"Investment Visa CN\"},\"image\":{\"@id\":\"https:\\\/\\\/investmentvisacn.com\\\/#\\\/schema\\\/logo\\\/image\\\/\"}}]}<\/script>\n<!-- \/ Yoast SEO plugin. -->","yoast_head_json":{"title":"Jersey - Programme de r\u00e9sidence de grande valeur - Visa d'investissement CN","robots":{"index":"index","follow":"follow","max-snippet":"max-snippet:-1","max-image-preview":"max-image-preview:large","max-video-preview":"max-video-preview:-1"},"canonical":"https:\/\/investmentvisacn.com\/fr\/programme-de-residence-a-haute-valeur-ajoutee-de-jersey\/","og_locale":"fr_FR","og_type":"article","og_title":"Jersey \u2013 High-Value Residency Programme - Investment Visa CN","og_description":"Residency in Jersey Residents of Jersey are taxed at 20% for the first \u00a3725,000 of worldwide income, with a 1% tax charge for any income above. The island does not have inheritance, wealth, corporate, or capital gains tax, making it a popular tax haven for the wealthy. High net worth individuals can apply for Jersey\u2019s [&hellip;]","og_url":"https:\/\/investmentvisacn.com\/fr\/programme-de-residence-a-haute-valeur-ajoutee-de-jersey\/","og_site_name":"Investment Visa CN","article_modified_time":"2024-08-24T15:49:52+00:00","og_image":[{"url":"https:\/\/investmentvisacn.com\/assets\/images\/Vanuatu\/vanuatu-270.jpg","type":"","width":"","height":""}],"twitter_card":"summary_large_image","twitter_misc":{"Dur\u00e9e de lecture estim\u00e9e":"2 minutes"},"schema":{"@context":"https:\/\/schema.org","@graph":[{"@type":"WebPage","@id":"https:\/\/investmentvisacn.com\/jersey-high-value-residency-programme\/","url":"https:\/\/investmentvisacn.com\/jersey-high-value-residency-programme\/","name":"Jersey - Programme de r\u00e9sidence de grande valeur - Visa d'investissement CN","isPartOf":{"@id":"https:\/\/investmentvisacn.com\/#website"},"primaryImageOfPage":{"@id":"https:\/\/investmentvisacn.com\/jersey-high-value-residency-programme\/#primaryimage"},"image":{"@id":"https:\/\/investmentvisacn.com\/jersey-high-value-residency-programme\/#primaryimage"},"thumbnailUrl":"https:\/\/investmentvisacn.com\/assets\/images\/Vanuatu\/vanuatu-270.jpg","datePublished":"2024-08-24T15:42:32+00:00","dateModified":"2024-08-24T15:49:52+00:00","breadcrumb":{"@id":"https:\/\/investmentvisacn.com\/jersey-high-value-residency-programme\/#breadcrumb"},"inLanguage":"fr-FR","potentialAction":[{"@type":"ReadAction","target":["https:\/\/investmentvisacn.com\/jersey-high-value-residency-programme\/"]}]},{"@type":"ImageObject","inLanguage":"fr-FR","@id":"https:\/\/investmentvisacn.com\/jersey-high-value-residency-programme\/#primaryimage","url":"https:\/\/investmentvisacn.com\/assets\/images\/Vanuatu\/vanuatu-270.jpg","contentUrl":"https:\/\/investmentvisacn.com\/assets\/images\/Vanuatu\/vanuatu-270.jpg"},{"@type":"BreadcrumbList","@id":"https:\/\/investmentvisacn.com\/jersey-high-value-residency-programme\/#breadcrumb","itemListElement":[{"@type":"ListItem","position":1,"name":"Home","item":"https:\/\/investmentvisacn.com\/"},{"@type":"ListItem","position":2,"name":"Jersey \u2013 High-Value Residency Programme"}]},{"@type":"WebSite","@id":"https:\/\/investmentvisacn.com\/#website","url":"https:\/\/investmentvisacn.com\/","name":"Visa d'investissement CN","description":"Des solutions globales d'investissement et de visa auxquelles vous pouvez faire confiance","publisher":{"@id":"https:\/\/investmentvisacn.com\/#organization"},"potentialAction":[{"@type":"SearchAction","target":{"@type":"EntryPoint","urlTemplate":"https:\/\/investmentvisacn.com\/?s={search_term_string}"},"query-input":{"@type":"PropertyValueSpecification","valueRequired":true,"valueName":"search_term_string"}}],"inLanguage":"fr-FR"},{"@type":"Organization","@id":"https:\/\/investmentvisacn.com\/#organization","name":"Visa d'investissement CN","url":"https:\/\/investmentvisacn.com\/","logo":{"@type":"ImageObject","inLanguage":"fr-FR","@id":"https:\/\/investmentvisacn.com\/#\/schema\/logo\/image\/","url":"https:\/\/investmentvisacn.com\/wp-content\/uploads\/2024\/08\/universalinvestmentvisa.png","contentUrl":"https:\/\/investmentvisacn.com\/wp-content\/uploads\/2024\/08\/universalinvestmentvisa.png","width":180,"height":60,"caption":"Investment Visa CN"},"image":{"@id":"https:\/\/investmentvisacn.com\/#\/schema\/logo\/image\/"}}]}},"_links":{"self":[{"href":"https:\/\/investmentvisacn.com\/fr\/wp-json\/wp\/v2\/pages\/515","targetHints":{"allow":["GET"]}}],"collection":[{"href":"https:\/\/investmentvisacn.com\/fr\/wp-json\/wp\/v2\/pages"}],"about":[{"href":"https:\/\/investmentvisacn.com\/fr\/wp-json\/wp\/v2\/types\/page"}],"author":[{"embeddable":true,"href":"https:\/\/investmentvisacn.com\/fr\/wp-json\/wp\/v2\/users\/1"}],"replies":[{"embeddable":true,"href":"https:\/\/investmentvisacn.com\/fr\/wp-json\/wp\/v2\/comments?post=515"}],"version-history":[{"count":3,"href":"https:\/\/investmentvisacn.com\/fr\/wp-json\/wp\/v2\/pages\/515\/revisions"}],"predecessor-version":[{"id":527,"href":"https:\/\/investmentvisacn.com\/fr\/wp-json\/wp\/v2\/pages\/515\/revisions\/527"}],"wp:attachment":[{"href":"https:\/\/investmentvisacn.com\/fr\/wp-json\/wp\/v2\/media?parent=515"}],"curies":[{"name":"wp","href":"https:\/\/api.w.org\/{rel}","templated":true}]}}