{"id":502,"date":"2024-08-24T14:54:27","date_gmt":"2024-08-24T14:54:27","guid":{"rendered":"https:\/\/universalinvestmentvisa.com\/?page_id=502"},"modified":"2024-08-24T15:37:06","modified_gmt":"2024-08-24T15:37:06","slug":"visa-dor-italie-citoyennete-par-linvestissement","status":"publish","type":"page","link":"https:\/\/investmentvisacn.com\/fr\/golden-visa-italy-citizenship-by-investment\/","title":{"rendered":"Golden Visa Italie, Citoyennet\u00e9 par l'investissement"},"content":{"rendered":"<div data-elementor-type=\"wp-page\" data-elementor-id=\"502\" class=\"elementor elementor-502\" data-elementor-post-type=\"page\">\n\t\t\t\t\t\t<section class=\"elementor-section elementor-top-section elementor-element elementor-element-11f8cb5 elementor-section-stretched elementor-section-boxed elementor-section-height-default elementor-section-height-default\" data-id=\"11f8cb5\" data-element_type=\"section\" data-e-type=\"section\" data-settings=\"{&quot;stretch_section&quot;:&quot;section-stretched&quot;}\">\n\t\t\t\t\t\t<div class=\"elementor-container elementor-column-gap-default\">\n\t\t\t\t\t<div class=\"elementor-column elementor-col-100 elementor-top-column elementor-element elementor-element-6eb0342\" data-id=\"6eb0342\" data-element_type=\"column\" data-e-type=\"column\">\n\t\t\t<div class=\"elementor-widget-wrap elementor-element-populated\">\n\t\t\t\t\t\t<div class=\"elementor-element elementor-element-ad30b71 elementor-widget elementor-widget-heading\" data-id=\"ad30b71\" data-element_type=\"widget\" data-e-type=\"widget\" data-widget_type=\"heading.default\">\n\t\t\t\t<div class=\"elementor-widget-container\">\n\t\t\t\t\t<h2 class=\"elementor-heading-title elementor-size-default\">Programme de r\u00e9sidence par investissement en Italie<\/h2>\t\t\t\t<\/div>\n\t\t\t\t<\/div>\n\t\t\t\t<div class=\"elementor-element elementor-element-4213dea elementor-widget elementor-widget-text-editor\" data-id=\"4213dea\" data-element_type=\"widget\" data-e-type=\"widget\" data-widget_type=\"text-editor.default\">\n\t\t\t\t<div class=\"elementor-widget-container\">\n\t\t\t\t\t\t\t\t\t<p><span style=\"color: #000000;\">Destination touristique mondialement reconnue, l'Italie, dont les principales villes sont Milan, Rome et Venise, offre aux investisseurs l'acc\u00e8s \u00e0 un march\u00e9 europ\u00e9en solide et bien connect\u00e9, ainsi qu'aux nombreuses opportunit\u00e9s offertes dans la r\u00e9gion. Le programme propose une s\u00e9rie d'options d'investissement avec des montants variables pour les particuliers. Les candidats retenus obtiennent des droits de r\u00e9sidence dans un d\u00e9lai de trois \u00e0 quatre mois.<\/span><\/p><h2 class=\"post-name\"><span style=\"color: #000000;\">Avantages du visa d'or italien<\/span><\/h2><ol><li><span style=\"color: #000000;\">Voyage sans visa dans l'espace Schengen de l'Europe<\/span><\/li><li><span style=\"color: #000000;\">R\u00e9sidence dans un pays dot\u00e9 d'une culture riche, d'industries attrayantes et de grandes villes internationales<\/span><\/li><li><span style=\"color: #000000;\">Aucun s\u00e9jour permanent en Italie n'est requis<\/span><\/li><li><span style=\"color: #000000;\">Acc\u00e8s \u00e0 d'excellents soins m\u00e9dicaux et \u00e9tablissements d'enseignement<\/span><\/li><li><span style=\"color: #000000;\">La citoyennet\u00e9 peut \u00eatre obtenue apr\u00e8s 10 ans de r\u00e9sidence (sous certaines conditions).<\/span><\/li><\/ol><p><span style=\"color: #000000;\">Pour obtenir le statut de r\u00e9sident en Italie, les candidats peuvent choisir d'investir dans l'une des deux options de programme suivantes :<\/span><\/p><h2 class=\"post-name\"><span style=\"color: #000000;\">Programme de visa d'investisseur<\/span><\/h2><p><span style=\"color: #000000;\">Satisfaire \u00e0 l'une des trois exigences suivantes :<\/span><\/p><ol><li><span style=\"color: #000000;\">Un minimum de 2 millions d'euros en obligations d'\u00c9tat italiennes<\/span><\/li><li><span style=\"color: #000000;\">Un minimum de 500 000 euros en actions italiennes (r\u00e9duit \u00e0 250 000 euros en cas d'investissement dans des start-ups innovantes).<\/span><\/li><li><span style=\"color: #000000;\">Un minimum d'un million d'euros pour des projets d'int\u00e9r\u00eat public en Italie, tels que la culture, l'\u00e9ducation, l'\u00e9cologie, la gestion de l'immigration, la recherche et le d\u00e9veloppement, les arts et le patrimoine. Il s'agit d'un don non remboursable.<\/span><\/li><\/ol><p><span style=\"color: #000000;\">L'investissement doit \u00eatre maintenu pendant la dur\u00e9e de validit\u00e9 du visa. Le conjoint, les enfants et les parents \u00e0 charge du demandeur principal peuvent \u00e9galement demander un visa sans investissement suppl\u00e9mentaire.<\/span><\/p><h2 class=\"post-name\"><span style=\"color: #000000;\">Programme de r\u00e9sidence facultative<\/span><\/h2><p><span style=\"color: #000000;\">Une autre option de qualification, le programme de r\u00e9sidence \u00e9lective, convient aux personnes qui peuvent prouver qu'elles disposent d'un revenu annuel stable d'un certain montant provenant de l'\u00e9tranger.<\/span><\/p><h2 class=\"post-name\"><span style=\"color: #000000;\">Proc\u00e9dures et d\u00e9lais du visa dor\u00e9 pour l'Italie<\/span><\/h2><p><span style=\"color: #000000;\">Le visa est accord\u00e9 pour deux ans et est renouvelable pour une nouvelle p\u00e9riode de trois ans, \u00e0 condition que l'investissement soit maintenu. La proc\u00e9dure d'obtention du visa devrait prendre de 90 \u00e0 120 jours \u00e0 compter de la date de la demande. L'investissement doit \u00eatre r\u00e9alis\u00e9 dans les trois mois suivant l'entr\u00e9e dans le pays. Pour obtenir le visa dans le cadre du programme de visa d'investisseur, les investisseurs doivent acheter ou louer un bien immobilier r\u00e9sidentiel en Italie apr\u00e8s approbation. Dans le cadre du programme de r\u00e9sidence \u00e9lective, les demandeurs doivent justifier d'un revenu stable et poss\u00e9der un bien immobilier r\u00e9sidentiel apr\u00e8s approbation. La r\u00e9sidence permanente est possible apr\u00e8s cinq ans, \u00e0 condition que l'investisseur se soit install\u00e9 en Italie. Aucun nombre minimum de jours de pr\u00e9sence physique en Italie n'est requis.<\/span><\/p>\t\t\t\t\t\t\t\t<\/div>\n\t\t\t\t<\/div>\n\t\t\t\t<div class=\"elementor-element elementor-element-8035e02 elementor-align-center elementor-widget elementor-widget-button\" data-id=\"8035e02\" data-element_type=\"widget\" data-e-type=\"widget\" data-widget_type=\"button.default\">\n\t\t\t\t<div class=\"elementor-widget-container\">\n\t\t\t\t\t\t\t\t\t<div class=\"elementor-button-wrapper\">\n\t\t\t\t\t<a class=\"elementor-button elementor-button-link elementor-size-sm\" href=\"https:\/\/investmentvisacn.com\/fr\/nous-contacter\/\">\n\t\t\t\t\t\t<span class=\"elementor-button-content-wrapper\">\n\t\t\t\t\t\t\t\t\t<span class=\"elementor-button-text\">Contact-Conseiller<\/span>\n\t\t\t\t\t<\/span>\n\t\t\t\t\t<\/a>\n\t\t\t\t<\/div>\n\t\t\t\t\t\t\t\t<\/div>\n\t\t\t\t<\/div>\n\t\t\t\t<div class=\"elementor-element elementor-element-6d3f6a8 elementor-widget elementor-widget-text-editor\" data-id=\"6d3f6a8\" data-element_type=\"widget\" data-e-type=\"widget\" data-widget_type=\"text-editor.default\">\n\t\t\t\t<div class=\"elementor-widget-container\">\n\t\t\t\t\t\t\t\t\t<h2 class=\"text-center\" style=\"text-align: center;\">Autres programmes<\/h2>\t\t\t\t\t\t\t\t<\/div>\n\t\t\t\t<\/div>\n\t\t\t\t<section class=\"elementor-section elementor-inner-section elementor-element elementor-element-28d0149 elementor-section-boxed elementor-section-height-default elementor-section-height-default\" data-id=\"28d0149\" data-element_type=\"section\" data-e-type=\"section\">\n\t\t\t\t\t\t<div class=\"elementor-container elementor-column-gap-default\">\n\t\t\t\t\t<div class=\"elementor-column elementor-col-25 elementor-inner-column elementor-element elementor-element-a7beca0\" data-id=\"a7beca0\" data-element_type=\"column\" data-e-type=\"column\">\n\t\t\t<div class=\"elementor-widget-wrap elementor-element-populated\">\n\t\t\t\t\t\t<div class=\"elementor-element elementor-element-7aa202a elementor-widget elementor-widget-text-editor\" data-id=\"7aa202a\" data-element_type=\"widget\" data-e-type=\"widget\" data-widget_type=\"text-editor.default\">\n\t\t\t\t<div class=\"elementor-widget-container\">\n\t\t\t\t\t\t\t\t\t<div class=\"product-thumb\"><a class=\"link-to-product\" href=\"https:\/\/investmentvisacn.com\/fr\/citoyennete-du-vanuatu\/\"><img fetchpriority=\"high\" decoding=\"async\" class=\"product-thumnail\" src=\"https:\/\/investmentvisacn.com\/assets\/images\/Vanuatu\/vanuatu-270.jpg\" alt=\"dd\" width=\"270\" height=\"270\" \/><\/a><\/div><div class=\"info\"><p><b class=\"categories\">Vanuatu<\/b><\/p><h4 class=\"product-title\"><a class=\"pr-name\" href=\"https:\/\/investmentvisacn.com\/fr\/citoyennete-du-vanuatu\/\">Donation minimale de $130.000<br \/>Option immobili\u00e8re<br \/>Citoyennet\u00e9 et passeport<br \/>Un programme \u00e9tabli de longue date<\/a><\/h4><\/div>\t\t\t\t\t\t\t\t<\/div>\n\t\t\t\t<\/div>\n\t\t\t\t\t<\/div>\n\t\t<\/div>\n\t\t\t\t<div class=\"elementor-column elementor-col-25 elementor-inner-column elementor-element elementor-element-f1e1adb\" data-id=\"f1e1adb\" data-element_type=\"column\" data-e-type=\"column\">\n\t\t\t<div class=\"elementor-widget-wrap elementor-element-populated\">\n\t\t\t\t\t\t<div class=\"elementor-element elementor-element-1b2eff2 elementor-widget elementor-widget-text-editor\" data-id=\"1b2eff2\" data-element_type=\"widget\" data-e-type=\"widget\" data-widget_type=\"text-editor.default\">\n\t\t\t\t<div class=\"elementor-widget-container\">\n\t\t\t\t\t\t\t\t\t<div class=\"product-thumb\"><a class=\"link-to-product\" href=\"https:\/\/investmentvisacn.com\/fr\/programme-de-citoyennete-par-linvestissement-de-la-dominique\/\"><img decoding=\"async\" class=\"product-thumnail\" src=\"https:\/\/investmentvisacn.com\/assets\/images\/Dominica-Republic\/dominica-270.jpg\" alt=\"dd\" width=\"270\" height=\"270\" \/><\/a><\/div><div class=\"info\"><p><b class=\"categories\">Dominique<\/b><\/p><h4 class=\"product-title\"><a class=\"pr-name\" href=\"https:\/\/investmentvisacn.com\/fr\/programme-de-citoyennete-par-linvestissement-de-la-dominique\/\">Donation minimale de $200.000<br \/>Option immobili\u00e8re<br \/>Citoyennet\u00e9 et passeport<br \/>Voyage sans visa 153 pays<\/a><\/h4><\/div>\t\t\t\t\t\t\t\t<\/div>\n\t\t\t\t<\/div>\n\t\t\t\t\t<\/div>\n\t\t<\/div>\n\t\t\t\t<div class=\"elementor-column elementor-col-25 elementor-inner-column elementor-element elementor-element-71bc9bb\" data-id=\"71bc9bb\" data-element_type=\"column\" data-e-type=\"column\">\n\t\t\t<div class=\"elementor-widget-wrap elementor-element-populated\">\n\t\t\t\t\t\t<div class=\"elementor-element elementor-element-4a2b309 elementor-widget elementor-widget-text-editor\" data-id=\"4a2b309\" data-element_type=\"widget\" data-e-type=\"widget\" data-widget_type=\"text-editor.default\">\n\t\t\t\t<div class=\"elementor-widget-container\">\n\t\t\t\t\t\t\t\t\t<div class=\"product-thumb\"><a class=\"link-to-product\" href=\"https:\/\/investmentvisacn.com\/fr\/citoyennete-de-saint-kitts\/\"><img decoding=\"async\" class=\"product-thumnail\" src=\"https:\/\/investmentvisacn.com\/assets\/images\/St-Lucia\/st-lucia-02.jpg\" alt=\"dd\" width=\"270\" height=\"270\" \/><\/a><\/div><div class=\"info\"><p><b class=\"categories\">Sainte-Lucie<\/b><\/p><h4 class=\"product-title\"><a class=\"pr-name\" href=\"https:\/\/investmentvisacn.com\/fr\/citoyennete-de-saint-kitts\/\">Donation minimale de $250.000<br \/>Citoyennet\u00e9 et passeport<br \/>Voyage sans visa dans 158 pays<br \/>Zone Schengen de l'UE et Royaume-Uni<\/a><\/h4><\/div>\t\t\t\t\t\t\t\t<\/div>\n\t\t\t\t<\/div>\n\t\t\t\t\t<\/div>\n\t\t<\/div>\n\t\t\t\t<div class=\"elementor-column elementor-col-25 elementor-inner-column elementor-element elementor-element-b75d3b1\" data-id=\"b75d3b1\" data-element_type=\"column\" data-e-type=\"column\">\n\t\t\t<div class=\"elementor-widget-wrap elementor-element-populated\">\n\t\t\t\t\t\t<div class=\"elementor-element elementor-element-636d769 elementor-widget elementor-widget-text-editor\" data-id=\"636d769\" data-element_type=\"widget\" data-e-type=\"widget\" data-widget_type=\"text-editor.default\">\n\t\t\t\t<div class=\"elementor-widget-container\">\n\t\t\t\t\t\t\t\t\t<ul><li><div class=\"product-thumb\"><a class=\"link-to-product\" href=\"https:\/\/investmentvisacn.com\/fr\/visa-dor-portugais\/\"><img loading=\"lazy\" decoding=\"async\" class=\"product-thumnail\" src=\"https:\/\/investmentvisacn.com\/assets\/images\/Portugal\/portugal-270jpg.jpg\" alt=\"dd\" width=\"270\" height=\"270\" \/><\/a><\/div><div class=\"info\"><p><b class=\"categories\">Portugal<\/b><\/p><h4 class=\"product-title\"><a class=\"pr-name\" href=\"https:\/\/investmentvisacn.com\/fr\/visa-dor-portugais\/\">Minimum $500.000 + Co\u00fbts<br \/>Investissements en capital-investissement<br \/>R\u00e9sidence europ\u00e9enne<br \/>Voyages dans l'espace Schengen de l'UE<br \/>Demande de citoyennet\u00e9 5 ans<\/a><\/h4><\/div><\/li><\/ul>\t\t\t\t\t\t\t\t<\/div>\n\t\t\t\t<\/div>\n\t\t\t\t\t<\/div>\n\t\t<\/div>\n\t\t\t\t\t<\/div>\n\t\t<\/section>\n\t\t\t\t<div class=\"elementor-element elementor-element-07a7a9d elementor-align-center elementor-widget elementor-widget-button\" data-id=\"07a7a9d\" data-element_type=\"widget\" data-e-type=\"widget\" data-widget_type=\"button.default\">\n\t\t\t\t<div class=\"elementor-widget-container\">\n\t\t\t\t\t\t\t\t\t<div class=\"elementor-button-wrapper\">\n\t\t\t\t\t<a class=\"elementor-button elementor-button-link elementor-size-sm\" href=\"https:\/\/investmentvisacn.com\/fr\/nous-contacter\/\">\n\t\t\t\t\t\t<span class=\"elementor-button-content-wrapper\">\n\t\t\t\t\t\t\t\t\t<span class=\"elementor-button-text\">Voir tout<\/span>\n\t\t\t\t\t<\/span>\n\t\t\t\t\t<\/a>\n\t\t\t\t<\/div>\n\t\t\t\t\t\t\t\t<\/div>\n\t\t\t\t<\/div>\n\t\t\t\t\t<\/div>\n\t\t<\/div>\n\t\t\t\t\t<\/div>\n\t\t<\/section>\n\t\t\t\t<\/div>","protected":false},"excerpt":{"rendered":"<p>Italy Residence by Investment Program As a globally recognized tourist destination with major cities including Milan, Rome, and Venice, Italy offers investors access to a strong, well-connected EU market and the many opportunities available in the region. The program has a range of investment options available with varying investment amounts for individuals to choose from, [&hellip;]<\/p>\n","protected":false},"author":1,"featured_media":0,"parent":0,"menu_order":0,"comment_status":"closed","ping_status":"closed","template":"","meta":{"footnotes":""},"class_list":["post-502","page","type-page","status-publish","hentry"],"yoast_head":"<!-- This site is optimized with the Yoast SEO plugin v27.3 - https:\/\/yoast.com\/product\/yoast-seo-wordpress\/ -->\n<title>Golden Visa Italy, Citizenship by investment - Investment Visa CN<\/title>\n<meta name=\"robots\" content=\"index, follow, max-snippet:-1, max-image-preview:large, max-video-preview:-1\" \/>\n<link rel=\"canonical\" href=\"https:\/\/investmentvisacn.com\/fr\/visa-dor-italie-citoyennete-par-linvestissement\/\" \/>\n<meta property=\"og:locale\" content=\"fr_FR\" \/>\n<meta property=\"og:type\" content=\"article\" \/>\n<meta property=\"og:title\" content=\"Golden Visa Italy, Citizenship by investment - Investment Visa CN\" \/>\n<meta property=\"og:description\" content=\"Italy Residence by Investment Program As a globally recognized tourist destination with major cities including Milan, Rome, and Venice, Italy offers investors access to a strong, well-connected EU market and the many opportunities available in the region. The program has a range of investment options available with varying investment amounts for individuals to choose from, [&hellip;]\" \/>\n<meta property=\"og:url\" content=\"https:\/\/investmentvisacn.com\/fr\/visa-dor-italie-citoyennete-par-linvestissement\/\" \/>\n<meta property=\"og:site_name\" content=\"Investment Visa CN\" \/>\n<meta property=\"article:modified_time\" content=\"2024-08-24T15:37:06+00:00\" \/>\n<meta property=\"og:image\" content=\"https:\/\/investmentvisacn.com\/assets\/images\/Vanuatu\/vanuatu-270.jpg\" \/>\n<meta name=\"twitter:card\" content=\"summary_large_image\" \/>\n<meta name=\"twitter:label1\" content=\"Dur\u00e9e de lecture estim\u00e9e\" \/>\n\t<meta name=\"twitter:data1\" content=\"2 minutes\" \/>\n<script type=\"application\/ld+json\" class=\"yoast-schema-graph\">{\"@context\":\"https:\\\/\\\/schema.org\",\"@graph\":[{\"@type\":\"WebPage\",\"@id\":\"https:\\\/\\\/investmentvisacn.com\\\/golden-visa-italy-citizenship-by-investment\\\/\",\"url\":\"https:\\\/\\\/investmentvisacn.com\\\/golden-visa-italy-citizenship-by-investment\\\/\",\"name\":\"Golden Visa Italy, Citizenship by investment - Investment Visa CN\",\"isPartOf\":{\"@id\":\"https:\\\/\\\/investmentvisacn.com\\\/#website\"},\"primaryImageOfPage\":{\"@id\":\"https:\\\/\\\/investmentvisacn.com\\\/golden-visa-italy-citizenship-by-investment\\\/#primaryimage\"},\"image\":{\"@id\":\"https:\\\/\\\/investmentvisacn.com\\\/golden-visa-italy-citizenship-by-investment\\\/#primaryimage\"},\"thumbnailUrl\":\"https:\\\/\\\/investmentvisacn.com\\\/assets\\\/images\\\/Vanuatu\\\/vanuatu-270.jpg\",\"datePublished\":\"2024-08-24T14:54:27+00:00\",\"dateModified\":\"2024-08-24T15:37:06+00:00\",\"breadcrumb\":{\"@id\":\"https:\\\/\\\/investmentvisacn.com\\\/golden-visa-italy-citizenship-by-investment\\\/#breadcrumb\"},\"inLanguage\":\"fr-FR\",\"potentialAction\":[{\"@type\":\"ReadAction\",\"target\":[\"https:\\\/\\\/investmentvisacn.com\\\/golden-visa-italy-citizenship-by-investment\\\/\"]}]},{\"@type\":\"ImageObject\",\"inLanguage\":\"fr-FR\",\"@id\":\"https:\\\/\\\/investmentvisacn.com\\\/golden-visa-italy-citizenship-by-investment\\\/#primaryimage\",\"url\":\"https:\\\/\\\/investmentvisacn.com\\\/assets\\\/images\\\/Vanuatu\\\/vanuatu-270.jpg\",\"contentUrl\":\"https:\\\/\\\/investmentvisacn.com\\\/assets\\\/images\\\/Vanuatu\\\/vanuatu-270.jpg\"},{\"@type\":\"BreadcrumbList\",\"@id\":\"https:\\\/\\\/investmentvisacn.com\\\/golden-visa-italy-citizenship-by-investment\\\/#breadcrumb\",\"itemListElement\":[{\"@type\":\"ListItem\",\"position\":1,\"name\":\"Home\",\"item\":\"https:\\\/\\\/investmentvisacn.com\\\/\"},{\"@type\":\"ListItem\",\"position\":2,\"name\":\"Golden Visa Italy, Citizenship by investment\"}]},{\"@type\":\"WebSite\",\"@id\":\"https:\\\/\\\/investmentvisacn.com\\\/#website\",\"url\":\"https:\\\/\\\/investmentvisacn.com\\\/\",\"name\":\"Investment Visa CN\",\"description\":\"Global Investment &amp; Visa Solutions You Can Trust\",\"publisher\":{\"@id\":\"https:\\\/\\\/investmentvisacn.com\\\/#organization\"},\"potentialAction\":[{\"@type\":\"SearchAction\",\"target\":{\"@type\":\"EntryPoint\",\"urlTemplate\":\"https:\\\/\\\/investmentvisacn.com\\\/?s={search_term_string}\"},\"query-input\":{\"@type\":\"PropertyValueSpecification\",\"valueRequired\":true,\"valueName\":\"search_term_string\"}}],\"inLanguage\":\"fr-FR\"},{\"@type\":\"Organization\",\"@id\":\"https:\\\/\\\/investmentvisacn.com\\\/#organization\",\"name\":\"Investment Visa CN\",\"url\":\"https:\\\/\\\/investmentvisacn.com\\\/\",\"logo\":{\"@type\":\"ImageObject\",\"inLanguage\":\"fr-FR\",\"@id\":\"https:\\\/\\\/investmentvisacn.com\\\/#\\\/schema\\\/logo\\\/image\\\/\",\"url\":\"https:\\\/\\\/investmentvisacn.com\\\/wp-content\\\/uploads\\\/2024\\\/08\\\/universalinvestmentvisa.png\",\"contentUrl\":\"https:\\\/\\\/investmentvisacn.com\\\/wp-content\\\/uploads\\\/2024\\\/08\\\/universalinvestmentvisa.png\",\"width\":180,\"height\":60,\"caption\":\"Investment Visa CN\"},\"image\":{\"@id\":\"https:\\\/\\\/investmentvisacn.com\\\/#\\\/schema\\\/logo\\\/image\\\/\"}}]}<\/script>\n<!-- \/ Yoast SEO plugin. -->","yoast_head_json":{"title":"Golden Visa Italy, Citizenship by investment - Investment Visa CN","robots":{"index":"index","follow":"follow","max-snippet":"max-snippet:-1","max-image-preview":"max-image-preview:large","max-video-preview":"max-video-preview:-1"},"canonical":"https:\/\/investmentvisacn.com\/fr\/visa-dor-italie-citoyennete-par-linvestissement\/","og_locale":"fr_FR","og_type":"article","og_title":"Golden Visa Italy, Citizenship by investment - Investment Visa CN","og_description":"Italy Residence by Investment Program As a globally recognized tourist destination with major cities including Milan, Rome, and Venice, Italy offers investors access to a strong, well-connected EU market and the many opportunities available in the region. The program has a range of investment options available with varying investment amounts for individuals to choose from, [&hellip;]","og_url":"https:\/\/investmentvisacn.com\/fr\/visa-dor-italie-citoyennete-par-linvestissement\/","og_site_name":"Investment Visa CN","article_modified_time":"2024-08-24T15:37:06+00:00","og_image":[{"url":"https:\/\/investmentvisacn.com\/assets\/images\/Vanuatu\/vanuatu-270.jpg","type":"","width":"","height":""}],"twitter_card":"summary_large_image","twitter_misc":{"Dur\u00e9e de lecture estim\u00e9e":"2 minutes"},"schema":{"@context":"https:\/\/schema.org","@graph":[{"@type":"WebPage","@id":"https:\/\/investmentvisacn.com\/golden-visa-italy-citizenship-by-investment\/","url":"https:\/\/investmentvisacn.com\/golden-visa-italy-citizenship-by-investment\/","name":"Golden Visa Italy, Citizenship by investment - Investment Visa CN","isPartOf":{"@id":"https:\/\/investmentvisacn.com\/#website"},"primaryImageOfPage":{"@id":"https:\/\/investmentvisacn.com\/golden-visa-italy-citizenship-by-investment\/#primaryimage"},"image":{"@id":"https:\/\/investmentvisacn.com\/golden-visa-italy-citizenship-by-investment\/#primaryimage"},"thumbnailUrl":"https:\/\/investmentvisacn.com\/assets\/images\/Vanuatu\/vanuatu-270.jpg","datePublished":"2024-08-24T14:54:27+00:00","dateModified":"2024-08-24T15:37:06+00:00","breadcrumb":{"@id":"https:\/\/investmentvisacn.com\/golden-visa-italy-citizenship-by-investment\/#breadcrumb"},"inLanguage":"fr-FR","potentialAction":[{"@type":"ReadAction","target":["https:\/\/investmentvisacn.com\/golden-visa-italy-citizenship-by-investment\/"]}]},{"@type":"ImageObject","inLanguage":"fr-FR","@id":"https:\/\/investmentvisacn.com\/golden-visa-italy-citizenship-by-investment\/#primaryimage","url":"https:\/\/investmentvisacn.com\/assets\/images\/Vanuatu\/vanuatu-270.jpg","contentUrl":"https:\/\/investmentvisacn.com\/assets\/images\/Vanuatu\/vanuatu-270.jpg"},{"@type":"BreadcrumbList","@id":"https:\/\/investmentvisacn.com\/golden-visa-italy-citizenship-by-investment\/#breadcrumb","itemListElement":[{"@type":"ListItem","position":1,"name":"Home","item":"https:\/\/investmentvisacn.com\/"},{"@type":"ListItem","position":2,"name":"Golden Visa Italy, Citizenship by investment"}]},{"@type":"WebSite","@id":"https:\/\/investmentvisacn.com\/#website","url":"https:\/\/investmentvisacn.com\/","name":"Visa d'investissement CN","description":"Des solutions globales d'investissement et de visa auxquelles vous pouvez faire confiance","publisher":{"@id":"https:\/\/investmentvisacn.com\/#organization"},"potentialAction":[{"@type":"SearchAction","target":{"@type":"EntryPoint","urlTemplate":"https:\/\/investmentvisacn.com\/?s={search_term_string}"},"query-input":{"@type":"PropertyValueSpecification","valueRequired":true,"valueName":"search_term_string"}}],"inLanguage":"fr-FR"},{"@type":"Organization","@id":"https:\/\/investmentvisacn.com\/#organization","name":"Visa d'investissement CN","url":"https:\/\/investmentvisacn.com\/","logo":{"@type":"ImageObject","inLanguage":"fr-FR","@id":"https:\/\/investmentvisacn.com\/#\/schema\/logo\/image\/","url":"https:\/\/investmentvisacn.com\/wp-content\/uploads\/2024\/08\/universalinvestmentvisa.png","contentUrl":"https:\/\/investmentvisacn.com\/wp-content\/uploads\/2024\/08\/universalinvestmentvisa.png","width":180,"height":60,"caption":"Investment Visa CN"},"image":{"@id":"https:\/\/investmentvisacn.com\/#\/schema\/logo\/image\/"}}]}},"_links":{"self":[{"href":"https:\/\/investmentvisacn.com\/fr\/wp-json\/wp\/v2\/pages\/502","targetHints":{"allow":["GET"]}}],"collection":[{"href":"https:\/\/investmentvisacn.com\/fr\/wp-json\/wp\/v2\/pages"}],"about":[{"href":"https:\/\/investmentvisacn.com\/fr\/wp-json\/wp\/v2\/types\/page"}],"author":[{"embeddable":true,"href":"https:\/\/investmentvisacn.com\/fr\/wp-json\/wp\/v2\/users\/1"}],"replies":[{"embeddable":true,"href":"https:\/\/investmentvisacn.com\/fr\/wp-json\/wp\/v2\/comments?post=502"}],"version-history":[{"count":4,"href":"https:\/\/investmentvisacn.com\/fr\/wp-json\/wp\/v2\/pages\/502\/revisions"}],"predecessor-version":[{"id":518,"href":"https:\/\/investmentvisacn.com\/fr\/wp-json\/wp\/v2\/pages\/502\/revisions\/518"}],"wp:attachment":[{"href":"https:\/\/investmentvisacn.com\/fr\/wp-json\/wp\/v2\/media?parent=502"}],"curies":[{"name":"wp","href":"https:\/\/api.w.org\/{rel}","templated":true}]}}