{"id":369,"date":"2024-08-15T10:17:49","date_gmt":"2024-08-15T10:17:49","guid":{"rendered":"https:\/\/universalinvestmentvisa.com\/?page_id=369"},"modified":"2024-08-24T20:39:25","modified_gmt":"2024-08-24T20:39:25","slug":"limmigration","status":"publish","type":"page","link":"https:\/\/investmentvisacn.com\/fr\/immigration\/","title":{"rendered":"Immigration par l'investissement"},"content":{"rendered":"<div data-elementor-type=\"wp-page\" data-elementor-id=\"369\" class=\"elementor elementor-369\" data-elementor-post-type=\"page\">\n\t\t\t\t\t\t<section class=\"elementor-section elementor-top-section elementor-element elementor-element-e8fa0cb elementor-section-stretched elementor-section-boxed elementor-section-height-default elementor-section-height-default\" data-id=\"e8fa0cb\" data-element_type=\"section\" data-e-type=\"section\" data-settings=\"{&quot;stretch_section&quot;:&quot;section-stretched&quot;}\">\n\t\t\t\t\t\t<div class=\"elementor-container elementor-column-gap-default\">\n\t\t\t\t\t<div class=\"elementor-column elementor-col-100 elementor-top-column elementor-element elementor-element-def208f\" data-id=\"def208f\" data-element_type=\"column\" data-e-type=\"column\">\n\t\t\t<div class=\"elementor-widget-wrap elementor-element-populated\">\n\t\t\t\t\t\t<div class=\"elementor-element elementor-element-4b6b3b6 elementor-widget elementor-widget-heading\" data-id=\"4b6b3b6\" data-element_type=\"widget\" data-e-type=\"widget\" data-widget_type=\"heading.default\">\n\t\t\t\t<div class=\"elementor-widget-container\">\n\t\t\t\t\t<h2 class=\"elementor-heading-title elementor-size-default\">Immigration par l'investissement<\/h2>\t\t\t\t<\/div>\n\t\t\t\t<\/div>\n\t\t\t\t<div class=\"elementor-element elementor-element-42fb83c elementor-widget elementor-widget-text-editor\" data-id=\"42fb83c\" data-element_type=\"widget\" data-e-type=\"widget\" data-widget_type=\"text-editor.default\">\n\t\t\t\t<div class=\"elementor-widget-container\">\n\t\t\t\t\t\t\t\t\t<div class=\"row\"><div class=\"single-post-contain\"><div class=\"post-head\"><h2 class=\"post-name\" style=\"text-align: center;\">La migration par l'investissement<\/h2><hr \/><\/div><div class=\"post-content\"><p>Migrer de mani\u00e8re permanente est une d\u00e9cision beaucoup plus importante pour le demandeur et sa famille. L'acquisition d'une r\u00e9sidence permanente par le biais d'un investissement signifie souvent le d\u00e9but d'une nouvelle vie dans un nouveau pays. La r\u00e9sidence pour affaires, l'\u00e9ducation et la fiscalit\u00e9 ne sont que quelques-unes des consid\u00e9rations \u00e0 prendre en compte. Parmi les trois cat\u00e9gories de programmes, celle-ci implique g\u00e9n\u00e9ralement un plus grand d\u00e9fi de candidature et une d\u00e9cision finale pour le demandeur. Toutefois, de nombreux programmes de r\u00e9sidence par l'investissement offrent une voie plus douce et plus graduelle vers la migration permanente, avec une approche flexible de la r\u00e9sidence temporaire menant \u00e0 la r\u00e9sidence permanente et \u00e0 la citoyennet\u00e9 potentielle.<\/p><p>Veuillez noter que notre site web reste un guide. Contactez nos conseillers chez Universal investment visa pour obtenir des informations actualis\u00e9es et une \u00e9valuation de votre situation personnelle.<\/p><\/div><\/div><\/div><p>Veuillez noter que notre site web reste un guide. Contactez nos conseillers chez Universal investment visa pour obtenir des informations actualis\u00e9es et une \u00e9valuation de votre situation personnelle.<\/p><h3 class=\"buttons\" style=\"text-align: center;\"><span style=\"color: #ff6600;\"><strong><a class=\"btn btn-bold\" style=\"color: #ff6600;\" href=\"https:\/\/investmentvisacn.com\/fr\/nous-contacter\/\">Contact-Conseiller<\/a><\/strong><\/span><\/h3>\t\t\t\t\t\t\t\t<\/div>\n\t\t\t\t<\/div>\n\t\t\t\t<div class=\"elementor-element elementor-element-17ce2aa elementor-widget elementor-widget-text-editor\" data-id=\"17ce2aa\" data-element_type=\"widget\" data-e-type=\"widget\" data-widget_type=\"text-editor.default\">\n\t\t\t\t<div class=\"elementor-widget-container\">\n\t\t\t\t\t\t\t\t\t<h3 class=\"text-center\" style=\"text-align: center;\">Programmes apparent\u00e9s<\/h3>\t\t\t\t\t\t\t\t<\/div>\n\t\t\t\t<\/div>\n\t\t\t\t<div class=\"elementor-element elementor-element-366c5e2 elementor-widget elementor-widget-text-editor\" data-id=\"366c5e2\" data-element_type=\"widget\" data-e-type=\"widget\" data-widget_type=\"text-editor.default\">\n\t\t\t\t<div class=\"elementor-widget-container\">\n\t\t\t\t\t\t\t\t\t<h3 class=\"main-title\" style=\"text-align: center;\">Derni\u00e8res nouvelles concernant les programmes d'immigration par l'investissement.<\/h3>\t\t\t\t\t\t\t\t<\/div>\n\t\t\t\t<\/div>\n\t\t\t\t<section class=\"elementor-section elementor-inner-section elementor-element elementor-element-d327c87 elementor-section-boxed elementor-section-height-default elementor-section-height-default\" data-id=\"d327c87\" data-element_type=\"section\" data-e-type=\"section\">\n\t\t\t\t\t\t<div class=\"elementor-container elementor-column-gap-default\">\n\t\t\t\t\t<div class=\"elementor-column elementor-col-33 elementor-inner-column elementor-element elementor-element-bf501c2\" data-id=\"bf501c2\" data-element_type=\"column\" data-e-type=\"column\">\n\t\t\t<div class=\"elementor-widget-wrap elementor-element-populated\">\n\t\t\t\t\t\t<div class=\"elementor-element elementor-element-cda638e elementor-widget elementor-widget-text-editor\" data-id=\"cda638e\" data-element_type=\"widget\" data-e-type=\"widget\" data-widget_type=\"text-editor.default\">\n\t\t\t\t<div class=\"elementor-widget-container\">\n\t\t\t\t\t\t\t\t\t<ul><li><div class=\"thumbnail\"><img fetchpriority=\"high\" decoding=\"async\" src=\"https:\/\/investmentvisacn.com\/assets\/images\/United-States\/New-york.jpg\" alt=\"\" width=\"370\" height=\"270\" \/><\/div><div class=\"post-content\"><h4 class=\"post-name\"><a href=\"https:\/\/investmentvisacn.com\/fr\/etats-unis\/\">\u00c9TATS-UNIS<\/a><\/h4><p><a href=\"https:\/\/investmentvisacn.com\/fr\/etats-unis\/\">Min $800 000<\/a><br \/><a href=\"https:\/\/investmentvisacn.com\/fr\/etats-unis\/\">EB5 Approved Investment Full family USA Residency + Green Card<\/a><\/p><div class=\"post-meta\"><a href=\"https:\/\/investmentvisacn.com\/fr\/etats-unis\/\"><img decoding=\"async\" src=\"https:\/\/investmentvisacn.com\/assets\/images\/countries\/usa-100.jpg\" alt=\"\" width=\"28\" height=\"28\" \/>\u00c9TATS-UNIS<\/a><\/div><\/div><\/li><\/ul>\t\t\t\t\t\t\t\t<\/div>\n\t\t\t\t<\/div>\n\t\t\t\t\t<\/div>\n\t\t<\/div>\n\t\t\t\t<div class=\"elementor-column elementor-col-33 elementor-inner-column elementor-element elementor-element-c44ce71\" data-id=\"c44ce71\" data-element_type=\"column\" data-e-type=\"column\">\n\t\t\t<div class=\"elementor-widget-wrap elementor-element-populated\">\n\t\t\t\t\t\t<div class=\"elementor-element elementor-element-4ec6e90 elementor-widget elementor-widget-text-editor\" data-id=\"4ec6e90\" data-element_type=\"widget\" data-e-type=\"widget\" data-widget_type=\"text-editor.default\">\n\t\t\t\t<div class=\"elementor-widget-container\">\n\t\t\t\t\t\t\t\t\t<ul><li><div class=\"thumbnail\"><img decoding=\"async\" src=\"https:\/\/investmentvisacn.com\/assets\/images\/Spain\/spain-01.jpg\" alt=\"\" width=\"370\" height=\"270\" \/><\/div><div class=\"post-content\"><h4 class=\"post-name\"><a href=\"https:\/\/investmentvisacn.com\/fr\/visa-dor-pour-lespagne\/\">Espagne<\/a><\/h4><p><a href=\"https:\/\/investmentvisacn.com\/fr\/visa-dor-pour-lespagne\/\">\u00c0 partir de 500 000 \u20ac + frais Investissement immobilier R\u00e9sidence europ\u00e9enne Espace Schengen de l'UE Voyage<\/a><\/p><div class=\"post-meta\"><a href=\"https:\/\/investmentvisacn.com\/fr\/visa-dor-pour-lespagne\/\"><img loading=\"lazy\" decoding=\"async\" src=\"https:\/\/investmentvisacn.com\/assets\/images\/countries\/spain-50.jpg\" alt=\"\" width=\"28\" height=\"28\" \/>Espagne<\/a><\/div><\/div><\/li><\/ul>\t\t\t\t\t\t\t\t<\/div>\n\t\t\t\t<\/div>\n\t\t\t\t\t<\/div>\n\t\t<\/div>\n\t\t\t\t<div class=\"elementor-column elementor-col-33 elementor-inner-column elementor-element elementor-element-1aaf5e5\" data-id=\"1aaf5e5\" data-element_type=\"column\" data-e-type=\"column\">\n\t\t\t<div class=\"elementor-widget-wrap elementor-element-populated\">\n\t\t\t\t\t\t<div class=\"elementor-element elementor-element-0f2bf40 elementor-widget elementor-widget-text-editor\" data-id=\"0f2bf40\" data-element_type=\"widget\" data-e-type=\"widget\" data-widget_type=\"text-editor.default\">\n\t\t\t\t<div class=\"elementor-widget-container\">\n\t\t\t\t\t\t\t\t\t<ul><li><div class=\"thumbnail\"><img loading=\"lazy\" decoding=\"async\" src=\"https:\/\/investmentvisacn.com\/assets\/images\/our-blog\/Canada-Grants-Visa-Free-Access-to-Three-Caribbean-Nations..-2-462x462.jpg\" alt=\"\" width=\"370\" height=\"270\" \/><\/div><div class=\"post-content\"><h4 class=\"post-name\"><a href=\"https:\/\/investmentvisacn.com\/fr\/citoyennete-canadienne-et-residence-par-linvestissement\/\">Canada<\/a><\/h4><p><a href=\"https:\/\/investmentvisacn.com\/fr\/citoyennete-canadienne-et-residence-par-linvestissement\/\">A partir de $350,000 + frais Investissement commercial R\u00e9sidence permanente canadienne Demander la citoyennet\u00e9 5 ans<\/a><\/p><div class=\"post-meta\"><a href=\"https:\/\/investmentvisacn.com\/fr\/citoyennete-canadienne-et-residence-par-linvestissement\/\"><img loading=\"lazy\" decoding=\"async\" src=\"https:\/\/investmentvisacn.com\/assets\/images\/countries\/canada.jpg\" alt=\"\" width=\"28\" height=\"28\" \/>Canada<\/a><\/div><\/div><\/li><\/ul>\t\t\t\t\t\t\t\t<\/div>\n\t\t\t\t<\/div>\n\t\t\t\t\t<\/div>\n\t\t<\/div>\n\t\t\t\t\t<\/div>\n\t\t<\/section>\n\t\t\t\t<div class=\"elementor-element elementor-element-1330f51 elementor-align-center elementor-widget elementor-widget-button\" data-id=\"1330f51\" data-element_type=\"widget\" data-e-type=\"widget\" data-widget_type=\"button.default\">\n\t\t\t\t<div class=\"elementor-widget-container\">\n\t\t\t\t\t\t\t\t\t<div class=\"elementor-button-wrapper\">\n\t\t\t\t\t<a class=\"elementor-button elementor-button-link elementor-size-sm\" href=\"https:\/\/investmentvisacn.com\/fr\/investissements\/\">\n\t\t\t\t\t\t<span class=\"elementor-button-content-wrapper\">\n\t\t\t\t\t\t\t\t\t<span class=\"elementor-button-text\">Tous<\/span>\n\t\t\t\t\t<\/span>\n\t\t\t\t\t<\/a>\n\t\t\t\t<\/div>\n\t\t\t\t\t\t\t\t<\/div>\n\t\t\t\t<\/div>\n\t\t\t\t\t<\/div>\n\t\t<\/div>\n\t\t\t\t\t<\/div>\n\t\t<\/section>\n\t\t\t\t<\/div>","protected":false},"excerpt":{"rendered":"<p>Immigration by investment Migration through Investment Migrating permanently is a far greater decision for the applicant and their family. The acquisition of permanent residency through investment often means the start of a new life in a new country. Business, education, and tax residency are just some of the considerations. Of the three programme categories this [&hellip;]<\/p>\n","protected":false},"author":1,"featured_media":0,"parent":0,"menu_order":0,"comment_status":"closed","ping_status":"closed","template":"","meta":{"footnotes":""},"class_list":["post-369","page","type-page","status-publish","hentry"],"yoast_head":"<!-- This site is optimized with the Yoast SEO plugin v27.3 - https:\/\/yoast.com\/product\/yoast-seo-wordpress\/ -->\n<title>Immigration by investment - Investment Visa CN<\/title>\n<meta name=\"robots\" content=\"index, follow, max-snippet:-1, max-image-preview:large, max-video-preview:-1\" \/>\n<link rel=\"canonical\" href=\"https:\/\/investmentvisacn.com\/fr\/limmigration\/\" \/>\n<meta property=\"og:locale\" content=\"fr_FR\" \/>\n<meta property=\"og:type\" content=\"article\" \/>\n<meta property=\"og:title\" content=\"Immigration by investment - Investment Visa CN\" \/>\n<meta property=\"og:description\" content=\"Immigration by investment Migration through Investment Migrating permanently is a far greater decision for the applicant and their family. The acquisition of permanent residency through investment often means the start of a new life in a new country. Business, education, and tax residency are just some of the considerations. Of the three programme categories this [&hellip;]\" \/>\n<meta property=\"og:url\" content=\"https:\/\/investmentvisacn.com\/fr\/limmigration\/\" \/>\n<meta property=\"og:site_name\" content=\"Investment Visa CN\" \/>\n<meta property=\"article:modified_time\" content=\"2024-08-24T20:39:25+00:00\" \/>\n<meta property=\"og:image\" content=\"https:\/\/investmentvisacn.com\/assets\/images\/United-States\/New-york.jpg\" \/>\n<meta name=\"twitter:card\" content=\"summary_large_image\" \/>\n<meta name=\"twitter:label1\" content=\"Dur\u00e9e de lecture estim\u00e9e\" \/>\n\t<meta name=\"twitter:data1\" content=\"1 minute\" \/>\n<script type=\"application\/ld+json\" class=\"yoast-schema-graph\">{\"@context\":\"https:\\\/\\\/schema.org\",\"@graph\":[{\"@type\":\"WebPage\",\"@id\":\"https:\\\/\\\/investmentvisacn.com\\\/immigration\\\/\",\"url\":\"https:\\\/\\\/investmentvisacn.com\\\/immigration\\\/\",\"name\":\"Immigration by investment - Investment Visa CN\",\"isPartOf\":{\"@id\":\"https:\\\/\\\/investmentvisacn.com\\\/#website\"},\"primaryImageOfPage\":{\"@id\":\"https:\\\/\\\/investmentvisacn.com\\\/immigration\\\/#primaryimage\"},\"image\":{\"@id\":\"https:\\\/\\\/investmentvisacn.com\\\/immigration\\\/#primaryimage\"},\"thumbnailUrl\":\"https:\\\/\\\/investmentvisacn.com\\\/assets\\\/images\\\/United-States\\\/New-york.jpg\",\"datePublished\":\"2024-08-15T10:17:49+00:00\",\"dateModified\":\"2024-08-24T20:39:25+00:00\",\"breadcrumb\":{\"@id\":\"https:\\\/\\\/investmentvisacn.com\\\/immigration\\\/#breadcrumb\"},\"inLanguage\":\"fr-FR\",\"potentialAction\":[{\"@type\":\"ReadAction\",\"target\":[\"https:\\\/\\\/investmentvisacn.com\\\/immigration\\\/\"]}]},{\"@type\":\"ImageObject\",\"inLanguage\":\"fr-FR\",\"@id\":\"https:\\\/\\\/investmentvisacn.com\\\/immigration\\\/#primaryimage\",\"url\":\"https:\\\/\\\/investmentvisacn.com\\\/assets\\\/images\\\/United-States\\\/New-york.jpg\",\"contentUrl\":\"https:\\\/\\\/investmentvisacn.com\\\/assets\\\/images\\\/United-States\\\/New-york.jpg\"},{\"@type\":\"BreadcrumbList\",\"@id\":\"https:\\\/\\\/investmentvisacn.com\\\/immigration\\\/#breadcrumb\",\"itemListElement\":[{\"@type\":\"ListItem\",\"position\":1,\"name\":\"Home\",\"item\":\"https:\\\/\\\/investmentvisacn.com\\\/\"},{\"@type\":\"ListItem\",\"position\":2,\"name\":\"Immigration by investment\"}]},{\"@type\":\"WebSite\",\"@id\":\"https:\\\/\\\/investmentvisacn.com\\\/#website\",\"url\":\"https:\\\/\\\/investmentvisacn.com\\\/\",\"name\":\"Investment Visa CN\",\"description\":\"Global Investment &amp; Visa Solutions You Can Trust\",\"publisher\":{\"@id\":\"https:\\\/\\\/investmentvisacn.com\\\/#organization\"},\"potentialAction\":[{\"@type\":\"SearchAction\",\"target\":{\"@type\":\"EntryPoint\",\"urlTemplate\":\"https:\\\/\\\/investmentvisacn.com\\\/?s={search_term_string}\"},\"query-input\":{\"@type\":\"PropertyValueSpecification\",\"valueRequired\":true,\"valueName\":\"search_term_string\"}}],\"inLanguage\":\"fr-FR\"},{\"@type\":\"Organization\",\"@id\":\"https:\\\/\\\/investmentvisacn.com\\\/#organization\",\"name\":\"Investment Visa CN\",\"url\":\"https:\\\/\\\/investmentvisacn.com\\\/\",\"logo\":{\"@type\":\"ImageObject\",\"inLanguage\":\"fr-FR\",\"@id\":\"https:\\\/\\\/investmentvisacn.com\\\/#\\\/schema\\\/logo\\\/image\\\/\",\"url\":\"https:\\\/\\\/investmentvisacn.com\\\/wp-content\\\/uploads\\\/2024\\\/08\\\/universalinvestmentvisa.png\",\"contentUrl\":\"https:\\\/\\\/investmentvisacn.com\\\/wp-content\\\/uploads\\\/2024\\\/08\\\/universalinvestmentvisa.png\",\"width\":180,\"height\":60,\"caption\":\"Investment Visa CN\"},\"image\":{\"@id\":\"https:\\\/\\\/investmentvisacn.com\\\/#\\\/schema\\\/logo\\\/image\\\/\"}}]}<\/script>\n<!-- \/ Yoast SEO plugin. -->","yoast_head_json":{"title":"Immigration par l'investissement - Visa d'investissement CN","robots":{"index":"index","follow":"follow","max-snippet":"max-snippet:-1","max-image-preview":"max-image-preview:large","max-video-preview":"max-video-preview:-1"},"canonical":"https:\/\/investmentvisacn.com\/fr\/limmigration\/","og_locale":"fr_FR","og_type":"article","og_title":"Immigration by investment - Investment Visa CN","og_description":"Immigration by investment Migration through Investment Migrating permanently is a far greater decision for the applicant and their family. The acquisition of permanent residency through investment often means the start of a new life in a new country. Business, education, and tax residency are just some of the considerations. Of the three programme categories this [&hellip;]","og_url":"https:\/\/investmentvisacn.com\/fr\/limmigration\/","og_site_name":"Investment Visa CN","article_modified_time":"2024-08-24T20:39:25+00:00","og_image":[{"url":"https:\/\/investmentvisacn.com\/assets\/images\/United-States\/New-york.jpg","type":"","width":"","height":""}],"twitter_card":"summary_large_image","twitter_misc":{"Dur\u00e9e de lecture estim\u00e9e":"1 minute"},"schema":{"@context":"https:\/\/schema.org","@graph":[{"@type":"WebPage","@id":"https:\/\/investmentvisacn.com\/immigration\/","url":"https:\/\/investmentvisacn.com\/immigration\/","name":"Immigration par l'investissement - Visa d'investissement CN","isPartOf":{"@id":"https:\/\/investmentvisacn.com\/#website"},"primaryImageOfPage":{"@id":"https:\/\/investmentvisacn.com\/immigration\/#primaryimage"},"image":{"@id":"https:\/\/investmentvisacn.com\/immigration\/#primaryimage"},"thumbnailUrl":"https:\/\/investmentvisacn.com\/assets\/images\/United-States\/New-york.jpg","datePublished":"2024-08-15T10:17:49+00:00","dateModified":"2024-08-24T20:39:25+00:00","breadcrumb":{"@id":"https:\/\/investmentvisacn.com\/immigration\/#breadcrumb"},"inLanguage":"fr-FR","potentialAction":[{"@type":"ReadAction","target":["https:\/\/investmentvisacn.com\/immigration\/"]}]},{"@type":"ImageObject","inLanguage":"fr-FR","@id":"https:\/\/investmentvisacn.com\/immigration\/#primaryimage","url":"https:\/\/investmentvisacn.com\/assets\/images\/United-States\/New-york.jpg","contentUrl":"https:\/\/investmentvisacn.com\/assets\/images\/United-States\/New-york.jpg"},{"@type":"BreadcrumbList","@id":"https:\/\/investmentvisacn.com\/immigration\/#breadcrumb","itemListElement":[{"@type":"ListItem","position":1,"name":"Home","item":"https:\/\/investmentvisacn.com\/"},{"@type":"ListItem","position":2,"name":"Immigration by investment"}]},{"@type":"WebSite","@id":"https:\/\/investmentvisacn.com\/#website","url":"https:\/\/investmentvisacn.com\/","name":"Visa d'investissement CN","description":"Des solutions globales d'investissement et de visa auxquelles vous pouvez faire confiance","publisher":{"@id":"https:\/\/investmentvisacn.com\/#organization"},"potentialAction":[{"@type":"SearchAction","target":{"@type":"EntryPoint","urlTemplate":"https:\/\/investmentvisacn.com\/?s={search_term_string}"},"query-input":{"@type":"PropertyValueSpecification","valueRequired":true,"valueName":"search_term_string"}}],"inLanguage":"fr-FR"},{"@type":"Organization","@id":"https:\/\/investmentvisacn.com\/#organization","name":"Visa d'investissement CN","url":"https:\/\/investmentvisacn.com\/","logo":{"@type":"ImageObject","inLanguage":"fr-FR","@id":"https:\/\/investmentvisacn.com\/#\/schema\/logo\/image\/","url":"https:\/\/investmentvisacn.com\/wp-content\/uploads\/2024\/08\/universalinvestmentvisa.png","contentUrl":"https:\/\/investmentvisacn.com\/wp-content\/uploads\/2024\/08\/universalinvestmentvisa.png","width":180,"height":60,"caption":"Investment Visa CN"},"image":{"@id":"https:\/\/investmentvisacn.com\/#\/schema\/logo\/image\/"}}]}},"_links":{"self":[{"href":"https:\/\/investmentvisacn.com\/fr\/wp-json\/wp\/v2\/pages\/369","targetHints":{"allow":["GET"]}}],"collection":[{"href":"https:\/\/investmentvisacn.com\/fr\/wp-json\/wp\/v2\/pages"}],"about":[{"href":"https:\/\/investmentvisacn.com\/fr\/wp-json\/wp\/v2\/types\/page"}],"author":[{"embeddable":true,"href":"https:\/\/investmentvisacn.com\/fr\/wp-json\/wp\/v2\/users\/1"}],"replies":[{"embeddable":true,"href":"https:\/\/investmentvisacn.com\/fr\/wp-json\/wp\/v2\/comments?post=369"}],"version-history":[{"count":13,"href":"https:\/\/investmentvisacn.com\/fr\/wp-json\/wp\/v2\/pages\/369\/revisions"}],"predecessor-version":[{"id":573,"href":"https:\/\/investmentvisacn.com\/fr\/wp-json\/wp\/v2\/pages\/369\/revisions\/573"}],"wp:attachment":[{"href":"https:\/\/investmentvisacn.com\/fr\/wp-json\/wp\/v2\/media?parent=369"}],"curies":[{"name":"wp","href":"https:\/\/api.w.org\/{rel}","templated":true}]}}