{"id":315,"date":"2024-08-14T22:02:54","date_gmt":"2024-08-14T22:02:54","guid":{"rendered":"https:\/\/universalinvestmentvisa.com\/?page_id=315"},"modified":"2024-08-24T21:19:29","modified_gmt":"2024-08-24T21:19:29","slug":"a-propos-de-nous","status":"publish","type":"page","link":"https:\/\/investmentvisacn.com\/fr\/about-us\/","title":{"rendered":"A propos de nous"},"content":{"rendered":"<div data-elementor-type=\"wp-page\" data-elementor-id=\"315\" class=\"elementor elementor-315\" data-elementor-post-type=\"page\">\n\t\t\t\t\t\t<section class=\"elementor-section elementor-top-section elementor-element elementor-element-dc1b669 elementor-section-stretched elementor-section-boxed elementor-section-height-default elementor-section-height-default\" data-id=\"dc1b669\" data-element_type=\"section\" data-e-type=\"section\" data-settings=\"{&quot;stretch_section&quot;:&quot;section-stretched&quot;}\">\n\t\t\t\t\t\t<div class=\"elementor-container elementor-column-gap-default\">\n\t\t\t\t\t<div class=\"elementor-column elementor-col-100 elementor-top-column elementor-element elementor-element-52908ad\" data-id=\"52908ad\" data-element_type=\"column\" data-e-type=\"column\">\n\t\t\t<div class=\"elementor-widget-wrap elementor-element-populated\">\n\t\t\t\t\t\t<div class=\"elementor-element elementor-element-d276fec elementor-widget elementor-widget-heading\" data-id=\"d276fec\" data-element_type=\"widget\" data-e-type=\"widget\" data-widget_type=\"heading.default\">\n\t\t\t\t<div class=\"elementor-widget-container\">\n\t\t\t\t\t<h2 class=\"elementor-heading-title elementor-size-default\">\u00c0 propos de -us<\/h2>\t\t\t\t<\/div>\n\t\t\t\t<\/div>\n\t\t\t\t<div class=\"elementor-element elementor-element-742120d elementor-widget elementor-widget-text-editor\" data-id=\"742120d\" data-element_type=\"widget\" data-e-type=\"widget\" data-widget_type=\"text-editor.default\">\n\t\t\t\t<div class=\"elementor-widget-container\">\n\t\t\t\t\t\t\t\t\t<div class=\"post-head\"><h2 class=\"post-name\" style=\"text-align: center;\"><span style=\"color: #000000;\">Pourquoi Universal Investment VISA ?<\/span><\/h2><\/div><div class=\"post-content\"><div><h2 style=\"text-align: center;\"><span style=\"color: #000000;\">Exp\u00e9rience<\/span><\/h2><p><span style=\"color: #000000;\">Avec le visa d'investissement universel, nous nous concentrons uniquement sur la r\u00e9sidence et la citoyennet\u00e9 par le biais de l'investissement. Nous avons conseill\u00e9 plus de 70 000 investisseurs potentiels et nos clients viennent de plus de 150 pays du monde entier, sur les six continents. O\u00f9 que vous soyez dans le monde, nous avons travaill\u00e9 avec de nombreuses personnes dans votre r\u00e9gion.<\/span><\/p><div class=\"desc-expand\"><h4><span style=\"color: #000000;\">Choix<\/span><\/h4><p><span style=\"color: #000000;\">Le visa d'investissement universel offre tous les principaux programmes d'investissement en mati\u00e8re de citoyennet\u00e9 et de r\u00e9sidence. Vous avez donc le choix entre plus de 18 programmes dans le monde entier.<\/span><\/p><\/div><div class=\"desc-expand\"><h3><span style=\"color: #000000;\">Ind\u00e9pendance<\/span><\/h3><p><span style=\"color: #000000;\">Universal Investment Visa est ind\u00e9pendant de tout gouvernement. Cela signifie que nous pouvons vous donner des conseils impartiaux car nous n'avons pas de programme unique \u00e0 \u201cpromouvoir\u201d. Nous sommes r\u00e9glement\u00e9s et approuv\u00e9s par tous les gouvernements n\u00e9cessaires pour promouvoir leurs programmes.<\/span><\/p><\/div><div class=\"desc-expand\"><h3><span style=\"color: #000000;\">Investissement<\/span><\/h3><p><span style=\"color: #000000;\">Nous ne nous concentrons pas uniquement sur le conseil et le traitement des dossiers, comme le font de nombreuses soci\u00e9t\u00e9s juridiques. Nous sommes \u00e9tablis depuis 2002 et conseillons des clients internationaux sur l'investissement \u00e0 l'\u00e9tranger.<\/span><\/p><\/div><div class=\"desc-expand\"><h4><span style=\"color: #000000;\">Confiance<\/span><\/h4><p><span style=\"color: #000000;\">Universal investment visa (UIV USA Ltd) est une soci\u00e9t\u00e9 enregistr\u00e9e aux \u00c9tats-Unis. Nous d\u00e9posons des comptes annuels et nous sommes transparents en ce qui concerne nos affaires financi\u00e8res, comme l'exige la loi sur les soci\u00e9t\u00e9s. Nous ne sommes pas bas\u00e9s dans un paradis fiscal ou dans un r\u00e9gime de soci\u00e9t\u00e9s peu r\u00e9glement\u00e9. Tous nos accords avec les clients sont r\u00e9gis par le droit am\u00e9ricain, ce qui profite \u00e0 nos clients et \u00e0 leur protection.<\/span><\/p><\/div><div class=\"desc-expand\"><h4><span style=\"color: #000000;\">Connexion<\/span><\/h4><p><span style=\"color: #000000;\">En tant qu'entreprise am\u00e9ricaine, nous sommes proches de chaque programme que nous proposons. Nous avons 20 ans d'exp\u00e9rience en Europe o\u00f9 il existe de nombreux programmes attractifs de r\u00e9sidence et de citoyennet\u00e9 bas\u00e9s sur l'investissement immobilier. Les programmes de deuxi\u00e8me passeport des Cara\u00efbes et du Vanuatu sont attrayants en raison de leur lien avec le Commonwealth des \u00c9tats-Unis.<\/span><\/p><\/div><div class=\"desc-expand\"><h4><span style=\"color: #000000;\">Prix<\/span><\/h4><p><span style=\"color: #000000;\">Nous pensons \u00eatre l'entreprise la plus comp\u00e9titive dans le \u201cTop Tier\u201d des entreprises de ce secteur. Essayez-nous. Nous pensons que nos co\u00fbts de conseil et de traitement sont inf\u00e9rieurs \u00e0 ceux de nos concurrents et nous sommes d\u00e9termin\u00e9s \u00e0 \u00e9galer ceux de notre groupe de r\u00e9f\u00e9rence.<\/span><\/p><\/div><\/div><h4><span style=\"color: #000000;\">Confidentialit\u00e9<\/span><\/h4><p><span style=\"color: #000000;\">Universal Investment Visa a trait\u00e9 avec de nombreux investisseurs de haut niveau, fortun\u00e9s et tr\u00e8s fortun\u00e9s du monde entier. En fait, ils viennent de plus de 150 pays diff\u00e9rents. Nous comprenons leurs besoins et leurs pr\u00e9occupations, ainsi que la nature et la confidentialit\u00e9 des informations qui nous sont communiqu\u00e9es.<\/span><\/p><\/div>\t\t\t\t\t\t\t\t<\/div>\n\t\t\t\t<\/div>\n\t\t\t\t<section class=\"elementor-section elementor-inner-section elementor-element elementor-element-0d870ce elementor-section-boxed elementor-section-height-default elementor-section-height-default\" data-id=\"0d870ce\" data-element_type=\"section\" data-e-type=\"section\">\n\t\t\t\t\t\t<div class=\"elementor-container elementor-column-gap-default\">\n\t\t\t\t\t<div class=\"elementor-column elementor-col-25 elementor-inner-column elementor-element elementor-element-b4053a6\" data-id=\"b4053a6\" data-element_type=\"column\" data-e-type=\"column\">\n\t\t\t<div class=\"elementor-widget-wrap elementor-element-populated\">\n\t\t\t\t\t\t<div class=\"elementor-element elementor-element-1c9d131 elementor-widget elementor-widget-text-editor\" data-id=\"1c9d131\" data-element_type=\"widget\" data-e-type=\"widget\" data-widget_type=\"text-editor.default\">\n\t\t\t\t<div class=\"elementor-widget-container\">\n\t\t\t\t\t\t\t\t\t<div class=\"product-thumb\"><img fetchpriority=\"high\" decoding=\"async\" class=\"product-thumnail\" src=\"https:\/\/investmentvisacn.com\/assets\/images\/products\/st-kitts.jpg\" alt=\"dd\" width=\"270\" height=\"270\" \/><\/div><div class=\"info\"><p><b class=\"categories\"><i>Visa d'investissement universel Participez au Forum sur la migration des investissements 2023<\/i><\/b><\/p><h4 class=\"product-title\"><a href=\"https:\/\/investmentvisacn.com\/fr\/citoyennete-autrichienne-et-residence-par-investissement\/\">Cette semaine, Universal Investment Visa a particip\u00e9 au Forum annuel sur la migration des investissements, organis\u00e9 par le Conseil de la migration des investissements, dont l'UIV est membre et notre directeur g\u00e9n\u00e9ral, Paul Williams, membre du comit\u00e9 consultatif.<\/a><\/h4><\/div>\t\t\t\t\t\t\t\t<\/div>\n\t\t\t\t<\/div>\n\t\t\t\t\t<\/div>\n\t\t<\/div>\n\t\t\t\t<div class=\"elementor-column elementor-col-25 elementor-inner-column elementor-element elementor-element-589ddbe\" data-id=\"589ddbe\" data-element_type=\"column\" data-e-type=\"column\">\n\t\t\t<div class=\"elementor-widget-wrap elementor-element-populated\">\n\t\t\t\t\t\t<div class=\"elementor-element elementor-element-3eaf6f6 elementor-widget elementor-widget-text-editor\" data-id=\"3eaf6f6\" data-element_type=\"widget\" data-e-type=\"widget\" data-widget_type=\"text-editor.default\">\n\t\t\t\t<div class=\"elementor-widget-container\">\n\t\t\t\t\t\t\t\t\t<div class=\"product-thumb\"><img decoding=\"async\" class=\"product-thumnail\" src=\"https:\/\/investmentvisacn.com\/assets\/images\/products\/ireland.jpg\" alt=\"dd\" width=\"270\" height=\"270\" \/><\/div><div class=\"info\"><p><b class=\"categories\"><i>Des clients dans plus de 150 pays<\/i><\/b><\/p><h4 class=\"product-title\"><a href=\"https:\/\/investmentvisacn.com\/fr\/investissements\/\">Le visa d'investissement universel a franchi une nouvelle \u00e9tape importante, puisqu'il est d\u00e9sormais vendu dans plus de 150 pays \u00e0 travers le monde. Nos principaux march\u00e9s sont les \u00c9tats-Unis, le Nigeria, l'Afrique du Sud, les \u00c9mirats arabes unis, Hong Kong, Singapour et d'autres encore.<\/a><\/h4><\/div>\t\t\t\t\t\t\t\t<\/div>\n\t\t\t\t<\/div>\n\t\t\t\t\t<\/div>\n\t\t<\/div>\n\t\t\t\t<div class=\"elementor-column elementor-col-25 elementor-inner-column elementor-element elementor-element-55f5684\" data-id=\"55f5684\" data-element_type=\"column\" data-e-type=\"column\">\n\t\t\t<div class=\"elementor-widget-wrap elementor-element-populated\">\n\t\t\t\t\t\t<div class=\"elementor-element elementor-element-20a4ab9 elementor-widget elementor-widget-text-editor\" data-id=\"20a4ab9\" data-element_type=\"widget\" data-e-type=\"widget\" data-widget_type=\"text-editor.default\">\n\t\t\t\t<div class=\"elementor-widget-container\">\n\t\t\t\t\t\t\t\t\t<div class=\"product-thumb\"><a class=\"link-to-product\" href=\"https:\/\/investmentvisacn.com\/fr\/citoyennete-de-saint-kitts\/\"><img decoding=\"async\" class=\"product-thumnail\" src=\"https:\/\/investmentvisacn.com\/assets\/images\/products\/usa.jpg\" alt=\"dd\" width=\"270\" height=\"270\" \/><\/a><\/div><div class=\"info\"><p><b class=\"categories\"><i>Quatre ann\u00e9es cons\u00e9cutives - Financial Times Top 1000 Companies 2023<\/i><\/b><\/p><h4 class=\"product-title\"><a href=\"https:\/\/investmentvisacn.com\/fr\/investissement-dans-le-passeport\/\">Universal investment visa a de nouveau \u00e9t\u00e9 class\u00e9 par le Financial Times dans le \u201dTop 1000 des entreprises europ\u00e9ennes \u00e0 la croissance la plus rapide\u201d pour la quatri\u00e8me ann\u00e9e cons\u00e9cutive, en 2023. La publication annuelle<\/a><\/h4><\/div>\t\t\t\t\t\t\t\t<\/div>\n\t\t\t\t<\/div>\n\t\t\t\t\t<\/div>\n\t\t<\/div>\n\t\t\t\t<div class=\"elementor-column elementor-col-25 elementor-inner-column elementor-element elementor-element-404d988\" data-id=\"404d988\" data-element_type=\"column\" data-e-type=\"column\">\n\t\t\t<div class=\"elementor-widget-wrap elementor-element-populated\">\n\t\t\t\t\t\t<div class=\"elementor-element elementor-element-b6455ca elementor-widget elementor-widget-text-editor\" data-id=\"b6455ca\" data-element_type=\"widget\" data-e-type=\"widget\" data-widget_type=\"text-editor.default\">\n\t\t\t\t<div class=\"elementor-widget-container\">\n\t\t\t\t\t\t\t\t\t<p><a class=\"link-to-product\" style=\"font-size: 16px; background-color: #ffffff;\" href=\"https:\/\/investmentvisacn.com\/fr\/residence-monaco\/\"><img loading=\"lazy\" decoding=\"async\" class=\"product-thumnail\" src=\"https:\/\/investmentvisacn.com\/assets\/images\/products\/portugal-01.jpg\" alt=\"dd\" width=\"270\" height=\"270\" \/><\/a><\/p><div class=\"contain-product layout-default\"><div class=\"info\"><p><b class=\"categories\"><i>Visa universel d'investissement Personnel Investissement Migration Certifi\u00e9<\/i><\/b><\/p><h4 class=\"product-title\"><a href=\"https:\/\/investmentvisacn.com\/fr\/citoyennete-canadienne-et-residence-par-linvestissement\/\">Plusieurs autres membres de notre \u00e9quipe ont travaill\u00e9 dur et ont maintenant obtenu avec succ\u00e8s leur certification en migration d'investissement. Le cours, d\u00e9velopp\u00e9 par l'Invest<\/a><\/h4><\/div><\/div>\t\t\t\t\t\t\t\t<\/div>\n\t\t\t\t<\/div>\n\t\t\t\t\t<\/div>\n\t\t<\/div>\n\t\t\t\t\t<\/div>\n\t\t<\/section>\n\t\t\t\t\t<\/div>\n\t\t<\/div>\n\t\t\t\t\t<\/div>\n\t\t<\/section>\n\t\t\t\t<\/div>","protected":false},"excerpt":{"rendered":"<p>About -us WHY Universal investment VISA Experience With Universal investment visa we focus solely on residency and citizenship through investment. We have advised over 70,000 potential investors and we have clients from more than 150 countries worldwide, across six continents. Wherever you are in the world we have worked with many people in your region. [&hellip;]<\/p>\n","protected":false},"author":1,"featured_media":0,"parent":0,"menu_order":0,"comment_status":"closed","ping_status":"closed","template":"","meta":{"footnotes":""},"class_list":["post-315","page","type-page","status-publish","hentry"],"yoast_head":"<!-- This site is optimized with the Yoast SEO plugin v27.3 - https:\/\/yoast.com\/product\/yoast-seo-wordpress\/ -->\n<title>About us - Investment Visa CN<\/title>\n<meta name=\"robots\" content=\"index, follow, max-snippet:-1, max-image-preview:large, max-video-preview:-1\" \/>\n<link rel=\"canonical\" href=\"https:\/\/investmentvisacn.com\/fr\/a-propos-de-nous\/\" \/>\n<meta property=\"og:locale\" content=\"fr_FR\" \/>\n<meta property=\"og:type\" content=\"article\" \/>\n<meta property=\"og:title\" content=\"About us - Investment Visa CN\" \/>\n<meta property=\"og:description\" content=\"About -us WHY Universal investment VISA Experience With Universal investment visa we focus solely on residency and citizenship through investment. We have advised over 70,000 potential investors and we have clients from more than 150 countries worldwide, across six continents. Wherever you are in the world we have worked with many people in your region. [&hellip;]\" \/>\n<meta property=\"og:url\" content=\"https:\/\/investmentvisacn.com\/fr\/a-propos-de-nous\/\" \/>\n<meta property=\"og:site_name\" content=\"Investment Visa CN\" \/>\n<meta property=\"article:modified_time\" content=\"2024-08-24T21:19:29+00:00\" \/>\n<meta property=\"og:image\" content=\"https:\/\/investmentvisacn.com\/assets\/images\/products\/st-kitts.jpg\" \/>\n<meta name=\"twitter:card\" content=\"summary_large_image\" \/>\n<meta name=\"twitter:label1\" content=\"Dur\u00e9e de lecture estim\u00e9e\" \/>\n\t<meta name=\"twitter:data1\" content=\"2 minutes\" \/>\n<script type=\"application\/ld+json\" class=\"yoast-schema-graph\">{\"@context\":\"https:\\\/\\\/schema.org\",\"@graph\":[{\"@type\":\"WebPage\",\"@id\":\"https:\\\/\\\/investmentvisacn.com\\\/about-us\\\/\",\"url\":\"https:\\\/\\\/investmentvisacn.com\\\/about-us\\\/\",\"name\":\"About us - Investment Visa CN\",\"isPartOf\":{\"@id\":\"https:\\\/\\\/investmentvisacn.com\\\/#website\"},\"primaryImageOfPage\":{\"@id\":\"https:\\\/\\\/investmentvisacn.com\\\/about-us\\\/#primaryimage\"},\"image\":{\"@id\":\"https:\\\/\\\/investmentvisacn.com\\\/about-us\\\/#primaryimage\"},\"thumbnailUrl\":\"https:\\\/\\\/investmentvisacn.com\\\/assets\\\/images\\\/products\\\/st-kitts.jpg\",\"datePublished\":\"2024-08-14T22:02:54+00:00\",\"dateModified\":\"2024-08-24T21:19:29+00:00\",\"breadcrumb\":{\"@id\":\"https:\\\/\\\/investmentvisacn.com\\\/about-us\\\/#breadcrumb\"},\"inLanguage\":\"fr-FR\",\"potentialAction\":[{\"@type\":\"ReadAction\",\"target\":[\"https:\\\/\\\/investmentvisacn.com\\\/about-us\\\/\"]}]},{\"@type\":\"ImageObject\",\"inLanguage\":\"fr-FR\",\"@id\":\"https:\\\/\\\/investmentvisacn.com\\\/about-us\\\/#primaryimage\",\"url\":\"https:\\\/\\\/investmentvisacn.com\\\/assets\\\/images\\\/products\\\/st-kitts.jpg\",\"contentUrl\":\"https:\\\/\\\/investmentvisacn.com\\\/assets\\\/images\\\/products\\\/st-kitts.jpg\"},{\"@type\":\"BreadcrumbList\",\"@id\":\"https:\\\/\\\/investmentvisacn.com\\\/about-us\\\/#breadcrumb\",\"itemListElement\":[{\"@type\":\"ListItem\",\"position\":1,\"name\":\"Home\",\"item\":\"https:\\\/\\\/investmentvisacn.com\\\/\"},{\"@type\":\"ListItem\",\"position\":2,\"name\":\"About us\"}]},{\"@type\":\"WebSite\",\"@id\":\"https:\\\/\\\/investmentvisacn.com\\\/#website\",\"url\":\"https:\\\/\\\/investmentvisacn.com\\\/\",\"name\":\"Investment Visa CN\",\"description\":\"Global Investment &amp; Visa Solutions You Can Trust\",\"publisher\":{\"@id\":\"https:\\\/\\\/investmentvisacn.com\\\/#organization\"},\"potentialAction\":[{\"@type\":\"SearchAction\",\"target\":{\"@type\":\"EntryPoint\",\"urlTemplate\":\"https:\\\/\\\/investmentvisacn.com\\\/?s={search_term_string}\"},\"query-input\":{\"@type\":\"PropertyValueSpecification\",\"valueRequired\":true,\"valueName\":\"search_term_string\"}}],\"inLanguage\":\"fr-FR\"},{\"@type\":\"Organization\",\"@id\":\"https:\\\/\\\/investmentvisacn.com\\\/#organization\",\"name\":\"Investment Visa CN\",\"url\":\"https:\\\/\\\/investmentvisacn.com\\\/\",\"logo\":{\"@type\":\"ImageObject\",\"inLanguage\":\"fr-FR\",\"@id\":\"https:\\\/\\\/investmentvisacn.com\\\/#\\\/schema\\\/logo\\\/image\\\/\",\"url\":\"https:\\\/\\\/investmentvisacn.com\\\/wp-content\\\/uploads\\\/2024\\\/08\\\/universalinvestmentvisa.png\",\"contentUrl\":\"https:\\\/\\\/investmentvisacn.com\\\/wp-content\\\/uploads\\\/2024\\\/08\\\/universalinvestmentvisa.png\",\"width\":180,\"height\":60,\"caption\":\"Investment Visa CN\"},\"image\":{\"@id\":\"https:\\\/\\\/investmentvisacn.com\\\/#\\\/schema\\\/logo\\\/image\\\/\"}}]}<\/script>\n<!-- \/ Yoast SEO plugin. -->","yoast_head_json":{"title":"\u00c0 propos de nous - Investment Visa CN","robots":{"index":"index","follow":"follow","max-snippet":"max-snippet:-1","max-image-preview":"max-image-preview:large","max-video-preview":"max-video-preview:-1"},"canonical":"https:\/\/investmentvisacn.com\/fr\/a-propos-de-nous\/","og_locale":"fr_FR","og_type":"article","og_title":"About us - Investment Visa CN","og_description":"About -us WHY Universal investment VISA Experience With Universal investment visa we focus solely on residency and citizenship through investment. We have advised over 70,000 potential investors and we have clients from more than 150 countries worldwide, across six continents. Wherever you are in the world we have worked with many people in your region. [&hellip;]","og_url":"https:\/\/investmentvisacn.com\/fr\/a-propos-de-nous\/","og_site_name":"Investment Visa CN","article_modified_time":"2024-08-24T21:19:29+00:00","og_image":[{"url":"https:\/\/investmentvisacn.com\/assets\/images\/products\/st-kitts.jpg","type":"","width":"","height":""}],"twitter_card":"summary_large_image","twitter_misc":{"Dur\u00e9e de lecture estim\u00e9e":"2 minutes"},"schema":{"@context":"https:\/\/schema.org","@graph":[{"@type":"WebPage","@id":"https:\/\/investmentvisacn.com\/about-us\/","url":"https:\/\/investmentvisacn.com\/about-us\/","name":"\u00c0 propos de nous - Investment Visa CN","isPartOf":{"@id":"https:\/\/investmentvisacn.com\/#website"},"primaryImageOfPage":{"@id":"https:\/\/investmentvisacn.com\/about-us\/#primaryimage"},"image":{"@id":"https:\/\/investmentvisacn.com\/about-us\/#primaryimage"},"thumbnailUrl":"https:\/\/investmentvisacn.com\/assets\/images\/products\/st-kitts.jpg","datePublished":"2024-08-14T22:02:54+00:00","dateModified":"2024-08-24T21:19:29+00:00","breadcrumb":{"@id":"https:\/\/investmentvisacn.com\/about-us\/#breadcrumb"},"inLanguage":"fr-FR","potentialAction":[{"@type":"ReadAction","target":["https:\/\/investmentvisacn.com\/about-us\/"]}]},{"@type":"ImageObject","inLanguage":"fr-FR","@id":"https:\/\/investmentvisacn.com\/about-us\/#primaryimage","url":"https:\/\/investmentvisacn.com\/assets\/images\/products\/st-kitts.jpg","contentUrl":"https:\/\/investmentvisacn.com\/assets\/images\/products\/st-kitts.jpg"},{"@type":"BreadcrumbList","@id":"https:\/\/investmentvisacn.com\/about-us\/#breadcrumb","itemListElement":[{"@type":"ListItem","position":1,"name":"Home","item":"https:\/\/investmentvisacn.com\/"},{"@type":"ListItem","position":2,"name":"About us"}]},{"@type":"WebSite","@id":"https:\/\/investmentvisacn.com\/#website","url":"https:\/\/investmentvisacn.com\/","name":"Visa d'investissement CN","description":"Des solutions globales d'investissement et de visa auxquelles vous pouvez faire confiance","publisher":{"@id":"https:\/\/investmentvisacn.com\/#organization"},"potentialAction":[{"@type":"SearchAction","target":{"@type":"EntryPoint","urlTemplate":"https:\/\/investmentvisacn.com\/?s={search_term_string}"},"query-input":{"@type":"PropertyValueSpecification","valueRequired":true,"valueName":"search_term_string"}}],"inLanguage":"fr-FR"},{"@type":"Organization","@id":"https:\/\/investmentvisacn.com\/#organization","name":"Visa d'investissement CN","url":"https:\/\/investmentvisacn.com\/","logo":{"@type":"ImageObject","inLanguage":"fr-FR","@id":"https:\/\/investmentvisacn.com\/#\/schema\/logo\/image\/","url":"https:\/\/investmentvisacn.com\/wp-content\/uploads\/2024\/08\/universalinvestmentvisa.png","contentUrl":"https:\/\/investmentvisacn.com\/wp-content\/uploads\/2024\/08\/universalinvestmentvisa.png","width":180,"height":60,"caption":"Investment Visa CN"},"image":{"@id":"https:\/\/investmentvisacn.com\/#\/schema\/logo\/image\/"}}]}},"_links":{"self":[{"href":"https:\/\/investmentvisacn.com\/fr\/wp-json\/wp\/v2\/pages\/315","targetHints":{"allow":["GET"]}}],"collection":[{"href":"https:\/\/investmentvisacn.com\/fr\/wp-json\/wp\/v2\/pages"}],"about":[{"href":"https:\/\/investmentvisacn.com\/fr\/wp-json\/wp\/v2\/types\/page"}],"author":[{"embeddable":true,"href":"https:\/\/investmentvisacn.com\/fr\/wp-json\/wp\/v2\/users\/1"}],"replies":[{"embeddable":true,"href":"https:\/\/investmentvisacn.com\/fr\/wp-json\/wp\/v2\/comments?post=315"}],"version-history":[{"count":11,"href":"https:\/\/investmentvisacn.com\/fr\/wp-json\/wp\/v2\/pages\/315\/revisions"}],"predecessor-version":[{"id":786,"href":"https:\/\/investmentvisacn.com\/fr\/wp-json\/wp\/v2\/pages\/315\/revisions\/786"}],"wp:attachment":[{"href":"https:\/\/investmentvisacn.com\/fr\/wp-json\/wp\/v2\/media?parent=315"}],"curies":[{"name":"wp","href":"https:\/\/api.w.org\/{rel}","templated":true}]}}