{"id":302,"date":"2024-08-14T21:11:50","date_gmt":"2024-08-14T21:11:50","guid":{"rendered":"https:\/\/universalinvestmentvisa.com\/?page_id=302"},"modified":"2024-08-29T12:07:37","modified_gmt":"2024-08-29T12:07:37","slug":"paiement","status":"publish","type":"page","link":"https:\/\/investmentvisacn.com\/fr\/payment\/","title":{"rendered":"Paiement"},"content":{"rendered":"<div data-elementor-type=\"wp-page\" data-elementor-id=\"302\" class=\"elementor elementor-302\" data-elementor-post-type=\"page\">\n\t\t\t\t\t\t<section class=\"elementor-section elementor-top-section elementor-element elementor-element-207c4e5 elementor-section-stretched elementor-section-boxed elementor-section-height-default elementor-section-height-default\" data-id=\"207c4e5\" data-element_type=\"section\" data-e-type=\"section\" data-settings=\"{&quot;stretch_section&quot;:&quot;section-stretched&quot;}\">\n\t\t\t\t\t\t<div class=\"elementor-container elementor-column-gap-default\">\n\t\t\t\t\t<div class=\"elementor-column elementor-col-100 elementor-top-column elementor-element elementor-element-c8017c0\" data-id=\"c8017c0\" data-element_type=\"column\" data-e-type=\"column\">\n\t\t\t<div class=\"elementor-widget-wrap elementor-element-populated\">\n\t\t\t\t\t\t<div class=\"elementor-element elementor-element-56172b8 elementor-widget elementor-widget-heading\" data-id=\"56172b8\" data-element_type=\"widget\" data-e-type=\"widget\" data-widget_type=\"heading.default\">\n\t\t\t\t<div class=\"elementor-widget-container\">\n\t\t\t\t\t<h2 class=\"elementor-heading-title elementor-size-default\">Services de paiement et de livraison<\/h2>\t\t\t\t<\/div>\n\t\t\t\t<\/div>\n\t\t\t\t<div class=\"elementor-element elementor-element-6278a5c elementor-widget elementor-widget-text-editor\" data-id=\"6278a5c\" data-element_type=\"widget\" data-e-type=\"widget\" data-widget_type=\"text-editor.default\">\n\t\t\t\t<div class=\"elementor-widget-container\">\n\t\t\t\t\t\t\t\t\t<div><h2><span style=\"color: #000000;\">Paiement $ Livraison<\/span><\/h2><p><span style=\"color: #000000;\">Pour toutes les r\u00e9servations et livraisons, nous confirmons le pr\u00e9paiement pour proc\u00e9der. Visa offre un large \u00e9ventail de types de cartes de paiement : ( ,cartes de cr\u00e9dit,virement bancaire, GooglePay, Zelle, Venmo, CashApp, Bitcoin et Apple Pay).Cette flexibilit\u00e9, jumel\u00e9e \u00e0 un grand nombre de banques partenaires que qui facilitera le paiement.<\/span><\/p><p><span style=\"color: #000000;\">Une r\u00e9duction de 20 % sera accord\u00e9e pour tout paiement effectu\u00e9 par l'interm\u00e9diaire de<span style=\"color: #ff6600;\">\u00a0<a href=\"http:\/\/Moonpay.com\">crypto-monnaie<\/a> &amp; <a href=\"https:\/\/www.binance.com\/en\">Binance<\/a><\/span><\/span><\/p><\/div><div class=\"post-head\"><h2 class=\"post-name\">\u00a0<\/h2><h2><span style=\"color: #000000;\">Frais de visa - O\u00f9 et comment payer<\/span><\/h2><p><span style=\"color: #000000;\">Lorsque vous demandez un visa, vous devez payer des droits. Ces droits varient en fonction du type de visa demand\u00e9. Renseignez-vous sur les droits de visa en vigueur, o\u00f9 et comment les payer. Lorsque vous faites une demande de visa, vous devez payer des frais avant de d\u00e9poser votre demande afin de pouvoir poursuivre la proc\u00e9dure. Ces droits de visa doivent \u00eatre acquitt\u00e9s, que le visa soit accord\u00e9 ou non. Le montant des droits d\u00e9pend du type de visa demand\u00e9.<\/span><\/p><\/div>\t\t\t\t\t\t\t\t<\/div>\n\t\t\t\t<\/div>\n\t\t\t\t<div class=\"elementor-element elementor-element-7024f5c elementor-widget elementor-widget-text-editor\" data-id=\"7024f5c\" data-element_type=\"widget\" data-e-type=\"widget\" data-widget_type=\"text-editor.default\">\n\t\t\t\t<div class=\"elementor-widget-container\">\n\t\t\t\t\t\t\t\t\t<h2 class=\"text-center\" style=\"text-align: center;\">Programmes<\/h2><p style=\"text-align: center;\"><span style=\"color: #000000;\">Une s\u00e9lection de quelques-uns des<\/span> les programmes que nous proposons.<\/p>\t\t\t\t\t\t\t\t<\/div>\n\t\t\t\t<\/div>\n\t\t\t\t\t<\/div>\n\t\t<\/div>\n\t\t\t\t\t<\/div>\n\t\t<\/section>\n\t\t\t\t<section class=\"elementor-section elementor-top-section elementor-element elementor-element-7f9352c elementor-section-stretched elementor-section-boxed elementor-section-height-default elementor-section-height-default\" data-id=\"7f9352c\" data-element_type=\"section\" data-e-type=\"section\" data-settings=\"{&quot;stretch_section&quot;:&quot;section-stretched&quot;}\">\n\t\t\t\t\t\t<div class=\"elementor-container elementor-column-gap-default\">\n\t\t\t\t\t<div class=\"elementor-column elementor-col-25 elementor-top-column elementor-element elementor-element-8909210\" data-id=\"8909210\" data-element_type=\"column\" data-e-type=\"column\">\n\t\t\t<div class=\"elementor-widget-wrap elementor-element-populated\">\n\t\t\t\t\t\t<div class=\"elementor-element elementor-element-6a72635 elementor-widget elementor-widget-text-editor\" data-id=\"6a72635\" data-element_type=\"widget\" data-e-type=\"widget\" data-widget_type=\"text-editor.default\">\n\t\t\t\t<div class=\"elementor-widget-container\">\n\t\t\t\t\t\t\t\t\t<div class=\"product-thumb\"><a href=\"https:\/\/investmentvisacn.com\/fr\/visa-dor-portugais\/\"><img fetchpriority=\"high\" decoding=\"async\" class=\"product-thumnail\" src=\"https:\/\/investmentvisacn.com\/assets\/images\/products\/portugal-01.jpg\" alt=\"dd\" width=\"270\" height=\"270\" \/><\/a><\/div><div class=\"info\"><p><a href=\"https:\/\/investmentvisacn.com\/fr\/visa-dor-portugais\/\"><span style=\"color: #000000;\"><b class=\"categories\">Portugal<\/b><\/span><\/a><\/p><h4 class=\"product-title\">\u00a0<\/h4><h4><a href=\"https:\/\/investmentvisacn.com\/fr\/visa-dor-portugais\/\">\u00c0 partir de 280 000 \u20ac + frais Investissement immobilier R\u00e9sidence europ\u00e9enne Espace Schengen de l'UE Voyage Demander la citoyennet\u00e9 5 ans<\/a><\/h4><\/div>\t\t\t\t\t\t\t\t<\/div>\n\t\t\t\t<\/div>\n\t\t\t\t\t<\/div>\n\t\t<\/div>\n\t\t\t\t<div class=\"elementor-column elementor-col-25 elementor-top-column elementor-element elementor-element-5f2a438\" data-id=\"5f2a438\" data-element_type=\"column\" data-e-type=\"column\">\n\t\t\t<div class=\"elementor-widget-wrap elementor-element-populated\">\n\t\t\t\t\t\t<div class=\"elementor-element elementor-element-117aeb5 elementor-widget elementor-widget-text-editor\" data-id=\"117aeb5\" data-element_type=\"widget\" data-e-type=\"widget\" data-widget_type=\"text-editor.default\">\n\t\t\t\t<div class=\"elementor-widget-container\">\n\t\t\t\t\t\t\t\t\t<div class=\"product-thumb\"><a href=\"https:\/\/investmentvisacn.com\/fr\/visa-dor-portugais\/\"><img decoding=\"async\" class=\"product-thumnail\" src=\"https:\/\/investmentvisacn.com\/assets\/images\/products\/st-kitts.jpg\" alt=\"dd\" width=\"270\" height=\"270\" \/><\/a><\/div><div class=\"info\"><p><a href=\"https:\/\/investmentvisacn.com\/fr\/citoyennete-de-saint-kitts\/\"><span style=\"color: #000000;\"><b class=\"categories\">Saint-Kitts<\/b><\/span><\/a><\/p><h4 class=\"product-title\"><a href=\"https:\/\/investmentvisacn.com\/fr\/citoyennete-de-saint-kitts\/\">Minimum $250,000 Donation Option immobili\u00e8re Citoyennet\u00e9 et passeport Programme \u00e9tabli de longue date<\/a><\/h4><\/div>\t\t\t\t\t\t\t\t<\/div>\n\t\t\t\t<\/div>\n\t\t\t\t\t<\/div>\n\t\t<\/div>\n\t\t\t\t<div class=\"elementor-column elementor-col-25 elementor-top-column elementor-element elementor-element-43d30d3\" data-id=\"43d30d3\" data-element_type=\"column\" data-e-type=\"column\">\n\t\t\t<div class=\"elementor-widget-wrap elementor-element-populated\">\n\t\t\t\t\t\t<div class=\"elementor-element elementor-element-74353ed elementor-widget elementor-widget-text-editor\" data-id=\"74353ed\" data-element_type=\"widget\" data-e-type=\"widget\" data-widget_type=\"text-editor.default\">\n\t\t\t\t<div class=\"elementor-widget-container\">\n\t\t\t\t\t\t\t\t\t<div class=\"product-thumb\"><a href=\"https:\/\/investmentvisacn.com\/fr\/visa-dor-portugais\/\"><img decoding=\"async\" class=\"product-thumnail\" src=\"https:\/\/investmentvisacn.com\/assets\/images\/products\/st-lucia.jpg\" alt=\"dd\" width=\"270\" height=\"270\" \/><\/a><\/div><div class=\"info\"><p><span style=\"color: #000000;\"><b class=\"categories\">Sainte-Lucie<\/b><\/span><\/p><h4 class=\"product-title\"><a href=\"https:\/\/investmentvisacn.com\/fr\/seychelles\/\">$400,000 Investissement R\u00e9sidence familiale compl\u00e8te Pas d'obligation de r\u00e9sidence Voyage sans visa Passeport europ\u00e9en<\/a><\/h4><\/div>\t\t\t\t\t\t\t\t<\/div>\n\t\t\t\t<\/div>\n\t\t\t\t\t<\/div>\n\t\t<\/div>\n\t\t\t\t<div class=\"elementor-column elementor-col-25 elementor-top-column elementor-element elementor-element-73f232b\" data-id=\"73f232b\" data-element_type=\"column\" data-e-type=\"column\">\n\t\t\t<div class=\"elementor-widget-wrap elementor-element-populated\">\n\t\t\t\t\t\t<div class=\"elementor-element elementor-element-ffb5e4f elementor-widget elementor-widget-text-editor\" data-id=\"ffb5e4f\" data-element_type=\"widget\" data-e-type=\"widget\" data-widget_type=\"text-editor.default\">\n\t\t\t\t<div class=\"elementor-widget-container\">\n\t\t\t\t\t\t\t\t\t<div class=\"product-thumb\"><a href=\"https:\/\/investmentvisacn.com\/fr\/visa-dor-portugais\/\"><img loading=\"lazy\" decoding=\"async\" class=\"product-thumnail\" src=\"https:\/\/investmentvisacn.com\/assets\/images\/products\/Grenada-Hampton-blossom.jpg\" alt=\"dd\" width=\"270\" height=\"270\" \/><\/a><\/div><div class=\"info\"><p><span style=\"color: #000000;\"><b class=\"categories\">Grenade<\/b><\/span><\/p><h4 class=\"product-title\"><a href=\"https:\/\/investmentvisacn.com\/fr\/citoyennete-grenadine\/\">Minimum $150,000 Donation Option immobili\u00e8re Citoyennet\u00e9 &amp; Passeport E2 USA Visa Potentiel<\/a><\/h4><\/div>\t\t\t\t\t\t\t\t<\/div>\n\t\t\t\t<\/div>\n\t\t\t\t\t<\/div>\n\t\t<\/div>\n\t\t\t\t\t<\/div>\n\t\t<\/section>\n\t\t\t\t<\/div>","protected":false},"excerpt":{"rendered":"<p>Payment &amp; Delivery Services Payment $ Delivery For all reservations and deliveries we confirm prepayment to proceed. Visa offers a wide range of payment card types: ( ,Credit cards,Bank wire, GooglePay, Zelle,\u00a0Venmo,\u00a0CashApp, Bitcoin and Apple Pay).This flexibility, paired with a large number of partner banks that that will fascilitate the payment. There will be a [&hellip;]<\/p>\n","protected":false},"author":1,"featured_media":0,"parent":0,"menu_order":0,"comment_status":"closed","ping_status":"closed","template":"","meta":{"footnotes":""},"class_list":["post-302","page","type-page","status-publish","hentry"],"yoast_head":"<!-- This site is optimized with the Yoast SEO plugin v27.6 - https:\/\/yoast.com\/product\/yoast-seo-wordpress\/ -->\n<title>Payment - Investment Visa CN<\/title>\n<meta name=\"robots\" content=\"index, follow, max-snippet:-1, max-image-preview:large, max-video-preview:-1\" \/>\n<link rel=\"canonical\" href=\"https:\/\/investmentvisacn.com\/fr\/paiement\/\" \/>\n<meta property=\"og:locale\" content=\"fr_FR\" \/>\n<meta property=\"og:type\" content=\"article\" \/>\n<meta property=\"og:title\" content=\"Payment - Investment Visa CN\" \/>\n<meta property=\"og:description\" content=\"Payment &amp; Delivery Services Payment $ Delivery For all reservations and deliveries we confirm prepayment to proceed. Visa offers a wide range of payment card types: ( ,Credit cards,Bank wire, GooglePay, Zelle,\u00a0Venmo,\u00a0CashApp, Bitcoin and Apple Pay).This flexibility, paired with a large number of partner banks that that will fascilitate the payment. There will be a [&hellip;]\" \/>\n<meta property=\"og:url\" content=\"https:\/\/investmentvisacn.com\/fr\/paiement\/\" \/>\n<meta property=\"og:site_name\" content=\"Investment Visa CN\" \/>\n<meta property=\"article:modified_time\" content=\"2024-08-29T12:07:37+00:00\" \/>\n<meta property=\"og:image\" content=\"https:\/\/investmentvisacn.com\/assets\/images\/products\/portugal-01.jpg\" \/>\n<meta name=\"twitter:card\" content=\"summary_large_image\" \/>\n<meta name=\"twitter:label1\" content=\"Dur\u00e9e de lecture estim\u00e9e\" \/>\n\t<meta name=\"twitter:data1\" content=\"1 minute\" \/>\n<script type=\"application\/ld+json\" class=\"yoast-schema-graph\">{\"@context\":\"https:\\\/\\\/schema.org\",\"@graph\":[{\"@type\":\"WebPage\",\"@id\":\"https:\\\/\\\/investmentvisacn.com\\\/payment\\\/\",\"url\":\"https:\\\/\\\/investmentvisacn.com\\\/payment\\\/\",\"name\":\"Payment - Investment Visa CN\",\"isPartOf\":{\"@id\":\"https:\\\/\\\/investmentvisacn.com\\\/#website\"},\"primaryImageOfPage\":{\"@id\":\"https:\\\/\\\/investmentvisacn.com\\\/payment\\\/#primaryimage\"},\"image\":{\"@id\":\"https:\\\/\\\/investmentvisacn.com\\\/payment\\\/#primaryimage\"},\"thumbnailUrl\":\"https:\\\/\\\/investmentvisacn.com\\\/assets\\\/images\\\/products\\\/portugal-01.jpg\",\"datePublished\":\"2024-08-14T21:11:50+00:00\",\"dateModified\":\"2024-08-29T12:07:37+00:00\",\"breadcrumb\":{\"@id\":\"https:\\\/\\\/investmentvisacn.com\\\/payment\\\/#breadcrumb\"},\"inLanguage\":\"fr-FR\",\"potentialAction\":[{\"@type\":\"ReadAction\",\"target\":[\"https:\\\/\\\/investmentvisacn.com\\\/payment\\\/\"]}]},{\"@type\":\"ImageObject\",\"inLanguage\":\"fr-FR\",\"@id\":\"https:\\\/\\\/investmentvisacn.com\\\/payment\\\/#primaryimage\",\"url\":\"https:\\\/\\\/investmentvisacn.com\\\/assets\\\/images\\\/products\\\/portugal-01.jpg\",\"contentUrl\":\"https:\\\/\\\/investmentvisacn.com\\\/assets\\\/images\\\/products\\\/portugal-01.jpg\"},{\"@type\":\"BreadcrumbList\",\"@id\":\"https:\\\/\\\/investmentvisacn.com\\\/payment\\\/#breadcrumb\",\"itemListElement\":[{\"@type\":\"ListItem\",\"position\":1,\"name\":\"Home\",\"item\":\"https:\\\/\\\/investmentvisacn.com\\\/\"},{\"@type\":\"ListItem\",\"position\":2,\"name\":\"Payment\"}]},{\"@type\":\"WebSite\",\"@id\":\"https:\\\/\\\/investmentvisacn.com\\\/#website\",\"url\":\"https:\\\/\\\/investmentvisacn.com\\\/\",\"name\":\"Investment Visa CN\",\"description\":\"Global Investment &amp; Visa Solutions You Can Trust\",\"publisher\":{\"@id\":\"https:\\\/\\\/investmentvisacn.com\\\/#organization\"},\"potentialAction\":[{\"@type\":\"SearchAction\",\"target\":{\"@type\":\"EntryPoint\",\"urlTemplate\":\"https:\\\/\\\/investmentvisacn.com\\\/?s={search_term_string}\"},\"query-input\":{\"@type\":\"PropertyValueSpecification\",\"valueRequired\":true,\"valueName\":\"search_term_string\"}}],\"inLanguage\":\"fr-FR\"},{\"@type\":\"Organization\",\"@id\":\"https:\\\/\\\/investmentvisacn.com\\\/#organization\",\"name\":\"Investment Visa CN\",\"url\":\"https:\\\/\\\/investmentvisacn.com\\\/\",\"logo\":{\"@type\":\"ImageObject\",\"inLanguage\":\"fr-FR\",\"@id\":\"https:\\\/\\\/investmentvisacn.com\\\/#\\\/schema\\\/logo\\\/image\\\/\",\"url\":\"https:\\\/\\\/investmentvisacn.com\\\/wp-content\\\/uploads\\\/2024\\\/08\\\/universalinvestmentvisa.png\",\"contentUrl\":\"https:\\\/\\\/investmentvisacn.com\\\/wp-content\\\/uploads\\\/2024\\\/08\\\/universalinvestmentvisa.png\",\"width\":180,\"height\":60,\"caption\":\"Investment Visa CN\"},\"image\":{\"@id\":\"https:\\\/\\\/investmentvisacn.com\\\/#\\\/schema\\\/logo\\\/image\\\/\"}}]}<\/script>\n<!-- \/ Yoast SEO plugin. -->","yoast_head_json":{"title":"Paiement - Visa d'investissement CN","robots":{"index":"index","follow":"follow","max-snippet":"max-snippet:-1","max-image-preview":"max-image-preview:large","max-video-preview":"max-video-preview:-1"},"canonical":"https:\/\/investmentvisacn.com\/fr\/paiement\/","og_locale":"fr_FR","og_type":"article","og_title":"Payment - Investment Visa CN","og_description":"Payment &amp; Delivery Services Payment $ Delivery For all reservations and deliveries we confirm prepayment to proceed. Visa offers a wide range of payment card types: ( ,Credit cards,Bank wire, GooglePay, Zelle,\u00a0Venmo,\u00a0CashApp, Bitcoin and Apple Pay).This flexibility, paired with a large number of partner banks that that will fascilitate the payment. There will be a [&hellip;]","og_url":"https:\/\/investmentvisacn.com\/fr\/paiement\/","og_site_name":"Investment Visa CN","article_modified_time":"2024-08-29T12:07:37+00:00","og_image":[{"url":"https:\/\/investmentvisacn.com\/assets\/images\/products\/portugal-01.jpg","type":"","width":"","height":""}],"twitter_card":"summary_large_image","twitter_misc":{"Dur\u00e9e de lecture estim\u00e9e":"1 minute"},"schema":{"@context":"https:\/\/schema.org","@graph":[{"@type":"WebPage","@id":"https:\/\/investmentvisacn.com\/payment\/","url":"https:\/\/investmentvisacn.com\/payment\/","name":"Paiement - Visa d'investissement CN","isPartOf":{"@id":"https:\/\/investmentvisacn.com\/#website"},"primaryImageOfPage":{"@id":"https:\/\/investmentvisacn.com\/payment\/#primaryimage"},"image":{"@id":"https:\/\/investmentvisacn.com\/payment\/#primaryimage"},"thumbnailUrl":"https:\/\/investmentvisacn.com\/assets\/images\/products\/portugal-01.jpg","datePublished":"2024-08-14T21:11:50+00:00","dateModified":"2024-08-29T12:07:37+00:00","breadcrumb":{"@id":"https:\/\/investmentvisacn.com\/payment\/#breadcrumb"},"inLanguage":"fr-FR","potentialAction":[{"@type":"ReadAction","target":["https:\/\/investmentvisacn.com\/payment\/"]}]},{"@type":"ImageObject","inLanguage":"fr-FR","@id":"https:\/\/investmentvisacn.com\/payment\/#primaryimage","url":"https:\/\/investmentvisacn.com\/assets\/images\/products\/portugal-01.jpg","contentUrl":"https:\/\/investmentvisacn.com\/assets\/images\/products\/portugal-01.jpg"},{"@type":"BreadcrumbList","@id":"https:\/\/investmentvisacn.com\/payment\/#breadcrumb","itemListElement":[{"@type":"ListItem","position":1,"name":"Home","item":"https:\/\/investmentvisacn.com\/"},{"@type":"ListItem","position":2,"name":"Payment"}]},{"@type":"WebSite","@id":"https:\/\/investmentvisacn.com\/#website","url":"https:\/\/investmentvisacn.com\/","name":"Visa d'investissement CN","description":"Des solutions globales d'investissement et de visa auxquelles vous pouvez faire confiance","publisher":{"@id":"https:\/\/investmentvisacn.com\/#organization"},"potentialAction":[{"@type":"SearchAction","target":{"@type":"EntryPoint","urlTemplate":"https:\/\/investmentvisacn.com\/?s={search_term_string}"},"query-input":{"@type":"PropertyValueSpecification","valueRequired":true,"valueName":"search_term_string"}}],"inLanguage":"fr-FR"},{"@type":"Organization","@id":"https:\/\/investmentvisacn.com\/#organization","name":"Visa d'investissement CN","url":"https:\/\/investmentvisacn.com\/","logo":{"@type":"ImageObject","inLanguage":"fr-FR","@id":"https:\/\/investmentvisacn.com\/#\/schema\/logo\/image\/","url":"https:\/\/investmentvisacn.com\/wp-content\/uploads\/2024\/08\/universalinvestmentvisa.png","contentUrl":"https:\/\/investmentvisacn.com\/wp-content\/uploads\/2024\/08\/universalinvestmentvisa.png","width":180,"height":60,"caption":"Investment Visa CN"},"image":{"@id":"https:\/\/investmentvisacn.com\/#\/schema\/logo\/image\/"}}]}},"_links":{"self":[{"href":"https:\/\/investmentvisacn.com\/fr\/wp-json\/wp\/v2\/pages\/302","targetHints":{"allow":["GET"]}}],"collection":[{"href":"https:\/\/investmentvisacn.com\/fr\/wp-json\/wp\/v2\/pages"}],"about":[{"href":"https:\/\/investmentvisacn.com\/fr\/wp-json\/wp\/v2\/types\/page"}],"author":[{"embeddable":true,"href":"https:\/\/investmentvisacn.com\/fr\/wp-json\/wp\/v2\/users\/1"}],"replies":[{"embeddable":true,"href":"https:\/\/investmentvisacn.com\/fr\/wp-json\/wp\/v2\/comments?post=302"}],"version-history":[{"count":16,"href":"https:\/\/investmentvisacn.com\/fr\/wp-json\/wp\/v2\/pages\/302\/revisions"}],"predecessor-version":[{"id":606,"href":"https:\/\/investmentvisacn.com\/fr\/wp-json\/wp\/v2\/pages\/302\/revisions\/606"}],"wp:attachment":[{"href":"https:\/\/investmentvisacn.com\/fr\/wp-json\/wp\/v2\/media?parent=302"}],"curies":[{"name":"wp","href":"https:\/\/api.w.org\/{rel}","templated":true}]}}