{"id":282,"date":"2024-08-13T21:46:39","date_gmt":"2024-08-13T21:46:39","guid":{"rendered":"https:\/\/universalinvestmentvisa.com\/?page_id=282"},"modified":"2024-08-21T16:11:00","modified_gmt":"2024-08-21T16:11:00","slug":"citoyennete-canadienne-et-residence-par-linvestissement","status":"publish","type":"page","link":"https:\/\/investmentvisacn.com\/fr\/canada-citizenship-and-residency-by-investment\/","title":{"rendered":"Citoyennet\u00e9 et r\u00e9sidence au Canada par l'investissement"},"content":{"rendered":"<h2 class=\"wp-block-heading\">R\u00c9SIDENCE AU CANADA PAR INVESTISSEMENT<\/h2>\n\n\n\n<p>Le Canada a une longue tradition de programmes de r\u00e9sidence par investissement, tant au niveau f\u00e9d\u00e9ral que provincial. Le Programme des investisseurs du Qu\u00e9bec, qui a \u00e9t\u00e9 suspendu \u00e0 partir de 2021 et n'accepte plus de nouvelles demandes, \u00e9tait un programme populaire qui permettait aux personnes fortun\u00e9es d'obtenir la r\u00e9sidence permanente dans la province de Qu\u00e9bec en \u00e9change d'un investissement minimum de 1,2 million de dollars canadiens pour une p\u00e9riode de cinq ans. D'autres provinces, telles que la Colombie-Britannique et l'Ontario, ont leurs propres programmes de candidats provinciaux (PCP) qui permettent aux ressortissants \u00e9trangers d'obtenir la r\u00e9sidence permanente au Canada en investissant dans des entreprises ou en cr\u00e9ant des emplois dans ces provinces. \u00c0 l'heure actuelle, le programme le plus attrayant et le moins exigeant en termes d'investissement est le programme canadien SUV.<\/p>\n\n\n\n<h2 class=\"wp-block-heading\">Citoyennet\u00e9 canadienne par l'investissement<\/h2>\n\n\n\n<p>La citoyennet\u00e9 par l'investissement est possible au Canada, mais les candidats doivent d'abord r\u00e9sider au Canada pendant un certain temps avant de pouvoir d\u00e9poser leur demande. Il n'existe pas de programme direct de citoyennet\u00e9 canadienne par l'investissement.<\/p>\n\n\n\n<p>A partir de $350k + frais<\/p>\n\n\n\n<p>Investissement des entreprises<\/p>\n\n\n\n<p>R\u00e9sidence permanente pour toute la famille<\/p>\n\n\n\n<p>Vivre, travailler, \u00e9tudier<\/p>\n\n\n\n<p>Citoyennet\u00e9 depuis 5 ans<\/p>\n\n\n\n<h2 class=\"wp-block-heading\">PROGRAMME CANADIEN DE VISAS POUR JEUNES ENTREPRISES<\/h2>\n\n\n\n<p>Le programme canadien de visas pour jeunes entreprises (SUV) s'adresse aux entrepreneurs immigr\u00e9s ayant les comp\u00e9tences et le potentiel n\u00e9cessaires pour cr\u00e9er au Canada des entreprises innovantes susceptibles de cr\u00e9er des emplois pour les Canadiens et d'\u00eatre comp\u00e9titives \u00e0 l'\u00e9chelle mondiale. Les candidats \u00e9ligibles doivent investir typiquement $350 000 CAD dans une \u201corganisation d\u00e9sign\u00e9e autoris\u00e9e\u201d canadienne. Les investisseurs accr\u00e9dit\u00e9s doivent \u00e9galement d\u00e9montrer leur valeur nette avec un revenu d'au moins $200,000 ou la preuve de $1,000,000 d'actifs financiers.<\/p>\n\n\n\n<p>Le programme SUV offre une voie d'immigration rapide et rentable au Canada qui permet d'obtenir la r\u00e9sidence permanente (RP). Contrairement \u00e0 d'autres voies d'immigration commerciale, le statut de RP n'est pas li\u00e9 au succ\u00e8s de l'entreprise.<\/p>\n\n\n\n<p>Les investisseurs peuvent inclure leur conjoint et leurs enfants \u00e2g\u00e9s de 21 ans ou moins. Les candidats retenus peuvent vivre n'importe o\u00f9 au Canada, \u00e0 l'exception de la province du Qu\u00e9bec. Ce programme ne prend que 12 \u00e0 18 mois.<\/p>\n\n\n\n<h2 class=\"wp-block-heading\">R\u00c9SIDENCE PERMANENTE ET CITOYENNET\u00c9 CANADIENNE<\/h2>\n\n\n\n<p>Si leur demande est accept\u00e9e, les investisseurs et leur famille obtiendront le statut de r\u00e9sident permanent d\u00e8s le premier jour. Les investisseurs doivent r\u00e9sider au Canada pendant 730 jours (deux ans) au cours d'une p\u00e9riode de cinq ans pour conserver le statut de r\u00e9sident permanent. Si les investisseurs vivent au Canada pendant trois des cinq ann\u00e9es (1 095 jours), il est alors possible de demander la citoyennet\u00e9 canadienne. Les candidats \u00e0 la citoyennet\u00e9 doivent d\u00e9montrer qu'ils ont une connaissance suffisante de l'anglais et\/ou du fran\u00e7ais et qu'ils n'ont pas de casier judiciaire.<\/p>\n\n\n\n<p><a href=\"https:\/\/investmentvisacn.com\/fr\/nous-contacter\/\">Contact-Conseiller<\/a><\/p>\n\n\n\n<h2 class=\"wp-block-heading\">Votre devis gratuit<\/h2>\n\n\n\n<p>FAQ sur le visa d'or canadien<\/p>\n\n\n\n<hr class=\"wp-block-separator has-alpha-channel-opacity\"\/>\n\n\n\n<hr class=\"wp-block-separator has-alpha-channel-opacity\"\/>\n\n\n\n<hr class=\"wp-block-separator has-alpha-channel-opacity\"\/>\n\n\n\n<hr class=\"wp-block-separator has-alpha-channel-opacity\"\/>\n\n\n\n<hr class=\"wp-block-separator has-alpha-channel-opacity\"\/>\n\n\n\n<ul class=\"wp-block-list\">\n<li>Est-il possible d'obtenir la citoyennet\u00e9 canadienne en investissant ?<\/li>\n\n\n\n<li>Combien faut-il investir au Canada pour obtenir la citoyennet\u00e9 ?<\/li>\n\n\n\n<li>Quels sont les programmes de visa d'investisseur pour le Canada ?<\/li>\n\n\n\n<li>Puis-je obtenir la r\u00e9sidence au Canada en investissant dans l'immobilier ?<\/li>\n<\/ul>","protected":false},"excerpt":{"rendered":"<p>CANADA RESIDENCY BY INVESTMENT Canada has a history of residency by investment programs at both the federal and provincial levels. The Quebec Investor Program, which has been suspended as of 2021 and is not currently accepting new applications, was a popular program that allowed high net worth individuals to obtain permanent residency in the province [&hellip;]<\/p>\n","protected":false},"author":1,"featured_media":0,"parent":0,"menu_order":0,"comment_status":"closed","ping_status":"closed","template":"","meta":{"footnotes":""},"class_list":["post-282","page","type-page","status-publish","hentry"],"yoast_head":"<!-- This site is optimized with the Yoast SEO plugin v27.3 - https:\/\/yoast.com\/product\/yoast-seo-wordpress\/ -->\n<title>Canada Citizenship and Residency by Investment - Investment Visa CN<\/title>\n<meta name=\"robots\" content=\"index, follow, max-snippet:-1, max-image-preview:large, max-video-preview:-1\" \/>\n<link rel=\"canonical\" href=\"https:\/\/investmentvisacn.com\/fr\/citoyennete-canadienne-et-residence-par-linvestissement\/\" \/>\n<meta property=\"og:locale\" content=\"fr_FR\" \/>\n<meta property=\"og:type\" content=\"article\" \/>\n<meta property=\"og:title\" content=\"Canada Citizenship and Residency by Investment - Investment Visa CN\" \/>\n<meta property=\"og:description\" content=\"CANADA RESIDENCY BY INVESTMENT Canada has a history of residency by investment programs at both the federal and provincial levels. The Quebec Investor Program, which has been suspended as of 2021 and is not currently accepting new applications, was a popular program that allowed high net worth individuals to obtain permanent residency in the province [&hellip;]\" \/>\n<meta property=\"og:url\" content=\"https:\/\/investmentvisacn.com\/fr\/citoyennete-canadienne-et-residence-par-linvestissement\/\" \/>\n<meta property=\"og:site_name\" content=\"Investment Visa CN\" \/>\n<meta property=\"article:modified_time\" content=\"2024-08-21T16:11:00+00:00\" \/>\n<meta name=\"twitter:card\" content=\"summary_large_image\" \/>\n<meta name=\"twitter:label1\" content=\"Dur\u00e9e de lecture estim\u00e9e\" \/>\n\t<meta name=\"twitter:data1\" content=\"2 minutes\" \/>\n<script type=\"application\/ld+json\" class=\"yoast-schema-graph\">{\"@context\":\"https:\\\/\\\/schema.org\",\"@graph\":[{\"@type\":\"WebPage\",\"@id\":\"https:\\\/\\\/investmentvisacn.com\\\/canada-citizenship-and-residency-by-investment\\\/\",\"url\":\"https:\\\/\\\/investmentvisacn.com\\\/canada-citizenship-and-residency-by-investment\\\/\",\"name\":\"Canada Citizenship and Residency by Investment - Investment Visa CN\",\"isPartOf\":{\"@id\":\"https:\\\/\\\/investmentvisacn.com\\\/#website\"},\"datePublished\":\"2024-08-13T21:46:39+00:00\",\"dateModified\":\"2024-08-21T16:11:00+00:00\",\"breadcrumb\":{\"@id\":\"https:\\\/\\\/investmentvisacn.com\\\/canada-citizenship-and-residency-by-investment\\\/#breadcrumb\"},\"inLanguage\":\"fr-FR\",\"potentialAction\":[{\"@type\":\"ReadAction\",\"target\":[\"https:\\\/\\\/investmentvisacn.com\\\/canada-citizenship-and-residency-by-investment\\\/\"]}]},{\"@type\":\"BreadcrumbList\",\"@id\":\"https:\\\/\\\/investmentvisacn.com\\\/canada-citizenship-and-residency-by-investment\\\/#breadcrumb\",\"itemListElement\":[{\"@type\":\"ListItem\",\"position\":1,\"name\":\"Home\",\"item\":\"https:\\\/\\\/investmentvisacn.com\\\/\"},{\"@type\":\"ListItem\",\"position\":2,\"name\":\"Canada Citizenship and Residency by Investment\"}]},{\"@type\":\"WebSite\",\"@id\":\"https:\\\/\\\/investmentvisacn.com\\\/#website\",\"url\":\"https:\\\/\\\/investmentvisacn.com\\\/\",\"name\":\"Investment Visa CN\",\"description\":\"Global Investment &amp; Visa Solutions You Can Trust\",\"publisher\":{\"@id\":\"https:\\\/\\\/investmentvisacn.com\\\/#organization\"},\"potentialAction\":[{\"@type\":\"SearchAction\",\"target\":{\"@type\":\"EntryPoint\",\"urlTemplate\":\"https:\\\/\\\/investmentvisacn.com\\\/?s={search_term_string}\"},\"query-input\":{\"@type\":\"PropertyValueSpecification\",\"valueRequired\":true,\"valueName\":\"search_term_string\"}}],\"inLanguage\":\"fr-FR\"},{\"@type\":\"Organization\",\"@id\":\"https:\\\/\\\/investmentvisacn.com\\\/#organization\",\"name\":\"Investment Visa CN\",\"url\":\"https:\\\/\\\/investmentvisacn.com\\\/\",\"logo\":{\"@type\":\"ImageObject\",\"inLanguage\":\"fr-FR\",\"@id\":\"https:\\\/\\\/investmentvisacn.com\\\/#\\\/schema\\\/logo\\\/image\\\/\",\"url\":\"https:\\\/\\\/investmentvisacn.com\\\/wp-content\\\/uploads\\\/2024\\\/08\\\/universalinvestmentvisa.png\",\"contentUrl\":\"https:\\\/\\\/investmentvisacn.com\\\/wp-content\\\/uploads\\\/2024\\\/08\\\/universalinvestmentvisa.png\",\"width\":180,\"height\":60,\"caption\":\"Investment Visa CN\"},\"image\":{\"@id\":\"https:\\\/\\\/investmentvisacn.com\\\/#\\\/schema\\\/logo\\\/image\\\/\"}}]}<\/script>\n<!-- \/ Yoast SEO plugin. -->","yoast_head_json":{"title":"Citoyennet\u00e9 et r\u00e9sidence au Canada par investissement - Visa d'investissement CN","robots":{"index":"index","follow":"follow","max-snippet":"max-snippet:-1","max-image-preview":"max-image-preview:large","max-video-preview":"max-video-preview:-1"},"canonical":"https:\/\/investmentvisacn.com\/fr\/citoyennete-canadienne-et-residence-par-linvestissement\/","og_locale":"fr_FR","og_type":"article","og_title":"Canada Citizenship and Residency by Investment - Investment Visa CN","og_description":"CANADA RESIDENCY BY INVESTMENT Canada has a history of residency by investment programs at both the federal and provincial levels. The Quebec Investor Program, which has been suspended as of 2021 and is not currently accepting new applications, was a popular program that allowed high net worth individuals to obtain permanent residency in the province [&hellip;]","og_url":"https:\/\/investmentvisacn.com\/fr\/citoyennete-canadienne-et-residence-par-linvestissement\/","og_site_name":"Investment Visa CN","article_modified_time":"2024-08-21T16:11:00+00:00","twitter_card":"summary_large_image","twitter_misc":{"Dur\u00e9e de lecture estim\u00e9e":"2 minutes"},"schema":{"@context":"https:\/\/schema.org","@graph":[{"@type":"WebPage","@id":"https:\/\/investmentvisacn.com\/canada-citizenship-and-residency-by-investment\/","url":"https:\/\/investmentvisacn.com\/canada-citizenship-and-residency-by-investment\/","name":"Citoyennet\u00e9 et r\u00e9sidence au Canada par investissement - Visa d'investissement CN","isPartOf":{"@id":"https:\/\/investmentvisacn.com\/#website"},"datePublished":"2024-08-13T21:46:39+00:00","dateModified":"2024-08-21T16:11:00+00:00","breadcrumb":{"@id":"https:\/\/investmentvisacn.com\/canada-citizenship-and-residency-by-investment\/#breadcrumb"},"inLanguage":"fr-FR","potentialAction":[{"@type":"ReadAction","target":["https:\/\/investmentvisacn.com\/canada-citizenship-and-residency-by-investment\/"]}]},{"@type":"BreadcrumbList","@id":"https:\/\/investmentvisacn.com\/canada-citizenship-and-residency-by-investment\/#breadcrumb","itemListElement":[{"@type":"ListItem","position":1,"name":"Home","item":"https:\/\/investmentvisacn.com\/"},{"@type":"ListItem","position":2,"name":"Canada Citizenship and Residency by Investment"}]},{"@type":"WebSite","@id":"https:\/\/investmentvisacn.com\/#website","url":"https:\/\/investmentvisacn.com\/","name":"Visa d'investissement CN","description":"Des solutions globales d'investissement et de visa auxquelles vous pouvez faire confiance","publisher":{"@id":"https:\/\/investmentvisacn.com\/#organization"},"potentialAction":[{"@type":"SearchAction","target":{"@type":"EntryPoint","urlTemplate":"https:\/\/investmentvisacn.com\/?s={search_term_string}"},"query-input":{"@type":"PropertyValueSpecification","valueRequired":true,"valueName":"search_term_string"}}],"inLanguage":"fr-FR"},{"@type":"Organization","@id":"https:\/\/investmentvisacn.com\/#organization","name":"Visa d'investissement CN","url":"https:\/\/investmentvisacn.com\/","logo":{"@type":"ImageObject","inLanguage":"fr-FR","@id":"https:\/\/investmentvisacn.com\/#\/schema\/logo\/image\/","url":"https:\/\/investmentvisacn.com\/wp-content\/uploads\/2024\/08\/universalinvestmentvisa.png","contentUrl":"https:\/\/investmentvisacn.com\/wp-content\/uploads\/2024\/08\/universalinvestmentvisa.png","width":180,"height":60,"caption":"Investment Visa CN"},"image":{"@id":"https:\/\/investmentvisacn.com\/#\/schema\/logo\/image\/"}}]}},"_links":{"self":[{"href":"https:\/\/investmentvisacn.com\/fr\/wp-json\/wp\/v2\/pages\/282","targetHints":{"allow":["GET"]}}],"collection":[{"href":"https:\/\/investmentvisacn.com\/fr\/wp-json\/wp\/v2\/pages"}],"about":[{"href":"https:\/\/investmentvisacn.com\/fr\/wp-json\/wp\/v2\/types\/page"}],"author":[{"embeddable":true,"href":"https:\/\/investmentvisacn.com\/fr\/wp-json\/wp\/v2\/users\/1"}],"replies":[{"embeddable":true,"href":"https:\/\/investmentvisacn.com\/fr\/wp-json\/wp\/v2\/comments?post=282"}],"version-history":[{"count":2,"href":"https:\/\/investmentvisacn.com\/fr\/wp-json\/wp\/v2\/pages\/282\/revisions"}],"predecessor-version":[{"id":435,"href":"https:\/\/investmentvisacn.com\/fr\/wp-json\/wp\/v2\/pages\/282\/revisions\/435"}],"wp:attachment":[{"href":"https:\/\/investmentvisacn.com\/fr\/wp-json\/wp\/v2\/media?parent=282"}],"curies":[{"name":"wp","href":"https:\/\/api.w.org\/{rel}","templated":true}]}}