{"id":276,"date":"2024-08-13T21:42:24","date_gmt":"2024-08-13T21:42:24","guid":{"rendered":"https:\/\/universalinvestmentvisa.com\/?page_id=276"},"modified":"2024-08-24T08:11:55","modified_gmt":"2024-08-24T08:11:55","slug":"visa-dor-portugais","status":"publish","type":"page","link":"https:\/\/investmentvisacn.com\/fr\/portugal-golden-visa\/","title":{"rendered":"Visa d'or pour le Portugal"},"content":{"rendered":"<h2 class=\"wp-block-heading\">Le visa d'or portugais n'est pas ferm\u00e9<\/h2>\n\n\n\n<p>***&nbsp;<em>Le programme portugais de visa d'or se poursuit, mais les itin\u00e9raires et les montants des investissements sont sur le point de changer. Ces derniers mois ont \u00e9t\u00e9 marqu\u00e9s par une grande incertitude et de nombreux articles obsol\u00e8tes ont \u00e9t\u00e9 publi\u00e9s sur Internet. Toutefois, le parlement portugais vient d'approuver le projet de loi mettant fin \u00e0 l'acc\u00e8s au Golden Visa par le biais de l'immobilier. Une fois la loi promulgu\u00e9e (probablement d\u00e9but octobre 2023), il ne sera plus possible de demander le Golden Visa portugais au titre de la cat\u00e9gorie des biens immobiliers de 280 000 \u20ac ou 350 000 \u20ac. La principale voie d'acc\u00e8s au Golden Visa sera alors l'investissement dans des fonds, dont le montant est fix\u00e9 \u00e0 500 000 euros.<\/em>. Les clients ont jusqu'\u00e0 cette date pour profiter de la limite inf\u00e9rieure d'investissement. ***<\/p>\n\n\n\n<p class=\"has-text-align-center\"><a href=\"https:\/\/investmentvisacn.com\/fr\/nous-contacter\/\" data-type=\"link\" data-id=\"https:\/\/investmentvisacn.com\/contact-us\/\">Commencer maintenant<\/a><\/p>\n\n\n\n<h4 class=\"wp-block-heading\">Aper\u00e7u du visa d'or pour le Portugal<\/h4>\n\n\n\n<p>Le programme Portugal Golden Visa s'est av\u00e9r\u00e9 \u00eatre le plus populaire en Europe, les investisseurs \u00e9tant attir\u00e9s par sa flexibilit\u00e9, son co\u00fbt et ses avantages. Introduit en 2012, ce visa d'investissement pionnier a effectivement lanc\u00e9 le concept de \"Golden Visa\".\u00a0<a href=\"https:\/\/investmentvisacn.com\/fr\/etats-unis\/\" data-type=\"page\" data-id=\"341\">Visas d'or<\/a>\u00a0et a jet\u00e9 les bases pour que d'autres pays, tels que l'Espagne et la Gr\u00e8ce, puissent suivre. Depuis lors, le programme portugais a fait l'objet d'une promotion internationale active, attirant plus de 6 milliards d'euros d'investissements dans l'\u00e9conomie. En tant que principal consultant pour le Golden Visa portugais, Universal Investment Visa est fier d'avoir conseill\u00e9 et assist\u00e9 plus d'un millier d'investisseurs et de demandeurs de plus de 150 pays dans le monde entier pour le programme depuis son introduction.<\/p>\n\n\n\n<h4 class=\"wp-block-heading\">Conditions d'obtention du Golden Visa Portugal<\/h4>\n\n\n\n<h3 class=\"wp-block-heading\">Investissement<\/h3>\n\n\n\n<p>Un investissement de 500 000 euros (280 000 euros ou 350 000 euros en option r\u00e9duite) dans l'immobilier au Portugal permet d'obtenir un permis de r\u00e9sidence avec visa dor\u00e9 pour une famille comprenant des enfants \u00e0 charge. Bien que d'autres m\u00e9thodes soient disponibles (voir la FAQ ci-dessous), la voie immobili\u00e8re repr\u00e9sente plus de 92% de toutes les demandes.<\/p>\n\n\n\n<h4 class=\"wp-block-heading\">Co\u00fbts associ\u00e9s<\/h4>\n\n\n\n<p>Outre le montant de l'investissement pour le visa dor\u00e9 au Portugal, il y a plusieurs co\u00fbts \u00e0 prendre en consid\u00e9ration. Il s'agit de l'imp\u00f4t foncier, du droit de timbre, des frais de notaire et de cadastre, des frais d'approbation et de demande du gouvernement et des frais de justice pour le traitement de la demande. En r\u00e8gle g\u00e9n\u00e9rale, ils s'\u00e9l\u00e8vent \u00e0 environ 14% pour un investissement de 350 000 euros.<\/p>\n\n\n\n<h4 class=\"wp-block-heading\">\u00c9ligibilit\u00e9 et conditions<\/h4>\n\n\n\n<p>En plus de l'investissement et des frais, les candidats devront ouvrir un compte bancaire portugais. Les investisseurs doivent avoir un casier judiciaire vierge, une assurance maladie compl\u00e8te et soumettre leur demande avec des donn\u00e9es biom\u00e9triques compl\u00e8tes. Une visite au Portugal est n\u00e9cessaire au stade de la demande.<\/p>\n\n\n\n<p>Le Golden Visa portugais peut \u00eatre renouvel\u00e9 tous les deux ans, \u00e0 condition que le demandeur passe deux semaines dans le pays tous les deux ans et qu'il maintienne son investissement.<\/p>\n\n\n\n<h4 class=\"wp-block-heading\">R\u00e9sidence permanente et citoyennet\u00e9 au Portugal<\/h4>\n\n\n\n<p>L'une des options les plus attrayantes du Golden Visa portugais est la possibilit\u00e9 de demander\u00a0<strong>r\u00e9sidence permanente<\/strong>\u00a0ou\u00a0<strong>la citoyennet\u00e9<\/strong>\u00a0apr\u00e8s cinq ans, sans qu'il soit n\u00e9cessaire de r\u00e9sider au Portugal \u00e0 plein temps. Le demandeur et sa famille n'ont qu'\u00e0 se rendre au Portugal pendant deux semaines tous les deux ans pour renouveler le visa d'or portugais pendant cette p\u00e9riode. Pour en savoir plus sur l'obtention de la nationalit\u00e9 portugaise.<\/p>\n\n\n\n<p>La carte de s\u00e9jour portugaise d\u00e9livr\u00e9e dans le cadre du programme de visa dor\u00e9 permet \u00e0 son titulaire de voyager dans l'ensemble de l'espace Schengen de l'Union europ\u00e9enne. La citoyennet\u00e9 portugaise et un deuxi\u00e8me passeport conf\u00e8rent le droit de vivre, de travailler et d'\u00e9tudier partout dans l'Union europ\u00e9enne.<\/p>\n\n\n\n<p>A partir de 280k \u20ac + frais<\/p>\n\n\n\n<p>Immobilier<\/p>\n\n\n\n<p>R\u00e9sidence familiale compl\u00e8te<\/p>\n\n\n\n<p>Souplesse. Pas d'obligation de r\u00e9sidence.<\/p>\n\n\n\n<p>Citoyennet\u00e9 depuis 5 ans<\/p>\n\n\n\n<h4 class=\"wp-block-heading\">Avantages du visa d'or pour le Portugal<\/h4>\n\n\n\n<p>Les avantages du Golden Visa portugais ont contribu\u00e9 \u00e0 en faire le programme de r\u00e9sidence par investissement le plus important au monde. Ces avantages sont les suivants<\/p>\n\n\n\n<ul class=\"wp-block-list\">\n<li>Investissement minimum de 280 000 \u20ac seulement<\/li>\n\n\n\n<li>Conditions pour vivre, travailler et \u00e9tudier au Portugal<\/li>\n\n\n\n<li>Voyage sans visa dans l'ensemble de l'espace Schengen de l'UE<\/li>\n\n\n\n<li>Possibilit\u00e9 de demander la nationalit\u00e9 portugaise apr\u00e8s cinq ans (sans avoir besoin d'une r\u00e9sidence compl\u00e8te)<\/li>\n\n\n\n<li>Exigence de s\u00e9jour minimum de seulement 14 jours tous les deux ans<\/li>\n\n\n\n<li>Pas d'imp\u00f4t sur le revenu mondial<\/li>\n\n\n\n<li>Option pour la r\u00e9sidence fiscale non habituelle (RNH)<\/li>\n<\/ul>\n\n\n\n<p>Investissement minimum de 280 000 euros<br>Casier judiciaire vierge<br>Ouvert aux candidats non ressortissants de l'UE<\/p>\n\n\n\n<p>Inclure le conjoint et la famille<br>Enfants \u00e0 charge<br>Parents 65 ans et plus<\/p>\n\n\n\n<p>Court s\u00e9jour minimum<br>Pas d'entretien<br>Pas de test linguistique<\/p>\n\n\n\n<p>R\u00e9sidence dans un pays de l'UE<br>Voyage sans visa Schengen<br>Acc\u00e8s \u00e0 la citoyennet\u00e9 au bout de cinq ans<\/p>\n\n\n\n<h3 class=\"wp-block-heading\">Combien co\u00fbte le programme portugais de visa d'or ?<\/h3>\n\n\n\n<p>Outre le montant de l'investissement immobilier, des frais s'ajoutent. Ceux-ci varient en fonction de la taille de la famille et de l'investissement immobilier. Nous pr\u00e9sentons ci-dessous un exemple typique en choisissant un investissement de 350 000 euros :<\/p>\n\n\n\n<figure class=\"wp-block-table\"><table class=\"has-fixed-layout\"><tbody><tr><td>Investissement immobilier<\/td><td>\u20ac350,000<\/td><\/tr><tr><td>IMT (taxe sur les transferts de propri\u00e9t\u00e9) 4.60% (Est.)<\/td><td>\u20ac16,100<\/td><\/tr><tr><td>Droit de timbre 0,8%<\/td><td>\u20ac2,800<\/td><\/tr><tr><td>Frais de notaire\/de cadastre 1 050 euros<\/td><td>\u20ac1,050<\/td><\/tr><tr><td>Enregistrement d'un contrat de vente \u00e0 ordre<\/td><td>\u20ac400<\/td><\/tr><tr><td>Frais d'approbation du visa d'or 5 336 \u20ac (x4) 21 344<\/td><td>\u20ac21,344<\/td><\/tr><tr><td>Frais de demande de visa d'or 533 \u20ac (x4)<\/td><td>\u20ac2,132<\/td><\/tr><tr><td>Frais de justice<\/td><td>\u20ac5,000<\/td><\/tr><tr><td>TOTAL<\/td><td>\u20ac398,826<\/td><\/tr><\/tbody><\/table><\/figure>\n\n\n\n<h4 class=\"wp-block-heading\">Comment demander le Golden Visa au Portugal<\/h4>\n\n\n\n<p>Consultez l'\u00e9quipe d'experts d'Universal Investment Visa pour d\u00e9cider si le Portugal Golden Visa est adapt\u00e9 \u00e0 votre situation et \u00e0 celle de votre famille. Si c'est le cas, nous pouvons vous aider \u00e0 nommer un repr\u00e9sentant l\u00e9gal parmi lesquels nous pourrons vous recommander et vous sugg\u00e9rer un certain nombre d'options immobili\u00e8res qualifi\u00e9es \u00e0 travers le Portugal.<\/p>\n\n\n\n<p>Universal Investment Visa travaillera avec vous et votre repr\u00e9sentant l\u00e9gal d\u00e9sign\u00e9 au Portugal pour pr\u00e9parer votre demande de Golden Visa. Il s'agit notamment d'ouvrir un compte bancaire portugais et d'obtenir un num\u00e9ro de FNI avant de finaliser votre choix d'investissement. \u00c0 ce stade, une pr\u00e9-demande peut \u00eatre soumise en ligne.<\/p>\n\n\n\n<p>Apr\u00e8s examen de votre pr\u00e9-demande par le service portugais de l'immigration et des fronti\u00e8res (SEF), vous devrez vous pr\u00e9senter en personne au Portugal lors d'un rendez-vous fix\u00e9 \u00e0 l'avance avec le SEF, au cours duquel vos donn\u00e9es biom\u00e9triques (empreintes digitales) seront relev\u00e9es et vous pr\u00e9senterez officiellement votre demande de visa dor\u00e9.<\/p>\n\n\n\n<p>Vous attendez ensuite l'approbation finale de votre demande. Une fois votre demande approuv\u00e9e, vous recevrez votre carte de r\u00e9sident. Elles sont valables deux ans et peuvent \u00eatre renouvel\u00e9es \u00e0 condition de conserver votre investissement tout au long de la p\u00e9riode de validit\u00e9 et de payer les frais de renouvellement appropri\u00e9s.<\/p>\n\n\n\n<ul class=\"wp-block-list\">\n<li>\u00c9tape 1<\/li>\n\n\n\n<li>\u00c9tape 2<\/li>\n\n\n\n<li>\u00c9tape 3<\/li>\n\n\n\n<li>\u00c9tape 4<\/li>\n<\/ul>","protected":false},"excerpt":{"rendered":"<p>Portugal Golden Visa Is Not Closing ***&nbsp;The Portugal Golden Visa programme is continuing but investment routes and amounts are about to change. There has been much uncertainty in the last few months and there are many outdated articles to be found on the web. However the Portuguese parliament has now signed off the bill ending [&hellip;]<\/p>\n","protected":false},"author":1,"featured_media":0,"parent":0,"menu_order":0,"comment_status":"closed","ping_status":"closed","template":"","meta":{"footnotes":""},"class_list":["post-276","page","type-page","status-publish","hentry"],"yoast_head":"<!-- This site is optimized with the Yoast SEO plugin v27.3 - https:\/\/yoast.com\/product\/yoast-seo-wordpress\/ -->\n<title>Portugal Golden Visa - Investment Visa CN<\/title>\n<meta name=\"robots\" content=\"index, follow, max-snippet:-1, max-image-preview:large, max-video-preview:-1\" \/>\n<link rel=\"canonical\" href=\"https:\/\/investmentvisacn.com\/fr\/visa-dor-portugais\/\" \/>\n<meta property=\"og:locale\" content=\"fr_FR\" \/>\n<meta property=\"og:type\" content=\"article\" \/>\n<meta property=\"og:title\" content=\"Portugal Golden Visa - Investment Visa CN\" \/>\n<meta property=\"og:description\" content=\"Portugal Golden Visa Is Not Closing ***&nbsp;The Portugal Golden Visa programme is continuing but investment routes and amounts are about to change. There has been much uncertainty in the last few months and there are many outdated articles to be found on the web. However the Portuguese parliament has now signed off the bill ending [&hellip;]\" \/>\n<meta property=\"og:url\" content=\"https:\/\/investmentvisacn.com\/fr\/visa-dor-portugais\/\" \/>\n<meta property=\"og:site_name\" content=\"Investment Visa CN\" \/>\n<meta property=\"article:modified_time\" content=\"2024-08-24T08:11:55+00:00\" \/>\n<meta name=\"twitter:card\" content=\"summary_large_image\" \/>\n<meta name=\"twitter:label1\" content=\"Dur\u00e9e de lecture estim\u00e9e\" \/>\n\t<meta name=\"twitter:data1\" content=\"5 minutes\" \/>\n<script type=\"application\/ld+json\" class=\"yoast-schema-graph\">{\"@context\":\"https:\\\/\\\/schema.org\",\"@graph\":[{\"@type\":\"WebPage\",\"@id\":\"https:\\\/\\\/investmentvisacn.com\\\/portugal-golden-visa\\\/\",\"url\":\"https:\\\/\\\/investmentvisacn.com\\\/portugal-golden-visa\\\/\",\"name\":\"Portugal Golden Visa - Investment Visa CN\",\"isPartOf\":{\"@id\":\"https:\\\/\\\/investmentvisacn.com\\\/#website\"},\"datePublished\":\"2024-08-13T21:42:24+00:00\",\"dateModified\":\"2024-08-24T08:11:55+00:00\",\"breadcrumb\":{\"@id\":\"https:\\\/\\\/investmentvisacn.com\\\/portugal-golden-visa\\\/#breadcrumb\"},\"inLanguage\":\"fr-FR\",\"potentialAction\":[{\"@type\":\"ReadAction\",\"target\":[\"https:\\\/\\\/investmentvisacn.com\\\/portugal-golden-visa\\\/\"]}]},{\"@type\":\"BreadcrumbList\",\"@id\":\"https:\\\/\\\/investmentvisacn.com\\\/portugal-golden-visa\\\/#breadcrumb\",\"itemListElement\":[{\"@type\":\"ListItem\",\"position\":1,\"name\":\"Home\",\"item\":\"https:\\\/\\\/investmentvisacn.com\\\/\"},{\"@type\":\"ListItem\",\"position\":2,\"name\":\"Portugal Golden Visa\"}]},{\"@type\":\"WebSite\",\"@id\":\"https:\\\/\\\/investmentvisacn.com\\\/#website\",\"url\":\"https:\\\/\\\/investmentvisacn.com\\\/\",\"name\":\"Investment Visa CN\",\"description\":\"Global Investment &amp; Visa Solutions You Can Trust\",\"publisher\":{\"@id\":\"https:\\\/\\\/investmentvisacn.com\\\/#organization\"},\"potentialAction\":[{\"@type\":\"SearchAction\",\"target\":{\"@type\":\"EntryPoint\",\"urlTemplate\":\"https:\\\/\\\/investmentvisacn.com\\\/?s={search_term_string}\"},\"query-input\":{\"@type\":\"PropertyValueSpecification\",\"valueRequired\":true,\"valueName\":\"search_term_string\"}}],\"inLanguage\":\"fr-FR\"},{\"@type\":\"Organization\",\"@id\":\"https:\\\/\\\/investmentvisacn.com\\\/#organization\",\"name\":\"Investment Visa CN\",\"url\":\"https:\\\/\\\/investmentvisacn.com\\\/\",\"logo\":{\"@type\":\"ImageObject\",\"inLanguage\":\"fr-FR\",\"@id\":\"https:\\\/\\\/investmentvisacn.com\\\/#\\\/schema\\\/logo\\\/image\\\/\",\"url\":\"https:\\\/\\\/investmentvisacn.com\\\/wp-content\\\/uploads\\\/2024\\\/08\\\/universalinvestmentvisa.png\",\"contentUrl\":\"https:\\\/\\\/investmentvisacn.com\\\/wp-content\\\/uploads\\\/2024\\\/08\\\/universalinvestmentvisa.png\",\"width\":180,\"height\":60,\"caption\":\"Investment Visa CN\"},\"image\":{\"@id\":\"https:\\\/\\\/investmentvisacn.com\\\/#\\\/schema\\\/logo\\\/image\\\/\"}}]}<\/script>\n<!-- \/ Yoast SEO plugin. -->","yoast_head_json":{"title":"Visa d'or pour le Portugal - Visa d'investissement CN","robots":{"index":"index","follow":"follow","max-snippet":"max-snippet:-1","max-image-preview":"max-image-preview:large","max-video-preview":"max-video-preview:-1"},"canonical":"https:\/\/investmentvisacn.com\/fr\/visa-dor-portugais\/","og_locale":"fr_FR","og_type":"article","og_title":"Portugal Golden Visa - Investment Visa CN","og_description":"Portugal Golden Visa Is Not Closing ***&nbsp;The Portugal Golden Visa programme is continuing but investment routes and amounts are about to change. There has been much uncertainty in the last few months and there are many outdated articles to be found on the web. However the Portuguese parliament has now signed off the bill ending [&hellip;]","og_url":"https:\/\/investmentvisacn.com\/fr\/visa-dor-portugais\/","og_site_name":"Investment Visa CN","article_modified_time":"2024-08-24T08:11:55+00:00","twitter_card":"summary_large_image","twitter_misc":{"Dur\u00e9e de lecture estim\u00e9e":"5 minutes"},"schema":{"@context":"https:\/\/schema.org","@graph":[{"@type":"WebPage","@id":"https:\/\/investmentvisacn.com\/portugal-golden-visa\/","url":"https:\/\/investmentvisacn.com\/portugal-golden-visa\/","name":"Visa d'or pour le Portugal - Visa d'investissement CN","isPartOf":{"@id":"https:\/\/investmentvisacn.com\/#website"},"datePublished":"2024-08-13T21:42:24+00:00","dateModified":"2024-08-24T08:11:55+00:00","breadcrumb":{"@id":"https:\/\/investmentvisacn.com\/portugal-golden-visa\/#breadcrumb"},"inLanguage":"fr-FR","potentialAction":[{"@type":"ReadAction","target":["https:\/\/investmentvisacn.com\/portugal-golden-visa\/"]}]},{"@type":"BreadcrumbList","@id":"https:\/\/investmentvisacn.com\/portugal-golden-visa\/#breadcrumb","itemListElement":[{"@type":"ListItem","position":1,"name":"Home","item":"https:\/\/investmentvisacn.com\/"},{"@type":"ListItem","position":2,"name":"Portugal Golden Visa"}]},{"@type":"WebSite","@id":"https:\/\/investmentvisacn.com\/#website","url":"https:\/\/investmentvisacn.com\/","name":"Visa d'investissement CN","description":"Des solutions globales d'investissement et de visa auxquelles vous pouvez faire confiance","publisher":{"@id":"https:\/\/investmentvisacn.com\/#organization"},"potentialAction":[{"@type":"SearchAction","target":{"@type":"EntryPoint","urlTemplate":"https:\/\/investmentvisacn.com\/?s={search_term_string}"},"query-input":{"@type":"PropertyValueSpecification","valueRequired":true,"valueName":"search_term_string"}}],"inLanguage":"fr-FR"},{"@type":"Organization","@id":"https:\/\/investmentvisacn.com\/#organization","name":"Visa d'investissement CN","url":"https:\/\/investmentvisacn.com\/","logo":{"@type":"ImageObject","inLanguage":"fr-FR","@id":"https:\/\/investmentvisacn.com\/#\/schema\/logo\/image\/","url":"https:\/\/investmentvisacn.com\/wp-content\/uploads\/2024\/08\/universalinvestmentvisa.png","contentUrl":"https:\/\/investmentvisacn.com\/wp-content\/uploads\/2024\/08\/universalinvestmentvisa.png","width":180,"height":60,"caption":"Investment Visa CN"},"image":{"@id":"https:\/\/investmentvisacn.com\/#\/schema\/logo\/image\/"}}]}},"_links":{"self":[{"href":"https:\/\/investmentvisacn.com\/fr\/wp-json\/wp\/v2\/pages\/276","targetHints":{"allow":["GET"]}}],"collection":[{"href":"https:\/\/investmentvisacn.com\/fr\/wp-json\/wp\/v2\/pages"}],"about":[{"href":"https:\/\/investmentvisacn.com\/fr\/wp-json\/wp\/v2\/types\/page"}],"author":[{"embeddable":true,"href":"https:\/\/investmentvisacn.com\/fr\/wp-json\/wp\/v2\/users\/1"}],"replies":[{"embeddable":true,"href":"https:\/\/investmentvisacn.com\/fr\/wp-json\/wp\/v2\/comments?post=276"}],"version-history":[{"count":2,"href":"https:\/\/investmentvisacn.com\/fr\/wp-json\/wp\/v2\/pages\/276\/revisions"}],"predecessor-version":[{"id":475,"href":"https:\/\/investmentvisacn.com\/fr\/wp-json\/wp\/v2\/pages\/276\/revisions\/475"}],"wp:attachment":[{"href":"https:\/\/investmentvisacn.com\/fr\/wp-json\/wp\/v2\/media?parent=276"}],"curies":[{"name":"wp","href":"https:\/\/api.w.org\/{rel}","templated":true}]}}