{"id":274,"date":"2024-08-13T21:41:17","date_gmt":"2024-08-13T21:41:17","guid":{"rendered":"https:\/\/universalinvestmentvisa.com\/?page_id=274"},"modified":"2024-09-11T16:07:02","modified_gmt":"2024-09-11T16:07:02","slug":"citoyennete-grenadine","status":"publish","type":"page","link":"https:\/\/investmentvisacn.com\/fr\/grenada-citizenship\/","title":{"rendered":"Citoyennet\u00e9 de la Grenade"},"content":{"rendered":"<h2 class=\"wp-block-heading\">Aper\u00e7u du programme de citoyennet\u00e9 par l'investissement de la Grenade<\/h2>\n\n\n\n<p>Le programme de citoyennet\u00e9 par l'investissement de la Grenade a \u00e9t\u00e9 introduit en 2013 et offre une entr\u00e9e peu co\u00fbteuse pour l'obtention d'une deuxi\u00e8me citoyennet\u00e9 et d'un passeport. Les candidats de tous les pays sont les bienvenus, mais ils sont soumis \u00e0 des contr\u00f4les stricts de diligence raisonnable. Le programme attire de nombreux investisseurs fortun\u00e9s du monde entier d\u00e9sireux d'accro\u00eetre la mobilit\u00e9 mondiale de leur famille et d'obtenir la s\u00e9curit\u00e9 d'une deuxi\u00e8me citoyennet\u00e9 \u00e0 la Grenade. Les candidats retenus se verront accorder la nationalit\u00e9 grenadienne, un certificat de naturalisation et un passeport qui leur permettra de voyager sans visa dans plus de 153 pays \u00e0 travers le monde. Le programme de citoyennet\u00e9 par l'investissement de la Grenade a contribu\u00e9 \u00e0 attirer d'importants investissements \u00e9trangers dans le pays, finan\u00e7ant des projets parrain\u00e9s par le gouvernement, stimulant l'\u00e9conomie g\u00e9n\u00e9rale et cr\u00e9ant des emplois pour la population locale.<\/p>\n\n\n\n<p class=\"has-text-align-center\"><a href=\"https:\/\/investmentvisacn.com\/fr\/nous-contacter\/\" data-type=\"link\" data-id=\"https:\/\/investmentvisacn.com\/contact-us\/\"><strong>Contact-Conseiller<\/strong><\/a><\/p>\n\n\n\n<h3 class=\"wp-block-heading\">Comment obtenir la nationalit\u00e9 grenadienne par l'investissement ?<\/h3>\n\n\n\n<p>Le programme de citoyennet\u00e9 par l'investissement de la Grenade offre deux options d'investissement principales : la donation et l'immobilier. La voie de la donation du gouvernement requiert une contribution minimale de $235.000 au Fonds national de transformation de la Grenade (NTF). L'autre option consiste en un investissement immobilier d'un montant minimum de 1T4T270 000 USD dans un projet approuv\u00e9 par le gouvernement. En outre, des frais de dossier et des frais de diligence raisonnable s'appliquent.<\/p>\n\n\n\n<h3 class=\"wp-block-heading\">Principaux avantages :<\/h3>\n\n\n\n<ul class=\"wp-block-list\">\n<li>De $235,000 Donation<\/li>\n\n\n\n<li>Immobilier A partir de $270,000<\/li>\n\n\n\n<li>Citoyennet\u00e9 et passeport<\/li>\n\n\n\n<li>Voyage sans visa 153 pays<\/li>\n\n\n\n<li>Demande familiale compl\u00e8te<\/li>\n<\/ul>\n\n\n\n<h3 class=\"wp-block-heading\">Exigences de la Grenade en mati\u00e8re de citoyennet\u00e9 par l'investissement<\/h3>\n\n\n\n<p>Outre l'investissement ou le don n\u00e9cessaire, les demandeurs doivent satisfaire \u00e0 plusieurs exigences pour la Grenade.<\/p>\n\n\n\n<h3 class=\"wp-block-heading\">Exigences familiales<\/h3>\n\n\n\n<p>Les membres de la famille peuvent \u00eatre inclus dans la demande de citoyennet\u00e9 grenadienne. L'investisseur principal peut \u00eatre<\/p>\n\n\n\n<ul class=\"wp-block-list\">\n<li>Conjoint<\/li>\n\n\n\n<li>Enfants \u00e0 charge<\/li>\n\n\n\n<li>Parents \u00e0 charge de plus de 55 ans<\/li>\n\n\n\n<li>Fr\u00e8res et s\u0153urs \u00e2g\u00e9s de plus de 18 ans, c\u00e9libataires et sans enfants<\/li>\n<\/ul>\n\n\n\n<h3 class=\"wp-block-heading\">Exigences en mati\u00e8re de diligence raisonnable<\/h3>\n\n\n\n<p>Tous les candidats devront \u00eatre de bonne moralit\u00e9 et se soumettre aux formalit\u00e9s de diligence raisonnable du gouvernement de la Grenade. Les investisseurs doivent fournir<\/p>\n\n\n\n<ul class=\"wp-block-list\">\n<li>Rapports de police - preuve d'un casier judiciaire vierge<\/li>\n\n\n\n<li>Ne pas avoir fait l'objet d'un refus de visa<\/li>\n\n\n\n<li>Divers documents, notamment des documents financiers, des documents relatifs \u00e0 l'emploi ou \u00e0 l'entreprise, des pi\u00e8ces d'identit\u00e9 et des justificatifs de domicile.<\/li>\n<\/ul>\n\n\n\n<h3 class=\"wp-block-heading\">Conditions de s\u00e9jour minimum<\/h3>\n\n\n\n<p>Le programme de citoyennet\u00e9 par l'investissement de la Grenade n'exige pas des demandeurs qu'ils satisfassent \u00e0 des conditions de s\u00e9jour minimum. Les citoyens grenadiens auront le droit de vivre, de travailler ou d'\u00e9tudier \u00e0 la Grenade s'ils le souhaitent, mais ce n'est pas une condition pr\u00e9alable au programme. Aucun test linguistique n'est non plus requis.<\/p>\n\n\n\n<p>Bon caract\u00e8re<br>Casier judiciaire vierge<br>Pas de refus de visa<\/p>\n\n\n\n<p>Inclure la famille enti\u00e8re<br>Parents \u00e0 charge 55 ans et plus<br>Enfants \u00e0 charge jusqu'\u00e0 18 ans<br>Fr\u00e8res et s\u0153urs 18 ans et plus<\/p>\n\n\n\n<p>Pas de s\u00e9jour minimum<br>Pas de test linguistique<\/p>\n\n\n\n<p>Pi\u00e8ce d'identit\u00e9 et preuve de fonds<br>Certificat de naissance\/mariage<br>Registres financiers<\/p>\n\n\n\n<h4 class=\"wp-block-heading\">Combien co\u00fbte le programme de citoyennet\u00e9 par l'investissement de la Grenade ?<\/h4>\n\n\n\n<h3 class=\"wp-block-heading\">Citoyennet\u00e9 de la Grenade par don<\/h3>\n\n\n\n<p>Le programme de citoyennet\u00e9 par donation de la Grenade requiert une contribution non remboursable au Fonds national de transformation (NTF) du gouvernement de $150 000 pour un demandeur unique, ou de $200 000 pour une famille comptant jusqu'\u00e0 quatre personnes. Des frais suppl\u00e9mentaires de diligence raisonnable et de traitement sont \u00e9galement applicables et varient en fonction de l'\u00e2ge du demandeur et de la taille de sa famille.<\/p>\n\n\n\n<h3 class=\"wp-block-heading\">Citoyennet\u00e9 de la Grenade par investissement immobilier<\/h3>\n\n\n\n<p>Les candidats peuvent \u00e9galement obtenir la citoyennet\u00e9 grenadienne en investissant dans des projets immobiliers approuv\u00e9s par le gouvernement, tels que des complexes h\u00f4teliers et des propri\u00e9t\u00e9s touristiques, en investissant un minimum de $200,000 (revendable apr\u00e8s 7 ans) ou $400,000 (revendable apr\u00e8s 5 ans). Universal Investment Visa propose une s\u00e9lection de projets \u00e9tablis, notamment des complexes h\u00f4teliers cinq \u00e9toiles exclusifs g\u00e9r\u00e9s par des marques h\u00f4teli\u00e8res mondialement reconnues et construits par les promoteurs les plus r\u00e9put\u00e9s des Cara\u00efbes. La plupart des options offrent un rendement et les biens immobiliers peuvent \u00eatre vendus apr\u00e8s une p\u00e9riode de d\u00e9tention obligatoire, ce qui vous permet de lib\u00e9rer votre capital sans affecter votre statut de citoyen.<\/p>\n\n\n\n<h4 class=\"wp-block-heading\">Combien de temps faut-il pour obtenir la citoyennet\u00e9 par l'investissement \u00e0 la Grenade ?<\/h4>\n\n\n\n<p>\u00c0 partir de la date \u00e0 laquelle la demande est soumise \u00e0 l'unit\u00e9 de citoyennet\u00e9 par l'investissement (CIU) de la Grenade, il faut compter en moyenne 3 \u00e0 4 mois pour que les demandes soient trait\u00e9es. Avant le d\u00e9p\u00f4t de la demande, la plupart des demandeurs mettent g\u00e9n\u00e9ralement entre<strong>&nbsp;2-6 semaines<\/strong>&nbsp;pour rassembler tous les documents n\u00e9cessaires. L'\u00e9quipe de traitement interne d'Universal Investment Visa assistera les demandeurs tout au long du processus et la demande peut \u00eatre d\u00e9pos\u00e9e \u00e0 distance, sans qu'il soit n\u00e9cessaire de se d\u00e9placer.<\/p>\n\n\n\n<p class=\"has-text-align-center\"><a href=\"https:\/\/investmentvisacn.com\/fr\/nous-contacter\/\" data-type=\"link\" data-id=\"https:\/\/investmentvisacn.com\/contact-us\/\" target=\"_blank\" rel=\"noreferrer noopener\">Votre devis gratuit<\/a><\/p>\n\n\n\n<p><strong>Note importante : Universal Investment Visa (Licence No. GCBI-MA-70) est un repr\u00e9sentant agr\u00e9\u00e9, approuv\u00e9 par le SDI et le gouvernement de la Grenade pour promouvoir le programme de citoyennet\u00e9 par l'investissement de la Grenade.<\/strong><strong>&nbsp;Nous sommes ravis de fournir une copie de notre lettre de nomination du gouvernement \u00e0 tout candidat potentiel souhaitant travailler par l'interm\u00e9diaire de notre entreprise.&nbsp;<\/strong><\/p>\n\n\n\n<h3 class=\"wp-block-heading\">Comment obtenir la citoyennet\u00e9 grenadienne par l'investissement ?<\/h3>\n\n\n\n<p>R\u00e9servez votre consultation gratuite avec l'\u00e9quipe d'experts d'Universal Investment Visa pour discuter et d\u00e9cider du programme et de l'itin\u00e9raire d'investissement qui vous conviennent le mieux, \u00e0 vous et \u00e0 votre famille. Nos consultants exp\u00e9riment\u00e9s vous fourniront un devis personnalis\u00e9 qui couvrira tous les frais applicables. Ils vous conseilleront et vous guideront tout au long du processus.<\/p>\n\n\n\n<p>Pour votre tranquillit\u00e9 d'esprit, avant que vous ne vous engagiez, Universal Investment Visa effectuera une v\u00e9rification pr\u00e9alable des ant\u00e9c\u00e9dents afin de s'assurer que votre demande a toutes les chances d'\u00eatre accept\u00e9e. Une fois cette v\u00e9rification effectu\u00e9e et si vous \u00eates d'accord, vous pouvez lancer officiellement le processus en signant notre contrat de facilitateur de client\u00e8le et en versant l'acompte de pr\u00e9-demande.<\/p>\n\n\n\n<p>L'\u00e9quipe de traitement interne d'Universal Investment Visa travaillera en \u00e9troite collaboration avec vous pour pr\u00e9parer votre demande. Une fois votre dossier enti\u00e8rement constitu\u00e9, notre \u00e9quipe soumettra votre demande \u00e0 l'unit\u00e9 de citoyennet\u00e9 par l'investissement de la Grenade (Grenada CIU). \u00c0 ce stade, vous devrez vous acquitter des taxes gouvernementales. A partir de ce moment, le traitement des demandes prend en moyenne 60 \u00e0 90 jours.<\/p>\n\n\n\n<p>\u00c0 l'issue des contr\u00f4les de diligence raisonnable et de l'analyse de votre demande par l'unit\u00e9 de citoyennet\u00e9 de la Grenade, une lettre d'approbation du gouvernement vous sera d\u00e9livr\u00e9e et vous devrez alors effectuer le paiement final. Le passeport sera d\u00e9livr\u00e9 dans un d\u00e9lai d'environ un mois et vous sera envoy\u00e9 par courrier recommand\u00e9 et s\u00e9curis\u00e9.<\/p>\n\n\n\n<ul class=\"wp-block-list\">\n<li>\u00c9tape 1<\/li>\n\n\n\n<li>\u00c9tape 2<\/li>\n\n\n\n<li>\u00c9tape 3<\/li>\n\n\n\n<li>\u00c9tape 4<\/li>\n<\/ul>\n\n\n\n<h3 class=\"wp-block-heading\">Avantages du programme de citoyennet\u00e9 par l'investissement de la Grenade<\/h3>\n\n\n\n<p>Une fois que les investisseurs ont obtenu la citoyennet\u00e9 grenadienne, ils se voient d\u00e9livrer un passeport grenadien. Les d\u00e9tenteurs de passeports grenadiens b\u00e9n\u00e9ficient d'un acc\u00e8s sans visa \u00e0 153 pays et territoires du monde entier, conform\u00e9ment \u00e0 la politique unique d'Universal Investment Visa.&nbsp;<a href=\"https:\/\/investmentvisacn.com\/fr\/citoyennete-autrichienne-et-residence-par-investissement\/\" data-type=\"page\" data-id=\"420\">Rapport d'investissement sur les passeports<\/a>. Cela repr\u00e9sente plus de la moiti\u00e9 du PIB mondial et comprend l'acc\u00e8s \u00e0 l'espace Schengen de l'UE, au Royaume-Uni, \u00e0 Hong Kong, \u00e0 Singapour et \u00e0 d'autres pays.<\/p>\n\n\n\n<ul class=\"wp-block-list\">\n<li>Voyage sans visa dans 153 pays et territoires du monde entier<\/li>\n\n\n\n<li>La s\u00e9curit\u00e9 d'un passeport de type B<\/li>\n\n\n\n<li>Pas d'obligation de s'installer \u00e0 la Grenade<\/li>\n\n\n\n<li>Pas de test linguistique<\/li>\n\n\n\n<li>Diversifier vos actifs en dehors de votre r\u00e9gion actuelle<\/li>\n\n\n\n<li>Vivre, travailler et \u00e9tudier \u00e0 la Grenade et dans d'autres pays de la CARICOM<\/li>\n\n\n\n<li>Incitations fiscales \u00e0 la r\u00e9sidence<\/li>\n<\/ul>\n\n\n\n<h4 class=\"wp-block-heading\">Avantages de l'ajout d'un passeport de la Grenade<\/h4>\n\n\n\n<p>La cl\u00e9 de l'investissement dans une deuxi\u00e8me citoyennet\u00e9 et un deuxi\u00e8me passeport est de comprendre exactement comment votre passeport existant se combine pour offrir un acc\u00e8s sans visa dans le monde entier. Il ne s'agit pas seulement de mesurer le nombre de destinations sans visa, mais aussi de donner du poids \u00e0 l'importance et \u00e0 la popularit\u00e9 de ces destinations. Seul Universal Investment Visa fournit une analyse aussi compl\u00e8te pour le passeport de la Grenade et pour les passeports d'autres programmes d'investissement dans la citoyennet\u00e9, en utilisant des mesures sophistiqu\u00e9es d\u00e9velopp\u00e9es pour les voyages d'affaires et d'agr\u00e9ment.&nbsp;<a href=\"https:\/\/investmentvisacn.com\/fr\/nous-contacter\/\" data-type=\"link\" data-id=\"https:\/\/investmentvisacn.com\/contact-us\">Contactez nous<\/a>&nbsp;et adressez-vous \u00e0 l'un de nos conseillers pour obtenir un rapport gratuit adapt\u00e9 \u00e0 votre citoyennet\u00e9 et \u00e0 votre passeport actuels.<\/p>","protected":false},"excerpt":{"rendered":"<p>Overview of Grenada Citizenship by Investment Programme Grenada\u2019s Citizenship by Investment programme was introduced in 2013 and offers a low-cost entry for a second citizenship and passport. Applicants from all countries are welcome but are subject to strict due diligence checks. The programme attracts many high-net-worth investors from all over the world looking to increase [&hellip;]<\/p>\n","protected":false},"author":1,"featured_media":0,"parent":0,"menu_order":0,"comment_status":"closed","ping_status":"closed","template":"","meta":{"footnotes":""},"class_list":["post-274","page","type-page","status-publish","hentry"],"yoast_head":"<!-- This site is optimized with the Yoast SEO plugin v27.3 - https:\/\/yoast.com\/product\/yoast-seo-wordpress\/ -->\n<title>Grenada Citizenship - Investment Visa CN<\/title>\n<meta name=\"robots\" content=\"index, follow, max-snippet:-1, max-image-preview:large, max-video-preview:-1\" \/>\n<link rel=\"canonical\" href=\"https:\/\/investmentvisacn.com\/fr\/citoyennete-grenadine\/\" \/>\n<meta property=\"og:locale\" content=\"fr_FR\" \/>\n<meta property=\"og:type\" content=\"article\" \/>\n<meta property=\"og:title\" content=\"Grenada Citizenship - Investment Visa CN\" \/>\n<meta property=\"og:description\" content=\"Overview of Grenada Citizenship by Investment Programme Grenada\u2019s Citizenship by Investment programme was introduced in 2013 and offers a low-cost entry for a second citizenship and passport. Applicants from all countries are welcome but are subject to strict due diligence checks. The programme attracts many high-net-worth investors from all over the world looking to increase [&hellip;]\" \/>\n<meta property=\"og:url\" content=\"https:\/\/investmentvisacn.com\/fr\/citoyennete-grenadine\/\" \/>\n<meta property=\"og:site_name\" content=\"Investment Visa CN\" \/>\n<meta property=\"article:modified_time\" content=\"2024-09-11T16:07:02+00:00\" \/>\n<meta name=\"twitter:card\" content=\"summary_large_image\" \/>\n<meta name=\"twitter:label1\" content=\"Dur\u00e9e de lecture estim\u00e9e\" \/>\n\t<meta name=\"twitter:data1\" content=\"6 minutes\" \/>\n<script type=\"application\/ld+json\" class=\"yoast-schema-graph\">{\"@context\":\"https:\\\/\\\/schema.org\",\"@graph\":[{\"@type\":\"WebPage\",\"@id\":\"https:\\\/\\\/investmentvisacn.com\\\/grenada-citizenship\\\/\",\"url\":\"https:\\\/\\\/investmentvisacn.com\\\/grenada-citizenship\\\/\",\"name\":\"Grenada Citizenship - Investment Visa CN\",\"isPartOf\":{\"@id\":\"https:\\\/\\\/investmentvisacn.com\\\/#website\"},\"datePublished\":\"2024-08-13T21:41:17+00:00\",\"dateModified\":\"2024-09-11T16:07:02+00:00\",\"breadcrumb\":{\"@id\":\"https:\\\/\\\/investmentvisacn.com\\\/grenada-citizenship\\\/#breadcrumb\"},\"inLanguage\":\"fr-FR\",\"potentialAction\":[{\"@type\":\"ReadAction\",\"target\":[\"https:\\\/\\\/investmentvisacn.com\\\/grenada-citizenship\\\/\"]}]},{\"@type\":\"BreadcrumbList\",\"@id\":\"https:\\\/\\\/investmentvisacn.com\\\/grenada-citizenship\\\/#breadcrumb\",\"itemListElement\":[{\"@type\":\"ListItem\",\"position\":1,\"name\":\"Home\",\"item\":\"https:\\\/\\\/investmentvisacn.com\\\/\"},{\"@type\":\"ListItem\",\"position\":2,\"name\":\"Grenada Citizenship\"}]},{\"@type\":\"WebSite\",\"@id\":\"https:\\\/\\\/investmentvisacn.com\\\/#website\",\"url\":\"https:\\\/\\\/investmentvisacn.com\\\/\",\"name\":\"Investment Visa CN\",\"description\":\"Global Investment &amp; Visa Solutions You Can Trust\",\"publisher\":{\"@id\":\"https:\\\/\\\/investmentvisacn.com\\\/#organization\"},\"potentialAction\":[{\"@type\":\"SearchAction\",\"target\":{\"@type\":\"EntryPoint\",\"urlTemplate\":\"https:\\\/\\\/investmentvisacn.com\\\/?s={search_term_string}\"},\"query-input\":{\"@type\":\"PropertyValueSpecification\",\"valueRequired\":true,\"valueName\":\"search_term_string\"}}],\"inLanguage\":\"fr-FR\"},{\"@type\":\"Organization\",\"@id\":\"https:\\\/\\\/investmentvisacn.com\\\/#organization\",\"name\":\"Investment Visa CN\",\"url\":\"https:\\\/\\\/investmentvisacn.com\\\/\",\"logo\":{\"@type\":\"ImageObject\",\"inLanguage\":\"fr-FR\",\"@id\":\"https:\\\/\\\/investmentvisacn.com\\\/#\\\/schema\\\/logo\\\/image\\\/\",\"url\":\"https:\\\/\\\/investmentvisacn.com\\\/wp-content\\\/uploads\\\/2024\\\/08\\\/universalinvestmentvisa.png\",\"contentUrl\":\"https:\\\/\\\/investmentvisacn.com\\\/wp-content\\\/uploads\\\/2024\\\/08\\\/universalinvestmentvisa.png\",\"width\":180,\"height\":60,\"caption\":\"Investment Visa CN\"},\"image\":{\"@id\":\"https:\\\/\\\/investmentvisacn.com\\\/#\\\/schema\\\/logo\\\/image\\\/\"}}]}<\/script>\n<!-- \/ Yoast SEO plugin. -->","yoast_head_json":{"title":"Citoyennet\u00e9 de la Grenade - Visa d'investissement CN","robots":{"index":"index","follow":"follow","max-snippet":"max-snippet:-1","max-image-preview":"max-image-preview:large","max-video-preview":"max-video-preview:-1"},"canonical":"https:\/\/investmentvisacn.com\/fr\/citoyennete-grenadine\/","og_locale":"fr_FR","og_type":"article","og_title":"Grenada Citizenship - Investment Visa CN","og_description":"Overview of Grenada Citizenship by Investment Programme Grenada\u2019s Citizenship by Investment programme was introduced in 2013 and offers a low-cost entry for a second citizenship and passport. Applicants from all countries are welcome but are subject to strict due diligence checks. The programme attracts many high-net-worth investors from all over the world looking to increase [&hellip;]","og_url":"https:\/\/investmentvisacn.com\/fr\/citoyennete-grenadine\/","og_site_name":"Investment Visa CN","article_modified_time":"2024-09-11T16:07:02+00:00","twitter_card":"summary_large_image","twitter_misc":{"Dur\u00e9e de lecture estim\u00e9e":"6 minutes"},"schema":{"@context":"https:\/\/schema.org","@graph":[{"@type":"WebPage","@id":"https:\/\/investmentvisacn.com\/grenada-citizenship\/","url":"https:\/\/investmentvisacn.com\/grenada-citizenship\/","name":"Citoyennet\u00e9 de la Grenade - Visa d'investissement CN","isPartOf":{"@id":"https:\/\/investmentvisacn.com\/#website"},"datePublished":"2024-08-13T21:41:17+00:00","dateModified":"2024-09-11T16:07:02+00:00","breadcrumb":{"@id":"https:\/\/investmentvisacn.com\/grenada-citizenship\/#breadcrumb"},"inLanguage":"fr-FR","potentialAction":[{"@type":"ReadAction","target":["https:\/\/investmentvisacn.com\/grenada-citizenship\/"]}]},{"@type":"BreadcrumbList","@id":"https:\/\/investmentvisacn.com\/grenada-citizenship\/#breadcrumb","itemListElement":[{"@type":"ListItem","position":1,"name":"Home","item":"https:\/\/investmentvisacn.com\/"},{"@type":"ListItem","position":2,"name":"Grenada Citizenship"}]},{"@type":"WebSite","@id":"https:\/\/investmentvisacn.com\/#website","url":"https:\/\/investmentvisacn.com\/","name":"Visa d'investissement CN","description":"Des solutions globales d'investissement et de visa auxquelles vous pouvez faire confiance","publisher":{"@id":"https:\/\/investmentvisacn.com\/#organization"},"potentialAction":[{"@type":"SearchAction","target":{"@type":"EntryPoint","urlTemplate":"https:\/\/investmentvisacn.com\/?s={search_term_string}"},"query-input":{"@type":"PropertyValueSpecification","valueRequired":true,"valueName":"search_term_string"}}],"inLanguage":"fr-FR"},{"@type":"Organization","@id":"https:\/\/investmentvisacn.com\/#organization","name":"Visa d'investissement CN","url":"https:\/\/investmentvisacn.com\/","logo":{"@type":"ImageObject","inLanguage":"fr-FR","@id":"https:\/\/investmentvisacn.com\/#\/schema\/logo\/image\/","url":"https:\/\/investmentvisacn.com\/wp-content\/uploads\/2024\/08\/universalinvestmentvisa.png","contentUrl":"https:\/\/investmentvisacn.com\/wp-content\/uploads\/2024\/08\/universalinvestmentvisa.png","width":180,"height":60,"caption":"Investment Visa CN"},"image":{"@id":"https:\/\/investmentvisacn.com\/#\/schema\/logo\/image\/"}}]}},"_links":{"self":[{"href":"https:\/\/investmentvisacn.com\/fr\/wp-json\/wp\/v2\/pages\/274","targetHints":{"allow":["GET"]}}],"collection":[{"href":"https:\/\/investmentvisacn.com\/fr\/wp-json\/wp\/v2\/pages"}],"about":[{"href":"https:\/\/investmentvisacn.com\/fr\/wp-json\/wp\/v2\/types\/page"}],"author":[{"embeddable":true,"href":"https:\/\/investmentvisacn.com\/fr\/wp-json\/wp\/v2\/users\/1"}],"replies":[{"embeddable":true,"href":"https:\/\/investmentvisacn.com\/fr\/wp-json\/wp\/v2\/comments?post=274"}],"version-history":[{"count":5,"href":"https:\/\/investmentvisacn.com\/fr\/wp-json\/wp\/v2\/pages\/274\/revisions"}],"predecessor-version":[{"id":617,"href":"https:\/\/investmentvisacn.com\/fr\/wp-json\/wp\/v2\/pages\/274\/revisions\/617"}],"wp:attachment":[{"href":"https:\/\/investmentvisacn.com\/fr\/wp-json\/wp\/v2\/media?parent=274"}],"curies":[{"name":"wp","href":"https:\/\/api.w.org\/{rel}","templated":true}]}}