{"id":272,"date":"2024-08-13T21:37:49","date_gmt":"2024-08-13T21:37:49","guid":{"rendered":"https:\/\/universalinvestmentvisa.com\/?page_id=272"},"modified":"2024-08-24T16:36:41","modified_gmt":"2024-08-24T16:36:41","slug":"visa-dor-pour-lirlande","status":"publish","type":"page","link":"https:\/\/investmentvisacn.com\/fr\/ireland-golden-visa\/","title":{"rendered":"Visa d'or pour l'Irlande"},"content":{"rendered":"<h2 class=\"wp-block-heading\">Fermeture du visa d'or en Irlande<\/h2>\n\n\n\n<p>***&nbsp;<em>Le gouvernement a annonc\u00e9 la fermeture du programme irlandais Golden Visa le 14 f\u00e9vrier 2023. Il y a maintenant une fen\u00eatre d'opportunit\u00e9 pour plusieurs projets existants au cours des prochains mois pour les investisseurs et les candidats. Cependant, les parties int\u00e9ress\u00e9es devront nous contacter tr\u00e8s rapidement car la pr\u00e9paration d'une demande peut prendre de 6 \u00e0 8 semaines.<\/em>.***<\/p>\n\n\n\n<h2 class=\"wp-block-heading\">Aper\u00e7u du visa d'or pour l'Irlande<\/h2>\n\n\n\n<p>L'Irlande a mis en place son premier programme de visa d'investisseur en 2012, officiellement connu sous le nom de Programme d'immigration et d'investissement (IIP). Le programme a \u00e9t\u00e9 am\u00e9lior\u00e9 en 2013 et offre d\u00e9sormais la possibilit\u00e9 aux candidats de l'ext\u00e9rieur de l'Union europ\u00e9enne d'obtenir la r\u00e9sidence irlandaise en investissant un minimum de 1,0 million d'euros dans un fonds d'investissement agr\u00e9\u00e9.<\/p>\n\n\n\n<p>Le programme irlandais de visas dor\u00e9s a \u00e9t\u00e9 mis en place pour stimuler l'investissement en Irlande et offrir une r\u00e9sidence \u00e0 des professionnels dynamiques ayant fait leurs preuves. Il s'agit d'un programme id\u00e9al pour les familles fortun\u00e9es cherchant \u00e0 s'installer en Europe. Il sera particuli\u00e8rement int\u00e9ressant pour les hommes d'affaires, les entrepreneurs et les personnes cherchant \u00e0 offrir \u00e0 leurs enfants une \u00e9ducation de haut niveau dans des universit\u00e9s de renomm\u00e9e mondiale.<\/p>\n\n\n\n<div class=\"wp-block-buttons is-content-justification-center is-layout-flex wp-container-core-buttons-is-layout-a89b3969 wp-block-buttons-is-layout-flex\">\n<div class=\"wp-block-button\"><a class=\"wp-block-button__link has-text-align-left wp-element-button\" href=\"https:\/\/investmentvisacn.com\/fr\/nous-contacter\/\">CONTACT-CONSEILLER<\/a><\/div>\n<\/div>\n\n\n\n<h2 class=\"wp-block-heading\">Avantages du visa d'or pour l'Irlande<\/h2>\n\n\n\n<p>Le programme irlandais d'immigration et d'investissement (IIIP) pr\u00e9sente de nombreux avantages et est particuli\u00e8rement int\u00e9ressant pour ceux qui envisagent de s'installer en Irlande en raison de l'essor de son \u00e9conomie et des possibilit\u00e9s de carri\u00e8re et d'\u00e9ducation qu'elle offre. L'Irlande est class\u00e9e parmi les dix pays les plus riches du monde, en termes de PIB par habitant.<\/p>\n\n\n\n<p>Les investisseurs peuvent b\u00e9n\u00e9ficier d'une r\u00e9duction de 50 000 euros du montant n\u00e9cessaire \u00e0 l'investissement s'ils ont des enfants qui souhaitent faire des \u00e9tudes universitaires en Irlande. Les avantages d'une \u00e9ducation compl\u00e8te en Irlande sont attrayants. Parlant anglais et disposant de certaines des meilleures universit\u00e9s d'Europe, l'Irlande offre des opportunit\u00e9s uniques aux \u00e9tudiants et aux dipl\u00f4m\u00e9s. Deux des quatre meilleures universit\u00e9s d'Europe pour la formation des entrepreneurs sont bas\u00e9es \u00e0 Dublin, \u00e0 savoir le Trinity College et l'University College Dublin. En outre, en raison de son acc\u00e8s au march\u00e9 de l'UE, les dipl\u00f4m\u00e9s sont accueillis par de nombreuses grandes entreprises mondiales ayant leur si\u00e8ge en Irlande. Il s'agit notamment de Google, Facebook, Intel, Twitter, Citi, Huawei, Pfizer, Takeda, Novartis, Trend Micro et Fujitsu.<\/p>\n\n\n\n<h3 class=\"wp-block-heading\">Principaux avantages :<\/h3>\n\n\n\n<ul class=\"wp-block-list\">\n<li>R\u00e9sidence irlandaise avec acc\u00e8s \u00e0 la citoyennet\u00e9<\/li>\n\n\n\n<li>Incitation \u00e0 l'\u00e9ducation pour les investisseurs titulaires d'un visa d'or<\/li>\n\n\n\n<li>Partie de l'accord sur la zone de voyage commune avec le Royaume-Uni<\/li>\n\n\n\n<li>Vivre, travailler, \u00e9tudier en Irlande, si vous le souhaitez, mais pas de s\u00e9jour minimum.<\/li>\n\n\n\n<li>Partie de l'UE<\/li>\n\n\n\n<li>Pays anglophone<\/li>\n<\/ul>\n\n\n\n<h2 class=\"wp-block-heading\">Citoyennet\u00e9 par investissement en Irlande<\/h2>\n\n\n\n<p>L'Irlande ne dispose pas d'un programme direct de citoyennet\u00e9 par l'investissement, mais apr\u00e8s cinq ans de r\u00e9sidence \u00e0 temps plein en Irlande, les investisseurs auront la possibilit\u00e9 de demander la citoyennet\u00e9 irlandaise et un passeport irlandais de l'UE, conform\u00e9ment aux lois irlandaises sur la citoyennet\u00e9. Une fois la citoyennet\u00e9 irlandaise accord\u00e9e, le d\u00e9tenteur pourra r\u00e9sider, travailler ou \u00e9tudier dans n'importe quel autre pays membre de l'UE sans avoir besoin d'un visa suppl\u00e9mentaire. L'Irlande a \u00e9galement conclu un accord sur la zone de voyage commune avec le Royaume-Uni, ce qui permet aux citoyens irlandais de circuler librement dans tout le pays.<\/p>\n\n\n\n<p>Le passeport irlandais est l'un des plus solides au monde et ses d\u00e9tenteurs peuvent acc\u00e9der sans visa \u00e0 199 pays et territoires dans le monde.<\/p>\n\n\n\n<p>Si votre objectif ultime est d'obtenir la citoyennet\u00e9 d'un pays de l'UE, mais que vous ne pouvez pas r\u00e9sider en Irlande pendant cinq ans, il est conseill\u00e9 aux investisseurs d'envisager la possibilit\u00e9 d'obtenir la nationalit\u00e9 irlandaise.\u00a0<a href=\"https:\/\/investmentvisacn.com\/fr\/visa-dor-portugais\/\">Visa d'or pour le Portugal<\/a>\u00a0comme alternative.<\/p>\n\n\n\n<h3 class=\"wp-block-heading\">Avantages<\/h3>\n\n\n\n<ul class=\"wp-block-list\">\n<li>\u00c0 partir de 1 000 000 \u20ac + frais<\/li>\n\n\n\n<li>Fonds d'investissement<\/li>\n\n\n\n<li>Famille compl\u00e8te<\/li>\n\n\n\n<li>Flexible. S\u00e9jour minimum de 1 jour.<\/li>\n\n\n\n<li>Superbe choix d'\u00e9ducation<\/li>\n<\/ul>\n\n\n\n<h3 class=\"wp-block-heading\">Exigences en mati\u00e8re de diligence raisonnable<\/h3>\n\n\n\n<p>Tous les candidats devront \u00eatre de bonne moralit\u00e9 et se soumettre aux formalit\u00e9s de diligence raisonnable du gouvernement irlandais. Les investisseurs doivent fournir<\/p>\n\n\n\n<ul class=\"wp-block-list\">\n<li>Investissement minimum de 1 000 000 \u20ac.<\/li>\n\n\n\n<li>Rapports de police - preuve d'un casier judiciaire vierge<\/li>\n\n\n\n<li>D\u00e9montrer une valeur nette de 2 000 000 \u20ac.<\/li>\n\n\n\n<li>R\u00e9sidence familiale compl\u00e8te, enfants \u00e0 charge, membres de la famille \u00e0 charge<\/li>\n\n\n\n<li>1 jour de s\u00e9jour minimum, Pas d'entretien, Pas de test de langue<\/li>\n\n\n\n<li>D\u00e9montrer une valeur nette de 2 000 000 \u20ac.<\/li>\n\n\n\n<li>R\u00e9sidence dans un pays de l'UE, Voyage dans l'espace Schengen de l'UE, Citoyennet\u00e9 5 ans et plus de r\u00e9sidence<\/li>\n<\/ul>\n\n\n\n<h2 class=\"wp-block-heading\">Conditions d'investissement pour le Golden Visa irlandais<\/h2>\n\n\n\n<p>Les candidats doivent investir un minimum de 1 000 000 \u20ac dans un fonds approuv\u00e9 qui sera d\u00e9tenu pendant au moins 3 \u00e0 5 ans. La proc\u00e9dure d'obtention du visa de r\u00e9sidence irlandais est relativement simple et rapide. Les candidats doivent r\u00e9sider hors de l'EEE et avoir.. :<\/p>\n\n\n\n<ul class=\"wp-block-list\">\n<li>Un casier judiciaire vierge<\/li>\n\n\n\n<li>Des fonds et des soins de sant\u00e9 suffisants pour couvrir leur s\u00e9jour<\/li>\n\n\n\n<li>Aucun refus de visa ant\u00e9rieur<\/li>\n\n\n\n<li>D\u00e9montrer une valeur nette de 2 000 000 \u20ac.<\/li>\n<\/ul>\n\n\n\n<h2 class=\"wp-block-heading\">Comment demander le Golden Visa en Irlande<\/h2>\n\n\n\n<p>R\u00e9servez votre consultation gratuite avec l'\u00e9quipe d'experts d'Universal Investment Visa pour discuter et d\u00e9cider du programme et de l'itin\u00e9raire d'investissement qui vous conviennent le mieux, \u00e0 vous et \u00e0 votre famille. Nos consultants exp\u00e9riment\u00e9s passeront en revue tous vos objectifs et exigences et vous conseilleront et vous guideront en d\u00e9tail tout au long du processus.<\/p>\n\n\n\n<p>Pour votre tranquillit\u00e9 d'esprit, avant que vous ne vous engagiez, Universal Investment Visa effectuera une v\u00e9rification pr\u00e9alable des ant\u00e9c\u00e9dents afin de s'assurer que votre demande pour l'Irlande a toutes les chances d'\u00eatre accept\u00e9e. Une fois cette v\u00e9rification effectu\u00e9e et si vous \u00eates d'accord, vous pouvez lancer officiellement le processus en signant notre contrat de facilitateur de client\u00e8le et en versant l'acompte de pr\u00e9-demande.<\/p>\n\n\n\n<p>L'\u00e9quipe professionnelle d'Universal Investment Visa travaillera avec vous pour pr\u00e9parer la demande. Lorsque votre demande est enti\u00e8rement pr\u00e9par\u00e9e et pr\u00eate \u00e0 \u00eatre soumise, le premier paiement (frais juridiques, frais de traitement et frais de dossier) doit \u00eatre effectu\u00e9. Apr\u00e8s approbation du comit\u00e9 d'\u00e9valuation irlandais et du ministre de la justice et de l'\u00e9galit\u00e9, le fonds d'investissement sera alors requis.<\/p>\n\n\n\n<p>Une fois l'investissement officiellement confirm\u00e9, les candidats retenus se verront accorder un premier visa de r\u00e9sidence de deux ans en Irlande, ainsi que tous les membres de leur famille \u00e9ligibles qui ont \u00e9t\u00e9 inclus dans la demande. Les candidats devront se rendre en Irlande avant le renouvellement de leur visa de deux ans afin d'enregistrer leur autorisation sur la demande.<\/p>\n\n\n\n<ul class=\"wp-block-list\">\n<li>\u00c9tape 1<\/li>\n\n\n\n<li>\u00c9tape 2<\/li>\n\n\n\n<li>\u00c9tape 3<\/li>\n\n\n\n<li>\u00c9tape 4<\/li>\n<\/ul>\n\n\n\n<h2 class=\"wp-block-heading\">R\u00e9sidence par investissement en Irlande - FONDS APPROUV\u00c9<\/h2>\n\n\n\n<p>Le fonds est un fonds d'investissement \u00e0 faible risque autoris\u00e9 et r\u00e9glement\u00e9 par la Banque centrale d'Irlande. Il permet aux investisseurs \u00e9trangers d'investir en Irlande en \u00e9change d'un statut de r\u00e9sident \u00e0 long terme.<\/p>\n\n\n\n<p>Les deux principaux objectifs du fonds sont les suivants<\/p>\n\n\n\n<p>1. Assurer une protection maximale des fonds des investisseurs gr\u00e2ce \u00e0 une politique d'investissement prudente et peu risqu\u00e9e en mati\u00e8re de pr\u00eats.<\/p>\n\n\n\n<p>2. Emettre des financements innovants pour un portefeuille d'h\u00f4tels irlandais qui augmenteront chacun les niveaux d'emploi pendant la dur\u00e9e de vie du fonds.<\/p>\n\n\n\n<p>Il s'agit d'un fonds de dette mutualis\u00e9 adoss\u00e9 \u00e0 des actifs qui offre une option tr\u00e8s s\u00fbre aux investisseurs souhaitant acc\u00e9der au programme irlandais de visa d'investisseur.<\/p>","protected":false},"excerpt":{"rendered":"<p>Ireland Golden Visa Closure ***&nbsp;The government announced the closure of Ireland\u2019s Golden Visa programme on 14 February 2023. There is now a window of opportunity for several existing projects over the next few months for investors and applicants. However interested parties will need to contact us very soon as the preparation of an application can [&hellip;]<\/p>\n","protected":false},"author":1,"featured_media":0,"parent":0,"menu_order":0,"comment_status":"closed","ping_status":"closed","template":"","meta":{"footnotes":""},"class_list":["post-272","page","type-page","status-publish","hentry"],"yoast_head":"<!-- This site is optimized with the Yoast SEO plugin v27.3 - https:\/\/yoast.com\/product\/yoast-seo-wordpress\/ -->\n<title>Ireland Golden Visa - Investment Visa CN<\/title>\n<meta name=\"robots\" content=\"index, follow, max-snippet:-1, max-image-preview:large, max-video-preview:-1\" \/>\n<link rel=\"canonical\" href=\"https:\/\/investmentvisacn.com\/fr\/visa-dor-pour-lirlande\/\" \/>\n<meta property=\"og:locale\" content=\"fr_FR\" \/>\n<meta property=\"og:type\" content=\"article\" \/>\n<meta property=\"og:title\" content=\"Ireland Golden Visa - Investment Visa CN\" \/>\n<meta property=\"og:description\" content=\"Ireland Golden Visa Closure ***&nbsp;The government announced the closure of Ireland\u2019s Golden Visa programme on 14 February 2023. There is now a window of opportunity for several existing projects over the next few months for investors and applicants. However interested parties will need to contact us very soon as the preparation of an application can [&hellip;]\" \/>\n<meta property=\"og:url\" content=\"https:\/\/investmentvisacn.com\/fr\/visa-dor-pour-lirlande\/\" \/>\n<meta property=\"og:site_name\" content=\"Investment Visa CN\" \/>\n<meta property=\"article:modified_time\" content=\"2024-08-24T16:36:41+00:00\" \/>\n<meta name=\"twitter:card\" content=\"summary_large_image\" \/>\n<meta name=\"twitter:label1\" content=\"Dur\u00e9e de lecture estim\u00e9e\" \/>\n\t<meta name=\"twitter:data1\" content=\"5 minutes\" \/>\n<script type=\"application\/ld+json\" class=\"yoast-schema-graph\">{\"@context\":\"https:\\\/\\\/schema.org\",\"@graph\":[{\"@type\":\"WebPage\",\"@id\":\"https:\\\/\\\/investmentvisacn.com\\\/ireland-golden-visa\\\/\",\"url\":\"https:\\\/\\\/investmentvisacn.com\\\/ireland-golden-visa\\\/\",\"name\":\"Ireland Golden Visa - Investment Visa CN\",\"isPartOf\":{\"@id\":\"https:\\\/\\\/investmentvisacn.com\\\/#website\"},\"datePublished\":\"2024-08-13T21:37:49+00:00\",\"dateModified\":\"2024-08-24T16:36:41+00:00\",\"breadcrumb\":{\"@id\":\"https:\\\/\\\/investmentvisacn.com\\\/ireland-golden-visa\\\/#breadcrumb\"},\"inLanguage\":\"fr-FR\",\"potentialAction\":[{\"@type\":\"ReadAction\",\"target\":[\"https:\\\/\\\/investmentvisacn.com\\\/ireland-golden-visa\\\/\"]}]},{\"@type\":\"BreadcrumbList\",\"@id\":\"https:\\\/\\\/investmentvisacn.com\\\/ireland-golden-visa\\\/#breadcrumb\",\"itemListElement\":[{\"@type\":\"ListItem\",\"position\":1,\"name\":\"Home\",\"item\":\"https:\\\/\\\/investmentvisacn.com\\\/\"},{\"@type\":\"ListItem\",\"position\":2,\"name\":\"Ireland Golden Visa\"}]},{\"@type\":\"WebSite\",\"@id\":\"https:\\\/\\\/investmentvisacn.com\\\/#website\",\"url\":\"https:\\\/\\\/investmentvisacn.com\\\/\",\"name\":\"Investment Visa CN\",\"description\":\"Global Investment &amp; Visa Solutions You Can Trust\",\"publisher\":{\"@id\":\"https:\\\/\\\/investmentvisacn.com\\\/#organization\"},\"potentialAction\":[{\"@type\":\"SearchAction\",\"target\":{\"@type\":\"EntryPoint\",\"urlTemplate\":\"https:\\\/\\\/investmentvisacn.com\\\/?s={search_term_string}\"},\"query-input\":{\"@type\":\"PropertyValueSpecification\",\"valueRequired\":true,\"valueName\":\"search_term_string\"}}],\"inLanguage\":\"fr-FR\"},{\"@type\":\"Organization\",\"@id\":\"https:\\\/\\\/investmentvisacn.com\\\/#organization\",\"name\":\"Investment Visa CN\",\"url\":\"https:\\\/\\\/investmentvisacn.com\\\/\",\"logo\":{\"@type\":\"ImageObject\",\"inLanguage\":\"fr-FR\",\"@id\":\"https:\\\/\\\/investmentvisacn.com\\\/#\\\/schema\\\/logo\\\/image\\\/\",\"url\":\"https:\\\/\\\/investmentvisacn.com\\\/wp-content\\\/uploads\\\/2024\\\/08\\\/universalinvestmentvisa.png\",\"contentUrl\":\"https:\\\/\\\/investmentvisacn.com\\\/wp-content\\\/uploads\\\/2024\\\/08\\\/universalinvestmentvisa.png\",\"width\":180,\"height\":60,\"caption\":\"Investment Visa CN\"},\"image\":{\"@id\":\"https:\\\/\\\/investmentvisacn.com\\\/#\\\/schema\\\/logo\\\/image\\\/\"}}]}<\/script>\n<!-- \/ Yoast SEO plugin. -->","yoast_head_json":{"title":"Visa d'or pour l'Irlande - Visa d'investissement CN","robots":{"index":"index","follow":"follow","max-snippet":"max-snippet:-1","max-image-preview":"max-image-preview:large","max-video-preview":"max-video-preview:-1"},"canonical":"https:\/\/investmentvisacn.com\/fr\/visa-dor-pour-lirlande\/","og_locale":"fr_FR","og_type":"article","og_title":"Ireland Golden Visa - Investment Visa CN","og_description":"Ireland Golden Visa Closure ***&nbsp;The government announced the closure of Ireland\u2019s Golden Visa programme on 14 February 2023. There is now a window of opportunity for several existing projects over the next few months for investors and applicants. However interested parties will need to contact us very soon as the preparation of an application can [&hellip;]","og_url":"https:\/\/investmentvisacn.com\/fr\/visa-dor-pour-lirlande\/","og_site_name":"Investment Visa CN","article_modified_time":"2024-08-24T16:36:41+00:00","twitter_card":"summary_large_image","twitter_misc":{"Dur\u00e9e de lecture estim\u00e9e":"5 minutes"},"schema":{"@context":"https:\/\/schema.org","@graph":[{"@type":"WebPage","@id":"https:\/\/investmentvisacn.com\/ireland-golden-visa\/","url":"https:\/\/investmentvisacn.com\/ireland-golden-visa\/","name":"Visa d'or pour l'Irlande - Visa d'investissement CN","isPartOf":{"@id":"https:\/\/investmentvisacn.com\/#website"},"datePublished":"2024-08-13T21:37:49+00:00","dateModified":"2024-08-24T16:36:41+00:00","breadcrumb":{"@id":"https:\/\/investmentvisacn.com\/ireland-golden-visa\/#breadcrumb"},"inLanguage":"fr-FR","potentialAction":[{"@type":"ReadAction","target":["https:\/\/investmentvisacn.com\/ireland-golden-visa\/"]}]},{"@type":"BreadcrumbList","@id":"https:\/\/investmentvisacn.com\/ireland-golden-visa\/#breadcrumb","itemListElement":[{"@type":"ListItem","position":1,"name":"Home","item":"https:\/\/investmentvisacn.com\/"},{"@type":"ListItem","position":2,"name":"Ireland Golden Visa"}]},{"@type":"WebSite","@id":"https:\/\/investmentvisacn.com\/#website","url":"https:\/\/investmentvisacn.com\/","name":"Visa d'investissement CN","description":"Des solutions globales d'investissement et de visa auxquelles vous pouvez faire confiance","publisher":{"@id":"https:\/\/investmentvisacn.com\/#organization"},"potentialAction":[{"@type":"SearchAction","target":{"@type":"EntryPoint","urlTemplate":"https:\/\/investmentvisacn.com\/?s={search_term_string}"},"query-input":{"@type":"PropertyValueSpecification","valueRequired":true,"valueName":"search_term_string"}}],"inLanguage":"fr-FR"},{"@type":"Organization","@id":"https:\/\/investmentvisacn.com\/#organization","name":"Visa d'investissement CN","url":"https:\/\/investmentvisacn.com\/","logo":{"@type":"ImageObject","inLanguage":"fr-FR","@id":"https:\/\/investmentvisacn.com\/#\/schema\/logo\/image\/","url":"https:\/\/investmentvisacn.com\/wp-content\/uploads\/2024\/08\/universalinvestmentvisa.png","contentUrl":"https:\/\/investmentvisacn.com\/wp-content\/uploads\/2024\/08\/universalinvestmentvisa.png","width":180,"height":60,"caption":"Investment Visa CN"},"image":{"@id":"https:\/\/investmentvisacn.com\/#\/schema\/logo\/image\/"}}]}},"_links":{"self":[{"href":"https:\/\/investmentvisacn.com\/fr\/wp-json\/wp\/v2\/pages\/272","targetHints":{"allow":["GET"]}}],"collection":[{"href":"https:\/\/investmentvisacn.com\/fr\/wp-json\/wp\/v2\/pages"}],"about":[{"href":"https:\/\/investmentvisacn.com\/fr\/wp-json\/wp\/v2\/types\/page"}],"author":[{"embeddable":true,"href":"https:\/\/investmentvisacn.com\/fr\/wp-json\/wp\/v2\/users\/1"}],"replies":[{"embeddable":true,"href":"https:\/\/investmentvisacn.com\/fr\/wp-json\/wp\/v2\/comments?post=272"}],"version-history":[{"count":3,"href":"https:\/\/investmentvisacn.com\/fr\/wp-json\/wp\/v2\/pages\/272\/revisions"}],"predecessor-version":[{"id":552,"href":"https:\/\/investmentvisacn.com\/fr\/wp-json\/wp\/v2\/pages\/272\/revisions\/552"}],"wp:attachment":[{"href":"https:\/\/investmentvisacn.com\/fr\/wp-json\/wp\/v2\/media?parent=272"}],"curies":[{"name":"wp","href":"https:\/\/api.w.org\/{rel}","templated":true}]}}