{"id":270,"date":"2024-08-13T21:36:54","date_gmt":"2024-08-13T21:36:54","guid":{"rendered":"https:\/\/universalinvestmentvisa.com\/?page_id=270"},"modified":"2024-08-24T07:58:42","modified_gmt":"2024-08-24T07:58:42","slug":"visa-dor-pour-lespagne","status":"publish","type":"page","link":"https:\/\/investmentvisacn.com\/fr\/spain-golden-visa\/","title":{"rendered":"Visa d'or pour l'Espagne"},"content":{"rendered":"<h2 class=\"wp-block-heading\">Vue d'ensemble du visa d'or pour l'Espagne<\/h2>\n\n\n\n<p>L'Espagne a lanc\u00e9 son programme de visas dor\u00e9s en 2013. Un investissement de 500 000 euros dans l'immobilier permet d'obtenir la r\u00e9sidence familiale. Le visa d'investisseur espagnol peut \u00eatre renouvel\u00e9 tous les deux ans. Au bout de cinq ans, il est possible d'obtenir la r\u00e9sidence permanente et au bout de dix ans, la citoyennet\u00e9. Il n'est pas n\u00e9cessaire de vivre en Espagne pour conserver et renouveler le permis de visa de r\u00e9sidence.<\/p>\n\n\n\n<p class=\"has-text-align-center\"><a href=\"https:\/\/investmentvisacn.com\/fr\/nous-contacter\/\" data-type=\"link\" data-id=\"https:\/\/investmentvisacn.com\/contact-us\/\">Contact-conseiller<\/a><\/p>\n\n\n\n<h2 class=\"wp-block-heading\">Avantages du visa d'or espagnol<\/h2>\n\n\n\n<p>Les principaux avantages du visa d'or espagnol sont sans aucun doute la rapidit\u00e9 avec laquelle le permis de s\u00e9jour est d\u00e9livr\u00e9 et le co\u00fbt relativement faible du renouvellement. L'Espagne est naturellement compar\u00e9e \u00e0 son voisin\u00a0<a href=\"https:\/\/investmentvisacn.com\/fr\/visa-dor-portugais\/\" data-type=\"page\" data-id=\"276\">Portugal<\/a>\u00a0et le succ\u00e8s incontestable du programme de visas dor\u00e9s dans ce pays. Bien que le montant de l'investissement immobilier (500 000 euros) soit d\u00e9sormais presque le double de celui du programme portugais, le choix des biens immobiliers pouvant \u00eatre achet\u00e9s en Espagne est consid\u00e9rablement plus vaste, sans aucune autre restriction que la limite d'investissement minimum.<\/p>\n\n\n\n<h3 class=\"wp-block-heading\">Principaux avantages :<\/h3>\n\n\n\n<p>\u00c0 partir de 500 000 euros + frais<\/p>\n\n\n\n<p>Immobilier<\/p>\n\n\n\n<p>Famille compl\u00e8te<\/p>\n\n\n\n<p>Flexible. Pas de s\u00e9jour minimum.<\/p>\n\n\n\n<p>Voyages dans l'espace Schengen de l'UE<\/p>\n\n\n\n<h2 class=\"wp-block-heading\">R\u00e9sidence permanente et citoyennet\u00e9 en Espagne<\/h2>\n\n\n\n<p>Il est possible de demander la r\u00e9sidence permanente en Espagne apr\u00e8s avoir v\u00e9cu dans le pays pendant cinq ans. La citoyennet\u00e9 peut \u00eatre demand\u00e9e apr\u00e8s avoir v\u00e9cu \u00e0 plein temps pendant dix ans. Bien que le permis de r\u00e9sidence temporaire (le visa dor\u00e9) puisse \u00eatre facilement renouvel\u00e9 sans avoir \u00e0 vivre dans le pays, la voie vers la r\u00e9sidence permanente et la citoyennet\u00e9 exige que l'investisseur et sa famille r\u00e9sident en Espagne. C'est pourquoi le programme espagnol de visas dor\u00e9s est tr\u00e8s pris\u00e9 par les candidats qui souhaitent r\u00e9sider \u00e0 plein temps en Espagne ou simplement conserver une deuxi\u00e8me r\u00e9sidence en Europe, mais sans acc\u00e8s \u00e0 la citoyennet\u00e9. Il est conseill\u00e9 aux investisseurs \u00e0 la recherche d'une citoyennet\u00e9 europ\u00e9enne potentielle d'envisager le programme de visa d'or espagnol.\u00a0<a href=\"https:\/\/investmentvisacn.com\/fr\/visa-dor-portugais\/\" data-type=\"page\" data-id=\"276\">Visa d'or pour le Portugal<\/a>\u00a0programme.<\/p>\n\n\n\n<p>Investissement minimum de 500 000 euros<br>Casier judiciaire vierge<br>Ouvert aux candidats non ressortissants de l'UE<\/p>\n\n\n\n<p>R\u00e9sidence familiale compl\u00e8te<br>Enfants \u00e0 charge<br>Membres de la famille \u00e0 charge<\/p>\n\n\n\n<p>Pas de s\u00e9jour minimum requis<br>Pas d'entretien<br>Pas de test linguistique<\/p>\n\n\n\n<p>R\u00e9sidence dans un pays de l'UE<br>Voyages dans l'espace Schengen de l'UE<br>Citoyennet\u00e9 R\u00e9sidence de plus de 10 ans<\/p>\n\n\n\n<h2 class=\"wp-block-heading\">Comment obtenir un visa d'or espagnol ?<\/h2>\n\n\n\n<p>Apr\u00e8s un investissement de 500 000 euros dans l'immobilier espagnol, la proc\u00e9dure d'obtention d'un visa dor\u00e9 espagnol est relativement simple et rapide. Les candidats, qui doivent \u00eatre des r\u00e9sidents non europ\u00e9ens, doivent avoir.. :<\/p>\n\n\n\n<ul class=\"wp-block-list\">\n<li>Un casier judiciaire vierge<\/li>\n\n\n\n<li>Des fonds et des soins de sant\u00e9 suffisants pour couvrir leur s\u00e9jour<\/li>\n\n\n\n<li>Pas de refus de visa Schengen dans le pass\u00e9<\/li>\n<\/ul>\n\n\n\n<h2 class=\"wp-block-heading\">Comment demander le Golden Visa en Espagne<\/h2>\n\n\n\n<ul class=\"wp-block-list\">\n<li>Rapidit\u00e9 de d\u00e9livrance du titre de s\u00e9jour<\/li>\n\n\n\n<li>Faibles taxes gouvernementales<\/li>\n\n\n\n<li>Frais de renouvellement peu \u00e9lev\u00e9s<\/li>\n\n\n\n<li>Libre choix des options immobili\u00e8res<\/li>\n\n\n\n<li>Voyage sans visa dans l'ensemble de la zone Schengen de l'UEPremi\u00e8rement, contactez Universal Investment Visa's pour obtenir des conseils sur l'Espagne et d'autres programmes de visas dor\u00e9s afin d'\u00e9tablir l'option la plus appropri\u00e9e pour vous et votre famille.Visitez l'Espagne pour voir les options immobili\u00e8res et s\u00e9lectionnez votre investissement en nommant un avocat qui s'occupera de la cession en votre nom. Une fois l'investissement immobilier r\u00e9alis\u00e9, vous pouvez demander un visa d'or. Cette d\u00e9marche peut \u00eatre effectu\u00e9e en Espagne ou aupr\u00e8s de votre consulat et ne prend g\u00e9n\u00e9ralement pas plus d'un mois pour la d\u00e9livrance du visa temporaire initial d'un an.Vous pouvez ensuite vous rendre en Espagne pour compl\u00e9ter la demande de visa dor\u00e9 et obtenir le permis de r\u00e9sidence, qui est d\u00e9livr\u00e9 initialement pour deux ans. Ce permis peut \u00eatre renouvel\u00e9 tous les cinq ans, \u00e0 condition que vous mainteniez votre investissement.\n<ul class=\"wp-block-list\">\n<li>\u00c9tape 1<\/li>\n\n\n\n<li>\u00c9tape 2<\/li>\n\n\n\n<li>\u00c9tape 3<\/li>\n\n\n\n<li>\u00c9tape 4<\/li>\n<\/ul>\n<\/li>\n<\/ul>\n\n\n\n<h2 class=\"wp-block-heading\">Visa d'or espagnol gr\u00e2ce \u00e0 un investissement immobilier<\/h2>\n\n\n\n<p>Apr\u00e8s avoir atteint un point bas en 2015, les prix de l'immobilier espagnol ont augment\u00e9 r\u00e9guli\u00e8rement, passant d'environ 1450 \u20ac\/m\u00b2 en 2015 \u00e0 environ 1700 \u20ac\/m\u00b2 en 2022, soit une croissance nationale d'environ 2% chaque ann\u00e9e. Cependant, les prix restent inf\u00e9rieurs au pic de 2101 \u20ac\/m\u00b2 atteint en 2008 et, aux prix actuels, l'immobilier en Espagne peut offrir de la valeur \u00e0 l'avenir. Un investissement de 500 000 euros est n\u00e9cessaire pour obtenir un visa dor\u00e9. Les investisseurs qui ont besoin de nos services peuvent consulter notre proc\u00e9dure pour le programme de visa dor\u00e9 en Espagne.<\/p>","protected":false},"excerpt":{"rendered":"<p>Spain Golden Visa Overview Spain launched its golden visa programme in 2013. An investment of \u20ac500,000 in real estate will gain family residency. The Spanish investor visa can be renewed every two years. After five years it is possible to gain permanent residency and after ten years citizenship. It is not necessary to live in [&hellip;]<\/p>\n","protected":false},"author":1,"featured_media":0,"parent":0,"menu_order":0,"comment_status":"closed","ping_status":"closed","template":"","meta":{"footnotes":""},"class_list":["post-270","page","type-page","status-publish","hentry"],"yoast_head":"<!-- This site is optimized with the Yoast SEO plugin v27.3 - https:\/\/yoast.com\/product\/yoast-seo-wordpress\/ -->\n<title>Spain Golden Visa - Investment Visa CN<\/title>\n<meta name=\"robots\" content=\"index, follow, max-snippet:-1, max-image-preview:large, max-video-preview:-1\" \/>\n<link rel=\"canonical\" href=\"https:\/\/investmentvisacn.com\/fr\/visa-dor-pour-lespagne\/\" \/>\n<meta property=\"og:locale\" content=\"fr_FR\" \/>\n<meta property=\"og:type\" content=\"article\" \/>\n<meta property=\"og:title\" content=\"Spain Golden Visa - Investment Visa CN\" \/>\n<meta property=\"og:description\" content=\"Spain Golden Visa Overview Spain launched its golden visa programme in 2013. An investment of \u20ac500,000 in real estate will gain family residency. The Spanish investor visa can be renewed every two years. After five years it is possible to gain permanent residency and after ten years citizenship. It is not necessary to live in [&hellip;]\" \/>\n<meta property=\"og:url\" content=\"https:\/\/investmentvisacn.com\/fr\/visa-dor-pour-lespagne\/\" \/>\n<meta property=\"og:site_name\" content=\"Investment Visa CN\" \/>\n<meta property=\"article:modified_time\" content=\"2024-08-24T07:58:42+00:00\" \/>\n<meta name=\"twitter:card\" content=\"summary_large_image\" \/>\n<meta name=\"twitter:label1\" content=\"Dur\u00e9e de lecture estim\u00e9e\" \/>\n\t<meta name=\"twitter:data1\" content=\"3 minutes\" \/>\n<script type=\"application\/ld+json\" class=\"yoast-schema-graph\">{\"@context\":\"https:\\\/\\\/schema.org\",\"@graph\":[{\"@type\":\"WebPage\",\"@id\":\"https:\\\/\\\/investmentvisacn.com\\\/spain-golden-visa\\\/\",\"url\":\"https:\\\/\\\/investmentvisacn.com\\\/spain-golden-visa\\\/\",\"name\":\"Spain Golden Visa - Investment Visa CN\",\"isPartOf\":{\"@id\":\"https:\\\/\\\/investmentvisacn.com\\\/#website\"},\"datePublished\":\"2024-08-13T21:36:54+00:00\",\"dateModified\":\"2024-08-24T07:58:42+00:00\",\"breadcrumb\":{\"@id\":\"https:\\\/\\\/investmentvisacn.com\\\/spain-golden-visa\\\/#breadcrumb\"},\"inLanguage\":\"fr-FR\",\"potentialAction\":[{\"@type\":\"ReadAction\",\"target\":[\"https:\\\/\\\/investmentvisacn.com\\\/spain-golden-visa\\\/\"]}]},{\"@type\":\"BreadcrumbList\",\"@id\":\"https:\\\/\\\/investmentvisacn.com\\\/spain-golden-visa\\\/#breadcrumb\",\"itemListElement\":[{\"@type\":\"ListItem\",\"position\":1,\"name\":\"Home\",\"item\":\"https:\\\/\\\/investmentvisacn.com\\\/\"},{\"@type\":\"ListItem\",\"position\":2,\"name\":\"Spain Golden Visa\"}]},{\"@type\":\"WebSite\",\"@id\":\"https:\\\/\\\/investmentvisacn.com\\\/#website\",\"url\":\"https:\\\/\\\/investmentvisacn.com\\\/\",\"name\":\"Investment Visa CN\",\"description\":\"Global Investment &amp; Visa Solutions You Can Trust\",\"publisher\":{\"@id\":\"https:\\\/\\\/investmentvisacn.com\\\/#organization\"},\"potentialAction\":[{\"@type\":\"SearchAction\",\"target\":{\"@type\":\"EntryPoint\",\"urlTemplate\":\"https:\\\/\\\/investmentvisacn.com\\\/?s={search_term_string}\"},\"query-input\":{\"@type\":\"PropertyValueSpecification\",\"valueRequired\":true,\"valueName\":\"search_term_string\"}}],\"inLanguage\":\"fr-FR\"},{\"@type\":\"Organization\",\"@id\":\"https:\\\/\\\/investmentvisacn.com\\\/#organization\",\"name\":\"Investment Visa CN\",\"url\":\"https:\\\/\\\/investmentvisacn.com\\\/\",\"logo\":{\"@type\":\"ImageObject\",\"inLanguage\":\"fr-FR\",\"@id\":\"https:\\\/\\\/investmentvisacn.com\\\/#\\\/schema\\\/logo\\\/image\\\/\",\"url\":\"https:\\\/\\\/investmentvisacn.com\\\/wp-content\\\/uploads\\\/2024\\\/08\\\/universalinvestmentvisa.png\",\"contentUrl\":\"https:\\\/\\\/investmentvisacn.com\\\/wp-content\\\/uploads\\\/2024\\\/08\\\/universalinvestmentvisa.png\",\"width\":180,\"height\":60,\"caption\":\"Investment Visa CN\"},\"image\":{\"@id\":\"https:\\\/\\\/investmentvisacn.com\\\/#\\\/schema\\\/logo\\\/image\\\/\"}}]}<\/script>\n<!-- \/ Yoast SEO plugin. -->","yoast_head_json":{"title":"Espagne Golden Visa - Visa d'investissement CN","robots":{"index":"index","follow":"follow","max-snippet":"max-snippet:-1","max-image-preview":"max-image-preview:large","max-video-preview":"max-video-preview:-1"},"canonical":"https:\/\/investmentvisacn.com\/fr\/visa-dor-pour-lespagne\/","og_locale":"fr_FR","og_type":"article","og_title":"Spain Golden Visa - Investment Visa CN","og_description":"Spain Golden Visa Overview Spain launched its golden visa programme in 2013. An investment of \u20ac500,000 in real estate will gain family residency. The Spanish investor visa can be renewed every two years. After five years it is possible to gain permanent residency and after ten years citizenship. It is not necessary to live in [&hellip;]","og_url":"https:\/\/investmentvisacn.com\/fr\/visa-dor-pour-lespagne\/","og_site_name":"Investment Visa CN","article_modified_time":"2024-08-24T07:58:42+00:00","twitter_card":"summary_large_image","twitter_misc":{"Dur\u00e9e de lecture estim\u00e9e":"3 minutes"},"schema":{"@context":"https:\/\/schema.org","@graph":[{"@type":"WebPage","@id":"https:\/\/investmentvisacn.com\/spain-golden-visa\/","url":"https:\/\/investmentvisacn.com\/spain-golden-visa\/","name":"Espagne Golden Visa - Visa d'investissement CN","isPartOf":{"@id":"https:\/\/investmentvisacn.com\/#website"},"datePublished":"2024-08-13T21:36:54+00:00","dateModified":"2024-08-24T07:58:42+00:00","breadcrumb":{"@id":"https:\/\/investmentvisacn.com\/spain-golden-visa\/#breadcrumb"},"inLanguage":"fr-FR","potentialAction":[{"@type":"ReadAction","target":["https:\/\/investmentvisacn.com\/spain-golden-visa\/"]}]},{"@type":"BreadcrumbList","@id":"https:\/\/investmentvisacn.com\/spain-golden-visa\/#breadcrumb","itemListElement":[{"@type":"ListItem","position":1,"name":"Home","item":"https:\/\/investmentvisacn.com\/"},{"@type":"ListItem","position":2,"name":"Spain Golden Visa"}]},{"@type":"WebSite","@id":"https:\/\/investmentvisacn.com\/#website","url":"https:\/\/investmentvisacn.com\/","name":"Visa d'investissement CN","description":"Des solutions globales d'investissement et de visa auxquelles vous pouvez faire confiance","publisher":{"@id":"https:\/\/investmentvisacn.com\/#organization"},"potentialAction":[{"@type":"SearchAction","target":{"@type":"EntryPoint","urlTemplate":"https:\/\/investmentvisacn.com\/?s={search_term_string}"},"query-input":{"@type":"PropertyValueSpecification","valueRequired":true,"valueName":"search_term_string"}}],"inLanguage":"fr-FR"},{"@type":"Organization","@id":"https:\/\/investmentvisacn.com\/#organization","name":"Visa d'investissement CN","url":"https:\/\/investmentvisacn.com\/","logo":{"@type":"ImageObject","inLanguage":"fr-FR","@id":"https:\/\/investmentvisacn.com\/#\/schema\/logo\/image\/","url":"https:\/\/investmentvisacn.com\/wp-content\/uploads\/2024\/08\/universalinvestmentvisa.png","contentUrl":"https:\/\/investmentvisacn.com\/wp-content\/uploads\/2024\/08\/universalinvestmentvisa.png","width":180,"height":60,"caption":"Investment Visa CN"},"image":{"@id":"https:\/\/investmentvisacn.com\/#\/schema\/logo\/image\/"}}]}},"_links":{"self":[{"href":"https:\/\/investmentvisacn.com\/fr\/wp-json\/wp\/v2\/pages\/270","targetHints":{"allow":["GET"]}}],"collection":[{"href":"https:\/\/investmentvisacn.com\/fr\/wp-json\/wp\/v2\/pages"}],"about":[{"href":"https:\/\/investmentvisacn.com\/fr\/wp-json\/wp\/v2\/types\/page"}],"author":[{"embeddable":true,"href":"https:\/\/investmentvisacn.com\/fr\/wp-json\/wp\/v2\/users\/1"}],"replies":[{"embeddable":true,"href":"https:\/\/investmentvisacn.com\/fr\/wp-json\/wp\/v2\/comments?post=270"}],"version-history":[{"count":3,"href":"https:\/\/investmentvisacn.com\/fr\/wp-json\/wp\/v2\/pages\/270\/revisions"}],"predecessor-version":[{"id":473,"href":"https:\/\/investmentvisacn.com\/fr\/wp-json\/wp\/v2\/pages\/270\/revisions\/473"}],"wp:attachment":[{"href":"https:\/\/investmentvisacn.com\/fr\/wp-json\/wp\/v2\/media?parent=270"}],"curies":[{"name":"wp","href":"https:\/\/api.w.org\/{rel}","templated":true}]}}