{"id":268,"date":"2024-08-13T21:33:46","date_gmt":"2024-08-13T21:33:46","guid":{"rendered":"https:\/\/universalinvestmentvisa.com\/?page_id=268"},"modified":"2024-09-11T14:50:45","modified_gmt":"2024-09-11T14:50:45","slug":"citoyennete-de-saint-kitts","status":"publish","type":"page","link":"https:\/\/investmentvisacn.com\/fr\/st-kitts-citizenship\/","title":{"rendered":"Citoyennet\u00e9 de Saint-Kitts"},"content":{"rendered":"<h2 class=\"wp-block-heading\">Comment obtenir la citoyennet\u00e9 de Saint KITTS par l'investissement<\/h2>\n\n\n\n<p>Le programme de citoyennet\u00e9 par l'investissement de Saint-Kitts-et-Nevis offre deux voies d'investissement principales. Les candidats peuvent obtenir la citoyennet\u00e9 et un passeport en faisant un don ou en investissant dans des projets immobiliers approuv\u00e9s par le gouvernement. Le gouvernement exige un don minimum de $250 000 \u00e0 la Sustainable Island State Contribution (SISC) ou un investissement immobilier minimum de US$400 000. En outre, des frais de dossier, des frais d'agence et des frais de diligence raisonnable s'appliquent.<\/p>\n\n\n\n<p><strong>*<\/strong>&nbsp;Saint-Kitts a consid\u00e9rablement augment\u00e9 ses niveaux d'investissement le 27 juillet 2023. Les anciens SGF ou LTO ne sont plus des options d'investissement pour les citoyens de St Kitts.<\/p>\n\n\n\n<p class=\"has-text-align-center\"><a href=\"https:\/\/investmentvisacn.com\/fr\/nous-contacter\/\">Contact-Conseiller<\/a><\/p>\n\n\n\n<h3 class=\"wp-block-heading\">Vue d'ensemble du programme de citoyennet\u00e9 par l'investissement de Saint Kitts<\/h3>\n\n\n\n<p>Cr\u00e9\u00e9 en 1984, le programme de citoyennet\u00e9 par l'investissement de Saint-Kitts-et-Nevis est le plus ancien programme de citoyennet\u00e9 par l'investissement au monde. Il attire des personnes fortun\u00e9es et leurs familles du monde entier qui cherchent \u00e0 accro\u00eetre leur mobilit\u00e9 mondiale et \u00e0 diversifier leurs int\u00e9r\u00eats. Les candidats retenus se verront accorder la citoyennet\u00e9 de Saint-Kitts et un certificat de naturalisation. Le programme de citoyennet\u00e9 par l'investissement de Saint-Kitts a aid\u00e9 le pays \u00e0 g\u00e9n\u00e9rer d'importants investissements \u00e9trangers qui, \u00e0 leur tour, contribuent \u00e0 stimuler l'\u00e9conomie locale et \u00e0 financer des projets communautaires essentiels \u00e0 Saint-Kitts et \u00e0 Nevis.<\/p>\n\n\n\n<p>Don de $250.000<\/p>\n\n\n\n<p>A partir de $400 000+ Immobilier<\/p>\n\n\n\n<p>Famille compl\u00e8te<\/p>\n\n\n\n<p>Citoyennet\u00e9 de Saint Kitts<\/p>\n\n\n\n<p>Facilit\u00e9 de d\u00e9placement dans le monde entier<\/p>\n\n\n\n<h2 class=\"wp-block-heading\">Exigences en mati\u00e8re de citoyennet\u00e9 par l'investissement \u00e0 Saint-Kitts<\/h2>\n\n\n\n<p>Outre l'investissement ou le don n\u00e9cessaire, les candidats doivent satisfaire \u00e0 plusieurs exigences pour Saint-Christophe.<\/p>\n\n\n\n<h3 class=\"wp-block-heading\">Exigences familiales<\/h3>\n\n\n\n<p>Les membres de la famille peuvent \u00eatre inclus dans la demande de citoyennet\u00e9 de Saint-Kitts. L'investisseur principal peut \u00eatre<\/p>\n\n\n\n<ul class=\"wp-block-list\">\n<li>Conjoint<\/li>\n\n\n\n<li>Enfants \u00e0 charge<\/li>\n\n\n\n<li>Parents \u00e0 charge \u00e2g\u00e9s de plus de 65 ans<\/li>\n<\/ul>\n\n\n\n<h3 class=\"wp-block-heading\">Exigences en mati\u00e8re de diligence raisonnable<\/h3>\n\n\n\n<p>Tous les candidats devront \u00eatre de bonne moralit\u00e9 et se soumettre aux formalit\u00e9s de diligence raisonnable du gouvernement de St Kitts : Les investisseurs doivent<\/p>\n\n\n\n<ul class=\"wp-block-list\">\n<li>Fournir des rapports de police - preuve d'un casier judiciaire vierge<\/li>\n\n\n\n<li>Ne pas avoir fait l'objet d'un refus de visa<\/li>\n\n\n\n<li>Soumettre divers documents, notamment des documents financiers, des documents relatifs \u00e0 l'emploi ou \u00e0 l'entreprise, une pi\u00e8ce d'identit\u00e9 et un justificatif de domicile.<\/li>\n\n\n\n<li>Participer \u00e0 un entretien virtuel<\/li>\n<\/ul>\n\n\n\n<h3 class=\"wp-block-heading\">Conditions de s\u00e9jour minimum<\/h3>\n\n\n\n<p>Saint Kitts <a href=\"https:\/\/investmentvisacn.com\/fr\/citoyennete-autrichienne-et-residence-par-investissement\/\" data-type=\"page\" data-id=\"420\">Citoyennet\u00e9<\/a> by Investment n'exige pas des candidats qu'ils satisfassent \u00e0 des conditions de s\u00e9jour minimum. Les citoyens de Saint-Kitts auront le droit de vivre, de travailler ou d'\u00e9tudier \u00e0 Saint-Kitts-et-Nevis s'ils le souhaitent, mais ce n'est pas une condition pr\u00e9alable au programme. Aucun test linguistique n'est non plus requis.<\/p>\n\n\n\n<p>Bon caract\u00e8re<br>Casier judiciaire vierge<br>Pas de refus de visa<\/p>\n\n\n\n<p>Inclure la famille enti\u00e8re<br>Parents \u00e0 charge 65 ans et plus<br>Enfants \u00e0 charge<\/p>\n\n\n\n<p>Pas de s\u00e9jour minimum<br>Pas de test linguistique<br>Pas de frais suppl\u00e9mentaires<\/p>\n\n\n\n<p>ID du demandeur<br>Preuve de fonds<br>Certificats de naissance \/ de mariage<br>Registres financiers<\/p>\n\n\n\n<h2 class=\"wp-block-heading\">Comment obtenir la citoyennet\u00e9 de Saint-Kitts par l'investissement ?<\/h2>\n\n\n\n<p>R\u00e9servez votre consultation gratuite avec l'\u00e9quipe d'experts d'Universal Investment Visa pour discuter et d\u00e9cider du programme et de l'itin\u00e9raire d'investissement qui vous conviennent le mieux, \u00e0 vous et \u00e0 votre famille. Nos consultants exp\u00e9riment\u00e9s vous fourniront un devis personnalis\u00e9 qui couvrira tous les frais applicables. Ils vous conseilleront et vous guideront tout au long du processus.<\/p>\n\n\n\n<p>Pour votre tranquillit\u00e9 d'esprit, avant que vous ne vous engagiez, Universal Investment Visa effectuera une v\u00e9rification pr\u00e9alable des ant\u00e9c\u00e9dents afin de s'assurer que votre demande a toutes les chances d'\u00eatre accept\u00e9e. Une fois cette v\u00e9rification effectu\u00e9e et si vous \u00eates d'accord, vous pouvez lancer officiellement le processus en signant notre contrat de facilitateur de client\u00e8le et en versant l'acompte de pr\u00e9-demande.<\/p>\n\n\n\n<p>L'\u00e9quipe de traitement interne d'Universal Investment Visa travaillera en \u00e9troite collaboration avec vous pour pr\u00e9parer votre demande. Une fois votre dossier enti\u00e8rement constitu\u00e9, notre \u00e9quipe soumettra votre demande \u00e0 l'unit\u00e9 de citoyennet\u00e9 par l'investissement de Saint-Kitts-et-Nevis (St Kitts CIU). Des frais gouvernementaux seront exig\u00e9s \u00e0 ce stade. \u00c0 partir de ce moment, le traitement des demandes prend en moyenne de 60 \u00e0 90 jours.<\/p>\n\n\n\n<p>\u00c0 l'issue des contr\u00f4les de diligence raisonnable et de l'analyse de votre demande par l'unit\u00e9 de citoyennet\u00e9 de Saint-Kitts, une lettre d'approbation du gouvernement vous sera d\u00e9livr\u00e9e et vous devrez alors effectuer le paiement final. Les passeports de Saint-Kitts sont g\u00e9n\u00e9ralement d\u00e9livr\u00e9s dans un d\u00e9lai d'environ un mois \u00e0 compter de l'octroi de la citoyennet\u00e9.<\/p>\n\n\n\n<ul class=\"wp-block-list\">\n<li>\u00c9tape 1<\/li>\n\n\n\n<li>\u00c9tape 2<\/li>\n\n\n\n<li>\u00c9tape 3<\/li>\n\n\n\n<li>\u00c9tape 4<\/li>\n<\/ul>\n\n\n\n<h2 class=\"wp-block-heading\">Avantages du programme de citoyennet\u00e9 par l'investissement de Saint-Kitts<\/h2>\n\n\n\n<p>Une fois que les investisseurs ont obtenu leur certificat d'enregistrement \u00e0 Saint-Kitts-et-Nevis, ils peuvent b\u00e9n\u00e9ficier de tous les avantages de la citoyennet\u00e9 de Saint-Kitts-et-Nevis, \u00e0 savoir<\/p>\n\n\n\n<ul class=\"wp-block-list\">\n<li>S\u00e9curit\u00e9 d'un plan B Citoyennet\u00e9 et passeport<\/li>\n\n\n\n<li>Diversifier vos actifs en dehors de votre r\u00e9gion actuelle<\/li>\n\n\n\n<li>Vivre, travailler et \u00e9tudier \u00e0 Saint-Kitts et dans d'autres pays de la CARICOM<\/li>\n\n\n\n<li>Incitations fiscales \u00e0 la r\u00e9sidence<\/li>\n<\/ul>\n\n\n\n<ul class=\"wp-block-list\">\n<li><\/li>\n<\/ul>","protected":false},"excerpt":{"rendered":"<p>How to Obtain Saint KITTS Citizenship through Investment The St Kitts and Nevis Citizenship by Investment programme offers two main investment paths. Applicants can obtain citizenship and a passport through a donation route or by investing in government approved real estate projects. The government requires a minimum donation of $250,000 to the Sustainable Island State [&hellip;]<\/p>\n","protected":false},"author":1,"featured_media":0,"parent":0,"menu_order":0,"comment_status":"closed","ping_status":"closed","template":"","meta":{"footnotes":""},"class_list":["post-268","page","type-page","status-publish","hentry"],"yoast_head":"<!-- This site is optimized with the Yoast SEO plugin v27.3 - https:\/\/yoast.com\/product\/yoast-seo-wordpress\/ -->\n<title>St Kitts Citizenship - Investment Visa CN<\/title>\n<meta name=\"robots\" content=\"index, follow, max-snippet:-1, max-image-preview:large, max-video-preview:-1\" \/>\n<link rel=\"canonical\" href=\"https:\/\/investmentvisacn.com\/fr\/citoyennete-de-saint-kitts\/\" \/>\n<meta property=\"og:locale\" content=\"fr_FR\" \/>\n<meta property=\"og:type\" content=\"article\" \/>\n<meta property=\"og:title\" content=\"St Kitts Citizenship - Investment Visa CN\" \/>\n<meta property=\"og:description\" content=\"How to Obtain Saint KITTS Citizenship through Investment The St Kitts and Nevis Citizenship by Investment programme offers two main investment paths. Applicants can obtain citizenship and a passport through a donation route or by investing in government approved real estate projects. The government requires a minimum donation of $250,000 to the Sustainable Island State [&hellip;]\" \/>\n<meta property=\"og:url\" content=\"https:\/\/investmentvisacn.com\/fr\/citoyennete-de-saint-kitts\/\" \/>\n<meta property=\"og:site_name\" content=\"Investment Visa CN\" \/>\n<meta property=\"article:modified_time\" content=\"2024-09-11T14:50:45+00:00\" \/>\n<meta name=\"twitter:card\" content=\"summary_large_image\" \/>\n<meta name=\"twitter:label1\" content=\"Dur\u00e9e de lecture estim\u00e9e\" \/>\n\t<meta name=\"twitter:data1\" content=\"4 minutes\" \/>\n<script type=\"application\/ld+json\" class=\"yoast-schema-graph\">{\"@context\":\"https:\\\/\\\/schema.org\",\"@graph\":[{\"@type\":\"WebPage\",\"@id\":\"https:\\\/\\\/investmentvisacn.com\\\/st-kitts-citizenship\\\/\",\"url\":\"https:\\\/\\\/investmentvisacn.com\\\/st-kitts-citizenship\\\/\",\"name\":\"St Kitts Citizenship - Investment Visa CN\",\"isPartOf\":{\"@id\":\"https:\\\/\\\/investmentvisacn.com\\\/#website\"},\"datePublished\":\"2024-08-13T21:33:46+00:00\",\"dateModified\":\"2024-09-11T14:50:45+00:00\",\"breadcrumb\":{\"@id\":\"https:\\\/\\\/investmentvisacn.com\\\/st-kitts-citizenship\\\/#breadcrumb\"},\"inLanguage\":\"fr-FR\",\"potentialAction\":[{\"@type\":\"ReadAction\",\"target\":[\"https:\\\/\\\/investmentvisacn.com\\\/st-kitts-citizenship\\\/\"]}]},{\"@type\":\"BreadcrumbList\",\"@id\":\"https:\\\/\\\/investmentvisacn.com\\\/st-kitts-citizenship\\\/#breadcrumb\",\"itemListElement\":[{\"@type\":\"ListItem\",\"position\":1,\"name\":\"Home\",\"item\":\"https:\\\/\\\/investmentvisacn.com\\\/\"},{\"@type\":\"ListItem\",\"position\":2,\"name\":\"St Kitts Citizenship\"}]},{\"@type\":\"WebSite\",\"@id\":\"https:\\\/\\\/investmentvisacn.com\\\/#website\",\"url\":\"https:\\\/\\\/investmentvisacn.com\\\/\",\"name\":\"Investment Visa CN\",\"description\":\"Global Investment &amp; Visa Solutions You Can Trust\",\"publisher\":{\"@id\":\"https:\\\/\\\/investmentvisacn.com\\\/#organization\"},\"potentialAction\":[{\"@type\":\"SearchAction\",\"target\":{\"@type\":\"EntryPoint\",\"urlTemplate\":\"https:\\\/\\\/investmentvisacn.com\\\/?s={search_term_string}\"},\"query-input\":{\"@type\":\"PropertyValueSpecification\",\"valueRequired\":true,\"valueName\":\"search_term_string\"}}],\"inLanguage\":\"fr-FR\"},{\"@type\":\"Organization\",\"@id\":\"https:\\\/\\\/investmentvisacn.com\\\/#organization\",\"name\":\"Investment Visa CN\",\"url\":\"https:\\\/\\\/investmentvisacn.com\\\/\",\"logo\":{\"@type\":\"ImageObject\",\"inLanguage\":\"fr-FR\",\"@id\":\"https:\\\/\\\/investmentvisacn.com\\\/#\\\/schema\\\/logo\\\/image\\\/\",\"url\":\"https:\\\/\\\/investmentvisacn.com\\\/wp-content\\\/uploads\\\/2024\\\/08\\\/universalinvestmentvisa.png\",\"contentUrl\":\"https:\\\/\\\/investmentvisacn.com\\\/wp-content\\\/uploads\\\/2024\\\/08\\\/universalinvestmentvisa.png\",\"width\":180,\"height\":60,\"caption\":\"Investment Visa CN\"},\"image\":{\"@id\":\"https:\\\/\\\/investmentvisacn.com\\\/#\\\/schema\\\/logo\\\/image\\\/\"}}]}<\/script>\n<!-- \/ Yoast SEO plugin. -->","yoast_head_json":{"title":"Citoyennet\u00e9 de St Kitts - Visa d'investissement CN","robots":{"index":"index","follow":"follow","max-snippet":"max-snippet:-1","max-image-preview":"max-image-preview:large","max-video-preview":"max-video-preview:-1"},"canonical":"https:\/\/investmentvisacn.com\/fr\/citoyennete-de-saint-kitts\/","og_locale":"fr_FR","og_type":"article","og_title":"St Kitts Citizenship - Investment Visa CN","og_description":"How to Obtain Saint KITTS Citizenship through Investment The St Kitts and Nevis Citizenship by Investment programme offers two main investment paths. Applicants can obtain citizenship and a passport through a donation route or by investing in government approved real estate projects. The government requires a minimum donation of $250,000 to the Sustainable Island State [&hellip;]","og_url":"https:\/\/investmentvisacn.com\/fr\/citoyennete-de-saint-kitts\/","og_site_name":"Investment Visa CN","article_modified_time":"2024-09-11T14:50:45+00:00","twitter_card":"summary_large_image","twitter_misc":{"Dur\u00e9e de lecture estim\u00e9e":"4 minutes"},"schema":{"@context":"https:\/\/schema.org","@graph":[{"@type":"WebPage","@id":"https:\/\/investmentvisacn.com\/st-kitts-citizenship\/","url":"https:\/\/investmentvisacn.com\/st-kitts-citizenship\/","name":"Citoyennet\u00e9 de St Kitts - Visa d'investissement CN","isPartOf":{"@id":"https:\/\/investmentvisacn.com\/#website"},"datePublished":"2024-08-13T21:33:46+00:00","dateModified":"2024-09-11T14:50:45+00:00","breadcrumb":{"@id":"https:\/\/investmentvisacn.com\/st-kitts-citizenship\/#breadcrumb"},"inLanguage":"fr-FR","potentialAction":[{"@type":"ReadAction","target":["https:\/\/investmentvisacn.com\/st-kitts-citizenship\/"]}]},{"@type":"BreadcrumbList","@id":"https:\/\/investmentvisacn.com\/st-kitts-citizenship\/#breadcrumb","itemListElement":[{"@type":"ListItem","position":1,"name":"Home","item":"https:\/\/investmentvisacn.com\/"},{"@type":"ListItem","position":2,"name":"St Kitts Citizenship"}]},{"@type":"WebSite","@id":"https:\/\/investmentvisacn.com\/#website","url":"https:\/\/investmentvisacn.com\/","name":"Visa d'investissement CN","description":"Des solutions globales d'investissement et de visa auxquelles vous pouvez faire confiance","publisher":{"@id":"https:\/\/investmentvisacn.com\/#organization"},"potentialAction":[{"@type":"SearchAction","target":{"@type":"EntryPoint","urlTemplate":"https:\/\/investmentvisacn.com\/?s={search_term_string}"},"query-input":{"@type":"PropertyValueSpecification","valueRequired":true,"valueName":"search_term_string"}}],"inLanguage":"fr-FR"},{"@type":"Organization","@id":"https:\/\/investmentvisacn.com\/#organization","name":"Visa d'investissement CN","url":"https:\/\/investmentvisacn.com\/","logo":{"@type":"ImageObject","inLanguage":"fr-FR","@id":"https:\/\/investmentvisacn.com\/#\/schema\/logo\/image\/","url":"https:\/\/investmentvisacn.com\/wp-content\/uploads\/2024\/08\/universalinvestmentvisa.png","contentUrl":"https:\/\/investmentvisacn.com\/wp-content\/uploads\/2024\/08\/universalinvestmentvisa.png","width":180,"height":60,"caption":"Investment Visa CN"},"image":{"@id":"https:\/\/investmentvisacn.com\/#\/schema\/logo\/image\/"}}]}},"_links":{"self":[{"href":"https:\/\/investmentvisacn.com\/fr\/wp-json\/wp\/v2\/pages\/268","targetHints":{"allow":["GET"]}}],"collection":[{"href":"https:\/\/investmentvisacn.com\/fr\/wp-json\/wp\/v2\/pages"}],"about":[{"href":"https:\/\/investmentvisacn.com\/fr\/wp-json\/wp\/v2\/types\/page"}],"author":[{"embeddable":true,"href":"https:\/\/investmentvisacn.com\/fr\/wp-json\/wp\/v2\/users\/1"}],"replies":[{"embeddable":true,"href":"https:\/\/investmentvisacn.com\/fr\/wp-json\/wp\/v2\/comments?post=268"}],"version-history":[{"count":3,"href":"https:\/\/investmentvisacn.com\/fr\/wp-json\/wp\/v2\/pages\/268\/revisions"}],"predecessor-version":[{"id":612,"href":"https:\/\/investmentvisacn.com\/fr\/wp-json\/wp\/v2\/pages\/268\/revisions\/612"}],"wp:attachment":[{"href":"https:\/\/investmentvisacn.com\/fr\/wp-json\/wp\/v2\/media?parent=268"}],"curies":[{"name":"wp","href":"https:\/\/api.w.org\/{rel}","templated":true}]}}