{"id":266,"date":"2024-08-13T21:32:02","date_gmt":"2024-08-13T21:32:02","guid":{"rendered":"https:\/\/universalinvestmentvisa.com\/?page_id=266"},"modified":"2024-08-13T21:32:03","modified_gmt":"2024-08-13T21:32:03","slug":"visa-dor-pour-le-bresil","status":"publish","type":"page","link":"https:\/\/investmentvisacn.com\/fr\/brazil-golden-visa\/","title":{"rendered":"Visa d'or pour le Br\u00e9sil"},"content":{"rendered":"<h2 class=\"wp-block-heading\"><strong>Visa d'or br\u00e9silien (VIPER) - R\u00e9sidence permanente au Br\u00e9sil gr\u00e2ce \u00e0 un investissement immobilier<\/strong><\/h2>\n\n\n\n<p>Le Br\u00e9sil poss\u00e8de l'une des douze plus grandes \u00e9conomies, un niveau de bonheur in\u00e9gal\u00e9 parmi ses r\u00e9sidents et est tout simplement le plus beau pays du monde. Pour ces raisons et bien d'autres encore, vous pourriez \u00eatre int\u00e9ress\u00e9 par l'immigration au Br\u00e9sil. Mais pour cela, vous devez avoir le droit de r\u00e9sider l\u00e9galement dans le pays pendant une longue p\u00e9riode. L'un des moyens d'obtenir ce droit est d'investir dans l'immobilier br\u00e9silien. Le visa d'investisseur br\u00e9silien, connu sous le nom de \u201cGolden Visa\u201d, vous donne le droit de r\u00e9sider de mani\u00e8re permanente au Br\u00e9sil. Pour en savoir plus sur les conditions d'immigration, voir ci-dessous.<\/p>\n\n\n\n<h2 class=\"wp-block-heading\"><strong>Visa dor\u00e9 pour l'immobilier au Br\u00e9sil (VIPER) : Vue d'ensemble<\/strong><\/h2>\n\n\n\n<p>L'objectif du programme br\u00e9silien de visas dor\u00e9s est d'attirer des dollars \u00e9trangers dans l'\u00e9conomie du pays. \u00c0 cette fin, le pays exige que les parties int\u00e9ress\u00e9es utilisent des ressources externes pour investir dans une propri\u00e9t\u00e9 qui co\u00fbte au moins R$1,000,000.00 - soit un peu moins de 200 000 USD au moment de la r\u00e9daction du pr\u00e9sent document.<\/p>\n\n\n\n<p>Voici quelques points essentiels \u00e0 conna\u00eetre sur ce programme de visa d'investisseur connu sous le nom de VIPER :<\/p>\n\n\n\n<ul class=\"wp-block-list\">\n<li>Le bien doit \u00eatre situ\u00e9 dans une zone urbaine<\/li>\n\n\n\n<li>Vous pouvez en b\u00e9n\u00e9ficier en achetant deux ou plusieurs biens immobiliers dont le co\u00fbt total est d'au moins R $1.000.000,00.<\/li>\n\n\n\n<li>La copropri\u00e9t\u00e9 est autoris\u00e9e \u00e0 condition que chaque copropri\u00e9taire investisse le montant minimum.<\/li>\n\n\n\n<li>Vous pouvez d\u00e9penser jusqu'\u00e0 30% de moins pour l'achat d'un bien immobilier tout en restant \u00e9ligible si vous achetez dans certaines r\u00e9gions du pays.<\/li>\n<\/ul>\n\n\n\n<p>Contact-Conseiller<\/p>\n\n\n\n<h2 class=\"wp-block-heading\">Avantages de la r\u00e9sidence permanente au Br\u00e9sil<\/h2>\n\n\n\n<p>La raison pour laquelle les gens veulent devenir r\u00e9sidents permanents au Br\u00e9sil, ou m\u00eame obtenir la citoyennet\u00e9 br\u00e9silienne par l'investissement, est qu'ils veulent \u00eatre lib\u00e9r\u00e9s des inconv\u00e9nients auxquels sont confront\u00e9s les touristes au Br\u00e9sil. Voici quelques-uns de ces avantages :<\/p>\n\n\n\n<ul class=\"wp-block-list\">\n<li>Carte d'identit\u00e9 br\u00e9silienne pour les \u00e9trangers<br>Le CRNM est une carte d'identit\u00e9 br\u00e9silienne r\u00e9serv\u00e9e aux citoyens \u00e9trangers r\u00e9sidant au Br\u00e9sil. Cette carte permet aux citoyens \u00e9trangers d'ouvrir un compte bancaire, de demander un permis de conduire et de b\u00e9n\u00e9ficier de nombreux autres avantages.<\/li>\n\n\n\n<li>Rester au Br\u00e9sil aussi longtemps que vous le souhaitez.<br>La plupart des ressortissants \u00e9trangers ne peuvent s\u00e9journer que 180 jours au maximum au Br\u00e9sil.<\/li>\n\n\n\n<li>Entrer et sortir du pays autant de fois que n\u00e9cessaire<br>Ne vous inqui\u00e9tez plus de devoir affronter les services d'immigration br\u00e9siliens. En tant que r\u00e9sident permanent, le nombre d'entr\u00e9es et de sorties du pays n'est pas limit\u00e9.<\/li>\n\n\n\n<li>Acc\u00e8s aux services publics et autres services<br>De nombreux fournisseurs d'\u00e9lectricit\u00e9 et de services refusent de vous fournir des services si vous n'avez pas de carte d'identit\u00e9 br\u00e9silienne. Le CRNM est pratiquement accept\u00e9 par toutes les entreprises de services publics et tous les prestataires de services.<\/li>\n\n\n\n<li>Acc\u00e8s \u00e0 la citoyennet\u00e9 br\u00e9silienne<br>Enfin, le visa Viper Br\u00e9sil vous permet de demander la nationalit\u00e9 br\u00e9silienne. Bien qu'il n'y ait pas de citoyennet\u00e9 br\u00e9silienne par investissement en soi, les d\u00e9tenteurs de la carte de r\u00e9sidence permanente br\u00e9silienne peuvent demander la citoyennet\u00e9 br\u00e9silienne apr\u00e8s quatre ans en tant que r\u00e9sidents permanents !<\/li>\n<\/ul>\n\n\n\n<p>Le Br\u00e9sil est un pays o\u00f9 il fait bon vivre si vous aimez les plages de sable, les paysages tropicaux et une population joyeuse et accueillante. Si vous pensez que le visa d'or du pays par le biais d'un investissement immobilier convient \u00e0 votre famille, c'est le moment ou jamais d'entamer ce processus. Cependant, il peut \u00eatre tr\u00e8s difficile de se lancer dans un tel projet et vous aurez probablement un million de questions \u00e0 poser au cours de vos premiers pas.<\/p>\n\n\n\n<h2 class=\"wp-block-heading\">Obtenir un Golden Visa br\u00e9silien (VIPER) Le visa d'investissement universel est la voie que nous recommandons pour obtenir une r\u00e9sidence permanente au Br\u00e9sil ainsi que la citoyennet\u00e9 br\u00e9silienne. Voici les principales \u00e9tapes \u00e0 suivre :<\/h2>\n\n\n\n<h3 class=\"wp-block-heading\"><strong>Trouver le bien<\/strong><\/h3>\n\n\n\n<p>Il s'agit d'abord de trouver un bien qui vous pla\u00eet dans une zone urbaine et de s'assurer qu'il correspond au montant minimum de l'investissement, qui est de 140 000 USD. Les propri\u00e9t\u00e9s situ\u00e9es dans le nord et le nord-est du pays ne peuvent pr\u00e9tendre qu'\u00e0 70% des 140 000 USD.<\/p>\n\n\n\n<h3 class=\"wp-block-heading\"><strong>Diligence raisonnable<\/strong><\/h3>\n\n\n\n<p>Une fois cette \u00e9tape franchie, demandez \u00e0 votre avocat de proc\u00e9der \u00e0 une v\u00e9rification pr\u00e9alable du bien avant de vous engager. Ces v\u00e9rifications doivent porter sur les points suivants<\/p>\n\n\n\n<h3 class=\"wp-block-heading\"><strong>Achat<\/strong><\/h3>\n\n\n\n<p>Il peut \u00eatre difficile et risqu\u00e9 de g\u00e9rer tout cela depuis un autre pays, surtout si vous ne parlez pas portugais. Vous devez obtenir l'aide d'un professionnel pour structurer l'op\u00e9ration et envoyer le paiement correctement. Notez que l'envoi d'argent au Br\u00e9sil peut \u00e0 lui seul prendre plusieurs semaines et n\u00e9cessiter de nombreuses formalit\u00e9s administratives.<\/p>\n\n\n\n<h3 class=\"wp-block-heading\"><strong>Demande de r\u00e9sidence<\/strong><\/h3>\n\n\n\n<p>Une fois l'achat effectu\u00e9, vous devrez pr\u00e9senter la preuve d'achat et les fonds transf\u00e9r\u00e9s sur le compte bancaire du vendeur, qui doivent \u00eatre \u00e9mis par une banque br\u00e9silienne, ainsi que de nombreux autres documents. Votre avocat d\u00e9posera la demande VIPER par l'interm\u00e9diaire d'un syst\u00e8me appel\u00e9 MigrantWeb mis au point par les autorit\u00e9s br\u00e9siliennes.<\/p>\n\n\n\n<h3 class=\"wp-block-heading\"><strong>Estampillage du visa de r\u00e9sidence<\/strong><\/h3>\n\n\n\n<p>Une fois la validation termin\u00e9e, vous recevrez un permis de s\u00e9jour temporaire de quatre ans.<\/p>\n\n\n\n<h3 class=\"wp-block-heading\"><strong>Passage \u00e0 la r\u00e9sidence permanente<\/strong><\/h3>\n\n\n\n<p>Si vous \u00eates toujours propri\u00e9taire du bien apr\u00e8s quatre ans, vous pouvez demander \u00e0 devenir r\u00e9sident permanent.<\/p>\n\n\n\n<h3 class=\"wp-block-heading\"><strong>Citoyennet\u00e9<\/strong><\/h3>\n\n\n\n<p>Une fois que vous avez v\u00e9cu au Br\u00e9sil en tant que r\u00e9sident permanent pendant quatre ans, vous pouvez demander la naturalisation br\u00e9silienne.<\/p>\n\n\n\n<ul class=\"wp-block-list\">\n<li>\u00c9tape 1<\/li>\n\n\n\n<li>\u00c9tape 2\n<ul class=\"wp-block-list\">\n<li>Titre de propri\u00e9t\u00e9 avec enregistrement<\/li>\n\n\n\n<li>Certificat n\u00e9gatif de privil\u00e8ges r\u00e9els<\/li>\n\n\n\n<li>Certification n\u00e9gative IPTU<\/li>\n\n\n\n<li>D\u00e9stockage pour les vendeurs<\/li>\n<\/ul>\n<\/li>\n\n\n\n<li>\u00c9tape 3<\/li>\n\n\n\n<li>\u00c9tape 4<\/li>\n\n\n\n<li>\u00c9tape 5<\/li>\n\n\n\n<li>\u00c9tape 6<\/li>\n\n\n\n<li>\u00c9tape 7<\/li>\n<\/ul>\n\n\n\n<ul class=\"wp-block-list\">\n<li>un investissement de $100 000 \u00e0 $200 000 (R$ 500 000 BRL \u00e0 R$ 1 000 000)<br><br><br>L'investissement peut prendre n'importe quelle forme (y compris l'achat d'un terrain ou d'une propri\u00e9t\u00e9).<br><br><br><br><\/li>\n\n\n\n<li>R\u00e9sidence pour la famille enti\u00e8re (y compris toutes les personnes \u00e0 charge)<br><br><br>Flexible. Pas d'obligation de r\u00e9sidence (il suffit de se rendre sur place une fois tous les deux ans pour obtenir le statut de r\u00e9sident permanent).<br><br><br><br><\/li>\n\n\n\n<li>Citoyennet\u00e9 et passeport 4 ans<br><br><br>(citoyennet\u00e9 pour les futures personnes \u00e0 charge)<br><br><br><br><\/li>\n<\/ul>\n\n\n\n<p>Nous avons \u00e9num\u00e9r\u00e9 ci-dessous quelques-unes des questions les plus fr\u00e9quemment pos\u00e9es concernant le Golden Visa au Br\u00e9sil. Cependant, il est impossible de tout couvrir en profondeur ici. Veuillez contacter nos conseillers pour plus de d\u00e9tails.<\/p>\n\n\n\n<h2 class=\"wp-block-heading\">FAQ sur le visa d'or pour le Br\u00e9sil<\/h2>\n\n\n\n<hr class=\"wp-block-separator has-alpha-channel-opacity\"\/>\n\n\n\n<hr class=\"wp-block-separator has-alpha-channel-opacity\"\/>\n\n\n\n<hr class=\"wp-block-separator has-alpha-channel-opacity\"\/>\n\n\n\n<hr class=\"wp-block-separator has-alpha-channel-opacity\"\/>\n\n\n\n<hr class=\"wp-block-separator has-alpha-channel-opacity\"\/>\n\n\n\n<hr class=\"wp-block-separator has-alpha-channel-opacity\"\/>\n\n\n\n<hr class=\"wp-block-separator has-alpha-channel-opacity\"\/>\n\n\n\n<ul class=\"wp-block-list\">\n<li><br>Qu'est-ce qu'un visa d'investisseur br\u00e9silien ?<br>Un \u201cvisa permanent\u201d, tel que le visa d'investissement, permet \u00e0 un \u00e9tranger de vivre et de travailler au Br\u00e9sil. Vous serez trait\u00e9 comme un Br\u00e9silien ordinaire, \u00e0 l'exception des droits de vote et des droits politiques.<\/li>\n\n\n\n<li>La famille du titulaire du visa d'investisseur a-t-elle le droit de venir au Br\u00e9sil ?<br>L'\u00e9tranger r\u00e9sident est \u00e9galement autoris\u00e9 \u00e0 faire venir sa famille et \u00e0 aller et venir \u00e0 sa guise.<\/li>\n\n\n\n<li>Y a-t-il une dur\u00e9e minimale de s\u00e9jour ?<br>La dur\u00e9e minimale de s\u00e9jour au Br\u00e9sil est d'une entr\u00e9e au Br\u00e9sil tous les deux ans, afin de maintenir son statut de r\u00e9sident aupr\u00e8s des autorit\u00e9s br\u00e9siliennes.<\/li>\n\n\n\n<li>O\u00f9 les fonds d'investissement sont-ils transf\u00e9r\u00e9s ?<br>L'investissement et le transfert de fonds doivent \u00eatre effectu\u00e9s sur le compte de votre soci\u00e9t\u00e9 br\u00e9silienne ou d'une autre soci\u00e9t\u00e9 br\u00e9silienne si vous le souhaitez.<\/li>\n\n\n\n<li>Que peut-on faire de ces fonds une fois qu'ils sont sur le compte de l'entreprise ?<br>L'entreprise peut ensuite investir les fonds \u00e0 sa convenance, notamment dans l'immobilier, les placements bancaires, les actions, etc. Vous pouvez choisir votre propre investissement, mais il doit \u00eatre effectu\u00e9 au nom de votre soci\u00e9t\u00e9. La plupart des \u00e9trangers, g\u00e9n\u00e9ralement ceux qui ach\u00e8tent d\u00e9j\u00e0 des biens immobiliers, en profitent. Mais vous pouvez investir dans des actions et m\u00eame dans des comptes d'\u00e9pargne, o\u00f9 les taux d'int\u00e9r\u00eat et les dividendes sont bien plus \u00e9lev\u00e9s que ceux appliqu\u00e9s et observ\u00e9s dans d'autres pays<\/li>\n\n\n\n<li>Quelle est la dur\u00e9e de validit\u00e9 du visa d'investisseur ?<br>Vous obtenez le statut de r\u00e9sident permanent.<\/li>\n<\/ul>\n\n\n\n<p>Qui doit d\u00e9poser la demande ?<br>La personne qui souhaite devenir citoyen br\u00e9silien doit d\u00e9poser elle-m\u00eame sa demande. Si une personne \u00e2g\u00e9e de moins de 18 ans souhaite \u00eatre naturalis\u00e9e, ce sont ses parents ou son tuteur l\u00e9gal qui doivent d\u00e9poser la demande.<\/p>","protected":false},"excerpt":{"rendered":"<p>Brazil Golden Visa (VIPER) \u2013 Permanent Residency in Brazil through Real Estate Investment Brazil has one of the top 12 largest economies, an unmatched level of happiness among its residents, and is simply the most beautiful country in the world. For those reasons and plenty of others, you might be interested in immigrating to Brazil. [&hellip;]<\/p>\n","protected":false},"author":1,"featured_media":0,"parent":0,"menu_order":0,"comment_status":"closed","ping_status":"closed","template":"","meta":{"footnotes":""},"class_list":["post-266","page","type-page","status-publish","hentry"],"yoast_head":"<!-- This site is optimized with the Yoast SEO plugin v27.3 - https:\/\/yoast.com\/product\/yoast-seo-wordpress\/ -->\n<title>Brazil Golden Visa - Investment Visa CN<\/title>\n<meta name=\"robots\" content=\"index, follow, max-snippet:-1, max-image-preview:large, max-video-preview:-1\" \/>\n<link rel=\"canonical\" href=\"https:\/\/investmentvisacn.com\/fr\/visa-dor-pour-le-bresil\/\" \/>\n<meta property=\"og:locale\" content=\"fr_FR\" \/>\n<meta property=\"og:type\" content=\"article\" \/>\n<meta property=\"og:title\" content=\"Brazil Golden Visa - Investment Visa CN\" \/>\n<meta property=\"og:description\" content=\"Brazil Golden Visa (VIPER) \u2013 Permanent Residency in Brazil through Real Estate Investment Brazil has one of the top 12 largest economies, an unmatched level of happiness among its residents, and is simply the most beautiful country in the world. For those reasons and plenty of others, you might be interested in immigrating to Brazil. [&hellip;]\" \/>\n<meta property=\"og:url\" content=\"https:\/\/investmentvisacn.com\/fr\/visa-dor-pour-le-bresil\/\" \/>\n<meta property=\"og:site_name\" content=\"Investment Visa CN\" \/>\n<meta property=\"article:modified_time\" content=\"2024-08-13T21:32:03+00:00\" \/>\n<meta name=\"twitter:card\" content=\"summary_large_image\" \/>\n<meta name=\"twitter:label1\" content=\"Dur\u00e9e de lecture estim\u00e9e\" \/>\n\t<meta name=\"twitter:data1\" content=\"6 minutes\" \/>\n<script type=\"application\/ld+json\" class=\"yoast-schema-graph\">{\"@context\":\"https:\\\/\\\/schema.org\",\"@graph\":[{\"@type\":\"WebPage\",\"@id\":\"https:\\\/\\\/investmentvisacn.com\\\/brazil-golden-visa\\\/\",\"url\":\"https:\\\/\\\/investmentvisacn.com\\\/brazil-golden-visa\\\/\",\"name\":\"Brazil Golden Visa - Investment Visa CN\",\"isPartOf\":{\"@id\":\"https:\\\/\\\/investmentvisacn.com\\\/#website\"},\"datePublished\":\"2024-08-13T21:32:02+00:00\",\"dateModified\":\"2024-08-13T21:32:03+00:00\",\"breadcrumb\":{\"@id\":\"https:\\\/\\\/investmentvisacn.com\\\/brazil-golden-visa\\\/#breadcrumb\"},\"inLanguage\":\"fr-FR\",\"potentialAction\":[{\"@type\":\"ReadAction\",\"target\":[\"https:\\\/\\\/investmentvisacn.com\\\/brazil-golden-visa\\\/\"]}]},{\"@type\":\"BreadcrumbList\",\"@id\":\"https:\\\/\\\/investmentvisacn.com\\\/brazil-golden-visa\\\/#breadcrumb\",\"itemListElement\":[{\"@type\":\"ListItem\",\"position\":1,\"name\":\"Home\",\"item\":\"https:\\\/\\\/investmentvisacn.com\\\/\"},{\"@type\":\"ListItem\",\"position\":2,\"name\":\"Brazil Golden Visa\"}]},{\"@type\":\"WebSite\",\"@id\":\"https:\\\/\\\/investmentvisacn.com\\\/#website\",\"url\":\"https:\\\/\\\/investmentvisacn.com\\\/\",\"name\":\"Investment Visa CN\",\"description\":\"Global Investment &amp; Visa Solutions You Can Trust\",\"publisher\":{\"@id\":\"https:\\\/\\\/investmentvisacn.com\\\/#organization\"},\"potentialAction\":[{\"@type\":\"SearchAction\",\"target\":{\"@type\":\"EntryPoint\",\"urlTemplate\":\"https:\\\/\\\/investmentvisacn.com\\\/?s={search_term_string}\"},\"query-input\":{\"@type\":\"PropertyValueSpecification\",\"valueRequired\":true,\"valueName\":\"search_term_string\"}}],\"inLanguage\":\"fr-FR\"},{\"@type\":\"Organization\",\"@id\":\"https:\\\/\\\/investmentvisacn.com\\\/#organization\",\"name\":\"Investment Visa CN\",\"url\":\"https:\\\/\\\/investmentvisacn.com\\\/\",\"logo\":{\"@type\":\"ImageObject\",\"inLanguage\":\"fr-FR\",\"@id\":\"https:\\\/\\\/investmentvisacn.com\\\/#\\\/schema\\\/logo\\\/image\\\/\",\"url\":\"https:\\\/\\\/investmentvisacn.com\\\/wp-content\\\/uploads\\\/2024\\\/08\\\/universalinvestmentvisa.png\",\"contentUrl\":\"https:\\\/\\\/investmentvisacn.com\\\/wp-content\\\/uploads\\\/2024\\\/08\\\/universalinvestmentvisa.png\",\"width\":180,\"height\":60,\"caption\":\"Investment Visa CN\"},\"image\":{\"@id\":\"https:\\\/\\\/investmentvisacn.com\\\/#\\\/schema\\\/logo\\\/image\\\/\"}}]}<\/script>\n<!-- \/ Yoast SEO plugin. -->","yoast_head_json":{"title":"Visa d'or pour le Br\u00e9sil - Visa d'investissement CN","robots":{"index":"index","follow":"follow","max-snippet":"max-snippet:-1","max-image-preview":"max-image-preview:large","max-video-preview":"max-video-preview:-1"},"canonical":"https:\/\/investmentvisacn.com\/fr\/visa-dor-pour-le-bresil\/","og_locale":"fr_FR","og_type":"article","og_title":"Brazil Golden Visa - Investment Visa CN","og_description":"Brazil Golden Visa (VIPER) \u2013 Permanent Residency in Brazil through Real Estate Investment Brazil has one of the top 12 largest economies, an unmatched level of happiness among its residents, and is simply the most beautiful country in the world. For those reasons and plenty of others, you might be interested in immigrating to Brazil. [&hellip;]","og_url":"https:\/\/investmentvisacn.com\/fr\/visa-dor-pour-le-bresil\/","og_site_name":"Investment Visa CN","article_modified_time":"2024-08-13T21:32:03+00:00","twitter_card":"summary_large_image","twitter_misc":{"Dur\u00e9e de lecture estim\u00e9e":"6 minutes"},"schema":{"@context":"https:\/\/schema.org","@graph":[{"@type":"WebPage","@id":"https:\/\/investmentvisacn.com\/brazil-golden-visa\/","url":"https:\/\/investmentvisacn.com\/brazil-golden-visa\/","name":"Visa d'or pour le Br\u00e9sil - Visa d'investissement CN","isPartOf":{"@id":"https:\/\/investmentvisacn.com\/#website"},"datePublished":"2024-08-13T21:32:02+00:00","dateModified":"2024-08-13T21:32:03+00:00","breadcrumb":{"@id":"https:\/\/investmentvisacn.com\/brazil-golden-visa\/#breadcrumb"},"inLanguage":"fr-FR","potentialAction":[{"@type":"ReadAction","target":["https:\/\/investmentvisacn.com\/brazil-golden-visa\/"]}]},{"@type":"BreadcrumbList","@id":"https:\/\/investmentvisacn.com\/brazil-golden-visa\/#breadcrumb","itemListElement":[{"@type":"ListItem","position":1,"name":"Home","item":"https:\/\/investmentvisacn.com\/"},{"@type":"ListItem","position":2,"name":"Brazil Golden Visa"}]},{"@type":"WebSite","@id":"https:\/\/investmentvisacn.com\/#website","url":"https:\/\/investmentvisacn.com\/","name":"Visa d'investissement CN","description":"Des solutions globales d'investissement et de visa auxquelles vous pouvez faire confiance","publisher":{"@id":"https:\/\/investmentvisacn.com\/#organization"},"potentialAction":[{"@type":"SearchAction","target":{"@type":"EntryPoint","urlTemplate":"https:\/\/investmentvisacn.com\/?s={search_term_string}"},"query-input":{"@type":"PropertyValueSpecification","valueRequired":true,"valueName":"search_term_string"}}],"inLanguage":"fr-FR"},{"@type":"Organization","@id":"https:\/\/investmentvisacn.com\/#organization","name":"Visa d'investissement CN","url":"https:\/\/investmentvisacn.com\/","logo":{"@type":"ImageObject","inLanguage":"fr-FR","@id":"https:\/\/investmentvisacn.com\/#\/schema\/logo\/image\/","url":"https:\/\/investmentvisacn.com\/wp-content\/uploads\/2024\/08\/universalinvestmentvisa.png","contentUrl":"https:\/\/investmentvisacn.com\/wp-content\/uploads\/2024\/08\/universalinvestmentvisa.png","width":180,"height":60,"caption":"Investment Visa CN"},"image":{"@id":"https:\/\/investmentvisacn.com\/#\/schema\/logo\/image\/"}}]}},"_links":{"self":[{"href":"https:\/\/investmentvisacn.com\/fr\/wp-json\/wp\/v2\/pages\/266","targetHints":{"allow":["GET"]}}],"collection":[{"href":"https:\/\/investmentvisacn.com\/fr\/wp-json\/wp\/v2\/pages"}],"about":[{"href":"https:\/\/investmentvisacn.com\/fr\/wp-json\/wp\/v2\/types\/page"}],"author":[{"embeddable":true,"href":"https:\/\/investmentvisacn.com\/fr\/wp-json\/wp\/v2\/users\/1"}],"replies":[{"embeddable":true,"href":"https:\/\/investmentvisacn.com\/fr\/wp-json\/wp\/v2\/comments?post=266"}],"version-history":[{"count":1,"href":"https:\/\/investmentvisacn.com\/fr\/wp-json\/wp\/v2\/pages\/266\/revisions"}],"predecessor-version":[{"id":267,"href":"https:\/\/investmentvisacn.com\/fr\/wp-json\/wp\/v2\/pages\/266\/revisions\/267"}],"wp:attachment":[{"href":"https:\/\/investmentvisacn.com\/fr\/wp-json\/wp\/v2\/media?parent=266"}],"curies":[{"name":"wp","href":"https:\/\/api.w.org\/{rel}","templated":true}]}}