{"id":264,"date":"2024-08-13T21:16:35","date_gmt":"2024-08-13T21:16:35","guid":{"rendered":"https:\/\/universalinvestmentvisa.com\/?page_id=264"},"modified":"2024-08-21T16:27:09","modified_gmt":"2024-08-21T16:27:09","slug":"citoyennete-du-vanuatu","status":"publish","type":"page","link":"https:\/\/investmentvisacn.com\/fr\/vanuatu-citizenship\/","title":{"rendered":"Citoyennet\u00e9 du Vanuatu"},"content":{"rendered":"<div data-elementor-type=\"wp-page\" data-elementor-id=\"264\" class=\"elementor elementor-264\" data-elementor-post-type=\"page\">\n\t\t\t\t\t\t<section class=\"elementor-section elementor-top-section elementor-element elementor-element-6cb280e4 elementor-section-boxed elementor-section-height-default elementor-section-height-default\" data-id=\"6cb280e4\" data-element_type=\"section\" data-e-type=\"section\">\n\t\t\t\t\t\t<div class=\"elementor-container elementor-column-gap-default\">\n\t\t\t\t\t<div class=\"elementor-column elementor-col-100 elementor-top-column elementor-element elementor-element-758f7e22\" data-id=\"758f7e22\" data-element_type=\"column\" data-e-type=\"column\">\n\t\t\t<div class=\"elementor-widget-wrap elementor-element-populated\">\n\t\t\t\t\t\t<div class=\"elementor-element elementor-element-51eeac02 elementor-widget elementor-widget-text-editor\" data-id=\"51eeac02\" data-element_type=\"widget\" data-e-type=\"widget\" data-widget_type=\"text-editor.default\">\n\t\t\t\t<div class=\"elementor-widget-container\">\n\t\t\t\t\t\t\t\t\t\n<h2 class=\"wp-block-heading\">Aper\u00e7u du programme de citoyennet\u00e9 par l'investissement de Vanuatu<\/h2>\n\n<p>Lanc\u00e9e pour la premi\u00e8re fois en 2017, la citoyennet\u00e9 par l'investissement au Vanuatu est accessible aux demandeurs qui investissent de $130 000 dans un fonds de d\u00e9veloppement local. Officiellement connu sous le nom de \u201cProgramme de soutien au d\u00e9veloppement\u201d (DSP) du Vanuatu, le programme offre l'un des programmes de citoyennet\u00e9 et de deuxi\u00e8me passeport les plus rapides au monde et est le seul programme de ce type dans l'h\u00e9misph\u00e8re Asie-Pacifique. Vanuatu, un archipel de 80 \u00eeles situ\u00e9 dans le Pacifique Sud, \u00e0 l'est de l'Australie, fait partie du Commonwealth. Les langues officielles sont l'anglais et le fran\u00e7ais. Le Vanuatu offre la citoyennet\u00e9 avec tous les droits des Ni-Vanuatu (sauf le droit de vote et la participation \u00e0 la vie politique).<\/p>\n\n<h3 style=\"text-align: center;\"><strong><a href=\"https:\/\/investmentvisacn.com\/fr\/nous-contacter\/\">Contact-Conseiller<\/a><\/strong><\/h3>\n\n<h4 class=\"wp-block-heading\">Comment obtenir la nationalit\u00e9 vanuataise par l'investissement ?<\/h4>\n\n<p>Le programme d'investissement dans la citoyennet\u00e9 de Vanuatu requiert un don de 1T4130 000 + frais pour les candidats c\u00e9libataires, 1T4150 000 + frais pour un couple, 1T4T180 000 pour une famille de quatre personnes + frais. Le traitement est rapide et la citoyennet\u00e9 est g\u00e9n\u00e9ralement accord\u00e9e dans un d\u00e9lai de 30 \u00e0 60 jours. Les experts d'Universal Investment Visa peuvent vous assister de A \u00e0 Z dans le processus de demande. Il n'y a pas d'exigence linguistique et un contr\u00f4le pr\u00e9alable est effectu\u00e9 sur tous les demandeurs, qui doivent avoir un casier judiciaire vierge. La citoyennet\u00e9 est h\u00e9r\u00e9ditaire et une c\u00e9r\u00e9monie de prestation de serment peut \u00eatre organis\u00e9e dans des lieux pratiques partout dans le monde. Il n'y a pas de restrictions \u00e0 la double nationalit\u00e9 et il n'est pas n\u00e9cessaire de visiter le pays ou d'y r\u00e9sider pour obtenir ou conserver un passeport.<\/p>\n\n<p>Don de $130.000<\/p>\n\n<p>Famille compl\u00e8te<\/p>\n\n<p>Citoyennet\u00e9 et passeport<\/p>\n\n<p>Voyage sans visa 148 pays<\/p>\n\n<p>D\u00e9lai de traitement rapide<\/p>\n\n<h4 class=\"wp-block-heading\">Exigences en mati\u00e8re de citoyennet\u00e9 par l'investissement au Vanuatu<\/h4>\n\n<p>Outre l'investissement ou le don n\u00e9cessaire, les candidats doivent remplir plusieurs conditions pour Vanuatu<\/p>\n\n<h3 class=\"wp-block-heading\">Exigences familiales<\/h3>\n\n<p>Les membres de la famille peuvent \u00eatre inclus dans la demande de citoyennet\u00e9 vanuatuane. L'investisseur principal peut \u00eatre<\/p>\n\n<ul class=\"wp-block-list\">\n<li>Conjoint<\/li>\n\n<li>Enfants \u00e0 charge<\/li>\n\n<li>Parents \u00e0 charge \u00e2g\u00e9s de plus de 65 ans<\/li>\n<\/ul>\n\n<h4 class=\"wp-block-heading\">Exigences en mati\u00e8re de diligence raisonnable<\/h4>\n\n<p>Tous les candidats devront \u00eatre de bonne moralit\u00e9 et se soumettre aux formalit\u00e9s de diligence raisonnable du gouvernement de Vanuatu. Les investisseurs doivent fournir<\/p>\n\n<ul class=\"wp-block-list\">\n<li>Rapports de police - preuve d'un casier judiciaire vierge<\/li>\n\n<li>Ne pas avoir fait l'objet d'un refus de visa<\/li>\n\n<li>Divers documents, notamment des documents financiers, des documents relatifs \u00e0 l'emploi ou \u00e0 l'entreprise, des pi\u00e8ces d'identit\u00e9 et des justificatifs de domicile.<\/li>\n<\/ul>\n\n<h3 class=\"wp-block-heading\">Conditions de s\u00e9jour minimum<\/h3>\n\n<p>Le programme de citoyennet\u00e9 par l'investissement du Vanuatu n'exige pas de s\u00e9jour minimum. Les citoyens ni-Vanuatu auront le droit de vivre, de travailler ou d'\u00e9tudier \u00e0 Vanuatu s'ils le souhaitent, mais ce n'est pas une condition pr\u00e9alable au programme. Il n'y a pas non plus d'entretien ni de test linguistique.<\/p>\n\n<p>Bon caract\u00e8re<br \/>Casier judiciaire vierge<br \/>Pas de refus de visa<\/p>\n\n<p>Inclure la famille enti\u00e8re<br \/>Parents \u00e0 charge 65 ans et plus<br \/>Enfants \u00e0 charge<\/p>\n\n<p>Pas de s\u00e9jour minimum<br \/>Pas d'entretien<br \/>Pas de test linguistique<\/p>\n\n<p>ID du demandeur<br \/>Preuve de fonds<br \/>Certificats de naissance \/ de mariage<br \/>Registres financiers<\/p>\n\n<h4 class=\"wp-block-heading\">Combien co\u00fbte le programme de citoyennet\u00e9 par l'investissement de Vanuatu ?<\/h4>\n\n<p>Le programme de citoyennet\u00e9 par donation de Vanuatu exige une contribution non remboursable au fonds de d\u00e9veloppement du gouvernement, d'un montant de 130 000 TTP pour un demandeur c\u00e9libataire, de 150 000 TTP pour un couple ou de 180 000 TTP pour une famille de quatre personnes. Des frais suppl\u00e9mentaires de diligence raisonnable et de traitement sont \u00e9galement applicables et varient en fonction de l'\u00e2ge du demandeur et de la taille de sa famille.<\/p>\n\n<h4 class=\"wp-block-heading\">Combien de temps faut-il pour obtenir la citoyennet\u00e9 par l'investissement \u00e0 Vanuatu ?<\/h4>\n\n<p>Le programme de citoyennet\u00e9 par l'investissement de Vanuatu offre des d\u00e9lais de traitement parmi les plus rapides. \u00c0 partir de la date \u00e0 laquelle la demande est soumise \u00e0 l'unit\u00e9 de citoyennet\u00e9 par l'investissement (CIU) de Vanuatu, les demandes sont g\u00e9n\u00e9ralement approuv\u00e9es dans un d\u00e9lai de 30 \u00e0 60 jours, apr\u00e8s des v\u00e9rifications approfondies de la diligence raisonnable. Avant de soumettre leur demande, la plupart des candidats prennent g\u00e9n\u00e9ralement entre<strong>\u00a02-6 semaines<\/strong>\u00a0pour rassembler leurs documents. Si l'on tient compte de tous les aspects de la proc\u00e9dure, il est possible d'obtenir la nationalit\u00e9 vanuataise en 2 \u00e0 4 mois. Une fois la demande approuv\u00e9e, les demandeurs doivent participer \u00e0 une c\u00e9r\u00e9monie de prestation de serment qui peut \u00eatre organis\u00e9e dans des lieux pratiques partout dans le monde. L'\u00e9quipe interne d'Universal Investment Visa assistera les demandeurs tout au long du processus et la demande peut \u00eatre d\u00e9pos\u00e9e \u00e0 distance, sans qu'il soit n\u00e9cessaire de se d\u00e9placer.<\/p>\n\n<h4 class=\"wp-block-heading\">Comment obtenir la citoyennet\u00e9 vanuatuane par l'investissement ?<\/h4>\n\n<p>R\u00e9servez votre consultation gratuite avec l'\u00e9quipe d'experts d'Universal Investment Visa pour discuter et d\u00e9cider du programme et de l'itin\u00e9raire d'investissement qui vous conviennent le mieux, \u00e0 vous et \u00e0 votre famille. Nos consultants exp\u00e9riment\u00e9s vous fourniront un devis personnalis\u00e9 qui couvrira tous les frais applicables. Ils vous conseilleront et vous guideront tout au long du processus.<\/p>\n\n<p>Pour votre tranquillit\u00e9 d'esprit, avant que vous ne vous engagiez, Universal Investment Visa effectuera une v\u00e9rification pr\u00e9alable des ant\u00e9c\u00e9dents afin de s'assurer que votre demande a toutes les chances d'\u00eatre accept\u00e9e. Une fois cette v\u00e9rification effectu\u00e9e et si vous \u00eates d'accord, vous pouvez lancer officiellement la proc\u00e9dure en signant notre contrat de facilitateur de client\u00e8le et en versant l'acompte de pr\u00e9-demande.<\/p>\n\n<p>L'\u00e9quipe de traitement interne d'Universal Investment Visa travaillera en \u00e9troite collaboration avec vous pour pr\u00e9parer votre demande. Une fois votre dossier enti\u00e8rement constitu\u00e9, notre \u00e9quipe soumettra votre demande \u00e0 l'unit\u00e9 de citoyennet\u00e9 par l'investissement de Saint-Kitts-et-Nevis (St Kitts CIU). Des frais gouvernementaux seront exig\u00e9s \u00e0 ce stade. \u00c0 partir de ce moment, le traitement des demandes prend en moyenne de 60 \u00e0 90 jours.<\/p>\n\n<p>\u00c0 la suite des v\u00e9rifications et de l'analyse approfondies de votre demande par l'unit\u00e9 de citoyennet\u00e9 de Vanuatu, une lettre d'approbation du gouvernement sera d\u00e9livr\u00e9e et vous devrez alors effectuer le paiement final et pr\u00eater serment lors de la c\u00e9r\u00e9monie de prestation de serment. Le passeport sera d\u00e9livr\u00e9 dans un d\u00e9lai d'environ un mois et vous sera envoy\u00e9 par courrier recommand\u00e9 et s\u00e9curis\u00e9.<\/p>\n\n<ul class=\"wp-block-list\">\n<li>\u00c9tape 1<\/li>\n\n<li>\u00c9tape 2<\/li>\n\n<li>\u00c9tape 3<\/li>\n\n<li>\u00c9tape 4<\/li>\n<\/ul>\n\n<h4 class=\"wp-block-heading\">Avantages du programme de citoyennet\u00e9 par l'investissement de Vanuatu<\/h4>\n\n<p>Une fois la citoyennet\u00e9 vanuatuane accord\u00e9e, les investisseurs recevront un passeport vanuatuan. Les d\u00e9tenteurs de passeport vanuatais b\u00e9n\u00e9ficient d'un acc\u00e8s sans visa \u00e0 148 pays et territoires du monde entier, selon le rapport unique sur les investissements dans les passeports d'Universal Investment Visa. Cela repr\u00e9sente plus d'un tiers du PIB mondial.<\/p>\n\n<p>En mars 2022, l'UE a temporairement suspendu son accord d'exemption de visa avec le Vanuatu dans l'attente d'une r\u00e9forme du programme. Le gouvernement du Vanuatu a jusqu'au mois d'ao\u00fbt 2024 pour satisfaire l'UE et lever la suspension. Jusqu'\u00e0 cette date, les d\u00e9tenteurs de passeports vanuatais n'auront plus d'acc\u00e8s sans visa aux pays membres de l'UE et devront demander un visa Schengen s\u00e9par\u00e9 pour voyager dans cette r\u00e9gion. Les d\u00e9tenteurs de passeports vanuatais peuvent toujours acc\u00e9der \u00e0 plus de 100 pays dans le monde, dont le Royaume-Uni, Hong Kong, Singapour et bien d'autres encore.<\/p>\n\n<p>Pour en savoir plus, consultez notre rapport d'investissement sur le passeport pour le Vanuatu.<\/p>\n\n<ul class=\"wp-block-list\">\n<li>Voyage sans visa au Royaume-Uni, \u00e0 Singapour, \u00e0 Hong Kong et dans d'autres pays.<\/li>\n\n<li>La s\u00e9curit\u00e9 d'un passeport de type B<\/li>\n\n<li>Pas d'obligation de s'installer \u00e0 Vanuatu<\/li>\n\n<li>Pas d'entretien<\/li>\n\n<li>Vivre, travailler et \u00e9tudier \u00e0 Vanuatu<\/li>\n\n<li>Pas d'imp\u00f4t sur la fortune, l'h\u00e9ritage, la donation ou le revenu en cas de non-r\u00e9sidence.<\/li>\n<\/ul>\n\n<h4 class=\"wp-block-heading\">Avantages de l'ajout d'un passeport du Vanuatu<\/h4>\n\n<p>Lorsque l'on investit dans une deuxi\u00e8me citoyennet\u00e9 et un deuxi\u00e8me passeport, il est essentiel de comprendre exactement comment son passeport actuel permet un acc\u00e8s sans visa dans le monde entier. Il ne s'agit pas seulement de mesurer le nombre de destinations sans visa, mais aussi de donner du poids \u00e0 l'importance et \u00e0 la popularit\u00e9 de ces destinations. Seul Universal Investment Visa's fournit une analyse aussi compl\u00e8te pour le passeport du Vanuatu et pour les passeports d'autres programmes d'investissement dans la citoyennet\u00e9, en utilisant des mesures sophistiqu\u00e9es d\u00e9velopp\u00e9es pour les voyages d'affaires et d'agr\u00e9ment.\u00a0<a href=\"https:\/\/investmentvisacn.com\/fr\/nous-contacter\/\">Contactez nous<\/a>\u00a0et adressez-vous \u00e0 l'un de nos conseillers pour obtenir un rapport gratuit adapt\u00e9 \u00e0 votre citoyennet\u00e9 et \u00e0 votre passeport actuels.<\/p>\n\t\t\t\t\t\t\t\t<\/div>\n\t\t\t\t<\/div>\n\t\t\t\t\t<\/div>\n\t\t<\/div>\n\t\t\t\t\t<\/div>\n\t\t<\/section>\n\t\t\t\t<\/div>","protected":false},"excerpt":{"rendered":"<p>Overview of Vanuatu Citizenship by Investment Programme First launched in 2017, Citizenship by investment in Vanuatu is available to applicants who invest from $130,000 into a local development fund. Officially known as the Vanuatu \u201cDevelopment Support Programme\u201d (DSP), the programme offers one of the fastest citizenship and second passport programmes in the world and is [&hellip;]<\/p>\n","protected":false},"author":1,"featured_media":0,"parent":0,"menu_order":0,"comment_status":"closed","ping_status":"closed","template":"","meta":{"footnotes":""},"class_list":["post-264","page","type-page","status-publish","hentry"],"yoast_head":"<!-- This site is optimized with the Yoast SEO plugin v27.3 - https:\/\/yoast.com\/product\/yoast-seo-wordpress\/ -->\n<title>Vanuatu Citizenship - Investment Visa CN<\/title>\n<meta name=\"robots\" content=\"index, follow, max-snippet:-1, max-image-preview:large, max-video-preview:-1\" \/>\n<link rel=\"canonical\" href=\"https:\/\/investmentvisacn.com\/fr\/citoyennete-du-vanuatu\/\" \/>\n<meta property=\"og:locale\" content=\"fr_FR\" \/>\n<meta property=\"og:type\" content=\"article\" \/>\n<meta property=\"og:title\" content=\"Vanuatu Citizenship - Investment Visa CN\" \/>\n<meta property=\"og:description\" content=\"Overview of Vanuatu Citizenship by Investment Programme First launched in 2017, Citizenship by investment in Vanuatu is available to applicants who invest from $130,000 into a local development fund. Officially known as the Vanuatu \u201cDevelopment Support Programme\u201d (DSP), the programme offers one of the fastest citizenship and second passport programmes in the world and is [&hellip;]\" \/>\n<meta property=\"og:url\" content=\"https:\/\/investmentvisacn.com\/fr\/citoyennete-du-vanuatu\/\" \/>\n<meta property=\"og:site_name\" content=\"Investment Visa CN\" \/>\n<meta property=\"article:modified_time\" content=\"2024-08-21T16:27:09+00:00\" \/>\n<meta name=\"twitter:card\" content=\"summary_large_image\" \/>\n<meta name=\"twitter:label1\" content=\"Dur\u00e9e de lecture estim\u00e9e\" \/>\n\t<meta name=\"twitter:data1\" content=\"6 minutes\" \/>\n<script type=\"application\/ld+json\" class=\"yoast-schema-graph\">{\"@context\":\"https:\\\/\\\/schema.org\",\"@graph\":[{\"@type\":\"WebPage\",\"@id\":\"https:\\\/\\\/investmentvisacn.com\\\/vanuatu-citizenship\\\/\",\"url\":\"https:\\\/\\\/investmentvisacn.com\\\/vanuatu-citizenship\\\/\",\"name\":\"Vanuatu Citizenship - Investment Visa CN\",\"isPartOf\":{\"@id\":\"https:\\\/\\\/investmentvisacn.com\\\/#website\"},\"datePublished\":\"2024-08-13T21:16:35+00:00\",\"dateModified\":\"2024-08-21T16:27:09+00:00\",\"breadcrumb\":{\"@id\":\"https:\\\/\\\/investmentvisacn.com\\\/vanuatu-citizenship\\\/#breadcrumb\"},\"inLanguage\":\"fr-FR\",\"potentialAction\":[{\"@type\":\"ReadAction\",\"target\":[\"https:\\\/\\\/investmentvisacn.com\\\/vanuatu-citizenship\\\/\"]}]},{\"@type\":\"BreadcrumbList\",\"@id\":\"https:\\\/\\\/investmentvisacn.com\\\/vanuatu-citizenship\\\/#breadcrumb\",\"itemListElement\":[{\"@type\":\"ListItem\",\"position\":1,\"name\":\"Home\",\"item\":\"https:\\\/\\\/investmentvisacn.com\\\/\"},{\"@type\":\"ListItem\",\"position\":2,\"name\":\"Vanuatu Citizenship\"}]},{\"@type\":\"WebSite\",\"@id\":\"https:\\\/\\\/investmentvisacn.com\\\/#website\",\"url\":\"https:\\\/\\\/investmentvisacn.com\\\/\",\"name\":\"Investment Visa CN\",\"description\":\"Global Investment &amp; Visa Solutions You Can Trust\",\"publisher\":{\"@id\":\"https:\\\/\\\/investmentvisacn.com\\\/#organization\"},\"potentialAction\":[{\"@type\":\"SearchAction\",\"target\":{\"@type\":\"EntryPoint\",\"urlTemplate\":\"https:\\\/\\\/investmentvisacn.com\\\/?s={search_term_string}\"},\"query-input\":{\"@type\":\"PropertyValueSpecification\",\"valueRequired\":true,\"valueName\":\"search_term_string\"}}],\"inLanguage\":\"fr-FR\"},{\"@type\":\"Organization\",\"@id\":\"https:\\\/\\\/investmentvisacn.com\\\/#organization\",\"name\":\"Investment Visa CN\",\"url\":\"https:\\\/\\\/investmentvisacn.com\\\/\",\"logo\":{\"@type\":\"ImageObject\",\"inLanguage\":\"fr-FR\",\"@id\":\"https:\\\/\\\/investmentvisacn.com\\\/#\\\/schema\\\/logo\\\/image\\\/\",\"url\":\"https:\\\/\\\/investmentvisacn.com\\\/wp-content\\\/uploads\\\/2024\\\/08\\\/universalinvestmentvisa.png\",\"contentUrl\":\"https:\\\/\\\/investmentvisacn.com\\\/wp-content\\\/uploads\\\/2024\\\/08\\\/universalinvestmentvisa.png\",\"width\":180,\"height\":60,\"caption\":\"Investment Visa CN\"},\"image\":{\"@id\":\"https:\\\/\\\/investmentvisacn.com\\\/#\\\/schema\\\/logo\\\/image\\\/\"}}]}<\/script>\n<!-- \/ Yoast SEO plugin. -->","yoast_head_json":{"title":"Citoyennet\u00e9 Vanuatu - Visa d'investissement CN","robots":{"index":"index","follow":"follow","max-snippet":"max-snippet:-1","max-image-preview":"max-image-preview:large","max-video-preview":"max-video-preview:-1"},"canonical":"https:\/\/investmentvisacn.com\/fr\/citoyennete-du-vanuatu\/","og_locale":"fr_FR","og_type":"article","og_title":"Vanuatu Citizenship - Investment Visa CN","og_description":"Overview of Vanuatu Citizenship by Investment Programme First launched in 2017, Citizenship by investment in Vanuatu is available to applicants who invest from $130,000 into a local development fund. Officially known as the Vanuatu \u201cDevelopment Support Programme\u201d (DSP), the programme offers one of the fastest citizenship and second passport programmes in the world and is [&hellip;]","og_url":"https:\/\/investmentvisacn.com\/fr\/citoyennete-du-vanuatu\/","og_site_name":"Investment Visa CN","article_modified_time":"2024-08-21T16:27:09+00:00","twitter_card":"summary_large_image","twitter_misc":{"Dur\u00e9e de lecture estim\u00e9e":"6 minutes"},"schema":{"@context":"https:\/\/schema.org","@graph":[{"@type":"WebPage","@id":"https:\/\/investmentvisacn.com\/vanuatu-citizenship\/","url":"https:\/\/investmentvisacn.com\/vanuatu-citizenship\/","name":"Citoyennet\u00e9 Vanuatu - Visa d'investissement CN","isPartOf":{"@id":"https:\/\/investmentvisacn.com\/#website"},"datePublished":"2024-08-13T21:16:35+00:00","dateModified":"2024-08-21T16:27:09+00:00","breadcrumb":{"@id":"https:\/\/investmentvisacn.com\/vanuatu-citizenship\/#breadcrumb"},"inLanguage":"fr-FR","potentialAction":[{"@type":"ReadAction","target":["https:\/\/investmentvisacn.com\/vanuatu-citizenship\/"]}]},{"@type":"BreadcrumbList","@id":"https:\/\/investmentvisacn.com\/vanuatu-citizenship\/#breadcrumb","itemListElement":[{"@type":"ListItem","position":1,"name":"Home","item":"https:\/\/investmentvisacn.com\/"},{"@type":"ListItem","position":2,"name":"Vanuatu Citizenship"}]},{"@type":"WebSite","@id":"https:\/\/investmentvisacn.com\/#website","url":"https:\/\/investmentvisacn.com\/","name":"Visa d'investissement CN","description":"Des solutions globales d'investissement et de visa auxquelles vous pouvez faire confiance","publisher":{"@id":"https:\/\/investmentvisacn.com\/#organization"},"potentialAction":[{"@type":"SearchAction","target":{"@type":"EntryPoint","urlTemplate":"https:\/\/investmentvisacn.com\/?s={search_term_string}"},"query-input":{"@type":"PropertyValueSpecification","valueRequired":true,"valueName":"search_term_string"}}],"inLanguage":"fr-FR"},{"@type":"Organization","@id":"https:\/\/investmentvisacn.com\/#organization","name":"Visa d'investissement CN","url":"https:\/\/investmentvisacn.com\/","logo":{"@type":"ImageObject","inLanguage":"fr-FR","@id":"https:\/\/investmentvisacn.com\/#\/schema\/logo\/image\/","url":"https:\/\/investmentvisacn.com\/wp-content\/uploads\/2024\/08\/universalinvestmentvisa.png","contentUrl":"https:\/\/investmentvisacn.com\/wp-content\/uploads\/2024\/08\/universalinvestmentvisa.png","width":180,"height":60,"caption":"Investment Visa CN"},"image":{"@id":"https:\/\/investmentvisacn.com\/#\/schema\/logo\/image\/"}}]}},"_links":{"self":[{"href":"https:\/\/investmentvisacn.com\/fr\/wp-json\/wp\/v2\/pages\/264","targetHints":{"allow":["GET"]}}],"collection":[{"href":"https:\/\/investmentvisacn.com\/fr\/wp-json\/wp\/v2\/pages"}],"about":[{"href":"https:\/\/investmentvisacn.com\/fr\/wp-json\/wp\/v2\/types\/page"}],"author":[{"embeddable":true,"href":"https:\/\/investmentvisacn.com\/fr\/wp-json\/wp\/v2\/users\/1"}],"replies":[{"embeddable":true,"href":"https:\/\/investmentvisacn.com\/fr\/wp-json\/wp\/v2\/comments?post=264"}],"version-history":[{"count":7,"href":"https:\/\/investmentvisacn.com\/fr\/wp-json\/wp\/v2\/pages\/264\/revisions"}],"predecessor-version":[{"id":445,"href":"https:\/\/investmentvisacn.com\/fr\/wp-json\/wp\/v2\/pages\/264\/revisions\/445"}],"wp:attachment":[{"href":"https:\/\/investmentvisacn.com\/fr\/wp-json\/wp\/v2\/media?parent=264"}],"curies":[{"name":"wp","href":"https:\/\/api.w.org\/{rel}","templated":true}]}}