{"id":262,"date":"2024-08-13T21:15:39","date_gmt":"2024-08-13T21:15:39","guid":{"rendered":"https:\/\/universalinvestmentvisa.com\/?page_id=262"},"modified":"2024-08-24T16:45:51","modified_gmt":"2024-08-24T16:45:51","slug":"citoyennete-samoane","status":"publish","type":"page","link":"https:\/\/investmentvisacn.com\/fr\/samoa-citizenship\/","title":{"rendered":"Citoyennet\u00e9 samoane"},"content":{"rendered":"<h2 class=\"wp-block-heading\">Programme de citoyennet\u00e9 par l'investissement au Samoa<\/h2>\n\n\n\n<p>Samoa a lanc\u00e9 son programme de citoyennet\u00e9 par l'investissement en vertu de la loi sur l'investissement dans la citoyennet\u00e9 et de son r\u00e8glement d'application de 2016. Ce programme est administr\u00e9 par le minist\u00e8re du commerce et de l'industrie des Samoa (MCIL). Les demandes doivent \u00eatre soumises au Comit\u00e9 d'investissement dans la citoyennet\u00e9. Le programme d'investissement dans la citoyennet\u00e9 a \u00e9t\u00e9 officiellement lanc\u00e9 le mardi 31 janvier 2017.<\/p>\n\n\n\n<h2 class=\"wp-block-heading\">Aper\u00e7u des visas pour les Samoa<\/h2>\n\n\n\n<p>La citoyennet\u00e9 par l'investissement est l'octroi du statut de citoyen \u00e0 une personne et aux membres de sa famille imm\u00e9diate \u00e0 la suite d'un investissement sp\u00e9cifique et quantifiable au Samoa. Ce nouveau programme de citoyennet\u00e9 par l'investissement permettra aux personnes et aux membres de leur famille imm\u00e9diate d'obtenir la citoyennet\u00e9 samoane par le biais d'un investissement.<\/p>\n\n\n\n<p>Les investisseurs \u00e9trangers et les membres de leur famille peuvent demander la nationalit\u00e9 samoane dans les trois mois pr\u00e9c\u00e9dant l'expiration du permis de s\u00e9jour permanent.<\/p>\n\n\n\n<p>Le Samoa, officiellement l'\u00c9tat ind\u00e9pendant du Samoa et, jusqu'au 4 juillet 1997, connu sous le nom de Samoa occidentales, est un pays compos\u00e9 de deux \u00eeles principales, Savai'i et Upolu, et de quatre \u00eeles plus petites entourant les masses continentales. La capitale est Apia. Apr\u00e8s les efforts r\u00e9p\u00e9t\u00e9s du mouvement ind\u00e9pendantiste samoan, la loi n\u00e9o-z\u00e9landaise de 1961 sur les Samoa occidentales (New Zealand Western Samoa Act 1961) du 24 novembre 1961 a accord\u00e9 l'ind\u00e9pendance aux Samoa, avec effet au 1er janvier 1962,<\/p>\n\n\n\n<p>Les Samoa occidentales (Samoa) sont membres du Commonwealth et comptent une population de 195 000 habitants pour un PIB de $1,1 milliard d'euros. Les Samoa sont situ\u00e9es au sud de l'\u00e9quateur, \u00e0 peu pr\u00e8s \u00e0 mi-chemin entre Hawa\u00ef et la Nouvelle-Z\u00e9lande, dans la r\u00e9gion polyn\u00e9sienne de l'oc\u00e9an Pacifique. La monnaie du pays est le tala samoan, \u00e9mis et r\u00e9glement\u00e9 par la Banque centrale de Samoa. Le tourisme est un secteur en pleine expansion qui repr\u00e9sente aujourd'hui 25% du PIB et plus de 100 000 touristes le visitent chaque ann\u00e9e. Les Samoa sont r\u00e9put\u00e9es pour leur rugby, qui est un sport national.<\/p>\n\n\n\n<p class=\"has-text-align-center\"><a href=\"https:\/\/investmentvisacn.com\/fr\/nous-contacter\/\"><strong>Contact-Conseiller<\/strong><\/a><\/p>\n\n\n\n<h2 class=\"wp-block-heading\">Avantages du visa d'or pour les Samoa<\/h2>\n\n\n\n<ul class=\"wp-block-list\">\n<li>Deuxi\u00e8me nationalit\u00e9 et passeport d'un petit pays en paix<\/li>\n\n\n\n<li>Voyage sans visa dans 129 pays, dont le Canada, l'Europe, la Russie, le Royaume-Uni et l'Irlande<\/li>\n\n\n\n<li>Le Samoa poss\u00e8de le 40e meilleur passeport au monde en 2018<\/li>\n\n\n\n<li>La famille et les enfants peuvent b\u00e9n\u00e9ficier du statut de citoyen \u00e0 vie<\/li>\n\n\n\n<li>Les investisseurs obtiennent la r\u00e9sidence permanente, la citoyennet\u00e9 et le passeport<\/li>\n\n\n\n<li>L'exigence minimale est de vivre dans le pays 15 jours par an.<\/li>\n\n\n\n<li>Le deuxi\u00e8me passeport peut permettre de voyager sans visa dans des pays o\u00f9 le pays de naissance n'est pas autoris\u00e9 \u00e0 se rendre.<\/li>\n\n\n\n<li>Planification fiscale pour les particuliers fortun\u00e9s<\/li>\n\n\n\n<li>La citoyennet\u00e9 et le passeport d'un petit pays pacifique sont consid\u00e9r\u00e9s par certains comme une protection lorsqu'ils voyagent, en particulier en p\u00e9riode de troubles politiques, de guerre civile, de terrorisme et d'autres situations.<\/li>\n\n\n\n<li>La citoyennet\u00e9 est consid\u00e9r\u00e9e comme un investissement alternatif pour l'avenir<\/li>\n\n\n\n<li>La double nationalit\u00e9 est autoris\u00e9e aux Samoa<\/li>\n<\/ul>\n\n\n\n<h2 class=\"wp-block-heading\">\u00c9tapes de la candidature<\/h2>\n\n\n\n<p>Le comit\u00e9 pour la citoyennet\u00e9 par l'investissement ne pourra examiner une demande que si<\/p>\n\n\n\n<ul class=\"wp-block-list\">\n<li>Les frais de demande et de diligence raisonnable ont \u00e9t\u00e9 int\u00e9gralement pay\u00e9s.<\/li>\n\n\n\n<li>Preuve de l'ouverture du compte de d\u00e9p\u00f4t fixe et du versement sur ce compte d'au moins 70% (ou d'un pourcentage prescrit d'au moins 50%) du montant de l'investissement.<\/li>\n\n\n\n<li>Le rapport sur les contr\u00f4les de diligence raisonnable a \u00e9t\u00e9 re\u00e7u<\/li>\n<\/ul>\n\n\n\n<h3 class=\"wp-block-heading\">R\u00e9sidence permanente et citoyennet\u00e9<\/h3>\n\n\n\n<p>L'investisseur et les membres de sa famille peuvent se voir d\u00e9livrer un permis de s\u00e9jour temporaire lorsqu'une demande est d\u00e9pos\u00e9e.<\/p>\n\n\n\n<p>L'investisseur et les membres de sa famille ont droit \u00e0 un permis de s\u00e9jour permanent valable trois (3) ans lorsque la demande est accept\u00e9e, mais ce permis est soumis aux conditions suivantes<\/p>\n\n\n\n<p>a) L'investisseur peut retirer tout montant du compte de d\u00e9p\u00f4t \u00e0 terme pour l'utiliser conform\u00e9ment au plan d'investissement, mais il doit conserver au moins 15% de la somme initiale d\u00e9pos\u00e9e sur le compte.<br>b). Le comit\u00e9 peut, pendant la p\u00e9riode de r\u00e9sidence permanente de trois ans de l'investisseur, continuer \u00e0 examiner et \u00e0 suivre les progr\u00e8s de l'investissement admissible conform\u00e9ment au plan d'investissement ou aux lignes directrices, ou selon ce qu'il juge appropri\u00e9.<\/p>\n\n\n\n<p>L'investisseur et les membres de sa famille peuvent demander la nationalit\u00e9 samoane dans les trois (3) mois pr\u00e9c\u00e9dant l'expiration du permis de s\u00e9jour permanent, si l'investisseur : a. (y compris un ou plusieurs membres de sa famille) a r\u00e9sid\u00e9 aux Samoa pendant au moins 15 jours par an au cours des trois ann\u00e9es du permis de s\u00e9jour permanent ; et b. s'est conform\u00e9 au plan d'investissement.<\/p>\n\n\n\n<p>L'investisseur (et les membres de sa famille inclus dans la demande) se verra rappeler par le secr\u00e9tariat (par \u00e9crit), au moins six mois avant l'expiration de son permis de s\u00e9jour permanent, les dates limites et la p\u00e9riode d'\u00e9ligibilit\u00e9 pour la soumission de sa demande de citoyennet\u00e9 samoane. Toutefois, l'investisseur peut demander la prolongation de son permis de s\u00e9jour permanent (y compris celui des membres de sa famille) si celui-ci expire avant l'octroi de la citoyennet\u00e9.<\/p>\n\n\n\n<ul class=\"wp-block-list\">\n<li>\u00c9tape 1<\/li>\n\n\n\n<li>\u00c9tape 2<\/li>\n\n\n\n<li>\u00c9tape 3<\/li>\n<\/ul>\n\n\n\n<h2 class=\"wp-block-heading\">Passeport pour les Samoa<\/h2>\n\n\n\n<p>Les Samoa ont le 40e meilleur passeport au monde en 2018 et peuvent voyager sans visa dans 129 pays, dont le Canada, l'Europe, la Russie, le Royaume-Uni et l'Irlande.<\/p>","protected":false},"excerpt":{"rendered":"<p>Samoa Citizenship by Investment Program Samoa launched its citizenship by investment scheme under Citizenship Investment Act and its Regulations 2016. This scheme is administered by the Ministry of Commerce and Industry in Samoa (MCIL). Applications must be submitted to the Citizenship Investment Committee. The Citizenship Investment scheme was officially launched on Tuesday 31st January 2017 [&hellip;]<\/p>\n","protected":false},"author":1,"featured_media":0,"parent":0,"menu_order":0,"comment_status":"closed","ping_status":"closed","template":"","meta":{"footnotes":""},"class_list":["post-262","page","type-page","status-publish","hentry"],"yoast_head":"<!-- This site is optimized with the Yoast SEO plugin v27.3 - https:\/\/yoast.com\/product\/yoast-seo-wordpress\/ -->\n<title>Samoa Citizenship - Investment Visa CN<\/title>\n<meta name=\"robots\" content=\"index, follow, max-snippet:-1, max-image-preview:large, max-video-preview:-1\" \/>\n<link rel=\"canonical\" href=\"https:\/\/investmentvisacn.com\/fr\/citoyennete-samoane\/\" \/>\n<meta property=\"og:locale\" content=\"fr_FR\" \/>\n<meta property=\"og:type\" content=\"article\" \/>\n<meta property=\"og:title\" content=\"Samoa Citizenship - Investment Visa CN\" \/>\n<meta property=\"og:description\" content=\"Samoa Citizenship by Investment Program Samoa launched its citizenship by investment scheme under Citizenship Investment Act and its Regulations 2016. This scheme is administered by the Ministry of Commerce and Industry in Samoa (MCIL). Applications must be submitted to the Citizenship Investment Committee. The Citizenship Investment scheme was officially launched on Tuesday 31st January 2017 [&hellip;]\" \/>\n<meta property=\"og:url\" content=\"https:\/\/investmentvisacn.com\/fr\/citoyennete-samoane\/\" \/>\n<meta property=\"og:site_name\" content=\"Investment Visa CN\" \/>\n<meta property=\"article:modified_time\" content=\"2024-08-24T16:45:51+00:00\" \/>\n<meta name=\"twitter:card\" content=\"summary_large_image\" \/>\n<meta name=\"twitter:label1\" content=\"Dur\u00e9e de lecture estim\u00e9e\" \/>\n\t<meta name=\"twitter:data1\" content=\"4 minutes\" \/>\n<script type=\"application\/ld+json\" class=\"yoast-schema-graph\">{\"@context\":\"https:\\\/\\\/schema.org\",\"@graph\":[{\"@type\":\"WebPage\",\"@id\":\"https:\\\/\\\/investmentvisacn.com\\\/samoa-citizenship\\\/\",\"url\":\"https:\\\/\\\/investmentvisacn.com\\\/samoa-citizenship\\\/\",\"name\":\"Samoa Citizenship - Investment Visa CN\",\"isPartOf\":{\"@id\":\"https:\\\/\\\/investmentvisacn.com\\\/#website\"},\"datePublished\":\"2024-08-13T21:15:39+00:00\",\"dateModified\":\"2024-08-24T16:45:51+00:00\",\"breadcrumb\":{\"@id\":\"https:\\\/\\\/investmentvisacn.com\\\/samoa-citizenship\\\/#breadcrumb\"},\"inLanguage\":\"fr-FR\",\"potentialAction\":[{\"@type\":\"ReadAction\",\"target\":[\"https:\\\/\\\/investmentvisacn.com\\\/samoa-citizenship\\\/\"]}]},{\"@type\":\"BreadcrumbList\",\"@id\":\"https:\\\/\\\/investmentvisacn.com\\\/samoa-citizenship\\\/#breadcrumb\",\"itemListElement\":[{\"@type\":\"ListItem\",\"position\":1,\"name\":\"Home\",\"item\":\"https:\\\/\\\/investmentvisacn.com\\\/\"},{\"@type\":\"ListItem\",\"position\":2,\"name\":\"Samoa Citizenship\"}]},{\"@type\":\"WebSite\",\"@id\":\"https:\\\/\\\/investmentvisacn.com\\\/#website\",\"url\":\"https:\\\/\\\/investmentvisacn.com\\\/\",\"name\":\"Investment Visa CN\",\"description\":\"Global Investment &amp; Visa Solutions You Can Trust\",\"publisher\":{\"@id\":\"https:\\\/\\\/investmentvisacn.com\\\/#organization\"},\"potentialAction\":[{\"@type\":\"SearchAction\",\"target\":{\"@type\":\"EntryPoint\",\"urlTemplate\":\"https:\\\/\\\/investmentvisacn.com\\\/?s={search_term_string}\"},\"query-input\":{\"@type\":\"PropertyValueSpecification\",\"valueRequired\":true,\"valueName\":\"search_term_string\"}}],\"inLanguage\":\"fr-FR\"},{\"@type\":\"Organization\",\"@id\":\"https:\\\/\\\/investmentvisacn.com\\\/#organization\",\"name\":\"Investment Visa CN\",\"url\":\"https:\\\/\\\/investmentvisacn.com\\\/\",\"logo\":{\"@type\":\"ImageObject\",\"inLanguage\":\"fr-FR\",\"@id\":\"https:\\\/\\\/investmentvisacn.com\\\/#\\\/schema\\\/logo\\\/image\\\/\",\"url\":\"https:\\\/\\\/investmentvisacn.com\\\/wp-content\\\/uploads\\\/2024\\\/08\\\/universalinvestmentvisa.png\",\"contentUrl\":\"https:\\\/\\\/investmentvisacn.com\\\/wp-content\\\/uploads\\\/2024\\\/08\\\/universalinvestmentvisa.png\",\"width\":180,\"height\":60,\"caption\":\"Investment Visa CN\"},\"image\":{\"@id\":\"https:\\\/\\\/investmentvisacn.com\\\/#\\\/schema\\\/logo\\\/image\\\/\"}}]}<\/script>\n<!-- \/ Yoast SEO plugin. -->","yoast_head_json":{"title":"Citoyennet\u00e9 samoane - Visa d'investissement CN","robots":{"index":"index","follow":"follow","max-snippet":"max-snippet:-1","max-image-preview":"max-image-preview:large","max-video-preview":"max-video-preview:-1"},"canonical":"https:\/\/investmentvisacn.com\/fr\/citoyennete-samoane\/","og_locale":"fr_FR","og_type":"article","og_title":"Samoa Citizenship - Investment Visa CN","og_description":"Samoa Citizenship by Investment Program Samoa launched its citizenship by investment scheme under Citizenship Investment Act and its Regulations 2016. This scheme is administered by the Ministry of Commerce and Industry in Samoa (MCIL). Applications must be submitted to the Citizenship Investment Committee. The Citizenship Investment scheme was officially launched on Tuesday 31st January 2017 [&hellip;]","og_url":"https:\/\/investmentvisacn.com\/fr\/citoyennete-samoane\/","og_site_name":"Investment Visa CN","article_modified_time":"2024-08-24T16:45:51+00:00","twitter_card":"summary_large_image","twitter_misc":{"Dur\u00e9e de lecture estim\u00e9e":"4 minutes"},"schema":{"@context":"https:\/\/schema.org","@graph":[{"@type":"WebPage","@id":"https:\/\/investmentvisacn.com\/samoa-citizenship\/","url":"https:\/\/investmentvisacn.com\/samoa-citizenship\/","name":"Citoyennet\u00e9 samoane - Visa d'investissement CN","isPartOf":{"@id":"https:\/\/investmentvisacn.com\/#website"},"datePublished":"2024-08-13T21:15:39+00:00","dateModified":"2024-08-24T16:45:51+00:00","breadcrumb":{"@id":"https:\/\/investmentvisacn.com\/samoa-citizenship\/#breadcrumb"},"inLanguage":"fr-FR","potentialAction":[{"@type":"ReadAction","target":["https:\/\/investmentvisacn.com\/samoa-citizenship\/"]}]},{"@type":"BreadcrumbList","@id":"https:\/\/investmentvisacn.com\/samoa-citizenship\/#breadcrumb","itemListElement":[{"@type":"ListItem","position":1,"name":"Home","item":"https:\/\/investmentvisacn.com\/"},{"@type":"ListItem","position":2,"name":"Samoa Citizenship"}]},{"@type":"WebSite","@id":"https:\/\/investmentvisacn.com\/#website","url":"https:\/\/investmentvisacn.com\/","name":"Visa d'investissement CN","description":"Des solutions globales d'investissement et de visa auxquelles vous pouvez faire confiance","publisher":{"@id":"https:\/\/investmentvisacn.com\/#organization"},"potentialAction":[{"@type":"SearchAction","target":{"@type":"EntryPoint","urlTemplate":"https:\/\/investmentvisacn.com\/?s={search_term_string}"},"query-input":{"@type":"PropertyValueSpecification","valueRequired":true,"valueName":"search_term_string"}}],"inLanguage":"fr-FR"},{"@type":"Organization","@id":"https:\/\/investmentvisacn.com\/#organization","name":"Visa d'investissement CN","url":"https:\/\/investmentvisacn.com\/","logo":{"@type":"ImageObject","inLanguage":"fr-FR","@id":"https:\/\/investmentvisacn.com\/#\/schema\/logo\/image\/","url":"https:\/\/investmentvisacn.com\/wp-content\/uploads\/2024\/08\/universalinvestmentvisa.png","contentUrl":"https:\/\/investmentvisacn.com\/wp-content\/uploads\/2024\/08\/universalinvestmentvisa.png","width":180,"height":60,"caption":"Investment Visa CN"},"image":{"@id":"https:\/\/investmentvisacn.com\/#\/schema\/logo\/image\/"}}]}},"_links":{"self":[{"href":"https:\/\/investmentvisacn.com\/fr\/wp-json\/wp\/v2\/pages\/262","targetHints":{"allow":["GET"]}}],"collection":[{"href":"https:\/\/investmentvisacn.com\/fr\/wp-json\/wp\/v2\/pages"}],"about":[{"href":"https:\/\/investmentvisacn.com\/fr\/wp-json\/wp\/v2\/types\/page"}],"author":[{"embeddable":true,"href":"https:\/\/investmentvisacn.com\/fr\/wp-json\/wp\/v2\/users\/1"}],"replies":[{"embeddable":true,"href":"https:\/\/investmentvisacn.com\/fr\/wp-json\/wp\/v2\/comments?post=262"}],"version-history":[{"count":2,"href":"https:\/\/investmentvisacn.com\/fr\/wp-json\/wp\/v2\/pages\/262\/revisions"}],"predecessor-version":[{"id":557,"href":"https:\/\/investmentvisacn.com\/fr\/wp-json\/wp\/v2\/pages\/262\/revisions\/557"}],"wp:attachment":[{"href":"https:\/\/investmentvisacn.com\/fr\/wp-json\/wp\/v2\/media?parent=262"}],"curies":[{"name":"wp","href":"https:\/\/api.w.org\/{rel}","templated":true}]}}