{"id":250,"date":"2024-08-13T20:35:40","date_gmt":"2024-08-13T20:35:40","guid":{"rendered":"https:\/\/universalinvestmentvisa.com\/?page_id=250"},"modified":"2024-08-24T08:25:01","modified_gmt":"2024-08-24T08:25:01","slug":"visa-dor-pour-la-grece","status":"publish","type":"page","link":"https:\/\/investmentvisacn.com\/fr\/greece-golden-visa\/","title":{"rendered":"Visa d'or pour la Gr\u00e8ce"},"content":{"rendered":"<h2 class=\"wp-block-heading\">Vue d'ensemble du visa d'or pour la Gr\u00e8ce<\/h2>\n\n\n\n<p>Lanc\u00e9 en juillet 2013, le programme grec Golden Visa accorde un visa de r\u00e9sidence de cinq ans en \u00e9change d'un investissement dans l'immobilier. Il n'y a pas d'exigence de s\u00e9jour minimum et les enfants jusqu'\u00e0 l'\u00e2ge de 21 ans sont inclus dans la demande familiale. Le visa est accord\u00e9 pour cinq ans et renouvel\u00e9 tous les cinq ans si l'investissement immobilier est maintenu. Il n'est pas n\u00e9cessaire de vivre dans le pays pour conserver et renouveler le visa d'investisseur. Toutefois, la citoyennet\u00e9 ne peut \u00eatre accord\u00e9e qu'apr\u00e8s sept ans de r\u00e9sidence.<\/p>\n\n\n\n<p class=\"has-text-align-center\"><a href=\"https:\/\/investmentvisacn.com\/fr\/nous-contacter\/\">Contact-Conseiller<\/a><\/p>\n\n\n\n<h3 class=\"wp-block-heading\">Avantages du visa d'or pour la Gr\u00e8ce<\/h3>\n\n\n\n<p>La Gr\u00e8ce propose l'un des programmes de visas dor\u00e9s les plus rentables d'Europe. Le principal avantage du programme Golden Visa de la Gr\u00e8ce est que les demandeurs obtiennent la r\u00e9sidence permanente grecque en quelques mois seulement, apr\u00e8s un investissement immobilier de 250 000 euros. Le permis de r\u00e9sidence grecque permet au titulaire de vivre, de travailler et d'\u00e9tudier en Gr\u00e8ce, s'il le souhaite, bien que ce ne soit pas une exigence du programme Golden Visa. La Gr\u00e8ce faisant partie de l'espace Schengen, les r\u00e9sidents grecs peuvent voyager sans visa dans le reste de l'espace Schengen de l'UE et passer jusqu'\u00e0 90 jours tous les 180 jours dans d'autres \u00c9tats de l'espace Schengen.<\/p>\n\n\n\n<h3 class=\"wp-block-heading\">Principaux avantages :<\/h3>\n\n\n\n<ul class=\"wp-block-list\">\n<li>Traitement rapide du permis de s\u00e9jour<\/li>\n\n\n\n<li>Faibles taxes gouvernementales<\/li>\n\n\n\n<li>Frais de renouvellement peu \u00e9lev\u00e9s<\/li>\n\n\n\n<li>Poss\u00e9der des biens immobiliers grecs - diversifier son patrimoine<\/li>\n\n\n\n<li>Voyage sans visa dans l'ensemble de l'espace Schengen de l'UE<\/li>\n<\/ul>\n\n\n\n<p>Investissement minimum de 250 000 euros<br>Casier judiciaire vierge<br>Ouvert aux candidats non ressortissants de l'UE<\/p>\n\n\n\n<p>R\u00e9sidence familiale compl\u00e8te<br>Enfants \u00e0 charge<br>Membres de la famille \u00e0 charge<\/p>\n\n\n\n<p>Pas de s\u00e9jour minimum requis<br>Pas d'entretien<br>Pas de test linguistique<\/p>\n\n\n\n<p>R\u00e9sidence dans un pays de l'UE<br>Voyages dans l'espace Schengen de l'UE<br>Citoyennet\u00e9 R\u00e9sidence de plus de 7 ans<\/p>\n\n\n\n<ol class=\"wp-block-list\">\n<li><\/li>\n<\/ol>\n\n\n\n<h4 class=\"wp-block-heading\">Quel est le co\u00fbt d'un Golden Visa pour la Gr\u00e8ce ?<\/h4>\n\n\n\n<p>Apr\u00e8s un investissement de 250 000 euros dans l'immobilier grec, la proc\u00e9dure d'obtention d'un Golden Visa grec est relativement simple et rapide.<\/p>\n\n\n\n<p>De&nbsp;<strong><em>mai 2023<\/em><\/strong>, En outre, la condition relative aux biens immobiliers devrait passer de 250 000 euros \u00e0 500 000 euros dans certaines municipalit\u00e9s grecques, telles qu'Ath\u00e8nes, Thessalonique, Glyfada, Mykonos et Santorin. Universal Investment visa suit la situation de pr\u00e8s et fournira des informations suppl\u00e9mentaires d\u00e8s qu'elles seront disponibles.<\/p>\n\n\n\n<p>Les frais de gouvernement, de notaire et de justice pour l'achat de la propri\u00e9t\u00e9 et la demande de visa s'\u00e9l\u00e8vent \u00e0 environ 15 000 euros. En outre, la TVA doit \u00eatre pay\u00e9e en Gr\u00e8ce sur l'achat de la propri\u00e9t\u00e9.<\/p>\n\n\n\n<h4 class=\"wp-block-heading\">Exigences en mati\u00e8re de visa d'or pour la Gr\u00e8ce<\/h4>\n\n\n\n<p>Outre l'investissement immobilier n\u00e9cessaire, les demandeurs doivent satisfaire \u00e0 plusieurs exigences :<\/p>\n\n\n\n<ul class=\"wp-block-list\">\n<li>Un casier judiciaire vierge<\/li>\n\n\n\n<li>Des fonds et des soins de sant\u00e9 suffisants pour couvrir leur s\u00e9jour<\/li>\n\n\n\n<li>Pas de refus de visa Schengen dans le pass\u00e9<\/li>\n\n\n\n<li>Les candidats doivent r\u00e9sider en dehors de l'Union europ\u00e9enne.<\/li>\n<\/ul>\n\n\n\n<h4 class=\"wp-block-heading\">Votre devis gratuit<\/h4>\n\n\n\n<hr class=\"wp-block-separator has-alpha-channel-opacity\"\/>\n\n\n\n<h3 class=\"wp-block-heading\">Comment demander le Golden Visa en Gr\u00e8ce<\/h3>\n\n\n\n<p>R\u00e9servez votre consultation gratuite avec l'\u00e9quipe d'experts en visas d'Universal pour discuter et d\u00e9cider du programme et de l'itin\u00e9raire d'investissement qui vous conviennent le mieux, \u00e0 vous et \u00e0 votre famille. Nos consultants exp\u00e9riment\u00e9s vous conseilleront sur tous les frais applicables et vous guideront en d\u00e9tail tout au long du processus.<\/p>\n\n\n\n<p>Vous pouvez choisir votre investissement immobilier \u00e0 distance par l'interm\u00e9diaire de nos conseillers de confiance, ou vous pouvez vous rendre en Gr\u00e8ce pour s\u00e9lectionner votre investissement et d\u00e9signer un avocat qui s'occupera du transfert de propri\u00e9t\u00e9 en votre nom. Gr\u00e2ce \u00e0 une procuration, l'achat de la propri\u00e9t\u00e9 peut \u00eatre finalis\u00e9 chez le notaire en votre absence.<\/p>\n\n\n\n<p>Une fois l'investissement immobilier termin\u00e9, g\u00e9n\u00e9ralement dans les 30 jours, vous pouvez demander le visa d'or pour la Gr\u00e8ce. Les clients devront se rendre \u00e0 un rendez-vous pour soumettre leurs donn\u00e9es biom\u00e9triques, ou ils peuvent le faire dans les six mois suivant le rendez-vous.<\/p>\n\n\n\n<p>Une fois votre demande de visa dor\u00e9 approuv\u00e9e, vous recevrez un permis de r\u00e9sidence permanente en Gr\u00e8ce d'une dur\u00e9e de cinq ans. Ce permis peut \u00eatre renouvel\u00e9 tous les cinq ans \u00e0 condition que l'investissement immobilier grec soit maintenu.<\/p>\n\n\n\n<ul class=\"wp-block-list\">\n<li>\u00c9tape 1<\/li>\n\n\n\n<li>\u00c9tape 2<\/li>\n\n\n\n<li>\u00c9tape 3<\/li>\n\n\n\n<li>\u00c9tape 4<\/li>\n<\/ul>\n\n\n\n<h4 class=\"wp-block-heading\">Visa d'or pour la Gr\u00e8ce gr\u00e2ce \u00e0 un investissement immobilier<\/h4>\n\n\n\n<p>Les investisseurs immobiliers en Gr\u00e8ce doivent \u00e9galement pr\u00e9voir un budget pour les taxes suppl\u00e9mentaires sur l'immobilier (3%- 24%). \u00c0 250 000 euros + taxes et frais (un peu plus de 300 000 euros au total), ce programme offre l'un des programmes de r\u00e9sidence les moins co\u00fbteux d'Europe. Le visa d'investissement universel offre des options immobili\u00e8res dans plusieurs endroits en Gr\u00e8ce. Ath\u00e8nes s'est av\u00e9r\u00e9e \u00eatre l'un des endroits les plus populaires pour les investisseurs \u00e9trangers en raison de ses liaisons a\u00e9riennes internationales et de ses solides retours sur investissement.<\/p>","protected":false},"excerpt":{"rendered":"<p>Greece Golden Visa Overview Launched in July 2013 the Greek Golden Visa programme grants a five-year residency visa in return for an investment in real estate. There is no minimum stay requirement and children up to the age of 21 are included in the family application. The visa is granted for five years and renewed [&hellip;]<\/p>\n","protected":false},"author":1,"featured_media":0,"parent":0,"menu_order":0,"comment_status":"closed","ping_status":"closed","template":"","meta":{"footnotes":""},"class_list":["post-250","page","type-page","status-publish","hentry"],"yoast_head":"<!-- This site is optimized with the Yoast SEO plugin v27.3 - https:\/\/yoast.com\/product\/yoast-seo-wordpress\/ -->\n<title>Greece Golden Visa - Investment Visa CN<\/title>\n<meta name=\"robots\" content=\"index, follow, max-snippet:-1, max-image-preview:large, max-video-preview:-1\" \/>\n<link rel=\"canonical\" href=\"https:\/\/investmentvisacn.com\/fr\/visa-dor-pour-la-grece\/\" \/>\n<meta property=\"og:locale\" content=\"fr_FR\" \/>\n<meta property=\"og:type\" content=\"article\" \/>\n<meta property=\"og:title\" content=\"Greece Golden Visa - Investment Visa CN\" \/>\n<meta property=\"og:description\" content=\"Greece Golden Visa Overview Launched in July 2013 the Greek Golden Visa programme grants a five-year residency visa in return for an investment in real estate. There is no minimum stay requirement and children up to the age of 21 are included in the family application. The visa is granted for five years and renewed [&hellip;]\" \/>\n<meta property=\"og:url\" content=\"https:\/\/investmentvisacn.com\/fr\/visa-dor-pour-la-grece\/\" \/>\n<meta property=\"og:site_name\" content=\"Investment Visa CN\" \/>\n<meta property=\"article:modified_time\" content=\"2024-08-24T08:25:01+00:00\" \/>\n<meta name=\"twitter:card\" content=\"summary_large_image\" \/>\n<meta name=\"twitter:label1\" content=\"Dur\u00e9e de lecture estim\u00e9e\" \/>\n\t<meta name=\"twitter:data1\" content=\"3 minutes\" \/>\n<script type=\"application\/ld+json\" class=\"yoast-schema-graph\">{\"@context\":\"https:\\\/\\\/schema.org\",\"@graph\":[{\"@type\":\"WebPage\",\"@id\":\"https:\\\/\\\/investmentvisacn.com\\\/greece-golden-visa\\\/\",\"url\":\"https:\\\/\\\/investmentvisacn.com\\\/greece-golden-visa\\\/\",\"name\":\"Greece Golden Visa - Investment Visa CN\",\"isPartOf\":{\"@id\":\"https:\\\/\\\/investmentvisacn.com\\\/#website\"},\"datePublished\":\"2024-08-13T20:35:40+00:00\",\"dateModified\":\"2024-08-24T08:25:01+00:00\",\"breadcrumb\":{\"@id\":\"https:\\\/\\\/investmentvisacn.com\\\/greece-golden-visa\\\/#breadcrumb\"},\"inLanguage\":\"fr-FR\",\"potentialAction\":[{\"@type\":\"ReadAction\",\"target\":[\"https:\\\/\\\/investmentvisacn.com\\\/greece-golden-visa\\\/\"]}]},{\"@type\":\"BreadcrumbList\",\"@id\":\"https:\\\/\\\/investmentvisacn.com\\\/greece-golden-visa\\\/#breadcrumb\",\"itemListElement\":[{\"@type\":\"ListItem\",\"position\":1,\"name\":\"Home\",\"item\":\"https:\\\/\\\/investmentvisacn.com\\\/\"},{\"@type\":\"ListItem\",\"position\":2,\"name\":\"Greece Golden Visa\"}]},{\"@type\":\"WebSite\",\"@id\":\"https:\\\/\\\/investmentvisacn.com\\\/#website\",\"url\":\"https:\\\/\\\/investmentvisacn.com\\\/\",\"name\":\"Investment Visa CN\",\"description\":\"Global Investment &amp; Visa Solutions You Can Trust\",\"publisher\":{\"@id\":\"https:\\\/\\\/investmentvisacn.com\\\/#organization\"},\"potentialAction\":[{\"@type\":\"SearchAction\",\"target\":{\"@type\":\"EntryPoint\",\"urlTemplate\":\"https:\\\/\\\/investmentvisacn.com\\\/?s={search_term_string}\"},\"query-input\":{\"@type\":\"PropertyValueSpecification\",\"valueRequired\":true,\"valueName\":\"search_term_string\"}}],\"inLanguage\":\"fr-FR\"},{\"@type\":\"Organization\",\"@id\":\"https:\\\/\\\/investmentvisacn.com\\\/#organization\",\"name\":\"Investment Visa CN\",\"url\":\"https:\\\/\\\/investmentvisacn.com\\\/\",\"logo\":{\"@type\":\"ImageObject\",\"inLanguage\":\"fr-FR\",\"@id\":\"https:\\\/\\\/investmentvisacn.com\\\/#\\\/schema\\\/logo\\\/image\\\/\",\"url\":\"https:\\\/\\\/investmentvisacn.com\\\/wp-content\\\/uploads\\\/2024\\\/08\\\/universalinvestmentvisa.png\",\"contentUrl\":\"https:\\\/\\\/investmentvisacn.com\\\/wp-content\\\/uploads\\\/2024\\\/08\\\/universalinvestmentvisa.png\",\"width\":180,\"height\":60,\"caption\":\"Investment Visa CN\"},\"image\":{\"@id\":\"https:\\\/\\\/investmentvisacn.com\\\/#\\\/schema\\\/logo\\\/image\\\/\"}}]}<\/script>\n<!-- \/ Yoast SEO plugin. -->","yoast_head_json":{"title":"Gr\u00e8ce Golden Visa - Visa d'investissement CN","robots":{"index":"index","follow":"follow","max-snippet":"max-snippet:-1","max-image-preview":"max-image-preview:large","max-video-preview":"max-video-preview:-1"},"canonical":"https:\/\/investmentvisacn.com\/fr\/visa-dor-pour-la-grece\/","og_locale":"fr_FR","og_type":"article","og_title":"Greece Golden Visa - Investment Visa CN","og_description":"Greece Golden Visa Overview Launched in July 2013 the Greek Golden Visa programme grants a five-year residency visa in return for an investment in real estate. There is no minimum stay requirement and children up to the age of 21 are included in the family application. The visa is granted for five years and renewed [&hellip;]","og_url":"https:\/\/investmentvisacn.com\/fr\/visa-dor-pour-la-grece\/","og_site_name":"Investment Visa CN","article_modified_time":"2024-08-24T08:25:01+00:00","twitter_card":"summary_large_image","twitter_misc":{"Dur\u00e9e de lecture estim\u00e9e":"3 minutes"},"schema":{"@context":"https:\/\/schema.org","@graph":[{"@type":"WebPage","@id":"https:\/\/investmentvisacn.com\/greece-golden-visa\/","url":"https:\/\/investmentvisacn.com\/greece-golden-visa\/","name":"Gr\u00e8ce Golden Visa - Visa d'investissement CN","isPartOf":{"@id":"https:\/\/investmentvisacn.com\/#website"},"datePublished":"2024-08-13T20:35:40+00:00","dateModified":"2024-08-24T08:25:01+00:00","breadcrumb":{"@id":"https:\/\/investmentvisacn.com\/greece-golden-visa\/#breadcrumb"},"inLanguage":"fr-FR","potentialAction":[{"@type":"ReadAction","target":["https:\/\/investmentvisacn.com\/greece-golden-visa\/"]}]},{"@type":"BreadcrumbList","@id":"https:\/\/investmentvisacn.com\/greece-golden-visa\/#breadcrumb","itemListElement":[{"@type":"ListItem","position":1,"name":"Home","item":"https:\/\/investmentvisacn.com\/"},{"@type":"ListItem","position":2,"name":"Greece Golden Visa"}]},{"@type":"WebSite","@id":"https:\/\/investmentvisacn.com\/#website","url":"https:\/\/investmentvisacn.com\/","name":"Visa d'investissement CN","description":"Des solutions globales d'investissement et de visa auxquelles vous pouvez faire confiance","publisher":{"@id":"https:\/\/investmentvisacn.com\/#organization"},"potentialAction":[{"@type":"SearchAction","target":{"@type":"EntryPoint","urlTemplate":"https:\/\/investmentvisacn.com\/?s={search_term_string}"},"query-input":{"@type":"PropertyValueSpecification","valueRequired":true,"valueName":"search_term_string"}}],"inLanguage":"fr-FR"},{"@type":"Organization","@id":"https:\/\/investmentvisacn.com\/#organization","name":"Visa d'investissement CN","url":"https:\/\/investmentvisacn.com\/","logo":{"@type":"ImageObject","inLanguage":"fr-FR","@id":"https:\/\/investmentvisacn.com\/#\/schema\/logo\/image\/","url":"https:\/\/investmentvisacn.com\/wp-content\/uploads\/2024\/08\/universalinvestmentvisa.png","contentUrl":"https:\/\/investmentvisacn.com\/wp-content\/uploads\/2024\/08\/universalinvestmentvisa.png","width":180,"height":60,"caption":"Investment Visa CN"},"image":{"@id":"https:\/\/investmentvisacn.com\/#\/schema\/logo\/image\/"}}]}},"_links":{"self":[{"href":"https:\/\/investmentvisacn.com\/fr\/wp-json\/wp\/v2\/pages\/250","targetHints":{"allow":["GET"]}}],"collection":[{"href":"https:\/\/investmentvisacn.com\/fr\/wp-json\/wp\/v2\/pages"}],"about":[{"href":"https:\/\/investmentvisacn.com\/fr\/wp-json\/wp\/v2\/types\/page"}],"author":[{"embeddable":true,"href":"https:\/\/investmentvisacn.com\/fr\/wp-json\/wp\/v2\/users\/1"}],"replies":[{"embeddable":true,"href":"https:\/\/investmentvisacn.com\/fr\/wp-json\/wp\/v2\/comments?post=250"}],"version-history":[{"count":3,"href":"https:\/\/investmentvisacn.com\/fr\/wp-json\/wp\/v2\/pages\/250\/revisions"}],"predecessor-version":[{"id":476,"href":"https:\/\/investmentvisacn.com\/fr\/wp-json\/wp\/v2\/pages\/250\/revisions\/476"}],"wp:attachment":[{"href":"https:\/\/investmentvisacn.com\/fr\/wp-json\/wp\/v2\/media?parent=250"}],"curies":[{"name":"wp","href":"https:\/\/api.w.org\/{rel}","templated":true}]}}