{"id":531,"date":"2024-08-24T16:08:49","date_gmt":"2024-08-24T16:08:49","guid":{"rendered":"https:\/\/universalinvestmentvisa.com\/?page_id=531"},"modified":"2024-08-24T16:25:41","modified_gmt":"2024-08-24T16:25:41","slug":"ciudadania-de-las-bahamas-por-inversion","status":"publish","type":"page","link":"https:\/\/investmentvisacn.com\/es_ar\/bahamas-citizenship-by-investment\/","title":{"rendered":"Ciudadan\u00eda de las Bahamas por inversi\u00f3n"},"content":{"rendered":"<div data-elementor-type=\"wp-page\" data-elementor-id=\"531\" class=\"elementor elementor-531\" data-elementor-post-type=\"page\">\n\t\t\t\t\t\t<section class=\"elementor-section elementor-top-section elementor-element elementor-element-2ffa3fa elementor-section-stretched elementor-section-boxed elementor-section-height-default elementor-section-height-default\" data-id=\"2ffa3fa\" data-element_type=\"section\" data-e-type=\"section\" data-settings=\"{&quot;stretch_section&quot;:&quot;section-stretched&quot;}\">\n\t\t\t\t\t\t<div class=\"elementor-container elementor-column-gap-default\">\n\t\t\t\t\t<div class=\"elementor-column elementor-col-100 elementor-top-column elementor-element elementor-element-85fd70b\" data-id=\"85fd70b\" data-element_type=\"column\" data-e-type=\"column\">\n\t\t\t<div class=\"elementor-widget-wrap elementor-element-populated\">\n\t\t\t\t\t\t<div class=\"elementor-element elementor-element-97d9aa9 elementor-widget elementor-widget-heading\" data-id=\"97d9aa9\" data-element_type=\"widget\" data-e-type=\"widget\" data-widget_type=\"heading.default\">\n\t\t\t\t<div class=\"elementor-widget-container\">\n\t\t\t\t\t<h2 class=\"elementor-heading-title elementor-size-default\">Residencia por inversi\u00f3n en las Bahamas<\/h2>\t\t\t\t<\/div>\n\t\t\t\t<\/div>\n\t\t\t\t<div class=\"elementor-element elementor-element-865783f elementor-widget elementor-widget-text-editor\" data-id=\"865783f\" data-element_type=\"widget\" data-e-type=\"widget\" data-widget_type=\"text-editor.default\">\n\t\t\t\t<div class=\"elementor-widget-container\">\n\t\t\t\t\t\t\t\t\t<p><span style=\"color: #000000;\">Las personas que deseen trasladarse a las Bahamas pueden solicitar permisos de residencia ordinarios o pueden optar por el programa de residencia por inversi\u00f3n habilitado por el Gobierno. Si desea solicitar un pasaporte por inversi\u00f3n en las Bahamas, nuestros especialistas est\u00e1n a su disposici\u00f3n para brindarle todo el apoyo necesario para inscribirse en este programa. Tambi\u00e9n estamos a su servicio si est\u00e1 interesado en explorar otros pa\u00edses que ofrecen ciudadan\u00eda por inversi\u00f3n.<\/span><\/p><h2 class=\"post-name\"><span style=\"color: #000000;\">El nuevo programa de residencia por inversi\u00f3n en las Bahamas<\/span><\/h2><p><span style=\"color: #000000;\">En 2021, el Gobierno de las Bahamas puso en marcha un nuevo programa de visa dorada en virtud del cual los ciudadanos extranjeros pueden solicitar la residencia en las Bahamas mediante inversi\u00f3n. El programa ofrece tres opciones entre las que pueden elegir los inversionistas. Para obtener una visa dorada en las Bahamas, es necesario cumplir una serie de requisitos, entre los que destaca el relativo a la cantidad m\u00ednima que se debe invertir. Si desea obtener un pasaporte dorado para las Bahamas, puede ponerse en contacto con nuestros abogados, que le ofrecer\u00e1n asistencia legal.<\/span><\/p><h2 class=\"post-name\"><span style=\"color: #000000;\">Programa universal de pasaportes con visa de inversi\u00f3n: una de las formas m\u00e1s atractivas de mudarse a las Bahamas en 2024.<\/span><\/h2><p><span style=\"color: #000000;\">De todos los programas de visa dorada\/pasaporte dorado que existen en el mundo, el creado por el Gobierno de las Bahamas es uno de los m\u00e1s nuevos y modernos, y est\u00e1 dirigido a personas de todo el mundo mayores de 18 a\u00f1os y sin antecedentes penales. La obtenci\u00f3n de un pasaporte mediante inversi\u00f3n tambi\u00e9n est\u00e1 condicionada a una aportaci\u00f3n m\u00ednima de capital a la econom\u00eda local.<\/span><\/p><h3><span style=\"color: #000000;\">Las opciones entre las que se puede elegir son:<\/span><\/h3><ul><li><span style=\"color: #000000;\">Adquisici\u00f3n de bienes ra\u00edces en la isla de San Salvador, Cockburn Town es la sede del gobierno local.<\/span><\/li><li><span style=\"color: #000000;\">Inversi\u00f3n en sectores clave, entre los que se encuentran el turismo, las tecnolog\u00edas de la informaci\u00f3n, la construcci\u00f3n naval y el sector m\u00e9dico.<\/span><\/li><li><span style=\"color: #000000;\">Una combinaci\u00f3n de las dos opciones.<\/span><\/li><\/ul><p><span style=\"color: #000000;\">Si usted es un inversionista extranjero interesado en solicitar una visa dorada en las Bahamas, puede invertir en un negocio local mientras es propietario de un inmueble en la isla. Nuestros agentes locales pueden ayudarle a comprar un pasaporte dorado aqu\u00ed o en otro pa\u00eds de su elecci\u00f3n. Para obtener un pasaporte dorado de las Bahamas para 2024, debe seguir un procedimiento legal que le explicar\u00e1n nuestros abogados.<\/span><\/p><h2 class=\"post-name\"><span style=\"color: #000000;\">El monto m\u00ednimo que se debe invertir para obtener la visa dorada<\/span><\/h2><p><span style=\"color: #000000;\">Debido a que el programa es nuevo, el gobierno no adelant\u00f3 una inversi\u00f3n m\u00ednima al inicio; sin embargo, seg\u00fan los datos de los sitios web del Servicio Estatal de Migraci\u00f3n y de la Agencia de Inversiones, se emitieron las siguientes cantidades:<\/span><\/p><ul><li><span style=\"color: #000000;\">Al menos 750 000 d\u00f3lares bahame\u00f1os (o d\u00f3lares estadounidenses) seg\u00fan el Servicio Estatal de Migraci\u00f3n.<\/span><\/li><li><span style=\"color: #000000;\">Al menos 1,5 millones de d\u00f3lares de las Bahamas (o d\u00f3lares estadounidenses) seg\u00fan la Agencia de Inversiones.<\/span><\/li><li><span style=\"color: #000000;\">En la pr\u00e1ctica, las compras de bienes ra\u00edces con un valor m\u00ednimo de 500 000 d\u00f3lares bahame\u00f1os (o d\u00f3lares estadounidenses) proporcionaban a los solicitantes visas doradas para las Bahamas.<\/span><\/li><\/ul><p><span style=\"color: #000000;\">Lo que s\u00ed es seguro es que, a partir de un m\u00ednimo de 500 000 d\u00f3lares bahame\u00f1os, se puede obtener un permiso de residencia acelerado.<\/span><\/p><p><span style=\"color: #000000;\">A medida que las cosas comienzan a estabilizarse, puede confiar en nuestros asesores locales para obtener m\u00e1s informaci\u00f3n sobre c\u00f3mo solicitar la ciudadan\u00eda de las Bahamas por inversi\u00f3n.<\/span><\/p><p><span style=\"color: #000000;\">Tambi\u00e9n puede confiar en nosotros si est\u00e1 interesado en otros pa\u00edses con visados dorados en Europa o en la regi\u00f3n del Caribe. Podemos ayudarle a comprar un pasaporte en las Bahamas en 2024 si cumple con las normas locales.<\/span><\/p><h2 class=\"post-name\"><span style=\"color: #000000;\">Documentos que se deben preparar para obtener un pasaporte mediante inversi\u00f3n en las Bahamas<\/span><\/h2><h3><span style=\"color: #000000;\">Los documentos que se deben presentar ante el Servicio Estatal de Migraci\u00f3n para obtener una visa dorada en las Bahamas son:<\/span><\/h3><ul><li><span style=\"color: #000000;\">una copia del pasaporte<\/span><\/li><li><span style=\"color: #000000;\">dos referencias personales<\/span><\/li><li><span style=\"color: #000000;\">antecedentes penales limpios<\/span><\/li><li><span style=\"color: #000000;\">Certificado de matrimonio y certificados de nacimiento de los hijos si se muda aqu\u00ed con la familia.<\/span><\/li><li><span style=\"color: #000000;\">prueba de solvencia financiera<\/span><\/li><li><span style=\"color: #000000;\">certificado m\u00e9dico.<\/span><\/li><\/ul><p><span style=\"color: #000000;\">Si desea mudarse aqu\u00ed y necesita orientaci\u00f3n para preparar y presentar sus documentos, nuestros asesores especializados en visas doradas pueden guiarlo.<\/span><\/p>\t\t\t\t\t\t\t\t<\/div>\n\t\t\t\t<\/div>\n\t\t\t\t<div class=\"elementor-element elementor-element-161b0e6 elementor-align-center elementor-widget elementor-widget-button\" data-id=\"161b0e6\" data-element_type=\"widget\" data-e-type=\"widget\" data-widget_type=\"button.default\">\n\t\t\t\t<div class=\"elementor-widget-container\">\n\t\t\t\t\t\t\t\t\t<div class=\"elementor-button-wrapper\">\n\t\t\t\t\t<a class=\"elementor-button elementor-button-link elementor-size-sm\" href=\"#\">\n\t\t\t\t\t\t<span class=\"elementor-button-content-wrapper\">\n\t\t\t\t\t\t\t\t\t<span class=\"elementor-button-text\">Asesor de contacto<\/span>\n\t\t\t\t\t<\/span>\n\t\t\t\t\t<\/a>\n\t\t\t\t<\/div>\n\t\t\t\t\t\t\t\t<\/div>\n\t\t\t\t<\/div>\n\t\t\t\t<div class=\"elementor-element elementor-element-a3236fa elementor-widget elementor-widget-text-editor\" data-id=\"a3236fa\" data-element_type=\"widget\" data-e-type=\"widget\" data-widget_type=\"text-editor.default\">\n\t\t\t\t<div class=\"elementor-widget-container\">\n\t\t\t\t\t\t\t\t\t<h3 class=\"text-center\" style=\"text-align: center;\"><span style=\"color: #000000;\">PROGRAMAS DE CIUDADAN\u00cdA Y RESIDENCIA<\/span><\/h3><p style=\"text-align: center;\"><span style=\"color: #000000;\">Una selecci\u00f3n de programas alternativos de inversi\u00f3n para obtener la residencia y la ciudadan\u00eda que vale la pena considerar.<\/span><\/p>\t\t\t\t\t\t\t\t<\/div>\n\t\t\t\t<\/div>\n\t\t\t\t<section class=\"elementor-section elementor-inner-section elementor-element elementor-element-ba71752 elementor-section-boxed elementor-section-height-default elementor-section-height-default\" data-id=\"ba71752\" data-element_type=\"section\" data-e-type=\"section\">\n\t\t\t\t\t\t<div class=\"elementor-container elementor-column-gap-default\">\n\t\t\t\t\t<div class=\"elementor-column elementor-col-25 elementor-inner-column elementor-element elementor-element-480db19\" data-id=\"480db19\" data-element_type=\"column\" data-e-type=\"column\">\n\t\t\t<div class=\"elementor-widget-wrap elementor-element-populated\">\n\t\t\t\t\t\t<div class=\"elementor-element elementor-element-7501def elementor-widget elementor-widget-text-editor\" data-id=\"7501def\" data-element_type=\"widget\" data-e-type=\"widget\" data-widget_type=\"text-editor.default\">\n\t\t\t\t<div class=\"elementor-widget-container\">\n\t\t\t\t\t\t\t\t\t<ul><li><div class=\"product-thumb\"><img fetchpriority=\"high\" decoding=\"async\" class=\"product-thumnail\" src=\"https:\/\/investmentvisacn.com\/assets\/images\/Vanuatu\/vanuatu-270.jpg\" alt=\"dd\" width=\"270\" height=\"270\" \/><\/div><div class=\"info\"><p><b class=\"categories\">Vanuatu<\/b><\/p><h4 class=\"product-title\"><a class=\"pr-name\" href=\"https:\/\/investmentvisacn.com\/es_ar\/ciudadania-de-vanuatu\/\">Donaci\u00f3n m\u00ednima de $130,000<br \/>Opci\u00f3n inmobiliaria<br \/>Ciudadan\u00eda y pasaporte<br \/>Programa de larga trayectoria<\/a><\/h4><\/div><\/li><\/ul>\t\t\t\t\t\t\t\t<\/div>\n\t\t\t\t<\/div>\n\t\t\t\t\t<\/div>\n\t\t<\/div>\n\t\t\t\t<div class=\"elementor-column elementor-col-25 elementor-inner-column elementor-element elementor-element-8b22cff\" data-id=\"8b22cff\" data-element_type=\"column\" data-e-type=\"column\">\n\t\t\t<div class=\"elementor-widget-wrap elementor-element-populated\">\n\t\t\t\t\t\t<div class=\"elementor-element elementor-element-afda428 elementor-widget elementor-widget-text-editor\" data-id=\"afda428\" data-element_type=\"widget\" data-e-type=\"widget\" data-widget_type=\"text-editor.default\">\n\t\t\t\t<div class=\"elementor-widget-container\">\n\t\t\t\t\t\t\t\t\t<div class=\"product-thumb\"><img decoding=\"async\" class=\"product-thumnail\" src=\"https:\/\/investmentvisacn.com\/assets\/images\/Dominica-Republic\/dominica-270.jpg\" alt=\"dd\" width=\"270\" height=\"270\" \/><\/div><div class=\"info\"><p><b class=\"categories\">Dominica<\/b><\/p><h4 class=\"product-title\"><a class=\"pr-name\" href=\"https:\/\/investmentvisacn.com\/es_ar\/ciudadania-de-antigua-y-barbuda-por-inversion\/\">Donaci\u00f3n m\u00ednima de $200 000<br \/>Opci\u00f3n inmobiliaria<br \/>Ciudadan\u00eda y pasaporte<br \/>Viajes sin visa a 153 pa\u00edses<\/a><\/h4><\/div>\t\t\t\t\t\t\t\t<\/div>\n\t\t\t\t<\/div>\n\t\t\t\t\t<\/div>\n\t\t<\/div>\n\t\t\t\t<div class=\"elementor-column elementor-col-25 elementor-inner-column elementor-element elementor-element-b9bcf70\" data-id=\"b9bcf70\" data-element_type=\"column\" data-e-type=\"column\">\n\t\t\t<div class=\"elementor-widget-wrap elementor-element-populated\">\n\t\t\t\t\t\t<div class=\"elementor-element elementor-element-865a956 elementor-widget elementor-widget-text-editor\" data-id=\"865a956\" data-element_type=\"widget\" data-e-type=\"widget\" data-widget_type=\"text-editor.default\">\n\t\t\t\t<div class=\"elementor-widget-container\">\n\t\t\t\t\t\t\t\t\t<div class=\"product-thumb\"><a class=\"link-to-product\" href=\"https:\/\/investmentvisacn.com\/es_ar\/visa-dorada-de-los-emiratos-arabes-unidos\/\"><img decoding=\"async\" class=\"product-thumnail\" src=\"https:\/\/investmentvisacn.com\/assets\/images\/St-Lucia\/st-lucia-02.jpg\" alt=\"dd\" width=\"270\" height=\"270\" \/><\/a><\/div><div class=\"info\"><p><b class=\"categories\">Santa Luc\u00eda<\/b><\/p><h4 class=\"product-title\"><a class=\"pr-name\" href=\"https:\/\/investmentvisacn.com\/es_ar\/ciudadania-de-samoa\/\">Donaci\u00f3n m\u00ednima de $250,000<br \/>Ciudadan\u00eda y pasaporte<br \/>Viajes sin visa a 158 pa\u00edses<br \/>Zona Schengen de la UE y Reino Unido<\/a><\/h4><\/div>\t\t\t\t\t\t\t\t<\/div>\n\t\t\t\t<\/div>\n\t\t\t\t\t<\/div>\n\t\t<\/div>\n\t\t\t\t<div class=\"elementor-column elementor-col-25 elementor-inner-column elementor-element elementor-element-f60db0c\" data-id=\"f60db0c\" data-element_type=\"column\" data-e-type=\"column\">\n\t\t\t<div class=\"elementor-widget-wrap elementor-element-populated\">\n\t\t\t\t\t\t<div class=\"elementor-element elementor-element-8b98f59 elementor-widget elementor-widget-text-editor\" data-id=\"8b98f59\" data-element_type=\"widget\" data-e-type=\"widget\" data-widget_type=\"text-editor.default\">\n\t\t\t\t<div class=\"elementor-widget-container\">\n\t\t\t\t\t\t\t\t\t<div class=\"product-thumb\"><a class=\"link-to-product\" href=\"https:\/\/investmentvisacn.com\/es_ar\/visa-dorada-de-portugal\/\"><img loading=\"lazy\" decoding=\"async\" class=\"product-thumnail\" src=\"https:\/\/investmentvisacn.com\/assets\/images\/Portugal\/portugal-01.jpg\" alt=\"dd\" width=\"270\" height=\"270\" \/><\/a><\/div><div class=\"info\"><p><b class=\"categories\">Portugal<\/b><\/p><h4 class=\"product-title\"><a class=\"pr-name\" href=\"https:\/\/investmentvisacn.com\/es_ar\/visa-dorada-de-portugal\/\">M\u00ednimo $500 000 + gastos<br \/>Inversi\u00f3n en capital privado<br \/>Residencia europea<br \/>Viajes dentro de la zona Schengen de la UE<br \/>Solicitar la ciudadan\u00eda 5 a\u00f1os<\/a><\/h4><\/div>\t\t\t\t\t\t\t\t<\/div>\n\t\t\t\t<\/div>\n\t\t\t\t\t<\/div>\n\t\t<\/div>\n\t\t\t\t\t<\/div>\n\t\t<\/section>\n\t\t\t\t<div class=\"elementor-element elementor-element-0525145 elementor-align-center elementor-widget elementor-widget-button\" data-id=\"0525145\" data-element_type=\"widget\" data-e-type=\"widget\" data-widget_type=\"button.default\">\n\t\t\t\t<div class=\"elementor-widget-container\">\n\t\t\t\t\t\t\t\t\t<div class=\"elementor-button-wrapper\">\n\t\t\t\t\t<a class=\"elementor-button elementor-button-link elementor-size-sm\" href=\"https:\/\/investmentvisacn.com\/es_ar\/inversiones\/\">\n\t\t\t\t\t\t<span class=\"elementor-button-content-wrapper\">\n\t\t\t\t\t\t\t\t\t<span class=\"elementor-button-text\">Ver todo<\/span>\n\t\t\t\t\t<\/span>\n\t\t\t\t\t<\/a>\n\t\t\t\t<\/div>\n\t\t\t\t\t\t\t\t<\/div>\n\t\t\t\t<\/div>\n\t\t\t\t\t<\/div>\n\t\t<\/div>\n\t\t\t\t\t<\/div>\n\t\t<\/section>\n\t\t\t\t<\/div>","protected":false},"excerpt":{"rendered":"<p>Residency by Investment in Bahamas People who want to relocate to the Bahamas can apply for ordinary residence permits or can choose the residency by investment scheme enabled by the Government. If you want to apply for a passport by investment in the Bahamas, our specialists are at your disposal with complete support in enrolling [&hellip;]<\/p>\n","protected":false},"author":1,"featured_media":0,"parent":0,"menu_order":0,"comment_status":"closed","ping_status":"closed","template":"","meta":{"footnotes":""},"class_list":["post-531","page","type-page","status-publish","hentry"],"yoast_head":"<!-- This site is optimized with the Yoast SEO plugin v27.3 - https:\/\/yoast.com\/product\/yoast-seo-wordpress\/ -->\n<title>Bahamas Citizenship by Investment - Investment Visa CN<\/title>\n<meta name=\"robots\" content=\"index, follow, max-snippet:-1, max-image-preview:large, max-video-preview:-1\" \/>\n<link rel=\"canonical\" href=\"https:\/\/investmentvisacn.com\/es_ar\/ciudadania-de-las-bahamas-por-inversion\/\" \/>\n<meta property=\"og:locale\" content=\"es_ES\" \/>\n<meta property=\"og:type\" content=\"article\" \/>\n<meta property=\"og:title\" content=\"Bahamas Citizenship by Investment - Investment Visa CN\" \/>\n<meta property=\"og:description\" content=\"Residency by Investment in Bahamas People who want to relocate to the Bahamas can apply for ordinary residence permits or can choose the residency by investment scheme enabled by the Government. If you want to apply for a passport by investment in the Bahamas, our specialists are at your disposal with complete support in enrolling [&hellip;]\" \/>\n<meta property=\"og:url\" content=\"https:\/\/investmentvisacn.com\/es_ar\/ciudadania-de-las-bahamas-por-inversion\/\" \/>\n<meta property=\"og:site_name\" content=\"Investment Visa CN\" \/>\n<meta property=\"article:modified_time\" content=\"2024-08-24T16:25:41+00:00\" \/>\n<meta property=\"og:image\" content=\"https:\/\/investmentvisacn.com\/assets\/images\/Vanuatu\/vanuatu-270.jpg\" \/>\n<meta name=\"twitter:card\" content=\"summary_large_image\" \/>\n<meta name=\"twitter:label1\" content=\"Tiempo de lectura\" \/>\n\t<meta name=\"twitter:data1\" content=\"3 minutos\" \/>\n<script type=\"application\/ld+json\" class=\"yoast-schema-graph\">{\"@context\":\"https:\\\/\\\/schema.org\",\"@graph\":[{\"@type\":\"WebPage\",\"@id\":\"https:\\\/\\\/investmentvisacn.com\\\/bahamas-citizenship-by-investment\\\/\",\"url\":\"https:\\\/\\\/investmentvisacn.com\\\/bahamas-citizenship-by-investment\\\/\",\"name\":\"Bahamas Citizenship by Investment - Investment Visa CN\",\"isPartOf\":{\"@id\":\"https:\\\/\\\/investmentvisacn.com\\\/#website\"},\"primaryImageOfPage\":{\"@id\":\"https:\\\/\\\/investmentvisacn.com\\\/bahamas-citizenship-by-investment\\\/#primaryimage\"},\"image\":{\"@id\":\"https:\\\/\\\/investmentvisacn.com\\\/bahamas-citizenship-by-investment\\\/#primaryimage\"},\"thumbnailUrl\":\"https:\\\/\\\/investmentvisacn.com\\\/assets\\\/images\\\/Vanuatu\\\/vanuatu-270.jpg\",\"datePublished\":\"2024-08-24T16:08:49+00:00\",\"dateModified\":\"2024-08-24T16:25:41+00:00\",\"breadcrumb\":{\"@id\":\"https:\\\/\\\/investmentvisacn.com\\\/bahamas-citizenship-by-investment\\\/#breadcrumb\"},\"inLanguage\":\"es-AR\",\"potentialAction\":[{\"@type\":\"ReadAction\",\"target\":[\"https:\\\/\\\/investmentvisacn.com\\\/bahamas-citizenship-by-investment\\\/\"]}]},{\"@type\":\"ImageObject\",\"inLanguage\":\"es-AR\",\"@id\":\"https:\\\/\\\/investmentvisacn.com\\\/bahamas-citizenship-by-investment\\\/#primaryimage\",\"url\":\"https:\\\/\\\/investmentvisacn.com\\\/assets\\\/images\\\/Vanuatu\\\/vanuatu-270.jpg\",\"contentUrl\":\"https:\\\/\\\/investmentvisacn.com\\\/assets\\\/images\\\/Vanuatu\\\/vanuatu-270.jpg\"},{\"@type\":\"BreadcrumbList\",\"@id\":\"https:\\\/\\\/investmentvisacn.com\\\/bahamas-citizenship-by-investment\\\/#breadcrumb\",\"itemListElement\":[{\"@type\":\"ListItem\",\"position\":1,\"name\":\"Home\",\"item\":\"https:\\\/\\\/investmentvisacn.com\\\/\"},{\"@type\":\"ListItem\",\"position\":2,\"name\":\"Bahamas Citizenship by Investment\"}]},{\"@type\":\"WebSite\",\"@id\":\"https:\\\/\\\/investmentvisacn.com\\\/#website\",\"url\":\"https:\\\/\\\/investmentvisacn.com\\\/\",\"name\":\"Investment Visa CN\",\"description\":\"Global Investment &amp; Visa Solutions You Can Trust\",\"publisher\":{\"@id\":\"https:\\\/\\\/investmentvisacn.com\\\/#organization\"},\"potentialAction\":[{\"@type\":\"SearchAction\",\"target\":{\"@type\":\"EntryPoint\",\"urlTemplate\":\"https:\\\/\\\/investmentvisacn.com\\\/?s={search_term_string}\"},\"query-input\":{\"@type\":\"PropertyValueSpecification\",\"valueRequired\":true,\"valueName\":\"search_term_string\"}}],\"inLanguage\":\"es-AR\"},{\"@type\":\"Organization\",\"@id\":\"https:\\\/\\\/investmentvisacn.com\\\/#organization\",\"name\":\"Investment Visa CN\",\"url\":\"https:\\\/\\\/investmentvisacn.com\\\/\",\"logo\":{\"@type\":\"ImageObject\",\"inLanguage\":\"es-AR\",\"@id\":\"https:\\\/\\\/investmentvisacn.com\\\/#\\\/schema\\\/logo\\\/image\\\/\",\"url\":\"https:\\\/\\\/investmentvisacn.com\\\/wp-content\\\/uploads\\\/2024\\\/08\\\/universalinvestmentvisa.png\",\"contentUrl\":\"https:\\\/\\\/investmentvisacn.com\\\/wp-content\\\/uploads\\\/2024\\\/08\\\/universalinvestmentvisa.png\",\"width\":180,\"height\":60,\"caption\":\"Investment Visa CN\"},\"image\":{\"@id\":\"https:\\\/\\\/investmentvisacn.com\\\/#\\\/schema\\\/logo\\\/image\\\/\"}}]}<\/script>\n<!-- \/ Yoast SEO plugin. -->","yoast_head_json":{"title":"Ciudadan\u00eda de las Bahamas por inversi\u00f3n - Visa de inversi\u00f3n CN","robots":{"index":"index","follow":"follow","max-snippet":"max-snippet:-1","max-image-preview":"max-image-preview:large","max-video-preview":"max-video-preview:-1"},"canonical":"https:\/\/investmentvisacn.com\/es_ar\/ciudadania-de-las-bahamas-por-inversion\/","og_locale":"es_ES","og_type":"article","og_title":"Bahamas Citizenship by Investment - Investment Visa CN","og_description":"Residency by Investment in Bahamas People who want to relocate to the Bahamas can apply for ordinary residence permits or can choose the residency by investment scheme enabled by the Government. If you want to apply for a passport by investment in the Bahamas, our specialists are at your disposal with complete support in enrolling [&hellip;]","og_url":"https:\/\/investmentvisacn.com\/es_ar\/ciudadania-de-las-bahamas-por-inversion\/","og_site_name":"Investment Visa CN","article_modified_time":"2024-08-24T16:25:41+00:00","og_image":[{"url":"https:\/\/investmentvisacn.com\/assets\/images\/Vanuatu\/vanuatu-270.jpg","type":"","width":"","height":""}],"twitter_card":"summary_large_image","twitter_misc":{"Tiempo de lectura":"3 minutos"},"schema":{"@context":"https:\/\/schema.org","@graph":[{"@type":"WebPage","@id":"https:\/\/investmentvisacn.com\/bahamas-citizenship-by-investment\/","url":"https:\/\/investmentvisacn.com\/bahamas-citizenship-by-investment\/","name":"Ciudadan\u00eda de las Bahamas por inversi\u00f3n - Visa de inversi\u00f3n CN","isPartOf":{"@id":"https:\/\/investmentvisacn.com\/#website"},"primaryImageOfPage":{"@id":"https:\/\/investmentvisacn.com\/bahamas-citizenship-by-investment\/#primaryimage"},"image":{"@id":"https:\/\/investmentvisacn.com\/bahamas-citizenship-by-investment\/#primaryimage"},"thumbnailUrl":"https:\/\/investmentvisacn.com\/assets\/images\/Vanuatu\/vanuatu-270.jpg","datePublished":"2024-08-24T16:08:49+00:00","dateModified":"2024-08-24T16:25:41+00:00","breadcrumb":{"@id":"https:\/\/investmentvisacn.com\/bahamas-citizenship-by-investment\/#breadcrumb"},"inLanguage":"es-AR","potentialAction":[{"@type":"ReadAction","target":["https:\/\/investmentvisacn.com\/bahamas-citizenship-by-investment\/"]}]},{"@type":"ImageObject","inLanguage":"es-AR","@id":"https:\/\/investmentvisacn.com\/bahamas-citizenship-by-investment\/#primaryimage","url":"https:\/\/investmentvisacn.com\/assets\/images\/Vanuatu\/vanuatu-270.jpg","contentUrl":"https:\/\/investmentvisacn.com\/assets\/images\/Vanuatu\/vanuatu-270.jpg"},{"@type":"BreadcrumbList","@id":"https:\/\/investmentvisacn.com\/bahamas-citizenship-by-investment\/#breadcrumb","itemListElement":[{"@type":"ListItem","position":1,"name":"Home","item":"https:\/\/investmentvisacn.com\/"},{"@type":"ListItem","position":2,"name":"Bahamas Citizenship by Investment"}]},{"@type":"WebSite","@id":"https:\/\/investmentvisacn.com\/#website","url":"https:\/\/investmentvisacn.com\/","name":"Visa de inversi\u00f3n CN","description":"Soluciones globales de inversi\u00f3n y visas en las que puede confiar","publisher":{"@id":"https:\/\/investmentvisacn.com\/#organization"},"potentialAction":[{"@type":"SearchAction","target":{"@type":"EntryPoint","urlTemplate":"https:\/\/investmentvisacn.com\/?s={search_term_string}"},"query-input":{"@type":"PropertyValueSpecification","valueRequired":true,"valueName":"search_term_string"}}],"inLanguage":"es-AR"},{"@type":"Organization","@id":"https:\/\/investmentvisacn.com\/#organization","name":"Visa de inversi\u00f3n CN","url":"https:\/\/investmentvisacn.com\/","logo":{"@type":"ImageObject","inLanguage":"es-AR","@id":"https:\/\/investmentvisacn.com\/#\/schema\/logo\/image\/","url":"https:\/\/investmentvisacn.com\/wp-content\/uploads\/2024\/08\/universalinvestmentvisa.png","contentUrl":"https:\/\/investmentvisacn.com\/wp-content\/uploads\/2024\/08\/universalinvestmentvisa.png","width":180,"height":60,"caption":"Investment Visa CN"},"image":{"@id":"https:\/\/investmentvisacn.com\/#\/schema\/logo\/image\/"}}]}},"_links":{"self":[{"href":"https:\/\/investmentvisacn.com\/es_ar\/wp-json\/wp\/v2\/pages\/531","targetHints":{"allow":["GET"]}}],"collection":[{"href":"https:\/\/investmentvisacn.com\/es_ar\/wp-json\/wp\/v2\/pages"}],"about":[{"href":"https:\/\/investmentvisacn.com\/es_ar\/wp-json\/wp\/v2\/types\/page"}],"author":[{"embeddable":true,"href":"https:\/\/investmentvisacn.com\/es_ar\/wp-json\/wp\/v2\/users\/1"}],"replies":[{"embeddable":true,"href":"https:\/\/investmentvisacn.com\/es_ar\/wp-json\/wp\/v2\/comments?post=531"}],"version-history":[{"count":7,"href":"https:\/\/investmentvisacn.com\/es_ar\/wp-json\/wp\/v2\/pages\/531\/revisions"}],"predecessor-version":[{"id":548,"href":"https:\/\/investmentvisacn.com\/es_ar\/wp-json\/wp\/v2\/pages\/531\/revisions\/548"}],"wp:attachment":[{"href":"https:\/\/investmentvisacn.com\/es_ar\/wp-json\/wp\/v2\/media?parent=531"}],"curies":[{"name":"wp","href":"https:\/\/api.w.org\/{rel}","templated":true}]}}