{"id":369,"date":"2024-08-15T10:17:49","date_gmt":"2024-08-15T10:17:49","guid":{"rendered":"https:\/\/universalinvestmentvisa.com\/?page_id=369"},"modified":"2024-08-24T20:39:25","modified_gmt":"2024-08-24T20:39:25","slug":"inmigracion","status":"publish","type":"page","link":"https:\/\/investmentvisacn.com\/es_ar\/immigration\/","title":{"rendered":"Inmigraci\u00f3n por inversi\u00f3n"},"content":{"rendered":"<div data-elementor-type=\"wp-page\" data-elementor-id=\"369\" class=\"elementor elementor-369\" data-elementor-post-type=\"page\">\n\t\t\t\t\t\t<section class=\"elementor-section elementor-top-section elementor-element elementor-element-e8fa0cb elementor-section-stretched elementor-section-boxed elementor-section-height-default elementor-section-height-default\" data-id=\"e8fa0cb\" data-element_type=\"section\" data-e-type=\"section\" data-settings=\"{&quot;stretch_section&quot;:&quot;section-stretched&quot;}\">\n\t\t\t\t\t\t<div class=\"elementor-container elementor-column-gap-default\">\n\t\t\t\t\t<div class=\"elementor-column elementor-col-100 elementor-top-column elementor-element elementor-element-def208f\" data-id=\"def208f\" data-element_type=\"column\" data-e-type=\"column\">\n\t\t\t<div class=\"elementor-widget-wrap elementor-element-populated\">\n\t\t\t\t\t\t<div class=\"elementor-element elementor-element-4b6b3b6 elementor-widget elementor-widget-heading\" data-id=\"4b6b3b6\" data-element_type=\"widget\" data-e-type=\"widget\" data-widget_type=\"heading.default\">\n\t\t\t\t<div class=\"elementor-widget-container\">\n\t\t\t\t\t<h2 class=\"elementor-heading-title elementor-size-default\">Inmigraci\u00f3n por inversi\u00f3n<\/h2>\t\t\t\t<\/div>\n\t\t\t\t<\/div>\n\t\t\t\t<div class=\"elementor-element elementor-element-42fb83c elementor-widget elementor-widget-text-editor\" data-id=\"42fb83c\" data-element_type=\"widget\" data-e-type=\"widget\" data-widget_type=\"text-editor.default\">\n\t\t\t\t<div class=\"elementor-widget-container\">\n\t\t\t\t\t\t\t\t\t<div class=\"row\"><div class=\"single-post-contain\"><div class=\"post-head\"><h2 class=\"post-name\" style=\"text-align: center;\">Inmigraci\u00f3n mediante inversi\u00f3n<\/h2><hr \/><\/div><div class=\"post-content\"><p>Emigrar de forma permanente es una decisi\u00f3n mucho m\u00e1s trascendental para el solicitante y su familia. La obtenci\u00f3n de la residencia permanente a trav\u00e9s de la inversi\u00f3n suele suponer el inicio de una nueva vida en un nuevo pa\u00eds. Los negocios, la educaci\u00f3n y la residencia fiscal son solo algunas de las consideraciones. De las tres categor\u00edas de programas, esta suele implicar un mayor desaf\u00edo en la solicitud y una decisi\u00f3n definitiva para el solicitante. Sin embargo, muchos de los programas de residencia por inversi\u00f3n ofrecen una ruta m\u00e1s suave y gradual hacia la migraci\u00f3n permanente, con un enfoque flexible de la residencia temporal que conduce a la residencia permanente y a la posible ciudadan\u00eda.<\/p><p>Tenga en cuenta que nuestro sitio web es solo una gu\u00eda. P\u00f3ngase en contacto con nuestros asesores de Universal Investment Visa para obtener informaci\u00f3n actualizada y una evaluaci\u00f3n de su situaci\u00f3n personal.<\/p><\/div><\/div><\/div><p>Tenga en cuenta que nuestro sitio web es solo una gu\u00eda. P\u00f3ngase en contacto con nuestros asesores de Universal Investment Visa para obtener informaci\u00f3n actualizada y una evaluaci\u00f3n de su situaci\u00f3n personal.<\/p><h3 class=\"buttons\" style=\"text-align: center;\"><span style=\"color: #ff6600;\"><strong><a class=\"btn btn-bold\" style=\"color: #ff6600;\" href=\"https:\/\/investmentvisacn.com\/es_ar\/contactenos\/\">Asesor de contacto<\/a><\/strong><\/span><\/h3>\t\t\t\t\t\t\t\t<\/div>\n\t\t\t\t<\/div>\n\t\t\t\t<div class=\"elementor-element elementor-element-17ce2aa elementor-widget elementor-widget-text-editor\" data-id=\"17ce2aa\" data-element_type=\"widget\" data-e-type=\"widget\" data-widget_type=\"text-editor.default\">\n\t\t\t\t<div class=\"elementor-widget-container\">\n\t\t\t\t\t\t\t\t\t<h3 class=\"text-center\" style=\"text-align: center;\">Programas relacionados<\/h3>\t\t\t\t\t\t\t\t<\/div>\n\t\t\t\t<\/div>\n\t\t\t\t<div class=\"elementor-element elementor-element-366c5e2 elementor-widget elementor-widget-text-editor\" data-id=\"366c5e2\" data-element_type=\"widget\" data-e-type=\"widget\" data-widget_type=\"text-editor.default\">\n\t\t\t\t<div class=\"elementor-widget-container\">\n\t\t\t\t\t\t\t\t\t<h3 class=\"main-title\" style=\"text-align: center;\">\u00daltimas noticias relacionadas con los programas de inmigraci\u00f3n por inversi\u00f3n.<\/h3>\t\t\t\t\t\t\t\t<\/div>\n\t\t\t\t<\/div>\n\t\t\t\t<section class=\"elementor-section elementor-inner-section elementor-element elementor-element-d327c87 elementor-section-boxed elementor-section-height-default elementor-section-height-default\" data-id=\"d327c87\" data-element_type=\"section\" data-e-type=\"section\">\n\t\t\t\t\t\t<div class=\"elementor-container elementor-column-gap-default\">\n\t\t\t\t\t<div class=\"elementor-column elementor-col-33 elementor-inner-column elementor-element elementor-element-bf501c2\" data-id=\"bf501c2\" data-element_type=\"column\" data-e-type=\"column\">\n\t\t\t<div class=\"elementor-widget-wrap elementor-element-populated\">\n\t\t\t\t\t\t<div class=\"elementor-element elementor-element-cda638e elementor-widget elementor-widget-text-editor\" data-id=\"cda638e\" data-element_type=\"widget\" data-e-type=\"widget\" data-widget_type=\"text-editor.default\">\n\t\t\t\t<div class=\"elementor-widget-container\">\n\t\t\t\t\t\t\t\t\t<ul><li><div class=\"thumbnail\"><img fetchpriority=\"high\" decoding=\"async\" src=\"https:\/\/investmentvisacn.com\/assets\/images\/United-States\/New-york.jpg\" alt=\"\" width=\"370\" height=\"270\" \/><\/div><div class=\"post-content\"><h4 class=\"post-name\"><a href=\"https:\/\/investmentvisacn.com\/es_ar\/ee-uu\/\">EE. UU.<\/a><\/h4><p><a href=\"https:\/\/investmentvisacn.com\/es_ar\/ee-uu\/\">M\u00edn. 1 TP 4 T 800 000<\/a><br \/><a href=\"https:\/\/investmentvisacn.com\/es_ar\/ee-uu\/\">Inversi\u00f3n aprobada por el programa EB-5: residencia en EE. UU. para toda la familia + tarjeta de residencia<\/a><\/p><div class=\"post-meta\"><a href=\"https:\/\/investmentvisacn.com\/es_ar\/ee-uu\/\"><img decoding=\"async\" src=\"https:\/\/investmentvisacn.com\/assets\/images\/countries\/usa-100.jpg\" alt=\"\" width=\"28\" height=\"28\" \/>EE. UU.<\/a><\/div><\/div><\/li><\/ul>\t\t\t\t\t\t\t\t<\/div>\n\t\t\t\t<\/div>\n\t\t\t\t\t<\/div>\n\t\t<\/div>\n\t\t\t\t<div class=\"elementor-column elementor-col-33 elementor-inner-column elementor-element elementor-element-c44ce71\" data-id=\"c44ce71\" data-element_type=\"column\" data-e-type=\"column\">\n\t\t\t<div class=\"elementor-widget-wrap elementor-element-populated\">\n\t\t\t\t\t\t<div class=\"elementor-element elementor-element-4ec6e90 elementor-widget elementor-widget-text-editor\" data-id=\"4ec6e90\" data-element_type=\"widget\" data-e-type=\"widget\" data-widget_type=\"text-editor.default\">\n\t\t\t\t<div class=\"elementor-widget-container\">\n\t\t\t\t\t\t\t\t\t<ul><li><div class=\"thumbnail\"><img decoding=\"async\" src=\"https:\/\/investmentvisacn.com\/assets\/images\/Spain\/spain-01.jpg\" alt=\"\" width=\"370\" height=\"270\" \/><\/div><div class=\"post-content\"><h4 class=\"post-name\"><a href=\"https:\/\/investmentvisacn.com\/es_ar\/visado-dorado-espanol\/\">Espa\u00f1a<\/a><\/h4><p><a href=\"https:\/\/investmentvisacn.com\/es_ar\/visado-dorado-espanol\/\">A partir de 500 000 \u20ac + gastos Inversi\u00f3n inmobiliaria Residencia europea Viajes por el espacio Schengen de la UE<\/a><\/p><div class=\"post-meta\"><a href=\"https:\/\/investmentvisacn.com\/es_ar\/visado-dorado-espanol\/\"><img loading=\"lazy\" decoding=\"async\" src=\"https:\/\/investmentvisacn.com\/assets\/images\/countries\/spain-50.jpg\" alt=\"\" width=\"28\" height=\"28\" \/>Espa\u00f1a<\/a><\/div><\/div><\/li><\/ul>\t\t\t\t\t\t\t\t<\/div>\n\t\t\t\t<\/div>\n\t\t\t\t\t<\/div>\n\t\t<\/div>\n\t\t\t\t<div class=\"elementor-column elementor-col-33 elementor-inner-column elementor-element elementor-element-1aaf5e5\" data-id=\"1aaf5e5\" data-element_type=\"column\" data-e-type=\"column\">\n\t\t\t<div class=\"elementor-widget-wrap elementor-element-populated\">\n\t\t\t\t\t\t<div class=\"elementor-element elementor-element-0f2bf40 elementor-widget elementor-widget-text-editor\" data-id=\"0f2bf40\" data-element_type=\"widget\" data-e-type=\"widget\" data-widget_type=\"text-editor.default\">\n\t\t\t\t<div class=\"elementor-widget-container\">\n\t\t\t\t\t\t\t\t\t<ul><li><div class=\"thumbnail\"><img loading=\"lazy\" decoding=\"async\" src=\"https:\/\/investmentvisacn.com\/assets\/images\/our-blog\/Canada-Grants-Visa-Free-Access-to-Three-Caribbean-Nations..-2-462x462.jpg\" alt=\"\" width=\"370\" height=\"270\" \/><\/div><div class=\"post-content\"><h4 class=\"post-name\"><a href=\"https:\/\/investmentvisacn.com\/es_ar\/ciudadania-y-residencia-en-canada-mediante-inversion\/\">Canad\u00e1<\/a><\/h4><p><a href=\"https:\/\/investmentvisacn.com\/es_ar\/ciudadania-y-residencia-en-canada-mediante-inversion\/\">A partir de 1 435 000 $ + gastos. Inversi\u00f3n empresarial. Residencia permanente en Canad\u00e1. Solicitar la ciudadan\u00eda en 5 a\u00f1os.<\/a><\/p><div class=\"post-meta\"><a href=\"https:\/\/investmentvisacn.com\/es_ar\/ciudadania-y-residencia-en-canada-mediante-inversion\/\"><img loading=\"lazy\" decoding=\"async\" src=\"https:\/\/investmentvisacn.com\/assets\/images\/countries\/canada.jpg\" alt=\"\" width=\"28\" height=\"28\" \/>Canad\u00e1<\/a><\/div><\/div><\/li><\/ul>\t\t\t\t\t\t\t\t<\/div>\n\t\t\t\t<\/div>\n\t\t\t\t\t<\/div>\n\t\t<\/div>\n\t\t\t\t\t<\/div>\n\t\t<\/section>\n\t\t\t\t<div class=\"elementor-element elementor-element-1330f51 elementor-align-center elementor-widget elementor-widget-button\" data-id=\"1330f51\" data-element_type=\"widget\" data-e-type=\"widget\" data-widget_type=\"button.default\">\n\t\t\t\t<div class=\"elementor-widget-container\">\n\t\t\t\t\t\t\t\t\t<div class=\"elementor-button-wrapper\">\n\t\t\t\t\t<a class=\"elementor-button elementor-button-link elementor-size-sm\" href=\"https:\/\/investmentvisacn.com\/es_ar\/inversiones\/\">\n\t\t\t\t\t\t<span class=\"elementor-button-content-wrapper\">\n\t\t\t\t\t\t\t\t\t<span class=\"elementor-button-text\">Ver todo<\/span>\n\t\t\t\t\t<\/span>\n\t\t\t\t\t<\/a>\n\t\t\t\t<\/div>\n\t\t\t\t\t\t\t\t<\/div>\n\t\t\t\t<\/div>\n\t\t\t\t\t<\/div>\n\t\t<\/div>\n\t\t\t\t\t<\/div>\n\t\t<\/section>\n\t\t\t\t<\/div>","protected":false},"excerpt":{"rendered":"<p>Immigration by investment Migration through Investment Migrating permanently is a far greater decision for the applicant and their family. The acquisition of permanent residency through investment often means the start of a new life in a new country. Business, education, and tax residency are just some of the considerations. Of the three programme categories this [&hellip;]<\/p>\n","protected":false},"author":1,"featured_media":0,"parent":0,"menu_order":0,"comment_status":"closed","ping_status":"closed","template":"","meta":{"footnotes":""},"class_list":["post-369","page","type-page","status-publish","hentry"],"yoast_head":"<!-- This site is optimized with the Yoast SEO plugin v27.3 - https:\/\/yoast.com\/product\/yoast-seo-wordpress\/ -->\n<title>Immigration by investment - Investment Visa CN<\/title>\n<meta name=\"robots\" content=\"index, follow, max-snippet:-1, max-image-preview:large, max-video-preview:-1\" \/>\n<link rel=\"canonical\" href=\"https:\/\/investmentvisacn.com\/es_ar\/inmigracion\/\" \/>\n<meta property=\"og:locale\" content=\"es_ES\" \/>\n<meta property=\"og:type\" content=\"article\" \/>\n<meta property=\"og:title\" content=\"Immigration by investment - Investment Visa CN\" \/>\n<meta property=\"og:description\" content=\"Immigration by investment Migration through Investment Migrating permanently is a far greater decision for the applicant and their family. The acquisition of permanent residency through investment often means the start of a new life in a new country. Business, education, and tax residency are just some of the considerations. Of the three programme categories this [&hellip;]\" \/>\n<meta property=\"og:url\" content=\"https:\/\/investmentvisacn.com\/es_ar\/inmigracion\/\" \/>\n<meta property=\"og:site_name\" content=\"Investment Visa CN\" \/>\n<meta property=\"article:modified_time\" content=\"2024-08-24T20:39:25+00:00\" \/>\n<meta property=\"og:image\" content=\"https:\/\/investmentvisacn.com\/assets\/images\/United-States\/New-york.jpg\" \/>\n<meta name=\"twitter:card\" content=\"summary_large_image\" \/>\n<meta name=\"twitter:label1\" content=\"Tiempo de lectura\" \/>\n\t<meta name=\"twitter:data1\" content=\"1 minuto\" \/>\n<script type=\"application\/ld+json\" class=\"yoast-schema-graph\">{\"@context\":\"https:\\\/\\\/schema.org\",\"@graph\":[{\"@type\":\"WebPage\",\"@id\":\"https:\\\/\\\/investmentvisacn.com\\\/immigration\\\/\",\"url\":\"https:\\\/\\\/investmentvisacn.com\\\/immigration\\\/\",\"name\":\"Immigration by investment - Investment Visa CN\",\"isPartOf\":{\"@id\":\"https:\\\/\\\/investmentvisacn.com\\\/#website\"},\"primaryImageOfPage\":{\"@id\":\"https:\\\/\\\/investmentvisacn.com\\\/immigration\\\/#primaryimage\"},\"image\":{\"@id\":\"https:\\\/\\\/investmentvisacn.com\\\/immigration\\\/#primaryimage\"},\"thumbnailUrl\":\"https:\\\/\\\/investmentvisacn.com\\\/assets\\\/images\\\/United-States\\\/New-york.jpg\",\"datePublished\":\"2024-08-15T10:17:49+00:00\",\"dateModified\":\"2024-08-24T20:39:25+00:00\",\"breadcrumb\":{\"@id\":\"https:\\\/\\\/investmentvisacn.com\\\/immigration\\\/#breadcrumb\"},\"inLanguage\":\"es-AR\",\"potentialAction\":[{\"@type\":\"ReadAction\",\"target\":[\"https:\\\/\\\/investmentvisacn.com\\\/immigration\\\/\"]}]},{\"@type\":\"ImageObject\",\"inLanguage\":\"es-AR\",\"@id\":\"https:\\\/\\\/investmentvisacn.com\\\/immigration\\\/#primaryimage\",\"url\":\"https:\\\/\\\/investmentvisacn.com\\\/assets\\\/images\\\/United-States\\\/New-york.jpg\",\"contentUrl\":\"https:\\\/\\\/investmentvisacn.com\\\/assets\\\/images\\\/United-States\\\/New-york.jpg\"},{\"@type\":\"BreadcrumbList\",\"@id\":\"https:\\\/\\\/investmentvisacn.com\\\/immigration\\\/#breadcrumb\",\"itemListElement\":[{\"@type\":\"ListItem\",\"position\":1,\"name\":\"Home\",\"item\":\"https:\\\/\\\/investmentvisacn.com\\\/\"},{\"@type\":\"ListItem\",\"position\":2,\"name\":\"Immigration by investment\"}]},{\"@type\":\"WebSite\",\"@id\":\"https:\\\/\\\/investmentvisacn.com\\\/#website\",\"url\":\"https:\\\/\\\/investmentvisacn.com\\\/\",\"name\":\"Investment Visa CN\",\"description\":\"Global Investment &amp; Visa Solutions You Can Trust\",\"publisher\":{\"@id\":\"https:\\\/\\\/investmentvisacn.com\\\/#organization\"},\"potentialAction\":[{\"@type\":\"SearchAction\",\"target\":{\"@type\":\"EntryPoint\",\"urlTemplate\":\"https:\\\/\\\/investmentvisacn.com\\\/?s={search_term_string}\"},\"query-input\":{\"@type\":\"PropertyValueSpecification\",\"valueRequired\":true,\"valueName\":\"search_term_string\"}}],\"inLanguage\":\"es-AR\"},{\"@type\":\"Organization\",\"@id\":\"https:\\\/\\\/investmentvisacn.com\\\/#organization\",\"name\":\"Investment Visa CN\",\"url\":\"https:\\\/\\\/investmentvisacn.com\\\/\",\"logo\":{\"@type\":\"ImageObject\",\"inLanguage\":\"es-AR\",\"@id\":\"https:\\\/\\\/investmentvisacn.com\\\/#\\\/schema\\\/logo\\\/image\\\/\",\"url\":\"https:\\\/\\\/investmentvisacn.com\\\/wp-content\\\/uploads\\\/2024\\\/08\\\/universalinvestmentvisa.png\",\"contentUrl\":\"https:\\\/\\\/investmentvisacn.com\\\/wp-content\\\/uploads\\\/2024\\\/08\\\/universalinvestmentvisa.png\",\"width\":180,\"height\":60,\"caption\":\"Investment Visa CN\"},\"image\":{\"@id\":\"https:\\\/\\\/investmentvisacn.com\\\/#\\\/schema\\\/logo\\\/image\\\/\"}}]}<\/script>\n<!-- \/ Yoast SEO plugin. -->","yoast_head_json":{"title":"Inmigraci\u00f3n por inversi\u00f3n - Visado de inversi\u00f3n CN","robots":{"index":"index","follow":"follow","max-snippet":"max-snippet:-1","max-image-preview":"max-image-preview:large","max-video-preview":"max-video-preview:-1"},"canonical":"https:\/\/investmentvisacn.com\/es_ar\/inmigracion\/","og_locale":"es_ES","og_type":"article","og_title":"Immigration by investment - Investment Visa CN","og_description":"Immigration by investment Migration through Investment Migrating permanently is a far greater decision for the applicant and their family. The acquisition of permanent residency through investment often means the start of a new life in a new country. Business, education, and tax residency are just some of the considerations. Of the three programme categories this [&hellip;]","og_url":"https:\/\/investmentvisacn.com\/es_ar\/inmigracion\/","og_site_name":"Investment Visa CN","article_modified_time":"2024-08-24T20:39:25+00:00","og_image":[{"url":"https:\/\/investmentvisacn.com\/assets\/images\/United-States\/New-york.jpg","type":"","width":"","height":""}],"twitter_card":"summary_large_image","twitter_misc":{"Tiempo de lectura":"1 minuto"},"schema":{"@context":"https:\/\/schema.org","@graph":[{"@type":"WebPage","@id":"https:\/\/investmentvisacn.com\/immigration\/","url":"https:\/\/investmentvisacn.com\/immigration\/","name":"Inmigraci\u00f3n por inversi\u00f3n - Visado de inversi\u00f3n CN","isPartOf":{"@id":"https:\/\/investmentvisacn.com\/#website"},"primaryImageOfPage":{"@id":"https:\/\/investmentvisacn.com\/immigration\/#primaryimage"},"image":{"@id":"https:\/\/investmentvisacn.com\/immigration\/#primaryimage"},"thumbnailUrl":"https:\/\/investmentvisacn.com\/assets\/images\/United-States\/New-york.jpg","datePublished":"2024-08-15T10:17:49+00:00","dateModified":"2024-08-24T20:39:25+00:00","breadcrumb":{"@id":"https:\/\/investmentvisacn.com\/immigration\/#breadcrumb"},"inLanguage":"es-AR","potentialAction":[{"@type":"ReadAction","target":["https:\/\/investmentvisacn.com\/immigration\/"]}]},{"@type":"ImageObject","inLanguage":"es-AR","@id":"https:\/\/investmentvisacn.com\/immigration\/#primaryimage","url":"https:\/\/investmentvisacn.com\/assets\/images\/United-States\/New-york.jpg","contentUrl":"https:\/\/investmentvisacn.com\/assets\/images\/United-States\/New-york.jpg"},{"@type":"BreadcrumbList","@id":"https:\/\/investmentvisacn.com\/immigration\/#breadcrumb","itemListElement":[{"@type":"ListItem","position":1,"name":"Home","item":"https:\/\/investmentvisacn.com\/"},{"@type":"ListItem","position":2,"name":"Immigration by investment"}]},{"@type":"WebSite","@id":"https:\/\/investmentvisacn.com\/#website","url":"https:\/\/investmentvisacn.com\/","name":"Visa de inversi\u00f3n CN","description":"Soluciones globales de inversi\u00f3n y visas en las que puede confiar","publisher":{"@id":"https:\/\/investmentvisacn.com\/#organization"},"potentialAction":[{"@type":"SearchAction","target":{"@type":"EntryPoint","urlTemplate":"https:\/\/investmentvisacn.com\/?s={search_term_string}"},"query-input":{"@type":"PropertyValueSpecification","valueRequired":true,"valueName":"search_term_string"}}],"inLanguage":"es-AR"},{"@type":"Organization","@id":"https:\/\/investmentvisacn.com\/#organization","name":"Visa de inversi\u00f3n CN","url":"https:\/\/investmentvisacn.com\/","logo":{"@type":"ImageObject","inLanguage":"es-AR","@id":"https:\/\/investmentvisacn.com\/#\/schema\/logo\/image\/","url":"https:\/\/investmentvisacn.com\/wp-content\/uploads\/2024\/08\/universalinvestmentvisa.png","contentUrl":"https:\/\/investmentvisacn.com\/wp-content\/uploads\/2024\/08\/universalinvestmentvisa.png","width":180,"height":60,"caption":"Investment Visa CN"},"image":{"@id":"https:\/\/investmentvisacn.com\/#\/schema\/logo\/image\/"}}]}},"_links":{"self":[{"href":"https:\/\/investmentvisacn.com\/es_ar\/wp-json\/wp\/v2\/pages\/369","targetHints":{"allow":["GET"]}}],"collection":[{"href":"https:\/\/investmentvisacn.com\/es_ar\/wp-json\/wp\/v2\/pages"}],"about":[{"href":"https:\/\/investmentvisacn.com\/es_ar\/wp-json\/wp\/v2\/types\/page"}],"author":[{"embeddable":true,"href":"https:\/\/investmentvisacn.com\/es_ar\/wp-json\/wp\/v2\/users\/1"}],"replies":[{"embeddable":true,"href":"https:\/\/investmentvisacn.com\/es_ar\/wp-json\/wp\/v2\/comments?post=369"}],"version-history":[{"count":13,"href":"https:\/\/investmentvisacn.com\/es_ar\/wp-json\/wp\/v2\/pages\/369\/revisions"}],"predecessor-version":[{"id":573,"href":"https:\/\/investmentvisacn.com\/es_ar\/wp-json\/wp\/v2\/pages\/369\/revisions\/573"}],"wp:attachment":[{"href":"https:\/\/investmentvisacn.com\/es_ar\/wp-json\/wp\/v2\/media?parent=369"}],"curies":[{"name":"wp","href":"https:\/\/api.w.org\/{rel}","templated":true}]}}