{"id":346,"date":"2024-08-15T09:22:08","date_gmt":"2024-08-15T09:22:08","guid":{"rendered":"https:\/\/universalinvestmentvisa.com\/?page_id=346"},"modified":"2024-08-24T21:24:06","modified_gmt":"2024-08-24T21:24:06","slug":"inversion-en-pasaportes","status":"publish","type":"page","link":"https:\/\/investmentvisacn.com\/es_ar\/passport-investment\/","title":{"rendered":"Inversi\u00f3n en pasaportes"},"content":{"rendered":"<div data-elementor-type=\"wp-page\" data-elementor-id=\"346\" class=\"elementor elementor-346\" data-elementor-post-type=\"page\">\n\t\t\t\t\t\t<section class=\"elementor-section elementor-top-section elementor-element elementor-element-8737903 elementor-section-stretched elementor-section-boxed elementor-section-height-default elementor-section-height-default\" data-id=\"8737903\" data-element_type=\"section\" data-e-type=\"section\" data-settings=\"{&quot;stretch_section&quot;:&quot;section-stretched&quot;}\">\n\t\t\t\t\t\t<div class=\"elementor-container elementor-column-gap-default\">\n\t\t\t\t\t<div class=\"elementor-column elementor-col-100 elementor-top-column elementor-element elementor-element-c061a08\" data-id=\"c061a08\" data-element_type=\"column\" data-e-type=\"column\">\n\t\t\t<div class=\"elementor-widget-wrap elementor-element-populated\">\n\t\t\t\t\t\t<div class=\"elementor-element elementor-element-7712c0e elementor-widget elementor-widget-text-editor\" data-id=\"7712c0e\" data-element_type=\"widget\" data-e-type=\"widget\" data-widget_type=\"text-editor.default\">\n\t\t\t\t<div class=\"elementor-widget-container\">\n\t\t\t\t\t\t\t\t\t<div class=\"post-head\"><h2 class=\"post-name\"><span style=\"color: #000000;\">Segundo pasaporte: Obtenga su informe gratuito<\/span><\/h2><hr \/><\/div><div class=\"post-content\"><div><p><span style=\"color: #000000;\">Nuestros clientes invierten en un segundo pasaporte por muchas razones. Quiz\u00e1s una de las m\u00e1s importantes sea el acceso sin visado que un segundo pasaporte permite a pa\u00edses y territorios de todo el mundo.<\/span><\/p><p><span style=\"color: #000000;\">Existen varios \u00edndices de pasaportes que se basan en una simple medici\u00f3n del n\u00famero de pa\u00edses a los que se puede viajar sin visado con un pasaporte. Estos \u00edndices ofrecen una evaluaci\u00f3n muy limitada para los inversionistas, ya que no tienen en cuenta la \u201ccalidad\u201d de esos destinos. Simplemente los cuentan.<\/span><\/p><p><span style=\"color: #000000;\">Adem\u00e1s, esta medida no tiene en cuenta la combinaci\u00f3n de pasaportes de la que dispondr\u00e1s. \u00bfQu\u00e9 sentido tiene invertir en un segundo pasaporte que te permita viajar a 100 pa\u00edses si tu pasaporte actual ya te permite viajar a 99 de ellos?<\/span><\/p><p><span style=\"color: #000000;\">Los posibles solicitantes de una segunda ciudadan\u00eda son inversores con gran experiencia. Por eso hemos elaborado el exclusivo informe \u00abUniversal Investment Visa Passport Value\u00bb, disponible\u00a0<a style=\"color: #000000;\" href=\"https:\/\/investmentvisacn.com\/es_ar\/contactenos\/\">GRATIS para todos nuestros clientes<\/a>. Ofrece una perspectiva muy valiosa antes de decidir invertir.<\/span><\/p><div class=\"block icon-items-list\"><div><div class=\"list\"><p><span style=\"color: #000000;\">Acceso por pa\u00eds<\/span><\/p><\/div><div class=\"list\"><p><span style=\"color: #000000;\">Riqueza del PIB para las empresas<\/span><\/p><\/div><div class=\"list\"><p><span style=\"color: #000000;\">Popularidad entre los viajeros internacionales<\/span><\/p><\/div><div class=\"list\"><p><span style=\"color: #000000;\">An\u00e1lisis de los 10 destinos principales<\/span><\/p><\/div><div class=\"list\"><p><span style=\"color: #000000;\">Personalizado para ti<\/span><\/p><\/div><\/div><\/div><h4 class=\"post-name\"><span style=\"color: #000000;\">Informe sobre el valor del pasaporte de la visa de inversi\u00f3n universal<\/span><\/h4><p><span style=\"color: #000000;\">El Informe sobre el valor de los pasaportes de Universal Investment Visa ofrece una evaluaci\u00f3n \u00fanica y exhaustiva de lo que aporta cada pasaporte. No solo el n\u00famero de pa\u00edses a los que se puede viajar sin visado, sino tambi\u00e9n su \u201ccalidad\u201d o valor. Medimos esto con dos factores. El acceso al PIB mundial o la riqueza de esos pa\u00edses como porcentaje del total. \u00datil para las consideraciones de un viajero de negocios internacional o un emprendedor. Y tambi\u00e9n medimos el acceso a la popularidad de los viajes a nivel mundial. \u00datil para aquellos interesados en los aspectos de ocio medidos a trav\u00e9s del tr\u00e1fico de visitantes internacionales y la popularidad.<\/span><\/p><p><span style=\"color: #000000;\">Combinamos esos aspectos y los presentamos no solo de forma aislada en relaci\u00f3n con ese pasaporte, sino junto con tu ciudadan\u00eda y pasaporte actuales. No solo te ofrecemos acceso total, sino que tambi\u00e9n analizamos los 10 principales destinos tanto en t\u00e9rminos de PIB como de crecimiento del turismo internacional.<\/span><\/p><h4 class=\"post-name\"><span style=\"color: #000000;\">Informaci\u00f3n muy valiosa<\/span><\/h4><p><span style=\"color: #000000;\">El resultado es un informe \u00fanico, adaptado a las necesidades de nuestros clientes y de gran valor para cualquier posible solicitante de ciudadan\u00eda que est\u00e9 evaluando sus opciones de inversi\u00f3n.<\/span><\/p><p><span style=\"color: #000000;\">Este informe solo est\u00e1 disponible a trav\u00e9s del visado de inversi\u00f3n Universal en este sitio web y a trav\u00e9s de su asesor. Si est\u00e1 pensando en realizar dicha inversi\u00f3n, por favor\u00a0<a style=\"color: #000000;\" href=\"https:\/\/investmentvisacn.com\/es_ar\/contact-us.html\/\">Cont\u00e1ctenos hoy mismo<\/a>\u00a0para obtener una evaluaci\u00f3n y un informe gratuitos.<\/span><\/p><\/div><\/div>\t\t\t\t\t\t\t\t<\/div>\n\t\t\t\t<\/div>\n\t\t\t\t<div class=\"elementor-element elementor-element-1ddaa83 elementor-align-center elementor-widget elementor-widget-button\" data-id=\"1ddaa83\" data-element_type=\"widget\" data-e-type=\"widget\" data-widget_type=\"button.default\">\n\t\t\t\t<div class=\"elementor-widget-container\">\n\t\t\t\t\t\t\t\t\t<div class=\"elementor-button-wrapper\">\n\t\t\t\t\t<a class=\"elementor-button elementor-button-link elementor-size-sm\" href=\"https:\/\/investmentvisacn.com\/es_ar\/contactenos\/\">\n\t\t\t\t\t\t<span class=\"elementor-button-content-wrapper\">\n\t\t\t\t\t\t\t\t\t<span class=\"elementor-button-text\">Contacto: Asesor<\/span>\n\t\t\t\t\t<\/span>\n\t\t\t\t\t<\/a>\n\t\t\t\t<\/div>\n\t\t\t\t\t\t\t\t<\/div>\n\t\t\t\t<\/div>\n\t\t\t\t<div class=\"elementor-element elementor-element-14c15c8 elementor-widget elementor-widget-text-editor\" data-id=\"14c15c8\" data-element_type=\"widget\" data-e-type=\"widget\" data-widget_type=\"text-editor.default\">\n\t\t\t\t<div class=\"elementor-widget-container\">\n\t\t\t\t\t\t\t\t\t<h2 class=\"text-center\" style=\"text-align: center;\"><span style=\"color: #000000;\">Noticias relacionadas<\/span><\/h2><p style=\"text-align: center;\"><span style=\"color: #000000;\">Una selecci\u00f3n de art\u00edculos sobre la planificaci\u00f3n de una segunda ciudadan\u00eda.<\/span><\/p>\t\t\t\t\t\t\t\t<\/div>\n\t\t\t\t<\/div>\n\t\t\t\t<section class=\"elementor-section elementor-inner-section elementor-element elementor-element-4151414 elementor-section-boxed elementor-section-height-default elementor-section-height-default\" data-id=\"4151414\" data-element_type=\"section\" data-e-type=\"section\">\n\t\t\t\t\t\t<div class=\"elementor-container elementor-column-gap-default\">\n\t\t\t\t\t<div class=\"elementor-column elementor-col-25 elementor-inner-column elementor-element elementor-element-77eb7bd\" data-id=\"77eb7bd\" data-element_type=\"column\" data-e-type=\"column\">\n\t\t\t<div class=\"elementor-widget-wrap elementor-element-populated\">\n\t\t\t\t\t\t<div class=\"elementor-element elementor-element-437ed25 elementor-widget elementor-widget-text-editor\" data-id=\"437ed25\" data-element_type=\"widget\" data-e-type=\"widget\" data-widget_type=\"text-editor.default\">\n\t\t\t\t<div class=\"elementor-widget-container\">\n\t\t\t\t\t\t\t\t\t<ul><li><div class=\"product-thumb\"><img fetchpriority=\"high\" decoding=\"async\" class=\"product-thumnail\" src=\"https:\/\/investmentvisacn.com\/assets\/images\/St-Lucia\/st-lucia-2270.jpg\" alt=\"dd\" width=\"270\" height=\"270\" \/><\/div><div class=\"info\"><p><b class=\"categories\">20<sup>el<\/sup>\u00a0Agosto de 2022<\/b><\/p><hr \/><p><b class=\"categories\">La ciudadan\u00eda de Santa Luc\u00eda mediante<\/b><\/p><h4 class=\"product-title\"><a href=\"https:\/\/investmentvisacn.com\/es_ar\/noticias-de-inversion-universal\/\">El programa de inversi\u00f3n de Universal ofrece una de las soluciones m\u00e1s econ\u00f3micas para solicitantes individuales entre sus vecinos del Caribe, con un costo a partir de tan solo 100 000 TP4T100, m\u00e1s gastos.<\/a><\/h4><\/div><\/li><\/ul>\t\t\t\t\t\t\t\t<\/div>\n\t\t\t\t<\/div>\n\t\t\t\t\t<\/div>\n\t\t<\/div>\n\t\t\t\t<div class=\"elementor-column elementor-col-25 elementor-inner-column elementor-element elementor-element-c4b4a44\" data-id=\"c4b4a44\" data-element_type=\"column\" data-e-type=\"column\">\n\t\t\t<div class=\"elementor-widget-wrap elementor-element-populated\">\n\t\t\t\t\t\t<div class=\"elementor-element elementor-element-34a434a elementor-widget elementor-widget-text-editor\" data-id=\"34a434a\" data-element_type=\"widget\" data-e-type=\"widget\" data-widget_type=\"text-editor.default\">\n\t\t\t\t<div class=\"elementor-widget-container\">\n\t\t\t\t\t\t\t\t\t<ul><li><div class=\"product-thumb\"><img decoding=\"async\" class=\"product-thumnail\" src=\"https:\/\/investmentvisacn.com\/assets\/images\/Dominica-Republic\/dominica-270.jpg\" alt=\"dd\" width=\"270\" height=\"270\" \/><\/div><div class=\"info\"><p><b class=\"categories\">22<sup>y<\/sup>\u00a0Abril de 2022<\/b><\/p><hr \/><p><b class=\"categories\">Aumento del precio del programa de ciudadan\u00eda por inversi\u00f3n de Dominica<\/b><\/p><h4 class=\"product-title\"><a href=\"https:\/\/investmentvisacn.com\/es_ar\/programa-de-ciudadania-por-inversion-de-dominica\/\">Actualizaci\u00f3n *** 13 de mayo de 2022: El Bolet\u00edn Oficial de Dominica ha anunciado oficialmente que la nueva enmienda legislativa entrar\u00e1 en vigor dentro de un mes, a partir del 13 de junio de 2022.<\/a><\/h4><\/div><\/li><\/ul>\t\t\t\t\t\t\t\t<\/div>\n\t\t\t\t<\/div>\n\t\t\t\t\t<\/div>\n\t\t<\/div>\n\t\t\t\t<div class=\"elementor-column elementor-col-25 elementor-inner-column elementor-element elementor-element-b20874d\" data-id=\"b20874d\" data-element_type=\"column\" data-e-type=\"column\">\n\t\t\t<div class=\"elementor-widget-wrap elementor-element-populated\">\n\t\t\t\t\t\t<div class=\"elementor-element elementor-element-d540e48 elementor-widget elementor-widget-text-editor\" data-id=\"d540e48\" data-element_type=\"widget\" data-e-type=\"widget\" data-widget_type=\"text-editor.default\">\n\t\t\t\t<div class=\"elementor-widget-container\">\n\t\t\t\t\t\t\t\t\t<ul><li><div class=\"product-thumb\"><img decoding=\"async\" class=\"product-thumnail\" src=\"https:\/\/investmentvisacn.com\/assets\/images\/Monaco\/monaco-270.jpg\" alt=\"dd\" width=\"270\" height=\"270\" \/><\/div><div class=\"info\"><p><b class=\"categories\">4<sup>el<\/sup>\u00a0Noviembre de 2022<\/b><\/p><hr \/><p><b class=\"categories\">El CBI de M\u00f3naco ya admite a ciudadanos iran\u00edes<\/b><\/p><h4 class=\"product-title\"><a href=\"https:\/\/investmentvisacn.com\/es_ar\/residencia-en-monaco\/\">Desde hace ya muchos a\u00f1os, lamentablemente, los inversionistas iran\u00edes tienen prohibido solicitar muchos de los programas de visas de inversionista disponibles. Esto se debe, en parte, a las sanciones bancarias internacionales impuestas a\u2026<\/a><\/h4><\/div><\/li><\/ul>\t\t\t\t\t\t\t\t<\/div>\n\t\t\t\t<\/div>\n\t\t\t\t\t<\/div>\n\t\t<\/div>\n\t\t\t\t<div class=\"elementor-column elementor-col-25 elementor-inner-column elementor-element elementor-element-886ec83\" data-id=\"886ec83\" data-element_type=\"column\" data-e-type=\"column\">\n\t\t\t<div class=\"elementor-widget-wrap elementor-element-populated\">\n\t\t\t\t\t\t<div class=\"elementor-element elementor-element-6e309e5 elementor-widget elementor-widget-text-editor\" data-id=\"6e309e5\" data-element_type=\"widget\" data-e-type=\"widget\" data-widget_type=\"text-editor.default\">\n\t\t\t\t<div class=\"elementor-widget-container\">\n\t\t\t\t\t\t\t\t\t<div class=\"product-thumb\"><img loading=\"lazy\" decoding=\"async\" class=\"product-thumnail\" src=\"https:\/\/investmentvisacn.com\/assets\/images\/Antigua\/antigua-01-Recovered-Recovered-Recovered.jpg\" alt=\"dd\" width=\"270\" height=\"270\" \/><\/div><div class=\"info\"><p><b class=\"categories\">26<sup>el<\/sup>\u00a0Septiembre de 2022<\/b><\/p><hr \/><p><b class=\"categories\">Antigua y Barbuda<\/b><\/p><h4 class=\"product-title\"><a href=\"https:\/\/investmentvisacn.com\/es_ar\/ciudadania-de-antigua-y-barbuda-por-inversion\/\">Donaci\u00f3n m\u00ednima de $100,000<\/a><br \/><a href=\"\/es_ar\/_wp_link_placeholder\/\">Ciudadan\u00eda y pasaporte<\/a><br \/><a href=\"\/es_ar\/_wp_link_placeholder\/\">Viajes sin visa a 161 pa\u00edses<\/a><br \/><a href=\"\/es_ar\/_wp_link_placeholder\/\">Zona Schengen de la UE y Reino Unido<\/a><\/h4><\/div>\t\t\t\t\t\t\t\t<\/div>\n\t\t\t\t<\/div>\n\t\t\t\t\t<\/div>\n\t\t<\/div>\n\t\t\t\t\t<\/div>\n\t\t<\/section>\n\t\t\t\t<div class=\"elementor-element elementor-element-161b8db elementor-align-center elementor-widget elementor-widget-button\" data-id=\"161b8db\" data-element_type=\"widget\" data-e-type=\"widget\" data-widget_type=\"button.default\">\n\t\t\t\t<div class=\"elementor-widget-container\">\n\t\t\t\t\t\t\t\t\t<div class=\"elementor-button-wrapper\">\n\t\t\t\t\t<a class=\"elementor-button elementor-button-link elementor-size-sm\" href=\"https:\/\/investmentvisacn.com\/es_ar\/inversiones\/\" target=\"_blank\">\n\t\t\t\t\t\t<span class=\"elementor-button-content-wrapper\">\n\t\t\t\t\t\t\t\t\t<span class=\"elementor-button-text\">Ver todo<\/span>\n\t\t\t\t\t<\/span>\n\t\t\t\t\t<\/a>\n\t\t\t\t<\/div>\n\t\t\t\t\t\t\t\t<\/div>\n\t\t\t\t<\/div>\n\t\t\t\t\t<\/div>\n\t\t<\/div>\n\t\t\t\t\t<\/div>\n\t\t<\/section>\n\t\t\t\t<\/div>","protected":false},"excerpt":{"rendered":"<p>Second Passport : Get Your Free Report Our clients invest in a second passport for many reasons. Perhaps one of the most important is the visa-free access a second passport grants to countries and territories worldwide. There are several passport indices that take a simple measure of the number of visa-free countries a passport can [&hellip;]<\/p>\n","protected":false},"author":1,"featured_media":0,"parent":0,"menu_order":0,"comment_status":"closed","ping_status":"closed","template":"","meta":{"footnotes":""},"class_list":["post-346","page","type-page","status-publish","hentry"],"yoast_head":"<!-- This site is optimized with the Yoast SEO plugin v27.3 - https:\/\/yoast.com\/product\/yoast-seo-wordpress\/ -->\n<title>Passport Investment - Investment Visa CN<\/title>\n<meta name=\"robots\" content=\"index, follow, max-snippet:-1, max-image-preview:large, max-video-preview:-1\" \/>\n<link rel=\"canonical\" href=\"https:\/\/investmentvisacn.com\/es_ar\/inversion-en-pasaportes\/\" \/>\n<meta property=\"og:locale\" content=\"es_ES\" \/>\n<meta property=\"og:type\" content=\"article\" \/>\n<meta property=\"og:title\" content=\"Passport Investment - Investment Visa CN\" \/>\n<meta property=\"og:description\" content=\"Second Passport : Get Your Free Report Our clients invest in a second passport for many reasons. Perhaps one of the most important is the visa-free access a second passport grants to countries and territories worldwide. There are several passport indices that take a simple measure of the number of visa-free countries a passport can [&hellip;]\" \/>\n<meta property=\"og:url\" content=\"https:\/\/investmentvisacn.com\/es_ar\/inversion-en-pasaportes\/\" \/>\n<meta property=\"og:site_name\" content=\"Investment Visa CN\" \/>\n<meta property=\"article:modified_time\" content=\"2024-08-24T21:24:06+00:00\" \/>\n<meta property=\"og:image\" content=\"https:\/\/investmentvisacn.com\/assets\/images\/St-Lucia\/st-lucia-2270.jpg\" \/>\n<meta name=\"twitter:card\" content=\"summary_large_image\" \/>\n<meta name=\"twitter:label1\" content=\"Tiempo de lectura\" \/>\n\t<meta name=\"twitter:data1\" content=\"2 minutos\" \/>\n<script type=\"application\/ld+json\" class=\"yoast-schema-graph\">{\"@context\":\"https:\\\/\\\/schema.org\",\"@graph\":[{\"@type\":\"WebPage\",\"@id\":\"https:\\\/\\\/investmentvisacn.com\\\/passport-investment\\\/\",\"url\":\"https:\\\/\\\/investmentvisacn.com\\\/passport-investment\\\/\",\"name\":\"Passport Investment - Investment Visa CN\",\"isPartOf\":{\"@id\":\"https:\\\/\\\/investmentvisacn.com\\\/#website\"},\"primaryImageOfPage\":{\"@id\":\"https:\\\/\\\/investmentvisacn.com\\\/passport-investment\\\/#primaryimage\"},\"image\":{\"@id\":\"https:\\\/\\\/investmentvisacn.com\\\/passport-investment\\\/#primaryimage\"},\"thumbnailUrl\":\"https:\\\/\\\/investmentvisacn.com\\\/assets\\\/images\\\/St-Lucia\\\/st-lucia-2270.jpg\",\"datePublished\":\"2024-08-15T09:22:08+00:00\",\"dateModified\":\"2024-08-24T21:24:06+00:00\",\"breadcrumb\":{\"@id\":\"https:\\\/\\\/investmentvisacn.com\\\/passport-investment\\\/#breadcrumb\"},\"inLanguage\":\"es-AR\",\"potentialAction\":[{\"@type\":\"ReadAction\",\"target\":[\"https:\\\/\\\/investmentvisacn.com\\\/passport-investment\\\/\"]}]},{\"@type\":\"ImageObject\",\"inLanguage\":\"es-AR\",\"@id\":\"https:\\\/\\\/investmentvisacn.com\\\/passport-investment\\\/#primaryimage\",\"url\":\"https:\\\/\\\/investmentvisacn.com\\\/assets\\\/images\\\/St-Lucia\\\/st-lucia-2270.jpg\",\"contentUrl\":\"https:\\\/\\\/investmentvisacn.com\\\/assets\\\/images\\\/St-Lucia\\\/st-lucia-2270.jpg\"},{\"@type\":\"BreadcrumbList\",\"@id\":\"https:\\\/\\\/investmentvisacn.com\\\/passport-investment\\\/#breadcrumb\",\"itemListElement\":[{\"@type\":\"ListItem\",\"position\":1,\"name\":\"Home\",\"item\":\"https:\\\/\\\/investmentvisacn.com\\\/\"},{\"@type\":\"ListItem\",\"position\":2,\"name\":\"Passport Investment\"}]},{\"@type\":\"WebSite\",\"@id\":\"https:\\\/\\\/investmentvisacn.com\\\/#website\",\"url\":\"https:\\\/\\\/investmentvisacn.com\\\/\",\"name\":\"Investment Visa CN\",\"description\":\"Global Investment &amp; Visa Solutions You Can Trust\",\"publisher\":{\"@id\":\"https:\\\/\\\/investmentvisacn.com\\\/#organization\"},\"potentialAction\":[{\"@type\":\"SearchAction\",\"target\":{\"@type\":\"EntryPoint\",\"urlTemplate\":\"https:\\\/\\\/investmentvisacn.com\\\/?s={search_term_string}\"},\"query-input\":{\"@type\":\"PropertyValueSpecification\",\"valueRequired\":true,\"valueName\":\"search_term_string\"}}],\"inLanguage\":\"es-AR\"},{\"@type\":\"Organization\",\"@id\":\"https:\\\/\\\/investmentvisacn.com\\\/#organization\",\"name\":\"Investment Visa CN\",\"url\":\"https:\\\/\\\/investmentvisacn.com\\\/\",\"logo\":{\"@type\":\"ImageObject\",\"inLanguage\":\"es-AR\",\"@id\":\"https:\\\/\\\/investmentvisacn.com\\\/#\\\/schema\\\/logo\\\/image\\\/\",\"url\":\"https:\\\/\\\/investmentvisacn.com\\\/wp-content\\\/uploads\\\/2024\\\/08\\\/universalinvestmentvisa.png\",\"contentUrl\":\"https:\\\/\\\/investmentvisacn.com\\\/wp-content\\\/uploads\\\/2024\\\/08\\\/universalinvestmentvisa.png\",\"width\":180,\"height\":60,\"caption\":\"Investment Visa CN\"},\"image\":{\"@id\":\"https:\\\/\\\/investmentvisacn.com\\\/#\\\/schema\\\/logo\\\/image\\\/\"}}]}<\/script>\n<!-- \/ Yoast SEO plugin. -->","yoast_head_json":{"title":"Inversi\u00f3n en pasaporte - Visa de inversi\u00f3n CN","robots":{"index":"index","follow":"follow","max-snippet":"max-snippet:-1","max-image-preview":"max-image-preview:large","max-video-preview":"max-video-preview:-1"},"canonical":"https:\/\/investmentvisacn.com\/es_ar\/inversion-en-pasaportes\/","og_locale":"es_ES","og_type":"article","og_title":"Passport Investment - Investment Visa CN","og_description":"Second Passport : Get Your Free Report Our clients invest in a second passport for many reasons. Perhaps one of the most important is the visa-free access a second passport grants to countries and territories worldwide. There are several passport indices that take a simple measure of the number of visa-free countries a passport can [&hellip;]","og_url":"https:\/\/investmentvisacn.com\/es_ar\/inversion-en-pasaportes\/","og_site_name":"Investment Visa CN","article_modified_time":"2024-08-24T21:24:06+00:00","og_image":[{"url":"https:\/\/investmentvisacn.com\/assets\/images\/St-Lucia\/st-lucia-2270.jpg","type":"","width":"","height":""}],"twitter_card":"summary_large_image","twitter_misc":{"Tiempo de lectura":"2 minutos"},"schema":{"@context":"https:\/\/schema.org","@graph":[{"@type":"WebPage","@id":"https:\/\/investmentvisacn.com\/passport-investment\/","url":"https:\/\/investmentvisacn.com\/passport-investment\/","name":"Inversi\u00f3n en pasaporte - Visa de inversi\u00f3n CN","isPartOf":{"@id":"https:\/\/investmentvisacn.com\/#website"},"primaryImageOfPage":{"@id":"https:\/\/investmentvisacn.com\/passport-investment\/#primaryimage"},"image":{"@id":"https:\/\/investmentvisacn.com\/passport-investment\/#primaryimage"},"thumbnailUrl":"https:\/\/investmentvisacn.com\/assets\/images\/St-Lucia\/st-lucia-2270.jpg","datePublished":"2024-08-15T09:22:08+00:00","dateModified":"2024-08-24T21:24:06+00:00","breadcrumb":{"@id":"https:\/\/investmentvisacn.com\/passport-investment\/#breadcrumb"},"inLanguage":"es-AR","potentialAction":[{"@type":"ReadAction","target":["https:\/\/investmentvisacn.com\/passport-investment\/"]}]},{"@type":"ImageObject","inLanguage":"es-AR","@id":"https:\/\/investmentvisacn.com\/passport-investment\/#primaryimage","url":"https:\/\/investmentvisacn.com\/assets\/images\/St-Lucia\/st-lucia-2270.jpg","contentUrl":"https:\/\/investmentvisacn.com\/assets\/images\/St-Lucia\/st-lucia-2270.jpg"},{"@type":"BreadcrumbList","@id":"https:\/\/investmentvisacn.com\/passport-investment\/#breadcrumb","itemListElement":[{"@type":"ListItem","position":1,"name":"Home","item":"https:\/\/investmentvisacn.com\/"},{"@type":"ListItem","position":2,"name":"Passport Investment"}]},{"@type":"WebSite","@id":"https:\/\/investmentvisacn.com\/#website","url":"https:\/\/investmentvisacn.com\/","name":"Visa de inversi\u00f3n CN","description":"Soluciones globales de inversi\u00f3n y visas en las que puede confiar","publisher":{"@id":"https:\/\/investmentvisacn.com\/#organization"},"potentialAction":[{"@type":"SearchAction","target":{"@type":"EntryPoint","urlTemplate":"https:\/\/investmentvisacn.com\/?s={search_term_string}"},"query-input":{"@type":"PropertyValueSpecification","valueRequired":true,"valueName":"search_term_string"}}],"inLanguage":"es-AR"},{"@type":"Organization","@id":"https:\/\/investmentvisacn.com\/#organization","name":"Visa de inversi\u00f3n CN","url":"https:\/\/investmentvisacn.com\/","logo":{"@type":"ImageObject","inLanguage":"es-AR","@id":"https:\/\/investmentvisacn.com\/#\/schema\/logo\/image\/","url":"https:\/\/investmentvisacn.com\/wp-content\/uploads\/2024\/08\/universalinvestmentvisa.png","contentUrl":"https:\/\/investmentvisacn.com\/wp-content\/uploads\/2024\/08\/universalinvestmentvisa.png","width":180,"height":60,"caption":"Investment Visa CN"},"image":{"@id":"https:\/\/investmentvisacn.com\/#\/schema\/logo\/image\/"}}]}},"_links":{"self":[{"href":"https:\/\/investmentvisacn.com\/es_ar\/wp-json\/wp\/v2\/pages\/346","targetHints":{"allow":["GET"]}}],"collection":[{"href":"https:\/\/investmentvisacn.com\/es_ar\/wp-json\/wp\/v2\/pages"}],"about":[{"href":"https:\/\/investmentvisacn.com\/es_ar\/wp-json\/wp\/v2\/types\/page"}],"author":[{"embeddable":true,"href":"https:\/\/investmentvisacn.com\/es_ar\/wp-json\/wp\/v2\/users\/1"}],"replies":[{"embeddable":true,"href":"https:\/\/investmentvisacn.com\/es_ar\/wp-json\/wp\/v2\/comments?post=346"}],"version-history":[{"count":10,"href":"https:\/\/investmentvisacn.com\/es_ar\/wp-json\/wp\/v2\/pages\/346\/revisions"}],"predecessor-version":[{"id":590,"href":"https:\/\/investmentvisacn.com\/es_ar\/wp-json\/wp\/v2\/pages\/346\/revisions\/590"}],"wp:attachment":[{"href":"https:\/\/investmentvisacn.com\/es_ar\/wp-json\/wp\/v2\/media?parent=346"}],"curies":[{"name":"wp","href":"https:\/\/api.w.org\/{rel}","templated":true}]}}