{"id":315,"date":"2024-08-14T22:02:54","date_gmt":"2024-08-14T22:02:54","guid":{"rendered":"https:\/\/universalinvestmentvisa.com\/?page_id=315"},"modified":"2024-08-24T21:19:29","modified_gmt":"2024-08-24T21:19:29","slug":"quienes-somos","status":"publish","type":"page","link":"https:\/\/investmentvisacn.com\/es_ar\/about-us\/","title":{"rendered":"Qui\u00e9nes somos"},"content":{"rendered":"<div data-elementor-type=\"wp-page\" data-elementor-id=\"315\" class=\"elementor elementor-315\" data-elementor-post-type=\"page\">\n\t\t\t\t\t\t<section class=\"elementor-section elementor-top-section elementor-element elementor-element-dc1b669 elementor-section-stretched elementor-section-boxed elementor-section-height-default elementor-section-height-default\" data-id=\"dc1b669\" data-element_type=\"section\" data-e-type=\"section\" data-settings=\"{&quot;stretch_section&quot;:&quot;section-stretched&quot;}\">\n\t\t\t\t\t\t<div class=\"elementor-container elementor-column-gap-default\">\n\t\t\t\t\t<div class=\"elementor-column elementor-col-100 elementor-top-column elementor-element elementor-element-52908ad\" data-id=\"52908ad\" data-element_type=\"column\" data-e-type=\"column\">\n\t\t\t<div class=\"elementor-widget-wrap elementor-element-populated\">\n\t\t\t\t\t\t<div class=\"elementor-element elementor-element-d276fec elementor-widget elementor-widget-heading\" data-id=\"d276fec\" data-element_type=\"widget\" data-e-type=\"widget\" data-widget_type=\"heading.default\">\n\t\t\t\t<div class=\"elementor-widget-container\">\n\t\t\t\t\t<h2 class=\"elementor-heading-title elementor-size-default\">Acerca de nosotros<\/h2>\t\t\t\t<\/div>\n\t\t\t\t<\/div>\n\t\t\t\t<div class=\"elementor-element elementor-element-742120d elementor-widget elementor-widget-text-editor\" data-id=\"742120d\" data-element_type=\"widget\" data-e-type=\"widget\" data-widget_type=\"text-editor.default\">\n\t\t\t\t<div class=\"elementor-widget-container\">\n\t\t\t\t\t\t\t\t\t<div class=\"post-head\"><h2 class=\"post-name\" style=\"text-align: center;\"><span style=\"color: #000000;\">POR QU\u00c9 VISA de inversi\u00f3n universal<\/span><\/h2><\/div><div class=\"post-content\"><div><h2 style=\"text-align: center;\"><span style=\"color: #000000;\">Experiencia<\/span><\/h2><p><span style=\"color: #000000;\">En Universal Investment Visa nos enfocamos exclusivamente en la residencia y la ciudadan\u00eda a trav\u00e9s de la inversi\u00f3n. Hemos asesorado a m\u00e1s de 70,000 posibles inversionistas y contamos con clientes de m\u00e1s de 150 pa\u00edses de todo el mundo, repartidos en los seis continentes. Est\u00e9s donde est\u00e9s, hemos trabajado con muchas personas de tu regi\u00f3n.<\/span><\/p><div class=\"desc-expand\"><h4><span style=\"color: #000000;\">Elecci\u00f3n<\/span><\/h4><p><span style=\"color: #000000;\">La visa de inversi\u00f3n universal ofrece todos los principales programas de inversi\u00f3n para obtener la ciudadan\u00eda y la residencia. Hay m\u00e1s de 18 entre los que elegir en todo el mundo.<\/span><\/p><\/div><div class=\"desc-expand\"><h3><span style=\"color: #000000;\">Independencia<\/span><\/h3><p><span style=\"color: #000000;\">La visa de inversi\u00f3n universal es independiente de cualquier gobierno. Esto significa que podemos ofrecerle un asesoramiento imparcial, ya que no tenemos ning\u00fan programa concreto que \u201cpromocionar\u201d. Estamos regulados y aprobados por todos los gobiernos necesarios para promover sus programas.<\/span><\/p><\/div><div class=\"desc-expand\"><h3><span style=\"color: #000000;\">Inversi\u00f3n<\/span><\/h3><p><span style=\"color: #000000;\">No nos centramos \u00fanicamente en el asesoramiento y la tramitaci\u00f3n, como muchas empresas jur\u00eddicas. Nuestra experiencia se basa en las inversiones y llevamos desde 2002 asesorando a clientes internacionales sobre inversiones en el extranjero.<\/span><\/p><\/div><div class=\"desc-expand\"><h4><span style=\"color: #000000;\">Confianza<\/span><\/h4><p><span style=\"color: #000000;\">Universal Investment Visa (UIV USA Ltd) es una empresa registrada en Estados Unidos. Presentamos cuentas anuales y somos transparentes en nuestras operaciones financieras, tal y como exige la Ley de Sociedades An\u00f3nimas. No tenemos nuestra sede en ning\u00fan para\u00edso fiscal ni en ning\u00fan r\u00e9gimen de sociedades con una regulaci\u00f3n laxa. Todos nuestros acuerdos con los clientes se rigen por la legislaci\u00f3n estadounidense, lo que beneficia a nuestros clientes y garantiza su protecci\u00f3n.<\/span><\/p><\/div><div class=\"desc-expand\"><h4><span style=\"color: #000000;\">Conexi\u00f3n<\/span><\/h4><p><span style=\"color: #000000;\">Como empresa estadounidense, estamos muy familiarizados con todos los programas que ofrecemos. Contamos con 20 a\u00f1os de experiencia operando aqu\u00ed en Europa, donde existen muchos programas atractivos de residencia y ciudadan\u00eda basados en la inversi\u00f3n inmobiliaria. Los programas de segundo pasaporte del Caribe y Vanuatu son atractivos debido a su conexi\u00f3n con la Mancomunidad de los Estados Unidos.<\/span><\/p><\/div><div class=\"desc-expand\"><h4><span style=\"color: #000000;\">Precio<\/span><\/h4><p><span style=\"color: #000000;\">Creemos que somos la empresa m\u00e1s competitiva entre las empresas de primer nivel de este sector. Pru\u00e9benos. Creemos que nuestros costos de asesor\u00eda y tramitaci\u00f3n son m\u00e1s bajos que los de nuestros competidores y estamos decididos a igualar a cualquiera de nuestros pares.<\/span><\/p><\/div><\/div><h4><span style=\"color: #000000;\">Confidencialidad<\/span><\/h4><p><span style=\"color: #000000;\">Universal Investment Visa ha trabajado con muchos inversionistas de alto perfil, alto patrimonio neto y patrimonio neto ultra alto de todo el mundo. De hecho, de m\u00e1s de 150 pa\u00edses diferentes. Entendemos sus necesidades e inquietudes, y comprendemos la naturaleza y la confidencialidad de cualquier informaci\u00f3n de la que formamos parte.<\/span><\/p><\/div>\t\t\t\t\t\t\t\t<\/div>\n\t\t\t\t<\/div>\n\t\t\t\t<section class=\"elementor-section elementor-inner-section elementor-element elementor-element-0d870ce elementor-section-boxed elementor-section-height-default elementor-section-height-default\" data-id=\"0d870ce\" data-element_type=\"section\" data-e-type=\"section\">\n\t\t\t\t\t\t<div class=\"elementor-container elementor-column-gap-default\">\n\t\t\t\t\t<div class=\"elementor-column elementor-col-25 elementor-inner-column elementor-element elementor-element-b4053a6\" data-id=\"b4053a6\" data-element_type=\"column\" data-e-type=\"column\">\n\t\t\t<div class=\"elementor-widget-wrap elementor-element-populated\">\n\t\t\t\t\t\t<div class=\"elementor-element elementor-element-1c9d131 elementor-widget elementor-widget-text-editor\" data-id=\"1c9d131\" data-element_type=\"widget\" data-e-type=\"widget\" data-widget_type=\"text-editor.default\">\n\t\t\t\t<div class=\"elementor-widget-container\">\n\t\t\t\t\t\t\t\t\t<div class=\"product-thumb\"><img fetchpriority=\"high\" decoding=\"async\" class=\"product-thumnail\" src=\"https:\/\/investmentvisacn.com\/assets\/images\/products\/st-kitts.jpg\" alt=\"dd\" width=\"270\" height=\"270\" \/><\/div><div class=\"info\"><p><b class=\"categories\"><i>Visa de inversi\u00f3n universal Participe en el Foro de Migraci\u00f3n por Inversi\u00f3n 2023<\/i><\/b><\/p><h4 class=\"product-title\"><a href=\"https:\/\/investmentvisacn.com\/es_ar\/ciudadania-y-residencia-en-austria-por-inversion\/\">Esta semana, Universal Investment Visa asisti\u00f3 al Foro Anual de Migraci\u00f3n por Inversi\u00f3n, organizado por el Consejo de Migraci\u00f3n por Inversi\u00f3n, del que UIV es miembro y nuestro director general, Paul Williams, es miembro del comit\u00e9 asesor.<\/a><\/h4><\/div>\t\t\t\t\t\t\t\t<\/div>\n\t\t\t\t<\/div>\n\t\t\t\t\t<\/div>\n\t\t<\/div>\n\t\t\t\t<div class=\"elementor-column elementor-col-25 elementor-inner-column elementor-element elementor-element-589ddbe\" data-id=\"589ddbe\" data-element_type=\"column\" data-e-type=\"column\">\n\t\t\t<div class=\"elementor-widget-wrap elementor-element-populated\">\n\t\t\t\t\t\t<div class=\"elementor-element elementor-element-3eaf6f6 elementor-widget elementor-widget-text-editor\" data-id=\"3eaf6f6\" data-element_type=\"widget\" data-e-type=\"widget\" data-widget_type=\"text-editor.default\">\n\t\t\t\t<div class=\"elementor-widget-container\">\n\t\t\t\t\t\t\t\t\t<div class=\"product-thumb\"><img decoding=\"async\" class=\"product-thumnail\" src=\"https:\/\/investmentvisacn.com\/assets\/images\/products\/ireland.jpg\" alt=\"dd\" width=\"270\" height=\"270\" \/><\/div><div class=\"info\"><p><b class=\"categories\"><i>Clientes en m\u00e1s de 150 pa\u00edses<\/i><\/b><\/p><h4 class=\"product-title\"><a href=\"https:\/\/investmentvisacn.com\/es_ar\/inversiones\/\">La visa de inversi\u00f3n universal ha alcanzado otro hito importante al venderse ya en m\u00e1s de 150 pa\u00edses de todo el mundo. Si bien nuestros principales mercados son Estados Unidos, Nigeria, Sud\u00e1frica, Emiratos \u00c1rabes Unidos, Hong Kong, Singapur y otros,<\/a><\/h4><\/div>\t\t\t\t\t\t\t\t<\/div>\n\t\t\t\t<\/div>\n\t\t\t\t\t<\/div>\n\t\t<\/div>\n\t\t\t\t<div class=\"elementor-column elementor-col-25 elementor-inner-column elementor-element elementor-element-55f5684\" data-id=\"55f5684\" data-element_type=\"column\" data-e-type=\"column\">\n\t\t\t<div class=\"elementor-widget-wrap elementor-element-populated\">\n\t\t\t\t\t\t<div class=\"elementor-element elementor-element-20a4ab9 elementor-widget elementor-widget-text-editor\" data-id=\"20a4ab9\" data-element_type=\"widget\" data-e-type=\"widget\" data-widget_type=\"text-editor.default\">\n\t\t\t\t<div class=\"elementor-widget-container\">\n\t\t\t\t\t\t\t\t\t<div class=\"product-thumb\"><a class=\"link-to-product\" href=\"https:\/\/investmentvisacn.com\/es_ar\/ciudadania-de-san-cristobal\/\"><img decoding=\"async\" class=\"product-thumnail\" src=\"https:\/\/investmentvisacn.com\/assets\/images\/products\/usa.jpg\" alt=\"dd\" width=\"270\" height=\"270\" \/><\/a><\/div><div class=\"info\"><p><b class=\"categories\"><i>Cuatro a\u00f1os consecutivos: las 1000 mejores empresas del Financial Times en 2023<\/i><\/b><\/p><h4 class=\"product-title\"><a href=\"https:\/\/investmentvisacn.com\/es_ar\/inversion-en-pasaportes\/\">Universal Investment Visa ha vuelto a ser incluida por el Financial Times en la lista de las \u201d1000 empresas de m\u00e1s r\u00e1pido crecimiento de Europa\u201d por cuarto a\u00f1o consecutivo en 2023. La publicaci\u00f3n anual<\/a><\/h4><\/div>\t\t\t\t\t\t\t\t<\/div>\n\t\t\t\t<\/div>\n\t\t\t\t\t<\/div>\n\t\t<\/div>\n\t\t\t\t<div class=\"elementor-column elementor-col-25 elementor-inner-column elementor-element elementor-element-404d988\" data-id=\"404d988\" data-element_type=\"column\" data-e-type=\"column\">\n\t\t\t<div class=\"elementor-widget-wrap elementor-element-populated\">\n\t\t\t\t\t\t<div class=\"elementor-element elementor-element-b6455ca elementor-widget elementor-widget-text-editor\" data-id=\"b6455ca\" data-element_type=\"widget\" data-e-type=\"widget\" data-widget_type=\"text-editor.default\">\n\t\t\t\t<div class=\"elementor-widget-container\">\n\t\t\t\t\t\t\t\t\t<p><a class=\"link-to-product\" style=\"font-size: 16px; background-color: #ffffff;\" href=\"https:\/\/investmentvisacn.com\/es_ar\/residencia-en-monaco\/\"><img loading=\"lazy\" decoding=\"async\" class=\"product-thumnail\" src=\"https:\/\/investmentvisacn.com\/assets\/images\/products\/portugal-01.jpg\" alt=\"dd\" width=\"270\" height=\"270\" \/><\/a><\/p><div class=\"contain-product layout-default\"><div class=\"info\"><p><b class=\"categories\"><i>Visa de inversi\u00f3n universal Personal de inversi\u00f3n Migraci\u00f3n Certificado<\/i><\/b><\/p><h4 class=\"product-title\"><a href=\"https:\/\/investmentvisacn.com\/es_ar\/ciudadania-y-residencia-en-canada-mediante-inversion\/\">Varios miembros m\u00e1s de nuestro equipo han estado estudiando mucho y ahora han obtenido con \u00e9xito sus certificaciones en migraci\u00f3n de inversiones. El curso, desarrollado por Invest<\/a><\/h4><\/div><\/div>\t\t\t\t\t\t\t\t<\/div>\n\t\t\t\t<\/div>\n\t\t\t\t\t<\/div>\n\t\t<\/div>\n\t\t\t\t\t<\/div>\n\t\t<\/section>\n\t\t\t\t\t<\/div>\n\t\t<\/div>\n\t\t\t\t\t<\/div>\n\t\t<\/section>\n\t\t\t\t<\/div>","protected":false},"excerpt":{"rendered":"<p>About -us WHY Universal investment VISA Experience With Universal investment visa we focus solely on residency and citizenship through investment. We have advised over 70,000 potential investors and we have clients from more than 150 countries worldwide, across six continents. Wherever you are in the world we have worked with many people in your region. [&hellip;]<\/p>\n","protected":false},"author":1,"featured_media":0,"parent":0,"menu_order":0,"comment_status":"closed","ping_status":"closed","template":"","meta":{"footnotes":""},"class_list":["post-315","page","type-page","status-publish","hentry"],"yoast_head":"<!-- This site is optimized with the Yoast SEO plugin v27.3 - https:\/\/yoast.com\/product\/yoast-seo-wordpress\/ -->\n<title>About us - Investment Visa CN<\/title>\n<meta name=\"robots\" content=\"index, follow, max-snippet:-1, max-image-preview:large, max-video-preview:-1\" \/>\n<link rel=\"canonical\" href=\"https:\/\/investmentvisacn.com\/es_ar\/quienes-somos\/\" \/>\n<meta property=\"og:locale\" content=\"es_ES\" \/>\n<meta property=\"og:type\" content=\"article\" \/>\n<meta property=\"og:title\" content=\"About us - Investment Visa CN\" \/>\n<meta property=\"og:description\" content=\"About -us WHY Universal investment VISA Experience With Universal investment visa we focus solely on residency and citizenship through investment. We have advised over 70,000 potential investors and we have clients from more than 150 countries worldwide, across six continents. Wherever you are in the world we have worked with many people in your region. [&hellip;]\" \/>\n<meta property=\"og:url\" content=\"https:\/\/investmentvisacn.com\/es_ar\/quienes-somos\/\" \/>\n<meta property=\"og:site_name\" content=\"Investment Visa CN\" \/>\n<meta property=\"article:modified_time\" content=\"2024-08-24T21:19:29+00:00\" \/>\n<meta property=\"og:image\" content=\"https:\/\/investmentvisacn.com\/assets\/images\/products\/st-kitts.jpg\" \/>\n<meta name=\"twitter:card\" content=\"summary_large_image\" \/>\n<meta name=\"twitter:label1\" content=\"Tiempo de lectura\" \/>\n\t<meta name=\"twitter:data1\" content=\"2 minutos\" \/>\n<script type=\"application\/ld+json\" class=\"yoast-schema-graph\">{\"@context\":\"https:\\\/\\\/schema.org\",\"@graph\":[{\"@type\":\"WebPage\",\"@id\":\"https:\\\/\\\/investmentvisacn.com\\\/about-us\\\/\",\"url\":\"https:\\\/\\\/investmentvisacn.com\\\/about-us\\\/\",\"name\":\"About us - Investment Visa CN\",\"isPartOf\":{\"@id\":\"https:\\\/\\\/investmentvisacn.com\\\/#website\"},\"primaryImageOfPage\":{\"@id\":\"https:\\\/\\\/investmentvisacn.com\\\/about-us\\\/#primaryimage\"},\"image\":{\"@id\":\"https:\\\/\\\/investmentvisacn.com\\\/about-us\\\/#primaryimage\"},\"thumbnailUrl\":\"https:\\\/\\\/investmentvisacn.com\\\/assets\\\/images\\\/products\\\/st-kitts.jpg\",\"datePublished\":\"2024-08-14T22:02:54+00:00\",\"dateModified\":\"2024-08-24T21:19:29+00:00\",\"breadcrumb\":{\"@id\":\"https:\\\/\\\/investmentvisacn.com\\\/about-us\\\/#breadcrumb\"},\"inLanguage\":\"es-AR\",\"potentialAction\":[{\"@type\":\"ReadAction\",\"target\":[\"https:\\\/\\\/investmentvisacn.com\\\/about-us\\\/\"]}]},{\"@type\":\"ImageObject\",\"inLanguage\":\"es-AR\",\"@id\":\"https:\\\/\\\/investmentvisacn.com\\\/about-us\\\/#primaryimage\",\"url\":\"https:\\\/\\\/investmentvisacn.com\\\/assets\\\/images\\\/products\\\/st-kitts.jpg\",\"contentUrl\":\"https:\\\/\\\/investmentvisacn.com\\\/assets\\\/images\\\/products\\\/st-kitts.jpg\"},{\"@type\":\"BreadcrumbList\",\"@id\":\"https:\\\/\\\/investmentvisacn.com\\\/about-us\\\/#breadcrumb\",\"itemListElement\":[{\"@type\":\"ListItem\",\"position\":1,\"name\":\"Home\",\"item\":\"https:\\\/\\\/investmentvisacn.com\\\/\"},{\"@type\":\"ListItem\",\"position\":2,\"name\":\"About us\"}]},{\"@type\":\"WebSite\",\"@id\":\"https:\\\/\\\/investmentvisacn.com\\\/#website\",\"url\":\"https:\\\/\\\/investmentvisacn.com\\\/\",\"name\":\"Investment Visa CN\",\"description\":\"Global Investment &amp; Visa Solutions You Can Trust\",\"publisher\":{\"@id\":\"https:\\\/\\\/investmentvisacn.com\\\/#organization\"},\"potentialAction\":[{\"@type\":\"SearchAction\",\"target\":{\"@type\":\"EntryPoint\",\"urlTemplate\":\"https:\\\/\\\/investmentvisacn.com\\\/?s={search_term_string}\"},\"query-input\":{\"@type\":\"PropertyValueSpecification\",\"valueRequired\":true,\"valueName\":\"search_term_string\"}}],\"inLanguage\":\"es-AR\"},{\"@type\":\"Organization\",\"@id\":\"https:\\\/\\\/investmentvisacn.com\\\/#organization\",\"name\":\"Investment Visa CN\",\"url\":\"https:\\\/\\\/investmentvisacn.com\\\/\",\"logo\":{\"@type\":\"ImageObject\",\"inLanguage\":\"es-AR\",\"@id\":\"https:\\\/\\\/investmentvisacn.com\\\/#\\\/schema\\\/logo\\\/image\\\/\",\"url\":\"https:\\\/\\\/investmentvisacn.com\\\/wp-content\\\/uploads\\\/2024\\\/08\\\/universalinvestmentvisa.png\",\"contentUrl\":\"https:\\\/\\\/investmentvisacn.com\\\/wp-content\\\/uploads\\\/2024\\\/08\\\/universalinvestmentvisa.png\",\"width\":180,\"height\":60,\"caption\":\"Investment Visa CN\"},\"image\":{\"@id\":\"https:\\\/\\\/investmentvisacn.com\\\/#\\\/schema\\\/logo\\\/image\\\/\"}}]}<\/script>\n<!-- \/ Yoast SEO plugin. -->","yoast_head_json":{"title":"Acerca de nosotros - Visa de inversi\u00f3n CN","robots":{"index":"index","follow":"follow","max-snippet":"max-snippet:-1","max-image-preview":"max-image-preview:large","max-video-preview":"max-video-preview:-1"},"canonical":"https:\/\/investmentvisacn.com\/es_ar\/quienes-somos\/","og_locale":"es_ES","og_type":"article","og_title":"About us - Investment Visa CN","og_description":"About -us WHY Universal investment VISA Experience With Universal investment visa we focus solely on residency and citizenship through investment. We have advised over 70,000 potential investors and we have clients from more than 150 countries worldwide, across six continents. Wherever you are in the world we have worked with many people in your region. [&hellip;]","og_url":"https:\/\/investmentvisacn.com\/es_ar\/quienes-somos\/","og_site_name":"Investment Visa CN","article_modified_time":"2024-08-24T21:19:29+00:00","og_image":[{"url":"https:\/\/investmentvisacn.com\/assets\/images\/products\/st-kitts.jpg","type":"","width":"","height":""}],"twitter_card":"summary_large_image","twitter_misc":{"Tiempo de lectura":"2 minutos"},"schema":{"@context":"https:\/\/schema.org","@graph":[{"@type":"WebPage","@id":"https:\/\/investmentvisacn.com\/about-us\/","url":"https:\/\/investmentvisacn.com\/about-us\/","name":"Acerca de nosotros - Visa de inversi\u00f3n CN","isPartOf":{"@id":"https:\/\/investmentvisacn.com\/#website"},"primaryImageOfPage":{"@id":"https:\/\/investmentvisacn.com\/about-us\/#primaryimage"},"image":{"@id":"https:\/\/investmentvisacn.com\/about-us\/#primaryimage"},"thumbnailUrl":"https:\/\/investmentvisacn.com\/assets\/images\/products\/st-kitts.jpg","datePublished":"2024-08-14T22:02:54+00:00","dateModified":"2024-08-24T21:19:29+00:00","breadcrumb":{"@id":"https:\/\/investmentvisacn.com\/about-us\/#breadcrumb"},"inLanguage":"es-AR","potentialAction":[{"@type":"ReadAction","target":["https:\/\/investmentvisacn.com\/about-us\/"]}]},{"@type":"ImageObject","inLanguage":"es-AR","@id":"https:\/\/investmentvisacn.com\/about-us\/#primaryimage","url":"https:\/\/investmentvisacn.com\/assets\/images\/products\/st-kitts.jpg","contentUrl":"https:\/\/investmentvisacn.com\/assets\/images\/products\/st-kitts.jpg"},{"@type":"BreadcrumbList","@id":"https:\/\/investmentvisacn.com\/about-us\/#breadcrumb","itemListElement":[{"@type":"ListItem","position":1,"name":"Home","item":"https:\/\/investmentvisacn.com\/"},{"@type":"ListItem","position":2,"name":"About us"}]},{"@type":"WebSite","@id":"https:\/\/investmentvisacn.com\/#website","url":"https:\/\/investmentvisacn.com\/","name":"Visa de inversi\u00f3n CN","description":"Soluciones globales de inversi\u00f3n y visas en las que puede confiar","publisher":{"@id":"https:\/\/investmentvisacn.com\/#organization"},"potentialAction":[{"@type":"SearchAction","target":{"@type":"EntryPoint","urlTemplate":"https:\/\/investmentvisacn.com\/?s={search_term_string}"},"query-input":{"@type":"PropertyValueSpecification","valueRequired":true,"valueName":"search_term_string"}}],"inLanguage":"es-AR"},{"@type":"Organization","@id":"https:\/\/investmentvisacn.com\/#organization","name":"Visa de inversi\u00f3n CN","url":"https:\/\/investmentvisacn.com\/","logo":{"@type":"ImageObject","inLanguage":"es-AR","@id":"https:\/\/investmentvisacn.com\/#\/schema\/logo\/image\/","url":"https:\/\/investmentvisacn.com\/wp-content\/uploads\/2024\/08\/universalinvestmentvisa.png","contentUrl":"https:\/\/investmentvisacn.com\/wp-content\/uploads\/2024\/08\/universalinvestmentvisa.png","width":180,"height":60,"caption":"Investment Visa CN"},"image":{"@id":"https:\/\/investmentvisacn.com\/#\/schema\/logo\/image\/"}}]}},"_links":{"self":[{"href":"https:\/\/investmentvisacn.com\/es_ar\/wp-json\/wp\/v2\/pages\/315","targetHints":{"allow":["GET"]}}],"collection":[{"href":"https:\/\/investmentvisacn.com\/es_ar\/wp-json\/wp\/v2\/pages"}],"about":[{"href":"https:\/\/investmentvisacn.com\/es_ar\/wp-json\/wp\/v2\/types\/page"}],"author":[{"embeddable":true,"href":"https:\/\/investmentvisacn.com\/es_ar\/wp-json\/wp\/v2\/users\/1"}],"replies":[{"embeddable":true,"href":"https:\/\/investmentvisacn.com\/es_ar\/wp-json\/wp\/v2\/comments?post=315"}],"version-history":[{"count":11,"href":"https:\/\/investmentvisacn.com\/es_ar\/wp-json\/wp\/v2\/pages\/315\/revisions"}],"predecessor-version":[{"id":786,"href":"https:\/\/investmentvisacn.com\/es_ar\/wp-json\/wp\/v2\/pages\/315\/revisions\/786"}],"wp:attachment":[{"href":"https:\/\/investmentvisacn.com\/es_ar\/wp-json\/wp\/v2\/media?parent=315"}],"curies":[{"name":"wp","href":"https:\/\/api.w.org\/{rel}","templated":true}]}}