{"id":284,"date":"2024-08-13T21:49:40","date_gmt":"2024-08-13T21:49:40","guid":{"rendered":"https:\/\/universalinvestmentvisa.com\/?page_id=284"},"modified":"2024-08-13T21:49:40","modified_gmt":"2024-08-13T21:49:40","slug":"residencia-por-inversion","status":"publish","type":"page","link":"https:\/\/investmentvisacn.com\/es_ar\/residency-by-investment\/","title":{"rendered":"Residencia por inversi\u00f3n"},"content":{"rendered":"<h2 class=\"wp-block-heading\"><strong>Residencia por inversi\u00f3n<\/strong><\/h2>\n\n\n\n<p>Existen varios programas de residencia por inversi\u00f3n en Europa que otorgan la residencia, a menudo a trav\u00e9s de inversiones inmobiliarias, pero sin el requisito de residir en el pa\u00eds. Conocidos com\u00fanmente como visas de inversi\u00f3n universales, estos programas son especialmente populares entre los inversionistas que no desean emigrar y trasladar a su familia, pero que necesitan flexibilidad en caso de que alguna vez necesiten residir en otro pa\u00eds. A menudo incluyen libertad para viajar por toda la zona Schengen de la UE. Finalmente, si el inversionista y su familia obtienen la residencia permanente, normalmente pueden solicitar la ciudadan\u00eda del pa\u00eds.<\/p>\n\n\n\n<p><strong>A continuaci\u00f3n se detallan los programas para las solicitudes, seg\u00fan el Departamento de Asuntos Internos del Gobierno australiano:<\/strong><\/p>\n\n\n\n<p><strong>Tenga en cuenta que nuestro sitio web es solo una gu\u00eda. P\u00f3ngase en contacto con nuestros asesores de Universalinvestment visa para obtener informaci\u00f3n actualizada y una evaluaci\u00f3n de su situaci\u00f3n personal.<\/strong><\/p>\n\n\n\n<h2 class=\"wp-block-heading\"><strong>Residencia por inversi\u00f3n RESUMEN<\/strong><\/h2>\n\n\n\n<p>Es posible obtener una visa de residencia mediante inversiones en varios pa\u00edses de Europa. Portugal, Espa\u00f1a y Grecia ofrecen programas de residencia con visa dorada, que otorgan a los solicitantes y a sus familias permisos de residencia tras realizar una inversi\u00f3n inmobiliaria que cumpla los requisitos. Otros pa\u00edses, como Malta e Irlanda, exigen donaciones al gobierno e inversiones en fondos a cambio de la residencia.<\/p>\n\n\n\n<p>Adem\u00e1s de la inversi\u00f3n principal, cada pa\u00eds tiene sus propios requisitos de solicitud que los inversionistas deben cumplir. Nuestro experimentado equipo de expertos le guiar\u00e1 a lo largo del proceso y le asesorar\u00e1 sobre los documentos necesarios.<\/p>\n\n\n\n<h2 class=\"wp-block-heading\"><strong>\u00bfPOR QU\u00c9 obtener un permiso de residencia Golden Visa?<\/strong><\/h2>\n\n\n\n<p>Al invertir en un programa de segunda residencia, los inversionistas pueden ampliar sus posibilidades de viajar y sus oportunidades econ\u00f3micas y de negocios. Para muchos, un permiso de segunda residencia tambi\u00e9n ofrece la seguridad de un \u201dplan B\u201d en caso de que alguna vez necesiten salir de su pa\u00eds.<\/p>\n\n\n\n<h3 class=\"wp-block-heading\"><strong>Segunda residencia por beneficios de inversi\u00f3n<\/strong><\/h3>\n\n\n\n<ul class=\"wp-block-list\">\n<li>La segunda residencia le proporciona mayor seguridad para usted y sus familiares, libertad pol\u00edtica y un pa\u00eds \u201dPlan B\u201d en el que residir en caso de que alguna vez lo necesite.<\/li>\n\n\n\n<li>Tener la residencia puede otorgarle ciertas ventajas fiscales, adem\u00e1s de una mayor libertad econ\u00f3mica.<\/li>\n\n\n\n<li>Dependiendo del pa\u00eds que elijas, un segundo permiso de residencia podr\u00eda abrirte la posibilidad de trabajar y vivir en el extranjero.<\/li>\n\n\n\n<li>Una segunda residencia tambi\u00e9n puede ampliar las oportunidades educativas de sus hijos, d\u00e1ndoles acceso a algunas de las mejores universidades y escuelas del mundo. En algunos casos, las tasas universitarias pueden ser m\u00e1s bajas si se solicita la admisi\u00f3n como residente local en lugar de como estudiante internacional.<\/li>\n\n\n\n<li>La residencia por inversi\u00f3n permite nuevas oportunidades de negocio y desarrollo.<\/li>\n\n\n\n<li>La segunda residencia te permite acceder a una nueva zona del mundo, lo que te permite sumergirte en diferentes culturas y entornos.<\/li>\n\n\n\n<li>Algunos programas de residencia ofrecen una v\u00eda clara y flexible para solicitar posteriormente la ciudadan\u00eda, siempre que se cumplan los requisitos establecidos.<\/li>\n<\/ul>\n\n\n\n<h2 class=\"wp-block-heading\"><strong>Residencia a trav\u00e9s de la INVERSI\u00d3N INMOBILIARIA<\/strong><\/h2>\n\n\n\n<p>Algunos pa\u00edses, como Portugal y Grecia, permiten invertir en proyectos inmobiliarios que cumplan ciertos requisitos a cambio de la residencia. A continuaci\u00f3n, le mostramos una selecci\u00f3n de las mejores opciones disponibles.<\/p>\n\n\n\n<h3 class=\"wp-block-heading\"><strong>Visa de inversi\u00f3n universal<\/strong><\/h3>\n\n\n\n<p>Una selecci\u00f3n de propiedades adecuadas para invertir y obtener la visa de inversi\u00f3n Golden.<\/p>","protected":false},"excerpt":{"rendered":"<p>Residency by Investment There are several Residency by Investment programmes in Europe that grant residency, often through real estate investment but without the requirement to reside. Commonly refered to as Universal investment visa or visas, these programmes are especially popular with investors not wishing to emigrate and move their family, but require flexibility should they [&hellip;]<\/p>\n","protected":false},"author":1,"featured_media":0,"parent":0,"menu_order":0,"comment_status":"closed","ping_status":"closed","template":"","meta":{"footnotes":""},"class_list":["post-284","page","type-page","status-publish","hentry"],"yoast_head":"<!-- This site is optimized with the Yoast SEO plugin v27.3 - https:\/\/yoast.com\/product\/yoast-seo-wordpress\/ -->\n<title>Residency by Investment - Investment Visa CN<\/title>\n<meta name=\"robots\" content=\"index, follow, max-snippet:-1, max-image-preview:large, max-video-preview:-1\" \/>\n<link rel=\"canonical\" href=\"https:\/\/investmentvisacn.com\/es_ar\/residencia-por-inversion\/\" \/>\n<meta property=\"og:locale\" content=\"es_ES\" \/>\n<meta property=\"og:type\" content=\"article\" \/>\n<meta property=\"og:title\" content=\"Residency by Investment - Investment Visa CN\" \/>\n<meta property=\"og:description\" content=\"Residency by Investment There are several Residency by Investment programmes in Europe that grant residency, often through real estate investment but without the requirement to reside. Commonly refered to as Universal investment visa or visas, these programmes are especially popular with investors not wishing to emigrate and move their family, but require flexibility should they [&hellip;]\" \/>\n<meta property=\"og:url\" content=\"https:\/\/investmentvisacn.com\/es_ar\/residencia-por-inversion\/\" \/>\n<meta property=\"og:site_name\" content=\"Investment Visa CN\" \/>\n<meta name=\"twitter:card\" content=\"summary_large_image\" \/>\n<meta name=\"twitter:label1\" content=\"Tiempo de lectura\" \/>\n\t<meta name=\"twitter:data1\" content=\"2 minutos\" \/>\n<script type=\"application\/ld+json\" class=\"yoast-schema-graph\">{\"@context\":\"https:\\\/\\\/schema.org\",\"@graph\":[{\"@type\":\"WebPage\",\"@id\":\"https:\\\/\\\/investmentvisacn.com\\\/residency-by-investment\\\/\",\"url\":\"https:\\\/\\\/investmentvisacn.com\\\/residency-by-investment\\\/\",\"name\":\"Residency by Investment - Investment Visa CN\",\"isPartOf\":{\"@id\":\"https:\\\/\\\/investmentvisacn.com\\\/#website\"},\"datePublished\":\"2024-08-13T21:49:40+00:00\",\"breadcrumb\":{\"@id\":\"https:\\\/\\\/investmentvisacn.com\\\/residency-by-investment\\\/#breadcrumb\"},\"inLanguage\":\"es-AR\",\"potentialAction\":[{\"@type\":\"ReadAction\",\"target\":[\"https:\\\/\\\/investmentvisacn.com\\\/residency-by-investment\\\/\"]}]},{\"@type\":\"BreadcrumbList\",\"@id\":\"https:\\\/\\\/investmentvisacn.com\\\/residency-by-investment\\\/#breadcrumb\",\"itemListElement\":[{\"@type\":\"ListItem\",\"position\":1,\"name\":\"Home\",\"item\":\"https:\\\/\\\/investmentvisacn.com\\\/\"},{\"@type\":\"ListItem\",\"position\":2,\"name\":\"Residency by Investment\"}]},{\"@type\":\"WebSite\",\"@id\":\"https:\\\/\\\/investmentvisacn.com\\\/#website\",\"url\":\"https:\\\/\\\/investmentvisacn.com\\\/\",\"name\":\"Investment Visa CN\",\"description\":\"Global Investment &amp; Visa Solutions You Can Trust\",\"publisher\":{\"@id\":\"https:\\\/\\\/investmentvisacn.com\\\/#organization\"},\"potentialAction\":[{\"@type\":\"SearchAction\",\"target\":{\"@type\":\"EntryPoint\",\"urlTemplate\":\"https:\\\/\\\/investmentvisacn.com\\\/?s={search_term_string}\"},\"query-input\":{\"@type\":\"PropertyValueSpecification\",\"valueRequired\":true,\"valueName\":\"search_term_string\"}}],\"inLanguage\":\"es-AR\"},{\"@type\":\"Organization\",\"@id\":\"https:\\\/\\\/investmentvisacn.com\\\/#organization\",\"name\":\"Investment Visa CN\",\"url\":\"https:\\\/\\\/investmentvisacn.com\\\/\",\"logo\":{\"@type\":\"ImageObject\",\"inLanguage\":\"es-AR\",\"@id\":\"https:\\\/\\\/investmentvisacn.com\\\/#\\\/schema\\\/logo\\\/image\\\/\",\"url\":\"https:\\\/\\\/investmentvisacn.com\\\/wp-content\\\/uploads\\\/2024\\\/08\\\/universalinvestmentvisa.png\",\"contentUrl\":\"https:\\\/\\\/investmentvisacn.com\\\/wp-content\\\/uploads\\\/2024\\\/08\\\/universalinvestmentvisa.png\",\"width\":180,\"height\":60,\"caption\":\"Investment Visa CN\"},\"image\":{\"@id\":\"https:\\\/\\\/investmentvisacn.com\\\/#\\\/schema\\\/logo\\\/image\\\/\"}}]}<\/script>\n<!-- \/ Yoast SEO plugin. -->","yoast_head_json":{"title":"Residencia por inversi\u00f3n - Visa de inversi\u00f3n CN","robots":{"index":"index","follow":"follow","max-snippet":"max-snippet:-1","max-image-preview":"max-image-preview:large","max-video-preview":"max-video-preview:-1"},"canonical":"https:\/\/investmentvisacn.com\/es_ar\/residencia-por-inversion\/","og_locale":"es_ES","og_type":"article","og_title":"Residency by Investment - Investment Visa CN","og_description":"Residency by Investment There are several Residency by Investment programmes in Europe that grant residency, often through real estate investment but without the requirement to reside. Commonly refered to as Universal investment visa or visas, these programmes are especially popular with investors not wishing to emigrate and move their family, but require flexibility should they [&hellip;]","og_url":"https:\/\/investmentvisacn.com\/es_ar\/residencia-por-inversion\/","og_site_name":"Investment Visa CN","twitter_card":"summary_large_image","twitter_misc":{"Tiempo de lectura":"2 minutos"},"schema":{"@context":"https:\/\/schema.org","@graph":[{"@type":"WebPage","@id":"https:\/\/investmentvisacn.com\/residency-by-investment\/","url":"https:\/\/investmentvisacn.com\/residency-by-investment\/","name":"Residencia por inversi\u00f3n - Visa de inversi\u00f3n CN","isPartOf":{"@id":"https:\/\/investmentvisacn.com\/#website"},"datePublished":"2024-08-13T21:49:40+00:00","breadcrumb":{"@id":"https:\/\/investmentvisacn.com\/residency-by-investment\/#breadcrumb"},"inLanguage":"es-AR","potentialAction":[{"@type":"ReadAction","target":["https:\/\/investmentvisacn.com\/residency-by-investment\/"]}]},{"@type":"BreadcrumbList","@id":"https:\/\/investmentvisacn.com\/residency-by-investment\/#breadcrumb","itemListElement":[{"@type":"ListItem","position":1,"name":"Home","item":"https:\/\/investmentvisacn.com\/"},{"@type":"ListItem","position":2,"name":"Residency by Investment"}]},{"@type":"WebSite","@id":"https:\/\/investmentvisacn.com\/#website","url":"https:\/\/investmentvisacn.com\/","name":"Visa de inversi\u00f3n CN","description":"Soluciones globales de inversi\u00f3n y visas en las que puede confiar","publisher":{"@id":"https:\/\/investmentvisacn.com\/#organization"},"potentialAction":[{"@type":"SearchAction","target":{"@type":"EntryPoint","urlTemplate":"https:\/\/investmentvisacn.com\/?s={search_term_string}"},"query-input":{"@type":"PropertyValueSpecification","valueRequired":true,"valueName":"search_term_string"}}],"inLanguage":"es-AR"},{"@type":"Organization","@id":"https:\/\/investmentvisacn.com\/#organization","name":"Visa de inversi\u00f3n CN","url":"https:\/\/investmentvisacn.com\/","logo":{"@type":"ImageObject","inLanguage":"es-AR","@id":"https:\/\/investmentvisacn.com\/#\/schema\/logo\/image\/","url":"https:\/\/investmentvisacn.com\/wp-content\/uploads\/2024\/08\/universalinvestmentvisa.png","contentUrl":"https:\/\/investmentvisacn.com\/wp-content\/uploads\/2024\/08\/universalinvestmentvisa.png","width":180,"height":60,"caption":"Investment Visa CN"},"image":{"@id":"https:\/\/investmentvisacn.com\/#\/schema\/logo\/image\/"}}]}},"_links":{"self":[{"href":"https:\/\/investmentvisacn.com\/es_ar\/wp-json\/wp\/v2\/pages\/284","targetHints":{"allow":["GET"]}}],"collection":[{"href":"https:\/\/investmentvisacn.com\/es_ar\/wp-json\/wp\/v2\/pages"}],"about":[{"href":"https:\/\/investmentvisacn.com\/es_ar\/wp-json\/wp\/v2\/types\/page"}],"author":[{"embeddable":true,"href":"https:\/\/investmentvisacn.com\/es_ar\/wp-json\/wp\/v2\/users\/1"}],"replies":[{"embeddable":true,"href":"https:\/\/investmentvisacn.com\/es_ar\/wp-json\/wp\/v2\/comments?post=284"}],"version-history":[{"count":1,"href":"https:\/\/investmentvisacn.com\/es_ar\/wp-json\/wp\/v2\/pages\/284\/revisions"}],"predecessor-version":[{"id":285,"href":"https:\/\/investmentvisacn.com\/es_ar\/wp-json\/wp\/v2\/pages\/284\/revisions\/285"}],"wp:attachment":[{"href":"https:\/\/investmentvisacn.com\/es_ar\/wp-json\/wp\/v2\/media?parent=284"}],"curies":[{"name":"wp","href":"https:\/\/api.w.org\/{rel}","templated":true}]}}