{"id":280,"date":"2024-08-13T21:45:01","date_gmt":"2024-08-13T21:45:01","guid":{"rendered":"https:\/\/universalinvestmentvisa.com\/?page_id=280"},"modified":"2024-08-24T16:41:57","modified_gmt":"2024-08-24T16:41:57","slug":"residencia-en-monaco","status":"publish","type":"page","link":"https:\/\/investmentvisacn.com\/es_ar\/monaco-residence\/","title":{"rendered":"Residencia M\u00f3naco"},"content":{"rendered":"<h2 class=\"wp-block-heading\">Programa de residencia en M\u00f3naco<\/h2>\n\n\n\n<p>M\u00f3naco es un lugar atractivo para residir para personas con un elevado patrimonio neto. El principado es un estado soberano independiente y miembro de pleno derecho de la ONU. El franc\u00e9s es el idioma oficial, aunque el italiano y el ingl\u00e9s tambi\u00e9n se hablan ampliamente. Existe una uni\u00f3n aduanera y monetaria con Francia y se aplica el IVA franc\u00e9s. Uno de los principales atractivos es que no hay impuesto sobre la renta para los nacionales y los residentes extranjeros.<\/p>\n\n\n\n<h2 class=\"wp-block-heading\">Residencia en M\u00f3naco<\/h2>\n\n\n\n<p>Los solicitantes deben depositar un m\u00ednimo de 500 000 \u20ac en una cuenta bancaria para obtener la residencia en M\u00f3naco. La tramitaci\u00f3n de una solicitud de visado de residencia suele tardar unos tres meses. Existen diversas pruebas de cumplimiento y diligencia debida. Los solicitantes deber\u00e1n acreditar que disponen de alojamiento mediante un contrato de arrendamiento o de compraventa, as\u00ed como de fondos suficientes para vivir en M\u00f3naco (esto puede ser una carta de un banco de M\u00f3naco, una prueba de empleo en M\u00f3naco o la creaci\u00f3n de una empresa en el pa\u00eds).<\/p>\n\n\n\n<p class=\"has-text-align-center\"><a href=\"https:\/\/investmentvisacn.com\/es_ar\/contactenos\/\"><strong>Asesor de contacto<\/strong><\/a><\/p>\n\n\n\n<h2 class=\"wp-block-heading\">Ciudadan\u00eda de M\u00f3naco<\/h2>\n\n\n\n<p>La adquisici\u00f3n de la ciudadan\u00eda es extremadamente dif\u00edcil en M\u00f3naco, ya que es necesario haber residido de manera continua en el pa\u00eds durante al menos 10 a\u00f1os como adulto mayor de 21 a\u00f1os antes de poder optar a ella. Adem\u00e1s, se debe presentar una carta oficial al pr\u00edncipe renunciando a cualquier nacionalidad soberana, y el solicitante no puede realizar el servicio nacional en el extranjero.<\/p>\n\n\n\n<h3 class=\"wp-block-heading\">Ventajas de residir en M\u00f3naco:<\/h3>\n\n\n\n<ul class=\"wp-block-list\">\n<li>M\u00f3naco es una jurisdicci\u00f3n extremadamente atractiva para las personas y empresas con altos ingresos, ya que se considera una herramienta inmensamente poderosa para la optimizaci\u00f3n fiscal y patrimonial internacional.<\/li>\n\n\n\n<li>No hay ning\u00fan impuesto sobre la renta para los ciudadanos y residentes extranjeros. Adem\u00e1s, las empresas registradas localmente est\u00e1n exentas de impuestos, a menos que m\u00e1s del 25% de sus ingresos provenga del exterior.<\/li>\n\n\n\n<li>Para solicitar la residencia en M\u00f3naco, los solicitantes deben demostrar que disponen de alojamiento, fondos suficientes para mantenerse a s\u00ed mismos y a su familia, y buena conducta.<\/li>\n\n\n\n<li>Una vez presentada, la residencia permanente otorga a los ciudadanos de la UE y a los ciudadanos de pa\u00edses no pertenecientes a la UE, as\u00ed como a sus familias, el derecho a residir de forma permanente en M\u00f3naco.<\/li>\n\n\n\n<li>Tambi\u00e9n deben cumplirse criterios espec\u00edficos para cubrir a la familia del solicitante principal; por ejemplo, la propiedad debe tener suficientes habitaciones para alojar al n\u00famero total de personas que solicitan la residencia.<\/li>\n<\/ul>\n\n\n\n<h2 class=\"wp-block-heading\">Requisitos de residencia<\/h2>\n\n\n\n<p>Los solicitantes deben demostrar que cumplen los tres requisitos b\u00e1sicos al solicitar la residencia:<\/p>\n\n\n\n<ul class=\"wp-block-list\">\n<li>En primer lugar: comprobante de alojamiento.<\/li>\n\n\n\n<li>En segundo lugar: prueba de autosuficiencia.<\/li>\n\n\n\n<li>En tercer lugar: prueba de buena conducta.<\/li>\n<\/ul>\n\n\n\n<p>Sin embargo, las inversiones m\u00ednimas para solicitar la residencia en M\u00f3naco no son inamovibles. Esto se debe a que los costos dependen de si el solicitante decide alquilar o comprar una propiedad, realizar un dep\u00f3sito bancario o presentar pruebas alternativas de que cuenta con recursos financieros suficientes. Las inversiones m\u00ednimas suelen ser de 1 000 000 \u20ac, de los cuales 500 000 \u20ac se destinan a dep\u00f3sitos bancarios y un m\u00ednimo de 500 000 \u20ac a inversiones inmobiliarias. En cuanto a la prueba de buena conducta, los solicitantes deben presentar un certificado de antecedentes penales limpio de los dos \u00faltimos pa\u00edses en los que han residido durante los \u00faltimos cinco a\u00f1os. Adem\u00e1s, deben haber residido all\u00ed durante m\u00e1s de 90 d\u00edas al a\u00f1o antes de llegar a M\u00f3naco. En la siguiente tabla se presentan claramente las opciones alternativas para que los solicitantes puedan cumplir los requisitos de alojamiento y financieros:<\/p>\n\n\n\n<h2 class=\"wp-block-heading\">Proceso de adquisici\u00f3n de la residencia en M\u00f3naco<\/h2>\n\n\n\n<p>El objetivo de Universal Investment Visa es ofrecer un servicio sin complicaciones y fluido, ayud\u00e1ndole en cada paso del proceso de solicitud de residencia. Le guiaremos a trav\u00e9s del proceso de obtenci\u00f3n de la residencia en M\u00f3naco con la debida diligencia y cuidado, asegur\u00e1ndonos de que su solicitud se presente correctamente y haciendo un seguimiento de la aprobaci\u00f3n de la misma. Nos encargamos de todos los tr\u00e1mites de manera eficiente en su nombre, bas\u00e1ndonos en nuestra experiencia profesional y en nuestros a\u00f1os de trayectoria.<\/p>\n\n\n\n<h2 class=\"wp-block-heading\">Consulta inicial con los asesores de inmigraci\u00f3n de Universal Investment Visa.<\/h2>\n\n\n\n<p>Los asesores de inmigraci\u00f3n de Universal Investment Visa evaluar\u00e1n sus circunstancias personales y le ayudar\u00e1n a seleccionar la opci\u00f3n de inversi\u00f3n m\u00e1s adecuada. Se puede conceder la residencia a toda la familia, incluidos c\u00f3nyuges\/parejas, hijos y padres, siempre que la propiedad cuente con suficientes habitaciones para alojar al n\u00famero de miembros de la familia que lo soliciten.<\/p>\n\n\n\n<h2 class=\"wp-block-heading\">Preparaci\u00f3n de documentos<\/h2>\n\n\n\n<p>Se le proporcionar\u00e1 una lista de verificaci\u00f3n detallada y se le guiar\u00e1 a lo largo de la etapa de recopilaci\u00f3n de documentos. Asesores expertos en inmigraci\u00f3n revisar\u00e1n todos los documentos para garantizar que se cumplan todos los requisitos, incluyendo la prueba de alojamiento y la documentaci\u00f3n que acredite la autosuficiencia econ\u00f3mica.<\/p>\n\n\n\n<h2 class=\"wp-block-heading\">Env\u00edo de solicitudes<\/h2>\n\n\n\n<p>La solicitud completa de permiso de residencia, junto con todos los documentos acreditativos que confirmen la prueba de alojamiento, los recursos econ\u00f3micos del solicitante y la buena conducta, se presentar\u00e1 a las autoridades monegascas.<\/p>\n\n\n\n<h2 class=\"wp-block-heading\">Entrevista de residencia en M\u00f3naco.<\/h2>\n\n\n\n<p>Una vez presentada la solicitud, se programar\u00e1 la entrevista oficial de residencia con la Secci\u00f3n de Residentes de la Direcci\u00f3n de Seguridad P\u00fablica.<\/p>\n\n\n\n<h2 class=\"wp-block-heading\">Verificaciones de cumplimiento y aprobaci\u00f3n<\/h2>\n\n\n\n<p>Cada solicitud es evaluada por el Gobierno mediante una exhaustiva verificaci\u00f3n de antecedentes, durante la cual se examina y verifica la informaci\u00f3n presentada.<\/p>\n\n\n\n<h2 class=\"wp-block-heading\">Aprobaci\u00f3n de la solicitud<\/h2>\n\n\n\n<p>Una vez que se revise la solicitud y se conceda la aprobaci\u00f3n, se le expedir\u00e1 un permiso de residencia y el gobierno le enviar\u00e1 una carta inform\u00e1ndole de su decisi\u00f3n.<\/p>\n\n\n\n<h2 class=\"wp-block-heading\">Tarjeta de residencia.<\/h2>\n\n\n\n<p>Los titulares de pasaportes de la UE pueden esperar que su tarjeta sea autorizada en un plazo de ocho semanas tras la aprobaci\u00f3n; el tiempo de tramitaci\u00f3n para los ciudadanos no pertenecientes a la UE var\u00eda entre diecis\u00e9is y veinte semanas. Para ser residente fiscal, es posible que el solicitante tenga que permanecer al menos medio a\u00f1o en el pa\u00eds.<\/p>\n\n\n\n<ul class=\"wp-block-list\">\n<li>Paso 1<\/li>\n\n\n\n<li>Paso 2<\/li>\n\n\n\n<li>Paso 3<\/li>\n\n\n\n<li>Paso 4<\/li>\n\n\n\n<li>Paso 5<\/li>\n\n\n\n<li>Paso 6<\/li>\n\n\n\n<li>Paso 7<\/li>\n<\/ul>","protected":false},"excerpt":{"rendered":"<p>Monaco Residence Program Monaco is an attractive place of residence for high-net-worth individuals. The principality is an independent sovereign state and a full member of the UN. French is the official language, while Italian and English are widely spoken. There is a customs and monetary union with France and French VAT applies. One of the [&hellip;]<\/p>\n","protected":false},"author":1,"featured_media":0,"parent":0,"menu_order":0,"comment_status":"closed","ping_status":"closed","template":"","meta":{"footnotes":""},"class_list":["post-280","page","type-page","status-publish","hentry"],"yoast_head":"<!-- This site is optimized with the Yoast SEO plugin v27.3 - https:\/\/yoast.com\/product\/yoast-seo-wordpress\/ -->\n<title>Monaco Residence - Investment Visa CN<\/title>\n<meta name=\"robots\" content=\"index, follow, max-snippet:-1, max-image-preview:large, max-video-preview:-1\" \/>\n<link rel=\"canonical\" href=\"https:\/\/investmentvisacn.com\/es_ar\/residencia-en-monaco\/\" \/>\n<meta property=\"og:locale\" content=\"es_ES\" \/>\n<meta property=\"og:type\" content=\"article\" \/>\n<meta property=\"og:title\" content=\"Monaco Residence - Investment Visa CN\" \/>\n<meta property=\"og:description\" content=\"Monaco Residence Program Monaco is an attractive place of residence for high-net-worth individuals. The principality is an independent sovereign state and a full member of the UN. French is the official language, while Italian and English are widely spoken. There is a customs and monetary union with France and French VAT applies. One of the [&hellip;]\" \/>\n<meta property=\"og:url\" content=\"https:\/\/investmentvisacn.com\/es_ar\/residencia-en-monaco\/\" \/>\n<meta property=\"og:site_name\" content=\"Investment Visa CN\" \/>\n<meta property=\"article:modified_time\" content=\"2024-08-24T16:41:57+00:00\" \/>\n<meta name=\"twitter:card\" content=\"summary_large_image\" \/>\n<meta name=\"twitter:label1\" content=\"Tiempo de lectura\" \/>\n\t<meta name=\"twitter:data1\" content=\"4 minutos\" \/>\n<script type=\"application\/ld+json\" class=\"yoast-schema-graph\">{\"@context\":\"https:\\\/\\\/schema.org\",\"@graph\":[{\"@type\":\"WebPage\",\"@id\":\"https:\\\/\\\/investmentvisacn.com\\\/monaco-residence\\\/\",\"url\":\"https:\\\/\\\/investmentvisacn.com\\\/monaco-residence\\\/\",\"name\":\"Monaco Residence - Investment Visa CN\",\"isPartOf\":{\"@id\":\"https:\\\/\\\/investmentvisacn.com\\\/#website\"},\"datePublished\":\"2024-08-13T21:45:01+00:00\",\"dateModified\":\"2024-08-24T16:41:57+00:00\",\"breadcrumb\":{\"@id\":\"https:\\\/\\\/investmentvisacn.com\\\/monaco-residence\\\/#breadcrumb\"},\"inLanguage\":\"es-AR\",\"potentialAction\":[{\"@type\":\"ReadAction\",\"target\":[\"https:\\\/\\\/investmentvisacn.com\\\/monaco-residence\\\/\"]}]},{\"@type\":\"BreadcrumbList\",\"@id\":\"https:\\\/\\\/investmentvisacn.com\\\/monaco-residence\\\/#breadcrumb\",\"itemListElement\":[{\"@type\":\"ListItem\",\"position\":1,\"name\":\"Home\",\"item\":\"https:\\\/\\\/investmentvisacn.com\\\/\"},{\"@type\":\"ListItem\",\"position\":2,\"name\":\"Monaco Residence\"}]},{\"@type\":\"WebSite\",\"@id\":\"https:\\\/\\\/investmentvisacn.com\\\/#website\",\"url\":\"https:\\\/\\\/investmentvisacn.com\\\/\",\"name\":\"Investment Visa CN\",\"description\":\"Global Investment &amp; Visa Solutions You Can Trust\",\"publisher\":{\"@id\":\"https:\\\/\\\/investmentvisacn.com\\\/#organization\"},\"potentialAction\":[{\"@type\":\"SearchAction\",\"target\":{\"@type\":\"EntryPoint\",\"urlTemplate\":\"https:\\\/\\\/investmentvisacn.com\\\/?s={search_term_string}\"},\"query-input\":{\"@type\":\"PropertyValueSpecification\",\"valueRequired\":true,\"valueName\":\"search_term_string\"}}],\"inLanguage\":\"es-AR\"},{\"@type\":\"Organization\",\"@id\":\"https:\\\/\\\/investmentvisacn.com\\\/#organization\",\"name\":\"Investment Visa CN\",\"url\":\"https:\\\/\\\/investmentvisacn.com\\\/\",\"logo\":{\"@type\":\"ImageObject\",\"inLanguage\":\"es-AR\",\"@id\":\"https:\\\/\\\/investmentvisacn.com\\\/#\\\/schema\\\/logo\\\/image\\\/\",\"url\":\"https:\\\/\\\/investmentvisacn.com\\\/wp-content\\\/uploads\\\/2024\\\/08\\\/universalinvestmentvisa.png\",\"contentUrl\":\"https:\\\/\\\/investmentvisacn.com\\\/wp-content\\\/uploads\\\/2024\\\/08\\\/universalinvestmentvisa.png\",\"width\":180,\"height\":60,\"caption\":\"Investment Visa CN\"},\"image\":{\"@id\":\"https:\\\/\\\/investmentvisacn.com\\\/#\\\/schema\\\/logo\\\/image\\\/\"}}]}<\/script>\n<!-- \/ Yoast SEO plugin. -->","yoast_head_json":{"title":"Residencia en M\u00f3naco - Visa de inversi\u00f3n CN","robots":{"index":"index","follow":"follow","max-snippet":"max-snippet:-1","max-image-preview":"max-image-preview:large","max-video-preview":"max-video-preview:-1"},"canonical":"https:\/\/investmentvisacn.com\/es_ar\/residencia-en-monaco\/","og_locale":"es_ES","og_type":"article","og_title":"Monaco Residence - Investment Visa CN","og_description":"Monaco Residence Program Monaco is an attractive place of residence for high-net-worth individuals. The principality is an independent sovereign state and a full member of the UN. French is the official language, while Italian and English are widely spoken. There is a customs and monetary union with France and French VAT applies. One of the [&hellip;]","og_url":"https:\/\/investmentvisacn.com\/es_ar\/residencia-en-monaco\/","og_site_name":"Investment Visa CN","article_modified_time":"2024-08-24T16:41:57+00:00","twitter_card":"summary_large_image","twitter_misc":{"Tiempo de lectura":"4 minutos"},"schema":{"@context":"https:\/\/schema.org","@graph":[{"@type":"WebPage","@id":"https:\/\/investmentvisacn.com\/monaco-residence\/","url":"https:\/\/investmentvisacn.com\/monaco-residence\/","name":"Residencia en M\u00f3naco - Visa de inversi\u00f3n CN","isPartOf":{"@id":"https:\/\/investmentvisacn.com\/#website"},"datePublished":"2024-08-13T21:45:01+00:00","dateModified":"2024-08-24T16:41:57+00:00","breadcrumb":{"@id":"https:\/\/investmentvisacn.com\/monaco-residence\/#breadcrumb"},"inLanguage":"es-AR","potentialAction":[{"@type":"ReadAction","target":["https:\/\/investmentvisacn.com\/monaco-residence\/"]}]},{"@type":"BreadcrumbList","@id":"https:\/\/investmentvisacn.com\/monaco-residence\/#breadcrumb","itemListElement":[{"@type":"ListItem","position":1,"name":"Home","item":"https:\/\/investmentvisacn.com\/"},{"@type":"ListItem","position":2,"name":"Monaco Residence"}]},{"@type":"WebSite","@id":"https:\/\/investmentvisacn.com\/#website","url":"https:\/\/investmentvisacn.com\/","name":"Visa de inversi\u00f3n CN","description":"Soluciones globales de inversi\u00f3n y visas en las que puede confiar","publisher":{"@id":"https:\/\/investmentvisacn.com\/#organization"},"potentialAction":[{"@type":"SearchAction","target":{"@type":"EntryPoint","urlTemplate":"https:\/\/investmentvisacn.com\/?s={search_term_string}"},"query-input":{"@type":"PropertyValueSpecification","valueRequired":true,"valueName":"search_term_string"}}],"inLanguage":"es-AR"},{"@type":"Organization","@id":"https:\/\/investmentvisacn.com\/#organization","name":"Visa de inversi\u00f3n CN","url":"https:\/\/investmentvisacn.com\/","logo":{"@type":"ImageObject","inLanguage":"es-AR","@id":"https:\/\/investmentvisacn.com\/#\/schema\/logo\/image\/","url":"https:\/\/investmentvisacn.com\/wp-content\/uploads\/2024\/08\/universalinvestmentvisa.png","contentUrl":"https:\/\/investmentvisacn.com\/wp-content\/uploads\/2024\/08\/universalinvestmentvisa.png","width":180,"height":60,"caption":"Investment Visa CN"},"image":{"@id":"https:\/\/investmentvisacn.com\/#\/schema\/logo\/image\/"}}]}},"_links":{"self":[{"href":"https:\/\/investmentvisacn.com\/es_ar\/wp-json\/wp\/v2\/pages\/280","targetHints":{"allow":["GET"]}}],"collection":[{"href":"https:\/\/investmentvisacn.com\/es_ar\/wp-json\/wp\/v2\/pages"}],"about":[{"href":"https:\/\/investmentvisacn.com\/es_ar\/wp-json\/wp\/v2\/types\/page"}],"author":[{"embeddable":true,"href":"https:\/\/investmentvisacn.com\/es_ar\/wp-json\/wp\/v2\/users\/1"}],"replies":[{"embeddable":true,"href":"https:\/\/investmentvisacn.com\/es_ar\/wp-json\/wp\/v2\/comments?post=280"}],"version-history":[{"count":3,"href":"https:\/\/investmentvisacn.com\/es_ar\/wp-json\/wp\/v2\/pages\/280\/revisions"}],"predecessor-version":[{"id":556,"href":"https:\/\/investmentvisacn.com\/es_ar\/wp-json\/wp\/v2\/pages\/280\/revisions\/556"}],"wp:attachment":[{"href":"https:\/\/investmentvisacn.com\/es_ar\/wp-json\/wp\/v2\/media?parent=280"}],"curies":[{"name":"wp","href":"https:\/\/api.w.org\/{rel}","templated":true}]}}