{"id":276,"date":"2024-08-13T21:42:24","date_gmt":"2024-08-13T21:42:24","guid":{"rendered":"https:\/\/universalinvestmentvisa.com\/?page_id=276"},"modified":"2024-08-24T08:11:55","modified_gmt":"2024-08-24T08:11:55","slug":"visa-dorada-de-portugal","status":"publish","type":"page","link":"https:\/\/investmentvisacn.com\/es_ar\/portugal-golden-visa\/","title":{"rendered":"Visa Dorada de Portugal"},"content":{"rendered":"<h2 class=\"wp-block-heading\">La Golden Visa de Portugal no se va a cerrar<\/h2>\n\n\n\n<p>***&nbsp;<em>El programa Golden Visa de Portugal contin\u00faa, pero las v\u00edas de inversi\u00f3n y los montos est\u00e1n a punto de cambiar. Ha habido mucha incertidumbre en los \u00faltimos meses y se pueden encontrar muchos art\u00edculos desactualizados en la web. Sin embargo, el Parlamento portugu\u00e9s ha aprobado el proyecto de ley que pone fin a la v\u00eda inmobiliaria para obtener la Golden Visa. Una vez que se promulgue la ley (probablemente a principios de octubre de 2023), ya no ser\u00e1 posible solicitar la Golden Visa portuguesa mediante la v\u00eda inmobiliaria de 280 000 \u20ac o 350 000 \u20ac. La principal v\u00eda para obtener la Golden Visa ser\u00e1 entonces la inversi\u00f3n en fondos, que se ha fijado en 500 000 \u20ac.<\/em>. Los clientes tienen hasta ese momento para aprovechar el l\u00edmite de inversi\u00f3n m\u00e1s bajo. ***<\/p>\n\n\n\n<p class=\"has-text-align-center\"><a href=\"https:\/\/investmentvisacn.com\/es_ar\/contactenos\/\" data-type=\"link\" data-id=\"https:\/\/investmentvisacn.com\/contact-us\/\">Comience ahora<\/a><\/p>\n\n\n\n<h4 class=\"wp-block-heading\">Resumen de la Golden Visa de Portugal<\/h4>\n\n\n\n<p>El programa Golden Visa de Portugal ha demostrado ser el m\u00e1s popular de Europa, ya que los inversionistas se sienten atra\u00eddos por su flexibilidad, costo y beneficios. Introducida en 2012, esta innovadora visa de inversi\u00f3n lanz\u00f3 efectivamente el concepto de\u00a0<a href=\"https:\/\/investmentvisacn.com\/es_ar\/ee-uu\/\" data-type=\"page\" data-id=\"341\">Visas doradas<\/a>\u00a0lo convirti\u00f3 en una pr\u00e1ctica habitual y sent\u00f3 las bases para que otros pa\u00edses, como Espa\u00f1a y Grecia, siguieran su ejemplo. Desde entonces, el programa de Portugal se ha promovido activamente a nivel internacional, atrayendo m\u00e1s de 6000 millones de euros de inversi\u00f3n extranjera a la econom\u00eda. Como consultora l\u00edder en materia de la Golden Visa portuguesa, Universal Investment Visa se enorgullece de haber asesorado y ayudado a m\u00e1s de mil inversionistas y solicitantes de m\u00e1s de 150 pa\u00edses de todo el mundo en el marco de este programa desde su introducci\u00f3n.<\/p>\n\n\n\n<h4 class=\"wp-block-heading\">Requisitos para obtener la Golden Visa de Portugal<\/h4>\n\n\n\n<h3 class=\"wp-block-heading\">Inversi\u00f3n<\/h3>\n\n\n\n<p>Una inversi\u00f3n de 500 000 \u20ac (opci\u00f3n reducida de 280 000 \u20ac o 350 000 \u20ac) en bienes inmuebles en Portugal permitir\u00e1 obtener un permiso de residencia \u00abvisado dorado\u00bb para una familia, incluidos los hijos dependientes. Aunque existen otros m\u00e9todos (v\u00e9ase la secci\u00f3n de preguntas frecuentes m\u00e1s abajo), la v\u00eda inmobiliaria representa m\u00e1s del 92% del total de solicitudes.<\/p>\n\n\n\n<h4 class=\"wp-block-heading\">Costos asociados<\/h4>\n\n\n\n<p>Hay varios costos que se deben considerar adem\u00e1s del monto de la inversi\u00f3n para obtener la visa dorada en Portugal. Estos incluyen el impuesto sobre la propiedad, el impuesto de timbre, los honorarios del notario y del registro de la propiedad, los gastos de aprobaci\u00f3n y solicitud del gobierno y los costos legales de tramitaci\u00f3n. Por lo general, estos gastos suman alrededor de 14% a una inversi\u00f3n de 350 000 euros.<\/p>\n\n\n\n<h4 class=\"wp-block-heading\">Elegibilidad y requisitos<\/h4>\n\n\n\n<p>Adem\u00e1s de la inversi\u00f3n y las tasas, los solicitantes deber\u00e1n abrir una cuenta bancaria en Portugal. Los inversionistas deben tener antecedentes penales limpios, un seguro m\u00e9dico completo y presentar sus solicitudes junto con sus datos biom\u00e9tricos completos. Para ello, es necesario viajar a Portugal una vez durante la fase de solicitud.<\/p>\n\n\n\n<p>La Golden Visa portuguesa se puede renovar cada dos a\u00f1os, siempre y cuando el solicitante pase dos semanas en el pa\u00eds cada dos a\u00f1os y mantenga su inversi\u00f3n.<\/p>\n\n\n\n<h4 class=\"wp-block-heading\">Residencia permanente y ciudadan\u00eda en Portugal<\/h4>\n\n\n\n<p>Una de las opciones m\u00e1s atractivas de la Golden Visa portuguesa es la posibilidad de solicitar\u00a0<strong>residencia permanente<\/strong>\u00a0o\u00a0<strong>ciudadan\u00eda<\/strong>\u00a0despu\u00e9s de cinco a\u00f1os sin necesidad de residir en Portugal a tiempo completo. El solicitante y su familia solo tienen que visitar el pa\u00eds durante dos semanas cada dos a\u00f1os para renovar la Golden Visa portuguesa durante este periodo. M\u00e1s informaci\u00f3n sobre el camino hacia la ciudadan\u00eda portuguesa.<\/p>\n\n\n\n<p>La tarjeta de residencia portuguesa concedida a trav\u00e9s del programa de visa dorada permite a su titular viajar por toda la zona Schengen de la UE. La ciudadan\u00eda portuguesa y un segundo pasaporte otorgan el derecho a vivir, trabajar y estudiar en cualquier lugar de la Uni\u00f3n Europea.<\/p>\n\n\n\n<p>Desde 280 000 \u20ac + gastos<\/p>\n\n\n\n<p>Bienes ra\u00edces<\/p>\n\n\n\n<p>Residencia familiar completa<\/p>\n\n\n\n<p>Flexible. No se requiere residir en el pa\u00eds.<\/p>\n\n\n\n<p>Ciudadan\u00eda a partir de los 5 a\u00f1os<\/p>\n\n\n\n<h4 class=\"wp-block-heading\">Ventajas de la Golden Visa de Portugal<\/h4>\n\n\n\n<p>Las ventajas de la Golden Visa de Portugal han contribuido a consolidarla como, posiblemente, el programa de residencia por inversi\u00f3n m\u00e1s importante del mundo. Entre ellas se incluyen:<\/p>\n\n\n\n<ul class=\"wp-block-list\">\n<li>Baja inversi\u00f3n m\u00ednima de solo 280 000 \u20ac.<\/li>\n\n\n\n<li>Requisitos para vivir, trabajar y estudiar en Portugal<\/li>\n\n\n\n<li>Viajes sin visa por toda la zona Schengen de la UE.<\/li>\n\n\n\n<li>Posibilidad de solicitar la ciudadan\u00eda portuguesa despu\u00e9s de cinco a\u00f1os (sin necesidad de residencia completa).<\/li>\n\n\n\n<li>Requisito de estancia m\u00ednima de solo 14 d\u00edas cada dos a\u00f1os.<\/li>\n\n\n\n<li>Sin impuestos sobre los ingresos mundiales<\/li>\n\n\n\n<li>Opci\u00f3n de residencia fiscal no habitual (NHR)<\/li>\n<\/ul>\n\n\n\n<p>Inversi\u00f3n m\u00ednima de 280 000 \u20ac<br>Antecedentes penales limpios<br>Abierto a solicitantes de fuera de la UE.<\/p>\n\n\n\n<p>Incluir c\u00f3nyuge y familia<br>Hijos a cargo<br>Padres mayores de 65 a\u00f1os<\/p>\n\n\n\n<p>Estancia m\u00ednima corta<br>Sin entrevista<br>Sin prueba de idioma<\/p>\n\n\n\n<p>Residencia en un pa\u00eds de la UE<br>Viajar sin visa Schengen<br>Camino hacia la ciudadan\u00eda despu\u00e9s de cinco a\u00f1os<\/p>\n\n\n\n<h3 class=\"wp-block-heading\">\u00bfCu\u00e1nto cuesta el programa Golden Visa de Portugal?<\/h3>\n\n\n\n<p>Adem\u00e1s del monto de la inversi\u00f3n inmobiliaria, hay que a\u00f1adir otras tasas. Estas variar\u00e1n en funci\u00f3n del tama\u00f1o de la familia y de la inversi\u00f3n inmobiliaria. A continuaci\u00f3n, presentamos un ejemplo t\u00edpico en el que se ha elegido una inversi\u00f3n de 350 000 \u20ac:<\/p>\n\n\n\n<figure class=\"wp-block-table\"><table class=\"has-fixed-layout\"><tbody><tr><td>Inversi\u00f3n inmobiliaria<\/td><td>\u20ac350,000<\/td><\/tr><tr><td>IMT (Impuesto sobre la transferencia de bienes inmuebles) 4,601 TP3T (estimado)<\/td><td>\u20ac16,100<\/td><\/tr><tr><td>Impuesto sobre el timbre 0,81 %<\/td><td>\u20ac2,800<\/td><\/tr><tr><td>Gastos de notario\/registro de la propiedad: 1050 \u20ac<\/td><td>\u20ac1,050<\/td><\/tr><tr><td>Registro del contrato de compraventa a plazo<\/td><td>\u20ac400<\/td><\/tr><tr><td>Cuota de aprobaci\u00f3n de la Golden Visa 5336 \u20ac (x4) 21 344 \u20ac<\/td><td>\u20ac21,344<\/td><\/tr><tr><td>Tasa de solicitud de la Golden Visa: 533 \u20ac (x4)<\/td><td>\u20ac2,132<\/td><\/tr><tr><td>Honorarios legales<\/td><td>\u20ac5,000<\/td><\/tr><tr><td>TOTAL<\/td><td>\u20ac398,826<\/td><\/tr><\/tbody><\/table><\/figure>\n\n\n\n<h4 class=\"wp-block-heading\">C\u00f3mo solicitar la Golden Visa en Portugal<\/h4>\n\n\n\n<p>Consulte con el equipo de expertos de Universal Investment Visa para decidir si la Golden Visa de Portugal es adecuada para usted y su familia. Si es as\u00ed, podemos ayudarle a designar a un representante legal de entre varios que podemos recomendarle y sugerirle cualquier n\u00famero de opciones inmobiliarias que cumplan los requisitos en todo Portugal para que las considere.<\/p>\n\n\n\n<p>Universal Investment Visa colaborar\u00e1 con usted y con su representante legal designado en Portugal para preparar su solicitud de Golden Visa. Esto incluye abrir una cuenta bancaria portuguesa y obtener un n\u00famero NIF antes de finalizar su elecci\u00f3n de inversi\u00f3n. En ese momento, se puede presentar una solicitud previa en l\u00ednea.<\/p>\n\n\n\n<p>Tras la revisi\u00f3n de su solicitud previa por parte del Servicio de Estranjeros y Fronteras (SEF) de Portugal, deber\u00e1 acudir en persona a Portugal a una cita previa con el SEF, en la que se le tomar\u00e1n sus datos biom\u00e9tricos (huellas dactilares) y presentar\u00e1 oficialmente la solicitud del visado dorado.<\/p>\n\n\n\n<p>A continuaci\u00f3n, deber\u00e1 esperar la aprobaci\u00f3n definitiva de su solicitud. Una vez aprobada, se le enviar\u00e1n sus tarjetas de residencia. Estas tienen una validez de dos a\u00f1os, tras los cuales podr\u00e1n renovarse siempre y cuando mantenga su inversi\u00f3n durante todo ese tiempo y abone las tasas de renovaci\u00f3n correspondientes.<\/p>\n\n\n\n<ul class=\"wp-block-list\">\n<li>Paso 1<\/li>\n\n\n\n<li>Paso 2<\/li>\n\n\n\n<li>Paso 3<\/li>\n\n\n\n<li>Paso 4<\/li>\n<\/ul>","protected":false},"excerpt":{"rendered":"<p>Portugal Golden Visa Is Not Closing ***&nbsp;The Portugal Golden Visa programme is continuing but investment routes and amounts are about to change. There has been much uncertainty in the last few months and there are many outdated articles to be found on the web. However the Portuguese parliament has now signed off the bill ending [&hellip;]<\/p>\n","protected":false},"author":1,"featured_media":0,"parent":0,"menu_order":0,"comment_status":"closed","ping_status":"closed","template":"","meta":{"footnotes":""},"class_list":["post-276","page","type-page","status-publish","hentry"],"yoast_head":"<!-- This site is optimized with the Yoast SEO plugin v27.3 - https:\/\/yoast.com\/product\/yoast-seo-wordpress\/ -->\n<title>Portugal Golden Visa - Investment Visa CN<\/title>\n<meta name=\"robots\" content=\"index, follow, max-snippet:-1, max-image-preview:large, max-video-preview:-1\" \/>\n<link rel=\"canonical\" href=\"https:\/\/investmentvisacn.com\/es_ar\/visa-dorada-de-portugal\/\" \/>\n<meta property=\"og:locale\" content=\"es_ES\" \/>\n<meta property=\"og:type\" content=\"article\" \/>\n<meta property=\"og:title\" content=\"Portugal Golden Visa - Investment Visa CN\" \/>\n<meta property=\"og:description\" content=\"Portugal Golden Visa Is Not Closing ***&nbsp;The Portugal Golden Visa programme is continuing but investment routes and amounts are about to change. There has been much uncertainty in the last few months and there are many outdated articles to be found on the web. However the Portuguese parliament has now signed off the bill ending [&hellip;]\" \/>\n<meta property=\"og:url\" content=\"https:\/\/investmentvisacn.com\/es_ar\/visa-dorada-de-portugal\/\" \/>\n<meta property=\"og:site_name\" content=\"Investment Visa CN\" \/>\n<meta property=\"article:modified_time\" content=\"2024-08-24T08:11:55+00:00\" \/>\n<meta name=\"twitter:card\" content=\"summary_large_image\" \/>\n<meta name=\"twitter:label1\" content=\"Tiempo de lectura\" \/>\n\t<meta name=\"twitter:data1\" content=\"5 minutos\" \/>\n<script type=\"application\/ld+json\" class=\"yoast-schema-graph\">{\"@context\":\"https:\\\/\\\/schema.org\",\"@graph\":[{\"@type\":\"WebPage\",\"@id\":\"https:\\\/\\\/investmentvisacn.com\\\/portugal-golden-visa\\\/\",\"url\":\"https:\\\/\\\/investmentvisacn.com\\\/portugal-golden-visa\\\/\",\"name\":\"Portugal Golden Visa - Investment Visa CN\",\"isPartOf\":{\"@id\":\"https:\\\/\\\/investmentvisacn.com\\\/#website\"},\"datePublished\":\"2024-08-13T21:42:24+00:00\",\"dateModified\":\"2024-08-24T08:11:55+00:00\",\"breadcrumb\":{\"@id\":\"https:\\\/\\\/investmentvisacn.com\\\/portugal-golden-visa\\\/#breadcrumb\"},\"inLanguage\":\"es-AR\",\"potentialAction\":[{\"@type\":\"ReadAction\",\"target\":[\"https:\\\/\\\/investmentvisacn.com\\\/portugal-golden-visa\\\/\"]}]},{\"@type\":\"BreadcrumbList\",\"@id\":\"https:\\\/\\\/investmentvisacn.com\\\/portugal-golden-visa\\\/#breadcrumb\",\"itemListElement\":[{\"@type\":\"ListItem\",\"position\":1,\"name\":\"Home\",\"item\":\"https:\\\/\\\/investmentvisacn.com\\\/\"},{\"@type\":\"ListItem\",\"position\":2,\"name\":\"Portugal Golden Visa\"}]},{\"@type\":\"WebSite\",\"@id\":\"https:\\\/\\\/investmentvisacn.com\\\/#website\",\"url\":\"https:\\\/\\\/investmentvisacn.com\\\/\",\"name\":\"Investment Visa CN\",\"description\":\"Global Investment &amp; Visa Solutions You Can Trust\",\"publisher\":{\"@id\":\"https:\\\/\\\/investmentvisacn.com\\\/#organization\"},\"potentialAction\":[{\"@type\":\"SearchAction\",\"target\":{\"@type\":\"EntryPoint\",\"urlTemplate\":\"https:\\\/\\\/investmentvisacn.com\\\/?s={search_term_string}\"},\"query-input\":{\"@type\":\"PropertyValueSpecification\",\"valueRequired\":true,\"valueName\":\"search_term_string\"}}],\"inLanguage\":\"es-AR\"},{\"@type\":\"Organization\",\"@id\":\"https:\\\/\\\/investmentvisacn.com\\\/#organization\",\"name\":\"Investment Visa CN\",\"url\":\"https:\\\/\\\/investmentvisacn.com\\\/\",\"logo\":{\"@type\":\"ImageObject\",\"inLanguage\":\"es-AR\",\"@id\":\"https:\\\/\\\/investmentvisacn.com\\\/#\\\/schema\\\/logo\\\/image\\\/\",\"url\":\"https:\\\/\\\/investmentvisacn.com\\\/wp-content\\\/uploads\\\/2024\\\/08\\\/universalinvestmentvisa.png\",\"contentUrl\":\"https:\\\/\\\/investmentvisacn.com\\\/wp-content\\\/uploads\\\/2024\\\/08\\\/universalinvestmentvisa.png\",\"width\":180,\"height\":60,\"caption\":\"Investment Visa CN\"},\"image\":{\"@id\":\"https:\\\/\\\/investmentvisacn.com\\\/#\\\/schema\\\/logo\\\/image\\\/\"}}]}<\/script>\n<!-- \/ Yoast SEO plugin. -->","yoast_head_json":{"title":"Visa Dorada de Portugal - Visa de Inversi\u00f3n CN","robots":{"index":"index","follow":"follow","max-snippet":"max-snippet:-1","max-image-preview":"max-image-preview:large","max-video-preview":"max-video-preview:-1"},"canonical":"https:\/\/investmentvisacn.com\/es_ar\/visa-dorada-de-portugal\/","og_locale":"es_ES","og_type":"article","og_title":"Portugal Golden Visa - Investment Visa CN","og_description":"Portugal Golden Visa Is Not Closing ***&nbsp;The Portugal Golden Visa programme is continuing but investment routes and amounts are about to change. There has been much uncertainty in the last few months and there are many outdated articles to be found on the web. However the Portuguese parliament has now signed off the bill ending [&hellip;]","og_url":"https:\/\/investmentvisacn.com\/es_ar\/visa-dorada-de-portugal\/","og_site_name":"Investment Visa CN","article_modified_time":"2024-08-24T08:11:55+00:00","twitter_card":"summary_large_image","twitter_misc":{"Tiempo de lectura":"5 minutos"},"schema":{"@context":"https:\/\/schema.org","@graph":[{"@type":"WebPage","@id":"https:\/\/investmentvisacn.com\/portugal-golden-visa\/","url":"https:\/\/investmentvisacn.com\/portugal-golden-visa\/","name":"Visa Dorada de Portugal - Visa de Inversi\u00f3n CN","isPartOf":{"@id":"https:\/\/investmentvisacn.com\/#website"},"datePublished":"2024-08-13T21:42:24+00:00","dateModified":"2024-08-24T08:11:55+00:00","breadcrumb":{"@id":"https:\/\/investmentvisacn.com\/portugal-golden-visa\/#breadcrumb"},"inLanguage":"es-AR","potentialAction":[{"@type":"ReadAction","target":["https:\/\/investmentvisacn.com\/portugal-golden-visa\/"]}]},{"@type":"BreadcrumbList","@id":"https:\/\/investmentvisacn.com\/portugal-golden-visa\/#breadcrumb","itemListElement":[{"@type":"ListItem","position":1,"name":"Home","item":"https:\/\/investmentvisacn.com\/"},{"@type":"ListItem","position":2,"name":"Portugal Golden Visa"}]},{"@type":"WebSite","@id":"https:\/\/investmentvisacn.com\/#website","url":"https:\/\/investmentvisacn.com\/","name":"Visa de inversi\u00f3n CN","description":"Soluciones globales de inversi\u00f3n y visas en las que puede confiar","publisher":{"@id":"https:\/\/investmentvisacn.com\/#organization"},"potentialAction":[{"@type":"SearchAction","target":{"@type":"EntryPoint","urlTemplate":"https:\/\/investmentvisacn.com\/?s={search_term_string}"},"query-input":{"@type":"PropertyValueSpecification","valueRequired":true,"valueName":"search_term_string"}}],"inLanguage":"es-AR"},{"@type":"Organization","@id":"https:\/\/investmentvisacn.com\/#organization","name":"Visa de inversi\u00f3n CN","url":"https:\/\/investmentvisacn.com\/","logo":{"@type":"ImageObject","inLanguage":"es-AR","@id":"https:\/\/investmentvisacn.com\/#\/schema\/logo\/image\/","url":"https:\/\/investmentvisacn.com\/wp-content\/uploads\/2024\/08\/universalinvestmentvisa.png","contentUrl":"https:\/\/investmentvisacn.com\/wp-content\/uploads\/2024\/08\/universalinvestmentvisa.png","width":180,"height":60,"caption":"Investment Visa CN"},"image":{"@id":"https:\/\/investmentvisacn.com\/#\/schema\/logo\/image\/"}}]}},"_links":{"self":[{"href":"https:\/\/investmentvisacn.com\/es_ar\/wp-json\/wp\/v2\/pages\/276","targetHints":{"allow":["GET"]}}],"collection":[{"href":"https:\/\/investmentvisacn.com\/es_ar\/wp-json\/wp\/v2\/pages"}],"about":[{"href":"https:\/\/investmentvisacn.com\/es_ar\/wp-json\/wp\/v2\/types\/page"}],"author":[{"embeddable":true,"href":"https:\/\/investmentvisacn.com\/es_ar\/wp-json\/wp\/v2\/users\/1"}],"replies":[{"embeddable":true,"href":"https:\/\/investmentvisacn.com\/es_ar\/wp-json\/wp\/v2\/comments?post=276"}],"version-history":[{"count":2,"href":"https:\/\/investmentvisacn.com\/es_ar\/wp-json\/wp\/v2\/pages\/276\/revisions"}],"predecessor-version":[{"id":475,"href":"https:\/\/investmentvisacn.com\/es_ar\/wp-json\/wp\/v2\/pages\/276\/revisions\/475"}],"wp:attachment":[{"href":"https:\/\/investmentvisacn.com\/es_ar\/wp-json\/wp\/v2\/media?parent=276"}],"curies":[{"name":"wp","href":"https:\/\/api.w.org\/{rel}","templated":true}]}}