{"id":272,"date":"2024-08-13T21:37:49","date_gmt":"2024-08-13T21:37:49","guid":{"rendered":"https:\/\/universalinvestmentvisa.com\/?page_id=272"},"modified":"2024-08-24T16:36:41","modified_gmt":"2024-08-24T16:36:41","slug":"visa-dorada-de-irlanda","status":"publish","type":"page","link":"https:\/\/investmentvisacn.com\/es_ar\/ireland-golden-visa\/","title":{"rendered":"Visa Dorada de Irlanda"},"content":{"rendered":"<h2 class=\"wp-block-heading\">Cierre del programa Golden Visa de Irlanda<\/h2>\n\n\n\n<p>***&nbsp;<em>El gobierno anunci\u00f3 el cierre del programa Golden Visa de Irlanda el 14 de febrero de 2023. Ahora hay una ventana de oportunidad para varios proyectos existentes durante los pr\u00f3ximos meses para inversores y solicitantes. Sin embargo, las partes interesadas deber\u00e1n ponerse en contacto con nosotros muy pronto, ya que la preparaci\u00f3n de una solicitud puede llevar entre 6 y 8 semanas.<\/em>.***<\/p>\n\n\n\n<h2 class=\"wp-block-heading\">Resumen de la Golden Visa de Irlanda<\/h2>\n\n\n\n<p>Irlanda introdujo su programa original de visas para inversionistas en 2012, conocido oficialmente como Programa de Inmigrantes Inversionistas de Irlanda (IIP). El programa se mejor\u00f3 en 2013 y ahora ofrece a los solicitantes de fuera de la Uni\u00f3n Europea la oportunidad de obtener la residencia irlandesa mediante la inversi\u00f3n de un m\u00ednimo de 1 mill\u00f3n de euros en un fondo de inversi\u00f3n aprobado.<\/p>\n\n\n\n<p>El programa irland\u00e9s de visa dorada se cre\u00f3 para estimular la inversi\u00f3n en Irlanda y ofrecer la residencia a profesionales din\u00e1micos con un historial probado de \u00e9xito. Se trata de un programa ideal para familias con un alto patrimonio neto que buscan la residencia en Europa y resultar\u00e1 especialmente atractivo para empresarios, emprendedores y aquellos que buscan un nivel educativo superior para sus hijos en universidades de prestigio mundial.<\/p>\n\n\n\n<div class=\"wp-block-buttons is-content-justification-center is-layout-flex wp-container-core-buttons-is-layout-a89b3969 wp-block-buttons-is-layout-flex\">\n<div class=\"wp-block-button\"><a class=\"wp-block-button__link has-text-align-left wp-element-button\" href=\"https:\/\/investmentvisacn.com\/es_ar\/contactenos\/\">CONTACTO-ASESOR<\/a><\/div>\n<\/div>\n\n\n\n<h2 class=\"wp-block-heading\">Ventajas de la Golden Visa de Irlanda<\/h2>\n\n\n\n<p>El Programa de Inmigrantes Inversores de Irlanda (IIIP) ofrece numerosas ventajas y resulta especialmente atractivo para quienes est\u00e9n pensando en trasladarse a Irlanda debido al auge de su econom\u00eda y a las oportunidades profesionales y educativas que ofrece. Irlanda se encuentra entre los diez pa\u00edses m\u00e1s ricos del mundo en t\u00e9rminos de PIB per c\u00e1pita.<\/p>\n\n\n\n<p>Los inversionistas pueden obtener una reducci\u00f3n de 50 000 \u20ac en la cantidad necesaria para la inversi\u00f3n si tienen hijos que desean asistir a la universidad en Irlanda. Las ventajas de una educaci\u00f3n completa en Irlanda son atractivas. Irlanda, donde se habla ingl\u00e9s y se encuentran algunas de las mejores universidades de Europa, ofrece oportunidades \u00fanicas para estudiantes y graduados. Dos de las cuatro mejores universidades de Europa para la formaci\u00f3n de emprendedores se encuentran en Dubl\u00edn, concretamente el Trinity College y el University College Dublin. Adem\u00e1s, gracias a su acceso al mercado de la UE, los graduados son bienvenidos en muchas de las principales empresas del mundo con sede en Irlanda. Entre ellas se encuentran Google, Facebook, Intel, Twitter, Citi, Huawei, Pfizer, Takeda, Novartis, Trend Micro y Fujitsu.<\/p>\n\n\n\n<h3 class=\"wp-block-heading\">Ventajas principales:<\/h3>\n\n\n\n<ul class=\"wp-block-list\">\n<li>Residencia irlandesa con v\u00eda para obtener la ciudadan\u00eda<\/li>\n\n\n\n<li>Incentivo educativo para los inversionistas de la Golden Visa<\/li>\n\n\n\n<li>Parte del acuerdo sobre la Zona de Viaje Com\u00fan con el Reino Unido.<\/li>\n\n\n\n<li>Vive, trabaja y estudia en Irlanda si lo deseas, sin estancia m\u00ednima obligatoria.<\/li>\n\n\n\n<li>Parte de la UE<\/li>\n\n\n\n<li>pa\u00eds de habla inglesa<\/li>\n<\/ul>\n\n\n\n<h2 class=\"wp-block-heading\">Ciudadan\u00eda por inversi\u00f3n en Irlanda<\/h2>\n\n\n\n<p>Irlanda no cuenta con un programa directo de ciudadan\u00eda por inversi\u00f3n, pero tras cinco a\u00f1os de residencia a tiempo completo en Irlanda, los inversionistas tendr\u00e1n la oportunidad de solicitar la ciudadan\u00eda irlandesa y un pasaporte irland\u00e9s de la UE, de conformidad con las leyes de ciudadan\u00eda de Irlanda. Una vez concedida la ciudadan\u00eda irlandesa, el titular podr\u00e1 residir, trabajar o estudiar en cualquiera de los dem\u00e1s pa\u00edses miembros de la UE sin necesidad de obtener un visado adicional. Irlanda tambi\u00e9n tiene un acuerdo de zona de viaje com\u00fan con el Reino Unido, que otorga a los ciudadanos irlandeses el derecho a circular libremente por todo el Reino Unido.<\/p>\n\n\n\n<p>El pasaporte irland\u00e9s es uno de los m\u00e1s poderosos del mundo y sus titulares pueden disfrutar de acceso sin visa a 199 pa\u00edses y territorios de todo el mundo.<\/p>\n\n\n\n<p>Si su objetivo final es obtener la ciudadan\u00eda de un pa\u00eds de la UE, pero no puede residir en Irlanda durante cinco a\u00f1os, se recomienda a los inversionistas que consideren la\u00a0<a href=\"https:\/\/investmentvisacn.com\/es_ar\/visa-dorada-de-portugal\/\">Visa Dorada de Portugal<\/a>\u00a0programa como alternativa.<\/p>\n\n\n\n<h3 class=\"wp-block-heading\">Beneficios<\/h3>\n\n\n\n<ul class=\"wp-block-list\">\n<li>Desde 1 000 000 \u20ac + gastos<\/li>\n\n\n\n<li>Inversi\u00f3n en fondos<\/li>\n\n\n\n<li>Familia completa<\/li>\n\n\n\n<li>Flexible. Estancia m\u00ednima de 1 d\u00eda.<\/li>\n\n\n\n<li>Excelente opci\u00f3n educativa<\/li>\n<\/ul>\n\n\n\n<h3 class=\"wp-block-heading\">Requisitos de diligencia debida<\/h3>\n\n\n\n<p>Todos los solicitantes deber\u00e1n tener buena reputaci\u00f3n y someterse a los tr\u00e1mites de diligencia debida del gobierno de Irlanda. Los inversionistas deben proporcionar:<\/p>\n\n\n\n<ul class=\"wp-block-list\">\n<li>Inversi\u00f3n m\u00ednima de 1 000 000 \u20ac<\/li>\n\n\n\n<li>Informes policiales: prueba de antecedentes penales limpios.<\/li>\n\n\n\n<li>Demostrar un patrimonio neto de 2 000 000 \u20ac<\/li>\n\n\n\n<li>Residencia familiar completa, hijos dependientes, familiares dependientes.<\/li>\n\n\n\n<li>Estancia m\u00ednima de 1 d\u00eda, sin entrevista, sin prueba de idioma.<\/li>\n\n\n\n<li>Demostrar un patrimonio neto de 2 000 000 \u20ac<\/li>\n\n\n\n<li>Residencia en un pa\u00eds de la UE, viajes dentro del espacio Schengen de la UE, ciudadan\u00eda tras m\u00e1s de 5 a\u00f1os de residencia.<\/li>\n<\/ul>\n\n\n\n<h2 class=\"wp-block-heading\">Requisitos de inversi\u00f3n para la Golden Visa de Irlanda<\/h2>\n\n\n\n<p>Los solicitantes deben realizar una inversi\u00f3n m\u00ednima de 1 000 000 \u20ac en un fondo aprobado que se mantendr\u00e1 durante un m\u00ednimo de 3 a 5 a\u00f1os. El proceso para obtener la visa de residencia en Irlanda es relativamente sencillo y r\u00e1pido. Los solicitantes deben ser residentes fuera del EEE y cumplir los siguientes requisitos:<\/p>\n\n\n\n<ul class=\"wp-block-list\">\n<li>Antecedentes penales limpios<\/li>\n\n\n\n<li>Fondos suficientes y asistencia m\u00e9dica para cubrir su estancia.<\/li>\n\n\n\n<li>Sin denegaciones previas de visa<\/li>\n\n\n\n<li>Demostrar un patrimonio neto de 2 000 000 \u20ac<\/li>\n<\/ul>\n\n\n\n<h2 class=\"wp-block-heading\">C\u00f3mo solicitar la Golden Visa en Irlanda<\/h2>\n\n\n\n<p>Reserve su consulta gratuita con el equipo de expertos de Universal Investment Visa para analizar y decidir qu\u00e9 programa y v\u00eda de inversi\u00f3n se adapta mejor a usted y a su familia. Nuestros consultores experimentados revisar\u00e1n todos sus objetivos y requisitos, y le asesorar\u00e1n y guiar\u00e1n detalladamente a lo largo de todo el proceso.<\/p>\n\n\n\n<p>Para su tranquilidad, antes de comprometerse, Universal Investment Visa realizar\u00e1 una verificaci\u00f3n de antecedentes previa a la solicitud para garantizar que su solicitud para Irlanda tenga probabilidades de ser aceptada. Una vez completado este proceso y si est\u00e1 conforme con continuar, puede iniciar formalmente el proceso firmando nuestro acuerdo de Facilitador de Clientes y pagando el dep\u00f3sito previo a la solicitud.<\/p>\n\n\n\n<p>El equipo profesional de Universal Investment Visa trabajar\u00e1 con usted para preparar la solicitud. Cuando su solicitud est\u00e9 completamente preparada y lista para ser presentada, deber\u00e1 abonar el primer pago (tasas legales, de tramitaci\u00f3n y de solicitud). Tras la aprobaci\u00f3n del Comit\u00e9 de Evaluaci\u00f3n de Irlanda y del Ministro de Justicia e Igualdad, se requerir\u00e1 la inversi\u00f3n del fondo.<\/p>\n\n\n\n<p>Una vez que la inversi\u00f3n se confirme oficialmente, a los solicitantes seleccionados se les conceder\u00e1 un visado de residencia inicial de dos a\u00f1os en Irlanda, junto con cualquier familiar que re\u00fana los requisitos y que se haya incluido en la solicitud. Los solicitantes deber\u00e1n visitar Irlanda antes de la renovaci\u00f3n de los dos a\u00f1os para registrar su permiso en la solicitud.<\/p>\n\n\n\n<ul class=\"wp-block-list\">\n<li>Paso 1<\/li>\n\n\n\n<li>Paso 2<\/li>\n\n\n\n<li>Paso 3<\/li>\n\n\n\n<li>Paso 4<\/li>\n<\/ul>\n\n\n\n<h2 class=\"wp-block-heading\">Residencia en Irlanda por inversi\u00f3n \u2013 FONDO APROBADO<\/h2>\n\n\n\n<p>El fondo es un fondo de inversi\u00f3n de bajo riesgo autorizado y regulado por el Banco Central de Irlanda. Ofrece a los inversionistas extranjeros la oportunidad de invertir en Irlanda a cambio de la residencia de larga duraci\u00f3n.<\/p>\n\n\n\n<p>Los dos objetivos principales del fondo son:<\/p>\n\n\n\n<p>1. Garantizar la m\u00e1xima protecci\u00f3n de los fondos de los inversionistas mediante una pol\u00edtica de inversi\u00f3n conservadora y de bajo riesgo.<\/p>\n\n\n\n<p>2. Emitir financiaci\u00f3n innovadora para una cartera de hoteles irlandeses que aumentar\u00e1n sus niveles de empleo a lo largo de la vigencia del fondo.<\/p>\n\n\n\n<p>Se trata de un fondo de deuda mutualizado respaldado por activos que ofrece una opci\u00f3n muy segura para los inversionistas que desean acceder al Programa de Visas para Inversionistas de Irlanda.<\/p>","protected":false},"excerpt":{"rendered":"<p>Ireland Golden Visa Closure ***&nbsp;The government announced the closure of Ireland\u2019s Golden Visa programme on 14 February 2023. There is now a window of opportunity for several existing projects over the next few months for investors and applicants. However interested parties will need to contact us very soon as the preparation of an application can [&hellip;]<\/p>\n","protected":false},"author":1,"featured_media":0,"parent":0,"menu_order":0,"comment_status":"closed","ping_status":"closed","template":"","meta":{"footnotes":""},"class_list":["post-272","page","type-page","status-publish","hentry"],"yoast_head":"<!-- This site is optimized with the Yoast SEO plugin v27.3 - https:\/\/yoast.com\/product\/yoast-seo-wordpress\/ -->\n<title>Ireland Golden Visa - Investment Visa CN<\/title>\n<meta name=\"robots\" content=\"index, follow, max-snippet:-1, max-image-preview:large, max-video-preview:-1\" \/>\n<link rel=\"canonical\" href=\"https:\/\/investmentvisacn.com\/es_ar\/visa-dorada-de-irlanda\/\" \/>\n<meta property=\"og:locale\" content=\"es_ES\" \/>\n<meta property=\"og:type\" content=\"article\" \/>\n<meta property=\"og:title\" content=\"Ireland Golden Visa - Investment Visa CN\" \/>\n<meta property=\"og:description\" content=\"Ireland Golden Visa Closure ***&nbsp;The government announced the closure of Ireland\u2019s Golden Visa programme on 14 February 2023. There is now a window of opportunity for several existing projects over the next few months for investors and applicants. However interested parties will need to contact us very soon as the preparation of an application can [&hellip;]\" \/>\n<meta property=\"og:url\" content=\"https:\/\/investmentvisacn.com\/es_ar\/visa-dorada-de-irlanda\/\" \/>\n<meta property=\"og:site_name\" content=\"Investment Visa CN\" \/>\n<meta property=\"article:modified_time\" content=\"2024-08-24T16:36:41+00:00\" \/>\n<meta name=\"twitter:card\" content=\"summary_large_image\" \/>\n<meta name=\"twitter:label1\" content=\"Tiempo de lectura\" \/>\n\t<meta name=\"twitter:data1\" content=\"5 minutos\" \/>\n<script type=\"application\/ld+json\" class=\"yoast-schema-graph\">{\"@context\":\"https:\\\/\\\/schema.org\",\"@graph\":[{\"@type\":\"WebPage\",\"@id\":\"https:\\\/\\\/investmentvisacn.com\\\/ireland-golden-visa\\\/\",\"url\":\"https:\\\/\\\/investmentvisacn.com\\\/ireland-golden-visa\\\/\",\"name\":\"Ireland Golden Visa - Investment Visa CN\",\"isPartOf\":{\"@id\":\"https:\\\/\\\/investmentvisacn.com\\\/#website\"},\"datePublished\":\"2024-08-13T21:37:49+00:00\",\"dateModified\":\"2024-08-24T16:36:41+00:00\",\"breadcrumb\":{\"@id\":\"https:\\\/\\\/investmentvisacn.com\\\/ireland-golden-visa\\\/#breadcrumb\"},\"inLanguage\":\"es-AR\",\"potentialAction\":[{\"@type\":\"ReadAction\",\"target\":[\"https:\\\/\\\/investmentvisacn.com\\\/ireland-golden-visa\\\/\"]}]},{\"@type\":\"BreadcrumbList\",\"@id\":\"https:\\\/\\\/investmentvisacn.com\\\/ireland-golden-visa\\\/#breadcrumb\",\"itemListElement\":[{\"@type\":\"ListItem\",\"position\":1,\"name\":\"Home\",\"item\":\"https:\\\/\\\/investmentvisacn.com\\\/\"},{\"@type\":\"ListItem\",\"position\":2,\"name\":\"Ireland Golden Visa\"}]},{\"@type\":\"WebSite\",\"@id\":\"https:\\\/\\\/investmentvisacn.com\\\/#website\",\"url\":\"https:\\\/\\\/investmentvisacn.com\\\/\",\"name\":\"Investment Visa CN\",\"description\":\"Global Investment &amp; Visa Solutions You Can Trust\",\"publisher\":{\"@id\":\"https:\\\/\\\/investmentvisacn.com\\\/#organization\"},\"potentialAction\":[{\"@type\":\"SearchAction\",\"target\":{\"@type\":\"EntryPoint\",\"urlTemplate\":\"https:\\\/\\\/investmentvisacn.com\\\/?s={search_term_string}\"},\"query-input\":{\"@type\":\"PropertyValueSpecification\",\"valueRequired\":true,\"valueName\":\"search_term_string\"}}],\"inLanguage\":\"es-AR\"},{\"@type\":\"Organization\",\"@id\":\"https:\\\/\\\/investmentvisacn.com\\\/#organization\",\"name\":\"Investment Visa CN\",\"url\":\"https:\\\/\\\/investmentvisacn.com\\\/\",\"logo\":{\"@type\":\"ImageObject\",\"inLanguage\":\"es-AR\",\"@id\":\"https:\\\/\\\/investmentvisacn.com\\\/#\\\/schema\\\/logo\\\/image\\\/\",\"url\":\"https:\\\/\\\/investmentvisacn.com\\\/wp-content\\\/uploads\\\/2024\\\/08\\\/universalinvestmentvisa.png\",\"contentUrl\":\"https:\\\/\\\/investmentvisacn.com\\\/wp-content\\\/uploads\\\/2024\\\/08\\\/universalinvestmentvisa.png\",\"width\":180,\"height\":60,\"caption\":\"Investment Visa CN\"},\"image\":{\"@id\":\"https:\\\/\\\/investmentvisacn.com\\\/#\\\/schema\\\/logo\\\/image\\\/\"}}]}<\/script>\n<!-- \/ Yoast SEO plugin. -->","yoast_head_json":{"title":"Visa Dorada de Irlanda - Visa de Inversi\u00f3n CN","robots":{"index":"index","follow":"follow","max-snippet":"max-snippet:-1","max-image-preview":"max-image-preview:large","max-video-preview":"max-video-preview:-1"},"canonical":"https:\/\/investmentvisacn.com\/es_ar\/visa-dorada-de-irlanda\/","og_locale":"es_ES","og_type":"article","og_title":"Ireland Golden Visa - Investment Visa CN","og_description":"Ireland Golden Visa Closure ***&nbsp;The government announced the closure of Ireland\u2019s Golden Visa programme on 14 February 2023. There is now a window of opportunity for several existing projects over the next few months for investors and applicants. However interested parties will need to contact us very soon as the preparation of an application can [&hellip;]","og_url":"https:\/\/investmentvisacn.com\/es_ar\/visa-dorada-de-irlanda\/","og_site_name":"Investment Visa CN","article_modified_time":"2024-08-24T16:36:41+00:00","twitter_card":"summary_large_image","twitter_misc":{"Tiempo de lectura":"5 minutos"},"schema":{"@context":"https:\/\/schema.org","@graph":[{"@type":"WebPage","@id":"https:\/\/investmentvisacn.com\/ireland-golden-visa\/","url":"https:\/\/investmentvisacn.com\/ireland-golden-visa\/","name":"Visa Dorada de Irlanda - Visa de Inversi\u00f3n CN","isPartOf":{"@id":"https:\/\/investmentvisacn.com\/#website"},"datePublished":"2024-08-13T21:37:49+00:00","dateModified":"2024-08-24T16:36:41+00:00","breadcrumb":{"@id":"https:\/\/investmentvisacn.com\/ireland-golden-visa\/#breadcrumb"},"inLanguage":"es-AR","potentialAction":[{"@type":"ReadAction","target":["https:\/\/investmentvisacn.com\/ireland-golden-visa\/"]}]},{"@type":"BreadcrumbList","@id":"https:\/\/investmentvisacn.com\/ireland-golden-visa\/#breadcrumb","itemListElement":[{"@type":"ListItem","position":1,"name":"Home","item":"https:\/\/investmentvisacn.com\/"},{"@type":"ListItem","position":2,"name":"Ireland Golden Visa"}]},{"@type":"WebSite","@id":"https:\/\/investmentvisacn.com\/#website","url":"https:\/\/investmentvisacn.com\/","name":"Visa de inversi\u00f3n CN","description":"Soluciones globales de inversi\u00f3n y visas en las que puede confiar","publisher":{"@id":"https:\/\/investmentvisacn.com\/#organization"},"potentialAction":[{"@type":"SearchAction","target":{"@type":"EntryPoint","urlTemplate":"https:\/\/investmentvisacn.com\/?s={search_term_string}"},"query-input":{"@type":"PropertyValueSpecification","valueRequired":true,"valueName":"search_term_string"}}],"inLanguage":"es-AR"},{"@type":"Organization","@id":"https:\/\/investmentvisacn.com\/#organization","name":"Visa de inversi\u00f3n CN","url":"https:\/\/investmentvisacn.com\/","logo":{"@type":"ImageObject","inLanguage":"es-AR","@id":"https:\/\/investmentvisacn.com\/#\/schema\/logo\/image\/","url":"https:\/\/investmentvisacn.com\/wp-content\/uploads\/2024\/08\/universalinvestmentvisa.png","contentUrl":"https:\/\/investmentvisacn.com\/wp-content\/uploads\/2024\/08\/universalinvestmentvisa.png","width":180,"height":60,"caption":"Investment Visa CN"},"image":{"@id":"https:\/\/investmentvisacn.com\/#\/schema\/logo\/image\/"}}]}},"_links":{"self":[{"href":"https:\/\/investmentvisacn.com\/es_ar\/wp-json\/wp\/v2\/pages\/272","targetHints":{"allow":["GET"]}}],"collection":[{"href":"https:\/\/investmentvisacn.com\/es_ar\/wp-json\/wp\/v2\/pages"}],"about":[{"href":"https:\/\/investmentvisacn.com\/es_ar\/wp-json\/wp\/v2\/types\/page"}],"author":[{"embeddable":true,"href":"https:\/\/investmentvisacn.com\/es_ar\/wp-json\/wp\/v2\/users\/1"}],"replies":[{"embeddable":true,"href":"https:\/\/investmentvisacn.com\/es_ar\/wp-json\/wp\/v2\/comments?post=272"}],"version-history":[{"count":3,"href":"https:\/\/investmentvisacn.com\/es_ar\/wp-json\/wp\/v2\/pages\/272\/revisions"}],"predecessor-version":[{"id":552,"href":"https:\/\/investmentvisacn.com\/es_ar\/wp-json\/wp\/v2\/pages\/272\/revisions\/552"}],"wp:attachment":[{"href":"https:\/\/investmentvisacn.com\/es_ar\/wp-json\/wp\/v2\/media?parent=272"}],"curies":[{"name":"wp","href":"https:\/\/api.w.org\/{rel}","templated":true}]}}