{"id":270,"date":"2024-08-13T21:36:54","date_gmt":"2024-08-13T21:36:54","guid":{"rendered":"https:\/\/universalinvestmentvisa.com\/?page_id=270"},"modified":"2024-08-24T07:58:42","modified_gmt":"2024-08-24T07:58:42","slug":"visado-dorado-espanol","status":"publish","type":"page","link":"https:\/\/investmentvisacn.com\/es_ar\/spain-golden-visa\/","title":{"rendered":"Visa Dorada de Espa\u00f1a"},"content":{"rendered":"<h2 class=\"wp-block-heading\">Resumen de la Golden Visa de Espa\u00f1a<\/h2>\n\n\n\n<p>Espa\u00f1a lanz\u00f3 su programa de visa dorada en 2013. Una inversi\u00f3n de 500 000 \u20ac en bienes ra\u00edces permite obtener la residencia familiar. La visa de inversionista espa\u00f1ol se puede renovar cada dos a\u00f1os. Despu\u00e9s de cinco a\u00f1os es posible obtener la residencia permanente y despu\u00e9s de diez a\u00f1os la ciudadan\u00eda. No es necesario vivir en Espa\u00f1a para conservar y renovar el permiso de residencia.<\/p>\n\n\n\n<p class=\"has-text-align-center\"><a href=\"https:\/\/investmentvisacn.com\/es_ar\/contactenos\/\" data-type=\"link\" data-id=\"https:\/\/investmentvisacn.com\/contact-us\/\">Asesor de contacto<\/a><\/p>\n\n\n\n<h2 class=\"wp-block-heading\">Ventajas de la Golden Visa espa\u00f1ola<\/h2>\n\n\n\n<p>Las principales ventajas de la Golden Visa espa\u00f1ola son, sin duda, la rapidez con la que se expide el permiso de residencia y el costo relativamente bajo de su renovaci\u00f3n. Espa\u00f1a se compara naturalmente con su vecino.\u00a0<a href=\"https:\/\/investmentvisacn.com\/es_ar\/visa-dorada-de-portugal\/\" data-type=\"page\" data-id=\"276\">Portugal<\/a>\u00a0y el indudable \u00e9xito del programa de visas doradas en ese pa\u00eds. Y aunque la inversi\u00f3n inmobiliaria, de 500 000 euros, es ahora casi el doble que la del programa portugu\u00e9s, en Espa\u00f1a hay muchas m\u00e1s opciones en cuanto a los inmuebles que se pueden adquirir, sin m\u00e1s restricciones que el l\u00edmite m\u00ednimo de inversi\u00f3n.<\/p>\n\n\n\n<h3 class=\"wp-block-heading\">Ventajas principales:<\/h3>\n\n\n\n<p>Desde 500 000 \u20ac + gastos<\/p>\n\n\n\n<p>Bienes ra\u00edces<\/p>\n\n\n\n<p>Familia completa<\/p>\n\n\n\n<p>Flexible. Sin estancia m\u00ednima.<\/p>\n\n\n\n<p>Viajes dentro de la zona Schengen de la UE<\/p>\n\n\n\n<h2 class=\"wp-block-heading\">Residencia permanente y ciudadan\u00eda en Espa\u00f1a<\/h2>\n\n\n\n<p>Es posible solicitar la residencia permanente en Espa\u00f1a despu\u00e9s de vivir en el pa\u00eds durante cinco a\u00f1os. La ciudadan\u00eda se puede solicitar despu\u00e9s de vivir a tiempo completo durante diez a\u00f1os. Aunque el permiso de residencia temporal (la visa dorada) se puede renovar f\u00e1cilmente sin vivir en el pa\u00eds, el camino hacia la residencia permanente y la ciudadan\u00eda requiere que el inversionista y su familia residan en Espa\u00f1a. Por este motivo, el programa espa\u00f1ol de visa dorada es muy popular entre aquellos solicitantes que desean residir a tiempo completo en Espa\u00f1a o simplemente mantener una segunda residencia en Europa, pero sin optar a la ciudadan\u00eda. Se recomienda a los inversionistas que deseen obtener la ciudadan\u00eda europea que consideren la posibilidad de solicitar la\u00a0<a href=\"https:\/\/investmentvisacn.com\/es_ar\/visa-dorada-de-portugal\/\" data-type=\"page\" data-id=\"276\">Visa Dorada de Portugal<\/a>\u00a0programa.<\/p>\n\n\n\n<p>Inversi\u00f3n m\u00ednima de 500 000 euros.<br>Antecedentes penales limpios<br>Abierto a solicitantes de fuera de la UE.<\/p>\n\n\n\n<p>Residencia familiar completa<br>Hijos a cargo<br>Familiares a cargo<\/p>\n\n\n\n<p>Sin requisito de estancia m\u00ednima.<br>Sin entrevista<br>Sin prueba de idioma<\/p>\n\n\n\n<p>Residencia en un pa\u00eds de la UE<br>Viajes dentro de la zona Schengen de la UE<br>Ciudadan\u00eda: m\u00e1s de 10 a\u00f1os de residencia.<\/p>\n\n\n\n<h2 class=\"wp-block-heading\">C\u00f3mo obtener una Golden Visa espa\u00f1ola<\/h2>\n\n\n\n<p>Tras una inversi\u00f3n de 500 000 \u20ac en el sector inmobiliario espa\u00f1ol, el proceso para obtener una visa dorada espa\u00f1ola es relativamente sencillo y r\u00e1pido. Los solicitantes, que deber\u00e1n ser residentes fuera de la UE, deben cumplir los siguientes requisitos:<\/p>\n\n\n\n<ul class=\"wp-block-list\">\n<li>Antecedentes penales limpios<\/li>\n\n\n\n<li>Fondos suficientes y asistencia m\u00e9dica para cubrir su estancia.<\/li>\n\n\n\n<li>Sin denegaciones previas de visados Schengen.<\/li>\n<\/ul>\n\n\n\n<h2 class=\"wp-block-heading\">C\u00f3mo solicitar la Golden Visa en Espa\u00f1a<\/h2>\n\n\n\n<ul class=\"wp-block-list\">\n<li>R\u00e1pidez en la expedici\u00f3n del permiso de residencia<\/li>\n\n\n\n<li>Tasas gubernamentales bajas<\/li>\n\n\n\n<li>Cuotas de renovaci\u00f3n bajas<\/li>\n\n\n\n<li>Total libertad para elegir entre las opciones inmobiliarias disponibles.<\/li>\n\n\n\n<li>Viajes sin visa por toda la zona Schengen de la UE. En primer lugar, p\u00f3ngase en contacto con Universal Investment Visa para obtener asesoramiento sobre Espa\u00f1a y otros programas de visa dorada y determinar la opci\u00f3n m\u00e1s adecuada para usted y su familia. Visite Espa\u00f1a para ver las opciones inmobiliarias y seleccione su inversi\u00f3n, designando a un abogado para que se encargue de la tramitaci\u00f3n en su nombre. Mediante un poder notarial (POA), la compra puede completarse en la notar\u00eda en su ausencia.Una vez completada la inversi\u00f3n inmobiliaria, podr\u00e1 solicitar la visa dorada. Esto se puede hacer en Espa\u00f1a o desde su consulado y, por lo general, no tarda m\u00e1s de un mes en expedirse la visa temporal inicial de un a\u00f1o. A continuaci\u00f3n, podr\u00e1 visitar Espa\u00f1a para completar la solicitud de la visa dorada y obtener el permiso de residencia, que se expide inicialmente por dos a\u00f1os. Este se puede renovar cada cinco a\u00f1os, siempre y cuando mantenga su inversi\u00f3n.\n<ul class=\"wp-block-list\">\n<li>Paso 1<\/li>\n\n\n\n<li>Paso 2<\/li>\n\n\n\n<li>Paso 3<\/li>\n\n\n\n<li>Paso 4<\/li>\n<\/ul>\n<\/li>\n<\/ul>\n\n\n\n<h2 class=\"wp-block-heading\">Visa dorada espa\u00f1ola a trav\u00e9s de la inversi\u00f3n inmobiliaria<\/h2>\n\n\n\n<p>Tras alcanzar un m\u00ednimo en 2015, los precios inmobiliarios en Espa\u00f1a han ido aumentando de forma constante, pasando de unos 1450 \u20ac por metro cuadrado en 2015 a unos 1700 \u20ac por metro cuadrado en 2022, lo que supone un crecimiento anual de alrededor del 21 % a nivel nacional. Sin embargo, los precios siguen estando por debajo del m\u00e1ximo de 2101 \u20ac por metro cuadrado alcanzado en 2008 y, a los precios actuales, el sector inmobiliario en Espa\u00f1a puede ofrecer un valor a\u00f1adido en el futuro. Se requiere una inversi\u00f3n de 500 000 euros para solicitar una visa dorada. Los inversionistas que necesiten nuestros servicios pueden consultar nuestro procedimiento para el programa de visa dorada en Espa\u00f1a.<\/p>","protected":false},"excerpt":{"rendered":"<p>Spain Golden Visa Overview Spain launched its golden visa programme in 2013. An investment of \u20ac500,000 in real estate will gain family residency. The Spanish investor visa can be renewed every two years. After five years it is possible to gain permanent residency and after ten years citizenship. It is not necessary to live in [&hellip;]<\/p>\n","protected":false},"author":1,"featured_media":0,"parent":0,"menu_order":0,"comment_status":"closed","ping_status":"closed","template":"","meta":{"footnotes":""},"class_list":["post-270","page","type-page","status-publish","hentry"],"yoast_head":"<!-- This site is optimized with the Yoast SEO plugin v27.3 - https:\/\/yoast.com\/product\/yoast-seo-wordpress\/ -->\n<title>Spain Golden Visa - Investment Visa CN<\/title>\n<meta name=\"robots\" content=\"index, follow, max-snippet:-1, max-image-preview:large, max-video-preview:-1\" \/>\n<link rel=\"canonical\" href=\"https:\/\/investmentvisacn.com\/es_ar\/visado-dorado-espanol\/\" \/>\n<meta property=\"og:locale\" content=\"es_ES\" \/>\n<meta property=\"og:type\" content=\"article\" \/>\n<meta property=\"og:title\" content=\"Spain Golden Visa - Investment Visa CN\" \/>\n<meta property=\"og:description\" content=\"Spain Golden Visa Overview Spain launched its golden visa programme in 2013. An investment of \u20ac500,000 in real estate will gain family residency. The Spanish investor visa can be renewed every two years. After five years it is possible to gain permanent residency and after ten years citizenship. It is not necessary to live in [&hellip;]\" \/>\n<meta property=\"og:url\" content=\"https:\/\/investmentvisacn.com\/es_ar\/visado-dorado-espanol\/\" \/>\n<meta property=\"og:site_name\" content=\"Investment Visa CN\" \/>\n<meta property=\"article:modified_time\" content=\"2024-08-24T07:58:42+00:00\" \/>\n<meta name=\"twitter:card\" content=\"summary_large_image\" \/>\n<meta name=\"twitter:label1\" content=\"Tiempo de lectura\" \/>\n\t<meta name=\"twitter:data1\" content=\"3 minutos\" \/>\n<script type=\"application\/ld+json\" class=\"yoast-schema-graph\">{\"@context\":\"https:\\\/\\\/schema.org\",\"@graph\":[{\"@type\":\"WebPage\",\"@id\":\"https:\\\/\\\/investmentvisacn.com\\\/spain-golden-visa\\\/\",\"url\":\"https:\\\/\\\/investmentvisacn.com\\\/spain-golden-visa\\\/\",\"name\":\"Spain Golden Visa - Investment Visa CN\",\"isPartOf\":{\"@id\":\"https:\\\/\\\/investmentvisacn.com\\\/#website\"},\"datePublished\":\"2024-08-13T21:36:54+00:00\",\"dateModified\":\"2024-08-24T07:58:42+00:00\",\"breadcrumb\":{\"@id\":\"https:\\\/\\\/investmentvisacn.com\\\/spain-golden-visa\\\/#breadcrumb\"},\"inLanguage\":\"es-AR\",\"potentialAction\":[{\"@type\":\"ReadAction\",\"target\":[\"https:\\\/\\\/investmentvisacn.com\\\/spain-golden-visa\\\/\"]}]},{\"@type\":\"BreadcrumbList\",\"@id\":\"https:\\\/\\\/investmentvisacn.com\\\/spain-golden-visa\\\/#breadcrumb\",\"itemListElement\":[{\"@type\":\"ListItem\",\"position\":1,\"name\":\"Home\",\"item\":\"https:\\\/\\\/investmentvisacn.com\\\/\"},{\"@type\":\"ListItem\",\"position\":2,\"name\":\"Spain Golden Visa\"}]},{\"@type\":\"WebSite\",\"@id\":\"https:\\\/\\\/investmentvisacn.com\\\/#website\",\"url\":\"https:\\\/\\\/investmentvisacn.com\\\/\",\"name\":\"Investment Visa CN\",\"description\":\"Global Investment &amp; Visa Solutions You Can Trust\",\"publisher\":{\"@id\":\"https:\\\/\\\/investmentvisacn.com\\\/#organization\"},\"potentialAction\":[{\"@type\":\"SearchAction\",\"target\":{\"@type\":\"EntryPoint\",\"urlTemplate\":\"https:\\\/\\\/investmentvisacn.com\\\/?s={search_term_string}\"},\"query-input\":{\"@type\":\"PropertyValueSpecification\",\"valueRequired\":true,\"valueName\":\"search_term_string\"}}],\"inLanguage\":\"es-AR\"},{\"@type\":\"Organization\",\"@id\":\"https:\\\/\\\/investmentvisacn.com\\\/#organization\",\"name\":\"Investment Visa CN\",\"url\":\"https:\\\/\\\/investmentvisacn.com\\\/\",\"logo\":{\"@type\":\"ImageObject\",\"inLanguage\":\"es-AR\",\"@id\":\"https:\\\/\\\/investmentvisacn.com\\\/#\\\/schema\\\/logo\\\/image\\\/\",\"url\":\"https:\\\/\\\/investmentvisacn.com\\\/wp-content\\\/uploads\\\/2024\\\/08\\\/universalinvestmentvisa.png\",\"contentUrl\":\"https:\\\/\\\/investmentvisacn.com\\\/wp-content\\\/uploads\\\/2024\\\/08\\\/universalinvestmentvisa.png\",\"width\":180,\"height\":60,\"caption\":\"Investment Visa CN\"},\"image\":{\"@id\":\"https:\\\/\\\/investmentvisacn.com\\\/#\\\/schema\\\/logo\\\/image\\\/\"}}]}<\/script>\n<!-- \/ Yoast SEO plugin. -->","yoast_head_json":{"title":"Visa Dorada de Espa\u00f1a - Visa de Inversi\u00f3n CN","robots":{"index":"index","follow":"follow","max-snippet":"max-snippet:-1","max-image-preview":"max-image-preview:large","max-video-preview":"max-video-preview:-1"},"canonical":"https:\/\/investmentvisacn.com\/es_ar\/visado-dorado-espanol\/","og_locale":"es_ES","og_type":"article","og_title":"Spain Golden Visa - Investment Visa CN","og_description":"Spain Golden Visa Overview Spain launched its golden visa programme in 2013. An investment of \u20ac500,000 in real estate will gain family residency. The Spanish investor visa can be renewed every two years. After five years it is possible to gain permanent residency and after ten years citizenship. It is not necessary to live in [&hellip;]","og_url":"https:\/\/investmentvisacn.com\/es_ar\/visado-dorado-espanol\/","og_site_name":"Investment Visa CN","article_modified_time":"2024-08-24T07:58:42+00:00","twitter_card":"summary_large_image","twitter_misc":{"Tiempo de lectura":"3 minutos"},"schema":{"@context":"https:\/\/schema.org","@graph":[{"@type":"WebPage","@id":"https:\/\/investmentvisacn.com\/spain-golden-visa\/","url":"https:\/\/investmentvisacn.com\/spain-golden-visa\/","name":"Visa Dorada de Espa\u00f1a - Visa de Inversi\u00f3n CN","isPartOf":{"@id":"https:\/\/investmentvisacn.com\/#website"},"datePublished":"2024-08-13T21:36:54+00:00","dateModified":"2024-08-24T07:58:42+00:00","breadcrumb":{"@id":"https:\/\/investmentvisacn.com\/spain-golden-visa\/#breadcrumb"},"inLanguage":"es-AR","potentialAction":[{"@type":"ReadAction","target":["https:\/\/investmentvisacn.com\/spain-golden-visa\/"]}]},{"@type":"BreadcrumbList","@id":"https:\/\/investmentvisacn.com\/spain-golden-visa\/#breadcrumb","itemListElement":[{"@type":"ListItem","position":1,"name":"Home","item":"https:\/\/investmentvisacn.com\/"},{"@type":"ListItem","position":2,"name":"Spain Golden Visa"}]},{"@type":"WebSite","@id":"https:\/\/investmentvisacn.com\/#website","url":"https:\/\/investmentvisacn.com\/","name":"Visa de inversi\u00f3n CN","description":"Soluciones globales de inversi\u00f3n y visas en las que puede confiar","publisher":{"@id":"https:\/\/investmentvisacn.com\/#organization"},"potentialAction":[{"@type":"SearchAction","target":{"@type":"EntryPoint","urlTemplate":"https:\/\/investmentvisacn.com\/?s={search_term_string}"},"query-input":{"@type":"PropertyValueSpecification","valueRequired":true,"valueName":"search_term_string"}}],"inLanguage":"es-AR"},{"@type":"Organization","@id":"https:\/\/investmentvisacn.com\/#organization","name":"Visa de inversi\u00f3n CN","url":"https:\/\/investmentvisacn.com\/","logo":{"@type":"ImageObject","inLanguage":"es-AR","@id":"https:\/\/investmentvisacn.com\/#\/schema\/logo\/image\/","url":"https:\/\/investmentvisacn.com\/wp-content\/uploads\/2024\/08\/universalinvestmentvisa.png","contentUrl":"https:\/\/investmentvisacn.com\/wp-content\/uploads\/2024\/08\/universalinvestmentvisa.png","width":180,"height":60,"caption":"Investment Visa CN"},"image":{"@id":"https:\/\/investmentvisacn.com\/#\/schema\/logo\/image\/"}}]}},"_links":{"self":[{"href":"https:\/\/investmentvisacn.com\/es_ar\/wp-json\/wp\/v2\/pages\/270","targetHints":{"allow":["GET"]}}],"collection":[{"href":"https:\/\/investmentvisacn.com\/es_ar\/wp-json\/wp\/v2\/pages"}],"about":[{"href":"https:\/\/investmentvisacn.com\/es_ar\/wp-json\/wp\/v2\/types\/page"}],"author":[{"embeddable":true,"href":"https:\/\/investmentvisacn.com\/es_ar\/wp-json\/wp\/v2\/users\/1"}],"replies":[{"embeddable":true,"href":"https:\/\/investmentvisacn.com\/es_ar\/wp-json\/wp\/v2\/comments?post=270"}],"version-history":[{"count":3,"href":"https:\/\/investmentvisacn.com\/es_ar\/wp-json\/wp\/v2\/pages\/270\/revisions"}],"predecessor-version":[{"id":473,"href":"https:\/\/investmentvisacn.com\/es_ar\/wp-json\/wp\/v2\/pages\/270\/revisions\/473"}],"wp:attachment":[{"href":"https:\/\/investmentvisacn.com\/es_ar\/wp-json\/wp\/v2\/media?parent=270"}],"curies":[{"name":"wp","href":"https:\/\/api.w.org\/{rel}","templated":true}]}}