{"id":266,"date":"2024-08-13T21:32:02","date_gmt":"2024-08-13T21:32:02","guid":{"rendered":"https:\/\/universalinvestmentvisa.com\/?page_id=266"},"modified":"2024-08-13T21:32:03","modified_gmt":"2024-08-13T21:32:03","slug":"visado-dorado-de-brasil","status":"publish","type":"page","link":"https:\/\/investmentvisacn.com\/es_ar\/brazil-golden-visa\/","title":{"rendered":"Visado Dorado de Brasil"},"content":{"rendered":"<h2 class=\"wp-block-heading\"><strong>Visa Dorada de Brasil (VIPER): residencia permanente en Brasil mediante inversi\u00f3n inmobiliaria<\/strong><\/h2>\n\n\n\n<p>Brasil cuenta con una de las 12 econom\u00edas m\u00e1s grandes del mundo, un nivel de felicidad sin igual entre sus habitantes y es, sencillamente, el pa\u00eds m\u00e1s hermoso del mundo. Por estas y muchas otras razones, es posible que te interese emigrar a Brasil. Sin embargo, antes de hacerlo, debes contar con un derecho legal para residir en el pa\u00eds durante un per\u00edodo prolongado. Una forma de obtener ese derecho es invirtiendo en el sector inmobiliario brasile\u00f1o. La visa de inversionista de Brasil, conocida como la \u201cVisa Dorada\u201d, le otorga el derecho a la residencia permanente en Brasil. Obtenga m\u00e1s informaci\u00f3n sobre los requisitos de inmigraci\u00f3n, que se detallan a continuaci\u00f3n.<\/p>\n\n\n\n<h2 class=\"wp-block-heading\"><strong>La \u00abGolden Visa\u00bb inmobiliaria de Brasil (VIPER): una visi\u00f3n general<\/strong><\/h2>\n\n\n\n<p>El objetivo del programa de la \u00abvisa dorada\u00bb de Brasil es atraer d\u00f3lares extranjeros a la econom\u00eda. Con ese fin, el pa\u00eds exige a los interesados que utilicen recursos externos para invertir en una propiedad cuyo valor sea de al menos 1 000 000,00 reales brasile\u00f1os, lo que equivale a poco menos de 200 000 d\u00f3lares estadounidenses en el momento de redactar este art\u00edculo.<\/p>\n\n\n\n<p>A continuaci\u00f3n, te presentamos algunos aspectos clave que debes saber sobre este programa de visados para inversores conocido como VIPER:<\/p>\n\n\n\n<ul class=\"wp-block-list\">\n<li>La propiedad debe estar ubicada en una zona urbana<\/li>\n\n\n\n<li>Para poder optar a ello, debe adquirir dos o m\u00e1s propiedades cuyo valor total sea de al menos 1 000 000,00 rands.<\/li>\n\n\n\n<li>Se permite la copropiedad siempre y cuando cada copropietario invierta la cantidad m\u00ednima<\/li>\n\n\n\n<li>Puedes gastar hasta 301 000 d\u00f3lares menos en la propiedad y seguir cumpliendo los requisitos si compras en determinadas zonas del pa\u00eds<\/li>\n<\/ul>\n\n\n\n<p>Asesor de contacto<\/p>\n\n\n\n<h2 class=\"wp-block-heading\">Ventajas de la residencia permanente en Brasil<\/h2>\n\n\n\n<p>La raz\u00f3n por la que las personas desean obtener la residencia permanente en Brasil, o incluso la ciudadan\u00eda brasile\u00f1a mediante inversi\u00f3n, es para librarse de las molestias a las que se enfrentan los turistas en el pa\u00eds. Entre las ventajas se incluyen:<\/p>\n\n\n\n<ul class=\"wp-block-list\">\n<li>Documento de identidad brasile\u00f1o para extranjeros<br>El CRNM es un documento de identidad brasile\u00f1o exclusivo para los ciudadanos extranjeros que residen en Brasil. Este documento les permitir\u00e1 a los ciudadanos extranjeros abrir una cuenta bancaria, solicitar una licencia de conducir y acceder a muchos otros beneficios.<\/li>\n\n\n\n<li>Qu\u00e9date en Brasil todo el tiempo que quieras.<br>La mayor\u00eda de los ciudadanos extranjeros solo pueden permanecer en Brasil hasta 180 d\u00edas.<\/li>\n\n\n\n<li>Entrar y salir del pa\u00eds tantas veces como sea necesario<br>Ya no tienes que preocuparte por pasar por el control de inmigraci\u00f3n de Brasil. Como residente permanente, tampoco hay l\u00edmite en cuanto al n\u00famero de veces que puedes entrar y salir del pa\u00eds.<\/li>\n\n\n\n<li>Acceso a los servicios p\u00fablicos y otros servicios<br>Muchas empresas de servicios p\u00fablicos y proveedores de servicios no prestan sus servicios a menos que se disponga de un documento de identidad brasile\u00f1o. El CRNM es aceptado pr\u00e1cticamente por todas las empresas de servicios p\u00fablicos y proveedores de servicios.<\/li>\n\n\n\n<li>Acceso a la ciudadan\u00eda brasile\u00f1a<br>Por \u00faltimo, pero no menos importante, la visa Viper de Brasil te permite solicitar la ciudadan\u00eda brasile\u00f1a. Aunque no existe una ciudadan\u00eda brasile\u00f1a por inversi\u00f3n propiamente dicha, \u00a1los titulares de la tarjeta de residencia permanente en Brasil pueden solicitar la ciudadan\u00eda brasile\u00f1a tras cuatro a\u00f1os como residentes permanentes!<\/li>\n<\/ul>\n\n\n\n<p>Brasil es un lugar fant\u00e1stico para vivir si te gustan las playas de arena, los paisajes tropicales y una poblaci\u00f3n alegre y acogedora. Si crees que la Visa Dorada de este pa\u00eds, que se obtiene mediante la inversi\u00f3n inmobiliaria, es la opci\u00f3n adecuada para tu familia, no hay mejor momento que el presente para iniciar este proceso. Sin embargo, puede resultar realmente abrumador cuando te adentras por primera vez en algo as\u00ed, y es probable que tengas un sinf\u00edn de preguntas al principio.<\/p>\n\n\n\n<h2 class=\"wp-block-heading\">Obtener la Visa Dorada Brasile\u00f1a (VIPER), una visa de inversi\u00f3n universal, es la v\u00eda que recomendamos para conseguir la residencia permanente en Brasil, as\u00ed como la ciudadan\u00eda brasile\u00f1a. Estos son los pasos principales que hay que seguir:<\/h2>\n\n\n\n<h3 class=\"wp-block-heading\"><strong>Buscar la propiedad<\/strong><\/h3>\n\n\n\n<p>El primer paso es encontrar una propiedad que te guste en una zona urbana y asegurarte de que cumpla con el monto m\u00ednimo de inversi\u00f3n, que es de 140 000 d\u00f3lares estadounidenses. Las propiedades situadas en el norte y el noreste del pa\u00eds solo deber\u00e1n alcanzar el 70 % de los 140 000 d\u00f3lares estadounidenses.<\/p>\n\n\n\n<h3 class=\"wp-block-heading\"><strong>Diligencia debida<\/strong><\/h3>\n\n\n\n<p>Una vez que lo haya hecho, aseg\u00farese de que su abogado realice una verificaci\u00f3n exhaustiva de la propiedad antes de comprometerse a comprarla. Esto deber\u00eda incluir:<\/p>\n\n\n\n<h3 class=\"wp-block-heading\"><strong>Comprar<\/strong><\/h3>\n\n\n\n<p>Puede resultar complicado y arriesgado gestionar todo esto desde otro pa\u00eds, sobre todo si no hablas portugu\u00e9s. Debes contar con ayuda profesional para estructurar la operaci\u00f3n y enviar el pago correctamente. Ten en cuenta que solo la transferencia de dinero a Brasil puede tardar varias semanas y requerir mucho papeleo.<\/p>\n\n\n\n<h3 class=\"wp-block-heading\"><strong>Solicitud de residencia<\/strong><\/h3>\n\n\n\n<p>Una vez realizada la compra, deber\u00e1 presentar el comprobante de compra y el comprobante de la transferencia de fondos a la cuenta bancaria del vendedor, emitidos por un banco brasile\u00f1o, junto con muchos otros documentos. Su abogado presentar\u00e1 la denominada solicitud VIPER a trav\u00e9s de un sistema llamado MigrantWeb, desarrollado por las autoridades brasile\u00f1as.<\/p>\n\n\n\n<h3 class=\"wp-block-heading\"><strong>Sellado del visado de residencia<\/strong><\/h3>\n\n\n\n<p>Una vez completada la validaci\u00f3n, recibir\u00e1 un permiso de residencia temporal de cuatro a\u00f1os.<\/p>\n\n\n\n<h3 class=\"wp-block-heading\"><strong>Pasar a la residencia permanente<\/strong><\/h3>\n\n\n\n<p>Si al cabo de cuatro a\u00f1os sigues siendo propietario del inmueble, podr\u00e1s solicitar la residencia permanente.<\/p>\n\n\n\n<h3 class=\"wp-block-heading\"><strong>Ciudadan\u00eda<\/strong><\/h3>\n\n\n\n<p>Y una vez que hayas vivido en Brasil como residente permanente durante cuatro a\u00f1os, podr\u00e1s solicitar la naturalizaci\u00f3n brasile\u00f1a.<\/p>\n\n\n\n<ul class=\"wp-block-list\">\n<li>Paso 1<\/li>\n\n\n\n<li>Paso 2\n<ul class=\"wp-block-list\">\n<li>T\u00edtulo de propiedad con inscripci\u00f3n<\/li>\n\n\n\n<li>Certificado de ausencia de grav\u00e1menes inmobiliarios<\/li>\n\n\n\n<li>Certificado de no adeudo del IPTU<\/li>\n\n\n\n<li>Liquidaci\u00f3n de vendedores<\/li>\n<\/ul>\n<\/li>\n\n\n\n<li>Paso 3<\/li>\n\n\n\n<li>Paso 4<\/li>\n\n\n\n<li>Paso 5<\/li>\n\n\n\n<li>Paso 6<\/li>\n\n\n\n<li>Paso 7<\/li>\n<\/ul>\n\n\n\n<ul class=\"wp-block-list\">\n<li>una inversi\u00f3n de entre 100 000 y 200 000 T1P4T (entre 500 000 y 1 000 000 de reales brasile\u00f1os)<br><br><br>La inversi\u00f3n puede adoptar cualquier forma (incluida la compra de un terreno o una propiedad)<br><br><br><br><\/li>\n\n\n\n<li>Residencia para toda la familia (incluidos todos tus familiares a cargo)<br><br><br>Flexible. Sin requisitos de residencia (solo hay que visitar el pa\u00eds una vez cada dos a\u00f1os para mantener la residencia permanente)<br><br><br><br><\/li>\n\n\n\n<li>Ciudadan\u00eda y pasaporte: 4 a\u00f1os<br><br><br>(ciudadan\u00eda para futuros dependientes)<br><br><br><br><\/li>\n<\/ul>\n\n\n\n<p>A continuaci\u00f3n, enumeramos algunas de las preguntas m\u00e1s frecuentes que recibimos sobre la Visa Dorada en Brasil. Sin embargo, es imposible tratar todos los temas en profundidad aqu\u00ed. Por favor, p\u00f3ngase en contacto con nuestros asesores para obtener m\u00e1s detalles.<\/p>\n\n\n\n<h2 class=\"wp-block-heading\">Preguntas frecuentes sobre la Visa Dorada de Brasil<\/h2>\n\n\n\n<hr class=\"wp-block-separator has-alpha-channel-opacity\"\/>\n\n\n\n<hr class=\"wp-block-separator has-alpha-channel-opacity\"\/>\n\n\n\n<hr class=\"wp-block-separator has-alpha-channel-opacity\"\/>\n\n\n\n<hr class=\"wp-block-separator has-alpha-channel-opacity\"\/>\n\n\n\n<hr class=\"wp-block-separator has-alpha-channel-opacity\"\/>\n\n\n\n<hr class=\"wp-block-separator has-alpha-channel-opacity\"\/>\n\n\n\n<hr class=\"wp-block-separator has-alpha-channel-opacity\"\/>\n\n\n\n<ul class=\"wp-block-list\">\n<li><br>\u00bfQu\u00e9 es un visado de inversor brasile\u00f1o?<br>Un \u201cvisado permanente\u201d, como el visado de inversor, permite a un extranjero vivir y trabajar en Brasil. Se le tratar\u00e1 como a cualquier ciudadano brasile\u00f1o, salvo en lo que respecta al derecho al voto y a los derechos pol\u00edticos<\/li>\n\n\n\n<li>\u00bfTiene derecho la familia del titular de la visa de inversionista a venir a Brasil?<br>El extranjero residente tambi\u00e9n puede traer a su familia y entrar y salir del pa\u00eds cuando lo desee.<\/li>\n\n\n\n<li>\u00bfHay un per\u00edodo m\u00ednimo de estancia?<br>El per\u00edodo m\u00ednimo de estancia en Brasil es una entrada al pa\u00eds cada dos a\u00f1os, con el fin de mantener su estatus de residencia ante las autoridades brasile\u00f1as.<\/li>\n\n\n\n<li>\u00bfA d\u00f3nde se transfieren los fondos de inversi\u00f3n?<br>La inversi\u00f3n y la transferencia de fondos deben realizarse a la cuenta de su empresa brasile\u00f1a o de otra empresa brasile\u00f1a, si as\u00ed lo desea<\/li>\n\n\n\n<li>\u00bfQu\u00e9 se puede hacer con ese dinero una vez que est\u00e1 en la cuenta de la empresa?<br>La empresa puede entonces invertir esos fondos como mejor le convenga, ya sea en bienes ra\u00edces, inversiones bancarias, acciones, etc. Usted puede elegir su propia inversi\u00f3n, pero debe realizarse a nombre de su empresa. La mayor\u00eda de los extranjeros, por lo general aquellos que ya est\u00e1n comprando bienes ra\u00edces, aprovechan esta ventaja. Pero usted puede invertir en acciones e incluso en cuentas de ahorro, donde las tasas de inter\u00e9s y los dividendos son mucho m\u00e1s altos que los que se aplican y se observan en otros pa\u00edses<\/li>\n\n\n\n<li>\u00bfCu\u00e1l es la vigencia del visado de inversionista?<br>Obtienes el estatus de residente permanente.<\/li>\n<\/ul>\n\n\n\n<p>\u00bfQui\u00e9n debe presentar la solicitud?<br>La persona que desee obtener la ciudadan\u00eda brasile\u00f1a debe presentar la solicitud por s\u00ed misma. Si una persona menor de 18 a\u00f1os desea naturalizarse, deben ser los padres o los tutores legales quienes presenten la solicitud.<\/p>","protected":false},"excerpt":{"rendered":"<p>Brazil Golden Visa (VIPER) \u2013 Permanent Residency in Brazil through Real Estate Investment Brazil has one of the top 12 largest economies, an unmatched level of happiness among its residents, and is simply the most beautiful country in the world. For those reasons and plenty of others, you might be interested in immigrating to Brazil. [&hellip;]<\/p>\n","protected":false},"author":1,"featured_media":0,"parent":0,"menu_order":0,"comment_status":"closed","ping_status":"closed","template":"","meta":{"footnotes":""},"class_list":["post-266","page","type-page","status-publish","hentry"],"yoast_head":"<!-- This site is optimized with the Yoast SEO plugin v27.3 - https:\/\/yoast.com\/product\/yoast-seo-wordpress\/ -->\n<title>Brazil Golden Visa - Investment Visa CN<\/title>\n<meta name=\"robots\" content=\"index, follow, max-snippet:-1, max-image-preview:large, max-video-preview:-1\" \/>\n<link rel=\"canonical\" href=\"https:\/\/investmentvisacn.com\/es_ar\/visado-dorado-de-brasil\/\" \/>\n<meta property=\"og:locale\" content=\"es_ES\" \/>\n<meta property=\"og:type\" content=\"article\" \/>\n<meta property=\"og:title\" content=\"Brazil Golden Visa - Investment Visa CN\" \/>\n<meta property=\"og:description\" content=\"Brazil Golden Visa (VIPER) \u2013 Permanent Residency in Brazil through Real Estate Investment Brazil has one of the top 12 largest economies, an unmatched level of happiness among its residents, and is simply the most beautiful country in the world. For those reasons and plenty of others, you might be interested in immigrating to Brazil. [&hellip;]\" \/>\n<meta property=\"og:url\" content=\"https:\/\/investmentvisacn.com\/es_ar\/visado-dorado-de-brasil\/\" \/>\n<meta property=\"og:site_name\" content=\"Investment Visa CN\" \/>\n<meta property=\"article:modified_time\" content=\"2024-08-13T21:32:03+00:00\" \/>\n<meta name=\"twitter:card\" content=\"summary_large_image\" \/>\n<meta name=\"twitter:label1\" content=\"Tiempo de lectura\" \/>\n\t<meta name=\"twitter:data1\" content=\"6 minutos\" \/>\n<script type=\"application\/ld+json\" class=\"yoast-schema-graph\">{\"@context\":\"https:\\\/\\\/schema.org\",\"@graph\":[{\"@type\":\"WebPage\",\"@id\":\"https:\\\/\\\/investmentvisacn.com\\\/brazil-golden-visa\\\/\",\"url\":\"https:\\\/\\\/investmentvisacn.com\\\/brazil-golden-visa\\\/\",\"name\":\"Brazil Golden Visa - Investment Visa CN\",\"isPartOf\":{\"@id\":\"https:\\\/\\\/investmentvisacn.com\\\/#website\"},\"datePublished\":\"2024-08-13T21:32:02+00:00\",\"dateModified\":\"2024-08-13T21:32:03+00:00\",\"breadcrumb\":{\"@id\":\"https:\\\/\\\/investmentvisacn.com\\\/brazil-golden-visa\\\/#breadcrumb\"},\"inLanguage\":\"es-AR\",\"potentialAction\":[{\"@type\":\"ReadAction\",\"target\":[\"https:\\\/\\\/investmentvisacn.com\\\/brazil-golden-visa\\\/\"]}]},{\"@type\":\"BreadcrumbList\",\"@id\":\"https:\\\/\\\/investmentvisacn.com\\\/brazil-golden-visa\\\/#breadcrumb\",\"itemListElement\":[{\"@type\":\"ListItem\",\"position\":1,\"name\":\"Home\",\"item\":\"https:\\\/\\\/investmentvisacn.com\\\/\"},{\"@type\":\"ListItem\",\"position\":2,\"name\":\"Brazil Golden Visa\"}]},{\"@type\":\"WebSite\",\"@id\":\"https:\\\/\\\/investmentvisacn.com\\\/#website\",\"url\":\"https:\\\/\\\/investmentvisacn.com\\\/\",\"name\":\"Investment Visa CN\",\"description\":\"Global Investment &amp; Visa Solutions You Can Trust\",\"publisher\":{\"@id\":\"https:\\\/\\\/investmentvisacn.com\\\/#organization\"},\"potentialAction\":[{\"@type\":\"SearchAction\",\"target\":{\"@type\":\"EntryPoint\",\"urlTemplate\":\"https:\\\/\\\/investmentvisacn.com\\\/?s={search_term_string}\"},\"query-input\":{\"@type\":\"PropertyValueSpecification\",\"valueRequired\":true,\"valueName\":\"search_term_string\"}}],\"inLanguage\":\"es-AR\"},{\"@type\":\"Organization\",\"@id\":\"https:\\\/\\\/investmentvisacn.com\\\/#organization\",\"name\":\"Investment Visa CN\",\"url\":\"https:\\\/\\\/investmentvisacn.com\\\/\",\"logo\":{\"@type\":\"ImageObject\",\"inLanguage\":\"es-AR\",\"@id\":\"https:\\\/\\\/investmentvisacn.com\\\/#\\\/schema\\\/logo\\\/image\\\/\",\"url\":\"https:\\\/\\\/investmentvisacn.com\\\/wp-content\\\/uploads\\\/2024\\\/08\\\/universalinvestmentvisa.png\",\"contentUrl\":\"https:\\\/\\\/investmentvisacn.com\\\/wp-content\\\/uploads\\\/2024\\\/08\\\/universalinvestmentvisa.png\",\"width\":180,\"height\":60,\"caption\":\"Investment Visa CN\"},\"image\":{\"@id\":\"https:\\\/\\\/investmentvisacn.com\\\/#\\\/schema\\\/logo\\\/image\\\/\"}}]}<\/script>\n<!-- \/ Yoast SEO plugin. -->","yoast_head_json":{"title":"Visado Dorado de Brasil - Visado de inversi\u00f3n CN","robots":{"index":"index","follow":"follow","max-snippet":"max-snippet:-1","max-image-preview":"max-image-preview:large","max-video-preview":"max-video-preview:-1"},"canonical":"https:\/\/investmentvisacn.com\/es_ar\/visado-dorado-de-brasil\/","og_locale":"es_ES","og_type":"article","og_title":"Brazil Golden Visa - Investment Visa CN","og_description":"Brazil Golden Visa (VIPER) \u2013 Permanent Residency in Brazil through Real Estate Investment Brazil has one of the top 12 largest economies, an unmatched level of happiness among its residents, and is simply the most beautiful country in the world. For those reasons and plenty of others, you might be interested in immigrating to Brazil. [&hellip;]","og_url":"https:\/\/investmentvisacn.com\/es_ar\/visado-dorado-de-brasil\/","og_site_name":"Investment Visa CN","article_modified_time":"2024-08-13T21:32:03+00:00","twitter_card":"summary_large_image","twitter_misc":{"Tiempo de lectura":"6 minutos"},"schema":{"@context":"https:\/\/schema.org","@graph":[{"@type":"WebPage","@id":"https:\/\/investmentvisacn.com\/brazil-golden-visa\/","url":"https:\/\/investmentvisacn.com\/brazil-golden-visa\/","name":"Visado Dorado de Brasil - Visado de inversi\u00f3n CN","isPartOf":{"@id":"https:\/\/investmentvisacn.com\/#website"},"datePublished":"2024-08-13T21:32:02+00:00","dateModified":"2024-08-13T21:32:03+00:00","breadcrumb":{"@id":"https:\/\/investmentvisacn.com\/brazil-golden-visa\/#breadcrumb"},"inLanguage":"es-AR","potentialAction":[{"@type":"ReadAction","target":["https:\/\/investmentvisacn.com\/brazil-golden-visa\/"]}]},{"@type":"BreadcrumbList","@id":"https:\/\/investmentvisacn.com\/brazil-golden-visa\/#breadcrumb","itemListElement":[{"@type":"ListItem","position":1,"name":"Home","item":"https:\/\/investmentvisacn.com\/"},{"@type":"ListItem","position":2,"name":"Brazil Golden Visa"}]},{"@type":"WebSite","@id":"https:\/\/investmentvisacn.com\/#website","url":"https:\/\/investmentvisacn.com\/","name":"Visa de inversi\u00f3n CN","description":"Soluciones globales de inversi\u00f3n y visas en las que puede confiar","publisher":{"@id":"https:\/\/investmentvisacn.com\/#organization"},"potentialAction":[{"@type":"SearchAction","target":{"@type":"EntryPoint","urlTemplate":"https:\/\/investmentvisacn.com\/?s={search_term_string}"},"query-input":{"@type":"PropertyValueSpecification","valueRequired":true,"valueName":"search_term_string"}}],"inLanguage":"es-AR"},{"@type":"Organization","@id":"https:\/\/investmentvisacn.com\/#organization","name":"Visa de inversi\u00f3n CN","url":"https:\/\/investmentvisacn.com\/","logo":{"@type":"ImageObject","inLanguage":"es-AR","@id":"https:\/\/investmentvisacn.com\/#\/schema\/logo\/image\/","url":"https:\/\/investmentvisacn.com\/wp-content\/uploads\/2024\/08\/universalinvestmentvisa.png","contentUrl":"https:\/\/investmentvisacn.com\/wp-content\/uploads\/2024\/08\/universalinvestmentvisa.png","width":180,"height":60,"caption":"Investment Visa CN"},"image":{"@id":"https:\/\/investmentvisacn.com\/#\/schema\/logo\/image\/"}}]}},"_links":{"self":[{"href":"https:\/\/investmentvisacn.com\/es_ar\/wp-json\/wp\/v2\/pages\/266","targetHints":{"allow":["GET"]}}],"collection":[{"href":"https:\/\/investmentvisacn.com\/es_ar\/wp-json\/wp\/v2\/pages"}],"about":[{"href":"https:\/\/investmentvisacn.com\/es_ar\/wp-json\/wp\/v2\/types\/page"}],"author":[{"embeddable":true,"href":"https:\/\/investmentvisacn.com\/es_ar\/wp-json\/wp\/v2\/users\/1"}],"replies":[{"embeddable":true,"href":"https:\/\/investmentvisacn.com\/es_ar\/wp-json\/wp\/v2\/comments?post=266"}],"version-history":[{"count":1,"href":"https:\/\/investmentvisacn.com\/es_ar\/wp-json\/wp\/v2\/pages\/266\/revisions"}],"predecessor-version":[{"id":267,"href":"https:\/\/investmentvisacn.com\/es_ar\/wp-json\/wp\/v2\/pages\/266\/revisions\/267"}],"wp:attachment":[{"href":"https:\/\/investmentvisacn.com\/es_ar\/wp-json\/wp\/v2\/media?parent=266"}],"curies":[{"name":"wp","href":"https:\/\/api.w.org\/{rel}","templated":true}]}}