{"id":264,"date":"2024-08-13T21:16:35","date_gmt":"2024-08-13T21:16:35","guid":{"rendered":"https:\/\/universalinvestmentvisa.com\/?page_id=264"},"modified":"2024-08-21T16:27:09","modified_gmt":"2024-08-21T16:27:09","slug":"ciudadania-de-vanuatu","status":"publish","type":"page","link":"https:\/\/investmentvisacn.com\/es_ar\/vanuatu-citizenship\/","title":{"rendered":"Ciudadan\u00eda de Vanuatu"},"content":{"rendered":"<div data-elementor-type=\"wp-page\" data-elementor-id=\"264\" class=\"elementor elementor-264\" data-elementor-post-type=\"page\">\n\t\t\t\t\t\t<section class=\"elementor-section elementor-top-section elementor-element elementor-element-6cb280e4 elementor-section-boxed elementor-section-height-default elementor-section-height-default\" data-id=\"6cb280e4\" data-element_type=\"section\" data-e-type=\"section\">\n\t\t\t\t\t\t<div class=\"elementor-container elementor-column-gap-default\">\n\t\t\t\t\t<div class=\"elementor-column elementor-col-100 elementor-top-column elementor-element elementor-element-758f7e22\" data-id=\"758f7e22\" data-element_type=\"column\" data-e-type=\"column\">\n\t\t\t<div class=\"elementor-widget-wrap elementor-element-populated\">\n\t\t\t\t\t\t<div class=\"elementor-element elementor-element-51eeac02 elementor-widget elementor-widget-text-editor\" data-id=\"51eeac02\" data-element_type=\"widget\" data-e-type=\"widget\" data-widget_type=\"text-editor.default\">\n\t\t\t\t<div class=\"elementor-widget-container\">\n\t\t\t\t\t\t\t\t\t\n<h2 class=\"wp-block-heading\">Resumen del Programa de Ciudadan\u00eda por Inversi\u00f3n de Vanuatu<\/h2>\n\n<p>Lanzado por primera vez en 2017, el programa de ciudadan\u00eda por inversi\u00f3n en Vanuatu est\u00e1 disponible para los solicitantes que inviertan desde $130,000 en un fondo de desarrollo local. Conocido oficialmente como el \u201cPrograma de Apoyo al Desarrollo\u201d (DSP) de Vanuatu, el programa ofrece uno de los programas de ciudadan\u00eda y segundo pasaporte m\u00e1s r\u00e1pidos del mundo y es el \u00fanico programa de este tipo en el hemisferio Asia-Pac\u00edfico. Vanuatu, un archipi\u00e9lago de 80 islas en el Pac\u00edfico Sur, al este de Australia, forma parte de la Commonwealth. Los idiomas oficiales son el ingl\u00e9s y el franc\u00e9s. Vanuatu ofrece la ciudadan\u00eda con todos los derechos de Ni-Vanuatu (excepto el derecho al voto y la participaci\u00f3n pol\u00edtica).<\/p>\n\n<h3 style=\"text-align: center;\"><strong><a href=\"https:\/\/investmentvisacn.com\/es_ar\/contactenos\/\">Asesor de contacto<\/a><\/strong><\/h3>\n\n<h4 class=\"wp-block-heading\">C\u00f3mo obtener la ciudadan\u00eda de Vanuatu a trav\u00e9s de la inversi\u00f3n<\/h4>\n\n<p>El programa de inversi\u00f3n para obtener la ciudadan\u00eda de Vanuatu requiere una donaci\u00f3n de $130,000 + tasas para solicitantes individuales, $150,000 + tasas para parejas y $180,000 + tasas para familias de cuatro miembros. La tramitaci\u00f3n es r\u00e1pida y la ciudadan\u00eda se concede normalmente en un plazo de 30 a 60 d\u00edas. Los expertos en visas de inversi\u00f3n universal pueden ayudarle con todo el proceso de solicitud de principio a fin. No hay requisitos de idioma y se lleva a cabo una investigaci\u00f3n de antecedentes de todos los solicitantes, que deben tener un historial penal limpio. La ciudadan\u00eda es hereditaria y se puede organizar una ceremonia de juramento en lugares convenientes de todo el mundo. No hay restricciones en cuanto a la doble nacionalidad y no es necesario visitar o residir en el pa\u00eds para obtener o conservar el pasaporte.<\/p>\n\n<p>Donaci\u00f3n de $130,000<\/p>\n\n<p>Familia completa<\/p>\n\n<p>Ciudadan\u00eda y pasaporte<\/p>\n\n<p>Viajes sin visa a 148 pa\u00edses<\/p>\n\n<p>Tiempo de procesamiento r\u00e1pido<\/p>\n\n<h4 class=\"wp-block-heading\">Requisitos para obtener la ciudadan\u00eda de Vanuatu mediante inversi\u00f3n<\/h4>\n\n<p>Adem\u00e1s de realizar la inversi\u00f3n o donaci\u00f3n necesaria, hay varios requisitos que los solicitantes deben cumplir para Vanuatu.<\/p>\n\n<h3 class=\"wp-block-heading\">Requisitos familiares<\/h3>\n\n<p>Los familiares pueden incluirse en la solicitud de ciudadan\u00eda de Vanuatu. El inversionista principal puede incluir:<\/p>\n\n<ul class=\"wp-block-list\">\n<li>C\u00f3nyuge<\/li>\n\n<li>Hijos a cargo<\/li>\n\n<li>Padres dependientes mayores de 65 a\u00f1os<\/li>\n<\/ul>\n\n<h4 class=\"wp-block-heading\">Requisitos de diligencia debida<\/h4>\n\n<p>Todos los solicitantes deber\u00e1n tener buena reputaci\u00f3n y someterse a todos los tr\u00e1mites de diligencia debida del gobierno de Vanuatu. Los inversionistas deben proporcionar:<\/p>\n\n<ul class=\"wp-block-list\">\n<li>Informes policiales: prueba de antecedentes penales limpios.<\/li>\n\n<li>No tener denegaciones de visa pendientes.<\/li>\n\n<li>Diversa documentaci\u00f3n, incluyendo documentos financieros, documentos laborales\/comerciales, identificaci\u00f3n, comprobante de domicilio.<\/li>\n<\/ul>\n\n<h3 class=\"wp-block-heading\">Requisitos de estancia m\u00ednima<\/h3>\n\n<p>El programa de ciudadan\u00eda por inversi\u00f3n de Vanuatu no exige a los solicitantes ning\u00fan requisito de estancia m\u00ednima. Los ciudadanos ni-vanuatu tendr\u00e1n derecho a vivir, trabajar o estudiar en Vanuatu si as\u00ed lo desean, pero esto no es un requisito previo del programa. Tampoco se requiere ninguna entrevista ni prueba de idioma.<\/p>\n\n<p>Buen car\u00e1cter<br \/>Antecedentes penales limpios<br \/>Sin denegaciones de visa<\/p>\n\n<p>Incluir a toda la familia<br \/>Padres dependientes mayores de 65 a\u00f1os<br \/>Hijos a cargo<\/p>\n\n<p>Sin estancia m\u00ednima<br \/>Sin entrevista<br \/>Sin prueba de idioma<\/p>\n\n<p>Identificaci\u00f3n del solicitante<br \/>Prueba de fondos<br \/>Certificados de nacimiento \/ matrimonio<br \/>Registros financieros<\/p>\n\n<h4 class=\"wp-block-heading\">\u00bfCu\u00e1nto cuesta el Programa de Ciudadan\u00eda por Inversi\u00f3n de Vanuatu?<\/h4>\n\n<p>El programa de ciudadan\u00eda por donaci\u00f3n de Vanuatu requiere una contribuci\u00f3n no reembolsable al fondo de desarrollo del gobierno de $130,000 para un solicitante individual, $150,000 para una pareja o $180,000 para una familia de cuatro miembros. Tambi\u00e9n se aplican tasas adicionales de diligencia debida y tramitaci\u00f3n, que var\u00edan en funci\u00f3n de la edad del solicitante y del tama\u00f1o de su familia.<\/p>\n\n<h4 class=\"wp-block-heading\">\u00bfCu\u00e1nto tiempo se tarda en obtener la ciudadan\u00eda por inversi\u00f3n en Vanuatu?<\/h4>\n\n<p>El programa de ciudadan\u00eda por inversi\u00f3n de Vanuatu ofrece uno de los plazos de tramitaci\u00f3n m\u00e1s r\u00e1pidos. Desde la fecha en que se presenta la solicitud a la Unidad de Ciudadan\u00eda por Inversi\u00f3n (CIU) de Vanuatu, las solicitudes suelen aprobarse en un plazo de 30 a 60 d\u00edas, tras un exhaustivo proceso de verificaci\u00f3n. Antes de presentar la solicitud, la mayor\u00eda de los solicitantes suelen tardar entre<strong>\u00a02-6 semanas<\/strong>\u00a0para reunir su documentaci\u00f3n. Si se tienen en cuenta todos los aspectos del proceso, es posible obtener la ciudadan\u00eda de Vanuatu en un plazo de 2 a 4 meses. Una vez aprobada la solicitud, los solicitantes deben participar en una ceremonia de juramento que puede organizarse en lugares convenientes de todo el mundo. El equipo interno de tramitaci\u00f3n de Universal Investment Visa ayudar\u00e1 a los solicitantes en todo el proceso y la solicitud puede presentarse a distancia, sin necesidad de desplazarse.<\/p>\n\n<h4 class=\"wp-block-heading\">C\u00f3mo obtener la ciudadan\u00eda de Vanuatu mediante inversi\u00f3n<\/h4>\n\n<p>Reserve su consulta gratuita con el equipo de expertos de Universal Investment Visa para analizar y decidir qu\u00e9 programa y v\u00eda de inversi\u00f3n se adapta mejor a usted y a su familia. Nuestros consultores experimentados le proporcionar\u00e1n un presupuesto personalizado que cubrir\u00e1 todos los gastos aplicables. Le asesorar\u00e1n y guiar\u00e1n a lo largo de todo el proceso con todo detalle.<\/p>\n\n<p>Para su tranquilidad, antes de comprometerse, Universal Investment Visa realizar\u00e1 una verificaci\u00f3n de antecedentes previa a la solicitud para garantizar que esta tenga probabilidades de ser aceptada. Una vez completado este proceso y si usted est\u00e1 de acuerdo en continuar, podr\u00e1 iniciar formalmente el tr\u00e1mite firmando nuestro acuerdo de facilitador de clientes y pagando el dep\u00f3sito previo a la solicitud.<\/p>\n\n<p>El equipo interno de tramitaci\u00f3n de visas de inversi\u00f3n de Universal trabajar\u00e1 estrechamente con usted para preparar su solicitud. Una vez que su expediente est\u00e9 completo, nuestro equipo enviar\u00e1 su solicitud a la Unidad de Ciudadan\u00eda por Inversi\u00f3n de San Crist\u00f3bal y Nieves (St Kitts CIU). En esta fase se deber\u00e1n abonar las tasas gubernamentales. A partir de este momento, las solicitudes tardan una media de 60 a 90 d\u00edas en tramitarse.<\/p>\n\n<p>Tras las exhaustivas comprobaciones y an\u00e1lisis de su solicitud por parte de la Unidad de Ciudadan\u00eda de Vanuatu, se emitir\u00e1 una carta de aprobaci\u00f3n del gobierno y se le pedir\u00e1 que realice el pago final y participe en la ceremonia de juramento. El pasaporte se emitir\u00e1 en aproximadamente un mes y se le enviar\u00e1 por correo certificado y seguro.<\/p>\n\n<ul class=\"wp-block-list\">\n<li>Paso 1<\/li>\n\n<li>Paso 2<\/li>\n\n<li>Paso 3<\/li>\n\n<li>Paso 4<\/li>\n<\/ul>\n\n<h4 class=\"wp-block-heading\">Beneficios del Programa de Ciudadan\u00eda por Inversi\u00f3n de Vanuatu<\/h4>\n\n<p>Una vez concedida la ciudadan\u00eda de Vanuatu, los inversionistas recibir\u00e1n un pasaporte de Vanuatu. Los titulares de pasaportes de Vanuatu se benefician de un acceso sin visa a 148 pa\u00edses y territorios de todo el mundo, seg\u00fan el Informe \u00danico sobre Inversi\u00f3n en Pasaportes de Universal Investment Visa. Esto representa m\u00e1s de un tercio del PIB mundial.<\/p>\n\n<p>En marzo de 2022, la UE suspendi\u00f3 temporalmente su acuerdo de exenci\u00f3n de visado con Vanuatu a la espera de la reforma del programa. El gobierno de Vanuatu tiene hasta agosto de 2024 para satisfacer a la UE y levantar la suspensi\u00f3n. Hasta ese momento, los titulares de pasaportes de Vanuatu ya no tendr\u00e1n acceso sin visa a los pa\u00edses miembros de la UE y deber\u00e1n solicitar una visa Schengen por separado para viajar a esta regi\u00f3n. Los titulares de pasaportes de Vanuatu a\u00fan pueden acceder a m\u00e1s de 100 pa\u00edses en todo el mundo, incluidos el Reino Unido, Hong Kong, Singapur y m\u00e1s.<\/p>\n\n<p>M\u00e1s informaci\u00f3n en nuestro Informe sobre la inversi\u00f3n en pasaportes de Vanuatu.<\/p>\n\n<ul class=\"wp-block-list\">\n<li>Viajes sin visa al Reino Unido, Singapur, Hong Kong y m\u00e1s.<\/li>\n\n<li>Seguridad de un pasaporte de respaldo<\/li>\n\n<li>No es necesario trasladarse a Vanuatu.<\/li>\n\n<li>Sin proceso de entrevista<\/li>\n\n<li>Vivir, trabajar y estudiar en Vanuatu<\/li>\n\n<li>No se aplican impuestos sobre el patrimonio, la herencia, las donaciones ni la renta si no se reside en el pa\u00eds.<\/li>\n<\/ul>\n\n<h4 class=\"wp-block-heading\">Ventajas de a\u00f1adir un pasaporte de Vanuatu<\/h4>\n\n<p>A la hora de invertir en una segunda ciudadan\u00eda y pasaporte, es fundamental comprender exactamente c\u00f3mo se combina su pasaporte actual para proporcionar acceso sin visa en todo el mundo. No solo se trata de medir el n\u00famero de destinos sin visa, sino tambi\u00e9n de dar importancia a la relevancia y popularidad de esos destinos. Solo Universal Investment Visa ofrece un an\u00e1lisis tan completo del pasaporte de Vanuatu y de los pasaportes de otros programas de inversi\u00f3n en ciudadan\u00eda, utilizando sofisticadas medidas desarrolladas para viajes de negocios y de placer.\u00a0<a href=\"https:\/\/investmentvisacn.com\/es_ar\/contactenos\/\">Cont\u00e1ctenos<\/a>\u00a0y hable con uno de nuestros asesores para obtener un informe gratuito adaptado a su ciudadan\u00eda y pasaporte actuales.<\/p>\n\t\t\t\t\t\t\t\t<\/div>\n\t\t\t\t<\/div>\n\t\t\t\t\t<\/div>\n\t\t<\/div>\n\t\t\t\t\t<\/div>\n\t\t<\/section>\n\t\t\t\t<\/div>","protected":false},"excerpt":{"rendered":"<p>Overview of Vanuatu Citizenship by Investment Programme First launched in 2017, Citizenship by investment in Vanuatu is available to applicants who invest from $130,000 into a local development fund. Officially known as the Vanuatu \u201cDevelopment Support Programme\u201d (DSP), the programme offers one of the fastest citizenship and second passport programmes in the world and is [&hellip;]<\/p>\n","protected":false},"author":1,"featured_media":0,"parent":0,"menu_order":0,"comment_status":"closed","ping_status":"closed","template":"","meta":{"footnotes":""},"class_list":["post-264","page","type-page","status-publish","hentry"],"yoast_head":"<!-- This site is optimized with the Yoast SEO plugin v27.3 - https:\/\/yoast.com\/product\/yoast-seo-wordpress\/ -->\n<title>Vanuatu Citizenship - Investment Visa CN<\/title>\n<meta name=\"robots\" content=\"index, follow, max-snippet:-1, max-image-preview:large, max-video-preview:-1\" \/>\n<link rel=\"canonical\" href=\"https:\/\/investmentvisacn.com\/es_ar\/ciudadania-de-vanuatu\/\" \/>\n<meta property=\"og:locale\" content=\"es_ES\" \/>\n<meta property=\"og:type\" content=\"article\" \/>\n<meta property=\"og:title\" content=\"Vanuatu Citizenship - Investment Visa CN\" \/>\n<meta property=\"og:description\" content=\"Overview of Vanuatu Citizenship by Investment Programme First launched in 2017, Citizenship by investment in Vanuatu is available to applicants who invest from $130,000 into a local development fund. Officially known as the Vanuatu \u201cDevelopment Support Programme\u201d (DSP), the programme offers one of the fastest citizenship and second passport programmes in the world and is [&hellip;]\" \/>\n<meta property=\"og:url\" content=\"https:\/\/investmentvisacn.com\/es_ar\/ciudadania-de-vanuatu\/\" \/>\n<meta property=\"og:site_name\" content=\"Investment Visa CN\" \/>\n<meta property=\"article:modified_time\" content=\"2024-08-21T16:27:09+00:00\" \/>\n<meta name=\"twitter:card\" content=\"summary_large_image\" \/>\n<meta name=\"twitter:label1\" content=\"Tiempo de lectura\" \/>\n\t<meta name=\"twitter:data1\" content=\"6 minutos\" \/>\n<script type=\"application\/ld+json\" class=\"yoast-schema-graph\">{\"@context\":\"https:\\\/\\\/schema.org\",\"@graph\":[{\"@type\":\"WebPage\",\"@id\":\"https:\\\/\\\/investmentvisacn.com\\\/vanuatu-citizenship\\\/\",\"url\":\"https:\\\/\\\/investmentvisacn.com\\\/vanuatu-citizenship\\\/\",\"name\":\"Vanuatu Citizenship - Investment Visa CN\",\"isPartOf\":{\"@id\":\"https:\\\/\\\/investmentvisacn.com\\\/#website\"},\"datePublished\":\"2024-08-13T21:16:35+00:00\",\"dateModified\":\"2024-08-21T16:27:09+00:00\",\"breadcrumb\":{\"@id\":\"https:\\\/\\\/investmentvisacn.com\\\/vanuatu-citizenship\\\/#breadcrumb\"},\"inLanguage\":\"es-AR\",\"potentialAction\":[{\"@type\":\"ReadAction\",\"target\":[\"https:\\\/\\\/investmentvisacn.com\\\/vanuatu-citizenship\\\/\"]}]},{\"@type\":\"BreadcrumbList\",\"@id\":\"https:\\\/\\\/investmentvisacn.com\\\/vanuatu-citizenship\\\/#breadcrumb\",\"itemListElement\":[{\"@type\":\"ListItem\",\"position\":1,\"name\":\"Home\",\"item\":\"https:\\\/\\\/investmentvisacn.com\\\/\"},{\"@type\":\"ListItem\",\"position\":2,\"name\":\"Vanuatu Citizenship\"}]},{\"@type\":\"WebSite\",\"@id\":\"https:\\\/\\\/investmentvisacn.com\\\/#website\",\"url\":\"https:\\\/\\\/investmentvisacn.com\\\/\",\"name\":\"Investment Visa CN\",\"description\":\"Global Investment &amp; Visa Solutions You Can Trust\",\"publisher\":{\"@id\":\"https:\\\/\\\/investmentvisacn.com\\\/#organization\"},\"potentialAction\":[{\"@type\":\"SearchAction\",\"target\":{\"@type\":\"EntryPoint\",\"urlTemplate\":\"https:\\\/\\\/investmentvisacn.com\\\/?s={search_term_string}\"},\"query-input\":{\"@type\":\"PropertyValueSpecification\",\"valueRequired\":true,\"valueName\":\"search_term_string\"}}],\"inLanguage\":\"es-AR\"},{\"@type\":\"Organization\",\"@id\":\"https:\\\/\\\/investmentvisacn.com\\\/#organization\",\"name\":\"Investment Visa CN\",\"url\":\"https:\\\/\\\/investmentvisacn.com\\\/\",\"logo\":{\"@type\":\"ImageObject\",\"inLanguage\":\"es-AR\",\"@id\":\"https:\\\/\\\/investmentvisacn.com\\\/#\\\/schema\\\/logo\\\/image\\\/\",\"url\":\"https:\\\/\\\/investmentvisacn.com\\\/wp-content\\\/uploads\\\/2024\\\/08\\\/universalinvestmentvisa.png\",\"contentUrl\":\"https:\\\/\\\/investmentvisacn.com\\\/wp-content\\\/uploads\\\/2024\\\/08\\\/universalinvestmentvisa.png\",\"width\":180,\"height\":60,\"caption\":\"Investment Visa CN\"},\"image\":{\"@id\":\"https:\\\/\\\/investmentvisacn.com\\\/#\\\/schema\\\/logo\\\/image\\\/\"}}]}<\/script>\n<!-- \/ Yoast SEO plugin. -->","yoast_head_json":{"title":"Ciudadan\u00eda de Vanuatu - Visa de inversi\u00f3n CN","robots":{"index":"index","follow":"follow","max-snippet":"max-snippet:-1","max-image-preview":"max-image-preview:large","max-video-preview":"max-video-preview:-1"},"canonical":"https:\/\/investmentvisacn.com\/es_ar\/ciudadania-de-vanuatu\/","og_locale":"es_ES","og_type":"article","og_title":"Vanuatu Citizenship - Investment Visa CN","og_description":"Overview of Vanuatu Citizenship by Investment Programme First launched in 2017, Citizenship by investment in Vanuatu is available to applicants who invest from $130,000 into a local development fund. Officially known as the Vanuatu \u201cDevelopment Support Programme\u201d (DSP), the programme offers one of the fastest citizenship and second passport programmes in the world and is [&hellip;]","og_url":"https:\/\/investmentvisacn.com\/es_ar\/ciudadania-de-vanuatu\/","og_site_name":"Investment Visa CN","article_modified_time":"2024-08-21T16:27:09+00:00","twitter_card":"summary_large_image","twitter_misc":{"Tiempo de lectura":"6 minutos"},"schema":{"@context":"https:\/\/schema.org","@graph":[{"@type":"WebPage","@id":"https:\/\/investmentvisacn.com\/vanuatu-citizenship\/","url":"https:\/\/investmentvisacn.com\/vanuatu-citizenship\/","name":"Ciudadan\u00eda de Vanuatu - Visa de inversi\u00f3n CN","isPartOf":{"@id":"https:\/\/investmentvisacn.com\/#website"},"datePublished":"2024-08-13T21:16:35+00:00","dateModified":"2024-08-21T16:27:09+00:00","breadcrumb":{"@id":"https:\/\/investmentvisacn.com\/vanuatu-citizenship\/#breadcrumb"},"inLanguage":"es-AR","potentialAction":[{"@type":"ReadAction","target":["https:\/\/investmentvisacn.com\/vanuatu-citizenship\/"]}]},{"@type":"BreadcrumbList","@id":"https:\/\/investmentvisacn.com\/vanuatu-citizenship\/#breadcrumb","itemListElement":[{"@type":"ListItem","position":1,"name":"Home","item":"https:\/\/investmentvisacn.com\/"},{"@type":"ListItem","position":2,"name":"Vanuatu Citizenship"}]},{"@type":"WebSite","@id":"https:\/\/investmentvisacn.com\/#website","url":"https:\/\/investmentvisacn.com\/","name":"Visa de inversi\u00f3n CN","description":"Soluciones globales de inversi\u00f3n y visas en las que puede confiar","publisher":{"@id":"https:\/\/investmentvisacn.com\/#organization"},"potentialAction":[{"@type":"SearchAction","target":{"@type":"EntryPoint","urlTemplate":"https:\/\/investmentvisacn.com\/?s={search_term_string}"},"query-input":{"@type":"PropertyValueSpecification","valueRequired":true,"valueName":"search_term_string"}}],"inLanguage":"es-AR"},{"@type":"Organization","@id":"https:\/\/investmentvisacn.com\/#organization","name":"Visa de inversi\u00f3n CN","url":"https:\/\/investmentvisacn.com\/","logo":{"@type":"ImageObject","inLanguage":"es-AR","@id":"https:\/\/investmentvisacn.com\/#\/schema\/logo\/image\/","url":"https:\/\/investmentvisacn.com\/wp-content\/uploads\/2024\/08\/universalinvestmentvisa.png","contentUrl":"https:\/\/investmentvisacn.com\/wp-content\/uploads\/2024\/08\/universalinvestmentvisa.png","width":180,"height":60,"caption":"Investment Visa CN"},"image":{"@id":"https:\/\/investmentvisacn.com\/#\/schema\/logo\/image\/"}}]}},"_links":{"self":[{"href":"https:\/\/investmentvisacn.com\/es_ar\/wp-json\/wp\/v2\/pages\/264","targetHints":{"allow":["GET"]}}],"collection":[{"href":"https:\/\/investmentvisacn.com\/es_ar\/wp-json\/wp\/v2\/pages"}],"about":[{"href":"https:\/\/investmentvisacn.com\/es_ar\/wp-json\/wp\/v2\/types\/page"}],"author":[{"embeddable":true,"href":"https:\/\/investmentvisacn.com\/es_ar\/wp-json\/wp\/v2\/users\/1"}],"replies":[{"embeddable":true,"href":"https:\/\/investmentvisacn.com\/es_ar\/wp-json\/wp\/v2\/comments?post=264"}],"version-history":[{"count":7,"href":"https:\/\/investmentvisacn.com\/es_ar\/wp-json\/wp\/v2\/pages\/264\/revisions"}],"predecessor-version":[{"id":445,"href":"https:\/\/investmentvisacn.com\/es_ar\/wp-json\/wp\/v2\/pages\/264\/revisions\/445"}],"wp:attachment":[{"href":"https:\/\/investmentvisacn.com\/es_ar\/wp-json\/wp\/v2\/media?parent=264"}],"curies":[{"name":"wp","href":"https:\/\/api.w.org\/{rel}","templated":true}]}}