{"id":262,"date":"2024-08-13T21:15:39","date_gmt":"2024-08-13T21:15:39","guid":{"rendered":"https:\/\/universalinvestmentvisa.com\/?page_id=262"},"modified":"2024-08-24T16:45:51","modified_gmt":"2024-08-24T16:45:51","slug":"ciudadania-de-samoa","status":"publish","type":"page","link":"https:\/\/investmentvisacn.com\/es_ar\/samoa-citizenship\/","title":{"rendered":"Ciudadan\u00eda de Samoa"},"content":{"rendered":"<h2 class=\"wp-block-heading\">Programa de ciudadan\u00eda por inversi\u00f3n de Samoa<\/h2>\n\n\n\n<p>Samoa puso en marcha su programa de ciudadan\u00eda por inversi\u00f3n en virtud de la Ley de Inversi\u00f3n en Ciudadan\u00eda y su Reglamento de 2016. Este programa es administrado por el Ministerio de Comercio e Industria de Samoa (MCIL). Las solicitudes deben presentarse ante el Comit\u00e9 de Inversi\u00f3n en Ciudadan\u00eda. El programa de inversi\u00f3n en ciudadan\u00eda se puso en marcha oficialmente el martes 31 de enero de 2017.<\/p>\n\n\n\n<h2 class=\"wp-block-heading\">Resumen de la visa para Samoa<\/h2>\n\n\n\n<p>La ciudadan\u00eda por inversi\u00f3n es la concesi\u00f3n de la ciudadan\u00eda a una persona y a sus familiares directos tras realizar una inversi\u00f3n espec\u00edfica y cuantificable en Samoa. Este nuevo programa de ciudadan\u00eda por inversi\u00f3n ofrecer\u00e1 a las personas y a sus familiares directos una opci\u00f3n adicional para obtener la ciudadan\u00eda samoana a trav\u00e9s de la inversi\u00f3n.<\/p>\n\n\n\n<p>Los inversionistas extranjeros y cualquier miembro de su familia pueden solicitar la ciudadan\u00eda samoana en los tres meses previos a la expiraci\u00f3n del permiso de residencia permanente.<\/p>\n\n\n\n<p>Samoa, oficialmente el Estado Independiente de Samoa y, hasta el 4 de julio de 1997, conocido como Samoa Occidental, es un pa\u00eds formado por dos islas principales, Savai'i y Upolu, con cuatro islas m\u00e1s peque\u00f1as que rodean las masas continentales. La capital es Apia. Tras repetidos esfuerzos por parte del movimiento independentista samoano, la Ley de Samoa Occidental de Nueva Zelanda de 1961, de 24 de noviembre de 1961, concedi\u00f3 la independencia a Samoa, que entr\u00f3 en vigor el 1 de enero de 1962.,<\/p>\n\n\n\n<p>Samoa Occidental (Samoa) es miembro de la Commonwealth, tiene una poblaci\u00f3n de 195 000 habitantes y un PIB de $1100 millones. Samoa se encuentra al sur del ecuador, aproximadamente a mitad de camino entre Haw\u00e1i y Nueva Zelanda, en la regi\u00f3n polinesia del oc\u00e9ano Pac\u00edfico. La moneda del pa\u00eds es el tala samoano, emitido y regulado por el Banco Central de Samoa. El turismo es un sector en expansi\u00f3n que actualmente representa el 25% del PIB y recibe m\u00e1s de 100 000 turistas al a\u00f1o. Samoa es muy conocida por el rugby, que es el deporte nacional.<\/p>\n\n\n\n<p class=\"has-text-align-center\"><a href=\"https:\/\/investmentvisacn.com\/es_ar\/contactenos\/\"><strong>Asesor de contacto<\/strong><\/a><\/p>\n\n\n\n<h2 class=\"wp-block-heading\">Beneficios de la Visa Dorada de Samoa<\/h2>\n\n\n\n<ul class=\"wp-block-list\">\n<li>Segunda ciudadan\u00eda y pasaporte de un pa\u00eds peque\u00f1o y pac\u00edfico<\/li>\n\n\n\n<li>Viajes sin visa a 129 pa\u00edses, incluidos Canad\u00e1, Europa, Rusia, Reino Unido e Irlanda.<\/li>\n\n\n\n<li>Samoa tiene el 40.\u00ba mejor pasaporte del mundo en 2018.<\/li>\n\n\n\n<li>Familias y ni\u00f1os con derecho a la ciudadan\u00eda vitalicia<\/li>\n\n\n\n<li>Los inversionistas obtienen la residencia permanente, la ciudadan\u00eda y el pasaporte.<\/li>\n\n\n\n<li>Requisito m\u00ednimo para vivir en el pa\u00eds: 15 d\u00edas al a\u00f1o.<\/li>\n\n\n\n<li>Un segundo pasaporte puede permitir viajar sin visa a jurisdicciones a las que no se puede acceder desde el pa\u00eds de nacimiento.<\/li>\n\n\n\n<li>Planificaci\u00f3n fiscal para personas con alto patrimonio neto<\/li>\n\n\n\n<li>Algunas personas consideran que tener la ciudadan\u00eda y el pasaporte de un pa\u00eds peque\u00f1o y pac\u00edfico es una protecci\u00f3n cuando viajan, especialmente en tiempos de inestabilidad pol\u00edtica, guerra civil, terrorismo y otras situaciones.<\/li>\n\n\n\n<li>La ciudadan\u00eda se considera una inversi\u00f3n alternativa en el futuro.<\/li>\n\n\n\n<li>Se permite la doble nacionalidad en Samoa<\/li>\n<\/ul>\n\n\n\n<h2 class=\"wp-block-heading\">Pasos para la solicitud<\/h2>\n\n\n\n<p>El Comit\u00e9 de Ciudadan\u00eda por Inversi\u00f3n solo podr\u00e1 considerar una solicitud si:<\/p>\n\n\n\n<ul class=\"wp-block-list\">\n<li>Se han pagado \u00edntegramente las tasas de solicitud y diligencia debida.<\/li>\n\n\n\n<li>Prueba de la apertura de la cuenta de dep\u00f3sito fijo y del pago en dicha cuenta de al menos 70% (o, en su lugar, un porcentaje prescrito de al menos 50%) del importe de la inversi\u00f3n.<\/li>\n\n\n\n<li>Se ha recibido el informe sobre las verificaciones de diligencia debida.<\/li>\n<\/ul>\n\n\n\n<h3 class=\"wp-block-heading\">Residencia permanente y ciudadan\u00eda<\/h3>\n\n\n\n<p>El inversionista y cualquier miembro de su familia pueden obtener un permiso de residencia temporal cuando se presenta la solicitud.<\/p>\n\n\n\n<p>El inversionista y cualquier miembro de su familia tienen derecho a obtener un permiso de residencia permanente v\u00e1lido por tres (3) a\u00f1os cuando se aprueba la solicitud; sin embargo, este permiso est\u00e1 sujeto a las siguientes condiciones:<\/p>\n\n\n\n<p>a). El inversionista podr\u00e1 retirar cualquier cantidad de la cuenta de dep\u00f3sito fijo para utilizarla de acuerdo con el plan de inversi\u00f3n, pero deber\u00e1 mantener al menos el 15% de la suma original depositada en la cuenta.<br>b). El Comit\u00e9 podr\u00e1, durante el periodo de tres a\u00f1os de residencia permanente del inversionista, continuar revisando y supervisando el progreso de la inversi\u00f3n que cumple los requisitos de conformidad con el plan o las directrices de inversi\u00f3n, o seg\u00fan lo considere oportuno el Comit\u00e9.<\/p>\n\n\n\n<p>El inversionista y cualquier miembro de su familia pueden solicitar la ciudadan\u00eda samoana en un plazo de tres (3) meses antes de que expire el permiso de residencia permanente, si el inversionista: a. (incluido uno o varios miembros de su familia) ha residido en Samoa durante al menos 15 d\u00edas al a\u00f1o durante el periodo de tres a\u00f1os de vigencia del permiso de residencia permanente; y b. ha cumplido con el plan de inversi\u00f3n.<\/p>\n\n\n\n<p>La Secretar\u00eda recordar\u00e1 al inversionista (y a los miembros de su familia incluidos en la solicitud), por escrito, al menos seis meses antes de la fecha de vencimiento del permiso de residencia permanente, las fechas l\u00edmite y el plazo de elegibilidad para presentar la solicitud de ciudadan\u00eda samoana. No obstante, el inversionista podr\u00e1 solicitar la pr\u00f3rroga de su permiso de residencia permanente (incluido el de cualquier miembro de su familia) si dicho permiso vence antes de que se le conceda la ciudadan\u00eda.<\/p>\n\n\n\n<ul class=\"wp-block-list\">\n<li>Paso 1<\/li>\n\n\n\n<li>Paso 2<\/li>\n\n\n\n<li>Paso 3<\/li>\n<\/ul>\n\n\n\n<h2 class=\"wp-block-heading\">Pasaporte de Samoa<\/h2>\n\n\n\n<p>Samoa tiene el 40.\u00ba mejor pasaporte del mundo en 2018, con viajes sin visa a 129 pa\u00edses, incluidos Canad\u00e1, Europa, Rusia, Reino Unido e Irlanda.<\/p>","protected":false},"excerpt":{"rendered":"<p>Samoa Citizenship by Investment Program Samoa launched its citizenship by investment scheme under Citizenship Investment Act and its Regulations 2016. This scheme is administered by the Ministry of Commerce and Industry in Samoa (MCIL). Applications must be submitted to the Citizenship Investment Committee. The Citizenship Investment scheme was officially launched on Tuesday 31st January 2017 [&hellip;]<\/p>\n","protected":false},"author":1,"featured_media":0,"parent":0,"menu_order":0,"comment_status":"closed","ping_status":"closed","template":"","meta":{"footnotes":""},"class_list":["post-262","page","type-page","status-publish","hentry"],"yoast_head":"<!-- This site is optimized with the Yoast SEO plugin v27.3 - https:\/\/yoast.com\/product\/yoast-seo-wordpress\/ -->\n<title>Samoa Citizenship - Investment Visa CN<\/title>\n<meta name=\"robots\" content=\"index, follow, max-snippet:-1, max-image-preview:large, max-video-preview:-1\" \/>\n<link rel=\"canonical\" href=\"https:\/\/investmentvisacn.com\/es_ar\/ciudadania-de-samoa\/\" \/>\n<meta property=\"og:locale\" content=\"es_ES\" \/>\n<meta property=\"og:type\" content=\"article\" \/>\n<meta property=\"og:title\" content=\"Samoa Citizenship - Investment Visa CN\" \/>\n<meta property=\"og:description\" content=\"Samoa Citizenship by Investment Program Samoa launched its citizenship by investment scheme under Citizenship Investment Act and its Regulations 2016. This scheme is administered by the Ministry of Commerce and Industry in Samoa (MCIL). Applications must be submitted to the Citizenship Investment Committee. The Citizenship Investment scheme was officially launched on Tuesday 31st January 2017 [&hellip;]\" \/>\n<meta property=\"og:url\" content=\"https:\/\/investmentvisacn.com\/es_ar\/ciudadania-de-samoa\/\" \/>\n<meta property=\"og:site_name\" content=\"Investment Visa CN\" \/>\n<meta property=\"article:modified_time\" content=\"2024-08-24T16:45:51+00:00\" \/>\n<meta name=\"twitter:card\" content=\"summary_large_image\" \/>\n<meta name=\"twitter:label1\" content=\"Tiempo de lectura\" \/>\n\t<meta name=\"twitter:data1\" content=\"4 minutos\" \/>\n<script type=\"application\/ld+json\" class=\"yoast-schema-graph\">{\"@context\":\"https:\\\/\\\/schema.org\",\"@graph\":[{\"@type\":\"WebPage\",\"@id\":\"https:\\\/\\\/investmentvisacn.com\\\/samoa-citizenship\\\/\",\"url\":\"https:\\\/\\\/investmentvisacn.com\\\/samoa-citizenship\\\/\",\"name\":\"Samoa Citizenship - Investment Visa CN\",\"isPartOf\":{\"@id\":\"https:\\\/\\\/investmentvisacn.com\\\/#website\"},\"datePublished\":\"2024-08-13T21:15:39+00:00\",\"dateModified\":\"2024-08-24T16:45:51+00:00\",\"breadcrumb\":{\"@id\":\"https:\\\/\\\/investmentvisacn.com\\\/samoa-citizenship\\\/#breadcrumb\"},\"inLanguage\":\"es-AR\",\"potentialAction\":[{\"@type\":\"ReadAction\",\"target\":[\"https:\\\/\\\/investmentvisacn.com\\\/samoa-citizenship\\\/\"]}]},{\"@type\":\"BreadcrumbList\",\"@id\":\"https:\\\/\\\/investmentvisacn.com\\\/samoa-citizenship\\\/#breadcrumb\",\"itemListElement\":[{\"@type\":\"ListItem\",\"position\":1,\"name\":\"Home\",\"item\":\"https:\\\/\\\/investmentvisacn.com\\\/\"},{\"@type\":\"ListItem\",\"position\":2,\"name\":\"Samoa Citizenship\"}]},{\"@type\":\"WebSite\",\"@id\":\"https:\\\/\\\/investmentvisacn.com\\\/#website\",\"url\":\"https:\\\/\\\/investmentvisacn.com\\\/\",\"name\":\"Investment Visa CN\",\"description\":\"Global Investment &amp; Visa Solutions You Can Trust\",\"publisher\":{\"@id\":\"https:\\\/\\\/investmentvisacn.com\\\/#organization\"},\"potentialAction\":[{\"@type\":\"SearchAction\",\"target\":{\"@type\":\"EntryPoint\",\"urlTemplate\":\"https:\\\/\\\/investmentvisacn.com\\\/?s={search_term_string}\"},\"query-input\":{\"@type\":\"PropertyValueSpecification\",\"valueRequired\":true,\"valueName\":\"search_term_string\"}}],\"inLanguage\":\"es-AR\"},{\"@type\":\"Organization\",\"@id\":\"https:\\\/\\\/investmentvisacn.com\\\/#organization\",\"name\":\"Investment Visa CN\",\"url\":\"https:\\\/\\\/investmentvisacn.com\\\/\",\"logo\":{\"@type\":\"ImageObject\",\"inLanguage\":\"es-AR\",\"@id\":\"https:\\\/\\\/investmentvisacn.com\\\/#\\\/schema\\\/logo\\\/image\\\/\",\"url\":\"https:\\\/\\\/investmentvisacn.com\\\/wp-content\\\/uploads\\\/2024\\\/08\\\/universalinvestmentvisa.png\",\"contentUrl\":\"https:\\\/\\\/investmentvisacn.com\\\/wp-content\\\/uploads\\\/2024\\\/08\\\/universalinvestmentvisa.png\",\"width\":180,\"height\":60,\"caption\":\"Investment Visa CN\"},\"image\":{\"@id\":\"https:\\\/\\\/investmentvisacn.com\\\/#\\\/schema\\\/logo\\\/image\\\/\"}}]}<\/script>\n<!-- \/ Yoast SEO plugin. -->","yoast_head_json":{"title":"Ciudadan\u00eda de Samoa - Visa de inversi\u00f3n CN","robots":{"index":"index","follow":"follow","max-snippet":"max-snippet:-1","max-image-preview":"max-image-preview:large","max-video-preview":"max-video-preview:-1"},"canonical":"https:\/\/investmentvisacn.com\/es_ar\/ciudadania-de-samoa\/","og_locale":"es_ES","og_type":"article","og_title":"Samoa Citizenship - Investment Visa CN","og_description":"Samoa Citizenship by Investment Program Samoa launched its citizenship by investment scheme under Citizenship Investment Act and its Regulations 2016. This scheme is administered by the Ministry of Commerce and Industry in Samoa (MCIL). Applications must be submitted to the Citizenship Investment Committee. The Citizenship Investment scheme was officially launched on Tuesday 31st January 2017 [&hellip;]","og_url":"https:\/\/investmentvisacn.com\/es_ar\/ciudadania-de-samoa\/","og_site_name":"Investment Visa CN","article_modified_time":"2024-08-24T16:45:51+00:00","twitter_card":"summary_large_image","twitter_misc":{"Tiempo de lectura":"4 minutos"},"schema":{"@context":"https:\/\/schema.org","@graph":[{"@type":"WebPage","@id":"https:\/\/investmentvisacn.com\/samoa-citizenship\/","url":"https:\/\/investmentvisacn.com\/samoa-citizenship\/","name":"Ciudadan\u00eda de Samoa - Visa de inversi\u00f3n CN","isPartOf":{"@id":"https:\/\/investmentvisacn.com\/#website"},"datePublished":"2024-08-13T21:15:39+00:00","dateModified":"2024-08-24T16:45:51+00:00","breadcrumb":{"@id":"https:\/\/investmentvisacn.com\/samoa-citizenship\/#breadcrumb"},"inLanguage":"es-AR","potentialAction":[{"@type":"ReadAction","target":["https:\/\/investmentvisacn.com\/samoa-citizenship\/"]}]},{"@type":"BreadcrumbList","@id":"https:\/\/investmentvisacn.com\/samoa-citizenship\/#breadcrumb","itemListElement":[{"@type":"ListItem","position":1,"name":"Home","item":"https:\/\/investmentvisacn.com\/"},{"@type":"ListItem","position":2,"name":"Samoa Citizenship"}]},{"@type":"WebSite","@id":"https:\/\/investmentvisacn.com\/#website","url":"https:\/\/investmentvisacn.com\/","name":"Visa de inversi\u00f3n CN","description":"Soluciones globales de inversi\u00f3n y visas en las que puede confiar","publisher":{"@id":"https:\/\/investmentvisacn.com\/#organization"},"potentialAction":[{"@type":"SearchAction","target":{"@type":"EntryPoint","urlTemplate":"https:\/\/investmentvisacn.com\/?s={search_term_string}"},"query-input":{"@type":"PropertyValueSpecification","valueRequired":true,"valueName":"search_term_string"}}],"inLanguage":"es-AR"},{"@type":"Organization","@id":"https:\/\/investmentvisacn.com\/#organization","name":"Visa de inversi\u00f3n CN","url":"https:\/\/investmentvisacn.com\/","logo":{"@type":"ImageObject","inLanguage":"es-AR","@id":"https:\/\/investmentvisacn.com\/#\/schema\/logo\/image\/","url":"https:\/\/investmentvisacn.com\/wp-content\/uploads\/2024\/08\/universalinvestmentvisa.png","contentUrl":"https:\/\/investmentvisacn.com\/wp-content\/uploads\/2024\/08\/universalinvestmentvisa.png","width":180,"height":60,"caption":"Investment Visa CN"},"image":{"@id":"https:\/\/investmentvisacn.com\/#\/schema\/logo\/image\/"}}]}},"_links":{"self":[{"href":"https:\/\/investmentvisacn.com\/es_ar\/wp-json\/wp\/v2\/pages\/262","targetHints":{"allow":["GET"]}}],"collection":[{"href":"https:\/\/investmentvisacn.com\/es_ar\/wp-json\/wp\/v2\/pages"}],"about":[{"href":"https:\/\/investmentvisacn.com\/es_ar\/wp-json\/wp\/v2\/types\/page"}],"author":[{"embeddable":true,"href":"https:\/\/investmentvisacn.com\/es_ar\/wp-json\/wp\/v2\/users\/1"}],"replies":[{"embeddable":true,"href":"https:\/\/investmentvisacn.com\/es_ar\/wp-json\/wp\/v2\/comments?post=262"}],"version-history":[{"count":2,"href":"https:\/\/investmentvisacn.com\/es_ar\/wp-json\/wp\/v2\/pages\/262\/revisions"}],"predecessor-version":[{"id":557,"href":"https:\/\/investmentvisacn.com\/es_ar\/wp-json\/wp\/v2\/pages\/262\/revisions\/557"}],"wp:attachment":[{"href":"https:\/\/investmentvisacn.com\/es_ar\/wp-json\/wp\/v2\/media?parent=262"}],"curies":[{"name":"wp","href":"https:\/\/api.w.org\/{rel}","templated":true}]}}