{"id":256,"date":"2024-08-13T21:10:46","date_gmt":"2024-08-13T21:10:46","guid":{"rendered":"https:\/\/universalinvestmentvisa.com\/?page_id=256"},"modified":"2024-09-11T14:36:28","modified_gmt":"2024-09-11T14:36:28","slug":"ciudadania-de-antigua-y-barbuda-por-inversion","status":"publish","type":"page","link":"https:\/\/investmentvisacn.com\/es_ar\/antigua-and-barbuda-citizenship-by-investment\/","title":{"rendered":"Ciudadan\u00eda de Antigua y Barbuda por inversi\u00f3n"},"content":{"rendered":"<h3 class=\"wp-block-heading\">Resumen del Programa de Ciudadan\u00eda por Inversi\u00f3n de Antigua y Barbuda<\/h3>\n\n\n\n<p>El programa de ciudadan\u00eda por inversi\u00f3n de Antigua y Barbuda fue lanzado por primera vez por el gobierno en 2013. El programa ayuda a Antigua a atraer inversi\u00f3n extranjera directa al pa\u00eds, impulsando el crecimiento econ\u00f3mico en toda la naci\u00f3n y financiando proyectos e infraestructuras clave centrados en la comunidad. Personas con un alto patrimonio neto y sus familias de todo el mundo solicitan participar en el programa para aumentar su movilidad universal y obtener un pasaporte \u201dPlan B\u201d. A los solicitantes seleccionados se les conceder\u00e1 la ciudadan\u00eda de Antigua y un pasaporte que les permitir\u00e1 viajar sin visado a m\u00e1s de 161 pa\u00edses de todo el mundo.<\/p>\n\n\n\n<h3 class=\"wp-block-heading\">C\u00f3mo obtener la ciudadan\u00eda de Antigua mediante inversi\u00f3n<\/h3>\n\n\n\n<p>El programa de ciudadan\u00eda por inversi\u00f3n de Antigua y Barbuda ofrece un segundo pasaporte a los inversionistas, lo que les permite viajar sin visa a m\u00e1s de 161 pa\u00edses, incluidos el Reino Unido, la zona Schengen de la UE, Hong Kong y Suiza. Existen varias opciones de inversi\u00f3n para obtener la ciudadan\u00eda en Antigua. Los inversionistas pueden optar por aportar $230 000 al Fondo Nacional de Desarrollo de Antigua o invertir $325 000 en un proyecto inmobiliario aprobado por el gobierno. Para los inversionistas conectados, esta cantidad puede reducirse a $200,000. Los solicitantes tambi\u00e9n tienen la opci\u00f3n de invertir $1.5 millones en la creaci\u00f3n de una empresa ($5.0 millones para dos o m\u00e1s inversionistas).<\/p>\n\n\n\n<p>Donaci\u00f3n de $230 000<\/p>\n\n\n\n<p>Desde $325,0000 Bienes ra\u00edces<\/p>\n\n\n\n<p>Familia rentable<\/p>\n\n\n\n<p>Ciudadan\u00eda de Antigua y Barbuda<\/p>\n\n\n\n<p>Viajes sin visa a Antigua 161 pa\u00edses<\/p>\n\n\n\n<h2 class=\"wp-block-heading\">Requisitos para obtener la ciudadan\u00eda de Antigua mediante inversi\u00f3n<\/h2>\n\n\n\n<p>Adem\u00e1s de realizar la inversi\u00f3n o donaci\u00f3n necesaria, los solicitantes deben cumplir varios requisitos al solicitar el programa de ciudadan\u00eda de Antigua y Barbuda.<\/p>\n\n\n\n<h2 class=\"wp-block-heading\">Requisitos familiares<\/h2>\n\n\n\n<p>Los familiares pueden incluirse en la solicitud de ciudadan\u00eda. El inversionista principal puede incluir:<\/p>\n\n\n\n<ul class=\"wp-block-list\">\n<li>C\u00f3nyuge.<\/li>\n\n\n\n<li>Hijos dependientes hasta los 30 a\u00f1os.<\/li>\n\n\n\n<li>Padres dependientes mayores de 55 a\u00f1os del solicitante principal o de su c\u00f3nyuge.<\/li>\n\n\n\n<li>Los hermanos solteros del solicitante principal o de su c\u00f3nyuge.<\/li>\n<\/ul>\n\n\n\n<h2 class=\"wp-block-heading\">Requisitos de diligencia debida<\/h2>\n\n\n\n<p>Todos los solicitantes deber\u00e1n tener buena reputaci\u00f3n y someterse a los tr\u00e1mites de diligencia debida del gobierno: Los inversionistas deben proporcionar<\/p>\n\n\n\n<ul class=\"wp-block-list\">\n<li>Informes policiales: prueba de antecedentes penales limpios.<\/li>\n\n\n\n<li>No tener denegaciones de visa pendientes.<\/li>\n\n\n\n<li>Diversa documentaci\u00f3n, incluyendo documentos financieros, documentos laborales\/comerciales, identificaci\u00f3n, comprobante de domicilio.<\/li>\n<\/ul>\n\n\n\n<h2 class=\"wp-block-heading\">Requisitos de estancia m\u00ednima<\/h2>\n\n\n\n<p>Una vez que los solicitantes han obtenido con \u00e9xito la ciudadan\u00eda en Antigua, existe un requisito m\u00ednimo de estancia de al menos cinco d\u00edas en Antigua durante los primeros cinco a\u00f1os. Los ciudadanos de Antigua y Barbuda tienen derecho a vivir, trabajar o estudiar en Antigua, si as\u00ed lo desean. No se requiere ninguna entrevista ni prueba de idioma, y toda la solicitud se puede completar a distancia.<\/p>\n\n\n\n<ul class=\"wp-block-list\">\n<li>Buen car\u00e1cter<br>\u2013 Antecedentes penales limpios<br>\u2013 Sin denegaciones de visa<\/li>\n<\/ul>\n\n\n\n<ul class=\"wp-block-list\">\n<li>Incluir a toda la familia<br>\u2013 Padres dependientes mayores de 55 a\u00f1os<br>\u2013 Hijos dependientes hasta los 30 a\u00f1os<br>\u2013 Hermanos, solteros<\/li>\n<\/ul>\n\n\n\n<ul class=\"wp-block-list\">\n<li>Sin estancia m\u00ednima<br>\u2013 Sin entrevista<br>\u2013 Sin prueba de idioma<\/li>\n<\/ul>\n\n\n\n<ul class=\"wp-block-list\">\n<li>Identificaci\u00f3n del solicitante<br>\u2013 Prueba de fondos<br>\u2013 Actas de nacimiento \/ matrimonio<br>\u2013 Registros financieros<\/li>\n<\/ul>\n\n\n\n<ul class=\"wp-block-list\">\n<li><\/li>\n<\/ul>\n\n\n\n<p class=\"has-text-align-center\"><a href=\"https:\/\/investmentvisacn.com\/es_ar\/contactenos\/\">Comenzar<\/a><\/p>\n\n\n\n<h2 class=\"wp-block-heading\">\u00bfCu\u00e1nto cuesta el Programa de Ciudadan\u00eda por Inversi\u00f3n de Antigua?<\/h2>\n\n\n\n<h3 class=\"wp-block-heading\">Ciudadan\u00eda de Antigua mediante donaci\u00f3n: Fondo Nacional de Desarrollo<\/h3>\n\n\n\n<p>La forma m\u00e1s rentable de obtener la ciudadan\u00eda de Antigua es mediante una donaci\u00f3n al Fondo Nacional de Desarrollo del pa\u00eds. La inversi\u00f3n m\u00ednima requerida es de $230,000 para un solo solicitante, $100,000 para familias de hasta 4 miembros y $125,000 para familias de 5 miembros, m\u00e1s las tasas. Este es uno de los programas de ciudadan\u00eda m\u00e1s econ\u00f3micos del Caribe para las familias. Tambi\u00e9n se aplican tasas adicionales de diligencia debida y tramitaci\u00f3n, que var\u00edan en funci\u00f3n de la edad del solicitante y el tama\u00f1o de su familia.<\/p>\n\n\n\n<h3 class=\"wp-block-heading\">Ciudadan\u00eda de Antigua mediante donaci\u00f3n: Fondo de la Universidad de las Indias Occidentales<\/h3>\n\n\n\n<p>El Fondo de la Universidad de las Indias Occidentales es una v\u00eda alternativa de donaci\u00f3n abierta a familias numerosas de seis o m\u00e1s miembros. Las familias de seis miembros pueden hacer una contribuci\u00f3n a este fondo a partir de $150 000, m\u00e1s tasas. El fondo proporciona una financiaci\u00f3n crucial para el cuarto campus de la Universidad. La participaci\u00f3n en este programa dar\u00e1 derecho a un miembro de la familia a una beca de un a\u00f1o, solo para la matr\u00edcula, en la Universidad de las Indias Occidentales. Los solicitantes tendr\u00e1n un periodo de cinco a\u00f1os para utilizar la beca, lo cual es ideal si su hijo a\u00fan no tiene la edad para ir a la universidad, pero usted desea iniciar el proceso de ciudadan\u00eda.<\/p>\n\n\n\n<h3 class=\"wp-block-heading\">Ciudadan\u00eda de Antigua mediante inversi\u00f3n inmobiliaria<\/h3>\n\n\n\n<p>Para la ruta inmobiliaria, los solicitantes deben invertir en un desarrollo inmobiliario aprobado por el gobierno por un m\u00ednimo de $400,000, m\u00e1s comisiones. Esta inversi\u00f3n puede reducirse a $200,000 para la inversi\u00f3n en acciones en determinados proyectos inmobiliarios. La inversi\u00f3n debe mantenerse durante un periodo m\u00ednimo de cinco a\u00f1os, tras el cual podr\u00e1 liquidarse.<\/p>\n\n\n\n<h3 class=\"wp-block-heading\">\u00bfCu\u00e1nto tiempo se tarda en obtener la ciudadan\u00eda por inversi\u00f3n en Antigua?<\/h3>\n\n\n\n<p>Las solicitudes para el programa de ciudadan\u00eda por inversi\u00f3n de Antigua suelen tardar entre tres y cuatro meses en tramitarse desde la fecha en que se env\u00eda el expediente del solicitante a la Unidad de Ciudadan\u00eda por Inversi\u00f3n (CIU) de Antigua. La mayor\u00eda de los solicitantes tardan una media de&nbsp;<strong>2-6 semanas<\/strong>&nbsp;antes de esto para reunir toda su documentaci\u00f3n. El equipo interno de tramitaci\u00f3n de visas de inversi\u00f3n universal ayudar\u00e1 a los solicitantes con todo este proceso y la solicitud se puede presentar de forma remota, sin necesidad de desplazarse.<\/p>\n\n\n\n<p><strong>Universal Investment Visa es un representante autorizado (Licencia n.\u00ba AB13092018) del programa de Antigua y Barbuda, y podemos proporcionar una copia de nuestra carta de nombramiento del gobierno a cualquier posible solicitante que desee trabajar a trav\u00e9s de nuestra empresa.<\/strong><\/p>\n\n\n\n<h3 class=\"wp-block-heading\">C\u00f3mo obtener la ciudadan\u00eda de Antigua mediante inversi\u00f3n<\/h3>\n\n\n\n<p>Paso 1<\/p>\n\n\n\n<hr class=\"wp-block-separator has-alpha-channel-opacity\"\/>\n\n\n\n<p>Reserve su consulta gratuita con el equipo de expertos de Universal Investment Visa para analizar y decidir qu\u00e9 programa y v\u00eda de inversi\u00f3n se adapta mejor a usted y a su familia. Nuestros consultores experimentados le proporcionar\u00e1n un presupuesto personalizado que cubrir\u00e1 todos los gastos aplicables. Le asesorar\u00e1n y guiar\u00e1n a lo largo de todo el proceso con todo detalle.<\/p>\n\n\n\n<hr class=\"wp-block-separator has-alpha-channel-opacity\"\/>\n\n\n\n<p>Paso 2<\/p>\n\n\n\n<p>Para su tranquilidad, antes de comprometerse, Universal Investment Visa realizar\u00e1 una verificaci\u00f3n de antecedentes previa a la solicitud para garantizar que esta tenga probabilidades de ser aceptada. Una vez completado este proceso y si usted est\u00e1 de acuerdo en continuar, podr\u00e1 iniciar formalmente el tr\u00e1mite firmando nuestro acuerdo de facilitador de clientes y pagando el dep\u00f3sito previo a la solicitud.<\/p>\n\n\n\n<hr class=\"wp-block-separator has-alpha-channel-opacity\"\/>\n\n\n\n<p>Paso 3<\/p>\n\n\n\n<p>El equipo interno de tramitaci\u00f3n de visas de inversi\u00f3n de Universal trabajar\u00e1 estrechamente con usted para preparar su solicitud. Una vez que su expediente est\u00e9 completo, nuestro equipo enviar\u00e1 su solicitud a la Unidad de Ciudadan\u00eda por Inversi\u00f3n de Antigua. En esta fase se deber\u00e1n abonar las tasas gubernamentales. A partir de este momento, las solicitudes tardan una media de 60 a 90 d\u00edas en tramitarse.<\/p>\n\n\n\n<hr class=\"wp-block-separator has-alpha-channel-opacity\"\/>\n\n\n\n<p>Paso 4<\/p>\n\n\n\n<p>Tras las exhaustivas comprobaciones y an\u00e1lisis de su solicitud por parte de la Unidad de Ciudadan\u00eda de Antigua y Barbuda, se emitir\u00e1 una carta de aprobaci\u00f3n del gobierno y se le pedir\u00e1 que realice el pago final. El pasaporte se emitir\u00e1 en aproximadamente un mes y se le enviar\u00e1 por correo certificado y seguro.<\/p>\n\n\n\n<hr class=\"wp-block-separator has-alpha-channel-opacity\"\/>\n\n\n\n<h3 class=\"wp-block-heading\">Ventajas del Programa de Ciudadan\u00eda por Inversi\u00f3n de Antigua<\/h3>\n\n\n\n<p>Una vez que los inversionistas hayan obtenido la ciudadan\u00eda de Antigua, se les expedir\u00e1 un pasaporte de Antigua y Barbuda. Los titulares de pasaportes de Antigua se benefician de un acceso sin visa a 161 pa\u00edses y territorios de todo el mundo, seg\u00fan la visa de inversi\u00f3n universal \u00fanica.&nbsp;<a href=\"https:\/\/investmentvisacn.com\/es_ar\/programa-de-residencia-de-alto-valor-de-jersey\/\" data-type=\"page\" data-id=\"515\">Informe sobre inversiones en pasaportes<\/a>. Esto representa m\u00e1s de un tercio del PIB mundial y m\u00e1s del 70% de la popularidad tur\u00edstica mundial. Los titulares de pasaportes de Antigua tienen acceso sin visa a la zona Schengen de la UE, el Reino Unido, Hong Kong, Singapur y otros pa\u00edses.<\/p>\n\n\n\n<p>M\u00e1s informaci\u00f3n en nuestro Informe sobre la inversi\u00f3n en pasaportes de Antigua.<\/p>\n\n\n\n<ul class=\"wp-block-list\">\n<li>Seguridad de un pasaporte de respaldo<\/li>\n\n\n\n<li>Viajes sin visa a 161 pa\u00edses y territorios de todo el mundo.<\/li>\n\n\n\n<li>Vivir, trabajar y estudiar en Antigua y otras naciones de la CARICOM<\/li>\n\n\n\n<li>Diversifique sus activos fuera de su regi\u00f3n actual.<\/li>\n\n\n\n<li>No es necesario trasladarse a Antigua una vez obtenida la ciudadan\u00eda.<\/li>\n\n\n\n<li>Sin proceso de entrevista<\/li>\n\n\n\n<li>Incentivos fiscales para la residencia<\/li>\n<\/ul>\n\n\n\n<h4 class=\"wp-block-heading\">Ventajas de a\u00f1adir un pasaporte de Antigua y Barbuda<\/h4>\n\n\n\n<p>A la hora de invertir en una segunda ciudadan\u00eda y pasaporte, es importante comprender exactamente c\u00f3mo se combina su pasaporte actual para proporcionar acceso sin visa en todo el mundo. No solo hay que tener en cuenta el n\u00famero de destinos sin visa, sino tambi\u00e9n la importancia y la popularidad de esos destinos. Solo Universal Investment Visa ofrece un an\u00e1lisis tan completo del pasaporte de Antigua y de los pasaportes de otros pa\u00edses.&nbsp;<a href=\"https:\/\/investmentvisacn.com\/es_ar\/ciudadania\/\" data-type=\"page\" data-id=\"375\">programas de inversi\u00f3n para obtener la ciudadan\u00eda<\/a>&nbsp;utilizando medidas sofisticadas desarrolladas para viajes de negocios y de placer. Cont\u00e1ctenos y hable con uno de nuestros asesores para obtener un informe gratuito adaptado a su ciudadan\u00eda y pasaporte actuales.<\/p>\n\n\n\n<h4 class=\"wp-block-heading\">Comprar bienes ra\u00edces en Antigua<\/h4>\n\n\n\n<p>Situadas en el mar Caribe, las islas de Antigua y Barbuda ofrecen un para\u00edso tropical con impresionantes playas, aguas cristalinas y temperaturas c\u00e1lidas durante todo el a\u00f1o. Con sus numerosas ventajas para los inversionistas, comprar una propiedad inmobiliaria en Antigua puede ser una excelente opci\u00f3n para quienes buscan realizar una inversi\u00f3n a largo plazo o simplemente adquirir una casa de vacaciones. Antigua cuenta con algunos de los paisajes y vistas m\u00e1s deseables del Caribe, una econom\u00eda pr\u00f3spera y acceso a servicios como campos de golf, puertos deportivos y una gran variedad de resorts de lujo. P\u00f3ngase en contacto con nosotros para obtener m\u00e1s detalles sobre las opciones disponibles.<\/p>\n\n\n\n<h4 class=\"wp-block-heading\">\u00bfPor qu\u00e9 obtener una segunda ciudadan\u00eda mediante inversi\u00f3n?<\/h4>\n\n\n\n<p>Para aquellos que buscan disfrutar de una mayor libertad, una segunda ciudadan\u00eda a trav\u00e9s de la inversi\u00f3n ofrece una v\u00eda para obtener un segundo pasaporte y m\u00e1s opciones de viaje sin necesidad de visa. Quienes buscan un segundo pasaporte suelen hacerlo con el objetivo de acceder a nuevas oportunidades de negocio, mayor movilidad y libertad financiera, y las ventajas de obtener un segundo pasaporte a trav\u00e9s de la inversi\u00f3n pueden ser numerosas. Esto hace que la segunda ciudadan\u00eda por inversi\u00f3n sea una opci\u00f3n atractiva para muchas personas.<\/p>\n\n\n\n<h4 class=\"wp-block-heading\">Ventajas de la segunda ciudadan\u00eda por inversi\u00f3n<\/h4>\n\n\n\n<ul class=\"wp-block-list\">\n<li>La segunda ciudadan\u00eda puede proporcionar acceso sin visa a numerosos pa\u00edses. Dependiendo del pa\u00eds que elijas, esto podr\u00eda abrirte la posibilidad de trabajar y vivir en el extranjero sin restricciones ni retrasos debidos a largos procesos de solicitud de visa.<\/li>\n\n\n\n<li>Tener doble nacionalidad puede otorgarle ciertas ventajas fiscales, adem\u00e1s de libertades econ\u00f3micas y pol\u00edticas adicionales, as\u00ed como una mayor seguridad para los miembros de su familia.<\/li>\n\n\n\n<li>La ciudadan\u00eda por inversi\u00f3n permite nuevas oportunidades de negocio y desarrollo.<\/li>\n\n\n\n<li>La segunda ciudadan\u00eda te da acceso completo a una nueva zona del mundo, lo que te permite sumergirte en diferentes culturas y entornos.<\/li>\n\n\n\n<li>Algunos programas ofrecen tiempos de tramitaci\u00f3n r\u00e1pidos, lo que significa que puede obtener su segunda ciudadan\u00eda en tan solo tres meses, dependiendo del pa\u00eds.<\/li>\n<\/ul>\n\n\n\n<h4 class=\"wp-block-heading\">Ciudadan\u00eda por inversi\u00f3n inmobiliaria<\/h4>\n\n\n\n<p>Algunos pa\u00edses como&nbsp;<a href=\"https:\/\/investmentvisacn.com\/es_ar\/programa-de-ciudadania-por-inversion-de-dominica\/\" data-type=\"post\" data-id=\"254\">Dominica<\/a>&nbsp;y&nbsp;<a href=\"https:\/\/investmentvisacn.com\/es_ar\/ciudadania-de-granada\/\" data-type=\"page\" data-id=\"369\">Granada<\/a>&nbsp;Permitir la inversi\u00f3n inmobiliaria en proyectos aprobados por el gobierno como una opci\u00f3n para obtener la ciudadan\u00eda. A continuaci\u00f3n, se muestra una selecci\u00f3n de las mejores opciones disponibles.<\/p>\n\n\n\n<h4 class=\"wp-block-heading\">Ciudadan\u00eda por inversi\u00f3n inmobiliaria<\/h4>\n\n\n\n<p>Situadas en el mar Caribe, las islas de Antigua y Barbuda ofrecen un para\u00edso tropical con impresionantes playas, aguas cristalinas y temperaturas c\u00e1lidas durante todo el a\u00f1o. Con sus numerosas ventajas para los inversionistas, comprar una propiedad inmobiliaria en Antigua puede ser una excelente opci\u00f3n para quienes buscan realizar una inversi\u00f3n a largo plazo o simplemente adquirir una casa de vacaciones. Antigua cuenta con algunos de los paisajes y vistas m\u00e1s deseables del Caribe, una econom\u00eda pr\u00f3spera y acceso a servicios como campos de golf, puertos deportivos y una gran variedad de resorts de lujo. P\u00f3ngase en contacto con nosotros para obtener m\u00e1s detalles sobre las opciones disponibles.<\/p>","protected":false},"excerpt":{"rendered":"<p>Overview of Antigua and Barbuda\u2019s Citizenship by Investment Programme Antigua and Barbuda\u2019s Citizenship by Investment programme was first launched by the government in 2013. The programme helps Antigua attract direct foreign investment to the country, boosting economic growth across the nation and fund key community-focused projects and infrastructure. High-net-worth individuals and their families from all [&hellip;]<\/p>\n","protected":false},"author":1,"featured_media":0,"parent":0,"menu_order":0,"comment_status":"closed","ping_status":"closed","template":"","meta":{"footnotes":""},"class_list":["post-256","page","type-page","status-publish","hentry"],"yoast_head":"<!-- This site is optimized with the Yoast SEO plugin v27.3 - https:\/\/yoast.com\/product\/yoast-seo-wordpress\/ -->\n<title>Antigua and Barbuda Citizenship by Investment - Investment Visa CN<\/title>\n<meta name=\"robots\" content=\"index, follow, max-snippet:-1, max-image-preview:large, max-video-preview:-1\" \/>\n<link rel=\"canonical\" href=\"https:\/\/investmentvisacn.com\/es_ar\/ciudadania-de-antigua-y-barbuda-por-inversion\/\" \/>\n<meta property=\"og:locale\" content=\"es_ES\" \/>\n<meta property=\"og:type\" content=\"article\" \/>\n<meta property=\"og:title\" content=\"Antigua and Barbuda Citizenship by Investment - Investment Visa CN\" \/>\n<meta property=\"og:description\" content=\"Overview of Antigua and Barbuda\u2019s Citizenship by Investment Programme Antigua and Barbuda\u2019s Citizenship by Investment programme was first launched by the government in 2013. The programme helps Antigua attract direct foreign investment to the country, boosting economic growth across the nation and fund key community-focused projects and infrastructure. High-net-worth individuals and their families from all [&hellip;]\" \/>\n<meta property=\"og:url\" content=\"https:\/\/investmentvisacn.com\/es_ar\/ciudadania-de-antigua-y-barbuda-por-inversion\/\" \/>\n<meta property=\"og:site_name\" content=\"Investment Visa CN\" \/>\n<meta property=\"article:modified_time\" content=\"2024-09-11T14:36:28+00:00\" \/>\n<meta name=\"twitter:card\" content=\"summary_large_image\" \/>\n<meta name=\"twitter:label1\" content=\"Tiempo de lectura\" \/>\n\t<meta name=\"twitter:data1\" content=\"9 minutos\" \/>\n<script type=\"application\/ld+json\" class=\"yoast-schema-graph\">{\"@context\":\"https:\\\/\\\/schema.org\",\"@graph\":[{\"@type\":\"WebPage\",\"@id\":\"https:\\\/\\\/investmentvisacn.com\\\/antigua-and-barbuda-citizenship-by-investment\\\/\",\"url\":\"https:\\\/\\\/investmentvisacn.com\\\/antigua-and-barbuda-citizenship-by-investment\\\/\",\"name\":\"Antigua and Barbuda Citizenship by Investment - Investment Visa CN\",\"isPartOf\":{\"@id\":\"https:\\\/\\\/investmentvisacn.com\\\/#website\"},\"datePublished\":\"2024-08-13T21:10:46+00:00\",\"dateModified\":\"2024-09-11T14:36:28+00:00\",\"breadcrumb\":{\"@id\":\"https:\\\/\\\/investmentvisacn.com\\\/antigua-and-barbuda-citizenship-by-investment\\\/#breadcrumb\"},\"inLanguage\":\"es-AR\",\"potentialAction\":[{\"@type\":\"ReadAction\",\"target\":[\"https:\\\/\\\/investmentvisacn.com\\\/antigua-and-barbuda-citizenship-by-investment\\\/\"]}]},{\"@type\":\"BreadcrumbList\",\"@id\":\"https:\\\/\\\/investmentvisacn.com\\\/antigua-and-barbuda-citizenship-by-investment\\\/#breadcrumb\",\"itemListElement\":[{\"@type\":\"ListItem\",\"position\":1,\"name\":\"Home\",\"item\":\"https:\\\/\\\/investmentvisacn.com\\\/\"},{\"@type\":\"ListItem\",\"position\":2,\"name\":\"Antigua and Barbuda Citizenship by Investment\"}]},{\"@type\":\"WebSite\",\"@id\":\"https:\\\/\\\/investmentvisacn.com\\\/#website\",\"url\":\"https:\\\/\\\/investmentvisacn.com\\\/\",\"name\":\"Investment Visa CN\",\"description\":\"Global Investment &amp; Visa Solutions You Can Trust\",\"publisher\":{\"@id\":\"https:\\\/\\\/investmentvisacn.com\\\/#organization\"},\"potentialAction\":[{\"@type\":\"SearchAction\",\"target\":{\"@type\":\"EntryPoint\",\"urlTemplate\":\"https:\\\/\\\/investmentvisacn.com\\\/?s={search_term_string}\"},\"query-input\":{\"@type\":\"PropertyValueSpecification\",\"valueRequired\":true,\"valueName\":\"search_term_string\"}}],\"inLanguage\":\"es-AR\"},{\"@type\":\"Organization\",\"@id\":\"https:\\\/\\\/investmentvisacn.com\\\/#organization\",\"name\":\"Investment Visa CN\",\"url\":\"https:\\\/\\\/investmentvisacn.com\\\/\",\"logo\":{\"@type\":\"ImageObject\",\"inLanguage\":\"es-AR\",\"@id\":\"https:\\\/\\\/investmentvisacn.com\\\/#\\\/schema\\\/logo\\\/image\\\/\",\"url\":\"https:\\\/\\\/investmentvisacn.com\\\/wp-content\\\/uploads\\\/2024\\\/08\\\/universalinvestmentvisa.png\",\"contentUrl\":\"https:\\\/\\\/investmentvisacn.com\\\/wp-content\\\/uploads\\\/2024\\\/08\\\/universalinvestmentvisa.png\",\"width\":180,\"height\":60,\"caption\":\"Investment Visa CN\"},\"image\":{\"@id\":\"https:\\\/\\\/investmentvisacn.com\\\/#\\\/schema\\\/logo\\\/image\\\/\"}}]}<\/script>\n<!-- \/ Yoast SEO plugin. -->","yoast_head_json":{"title":"Ciudadan\u00eda de Antigua y Barbuda por inversi\u00f3n - Visa de inversi\u00f3n CN","robots":{"index":"index","follow":"follow","max-snippet":"max-snippet:-1","max-image-preview":"max-image-preview:large","max-video-preview":"max-video-preview:-1"},"canonical":"https:\/\/investmentvisacn.com\/es_ar\/ciudadania-de-antigua-y-barbuda-por-inversion\/","og_locale":"es_ES","og_type":"article","og_title":"Antigua and Barbuda Citizenship by Investment - Investment Visa CN","og_description":"Overview of Antigua and Barbuda\u2019s Citizenship by Investment Programme Antigua and Barbuda\u2019s Citizenship by Investment programme was first launched by the government in 2013. The programme helps Antigua attract direct foreign investment to the country, boosting economic growth across the nation and fund key community-focused projects and infrastructure. High-net-worth individuals and their families from all [&hellip;]","og_url":"https:\/\/investmentvisacn.com\/es_ar\/ciudadania-de-antigua-y-barbuda-por-inversion\/","og_site_name":"Investment Visa CN","article_modified_time":"2024-09-11T14:36:28+00:00","twitter_card":"summary_large_image","twitter_misc":{"Tiempo de lectura":"9 minutos"},"schema":{"@context":"https:\/\/schema.org","@graph":[{"@type":"WebPage","@id":"https:\/\/investmentvisacn.com\/antigua-and-barbuda-citizenship-by-investment\/","url":"https:\/\/investmentvisacn.com\/antigua-and-barbuda-citizenship-by-investment\/","name":"Ciudadan\u00eda de Antigua y Barbuda por inversi\u00f3n - Visa de inversi\u00f3n CN","isPartOf":{"@id":"https:\/\/investmentvisacn.com\/#website"},"datePublished":"2024-08-13T21:10:46+00:00","dateModified":"2024-09-11T14:36:28+00:00","breadcrumb":{"@id":"https:\/\/investmentvisacn.com\/antigua-and-barbuda-citizenship-by-investment\/#breadcrumb"},"inLanguage":"es-AR","potentialAction":[{"@type":"ReadAction","target":["https:\/\/investmentvisacn.com\/antigua-and-barbuda-citizenship-by-investment\/"]}]},{"@type":"BreadcrumbList","@id":"https:\/\/investmentvisacn.com\/antigua-and-barbuda-citizenship-by-investment\/#breadcrumb","itemListElement":[{"@type":"ListItem","position":1,"name":"Home","item":"https:\/\/investmentvisacn.com\/"},{"@type":"ListItem","position":2,"name":"Antigua and Barbuda Citizenship by Investment"}]},{"@type":"WebSite","@id":"https:\/\/investmentvisacn.com\/#website","url":"https:\/\/investmentvisacn.com\/","name":"Visa de inversi\u00f3n CN","description":"Soluciones globales de inversi\u00f3n y visas en las que puede confiar","publisher":{"@id":"https:\/\/investmentvisacn.com\/#organization"},"potentialAction":[{"@type":"SearchAction","target":{"@type":"EntryPoint","urlTemplate":"https:\/\/investmentvisacn.com\/?s={search_term_string}"},"query-input":{"@type":"PropertyValueSpecification","valueRequired":true,"valueName":"search_term_string"}}],"inLanguage":"es-AR"},{"@type":"Organization","@id":"https:\/\/investmentvisacn.com\/#organization","name":"Visa de inversi\u00f3n CN","url":"https:\/\/investmentvisacn.com\/","logo":{"@type":"ImageObject","inLanguage":"es-AR","@id":"https:\/\/investmentvisacn.com\/#\/schema\/logo\/image\/","url":"https:\/\/investmentvisacn.com\/wp-content\/uploads\/2024\/08\/universalinvestmentvisa.png","contentUrl":"https:\/\/investmentvisacn.com\/wp-content\/uploads\/2024\/08\/universalinvestmentvisa.png","width":180,"height":60,"caption":"Investment Visa CN"},"image":{"@id":"https:\/\/investmentvisacn.com\/#\/schema\/logo\/image\/"}}]}},"_links":{"self":[{"href":"https:\/\/investmentvisacn.com\/es_ar\/wp-json\/wp\/v2\/pages\/256","targetHints":{"allow":["GET"]}}],"collection":[{"href":"https:\/\/investmentvisacn.com\/es_ar\/wp-json\/wp\/v2\/pages"}],"about":[{"href":"https:\/\/investmentvisacn.com\/es_ar\/wp-json\/wp\/v2\/types\/page"}],"author":[{"embeddable":true,"href":"https:\/\/investmentvisacn.com\/es_ar\/wp-json\/wp\/v2\/users\/1"}],"replies":[{"embeddable":true,"href":"https:\/\/investmentvisacn.com\/es_ar\/wp-json\/wp\/v2\/comments?post=256"}],"version-history":[{"count":5,"href":"https:\/\/investmentvisacn.com\/es_ar\/wp-json\/wp\/v2\/pages\/256\/revisions"}],"predecessor-version":[{"id":609,"href":"https:\/\/investmentvisacn.com\/es_ar\/wp-json\/wp\/v2\/pages\/256\/revisions\/609"}],"wp:attachment":[{"href":"https:\/\/investmentvisacn.com\/es_ar\/wp-json\/wp\/v2\/media?parent=256"}],"curies":[{"name":"wp","href":"https:\/\/api.w.org\/{rel}","templated":true}]}}