{"id":537,"date":"2024-08-24T16:13:56","date_gmt":"2024-08-24T16:13:56","guid":{"rendered":"https:\/\/universalinvestmentvisa.com\/?page_id=537"},"modified":"2024-08-24T16:18:31","modified_gmt":"2024-08-24T16:18:31","slug":"visado-de-oro-letonia","status":"publish","type":"page","link":"https:\/\/investmentvisacn.com\/es\/latvia-golden-visa\/","title":{"rendered":"Visado de oro para Letonia"},"content":{"rendered":"<div data-elementor-type=\"wp-page\" data-elementor-id=\"537\" class=\"elementor elementor-537\" data-elementor-post-type=\"page\">\n\t\t\t\t\t\t<section class=\"elementor-section elementor-top-section elementor-element elementor-element-c56ef37 elementor-section-stretched elementor-section-boxed elementor-section-height-default elementor-section-height-default\" data-id=\"c56ef37\" data-element_type=\"section\" data-e-type=\"section\" data-settings=\"{&quot;stretch_section&quot;:&quot;section-stretched&quot;}\">\n\t\t\t\t\t\t<div class=\"elementor-container elementor-column-gap-default\">\n\t\t\t\t\t<div class=\"elementor-column elementor-col-100 elementor-top-column elementor-element elementor-element-ac7a5c9\" data-id=\"ac7a5c9\" data-element_type=\"column\" data-e-type=\"column\">\n\t\t\t<div class=\"elementor-widget-wrap elementor-element-populated\">\n\t\t\t\t\t\t<div class=\"elementor-element elementor-element-3272b92 elementor-widget elementor-widget-heading\" data-id=\"3272b92\" data-element_type=\"widget\" data-e-type=\"widget\" data-widget_type=\"heading.default\">\n\t\t\t\t<div class=\"elementor-widget-container\">\n\t\t\t\t\t<h2 class=\"elementor-heading-title elementor-size-default\">Visado de oro para Letonia<\/h2>\t\t\t\t<\/div>\n\t\t\t\t<\/div>\n\t\t\t\t<div class=\"elementor-element elementor-element-3e68e74 elementor-widget elementor-widget-text-editor\" data-id=\"3e68e74\" data-element_type=\"widget\" data-e-type=\"widget\" data-widget_type=\"text-editor.default\">\n\t\t\t\t<div class=\"elementor-widget-container\">\n\t\t\t\t\t\t\t\t\t<div class=\"post-head\" style=\"border-bottom: 1px solid #e6e6e6; padding-bottom: 13px; margin-bottom: 14px; color: #333333; font-family: 'Helvetica Neue', Helvetica, Arial, sans-serif; font-size: 14px;\"><h2 class=\"post-name\" style=\"font-family: inherit; line-height: 1; color: #000000; margin-top: 30px; margin-bottom: 0px; font-size: 34px; text-align: center;\"><span style=\"color: #000000;\">RESIDENCIA PERMANENTE<\/span><\/h2><\/div><div class=\"post-content\" style=\"font-size: 0px; line-height: 0; padding-bottom: 44px; color: #333333; font-family: 'Helvetica Neue', Helvetica, Arial, sans-serif;\"><div style=\"font-size: 15px; line-height: 24px; color: #666666; margin-bottom: 24px;\"><p style=\"margin-bottom: 24px; font-size: 15px; line-height: 24px;\"><span style=\"color: #000000;\">El solicitante puede solicitar la residencia permanente letona despu\u00e9s de haber residido en el pa\u00eds un m\u00ednimo de cinco a\u00f1os. Deben haber residido en el pa\u00eds un m\u00ednimo de cuatro de esos a\u00f1os, tener conocimientos del idioma, de historia general y del himno nacional.<\/span><\/p><h2 class=\"post-name\" style=\"font-family: inherit; line-height: 24px; color: #000000; margin-top: 20px; margin-bottom: 24px; font-size: 15px;\"><span style=\"color: #000000;\">Ciudadan\u00eda<\/span><\/h2><p style=\"margin-bottom: 24px; font-size: 15px; line-height: 24px;\"><span style=\"color: #000000;\">Los solicitantes pueden solicitar la nacionalidad letona tras 10 a\u00f1os de residencia, siempre que hayan residido en Letonia la mayor parte de este tiempo. En Letonia no existe un programa de ciudadan\u00eda directa por inversi\u00f3n.<\/span><\/p><h2 class=\"post-name\" style=\"font-family: inherit; line-height: 24px; color: #000000; margin-top: 20px; margin-bottom: 24px; font-size: 15px;\"><span style=\"color: #000000;\">Permiso de residencia permanente y nacionalidad<\/span><\/h2><p style=\"margin-bottom: 24px; font-size: 15px; line-height: 24px;\"><span style=\"color: #000000;\">Transcurridos cinco a\u00f1os desde la obtenci\u00f3n del permiso de residencia, el solicitante puede pedir un permiso de residencia permanente. Para obtener un permiso de residencia permanente, el candidato debe haber residido en el pa\u00eds durante cuatro a\u00f1os del periodo de cinco a\u00f1os y haber superado con \u00e9xito el examen b\u00e1sico de lengua letona de nivel A2. El solicitante tambi\u00e9n debe tener conocimientos demostrados de la historia general de Letonia y del himno nacional. Los solicitantes deben renunciar a su ciudadan\u00eda anterior para que se les conceda la ciudadan\u00eda letona, aunque pueden aplicarse excepciones<\/span><\/p><h2 class=\"post-name\" style=\"font-family: inherit; line-height: 24px; color: #000000; margin-top: 20px; margin-bottom: 24px; font-size: 15px;\"><span style=\"color: #000000;\">DATOS CLAVE<\/span><\/h2><ul style=\"margin-top: 0px; margin-bottom: 24px; font-size: 15px; line-height: 24px;\"><li style=\"font-size: 15px; line-height: 24px; margin-bottom: 24px;\"><span style=\"color: #000000;\">Inversi\u00f3n empresarial de 50.000 euros, m\u00e1s donaci\u00f3n de 10.000 euros, m\u00e1s tasas.<\/span><\/li><li style=\"font-size: 15px; line-height: 24px; margin-bottom: 24px;\"><span style=\"color: #000000;\">Residencia familiar completa<\/span><\/li><li style=\"font-size: 15px; line-height: 24px; margin-bottom: 24px;\"><span style=\"color: #000000;\">Flexible. Sin obligaci\u00f3n de residir.<\/span><\/li><li style=\"font-size: 15px; line-height: 24px; margin-bottom: 24px;\"><span style=\"color: #000000;\">Renovable despu\u00e9s de 5 a\u00f1os<\/span><\/li><li style=\"font-size: 15px; line-height: 24px; margin-bottom: 24px;\"><span style=\"color: #000000;\">Viajes con visado Schengen de la UE.<\/span><\/li><li style=\"font-size: 15px; line-height: 24px; margin-bottom: 24px;\"><span style=\"color: #000000;\">Moneda de la zona euro<\/span><\/li><\/ul><p style=\"margin-bottom: 24px; font-size: 15px; line-height: 24px;\"><span style=\"color: #000000;\">Letonia forma parte de la zona euro y es tambi\u00e9n un pa\u00eds de la zona de visados Schengen. Por tanto, la residencia en Letonia permite a los inversores viajar por toda la zona de visados Schengen de la UE. Los solicitantes pueden pedir la residencia permanente al cabo de cinco a\u00f1os, pero deben haber vivido en el pa\u00eds la mayor parte de ese tiempo. La capital letona, Riga, est\u00e1 a s\u00f3lo 90 minutos en avi\u00f3n de Mosc\u00fa. La mayor\u00eda de los residentes en Letonia hablan ruso y Letonia es un destino popular para los rusos que buscan visados de inversor, residencia y\u00a0<a style=\"color: #000000; line-height: 24px; margin-bottom: 24px;\" href=\"https:\/\/investmentvisacn.com\/es\/inversiones\/\">ciudadan\u00eda en Europa.<\/a><\/span><\/p><\/div><\/div>\t\t\t\t\t\t\t\t<\/div>\n\t\t\t\t<\/div>\n\t\t\t\t<div class=\"elementor-element elementor-element-e0f2af0 elementor-align-center elementor-widget elementor-widget-button\" data-id=\"e0f2af0\" data-element_type=\"widget\" data-e-type=\"widget\" data-widget_type=\"button.default\">\n\t\t\t\t<div class=\"elementor-widget-container\">\n\t\t\t\t\t\t\t\t\t<div class=\"elementor-button-wrapper\">\n\t\t\t\t\t<a class=\"elementor-button elementor-button-link elementor-size-sm\" href=\"#\">\n\t\t\t\t\t\t<span class=\"elementor-button-content-wrapper\">\n\t\t\t\t\t\t\t\t\t<span class=\"elementor-button-text\">Contacto-Asesor<\/span>\n\t\t\t\t\t<\/span>\n\t\t\t\t\t<\/a>\n\t\t\t\t<\/div>\n\t\t\t\t\t\t\t\t<\/div>\n\t\t\t\t<\/div>\n\t\t\t\t<section class=\"elementor-section elementor-inner-section elementor-element elementor-element-b660375 elementor-section-boxed elementor-section-height-default elementor-section-height-default\" data-id=\"b660375\" data-element_type=\"section\" data-e-type=\"section\">\n\t\t\t\t\t\t<div class=\"elementor-container elementor-column-gap-default\">\n\t\t\t\t\t<div class=\"elementor-column elementor-col-25 elementor-inner-column elementor-element elementor-element-c09cf31\" data-id=\"c09cf31\" data-element_type=\"column\" data-e-type=\"column\">\n\t\t\t<div class=\"elementor-widget-wrap elementor-element-populated\">\n\t\t\t\t\t\t<div class=\"elementor-element elementor-element-b1ad958 elementor-widget elementor-widget-text-editor\" data-id=\"b1ad958\" data-element_type=\"widget\" data-e-type=\"widget\" data-widget_type=\"text-editor.default\">\n\t\t\t\t<div class=\"elementor-widget-container\">\n\t\t\t\t\t\t\t\t\t<ul><li><div class=\"product-thumb\"><img fetchpriority=\"high\" decoding=\"async\" class=\"product-thumnail\" src=\"https:\/\/investmentvisacn.com\/assets\/images\/Vanuatu\/vanuatu-270.jpg\" alt=\"dd\" width=\"270\" height=\"270\" \/><\/div><div class=\"info\"><p><b class=\"categories\">Vanuatu<\/b><\/p><h4 class=\"product-title\"><a class=\"pr-name\" href=\"https:\/\/investmentvisacn.com\/es\/ciudadania-de-vanuatu\/\">Donaci\u00f3n m\u00ednima $130.000<br \/>Opci\u00f3n inmobiliaria<br \/>Ciudadan\u00eda y pasaporte<br \/>Programa consolidado<\/a><\/h4><\/div><\/li><\/ul>\t\t\t\t\t\t\t\t<\/div>\n\t\t\t\t<\/div>\n\t\t\t\t\t<\/div>\n\t\t<\/div>\n\t\t\t\t<div class=\"elementor-column elementor-col-25 elementor-inner-column elementor-element elementor-element-0d1240f\" data-id=\"0d1240f\" data-element_type=\"column\" data-e-type=\"column\">\n\t\t\t<div class=\"elementor-widget-wrap elementor-element-populated\">\n\t\t\t\t\t\t<div class=\"elementor-element elementor-element-4044fdf elementor-widget elementor-widget-text-editor\" data-id=\"4044fdf\" data-element_type=\"widget\" data-e-type=\"widget\" data-widget_type=\"text-editor.default\">\n\t\t\t\t<div class=\"elementor-widget-container\">\n\t\t\t\t\t\t\t\t\t<div class=\"product-thumb\"><img decoding=\"async\" class=\"product-thumnail\" src=\"https:\/\/investmentvisacn.com\/assets\/images\/Dominica-Republic\/dominica-270.jpg\" alt=\"dd\" width=\"270\" height=\"270\" \/><\/div><div class=\"info\"><p><b class=\"categories\">Dominica<\/b><\/p><h4 class=\"product-title\"><a class=\"pr-name\" href=\"https:\/\/investmentvisacn.com\/es\/antigua-y-barbuda-ciudadania-por-inversion\/\">Donaci\u00f3n m\u00ednima de $200.000<br \/>Opci\u00f3n inmobiliaria<br \/>Ciudadan\u00eda y pasaporte<br \/>Viajes sin visado 153 pa\u00edses<\/a><\/h4><\/div>\t\t\t\t\t\t\t\t<\/div>\n\t\t\t\t<\/div>\n\t\t\t\t\t<\/div>\n\t\t<\/div>\n\t\t\t\t<div class=\"elementor-column elementor-col-25 elementor-inner-column elementor-element elementor-element-111302b\" data-id=\"111302b\" data-element_type=\"column\" data-e-type=\"column\">\n\t\t\t<div class=\"elementor-widget-wrap elementor-element-populated\">\n\t\t\t\t\t\t<div class=\"elementor-element elementor-element-bf1123d elementor-widget elementor-widget-text-editor\" data-id=\"bf1123d\" data-element_type=\"widget\" data-e-type=\"widget\" data-widget_type=\"text-editor.default\">\n\t\t\t\t<div class=\"elementor-widget-container\">\n\t\t\t\t\t\t\t\t\t<div class=\"product-thumb\"><a class=\"link-to-product\" href=\"https:\/\/investmentvisacn.com\/es\/visa-dorada-uae\/\"><img decoding=\"async\" class=\"product-thumnail\" src=\"https:\/\/investmentvisacn.com\/assets\/images\/St-Lucia\/st-lucia-02.jpg\" alt=\"dd\" width=\"270\" height=\"270\" \/><\/a><\/div><div class=\"info\"><p><b class=\"categories\">Santa Luc\u00eda<\/b><\/p><h4 class=\"product-title\"><a class=\"pr-name\" href=\"https:\/\/investmentvisacn.com\/es\/ciudadania-de-samoa\/\">Donaci\u00f3n m\u00ednima $250.000<br \/>Ciudadan\u00eda y pasaporte<br \/>Viajes sin visado 158 pa\u00edses<br \/>Zona Schengen de la UE y Reino Unido<\/a><\/h4><\/div>\t\t\t\t\t\t\t\t<\/div>\n\t\t\t\t<\/div>\n\t\t\t\t\t<\/div>\n\t\t<\/div>\n\t\t\t\t<div class=\"elementor-column elementor-col-25 elementor-inner-column elementor-element elementor-element-719cadb\" data-id=\"719cadb\" data-element_type=\"column\" data-e-type=\"column\">\n\t\t\t<div class=\"elementor-widget-wrap elementor-element-populated\">\n\t\t\t\t\t\t<div class=\"elementor-element elementor-element-4e5f5d0 elementor-widget elementor-widget-text-editor\" data-id=\"4e5f5d0\" data-element_type=\"widget\" data-e-type=\"widget\" data-widget_type=\"text-editor.default\">\n\t\t\t\t<div class=\"elementor-widget-container\">\n\t\t\t\t\t\t\t\t\t<div class=\"product-thumb\"><a class=\"link-to-product\" href=\"https:\/\/investmentvisacn.com\/es\/visado-de-oro-portugal\/\"><img loading=\"lazy\" decoding=\"async\" class=\"product-thumnail\" src=\"https:\/\/investmentvisacn.com\/assets\/images\/Portugal\/portugal-01.jpg\" alt=\"dd\" width=\"270\" height=\"270\" \/><\/a><\/div><div class=\"info\"><p><b class=\"categories\">Portugal<\/b><\/p><h4 class=\"product-title\"><a class=\"pr-name\" href=\"https:\/\/investmentvisacn.com\/es\/visado-de-oro-portugal\/\">M\u00ednimo $500.000 + Gastos<br \/>Inversi\u00f3n en capital privado<br \/>Residencia europea<br \/>Viajes al espacio Schengen de la UE<br \/>Solicitar la nacionalidad 5 a\u00f1os<\/a><\/h4><\/div>\t\t\t\t\t\t\t\t<\/div>\n\t\t\t\t<\/div>\n\t\t\t\t\t<\/div>\n\t\t<\/div>\n\t\t\t\t\t<\/div>\n\t\t<\/section>\n\t\t\t\t<div class=\"elementor-element elementor-element-f1fd1b1 elementor-align-center elementor-widget elementor-widget-button\" data-id=\"f1fd1b1\" data-element_type=\"widget\" data-e-type=\"widget\" data-widget_type=\"button.default\">\n\t\t\t\t<div class=\"elementor-widget-container\">\n\t\t\t\t\t\t\t\t\t<div class=\"elementor-button-wrapper\">\n\t\t\t\t\t<a class=\"elementor-button elementor-button-link elementor-size-sm\" href=\"https:\/\/investmentvisacn.com\/es\/inversiones\/\">\n\t\t\t\t\t\t<span class=\"elementor-button-content-wrapper\">\n\t\t\t\t\t\t\t\t\t<span class=\"elementor-button-text\">Ver todos<\/span>\n\t\t\t\t\t<\/span>\n\t\t\t\t\t<\/a>\n\t\t\t\t<\/div>\n\t\t\t\t\t\t\t\t<\/div>\n\t\t\t\t<\/div>\n\t\t\t\t\t<\/div>\n\t\t<\/div>\n\t\t\t\t\t<\/div>\n\t\t<\/section>\n\t\t\t\t<\/div>","protected":false},"excerpt":{"rendered":"<p>Latvia Golden Visa PERMANENT RESIDENCE The applicant can apply for Latvian Permanent Residence after they have resided in the country for a minimum of five years. They must have resided in the country for a minimum of four of those years, have knowledge of the language, general history and national anthem. Citizenship Applicants can apply [&hellip;]<\/p>\n","protected":false},"author":1,"featured_media":0,"parent":0,"menu_order":0,"comment_status":"closed","ping_status":"closed","template":"","meta":{"footnotes":""},"class_list":["post-537","page","type-page","status-publish","hentry"],"yoast_head":"<!-- This site is optimized with the Yoast SEO plugin v27.3 - https:\/\/yoast.com\/product\/yoast-seo-wordpress\/ -->\n<title>Latvia Golden Visa - Investment Visa CN<\/title>\n<meta name=\"robots\" content=\"index, follow, max-snippet:-1, max-image-preview:large, max-video-preview:-1\" \/>\n<link rel=\"canonical\" href=\"https:\/\/investmentvisacn.com\/es\/visado-de-oro-letonia\/\" \/>\n<meta property=\"og:locale\" content=\"es_ES\" \/>\n<meta property=\"og:type\" content=\"article\" \/>\n<meta property=\"og:title\" content=\"Latvia Golden Visa - Investment Visa CN\" \/>\n<meta property=\"og:description\" content=\"Latvia Golden Visa PERMANENT RESIDENCE The applicant can apply for Latvian Permanent Residence after they have resided in the country for a minimum of five years. They must have resided in the country for a minimum of four of those years, have knowledge of the language, general history and national anthem. Citizenship Applicants can apply [&hellip;]\" \/>\n<meta property=\"og:url\" content=\"https:\/\/investmentvisacn.com\/es\/visado-de-oro-letonia\/\" \/>\n<meta property=\"og:site_name\" content=\"Investment Visa CN\" \/>\n<meta property=\"article:modified_time\" content=\"2024-08-24T16:18:31+00:00\" \/>\n<meta property=\"og:image\" content=\"https:\/\/investmentvisacn.com\/assets\/images\/Vanuatu\/vanuatu-270.jpg\" \/>\n<meta name=\"twitter:card\" content=\"summary_large_image\" \/>\n<meta name=\"twitter:label1\" content=\"Tiempo de lectura\" \/>\n\t<meta name=\"twitter:data1\" content=\"2 minutos\" \/>\n<script type=\"application\/ld+json\" class=\"yoast-schema-graph\">{\"@context\":\"https:\\\/\\\/schema.org\",\"@graph\":[{\"@type\":\"WebPage\",\"@id\":\"https:\\\/\\\/investmentvisacn.com\\\/latvia-golden-visa\\\/\",\"url\":\"https:\\\/\\\/investmentvisacn.com\\\/latvia-golden-visa\\\/\",\"name\":\"Latvia Golden Visa - Investment Visa CN\",\"isPartOf\":{\"@id\":\"https:\\\/\\\/investmentvisacn.com\\\/#website\"},\"primaryImageOfPage\":{\"@id\":\"https:\\\/\\\/investmentvisacn.com\\\/latvia-golden-visa\\\/#primaryimage\"},\"image\":{\"@id\":\"https:\\\/\\\/investmentvisacn.com\\\/latvia-golden-visa\\\/#primaryimage\"},\"thumbnailUrl\":\"https:\\\/\\\/investmentvisacn.com\\\/assets\\\/images\\\/Vanuatu\\\/vanuatu-270.jpg\",\"datePublished\":\"2024-08-24T16:13:56+00:00\",\"dateModified\":\"2024-08-24T16:18:31+00:00\",\"breadcrumb\":{\"@id\":\"https:\\\/\\\/investmentvisacn.com\\\/latvia-golden-visa\\\/#breadcrumb\"},\"inLanguage\":\"es\",\"potentialAction\":[{\"@type\":\"ReadAction\",\"target\":[\"https:\\\/\\\/investmentvisacn.com\\\/latvia-golden-visa\\\/\"]}]},{\"@type\":\"ImageObject\",\"inLanguage\":\"es\",\"@id\":\"https:\\\/\\\/investmentvisacn.com\\\/latvia-golden-visa\\\/#primaryimage\",\"url\":\"https:\\\/\\\/investmentvisacn.com\\\/assets\\\/images\\\/Vanuatu\\\/vanuatu-270.jpg\",\"contentUrl\":\"https:\\\/\\\/investmentvisacn.com\\\/assets\\\/images\\\/Vanuatu\\\/vanuatu-270.jpg\"},{\"@type\":\"BreadcrumbList\",\"@id\":\"https:\\\/\\\/investmentvisacn.com\\\/latvia-golden-visa\\\/#breadcrumb\",\"itemListElement\":[{\"@type\":\"ListItem\",\"position\":1,\"name\":\"Home\",\"item\":\"https:\\\/\\\/investmentvisacn.com\\\/\"},{\"@type\":\"ListItem\",\"position\":2,\"name\":\"Latvia Golden Visa\"}]},{\"@type\":\"WebSite\",\"@id\":\"https:\\\/\\\/investmentvisacn.com\\\/#website\",\"url\":\"https:\\\/\\\/investmentvisacn.com\\\/\",\"name\":\"Investment Visa CN\",\"description\":\"Global Investment &amp; Visa Solutions You Can Trust\",\"publisher\":{\"@id\":\"https:\\\/\\\/investmentvisacn.com\\\/#organization\"},\"potentialAction\":[{\"@type\":\"SearchAction\",\"target\":{\"@type\":\"EntryPoint\",\"urlTemplate\":\"https:\\\/\\\/investmentvisacn.com\\\/?s={search_term_string}\"},\"query-input\":{\"@type\":\"PropertyValueSpecification\",\"valueRequired\":true,\"valueName\":\"search_term_string\"}}],\"inLanguage\":\"es\"},{\"@type\":\"Organization\",\"@id\":\"https:\\\/\\\/investmentvisacn.com\\\/#organization\",\"name\":\"Investment Visa CN\",\"url\":\"https:\\\/\\\/investmentvisacn.com\\\/\",\"logo\":{\"@type\":\"ImageObject\",\"inLanguage\":\"es\",\"@id\":\"https:\\\/\\\/investmentvisacn.com\\\/#\\\/schema\\\/logo\\\/image\\\/\",\"url\":\"https:\\\/\\\/investmentvisacn.com\\\/wp-content\\\/uploads\\\/2024\\\/08\\\/universalinvestmentvisa.png\",\"contentUrl\":\"https:\\\/\\\/investmentvisacn.com\\\/wp-content\\\/uploads\\\/2024\\\/08\\\/universalinvestmentvisa.png\",\"width\":180,\"height\":60,\"caption\":\"Investment Visa CN\"},\"image\":{\"@id\":\"https:\\\/\\\/investmentvisacn.com\\\/#\\\/schema\\\/logo\\\/image\\\/\"}}]}<\/script>\n<!-- \/ Yoast SEO plugin. -->","yoast_head_json":{"title":"Latvia Golden Visa - Visado de inversi\u00f3n CN","robots":{"index":"index","follow":"follow","max-snippet":"max-snippet:-1","max-image-preview":"max-image-preview:large","max-video-preview":"max-video-preview:-1"},"canonical":"https:\/\/investmentvisacn.com\/es\/visado-de-oro-letonia\/","og_locale":"es_ES","og_type":"article","og_title":"Latvia Golden Visa - Investment Visa CN","og_description":"Latvia Golden Visa PERMANENT RESIDENCE The applicant can apply for Latvian Permanent Residence after they have resided in the country for a minimum of five years. They must have resided in the country for a minimum of four of those years, have knowledge of the language, general history and national anthem. Citizenship Applicants can apply [&hellip;]","og_url":"https:\/\/investmentvisacn.com\/es\/visado-de-oro-letonia\/","og_site_name":"Investment Visa CN","article_modified_time":"2024-08-24T16:18:31+00:00","og_image":[{"url":"https:\/\/investmentvisacn.com\/assets\/images\/Vanuatu\/vanuatu-270.jpg","type":"","width":"","height":""}],"twitter_card":"summary_large_image","twitter_misc":{"Tiempo de lectura":"2 minutos"},"schema":{"@context":"https:\/\/schema.org","@graph":[{"@type":"WebPage","@id":"https:\/\/investmentvisacn.com\/latvia-golden-visa\/","url":"https:\/\/investmentvisacn.com\/latvia-golden-visa\/","name":"Latvia Golden Visa - Visado de inversi\u00f3n CN","isPartOf":{"@id":"https:\/\/investmentvisacn.com\/#website"},"primaryImageOfPage":{"@id":"https:\/\/investmentvisacn.com\/latvia-golden-visa\/#primaryimage"},"image":{"@id":"https:\/\/investmentvisacn.com\/latvia-golden-visa\/#primaryimage"},"thumbnailUrl":"https:\/\/investmentvisacn.com\/assets\/images\/Vanuatu\/vanuatu-270.jpg","datePublished":"2024-08-24T16:13:56+00:00","dateModified":"2024-08-24T16:18:31+00:00","breadcrumb":{"@id":"https:\/\/investmentvisacn.com\/latvia-golden-visa\/#breadcrumb"},"inLanguage":"es","potentialAction":[{"@type":"ReadAction","target":["https:\/\/investmentvisacn.com\/latvia-golden-visa\/"]}]},{"@type":"ImageObject","inLanguage":"es","@id":"https:\/\/investmentvisacn.com\/latvia-golden-visa\/#primaryimage","url":"https:\/\/investmentvisacn.com\/assets\/images\/Vanuatu\/vanuatu-270.jpg","contentUrl":"https:\/\/investmentvisacn.com\/assets\/images\/Vanuatu\/vanuatu-270.jpg"},{"@type":"BreadcrumbList","@id":"https:\/\/investmentvisacn.com\/latvia-golden-visa\/#breadcrumb","itemListElement":[{"@type":"ListItem","position":1,"name":"Home","item":"https:\/\/investmentvisacn.com\/"},{"@type":"ListItem","position":2,"name":"Latvia Golden Visa"}]},{"@type":"WebSite","@id":"https:\/\/investmentvisacn.com\/#website","url":"https:\/\/investmentvisacn.com\/","name":"Visado de inversi\u00f3n CN","description":"Soluciones globales de inversi\u00f3n y visados en las que puede confiar","publisher":{"@id":"https:\/\/investmentvisacn.com\/#organization"},"potentialAction":[{"@type":"SearchAction","target":{"@type":"EntryPoint","urlTemplate":"https:\/\/investmentvisacn.com\/?s={search_term_string}"},"query-input":{"@type":"PropertyValueSpecification","valueRequired":true,"valueName":"search_term_string"}}],"inLanguage":"es"},{"@type":"Organization","@id":"https:\/\/investmentvisacn.com\/#organization","name":"Visado de inversi\u00f3n CN","url":"https:\/\/investmentvisacn.com\/","logo":{"@type":"ImageObject","inLanguage":"es","@id":"https:\/\/investmentvisacn.com\/#\/schema\/logo\/image\/","url":"https:\/\/investmentvisacn.com\/wp-content\/uploads\/2024\/08\/universalinvestmentvisa.png","contentUrl":"https:\/\/investmentvisacn.com\/wp-content\/uploads\/2024\/08\/universalinvestmentvisa.png","width":180,"height":60,"caption":"Investment Visa CN"},"image":{"@id":"https:\/\/investmentvisacn.com\/#\/schema\/logo\/image\/"}}]}},"_links":{"self":[{"href":"https:\/\/investmentvisacn.com\/es\/wp-json\/wp\/v2\/pages\/537","targetHints":{"allow":["GET"]}}],"collection":[{"href":"https:\/\/investmentvisacn.com\/es\/wp-json\/wp\/v2\/pages"}],"about":[{"href":"https:\/\/investmentvisacn.com\/es\/wp-json\/wp\/v2\/types\/page"}],"author":[{"embeddable":true,"href":"https:\/\/investmentvisacn.com\/es\/wp-json\/wp\/v2\/users\/1"}],"replies":[{"embeddable":true,"href":"https:\/\/investmentvisacn.com\/es\/wp-json\/wp\/v2\/comments?post=537"}],"version-history":[{"count":4,"href":"https:\/\/investmentvisacn.com\/es\/wp-json\/wp\/v2\/pages\/537\/revisions"}],"predecessor-version":[{"id":541,"href":"https:\/\/investmentvisacn.com\/es\/wp-json\/wp\/v2\/pages\/537\/revisions\/541"}],"wp:attachment":[{"href":"https:\/\/investmentvisacn.com\/es\/wp-json\/wp\/v2\/media?parent=537"}],"curies":[{"name":"wp","href":"https:\/\/api.w.org\/{rel}","templated":true}]}}