{"id":502,"date":"2024-08-24T14:54:27","date_gmt":"2024-08-24T14:54:27","guid":{"rendered":"https:\/\/universalinvestmentvisa.com\/?page_id=502"},"modified":"2024-08-24T15:37:06","modified_gmt":"2024-08-24T15:37:06","slug":"golden-visa-italia-ciudadania-por-inversion","status":"publish","type":"page","link":"https:\/\/investmentvisacn.com\/es\/golden-visa-italy-citizenship-by-investment\/","title":{"rendered":"Golden Visa Italia, Ciudadan\u00eda por inversi\u00f3n"},"content":{"rendered":"<div data-elementor-type=\"wp-page\" data-elementor-id=\"502\" class=\"elementor elementor-502\" data-elementor-post-type=\"page\">\n\t\t\t\t\t\t<section class=\"elementor-section elementor-top-section elementor-element elementor-element-11f8cb5 elementor-section-stretched elementor-section-boxed elementor-section-height-default elementor-section-height-default\" data-id=\"11f8cb5\" data-element_type=\"section\" data-e-type=\"section\" data-settings=\"{&quot;stretch_section&quot;:&quot;section-stretched&quot;}\">\n\t\t\t\t\t\t<div class=\"elementor-container elementor-column-gap-default\">\n\t\t\t\t\t<div class=\"elementor-column elementor-col-100 elementor-top-column elementor-element elementor-element-6eb0342\" data-id=\"6eb0342\" data-element_type=\"column\" data-e-type=\"column\">\n\t\t\t<div class=\"elementor-widget-wrap elementor-element-populated\">\n\t\t\t\t\t\t<div class=\"elementor-element elementor-element-ad30b71 elementor-widget elementor-widget-heading\" data-id=\"ad30b71\" data-element_type=\"widget\" data-e-type=\"widget\" data-widget_type=\"heading.default\">\n\t\t\t\t<div class=\"elementor-widget-container\">\n\t\t\t\t\t<h2 class=\"elementor-heading-title elementor-size-default\">Programa de residencia por inversi\u00f3n en Italia<\/h2>\t\t\t\t<\/div>\n\t\t\t\t<\/div>\n\t\t\t\t<div class=\"elementor-element elementor-element-4213dea elementor-widget elementor-widget-text-editor\" data-id=\"4213dea\" data-element_type=\"widget\" data-e-type=\"widget\" data-widget_type=\"text-editor.default\">\n\t\t\t\t<div class=\"elementor-widget-container\">\n\t\t\t\t\t\t\t\t\t<p><span style=\"color: #000000;\">Como destino tur\u00edstico mundialmente reconocido, con ciudades importantes como Mil\u00e1n, Roma y Venecia, Italia ofrece a los inversores acceso a un mercado de la UE fuerte y bien conectado y a las muchas oportunidades disponibles en la regi\u00f3n. El programa ofrece una amplia gama de opciones de inversi\u00f3n, con distintos importes de inversi\u00f3n a elegir, y los candidatos seleccionados obtienen el derecho de residencia en un plazo de tres a cuatro meses.<\/span><\/p><h2 class=\"post-name\"><span style=\"color: #000000;\">Ventajas del visado de oro italiano<\/span><\/h2><ol><li><span style=\"color: #000000;\">Viajar sin visado al espacio Schengen europeo<\/span><\/li><li><span style=\"color: #000000;\">Residir en un pa\u00eds con una rica cultura, industrias atractivas y grandes ciudades mundiales<\/span><\/li><li><span style=\"color: #000000;\">No se requiere estancia permanente en Italia<\/span><\/li><li><span style=\"color: #000000;\">Acceso a excelentes servicios de atenci\u00f3n m\u00e9dica y educaci\u00f3n<\/span><\/li><li><span style=\"color: #000000;\">Se puede obtener la nacionalidad tras 10 a\u00f1os de residencia (en condiciones especiales).<\/span><\/li><\/ol><p><span style=\"color: #000000;\">Para obtener el estatuto de residente en Italia, los solicitantes pueden optar por invertir en cualquiera de las dos opciones siguientes del programa:<\/span><\/p><h2 class=\"post-name\"><span style=\"color: #000000;\">Programa de visados para inversores<\/span><\/h2><p><span style=\"color: #000000;\">Cumplir uno de los tres requisitos siguientes:<\/span><\/p><ol><li><span style=\"color: #000000;\">Un m\u00ednimo de 2 millones de euros en bonos del Estado italiano<\/span><\/li><li><span style=\"color: #000000;\">Un m\u00ednimo de 500.000 euros en acciones italianas (reducido a 250.000 euros si se invierte en start-ups innovadoras).<\/span><\/li><li><span style=\"color: #000000;\">Un m\u00ednimo de 1 mill\u00f3n de euros en proyectos de inter\u00e9s p\u00fablico en Italia, como cultura, educaci\u00f3n, ecolog\u00eda, gesti\u00f3n de la inmigraci\u00f3n, investigaci\u00f3n y desarrollo, arte y patrimonio. Se trata de una donaci\u00f3n no reembolsable.<\/span><\/li><\/ol><p><span style=\"color: #000000;\">La inversi\u00f3n debe mantenerse durante la validez del visado. El c\u00f3nyuge, los hijos y los padres a cargo del solicitante principal tambi\u00e9n pueden pedir un visado sin inversi\u00f3n adicional.<\/span><\/p><h2 class=\"post-name\"><span style=\"color: #000000;\">Programa de residencias optativas<\/span><\/h2><p><span style=\"color: #000000;\">Otra opci\u00f3n que cumple los requisitos, el Programa de Residencia Electiva, es adecuada para las personas que puedan demostrar sus ingresos anuales estables en una cantidad determinada procedentes del extranjero.<\/span><\/p><h2 class=\"post-name\"><span style=\"color: #000000;\">Tr\u00e1mites y plazos del visado de oro para Italia<\/span><\/h2><p><span style=\"color: #000000;\">El visado se concede por dos a\u00f1os y es renovable por otro periodo de tres a\u00f1os, siempre que se mantenga la inversi\u00f3n. Se prev\u00e9 que el proceso de obtenci\u00f3n del visado dure entre 90 y 120 d\u00edas a partir de la fecha de solicitud. La inversi\u00f3n debe realizarse en los tres meses siguientes a la entrada en el pa\u00eds. Para obtener el visado en el marco del Programa de Visados para Inversores, los inversores deben adquirir o alquilar bienes inmuebles residenciales en Italia tras su aprobaci\u00f3n. En el marco del Programa de Residencia Electiva, los solicitantes deben demostrar unos ingresos estables y disponer de bienes inmuebles residenciales tras la aprobaci\u00f3n. La residencia permanente es posible al cabo de cinco a\u00f1os, siempre que el inversor se haya trasladado a Italia. No se exige un n\u00famero m\u00ednimo de d\u00edas de presencia f\u00edsica en Italia.<\/span><\/p>\t\t\t\t\t\t\t\t<\/div>\n\t\t\t\t<\/div>\n\t\t\t\t<div class=\"elementor-element elementor-element-8035e02 elementor-align-center elementor-widget elementor-widget-button\" data-id=\"8035e02\" data-element_type=\"widget\" data-e-type=\"widget\" data-widget_type=\"button.default\">\n\t\t\t\t<div class=\"elementor-widget-container\">\n\t\t\t\t\t\t\t\t\t<div class=\"elementor-button-wrapper\">\n\t\t\t\t\t<a class=\"elementor-button elementor-button-link elementor-size-sm\" href=\"https:\/\/investmentvisacn.com\/es\/contacto\/\">\n\t\t\t\t\t\t<span class=\"elementor-button-content-wrapper\">\n\t\t\t\t\t\t\t\t\t<span class=\"elementor-button-text\">Contacto-Asesor<\/span>\n\t\t\t\t\t<\/span>\n\t\t\t\t\t<\/a>\n\t\t\t\t<\/div>\n\t\t\t\t\t\t\t\t<\/div>\n\t\t\t\t<\/div>\n\t\t\t\t<div class=\"elementor-element elementor-element-6d3f6a8 elementor-widget elementor-widget-text-editor\" data-id=\"6d3f6a8\" data-element_type=\"widget\" data-e-type=\"widget\" data-widget_type=\"text-editor.default\">\n\t\t\t\t<div class=\"elementor-widget-container\">\n\t\t\t\t\t\t\t\t\t<h2 class=\"text-center\" style=\"text-align: center;\">Otros programas<\/h2>\t\t\t\t\t\t\t\t<\/div>\n\t\t\t\t<\/div>\n\t\t\t\t<section class=\"elementor-section elementor-inner-section elementor-element elementor-element-28d0149 elementor-section-boxed elementor-section-height-default elementor-section-height-default\" data-id=\"28d0149\" data-element_type=\"section\" data-e-type=\"section\">\n\t\t\t\t\t\t<div class=\"elementor-container elementor-column-gap-default\">\n\t\t\t\t\t<div class=\"elementor-column elementor-col-25 elementor-inner-column elementor-element elementor-element-a7beca0\" data-id=\"a7beca0\" data-element_type=\"column\" data-e-type=\"column\">\n\t\t\t<div class=\"elementor-widget-wrap elementor-element-populated\">\n\t\t\t\t\t\t<div class=\"elementor-element elementor-element-7aa202a elementor-widget elementor-widget-text-editor\" data-id=\"7aa202a\" data-element_type=\"widget\" data-e-type=\"widget\" data-widget_type=\"text-editor.default\">\n\t\t\t\t<div class=\"elementor-widget-container\">\n\t\t\t\t\t\t\t\t\t<div class=\"product-thumb\"><a class=\"link-to-product\" href=\"https:\/\/investmentvisacn.com\/es\/ciudadania-de-vanuatu\/\"><img fetchpriority=\"high\" decoding=\"async\" class=\"product-thumnail\" src=\"https:\/\/investmentvisacn.com\/assets\/images\/Vanuatu\/vanuatu-270.jpg\" alt=\"dd\" width=\"270\" height=\"270\" \/><\/a><\/div><div class=\"info\"><p><b class=\"categories\">Vanuatu<\/b><\/p><h4 class=\"product-title\"><a class=\"pr-name\" href=\"https:\/\/investmentvisacn.com\/es\/ciudadania-de-vanuatu\/\">Donaci\u00f3n m\u00ednima $130.000<br \/>Opci\u00f3n inmobiliaria<br \/>Ciudadan\u00eda y pasaporte<br \/>Programa consolidado<\/a><\/h4><\/div>\t\t\t\t\t\t\t\t<\/div>\n\t\t\t\t<\/div>\n\t\t\t\t\t<\/div>\n\t\t<\/div>\n\t\t\t\t<div class=\"elementor-column elementor-col-25 elementor-inner-column elementor-element elementor-element-f1e1adb\" data-id=\"f1e1adb\" data-element_type=\"column\" data-e-type=\"column\">\n\t\t\t<div class=\"elementor-widget-wrap elementor-element-populated\">\n\t\t\t\t\t\t<div class=\"elementor-element elementor-element-1b2eff2 elementor-widget elementor-widget-text-editor\" data-id=\"1b2eff2\" data-element_type=\"widget\" data-e-type=\"widget\" data-widget_type=\"text-editor.default\">\n\t\t\t\t<div class=\"elementor-widget-container\">\n\t\t\t\t\t\t\t\t\t<div class=\"product-thumb\"><a class=\"link-to-product\" href=\"https:\/\/investmentvisacn.com\/es\/programa-de-ciudadania-por-inversion-de-dominica\/\"><img decoding=\"async\" class=\"product-thumnail\" src=\"https:\/\/investmentvisacn.com\/assets\/images\/Dominica-Republic\/dominica-270.jpg\" alt=\"dd\" width=\"270\" height=\"270\" \/><\/a><\/div><div class=\"info\"><p><b class=\"categories\">Dominica<\/b><\/p><h4 class=\"product-title\"><a class=\"pr-name\" href=\"https:\/\/investmentvisacn.com\/es\/programa-de-ciudadania-por-inversion-de-dominica\/\">Donaci\u00f3n m\u00ednima de $200.000<br \/>Opci\u00f3n inmobiliaria<br \/>Ciudadan\u00eda y pasaporte<br \/>Viajes sin visado 153 pa\u00edses<\/a><\/h4><\/div>\t\t\t\t\t\t\t\t<\/div>\n\t\t\t\t<\/div>\n\t\t\t\t\t<\/div>\n\t\t<\/div>\n\t\t\t\t<div class=\"elementor-column elementor-col-25 elementor-inner-column elementor-element elementor-element-71bc9bb\" data-id=\"71bc9bb\" data-element_type=\"column\" data-e-type=\"column\">\n\t\t\t<div class=\"elementor-widget-wrap elementor-element-populated\">\n\t\t\t\t\t\t<div class=\"elementor-element elementor-element-4a2b309 elementor-widget elementor-widget-text-editor\" data-id=\"4a2b309\" data-element_type=\"widget\" data-e-type=\"widget\" data-widget_type=\"text-editor.default\">\n\t\t\t\t<div class=\"elementor-widget-container\">\n\t\t\t\t\t\t\t\t\t<div class=\"product-thumb\"><a class=\"link-to-product\" href=\"https:\/\/investmentvisacn.com\/es\/ciudadania-de-st-kitts\/\"><img decoding=\"async\" class=\"product-thumnail\" src=\"https:\/\/investmentvisacn.com\/assets\/images\/St-Lucia\/st-lucia-02.jpg\" alt=\"dd\" width=\"270\" height=\"270\" \/><\/a><\/div><div class=\"info\"><p><b class=\"categories\">Santa Luc\u00eda<\/b><\/p><h4 class=\"product-title\"><a class=\"pr-name\" href=\"https:\/\/investmentvisacn.com\/es\/ciudadania-de-st-kitts\/\">Donaci\u00f3n m\u00ednima $250.000<br \/>Ciudadan\u00eda y pasaporte<br \/>Viajes sin visado 158 pa\u00edses<br \/>Zona Schengen de la UE y Reino Unido<\/a><\/h4><\/div>\t\t\t\t\t\t\t\t<\/div>\n\t\t\t\t<\/div>\n\t\t\t\t\t<\/div>\n\t\t<\/div>\n\t\t\t\t<div class=\"elementor-column elementor-col-25 elementor-inner-column elementor-element elementor-element-b75d3b1\" data-id=\"b75d3b1\" data-element_type=\"column\" data-e-type=\"column\">\n\t\t\t<div class=\"elementor-widget-wrap elementor-element-populated\">\n\t\t\t\t\t\t<div class=\"elementor-element elementor-element-636d769 elementor-widget elementor-widget-text-editor\" data-id=\"636d769\" data-element_type=\"widget\" data-e-type=\"widget\" data-widget_type=\"text-editor.default\">\n\t\t\t\t<div class=\"elementor-widget-container\">\n\t\t\t\t\t\t\t\t\t<ul><li><div class=\"product-thumb\"><a class=\"link-to-product\" href=\"https:\/\/investmentvisacn.com\/es\/visado-de-oro-portugal\/\"><img loading=\"lazy\" decoding=\"async\" class=\"product-thumnail\" src=\"https:\/\/investmentvisacn.com\/assets\/images\/Portugal\/portugal-270jpg.jpg\" alt=\"dd\" width=\"270\" height=\"270\" \/><\/a><\/div><div class=\"info\"><p><b class=\"categories\">Portugal<\/b><\/p><h4 class=\"product-title\"><a class=\"pr-name\" href=\"https:\/\/investmentvisacn.com\/es\/visado-de-oro-portugal\/\">M\u00ednimo $500.000 + Gastos<br \/>Inversi\u00f3n en capital privado<br \/>Residencia europea<br \/>Viajes al espacio Schengen de la UE<br \/>Solicitar la nacionalidad 5 a\u00f1os<\/a><\/h4><\/div><\/li><\/ul>\t\t\t\t\t\t\t\t<\/div>\n\t\t\t\t<\/div>\n\t\t\t\t\t<\/div>\n\t\t<\/div>\n\t\t\t\t\t<\/div>\n\t\t<\/section>\n\t\t\t\t<div class=\"elementor-element elementor-element-07a7a9d elementor-align-center elementor-widget elementor-widget-button\" data-id=\"07a7a9d\" data-element_type=\"widget\" data-e-type=\"widget\" data-widget_type=\"button.default\">\n\t\t\t\t<div class=\"elementor-widget-container\">\n\t\t\t\t\t\t\t\t\t<div class=\"elementor-button-wrapper\">\n\t\t\t\t\t<a class=\"elementor-button elementor-button-link elementor-size-sm\" href=\"https:\/\/investmentvisacn.com\/es\/contacto\/\">\n\t\t\t\t\t\t<span class=\"elementor-button-content-wrapper\">\n\t\t\t\t\t\t\t\t\t<span class=\"elementor-button-text\">Ver todos<\/span>\n\t\t\t\t\t<\/span>\n\t\t\t\t\t<\/a>\n\t\t\t\t<\/div>\n\t\t\t\t\t\t\t\t<\/div>\n\t\t\t\t<\/div>\n\t\t\t\t\t<\/div>\n\t\t<\/div>\n\t\t\t\t\t<\/div>\n\t\t<\/section>\n\t\t\t\t<\/div>","protected":false},"excerpt":{"rendered":"<p>Italy Residence by Investment Program As a globally recognized tourist destination with major cities including Milan, Rome, and Venice, Italy offers investors access to a strong, well-connected EU market and the many opportunities available in the region. The program has a range of investment options available with varying investment amounts for individuals to choose from, [&hellip;]<\/p>\n","protected":false},"author":1,"featured_media":0,"parent":0,"menu_order":0,"comment_status":"closed","ping_status":"closed","template":"","meta":{"footnotes":""},"class_list":["post-502","page","type-page","status-publish","hentry"],"yoast_head":"<!-- This site is optimized with the Yoast SEO plugin v27.3 - https:\/\/yoast.com\/product\/yoast-seo-wordpress\/ -->\n<title>Golden Visa Italy, Citizenship by investment - Investment Visa CN<\/title>\n<meta name=\"robots\" content=\"index, follow, max-snippet:-1, max-image-preview:large, max-video-preview:-1\" \/>\n<link rel=\"canonical\" href=\"https:\/\/investmentvisacn.com\/es\/golden-visa-italia-ciudadania-por-inversion\/\" \/>\n<meta property=\"og:locale\" content=\"es_ES\" \/>\n<meta property=\"og:type\" content=\"article\" \/>\n<meta property=\"og:title\" content=\"Golden Visa Italy, Citizenship by investment - Investment Visa CN\" \/>\n<meta property=\"og:description\" content=\"Italy Residence by Investment Program As a globally recognized tourist destination with major cities including Milan, Rome, and Venice, Italy offers investors access to a strong, well-connected EU market and the many opportunities available in the region. The program has a range of investment options available with varying investment amounts for individuals to choose from, [&hellip;]\" \/>\n<meta property=\"og:url\" content=\"https:\/\/investmentvisacn.com\/es\/golden-visa-italia-ciudadania-por-inversion\/\" \/>\n<meta property=\"og:site_name\" content=\"Investment Visa CN\" \/>\n<meta property=\"article:modified_time\" content=\"2024-08-24T15:37:06+00:00\" \/>\n<meta property=\"og:image\" content=\"https:\/\/investmentvisacn.com\/assets\/images\/Vanuatu\/vanuatu-270.jpg\" \/>\n<meta name=\"twitter:card\" content=\"summary_large_image\" \/>\n<meta name=\"twitter:label1\" content=\"Tiempo de lectura\" \/>\n\t<meta name=\"twitter:data1\" content=\"2 minutos\" \/>\n<script type=\"application\/ld+json\" class=\"yoast-schema-graph\">{\"@context\":\"https:\\\/\\\/schema.org\",\"@graph\":[{\"@type\":\"WebPage\",\"@id\":\"https:\\\/\\\/investmentvisacn.com\\\/golden-visa-italy-citizenship-by-investment\\\/\",\"url\":\"https:\\\/\\\/investmentvisacn.com\\\/golden-visa-italy-citizenship-by-investment\\\/\",\"name\":\"Golden Visa Italy, Citizenship by investment - Investment Visa CN\",\"isPartOf\":{\"@id\":\"https:\\\/\\\/investmentvisacn.com\\\/#website\"},\"primaryImageOfPage\":{\"@id\":\"https:\\\/\\\/investmentvisacn.com\\\/golden-visa-italy-citizenship-by-investment\\\/#primaryimage\"},\"image\":{\"@id\":\"https:\\\/\\\/investmentvisacn.com\\\/golden-visa-italy-citizenship-by-investment\\\/#primaryimage\"},\"thumbnailUrl\":\"https:\\\/\\\/investmentvisacn.com\\\/assets\\\/images\\\/Vanuatu\\\/vanuatu-270.jpg\",\"datePublished\":\"2024-08-24T14:54:27+00:00\",\"dateModified\":\"2024-08-24T15:37:06+00:00\",\"breadcrumb\":{\"@id\":\"https:\\\/\\\/investmentvisacn.com\\\/golden-visa-italy-citizenship-by-investment\\\/#breadcrumb\"},\"inLanguage\":\"es\",\"potentialAction\":[{\"@type\":\"ReadAction\",\"target\":[\"https:\\\/\\\/investmentvisacn.com\\\/golden-visa-italy-citizenship-by-investment\\\/\"]}]},{\"@type\":\"ImageObject\",\"inLanguage\":\"es\",\"@id\":\"https:\\\/\\\/investmentvisacn.com\\\/golden-visa-italy-citizenship-by-investment\\\/#primaryimage\",\"url\":\"https:\\\/\\\/investmentvisacn.com\\\/assets\\\/images\\\/Vanuatu\\\/vanuatu-270.jpg\",\"contentUrl\":\"https:\\\/\\\/investmentvisacn.com\\\/assets\\\/images\\\/Vanuatu\\\/vanuatu-270.jpg\"},{\"@type\":\"BreadcrumbList\",\"@id\":\"https:\\\/\\\/investmentvisacn.com\\\/golden-visa-italy-citizenship-by-investment\\\/#breadcrumb\",\"itemListElement\":[{\"@type\":\"ListItem\",\"position\":1,\"name\":\"Home\",\"item\":\"https:\\\/\\\/investmentvisacn.com\\\/\"},{\"@type\":\"ListItem\",\"position\":2,\"name\":\"Golden Visa Italy, Citizenship by investment\"}]},{\"@type\":\"WebSite\",\"@id\":\"https:\\\/\\\/investmentvisacn.com\\\/#website\",\"url\":\"https:\\\/\\\/investmentvisacn.com\\\/\",\"name\":\"Investment Visa CN\",\"description\":\"Global Investment &amp; Visa Solutions You Can Trust\",\"publisher\":{\"@id\":\"https:\\\/\\\/investmentvisacn.com\\\/#organization\"},\"potentialAction\":[{\"@type\":\"SearchAction\",\"target\":{\"@type\":\"EntryPoint\",\"urlTemplate\":\"https:\\\/\\\/investmentvisacn.com\\\/?s={search_term_string}\"},\"query-input\":{\"@type\":\"PropertyValueSpecification\",\"valueRequired\":true,\"valueName\":\"search_term_string\"}}],\"inLanguage\":\"es\"},{\"@type\":\"Organization\",\"@id\":\"https:\\\/\\\/investmentvisacn.com\\\/#organization\",\"name\":\"Investment Visa CN\",\"url\":\"https:\\\/\\\/investmentvisacn.com\\\/\",\"logo\":{\"@type\":\"ImageObject\",\"inLanguage\":\"es\",\"@id\":\"https:\\\/\\\/investmentvisacn.com\\\/#\\\/schema\\\/logo\\\/image\\\/\",\"url\":\"https:\\\/\\\/investmentvisacn.com\\\/wp-content\\\/uploads\\\/2024\\\/08\\\/universalinvestmentvisa.png\",\"contentUrl\":\"https:\\\/\\\/investmentvisacn.com\\\/wp-content\\\/uploads\\\/2024\\\/08\\\/universalinvestmentvisa.png\",\"width\":180,\"height\":60,\"caption\":\"Investment Visa CN\"},\"image\":{\"@id\":\"https:\\\/\\\/investmentvisacn.com\\\/#\\\/schema\\\/logo\\\/image\\\/\"}}]}<\/script>\n<!-- \/ Yoast SEO plugin. -->","yoast_head_json":{"title":"Golden Visa Italia, Ciudadan\u00eda por inversi\u00f3n - Visado de inversi\u00f3n CN","robots":{"index":"index","follow":"follow","max-snippet":"max-snippet:-1","max-image-preview":"max-image-preview:large","max-video-preview":"max-video-preview:-1"},"canonical":"https:\/\/investmentvisacn.com\/es\/golden-visa-italia-ciudadania-por-inversion\/","og_locale":"es_ES","og_type":"article","og_title":"Golden Visa Italy, Citizenship by investment - Investment Visa CN","og_description":"Italy Residence by Investment Program As a globally recognized tourist destination with major cities including Milan, Rome, and Venice, Italy offers investors access to a strong, well-connected EU market and the many opportunities available in the region. The program has a range of investment options available with varying investment amounts for individuals to choose from, [&hellip;]","og_url":"https:\/\/investmentvisacn.com\/es\/golden-visa-italia-ciudadania-por-inversion\/","og_site_name":"Investment Visa CN","article_modified_time":"2024-08-24T15:37:06+00:00","og_image":[{"url":"https:\/\/investmentvisacn.com\/assets\/images\/Vanuatu\/vanuatu-270.jpg","type":"","width":"","height":""}],"twitter_card":"summary_large_image","twitter_misc":{"Tiempo de lectura":"2 minutos"},"schema":{"@context":"https:\/\/schema.org","@graph":[{"@type":"WebPage","@id":"https:\/\/investmentvisacn.com\/golden-visa-italy-citizenship-by-investment\/","url":"https:\/\/investmentvisacn.com\/golden-visa-italy-citizenship-by-investment\/","name":"Golden Visa Italia, Ciudadan\u00eda por inversi\u00f3n - Visado de inversi\u00f3n CN","isPartOf":{"@id":"https:\/\/investmentvisacn.com\/#website"},"primaryImageOfPage":{"@id":"https:\/\/investmentvisacn.com\/golden-visa-italy-citizenship-by-investment\/#primaryimage"},"image":{"@id":"https:\/\/investmentvisacn.com\/golden-visa-italy-citizenship-by-investment\/#primaryimage"},"thumbnailUrl":"https:\/\/investmentvisacn.com\/assets\/images\/Vanuatu\/vanuatu-270.jpg","datePublished":"2024-08-24T14:54:27+00:00","dateModified":"2024-08-24T15:37:06+00:00","breadcrumb":{"@id":"https:\/\/investmentvisacn.com\/golden-visa-italy-citizenship-by-investment\/#breadcrumb"},"inLanguage":"es","potentialAction":[{"@type":"ReadAction","target":["https:\/\/investmentvisacn.com\/golden-visa-italy-citizenship-by-investment\/"]}]},{"@type":"ImageObject","inLanguage":"es","@id":"https:\/\/investmentvisacn.com\/golden-visa-italy-citizenship-by-investment\/#primaryimage","url":"https:\/\/investmentvisacn.com\/assets\/images\/Vanuatu\/vanuatu-270.jpg","contentUrl":"https:\/\/investmentvisacn.com\/assets\/images\/Vanuatu\/vanuatu-270.jpg"},{"@type":"BreadcrumbList","@id":"https:\/\/investmentvisacn.com\/golden-visa-italy-citizenship-by-investment\/#breadcrumb","itemListElement":[{"@type":"ListItem","position":1,"name":"Home","item":"https:\/\/investmentvisacn.com\/"},{"@type":"ListItem","position":2,"name":"Golden Visa Italy, Citizenship by investment"}]},{"@type":"WebSite","@id":"https:\/\/investmentvisacn.com\/#website","url":"https:\/\/investmentvisacn.com\/","name":"Visado de inversi\u00f3n CN","description":"Soluciones globales de inversi\u00f3n y visados en las que puede confiar","publisher":{"@id":"https:\/\/investmentvisacn.com\/#organization"},"potentialAction":[{"@type":"SearchAction","target":{"@type":"EntryPoint","urlTemplate":"https:\/\/investmentvisacn.com\/?s={search_term_string}"},"query-input":{"@type":"PropertyValueSpecification","valueRequired":true,"valueName":"search_term_string"}}],"inLanguage":"es"},{"@type":"Organization","@id":"https:\/\/investmentvisacn.com\/#organization","name":"Visado de inversi\u00f3n CN","url":"https:\/\/investmentvisacn.com\/","logo":{"@type":"ImageObject","inLanguage":"es","@id":"https:\/\/investmentvisacn.com\/#\/schema\/logo\/image\/","url":"https:\/\/investmentvisacn.com\/wp-content\/uploads\/2024\/08\/universalinvestmentvisa.png","contentUrl":"https:\/\/investmentvisacn.com\/wp-content\/uploads\/2024\/08\/universalinvestmentvisa.png","width":180,"height":60,"caption":"Investment Visa CN"},"image":{"@id":"https:\/\/investmentvisacn.com\/#\/schema\/logo\/image\/"}}]}},"_links":{"self":[{"href":"https:\/\/investmentvisacn.com\/es\/wp-json\/wp\/v2\/pages\/502","targetHints":{"allow":["GET"]}}],"collection":[{"href":"https:\/\/investmentvisacn.com\/es\/wp-json\/wp\/v2\/pages"}],"about":[{"href":"https:\/\/investmentvisacn.com\/es\/wp-json\/wp\/v2\/types\/page"}],"author":[{"embeddable":true,"href":"https:\/\/investmentvisacn.com\/es\/wp-json\/wp\/v2\/users\/1"}],"replies":[{"embeddable":true,"href":"https:\/\/investmentvisacn.com\/es\/wp-json\/wp\/v2\/comments?post=502"}],"version-history":[{"count":4,"href":"https:\/\/investmentvisacn.com\/es\/wp-json\/wp\/v2\/pages\/502\/revisions"}],"predecessor-version":[{"id":518,"href":"https:\/\/investmentvisacn.com\/es\/wp-json\/wp\/v2\/pages\/502\/revisions\/518"}],"wp:attachment":[{"href":"https:\/\/investmentvisacn.com\/es\/wp-json\/wp\/v2\/media?parent=502"}],"curies":[{"name":"wp","href":"https:\/\/api.w.org\/{rel}","templated":true}]}}