{"id":420,"date":"2024-08-21T15:39:18","date_gmt":"2024-08-21T15:39:18","guid":{"rendered":"https:\/\/universalinvestmentvisa.com\/?page_id=420"},"modified":"2024-08-21T15:42:10","modified_gmt":"2024-08-21T15:42:10","slug":"austria-ciudadania-y-residencia-por-inversion","status":"publish","type":"page","link":"https:\/\/investmentvisacn.com\/es\/austria-citizenship-and-residency-by-investment\/","title":{"rendered":"Ciudadan\u00eda y residencia austriacas por inversi\u00f3n"},"content":{"rendered":"<div data-elementor-type=\"wp-page\" data-elementor-id=\"420\" class=\"elementor elementor-420\" data-elementor-post-type=\"page\">\n\t\t\t\t\t\t<section class=\"elementor-section elementor-top-section elementor-element elementor-element-32046ec elementor-section-stretched elementor-section-boxed elementor-section-height-default elementor-section-height-default\" data-id=\"32046ec\" data-element_type=\"section\" data-e-type=\"section\" data-settings=\"{&quot;stretch_section&quot;:&quot;section-stretched&quot;}\">\n\t\t\t\t\t\t<div class=\"elementor-container elementor-column-gap-default\">\n\t\t\t\t\t<div class=\"elementor-column elementor-col-100 elementor-top-column elementor-element elementor-element-f407d0d\" data-id=\"f407d0d\" data-element_type=\"column\" data-e-type=\"column\">\n\t\t\t<div class=\"elementor-widget-wrap elementor-element-populated\">\n\t\t\t\t\t\t<div class=\"elementor-element elementor-element-829dee9 elementor-widget elementor-widget-text-editor\" data-id=\"829dee9\" data-element_type=\"widget\" data-e-type=\"widget\" data-widget_type=\"text-editor.default\">\n\t\t\t\t<div class=\"elementor-widget-container\">\n\t\t\t\t\t\t\t\t\t<div class=\"post-head\"><h2 class=\"post-name\" style=\"text-align: center;\"><span style=\"color: #000000;\">Visado de oro para Austria<\/span><\/h2><\/div><div class=\"post-content\"><div><p><span style=\"color: #000000;\">El programa de Ciudadan\u00eda austriaca por inversi\u00f3n o Golden Visa permite a los solicitantes extranjeros invertir activamente en la econom\u00eda para obtener la residencia y la ciudadan\u00eda austriacas. Aunque el programa ofrece importantes beneficios en forma de una de las ciudadan\u00edas m\u00e1s solicitadas en todo el mundo, la inversi\u00f3n, el compromiso y los plazos son muy superiores a los de otros programas, sin ninguna garant\u00eda de \u00e9xito.<\/span><\/p><div class=\"block icon-items-list\"><div><div class=\"list\"><p><span style=\"color: #000000;\">Inversi\u00f3n de 10 millones de euros<\/span><\/p><\/div><div class=\"list\"><p><span style=\"color: #000000;\">Inversi\u00f3n empresarial activa<\/span><\/p><\/div><div class=\"list\"><p><span style=\"color: #000000;\">Residencia y ciudadan\u00eda europeas<\/span><\/p><\/div><div class=\"list\"><p><span style=\"color: #000000;\">Pasaporte fuerte<\/span><\/p><\/div><div class=\"list\"><p><span style=\"color: #000000;\">Residencia familiar completa<\/span><\/p><\/div><\/div><\/div><div class=\"desc-expand\"><h4><span style=\"color: #000000;\">Requisitos para obtener la nacionalidad austriaca por inversi\u00f3n<\/span><\/h4><p><span style=\"color: #000000;\">Los solicitantes deben invertir en la econom\u00eda austriaca. Por lo general, debe tratarse de una inversi\u00f3n empresarial significativa. Se requiere un historial personal completo y limpio junto con una s\u00f3lida informaci\u00f3n sobre antecedentes empresariales. Todos los solicitantes deben aportar referencias destacadas y a la mayor\u00eda se les exigir\u00e1 que abandonen su nacionalidad actual. Algunos solicitantes pueden conservar su nacionalidad actual en determinadas circunstancias.<\/span><\/p><\/div><\/div><h4><span style=\"color: #000000;\">Coste de la inversi\u00f3n para el Golden Visa de Austria<\/span><\/h4><p><span style=\"color: #000000;\">Obtener la nacionalidad austriaca por inversi\u00f3n es un proceso largo y exigente. El tiempo de tramitaci\u00f3n suele ser de unos 2 o 3 a\u00f1os, y la aprobaci\u00f3n debe ser autorizada por funcionarios de m\u00faltiples niveles.<\/span><\/p><h4><span style=\"color: #000000;\">Pasaporte austriaco y viajes sin visado<\/span><\/h4><p><span style=\"color: #000000;\">En\u00a0<a style=\"color: #000000;\" href=\"https:\/\/investmentvisacn.com\/es\/australia\/\">Pasaporte austriaco<\/a>\u00a0le permitir\u00e1 viajar sin visado a 199 destinos en todo el mundo, incluidos Estados Unidos y el Reino Unido. El programa de ciudadan\u00eda austriaca por inversi\u00f3n le permitir\u00e1 vivir, trabajar, viajar y estudiar en cualquier lugar de la zona Schengen europea.<\/span><\/p><\/div>\t\t\t\t\t\t\t\t<\/div>\n\t\t\t\t<\/div>\n\t\t\t\t<div class=\"elementor-element elementor-element-4c769ca elementor-widget elementor-widget-text-editor\" data-id=\"4c769ca\" data-element_type=\"widget\" data-e-type=\"widget\" data-widget_type=\"text-editor.default\">\n\t\t\t\t<div class=\"elementor-widget-container\">\n\t\t\t\t\t\t\t\t\t<h2 style=\"text-align: center;\">Su presupuesto gratuito<\/h2><p style=\"text-align: center;\"><br \/><span class=\"title btn-expand\" style=\"color: #000000;\">\u00bfCu\u00e1les son las ventajas del Programa Golden Visa de Austria?<\/span><\/p>\t\t\t\t\t\t\t\t<\/div>\n\t\t\t\t<\/div>\n\t\t\t\t<div class=\"elementor-element elementor-element-9e97e91 elementor-widget elementor-widget-text-editor\" data-id=\"9e97e91\" data-element_type=\"widget\" data-e-type=\"widget\" data-widget_type=\"text-editor.default\">\n\t\t\t\t<div class=\"elementor-widget-container\">\n\t\t\t\t\t\t\t\t\t<h3><span style=\"color: #000000;\">Programas alternativos<\/span><\/h3><p><span style=\"color: #000000;\">El programa austriaco est\u00e1 fuera del alcance de muchos solicitantes y ofrece poca claridad en cuanto a inversi\u00f3n, plazos y aprobaci\u00f3n. En la mayor\u00eda de los casos se aconseja a los solicitantes que consideren otros programas con criterios claramente definidos y predicci\u00f3n de \u00e9xito. Universal Investment Visa tambi\u00e9n ofrece otros programas europeos de Golden Visa, incluidos los que conceden la residencia a trav\u00e9s de la inversi\u00f3n en bienes inmuebles o bonos del Estado. Estas inversiones requieren una conexi\u00f3n m\u00ednima con el pa\u00eds y permiten viajar libremente dentro de la zona Schengen europea. Estos programas pueden conducir en \u00faltima instancia a la obtenci\u00f3n de la Residencia Permanente (RP) y la Ciudadan\u00eda.<\/span><\/p>\t\t\t\t\t\t\t\t<\/div>\n\t\t\t\t<\/div>\n\t\t\t\t<div class=\"elementor-element elementor-element-89a6978 elementor-widget elementor-widget-text-editor\" data-id=\"89a6978\" data-element_type=\"widget\" data-e-type=\"widget\" data-widget_type=\"text-editor.default\">\n\t\t\t\t<div class=\"elementor-widget-container\">\n\t\t\t\t\t\t\t\t\t<h3 style=\"text-align: center;\">Programas<\/h3><h4 class=\"main-title\" style=\"text-align: center;\">Una selecci\u00f3n de programas de inversi\u00f3n en residencia y ciudadan\u00eda.<\/h4>\t\t\t\t\t\t\t\t<\/div>\n\t\t\t\t<\/div>\n\t\t\t\t<section class=\"elementor-section elementor-inner-section elementor-element elementor-element-65c188f elementor-section-boxed elementor-section-height-default elementor-section-height-default\" data-id=\"65c188f\" data-element_type=\"section\" data-e-type=\"section\">\n\t\t\t\t\t\t<div class=\"elementor-container elementor-column-gap-default\">\n\t\t\t\t\t<div class=\"elementor-column elementor-col-33 elementor-inner-column elementor-element elementor-element-4a7c5fb\" data-id=\"4a7c5fb\" data-element_type=\"column\" data-e-type=\"column\">\n\t\t\t<div class=\"elementor-widget-wrap elementor-element-populated\">\n\t\t\t\t\t\t<div class=\"elementor-element elementor-element-64900e1 elementor-widget elementor-widget-text-editor\" data-id=\"64900e1\" data-element_type=\"widget\" data-e-type=\"widget\" data-widget_type=\"text-editor.default\">\n\t\t\t\t<div class=\"elementor-widget-container\">\n\t\t\t\t\t\t\t\t\t<ul><li><div class=\"thumbnail\"><img fetchpriority=\"high\" decoding=\"async\" src=\"https:\/\/investmentvisacn.com\/assets\/images\/Portugal\/portugal.jpg\" alt=\"\" width=\"370\" height=\"270\" \/><\/div><div class=\"post-content\"><h4 class=\"post-name\">Portugal<\/h4><p>Desde 280.000 euros + gastos<br \/>Inversi\u00f3n inmobiliaria<br \/>Residencia europea<br \/>Viajes al espacio Schengen de la UE<br \/>Solicitar la nacionalidad 5 a\u00f1os<\/p><div class=\"post-meta\"><img decoding=\"async\" src=\"https:\/\/investmentvisacn.com\/assets\/images\/countries\/portugal-50.jpg\" alt=\"\" width=\"28\" height=\"28\" \/>Portugal<\/div><\/div><\/li><\/ul>\t\t\t\t\t\t\t\t<\/div>\n\t\t\t\t<\/div>\n\t\t\t\t\t<\/div>\n\t\t<\/div>\n\t\t\t\t<div class=\"elementor-column elementor-col-33 elementor-inner-column elementor-element elementor-element-534a580\" data-id=\"534a580\" data-element_type=\"column\" data-e-type=\"column\">\n\t\t\t<div class=\"elementor-widget-wrap elementor-element-populated\">\n\t\t\t\t\t\t<div class=\"elementor-element elementor-element-94d0049 elementor-widget elementor-widget-text-editor\" data-id=\"94d0049\" data-element_type=\"widget\" data-e-type=\"widget\" data-widget_type=\"text-editor.default\">\n\t\t\t\t<div class=\"elementor-widget-container\">\n\t\t\t\t\t\t\t\t\t<ul><li><div class=\"thumbnail\"><img decoding=\"async\" src=\"https:\/\/investmentvisacn.com\/assets\/images\/our-blog\/Saint-Kitts-Ranks-Highly-in-CBI-Index.-462x462.jpg\" alt=\"\" width=\"370\" height=\"270\" \/><\/div><div class=\"post-content\"><h4 class=\"post-name\">San Crist\u00f3bal<\/h4><p>Donaci\u00f3n m\u00ednima $250.000<br \/>Opci\u00f3n inmobiliaria<br \/>Ciudadan\u00eda y pasaporte<br \/>Programa consolidado<\/p><div class=\"post-meta\"><img loading=\"lazy\" decoding=\"async\" src=\"https:\/\/investmentvisacn.com\/assets\/images\/countries\/st-skitt50.jpg\" alt=\"\" width=\"28\" height=\"28\" \/>San Skitt<\/div><\/div><\/li><\/ul>\t\t\t\t\t\t\t\t<\/div>\n\t\t\t\t<\/div>\n\t\t\t\t\t<\/div>\n\t\t<\/div>\n\t\t\t\t<div class=\"elementor-column elementor-col-33 elementor-inner-column elementor-element elementor-element-d167821\" data-id=\"d167821\" data-element_type=\"column\" data-e-type=\"column\">\n\t\t\t<div class=\"elementor-widget-wrap elementor-element-populated\">\n\t\t\t\t\t\t<div class=\"elementor-element elementor-element-5fa061b elementor-widget elementor-widget-text-editor\" data-id=\"5fa061b\" data-element_type=\"widget\" data-e-type=\"widget\" data-widget_type=\"text-editor.default\">\n\t\t\t\t<div class=\"elementor-widget-container\">\n\t\t\t\t\t\t\t\t\t<ul><li><div class=\"thumbnail\"><img loading=\"lazy\" decoding=\"async\" src=\"https:\/\/investmentvisacn.com\/assets\/images\/our-blog\/malta-re-launch-permanent-residency-programme.jpg\" alt=\"\" width=\"370\" height=\"270\" \/><\/div><div class=\"post-content\"><h4 class=\"post-name\">Malta<\/h4><p>Desde 690.000 euros + gastos<br \/>Inversi\u00f3n y donaci\u00f3n<br \/>Ciudadan\u00eda europea<br \/>Familia completa<\/p><div class=\"post-meta\"><img loading=\"lazy\" decoding=\"async\" src=\"https:\/\/investmentvisacn.com\/assets\/images\/countries\/malta-50.jpg\" alt=\"\" width=\"28\" height=\"28\" \/>Malta<\/div><\/div><\/li><\/ul>\t\t\t\t\t\t\t\t<\/div>\n\t\t\t\t<\/div>\n\t\t\t\t\t<\/div>\n\t\t<\/div>\n\t\t\t\t\t<\/div>\n\t\t<\/section>\n\t\t\t\t\t<\/div>\n\t\t<\/div>\n\t\t\t\t\t<\/div>\n\t\t<\/section>\n\t\t\t\t<\/div>","protected":false},"excerpt":{"rendered":"<p>Austria Golden Visa The Austria Citizenship by Investment or Golden Visa program allows foreign applicants to actively invest in the economy to gain Austrian residency and citizenship. While the programme offers significant benefits in the form of one of the most sought-after citizenships worldwide the investment, commitment and timeframe is far in excess of other [&hellip;]<\/p>\n","protected":false},"author":1,"featured_media":0,"parent":0,"menu_order":0,"comment_status":"closed","ping_status":"closed","template":"","meta":{"footnotes":""},"class_list":["post-420","page","type-page","status-publish","hentry"],"yoast_head":"<!-- This site is optimized with the Yoast SEO plugin v27.3 - https:\/\/yoast.com\/product\/yoast-seo-wordpress\/ -->\n<title>Austria Citizenship and Residency by Investment - Investment Visa CN<\/title>\n<meta name=\"robots\" content=\"index, follow, max-snippet:-1, max-image-preview:large, max-video-preview:-1\" \/>\n<link rel=\"canonical\" href=\"https:\/\/investmentvisacn.com\/es\/austria-ciudadania-y-residencia-por-inversion\/\" \/>\n<meta property=\"og:locale\" content=\"es_ES\" \/>\n<meta property=\"og:type\" content=\"article\" \/>\n<meta property=\"og:title\" content=\"Austria Citizenship and Residency by Investment - Investment Visa CN\" \/>\n<meta property=\"og:description\" content=\"Austria Golden Visa The Austria Citizenship by Investment or Golden Visa program allows foreign applicants to actively invest in the economy to gain Austrian residency and citizenship. While the programme offers significant benefits in the form of one of the most sought-after citizenships worldwide the investment, commitment and timeframe is far in excess of other [&hellip;]\" \/>\n<meta property=\"og:url\" content=\"https:\/\/investmentvisacn.com\/es\/austria-ciudadania-y-residencia-por-inversion\/\" \/>\n<meta property=\"og:site_name\" content=\"Investment Visa CN\" \/>\n<meta property=\"article:modified_time\" content=\"2024-08-21T15:42:10+00:00\" \/>\n<meta property=\"og:image\" content=\"https:\/\/investmentvisacn.com\/assets\/images\/Portugal\/portugal.jpg\" \/>\n<meta name=\"twitter:card\" content=\"summary_large_image\" \/>\n<meta name=\"twitter:label1\" content=\"Tiempo de lectura\" \/>\n\t<meta name=\"twitter:data1\" content=\"3 minutos\" \/>\n<script type=\"application\/ld+json\" class=\"yoast-schema-graph\">{\"@context\":\"https:\\\/\\\/schema.org\",\"@graph\":[{\"@type\":\"WebPage\",\"@id\":\"https:\\\/\\\/investmentvisacn.com\\\/austria-citizenship-and-residency-by-investment\\\/\",\"url\":\"https:\\\/\\\/investmentvisacn.com\\\/austria-citizenship-and-residency-by-investment\\\/\",\"name\":\"Austria Citizenship and Residency by Investment - Investment Visa CN\",\"isPartOf\":{\"@id\":\"https:\\\/\\\/investmentvisacn.com\\\/#website\"},\"primaryImageOfPage\":{\"@id\":\"https:\\\/\\\/investmentvisacn.com\\\/austria-citizenship-and-residency-by-investment\\\/#primaryimage\"},\"image\":{\"@id\":\"https:\\\/\\\/investmentvisacn.com\\\/austria-citizenship-and-residency-by-investment\\\/#primaryimage\"},\"thumbnailUrl\":\"https:\\\/\\\/investmentvisacn.com\\\/assets\\\/images\\\/Portugal\\\/portugal.jpg\",\"datePublished\":\"2024-08-21T15:39:18+00:00\",\"dateModified\":\"2024-08-21T15:42:10+00:00\",\"breadcrumb\":{\"@id\":\"https:\\\/\\\/investmentvisacn.com\\\/austria-citizenship-and-residency-by-investment\\\/#breadcrumb\"},\"inLanguage\":\"es\",\"potentialAction\":[{\"@type\":\"ReadAction\",\"target\":[\"https:\\\/\\\/investmentvisacn.com\\\/austria-citizenship-and-residency-by-investment\\\/\"]}]},{\"@type\":\"ImageObject\",\"inLanguage\":\"es\",\"@id\":\"https:\\\/\\\/investmentvisacn.com\\\/austria-citizenship-and-residency-by-investment\\\/#primaryimage\",\"url\":\"https:\\\/\\\/investmentvisacn.com\\\/assets\\\/images\\\/Portugal\\\/portugal.jpg\",\"contentUrl\":\"https:\\\/\\\/investmentvisacn.com\\\/assets\\\/images\\\/Portugal\\\/portugal.jpg\"},{\"@type\":\"BreadcrumbList\",\"@id\":\"https:\\\/\\\/investmentvisacn.com\\\/austria-citizenship-and-residency-by-investment\\\/#breadcrumb\",\"itemListElement\":[{\"@type\":\"ListItem\",\"position\":1,\"name\":\"Home\",\"item\":\"https:\\\/\\\/investmentvisacn.com\\\/\"},{\"@type\":\"ListItem\",\"position\":2,\"name\":\"Austria Citizenship and Residency by Investment\"}]},{\"@type\":\"WebSite\",\"@id\":\"https:\\\/\\\/investmentvisacn.com\\\/#website\",\"url\":\"https:\\\/\\\/investmentvisacn.com\\\/\",\"name\":\"Investment Visa CN\",\"description\":\"Global Investment &amp; Visa Solutions You Can Trust\",\"publisher\":{\"@id\":\"https:\\\/\\\/investmentvisacn.com\\\/#organization\"},\"potentialAction\":[{\"@type\":\"SearchAction\",\"target\":{\"@type\":\"EntryPoint\",\"urlTemplate\":\"https:\\\/\\\/investmentvisacn.com\\\/?s={search_term_string}\"},\"query-input\":{\"@type\":\"PropertyValueSpecification\",\"valueRequired\":true,\"valueName\":\"search_term_string\"}}],\"inLanguage\":\"es\"},{\"@type\":\"Organization\",\"@id\":\"https:\\\/\\\/investmentvisacn.com\\\/#organization\",\"name\":\"Investment Visa CN\",\"url\":\"https:\\\/\\\/investmentvisacn.com\\\/\",\"logo\":{\"@type\":\"ImageObject\",\"inLanguage\":\"es\",\"@id\":\"https:\\\/\\\/investmentvisacn.com\\\/#\\\/schema\\\/logo\\\/image\\\/\",\"url\":\"https:\\\/\\\/investmentvisacn.com\\\/wp-content\\\/uploads\\\/2024\\\/08\\\/universalinvestmentvisa.png\",\"contentUrl\":\"https:\\\/\\\/investmentvisacn.com\\\/wp-content\\\/uploads\\\/2024\\\/08\\\/universalinvestmentvisa.png\",\"width\":180,\"height\":60,\"caption\":\"Investment Visa CN\"},\"image\":{\"@id\":\"https:\\\/\\\/investmentvisacn.com\\\/#\\\/schema\\\/logo\\\/image\\\/\"}}]}<\/script>\n<!-- \/ Yoast SEO plugin. -->","yoast_head_json":{"title":"Ciudadan\u00eda austriaca y residencia por inversi\u00f3n - Visado de inversi\u00f3n CN","robots":{"index":"index","follow":"follow","max-snippet":"max-snippet:-1","max-image-preview":"max-image-preview:large","max-video-preview":"max-video-preview:-1"},"canonical":"https:\/\/investmentvisacn.com\/es\/austria-ciudadania-y-residencia-por-inversion\/","og_locale":"es_ES","og_type":"article","og_title":"Austria Citizenship and Residency by Investment - Investment Visa CN","og_description":"Austria Golden Visa The Austria Citizenship by Investment or Golden Visa program allows foreign applicants to actively invest in the economy to gain Austrian residency and citizenship. While the programme offers significant benefits in the form of one of the most sought-after citizenships worldwide the investment, commitment and timeframe is far in excess of other [&hellip;]","og_url":"https:\/\/investmentvisacn.com\/es\/austria-ciudadania-y-residencia-por-inversion\/","og_site_name":"Investment Visa CN","article_modified_time":"2024-08-21T15:42:10+00:00","og_image":[{"url":"https:\/\/investmentvisacn.com\/assets\/images\/Portugal\/portugal.jpg","type":"","width":"","height":""}],"twitter_card":"summary_large_image","twitter_misc":{"Tiempo de lectura":"3 minutos"},"schema":{"@context":"https:\/\/schema.org","@graph":[{"@type":"WebPage","@id":"https:\/\/investmentvisacn.com\/austria-citizenship-and-residency-by-investment\/","url":"https:\/\/investmentvisacn.com\/austria-citizenship-and-residency-by-investment\/","name":"Ciudadan\u00eda austriaca y residencia por inversi\u00f3n - Visado de inversi\u00f3n CN","isPartOf":{"@id":"https:\/\/investmentvisacn.com\/#website"},"primaryImageOfPage":{"@id":"https:\/\/investmentvisacn.com\/austria-citizenship-and-residency-by-investment\/#primaryimage"},"image":{"@id":"https:\/\/investmentvisacn.com\/austria-citizenship-and-residency-by-investment\/#primaryimage"},"thumbnailUrl":"https:\/\/investmentvisacn.com\/assets\/images\/Portugal\/portugal.jpg","datePublished":"2024-08-21T15:39:18+00:00","dateModified":"2024-08-21T15:42:10+00:00","breadcrumb":{"@id":"https:\/\/investmentvisacn.com\/austria-citizenship-and-residency-by-investment\/#breadcrumb"},"inLanguage":"es","potentialAction":[{"@type":"ReadAction","target":["https:\/\/investmentvisacn.com\/austria-citizenship-and-residency-by-investment\/"]}]},{"@type":"ImageObject","inLanguage":"es","@id":"https:\/\/investmentvisacn.com\/austria-citizenship-and-residency-by-investment\/#primaryimage","url":"https:\/\/investmentvisacn.com\/assets\/images\/Portugal\/portugal.jpg","contentUrl":"https:\/\/investmentvisacn.com\/assets\/images\/Portugal\/portugal.jpg"},{"@type":"BreadcrumbList","@id":"https:\/\/investmentvisacn.com\/austria-citizenship-and-residency-by-investment\/#breadcrumb","itemListElement":[{"@type":"ListItem","position":1,"name":"Home","item":"https:\/\/investmentvisacn.com\/"},{"@type":"ListItem","position":2,"name":"Austria Citizenship and Residency by Investment"}]},{"@type":"WebSite","@id":"https:\/\/investmentvisacn.com\/#website","url":"https:\/\/investmentvisacn.com\/","name":"Visado de inversi\u00f3n CN","description":"Soluciones globales de inversi\u00f3n y visados en las que puede confiar","publisher":{"@id":"https:\/\/investmentvisacn.com\/#organization"},"potentialAction":[{"@type":"SearchAction","target":{"@type":"EntryPoint","urlTemplate":"https:\/\/investmentvisacn.com\/?s={search_term_string}"},"query-input":{"@type":"PropertyValueSpecification","valueRequired":true,"valueName":"search_term_string"}}],"inLanguage":"es"},{"@type":"Organization","@id":"https:\/\/investmentvisacn.com\/#organization","name":"Visado de inversi\u00f3n CN","url":"https:\/\/investmentvisacn.com\/","logo":{"@type":"ImageObject","inLanguage":"es","@id":"https:\/\/investmentvisacn.com\/#\/schema\/logo\/image\/","url":"https:\/\/investmentvisacn.com\/wp-content\/uploads\/2024\/08\/universalinvestmentvisa.png","contentUrl":"https:\/\/investmentvisacn.com\/wp-content\/uploads\/2024\/08\/universalinvestmentvisa.png","width":180,"height":60,"caption":"Investment Visa CN"},"image":{"@id":"https:\/\/investmentvisacn.com\/#\/schema\/logo\/image\/"}}]}},"_links":{"self":[{"href":"https:\/\/investmentvisacn.com\/es\/wp-json\/wp\/v2\/pages\/420","targetHints":{"allow":["GET"]}}],"collection":[{"href":"https:\/\/investmentvisacn.com\/es\/wp-json\/wp\/v2\/pages"}],"about":[{"href":"https:\/\/investmentvisacn.com\/es\/wp-json\/wp\/v2\/types\/page"}],"author":[{"embeddable":true,"href":"https:\/\/investmentvisacn.com\/es\/wp-json\/wp\/v2\/users\/1"}],"replies":[{"embeddable":true,"href":"https:\/\/investmentvisacn.com\/es\/wp-json\/wp\/v2\/comments?post=420"}],"version-history":[{"count":4,"href":"https:\/\/investmentvisacn.com\/es\/wp-json\/wp\/v2\/pages\/420\/revisions"}],"predecessor-version":[{"id":424,"href":"https:\/\/investmentvisacn.com\/es\/wp-json\/wp\/v2\/pages\/420\/revisions\/424"}],"wp:attachment":[{"href":"https:\/\/investmentvisacn.com\/es\/wp-json\/wp\/v2\/media?parent=420"}],"curies":[{"name":"wp","href":"https:\/\/api.w.org\/{rel}","templated":true}]}}