{"id":315,"date":"2024-08-14T22:02:54","date_gmt":"2024-08-14T22:02:54","guid":{"rendered":"https:\/\/universalinvestmentvisa.com\/?page_id=315"},"modified":"2024-08-24T21:19:29","modified_gmt":"2024-08-24T21:19:29","slug":"acerca-de-nosotros","status":"publish","type":"page","link":"https:\/\/investmentvisacn.com\/es\/about-us\/","title":{"rendered":"Qui\u00e9nes somos"},"content":{"rendered":"<div data-elementor-type=\"wp-page\" data-elementor-id=\"315\" class=\"elementor elementor-315\" data-elementor-post-type=\"page\">\n\t\t\t\t\t\t<section class=\"elementor-section elementor-top-section elementor-element elementor-element-dc1b669 elementor-section-stretched elementor-section-boxed elementor-section-height-default elementor-section-height-default\" data-id=\"dc1b669\" data-element_type=\"section\" data-e-type=\"section\" data-settings=\"{&quot;stretch_section&quot;:&quot;section-stretched&quot;}\">\n\t\t\t\t\t\t<div class=\"elementor-container elementor-column-gap-default\">\n\t\t\t\t\t<div class=\"elementor-column elementor-col-100 elementor-top-column elementor-element elementor-element-52908ad\" data-id=\"52908ad\" data-element_type=\"column\" data-e-type=\"column\">\n\t\t\t<div class=\"elementor-widget-wrap elementor-element-populated\">\n\t\t\t\t\t\t<div class=\"elementor-element elementor-element-d276fec elementor-widget elementor-widget-heading\" data-id=\"d276fec\" data-element_type=\"widget\" data-e-type=\"widget\" data-widget_type=\"heading.default\">\n\t\t\t\t<div class=\"elementor-widget-container\">\n\t\t\t\t\t<h2 class=\"elementor-heading-title elementor-size-default\">Sobre nosotros<\/h2>\t\t\t\t<\/div>\n\t\t\t\t<\/div>\n\t\t\t\t<div class=\"elementor-element elementor-element-742120d elementor-widget elementor-widget-text-editor\" data-id=\"742120d\" data-element_type=\"widget\" data-e-type=\"widget\" data-widget_type=\"text-editor.default\">\n\t\t\t\t<div class=\"elementor-widget-container\">\n\t\t\t\t\t\t\t\t\t<div class=\"post-head\"><h2 class=\"post-name\" style=\"text-align: center;\"><span style=\"color: #000000;\">POR QU\u00c9 VISA Universal de inversiones<\/span><\/h2><\/div><div class=\"post-content\"><div><h2 style=\"text-align: center;\"><span style=\"color: #000000;\">Experiencia<\/span><\/h2><p><span style=\"color: #000000;\">Con el visado de inversi\u00f3n Universal nos centramos exclusivamente en la residencia y la ciudadan\u00eda a trav\u00e9s de la inversi\u00f3n. Hemos asesorado a m\u00e1s de 70.000 inversores potenciales y tenemos clientes de m\u00e1s de 150 pa\u00edses de todo el mundo, en seis continentes. Est\u00e9 donde est\u00e9 en el mundo, hemos trabajado con muchas personas de su regi\u00f3n.<\/span><\/p><div class=\"desc-expand\"><h4><span style=\"color: #000000;\">Elecci\u00f3n<\/span><\/h4><p><span style=\"color: #000000;\">Universal investment visa ofrece todos los principales programas de inversi\u00f3n en ciudadan\u00eda y residencia. Es decir, m\u00e1s de 18 para elegir en todo el mundo.<\/span><\/p><\/div><div class=\"desc-expand\"><h3><span style=\"color: #000000;\">Independencia<\/span><\/h3><p><span style=\"color: #000000;\">Universal Investment Visa es independiente de cualquier gobierno. Esto significa que podemos ofrecerle un asesoramiento imparcial, ya que no tenemos ning\u00fan programa que \u201cimpulsar\u201d. Estamos regulados y autorizados por todos los gobiernos necesarios para promover sus programas.<\/span><\/p><\/div><div class=\"desc-expand\"><h3><span style=\"color: #000000;\">Inversi\u00f3n<\/span><\/h3><p><span style=\"color: #000000;\">No nos centramos \u00fanicamente en el asesoramiento y la tramitaci\u00f3n, como muchas empresas jur\u00eddicas. Nuestra experiencia se remonta a 2002, cuando asesoramos a clientes internacionales sobre inversiones en el extranjero.<\/span><\/p><\/div><div class=\"desc-expand\"><h4><span style=\"color: #000000;\">Conf\u00ede en<\/span><\/h4><p><span style=\"color: #000000;\">La visa universal de la inversi\u00f3n (UIV USA Ltd) es una compa\u00f1\u00eda registrada en los E.E.U.U.. Presentamos cuentas anuales y somos transparentes con nuestros asuntos financieros, tal y como exige la Ley de Sociedades. No tenemos nuestra sede en ning\u00fan para\u00edso fiscal ni en ning\u00fan r\u00e9gimen de sociedades poco regulado. Todos nuestros acuerdos con los clientes se llevan a cabo bajo la ley de EE.UU. beneficiando a nuestros clientes y su protecci\u00f3n.<\/span><\/p><\/div><div class=\"desc-expand\"><h4><span style=\"color: #000000;\">Conexi\u00f3n<\/span><\/h4><p><span style=\"color: #000000;\">Como empresa estadounidense estamos cerca de todos los programas que ofrecemos. Tenemos 20 a\u00f1os de experiencia operando aqu\u00ed en Europa, donde hay muchos programas atractivos de residencia y ciudadan\u00eda basados en la inversi\u00f3n inmobiliaria. Los programas de segundo pasaporte del Caribe y Vanuatu son atractivos por su conexi\u00f3n con la Commonwealth estadounidense.<\/span><\/p><\/div><div class=\"desc-expand\"><h4><span style=\"color: #000000;\">Precio<\/span><\/h4><p><span style=\"color: #000000;\">Creemos que somos la empresa m\u00e1s competitiva en el \u201cTop Tier\u201d de empresas del sector. P\u00f3nganos a prueba. Creemos que nuestros costes de asesoramiento y tramitaci\u00f3n son inferiores a los de nuestros competidores y estamos decididos a igualar a cualquiera de nuestro grupo de pares.<\/span><\/p><\/div><\/div><h4><span style=\"color: #000000;\">Confidencialidad<\/span><\/h4><p><span style=\"color: #000000;\">Universal investment visa ha tratado con muchos inversores de alto perfil, alto patrimonio neto y ultra alto patrimonio neto de todo el mundo. De hecho, de m\u00e1s de 150 pa\u00edses diferentes. Entendemos sus necesidades y preocupaciones y comprendemos la naturaleza y confidencialidad de cualquier informaci\u00f3n que nos llega.<\/span><\/p><\/div>\t\t\t\t\t\t\t\t<\/div>\n\t\t\t\t<\/div>\n\t\t\t\t<section class=\"elementor-section elementor-inner-section elementor-element elementor-element-0d870ce elementor-section-boxed elementor-section-height-default elementor-section-height-default\" data-id=\"0d870ce\" data-element_type=\"section\" data-e-type=\"section\">\n\t\t\t\t\t\t<div class=\"elementor-container elementor-column-gap-default\">\n\t\t\t\t\t<div class=\"elementor-column elementor-col-25 elementor-inner-column elementor-element elementor-element-b4053a6\" data-id=\"b4053a6\" data-element_type=\"column\" data-e-type=\"column\">\n\t\t\t<div class=\"elementor-widget-wrap elementor-element-populated\">\n\t\t\t\t\t\t<div class=\"elementor-element elementor-element-1c9d131 elementor-widget elementor-widget-text-editor\" data-id=\"1c9d131\" data-element_type=\"widget\" data-e-type=\"widget\" data-widget_type=\"text-editor.default\">\n\t\t\t\t<div class=\"elementor-widget-container\">\n\t\t\t\t\t\t\t\t\t<div class=\"product-thumb\"><img fetchpriority=\"high\" decoding=\"async\" class=\"product-thumnail\" src=\"https:\/\/investmentvisacn.com\/assets\/images\/products\/st-kitts.jpg\" alt=\"dd\" width=\"270\" height=\"270\" \/><\/div><div class=\"info\"><p><b class=\"categories\"><i>Visado universal de inversiones Asista al Foro de Migraci\u00f3n de Inversiones 2023<\/i><\/b><\/p><h4 class=\"product-title\"><a href=\"https:\/\/investmentvisacn.com\/es\/austria-ciudadania-y-residencia-por-inversion\/\">Esta semana, Universal Investment Visa asisti\u00f3 al Foro anual sobre Migraci\u00f3n de Inversiones, organizado por el Consejo de Migraci\u00f3n de Inversiones, del que UIV es miembro y del que Paul Williams, nuestro Director General, forma parte del comit\u00e9 consultivo.<\/a><\/h4><\/div>\t\t\t\t\t\t\t\t<\/div>\n\t\t\t\t<\/div>\n\t\t\t\t\t<\/div>\n\t\t<\/div>\n\t\t\t\t<div class=\"elementor-column elementor-col-25 elementor-inner-column elementor-element elementor-element-589ddbe\" data-id=\"589ddbe\" data-element_type=\"column\" data-e-type=\"column\">\n\t\t\t<div class=\"elementor-widget-wrap elementor-element-populated\">\n\t\t\t\t\t\t<div class=\"elementor-element elementor-element-3eaf6f6 elementor-widget elementor-widget-text-editor\" data-id=\"3eaf6f6\" data-element_type=\"widget\" data-e-type=\"widget\" data-widget_type=\"text-editor.default\">\n\t\t\t\t<div class=\"elementor-widget-container\">\n\t\t\t\t\t\t\t\t\t<div class=\"product-thumb\"><img decoding=\"async\" class=\"product-thumnail\" src=\"https:\/\/investmentvisacn.com\/assets\/images\/products\/ireland.jpg\" alt=\"dd\" width=\"270\" height=\"270\" \/><\/div><div class=\"info\"><p><b class=\"categories\"><i>Clientes en m\u00e1s de 150 pa\u00edses<\/i><\/b><\/p><h4 class=\"product-title\"><a href=\"https:\/\/investmentvisacn.com\/es\/inversiones\/\">El visado de inversi\u00f3n universal ha alcanzado otro hito importante: ya se ha vendido en m\u00e1s de 150 pa\u00edses de todo el mundo. Nuestros principales mercados son EE.UU., Nigeria, Sud\u00e1frica, Emiratos \u00c1rabes Unidos, Hong Kong, Singapur y muchos m\u00e1s.<\/a><\/h4><\/div>\t\t\t\t\t\t\t\t<\/div>\n\t\t\t\t<\/div>\n\t\t\t\t\t<\/div>\n\t\t<\/div>\n\t\t\t\t<div class=\"elementor-column elementor-col-25 elementor-inner-column elementor-element elementor-element-55f5684\" data-id=\"55f5684\" data-element_type=\"column\" data-e-type=\"column\">\n\t\t\t<div class=\"elementor-widget-wrap elementor-element-populated\">\n\t\t\t\t\t\t<div class=\"elementor-element elementor-element-20a4ab9 elementor-widget elementor-widget-text-editor\" data-id=\"20a4ab9\" data-element_type=\"widget\" data-e-type=\"widget\" data-widget_type=\"text-editor.default\">\n\t\t\t\t<div class=\"elementor-widget-container\">\n\t\t\t\t\t\t\t\t\t<div class=\"product-thumb\"><a class=\"link-to-product\" href=\"https:\/\/investmentvisacn.com\/es\/ciudadania-de-st-kitts\/\"><img decoding=\"async\" class=\"product-thumnail\" src=\"https:\/\/investmentvisacn.com\/assets\/images\/products\/usa.jpg\" alt=\"dd\" width=\"270\" height=\"270\" \/><\/a><\/div><div class=\"info\"><p><b class=\"categories\"><i>Cuatro a\u00f1os consecutivos - Financial Times Top 1000 Companies 2023<\/i><\/b><\/p><h4 class=\"product-title\"><a href=\"https:\/\/investmentvisacn.com\/es\/inversion-del-pasaporte\/\">El Financial Times ha vuelto a incluir a Universal Investment Visa entre las \u201d1000 empresas europeas de m\u00e1s r\u00e1pido crecimiento\u201d por cuarto a\u00f1o consecutivo. La publicaci\u00f3n anual<\/a><\/h4><\/div>\t\t\t\t\t\t\t\t<\/div>\n\t\t\t\t<\/div>\n\t\t\t\t\t<\/div>\n\t\t<\/div>\n\t\t\t\t<div class=\"elementor-column elementor-col-25 elementor-inner-column elementor-element elementor-element-404d988\" data-id=\"404d988\" data-element_type=\"column\" data-e-type=\"column\">\n\t\t\t<div class=\"elementor-widget-wrap elementor-element-populated\">\n\t\t\t\t\t\t<div class=\"elementor-element elementor-element-b6455ca elementor-widget elementor-widget-text-editor\" data-id=\"b6455ca\" data-element_type=\"widget\" data-e-type=\"widget\" data-widget_type=\"text-editor.default\">\n\t\t\t\t<div class=\"elementor-widget-container\">\n\t\t\t\t\t\t\t\t\t<p><a class=\"link-to-product\" style=\"font-size: 16px; background-color: #ffffff;\" href=\"https:\/\/investmentvisacn.com\/es\/residencia-monaco\/\"><img loading=\"lazy\" decoding=\"async\" class=\"product-thumnail\" src=\"https:\/\/investmentvisacn.com\/assets\/images\/products\/portugal-01.jpg\" alt=\"dd\" width=\"270\" height=\"270\" \/><\/a><\/p><div class=\"contain-product layout-default\"><div class=\"info\"><p><b class=\"categories\"><i>Visado universal de inversi\u00f3n Certificado de migraci\u00f3n de personal<\/i><\/b><\/p><h4 class=\"product-title\"><a href=\"https:\/\/investmentvisacn.com\/es\/ciudadania-canadiense-y-residencia-por-inversion\/\">Varios miembros m\u00e1s de nuestro equipo han estado estudiando duro y ahora han obtenido con \u00e9xito sus Certificaciones en Migraci\u00f3n de Inversiones. El curso, desarrollado por la Invest<\/a><\/h4><\/div><\/div>\t\t\t\t\t\t\t\t<\/div>\n\t\t\t\t<\/div>\n\t\t\t\t\t<\/div>\n\t\t<\/div>\n\t\t\t\t\t<\/div>\n\t\t<\/section>\n\t\t\t\t\t<\/div>\n\t\t<\/div>\n\t\t\t\t\t<\/div>\n\t\t<\/section>\n\t\t\t\t<\/div>","protected":false},"excerpt":{"rendered":"<p>About -us WHY Universal investment VISA Experience With Universal investment visa we focus solely on residency and citizenship through investment. We have advised over 70,000 potential investors and we have clients from more than 150 countries worldwide, across six continents. Wherever you are in the world we have worked with many people in your region. [&hellip;]<\/p>\n","protected":false},"author":1,"featured_media":0,"parent":0,"menu_order":0,"comment_status":"closed","ping_status":"closed","template":"","meta":{"footnotes":""},"class_list":["post-315","page","type-page","status-publish","hentry"],"yoast_head":"<!-- This site is optimized with the Yoast SEO plugin v27.3 - https:\/\/yoast.com\/product\/yoast-seo-wordpress\/ -->\n<title>About us - Investment Visa CN<\/title>\n<meta name=\"robots\" content=\"index, follow, max-snippet:-1, max-image-preview:large, max-video-preview:-1\" \/>\n<link rel=\"canonical\" href=\"https:\/\/investmentvisacn.com\/es\/acerca-de-nosotros\/\" \/>\n<meta property=\"og:locale\" content=\"es_ES\" \/>\n<meta property=\"og:type\" content=\"article\" \/>\n<meta property=\"og:title\" content=\"About us - Investment Visa CN\" \/>\n<meta property=\"og:description\" content=\"About -us WHY Universal investment VISA Experience With Universal investment visa we focus solely on residency and citizenship through investment. We have advised over 70,000 potential investors and we have clients from more than 150 countries worldwide, across six continents. Wherever you are in the world we have worked with many people in your region. [&hellip;]\" \/>\n<meta property=\"og:url\" content=\"https:\/\/investmentvisacn.com\/es\/acerca-de-nosotros\/\" \/>\n<meta property=\"og:site_name\" content=\"Investment Visa CN\" \/>\n<meta property=\"article:modified_time\" content=\"2024-08-24T21:19:29+00:00\" \/>\n<meta property=\"og:image\" content=\"https:\/\/investmentvisacn.com\/assets\/images\/products\/st-kitts.jpg\" \/>\n<meta name=\"twitter:card\" content=\"summary_large_image\" \/>\n<meta name=\"twitter:label1\" content=\"Tiempo de lectura\" \/>\n\t<meta name=\"twitter:data1\" content=\"2 minutos\" \/>\n<script type=\"application\/ld+json\" class=\"yoast-schema-graph\">{\"@context\":\"https:\\\/\\\/schema.org\",\"@graph\":[{\"@type\":\"WebPage\",\"@id\":\"https:\\\/\\\/investmentvisacn.com\\\/about-us\\\/\",\"url\":\"https:\\\/\\\/investmentvisacn.com\\\/about-us\\\/\",\"name\":\"About us - Investment Visa CN\",\"isPartOf\":{\"@id\":\"https:\\\/\\\/investmentvisacn.com\\\/#website\"},\"primaryImageOfPage\":{\"@id\":\"https:\\\/\\\/investmentvisacn.com\\\/about-us\\\/#primaryimage\"},\"image\":{\"@id\":\"https:\\\/\\\/investmentvisacn.com\\\/about-us\\\/#primaryimage\"},\"thumbnailUrl\":\"https:\\\/\\\/investmentvisacn.com\\\/assets\\\/images\\\/products\\\/st-kitts.jpg\",\"datePublished\":\"2024-08-14T22:02:54+00:00\",\"dateModified\":\"2024-08-24T21:19:29+00:00\",\"breadcrumb\":{\"@id\":\"https:\\\/\\\/investmentvisacn.com\\\/about-us\\\/#breadcrumb\"},\"inLanguage\":\"es\",\"potentialAction\":[{\"@type\":\"ReadAction\",\"target\":[\"https:\\\/\\\/investmentvisacn.com\\\/about-us\\\/\"]}]},{\"@type\":\"ImageObject\",\"inLanguage\":\"es\",\"@id\":\"https:\\\/\\\/investmentvisacn.com\\\/about-us\\\/#primaryimage\",\"url\":\"https:\\\/\\\/investmentvisacn.com\\\/assets\\\/images\\\/products\\\/st-kitts.jpg\",\"contentUrl\":\"https:\\\/\\\/investmentvisacn.com\\\/assets\\\/images\\\/products\\\/st-kitts.jpg\"},{\"@type\":\"BreadcrumbList\",\"@id\":\"https:\\\/\\\/investmentvisacn.com\\\/about-us\\\/#breadcrumb\",\"itemListElement\":[{\"@type\":\"ListItem\",\"position\":1,\"name\":\"Home\",\"item\":\"https:\\\/\\\/investmentvisacn.com\\\/\"},{\"@type\":\"ListItem\",\"position\":2,\"name\":\"About us\"}]},{\"@type\":\"WebSite\",\"@id\":\"https:\\\/\\\/investmentvisacn.com\\\/#website\",\"url\":\"https:\\\/\\\/investmentvisacn.com\\\/\",\"name\":\"Investment Visa CN\",\"description\":\"Global Investment &amp; Visa Solutions You Can Trust\",\"publisher\":{\"@id\":\"https:\\\/\\\/investmentvisacn.com\\\/#organization\"},\"potentialAction\":[{\"@type\":\"SearchAction\",\"target\":{\"@type\":\"EntryPoint\",\"urlTemplate\":\"https:\\\/\\\/investmentvisacn.com\\\/?s={search_term_string}\"},\"query-input\":{\"@type\":\"PropertyValueSpecification\",\"valueRequired\":true,\"valueName\":\"search_term_string\"}}],\"inLanguage\":\"es\"},{\"@type\":\"Organization\",\"@id\":\"https:\\\/\\\/investmentvisacn.com\\\/#organization\",\"name\":\"Investment Visa CN\",\"url\":\"https:\\\/\\\/investmentvisacn.com\\\/\",\"logo\":{\"@type\":\"ImageObject\",\"inLanguage\":\"es\",\"@id\":\"https:\\\/\\\/investmentvisacn.com\\\/#\\\/schema\\\/logo\\\/image\\\/\",\"url\":\"https:\\\/\\\/investmentvisacn.com\\\/wp-content\\\/uploads\\\/2024\\\/08\\\/universalinvestmentvisa.png\",\"contentUrl\":\"https:\\\/\\\/investmentvisacn.com\\\/wp-content\\\/uploads\\\/2024\\\/08\\\/universalinvestmentvisa.png\",\"width\":180,\"height\":60,\"caption\":\"Investment Visa CN\"},\"image\":{\"@id\":\"https:\\\/\\\/investmentvisacn.com\\\/#\\\/schema\\\/logo\\\/image\\\/\"}}]}<\/script>\n<!-- \/ Yoast SEO plugin. -->","yoast_head_json":{"title":"Sobre - Investment Visa CN","robots":{"index":"index","follow":"follow","max-snippet":"max-snippet:-1","max-image-preview":"max-image-preview:large","max-video-preview":"max-video-preview:-1"},"canonical":"https:\/\/investmentvisacn.com\/es\/acerca-de-nosotros\/","og_locale":"es_ES","og_type":"article","og_title":"About us - Investment Visa CN","og_description":"About -us WHY Universal investment VISA Experience With Universal investment visa we focus solely on residency and citizenship through investment. We have advised over 70,000 potential investors and we have clients from more than 150 countries worldwide, across six continents. Wherever you are in the world we have worked with many people in your region. [&hellip;]","og_url":"https:\/\/investmentvisacn.com\/es\/acerca-de-nosotros\/","og_site_name":"Investment Visa CN","article_modified_time":"2024-08-24T21:19:29+00:00","og_image":[{"url":"https:\/\/investmentvisacn.com\/assets\/images\/products\/st-kitts.jpg","type":"","width":"","height":""}],"twitter_card":"summary_large_image","twitter_misc":{"Tiempo de lectura":"2 minutos"},"schema":{"@context":"https:\/\/schema.org","@graph":[{"@type":"WebPage","@id":"https:\/\/investmentvisacn.com\/about-us\/","url":"https:\/\/investmentvisacn.com\/about-us\/","name":"Sobre - Investment Visa CN","isPartOf":{"@id":"https:\/\/investmentvisacn.com\/#website"},"primaryImageOfPage":{"@id":"https:\/\/investmentvisacn.com\/about-us\/#primaryimage"},"image":{"@id":"https:\/\/investmentvisacn.com\/about-us\/#primaryimage"},"thumbnailUrl":"https:\/\/investmentvisacn.com\/assets\/images\/products\/st-kitts.jpg","datePublished":"2024-08-14T22:02:54+00:00","dateModified":"2024-08-24T21:19:29+00:00","breadcrumb":{"@id":"https:\/\/investmentvisacn.com\/about-us\/#breadcrumb"},"inLanguage":"es","potentialAction":[{"@type":"ReadAction","target":["https:\/\/investmentvisacn.com\/about-us\/"]}]},{"@type":"ImageObject","inLanguage":"es","@id":"https:\/\/investmentvisacn.com\/about-us\/#primaryimage","url":"https:\/\/investmentvisacn.com\/assets\/images\/products\/st-kitts.jpg","contentUrl":"https:\/\/investmentvisacn.com\/assets\/images\/products\/st-kitts.jpg"},{"@type":"BreadcrumbList","@id":"https:\/\/investmentvisacn.com\/about-us\/#breadcrumb","itemListElement":[{"@type":"ListItem","position":1,"name":"Home","item":"https:\/\/investmentvisacn.com\/"},{"@type":"ListItem","position":2,"name":"About us"}]},{"@type":"WebSite","@id":"https:\/\/investmentvisacn.com\/#website","url":"https:\/\/investmentvisacn.com\/","name":"Visado de inversi\u00f3n CN","description":"Soluciones globales de inversi\u00f3n y visados en las que puede confiar","publisher":{"@id":"https:\/\/investmentvisacn.com\/#organization"},"potentialAction":[{"@type":"SearchAction","target":{"@type":"EntryPoint","urlTemplate":"https:\/\/investmentvisacn.com\/?s={search_term_string}"},"query-input":{"@type":"PropertyValueSpecification","valueRequired":true,"valueName":"search_term_string"}}],"inLanguage":"es"},{"@type":"Organization","@id":"https:\/\/investmentvisacn.com\/#organization","name":"Visado de inversi\u00f3n CN","url":"https:\/\/investmentvisacn.com\/","logo":{"@type":"ImageObject","inLanguage":"es","@id":"https:\/\/investmentvisacn.com\/#\/schema\/logo\/image\/","url":"https:\/\/investmentvisacn.com\/wp-content\/uploads\/2024\/08\/universalinvestmentvisa.png","contentUrl":"https:\/\/investmentvisacn.com\/wp-content\/uploads\/2024\/08\/universalinvestmentvisa.png","width":180,"height":60,"caption":"Investment Visa CN"},"image":{"@id":"https:\/\/investmentvisacn.com\/#\/schema\/logo\/image\/"}}]}},"_links":{"self":[{"href":"https:\/\/investmentvisacn.com\/es\/wp-json\/wp\/v2\/pages\/315","targetHints":{"allow":["GET"]}}],"collection":[{"href":"https:\/\/investmentvisacn.com\/es\/wp-json\/wp\/v2\/pages"}],"about":[{"href":"https:\/\/investmentvisacn.com\/es\/wp-json\/wp\/v2\/types\/page"}],"author":[{"embeddable":true,"href":"https:\/\/investmentvisacn.com\/es\/wp-json\/wp\/v2\/users\/1"}],"replies":[{"embeddable":true,"href":"https:\/\/investmentvisacn.com\/es\/wp-json\/wp\/v2\/comments?post=315"}],"version-history":[{"count":11,"href":"https:\/\/investmentvisacn.com\/es\/wp-json\/wp\/v2\/pages\/315\/revisions"}],"predecessor-version":[{"id":786,"href":"https:\/\/investmentvisacn.com\/es\/wp-json\/wp\/v2\/pages\/315\/revisions\/786"}],"wp:attachment":[{"href":"https:\/\/investmentvisacn.com\/es\/wp-json\/wp\/v2\/media?parent=315"}],"curies":[{"name":"wp","href":"https:\/\/api.w.org\/{rel}","templated":true}]}}