{"id":302,"date":"2024-08-14T21:11:50","date_gmt":"2024-08-14T21:11:50","guid":{"rendered":"https:\/\/universalinvestmentvisa.com\/?page_id=302"},"modified":"2024-08-29T12:07:37","modified_gmt":"2024-08-29T12:07:37","slug":"pago","status":"publish","type":"page","link":"https:\/\/investmentvisacn.com\/es\/payment\/","title":{"rendered":"Pago"},"content":{"rendered":"<div data-elementor-type=\"wp-page\" data-elementor-id=\"302\" class=\"elementor elementor-302\" data-elementor-post-type=\"page\">\n\t\t\t\t\t\t<section class=\"elementor-section elementor-top-section elementor-element elementor-element-207c4e5 elementor-section-stretched elementor-section-boxed elementor-section-height-default elementor-section-height-default\" data-id=\"207c4e5\" data-element_type=\"section\" data-e-type=\"section\" data-settings=\"{&quot;stretch_section&quot;:&quot;section-stretched&quot;}\">\n\t\t\t\t\t\t<div class=\"elementor-container elementor-column-gap-default\">\n\t\t\t\t\t<div class=\"elementor-column elementor-col-100 elementor-top-column elementor-element elementor-element-c8017c0\" data-id=\"c8017c0\" data-element_type=\"column\" data-e-type=\"column\">\n\t\t\t<div class=\"elementor-widget-wrap elementor-element-populated\">\n\t\t\t\t\t\t<div class=\"elementor-element elementor-element-56172b8 elementor-widget elementor-widget-heading\" data-id=\"56172b8\" data-element_type=\"widget\" data-e-type=\"widget\" data-widget_type=\"heading.default\">\n\t\t\t\t<div class=\"elementor-widget-container\">\n\t\t\t\t\t<h2 class=\"elementor-heading-title elementor-size-default\">Servicios de pago y entrega<\/h2>\t\t\t\t<\/div>\n\t\t\t\t<\/div>\n\t\t\t\t<div class=\"elementor-element elementor-element-6278a5c elementor-widget elementor-widget-text-editor\" data-id=\"6278a5c\" data-element_type=\"widget\" data-e-type=\"widget\" data-widget_type=\"text-editor.default\">\n\t\t\t\t<div class=\"elementor-widget-container\">\n\t\t\t\t\t\t\t\t\t<div><h2><span style=\"color: #000000;\">Pago $ Entrega<\/span><\/h2><p><span style=\"color: #000000;\">Para todas las reservas y entregas confirmamos el pago por adelantado para proceder. Visa ofrece una amplia gama de tipos de tarjetas de pago: ( ,Tarjetas de cr\u00e9dito, transferencia bancaria, GooglePay, Zelle, Venmo, CashApp, Bitcoin y Apple Pay) Esta flexibilidad, junto con un gran n\u00famero de bancos asociados que fascilitate el pago.<\/span><\/p><p><span style=\"color: #000000;\">Habr\u00e1 un descuento de 20 % para cualquier pago realizado a trav\u00e9s de<span style=\"color: #ff6600;\">\u00a0<a href=\"http:\/\/Moonpay.com\">criptomoneda<\/a> &amp; <a href=\"https:\/\/www.binance.com\/en\">Binance<\/a><\/span><\/span><\/p><\/div><div class=\"post-head\"><h2 class=\"post-name\">\u00a0<\/h2><h2><span style=\"color: #000000;\">Tasa de visado - D\u00f3nde y c\u00f3mo pagar<\/span><\/h2><p><span style=\"color: #000000;\">Cuando solicite un visado, tendr\u00e1 que pagar una tasa. Estas tasas var\u00edan en funci\u00f3n del tipo de visado que solicite. Inf\u00f3rmese sobre las tasas de visado vigentes, d\u00f3nde y c\u00f3mo pagarlas. Cuando solicite un visado, tendr\u00e1 que pagar una tasa antes de presentar su solicitud para poder seguir adelante con el proceso. Esta tasa de visado deber\u00e1 abonarse independientemente de si finalmente se le concede o no el visado. El importe de la tasa depender\u00e1 del tipo de visado que solicite.<\/span><\/p><\/div>\t\t\t\t\t\t\t\t<\/div>\n\t\t\t\t<\/div>\n\t\t\t\t<div class=\"elementor-element elementor-element-7024f5c elementor-widget elementor-widget-text-editor\" data-id=\"7024f5c\" data-element_type=\"widget\" data-e-type=\"widget\" data-widget_type=\"text-editor.default\">\n\t\t\t\t<div class=\"elementor-widget-container\">\n\t\t\t\t\t\t\t\t\t<h2 class=\"text-center\" style=\"text-align: center;\">Programas<\/h2><p style=\"text-align: center;\"><span style=\"color: #000000;\">Una selecci\u00f3n de algunos de los<\/span> programas que ofrecemos.<\/p>\t\t\t\t\t\t\t\t<\/div>\n\t\t\t\t<\/div>\n\t\t\t\t\t<\/div>\n\t\t<\/div>\n\t\t\t\t\t<\/div>\n\t\t<\/section>\n\t\t\t\t<section class=\"elementor-section elementor-top-section elementor-element elementor-element-7f9352c elementor-section-stretched elementor-section-boxed elementor-section-height-default elementor-section-height-default\" data-id=\"7f9352c\" data-element_type=\"section\" data-e-type=\"section\" data-settings=\"{&quot;stretch_section&quot;:&quot;section-stretched&quot;}\">\n\t\t\t\t\t\t<div class=\"elementor-container elementor-column-gap-default\">\n\t\t\t\t\t<div class=\"elementor-column elementor-col-25 elementor-top-column elementor-element elementor-element-8909210\" data-id=\"8909210\" data-element_type=\"column\" data-e-type=\"column\">\n\t\t\t<div class=\"elementor-widget-wrap elementor-element-populated\">\n\t\t\t\t\t\t<div class=\"elementor-element elementor-element-6a72635 elementor-widget elementor-widget-text-editor\" data-id=\"6a72635\" data-element_type=\"widget\" data-e-type=\"widget\" data-widget_type=\"text-editor.default\">\n\t\t\t\t<div class=\"elementor-widget-container\">\n\t\t\t\t\t\t\t\t\t<div class=\"product-thumb\"><a href=\"https:\/\/investmentvisacn.com\/es\/visado-de-oro-portugal\/\"><img fetchpriority=\"high\" decoding=\"async\" class=\"product-thumnail\" src=\"https:\/\/investmentvisacn.com\/assets\/images\/products\/portugal-01.jpg\" alt=\"dd\" width=\"270\" height=\"270\" \/><\/a><\/div><div class=\"info\"><p><a href=\"https:\/\/investmentvisacn.com\/es\/visado-de-oro-portugal\/\"><span style=\"color: #000000;\"><b class=\"categories\">Portugal<\/b><\/span><\/a><\/p><h4 class=\"product-title\">\u00a0<\/h4><h4><a href=\"https:\/\/investmentvisacn.com\/es\/visado-de-oro-portugal\/\">Desde 280.000 euros + gastos Inversi\u00f3n inmobiliaria Residencia europea Zona Schengen de la UE Viajar Solicitar la ciudadan\u00eda 5 a\u00f1os<\/a><\/h4><\/div>\t\t\t\t\t\t\t\t<\/div>\n\t\t\t\t<\/div>\n\t\t\t\t\t<\/div>\n\t\t<\/div>\n\t\t\t\t<div class=\"elementor-column elementor-col-25 elementor-top-column elementor-element elementor-element-5f2a438\" data-id=\"5f2a438\" data-element_type=\"column\" data-e-type=\"column\">\n\t\t\t<div class=\"elementor-widget-wrap elementor-element-populated\">\n\t\t\t\t\t\t<div class=\"elementor-element elementor-element-117aeb5 elementor-widget elementor-widget-text-editor\" data-id=\"117aeb5\" data-element_type=\"widget\" data-e-type=\"widget\" data-widget_type=\"text-editor.default\">\n\t\t\t\t<div class=\"elementor-widget-container\">\n\t\t\t\t\t\t\t\t\t<div class=\"product-thumb\"><a href=\"https:\/\/investmentvisacn.com\/es\/visado-de-oro-portugal\/\"><img decoding=\"async\" class=\"product-thumnail\" src=\"https:\/\/investmentvisacn.com\/assets\/images\/products\/st-kitts.jpg\" alt=\"dd\" width=\"270\" height=\"270\" \/><\/a><\/div><div class=\"info\"><p><a href=\"https:\/\/investmentvisacn.com\/es\/ciudadania-de-st-kitts\/\"><span style=\"color: #000000;\"><b class=\"categories\">San Crist\u00f3bal<\/b><\/span><\/a><\/p><h4 class=\"product-title\"><a href=\"https:\/\/investmentvisacn.com\/es\/ciudadania-de-st-kitts\/\">M\u00ednimo $250.000 Donaci\u00f3n Opci\u00f3n inmobiliaria Ciudadan\u00eda y pasaporte Programa de larga duraci\u00f3n<\/a><\/h4><\/div>\t\t\t\t\t\t\t\t<\/div>\n\t\t\t\t<\/div>\n\t\t\t\t\t<\/div>\n\t\t<\/div>\n\t\t\t\t<div class=\"elementor-column elementor-col-25 elementor-top-column elementor-element elementor-element-43d30d3\" data-id=\"43d30d3\" data-element_type=\"column\" data-e-type=\"column\">\n\t\t\t<div class=\"elementor-widget-wrap elementor-element-populated\">\n\t\t\t\t\t\t<div class=\"elementor-element elementor-element-74353ed elementor-widget elementor-widget-text-editor\" data-id=\"74353ed\" data-element_type=\"widget\" data-e-type=\"widget\" data-widget_type=\"text-editor.default\">\n\t\t\t\t<div class=\"elementor-widget-container\">\n\t\t\t\t\t\t\t\t\t<div class=\"product-thumb\"><a href=\"https:\/\/investmentvisacn.com\/es\/visado-de-oro-portugal\/\"><img decoding=\"async\" class=\"product-thumnail\" src=\"https:\/\/investmentvisacn.com\/assets\/images\/products\/st-lucia.jpg\" alt=\"dd\" width=\"270\" height=\"270\" \/><\/a><\/div><div class=\"info\"><p><span style=\"color: #000000;\"><b class=\"categories\">Santa Luc\u00eda<\/b><\/span><\/p><h4 class=\"product-title\"><a href=\"https:\/\/investmentvisacn.com\/es\/seychelles\/\">$400.000 Inversi\u00f3n Residencia familiar completa No es necesario residir Viaje sin visado Pasaporte europeo<\/a><\/h4><\/div>\t\t\t\t\t\t\t\t<\/div>\n\t\t\t\t<\/div>\n\t\t\t\t\t<\/div>\n\t\t<\/div>\n\t\t\t\t<div class=\"elementor-column elementor-col-25 elementor-top-column elementor-element elementor-element-73f232b\" data-id=\"73f232b\" data-element_type=\"column\" data-e-type=\"column\">\n\t\t\t<div class=\"elementor-widget-wrap elementor-element-populated\">\n\t\t\t\t\t\t<div class=\"elementor-element elementor-element-ffb5e4f elementor-widget elementor-widget-text-editor\" data-id=\"ffb5e4f\" data-element_type=\"widget\" data-e-type=\"widget\" data-widget_type=\"text-editor.default\">\n\t\t\t\t<div class=\"elementor-widget-container\">\n\t\t\t\t\t\t\t\t\t<div class=\"product-thumb\"><a href=\"https:\/\/investmentvisacn.com\/es\/visado-de-oro-portugal\/\"><img loading=\"lazy\" decoding=\"async\" class=\"product-thumnail\" src=\"https:\/\/investmentvisacn.com\/assets\/images\/products\/Grenada-Hampton-blossom.jpg\" alt=\"dd\" width=\"270\" height=\"270\" \/><\/a><\/div><div class=\"info\"><p><span style=\"color: #000000;\"><b class=\"categories\">Granada<\/b><\/span><\/p><h4 class=\"product-title\"><a href=\"https:\/\/investmentvisacn.com\/es\/ciudadania-granadina\/\">Donaci\u00f3n m\u00ednima de $150.000 Opci\u00f3n inmobiliaria Ciudadan\u00eda y pasaporte Potencial de visado E2 para EE.UU.<\/a><\/h4><\/div>\t\t\t\t\t\t\t\t<\/div>\n\t\t\t\t<\/div>\n\t\t\t\t\t<\/div>\n\t\t<\/div>\n\t\t\t\t\t<\/div>\n\t\t<\/section>\n\t\t\t\t<\/div>","protected":false},"excerpt":{"rendered":"<p>Payment &amp; Delivery Services Payment $ Delivery For all reservations and deliveries we confirm prepayment to proceed. Visa offers a wide range of payment card types: ( ,Credit cards,Bank wire, GooglePay, Zelle,\u00a0Venmo,\u00a0CashApp, Bitcoin and Apple Pay).This flexibility, paired with a large number of partner banks that that will fascilitate the payment. There will be a [&hellip;]<\/p>\n","protected":false},"author":1,"featured_media":0,"parent":0,"menu_order":0,"comment_status":"closed","ping_status":"closed","template":"","meta":{"footnotes":""},"class_list":["post-302","page","type-page","status-publish","hentry"],"yoast_head":"<!-- This site is optimized with the Yoast SEO plugin v27.6 - https:\/\/yoast.com\/product\/yoast-seo-wordpress\/ -->\n<title>Payment - Investment Visa CN<\/title>\n<meta name=\"robots\" content=\"index, follow, max-snippet:-1, max-image-preview:large, max-video-preview:-1\" \/>\n<link rel=\"canonical\" href=\"https:\/\/investmentvisacn.com\/es\/pago\/\" \/>\n<meta property=\"og:locale\" content=\"es_ES\" \/>\n<meta property=\"og:type\" content=\"article\" \/>\n<meta property=\"og:title\" content=\"Payment - Investment Visa CN\" \/>\n<meta property=\"og:description\" content=\"Payment &amp; Delivery Services Payment $ Delivery For all reservations and deliveries we confirm prepayment to proceed. Visa offers a wide range of payment card types: ( ,Credit cards,Bank wire, GooglePay, Zelle,\u00a0Venmo,\u00a0CashApp, Bitcoin and Apple Pay).This flexibility, paired with a large number of partner banks that that will fascilitate the payment. There will be a [&hellip;]\" \/>\n<meta property=\"og:url\" content=\"https:\/\/investmentvisacn.com\/es\/pago\/\" \/>\n<meta property=\"og:site_name\" content=\"Investment Visa CN\" \/>\n<meta property=\"article:modified_time\" content=\"2024-08-29T12:07:37+00:00\" \/>\n<meta property=\"og:image\" content=\"https:\/\/investmentvisacn.com\/assets\/images\/products\/portugal-01.jpg\" \/>\n<meta name=\"twitter:card\" content=\"summary_large_image\" \/>\n<meta name=\"twitter:label1\" content=\"Tiempo de lectura\" \/>\n\t<meta name=\"twitter:data1\" content=\"1 minuto\" \/>\n<script type=\"application\/ld+json\" class=\"yoast-schema-graph\">{\"@context\":\"https:\\\/\\\/schema.org\",\"@graph\":[{\"@type\":\"WebPage\",\"@id\":\"https:\\\/\\\/investmentvisacn.com\\\/payment\\\/\",\"url\":\"https:\\\/\\\/investmentvisacn.com\\\/payment\\\/\",\"name\":\"Payment - Investment Visa CN\",\"isPartOf\":{\"@id\":\"https:\\\/\\\/investmentvisacn.com\\\/#website\"},\"primaryImageOfPage\":{\"@id\":\"https:\\\/\\\/investmentvisacn.com\\\/payment\\\/#primaryimage\"},\"image\":{\"@id\":\"https:\\\/\\\/investmentvisacn.com\\\/payment\\\/#primaryimage\"},\"thumbnailUrl\":\"https:\\\/\\\/investmentvisacn.com\\\/assets\\\/images\\\/products\\\/portugal-01.jpg\",\"datePublished\":\"2024-08-14T21:11:50+00:00\",\"dateModified\":\"2024-08-29T12:07:37+00:00\",\"breadcrumb\":{\"@id\":\"https:\\\/\\\/investmentvisacn.com\\\/payment\\\/#breadcrumb\"},\"inLanguage\":\"es\",\"potentialAction\":[{\"@type\":\"ReadAction\",\"target\":[\"https:\\\/\\\/investmentvisacn.com\\\/payment\\\/\"]}]},{\"@type\":\"ImageObject\",\"inLanguage\":\"es\",\"@id\":\"https:\\\/\\\/investmentvisacn.com\\\/payment\\\/#primaryimage\",\"url\":\"https:\\\/\\\/investmentvisacn.com\\\/assets\\\/images\\\/products\\\/portugal-01.jpg\",\"contentUrl\":\"https:\\\/\\\/investmentvisacn.com\\\/assets\\\/images\\\/products\\\/portugal-01.jpg\"},{\"@type\":\"BreadcrumbList\",\"@id\":\"https:\\\/\\\/investmentvisacn.com\\\/payment\\\/#breadcrumb\",\"itemListElement\":[{\"@type\":\"ListItem\",\"position\":1,\"name\":\"Home\",\"item\":\"https:\\\/\\\/investmentvisacn.com\\\/\"},{\"@type\":\"ListItem\",\"position\":2,\"name\":\"Payment\"}]},{\"@type\":\"WebSite\",\"@id\":\"https:\\\/\\\/investmentvisacn.com\\\/#website\",\"url\":\"https:\\\/\\\/investmentvisacn.com\\\/\",\"name\":\"Investment Visa CN\",\"description\":\"Global Investment &amp; Visa Solutions You Can Trust\",\"publisher\":{\"@id\":\"https:\\\/\\\/investmentvisacn.com\\\/#organization\"},\"potentialAction\":[{\"@type\":\"SearchAction\",\"target\":{\"@type\":\"EntryPoint\",\"urlTemplate\":\"https:\\\/\\\/investmentvisacn.com\\\/?s={search_term_string}\"},\"query-input\":{\"@type\":\"PropertyValueSpecification\",\"valueRequired\":true,\"valueName\":\"search_term_string\"}}],\"inLanguage\":\"es\"},{\"@type\":\"Organization\",\"@id\":\"https:\\\/\\\/investmentvisacn.com\\\/#organization\",\"name\":\"Investment Visa CN\",\"url\":\"https:\\\/\\\/investmentvisacn.com\\\/\",\"logo\":{\"@type\":\"ImageObject\",\"inLanguage\":\"es\",\"@id\":\"https:\\\/\\\/investmentvisacn.com\\\/#\\\/schema\\\/logo\\\/image\\\/\",\"url\":\"https:\\\/\\\/investmentvisacn.com\\\/wp-content\\\/uploads\\\/2024\\\/08\\\/universalinvestmentvisa.png\",\"contentUrl\":\"https:\\\/\\\/investmentvisacn.com\\\/wp-content\\\/uploads\\\/2024\\\/08\\\/universalinvestmentvisa.png\",\"width\":180,\"height\":60,\"caption\":\"Investment Visa CN\"},\"image\":{\"@id\":\"https:\\\/\\\/investmentvisacn.com\\\/#\\\/schema\\\/logo\\\/image\\\/\"}}]}<\/script>\n<!-- \/ Yoast SEO plugin. -->","yoast_head_json":{"title":"Pago - Visado de inversi\u00f3n CN","robots":{"index":"index","follow":"follow","max-snippet":"max-snippet:-1","max-image-preview":"max-image-preview:large","max-video-preview":"max-video-preview:-1"},"canonical":"https:\/\/investmentvisacn.com\/es\/pago\/","og_locale":"es_ES","og_type":"article","og_title":"Payment - Investment Visa CN","og_description":"Payment &amp; Delivery Services Payment $ Delivery For all reservations and deliveries we confirm prepayment to proceed. Visa offers a wide range of payment card types: ( ,Credit cards,Bank wire, GooglePay, Zelle,\u00a0Venmo,\u00a0CashApp, Bitcoin and Apple Pay).This flexibility, paired with a large number of partner banks that that will fascilitate the payment. There will be a [&hellip;]","og_url":"https:\/\/investmentvisacn.com\/es\/pago\/","og_site_name":"Investment Visa CN","article_modified_time":"2024-08-29T12:07:37+00:00","og_image":[{"url":"https:\/\/investmentvisacn.com\/assets\/images\/products\/portugal-01.jpg","type":"","width":"","height":""}],"twitter_card":"summary_large_image","twitter_misc":{"Tiempo de lectura":"1 minuto"},"schema":{"@context":"https:\/\/schema.org","@graph":[{"@type":"WebPage","@id":"https:\/\/investmentvisacn.com\/payment\/","url":"https:\/\/investmentvisacn.com\/payment\/","name":"Pago - Visado de inversi\u00f3n CN","isPartOf":{"@id":"https:\/\/investmentvisacn.com\/#website"},"primaryImageOfPage":{"@id":"https:\/\/investmentvisacn.com\/payment\/#primaryimage"},"image":{"@id":"https:\/\/investmentvisacn.com\/payment\/#primaryimage"},"thumbnailUrl":"https:\/\/investmentvisacn.com\/assets\/images\/products\/portugal-01.jpg","datePublished":"2024-08-14T21:11:50+00:00","dateModified":"2024-08-29T12:07:37+00:00","breadcrumb":{"@id":"https:\/\/investmentvisacn.com\/payment\/#breadcrumb"},"inLanguage":"es","potentialAction":[{"@type":"ReadAction","target":["https:\/\/investmentvisacn.com\/payment\/"]}]},{"@type":"ImageObject","inLanguage":"es","@id":"https:\/\/investmentvisacn.com\/payment\/#primaryimage","url":"https:\/\/investmentvisacn.com\/assets\/images\/products\/portugal-01.jpg","contentUrl":"https:\/\/investmentvisacn.com\/assets\/images\/products\/portugal-01.jpg"},{"@type":"BreadcrumbList","@id":"https:\/\/investmentvisacn.com\/payment\/#breadcrumb","itemListElement":[{"@type":"ListItem","position":1,"name":"Home","item":"https:\/\/investmentvisacn.com\/"},{"@type":"ListItem","position":2,"name":"Payment"}]},{"@type":"WebSite","@id":"https:\/\/investmentvisacn.com\/#website","url":"https:\/\/investmentvisacn.com\/","name":"Visado de inversi\u00f3n CN","description":"Soluciones globales de inversi\u00f3n y visados en las que puede confiar","publisher":{"@id":"https:\/\/investmentvisacn.com\/#organization"},"potentialAction":[{"@type":"SearchAction","target":{"@type":"EntryPoint","urlTemplate":"https:\/\/investmentvisacn.com\/?s={search_term_string}"},"query-input":{"@type":"PropertyValueSpecification","valueRequired":true,"valueName":"search_term_string"}}],"inLanguage":"es"},{"@type":"Organization","@id":"https:\/\/investmentvisacn.com\/#organization","name":"Visado de inversi\u00f3n CN","url":"https:\/\/investmentvisacn.com\/","logo":{"@type":"ImageObject","inLanguage":"es","@id":"https:\/\/investmentvisacn.com\/#\/schema\/logo\/image\/","url":"https:\/\/investmentvisacn.com\/wp-content\/uploads\/2024\/08\/universalinvestmentvisa.png","contentUrl":"https:\/\/investmentvisacn.com\/wp-content\/uploads\/2024\/08\/universalinvestmentvisa.png","width":180,"height":60,"caption":"Investment Visa CN"},"image":{"@id":"https:\/\/investmentvisacn.com\/#\/schema\/logo\/image\/"}}]}},"_links":{"self":[{"href":"https:\/\/investmentvisacn.com\/es\/wp-json\/wp\/v2\/pages\/302","targetHints":{"allow":["GET"]}}],"collection":[{"href":"https:\/\/investmentvisacn.com\/es\/wp-json\/wp\/v2\/pages"}],"about":[{"href":"https:\/\/investmentvisacn.com\/es\/wp-json\/wp\/v2\/types\/page"}],"author":[{"embeddable":true,"href":"https:\/\/investmentvisacn.com\/es\/wp-json\/wp\/v2\/users\/1"}],"replies":[{"embeddable":true,"href":"https:\/\/investmentvisacn.com\/es\/wp-json\/wp\/v2\/comments?post=302"}],"version-history":[{"count":16,"href":"https:\/\/investmentvisacn.com\/es\/wp-json\/wp\/v2\/pages\/302\/revisions"}],"predecessor-version":[{"id":606,"href":"https:\/\/investmentvisacn.com\/es\/wp-json\/wp\/v2\/pages\/302\/revisions\/606"}],"wp:attachment":[{"href":"https:\/\/investmentvisacn.com\/es\/wp-json\/wp\/v2\/media?parent=302"}],"curies":[{"name":"wp","href":"https:\/\/api.w.org\/{rel}","templated":true}]}}