{"id":282,"date":"2024-08-13T21:46:39","date_gmt":"2024-08-13T21:46:39","guid":{"rendered":"https:\/\/universalinvestmentvisa.com\/?page_id=282"},"modified":"2024-08-21T16:11:00","modified_gmt":"2024-08-21T16:11:00","slug":"ciudadania-canadiense-y-residencia-por-inversion","status":"publish","type":"page","link":"https:\/\/investmentvisacn.com\/es\/canada-citizenship-and-residency-by-investment\/","title":{"rendered":"Ciudadan\u00eda y residencia canadienses por inversi\u00f3n"},"content":{"rendered":"<h2 class=\"wp-block-heading\">RESIDENCIA CANADIENSE POR INVERSI\u00d3N<\/h2>\n\n\n\n<p>Canad\u00e1 tiene un historial de programas de residencia por inversi\u00f3n tanto a nivel federal como provincial. El Programa de Inversores de Quebec, que se ha suspendido a partir de 2021 y actualmente no acepta nuevas solicitudes, era un programa popular que permit\u00eda a personas con un elevado patrimonio neto obtener la residencia permanente en la provincia de Quebec a cambio de una inversi\u00f3n m\u00ednima de 1,2 millones de d\u00f3lares canadienses durante un periodo de 5 a\u00f1os. Otras provincias, como Columbia Brit\u00e1nica y Ontario, tienen sus propios Programas Provinciales para Nominados (PNP) que permiten a los extranjeros obtener la residencia permanente canadiense invirtiendo en empresas o creando puestos de trabajo en esas provincias. Actualmente, el programa m\u00e1s atractivo disponible con los criterios de inversi\u00f3n m\u00e1s bajos es el SUV canadiense.<\/p>\n\n\n\n<h2 class=\"wp-block-heading\">Ciudadan\u00eda canadiense por inversi\u00f3n<\/h2>\n\n\n\n<p>La nacionalidad canadiense por inversi\u00f3n es posible en Canad\u00e1, pero los solicitantes necesitan un periodo de residencia antes de poder solicitarla. No existe un programa directo de ciudadan\u00eda canadiense por inversi\u00f3n.<\/p>\n\n\n\n<p>A partir de $350k + gastos<\/p>\n\n\n\n<p>Inversi\u00f3n empresarial<\/p>\n\n\n\n<p>Residencia permanente para toda la familia<\/p>\n\n\n\n<p>Vivir, trabajar, estudiar<\/p>\n\n\n\n<p>Ciudadan\u00eda a partir de 5 a\u00f1os<\/p>\n\n\n\n<h2 class=\"wp-block-heading\">PROGRAMA CANADIENSE DE VISADOS PARA EMPRESAS DE NUEVA CREACI\u00d3N<\/h2>\n\n\n\n<p>El Programa canadiense de visados para empresas emergentes (SUV) est\u00e1 dirigido a empresarios inmigrantes con las capacidades y el potencial necesarios para crear empresas innovadoras en Canad\u00e1 que puedan crear puestos de trabajo para los canadienses y competir a escala universal. Los solicitantes elegibles deben invertir normalmente a partir de $350.000 CAD en una \u201corganizaci\u00f3n designada autorizada\u201d canadiense. Los inversores acreditados tambi\u00e9n deben demostrar su patrimonio neto con unos ingresos de al menos $200.000 o una prueba de $1.000.000 de activos financieros.<\/p>\n\n\n\n<p>El programa SUV ofrece una v\u00eda de inmigraci\u00f3n r\u00e1pida y rentable a Canad\u00e1 que proporciona la Residencia Permanente (RP). A diferencia de otras v\u00edas de inmigraci\u00f3n empresarial, el estatus de RP no est\u00e1 vinculado al \u00e9xito de la empresa.<\/p>\n\n\n\n<p>Los inversores pueden incluir a su c\u00f3nyuge e hijos menores de 21 a\u00f1os. Los solicitantes seleccionados pueden vivir en cualquier lugar de Canad\u00e1 que no sea la provincia de Quebec. Este programa dura entre 12 y 18 meses.<\/p>\n\n\n\n<h2 class=\"wp-block-heading\">RESIDENCIA PERMANENTE Y CIUDADAN\u00cdA CANADIENSES<\/h2>\n\n\n\n<p>Una vez aceptada la solicitud, los inversores y sus familias obtendr\u00e1n la residencia permanente desde el primer d\u00eda. Los inversores deben residir en Canad\u00e1 durante 730 d\u00edas (dos a\u00f1os) en un plazo de cinco a\u00f1os para mantener el estatuto de RP. Si los inversores viven en Canad\u00e1 tres de los cinco a\u00f1os (1.095 d\u00edas), podr\u00e1n solicitar la nacionalidad canadiense. Los solicitantes de la nacionalidad deben demostrar conocimientos adecuados de ingl\u00e9s y\/o franc\u00e9s y carecer de antecedentes penales.<\/p>\n\n\n\n<p><a href=\"https:\/\/investmentvisacn.com\/es\/contacto\/\">Contacto-Asesor<\/a><\/p>\n\n\n\n<h2 class=\"wp-block-heading\">Su presupuesto gratuito<\/h2>\n\n\n\n<p>Canad\u00e1 Golden Visa Preguntas frecuentes<\/p>\n\n\n\n<hr class=\"wp-block-separator has-alpha-channel-opacity\"\/>\n\n\n\n<hr class=\"wp-block-separator has-alpha-channel-opacity\"\/>\n\n\n\n<hr class=\"wp-block-separator has-alpha-channel-opacity\"\/>\n\n\n\n<hr class=\"wp-block-separator has-alpha-channel-opacity\"\/>\n\n\n\n<hr class=\"wp-block-separator has-alpha-channel-opacity\"\/>\n\n\n\n<ul class=\"wp-block-list\">\n<li>\u00bfEs posible obtener la nacionalidad canadiense por inversi\u00f3n?<\/li>\n\n\n\n<li>\u00bfCu\u00e1nto hay que invertir en Canad\u00e1 para obtener la nacionalidad?<\/li>\n\n\n\n<li>\u00bfQu\u00e9 programas de visado de inversor existen para Canad\u00e1?<\/li>\n\n\n\n<li>\u00bfPuedo obtener la residencia en Canad\u00e1 invirtiendo en bienes inmuebles?<\/li>\n<\/ul>","protected":false},"excerpt":{"rendered":"<p>CANADA RESIDENCY BY INVESTMENT Canada has a history of residency by investment programs at both the federal and provincial levels. The Quebec Investor Program, which has been suspended as of 2021 and is not currently accepting new applications, was a popular program that allowed high net worth individuals to obtain permanent residency in the province [&hellip;]<\/p>\n","protected":false},"author":1,"featured_media":0,"parent":0,"menu_order":0,"comment_status":"closed","ping_status":"closed","template":"","meta":{"footnotes":""},"class_list":["post-282","page","type-page","status-publish","hentry"],"yoast_head":"<!-- This site is optimized with the Yoast SEO plugin v27.3 - https:\/\/yoast.com\/product\/yoast-seo-wordpress\/ -->\n<title>Canada Citizenship and Residency by Investment - Investment Visa CN<\/title>\n<meta name=\"robots\" content=\"index, follow, max-snippet:-1, max-image-preview:large, max-video-preview:-1\" \/>\n<link rel=\"canonical\" href=\"https:\/\/investmentvisacn.com\/es\/ciudadania-canadiense-y-residencia-por-inversion\/\" \/>\n<meta property=\"og:locale\" content=\"es_ES\" \/>\n<meta property=\"og:type\" content=\"article\" \/>\n<meta property=\"og:title\" content=\"Canada Citizenship and Residency by Investment - Investment Visa CN\" \/>\n<meta property=\"og:description\" content=\"CANADA RESIDENCY BY INVESTMENT Canada has a history of residency by investment programs at both the federal and provincial levels. The Quebec Investor Program, which has been suspended as of 2021 and is not currently accepting new applications, was a popular program that allowed high net worth individuals to obtain permanent residency in the province [&hellip;]\" \/>\n<meta property=\"og:url\" content=\"https:\/\/investmentvisacn.com\/es\/ciudadania-canadiense-y-residencia-por-inversion\/\" \/>\n<meta property=\"og:site_name\" content=\"Investment Visa CN\" \/>\n<meta property=\"article:modified_time\" content=\"2024-08-21T16:11:00+00:00\" \/>\n<meta name=\"twitter:card\" content=\"summary_large_image\" \/>\n<meta name=\"twitter:label1\" content=\"Tiempo de lectura\" \/>\n\t<meta name=\"twitter:data1\" content=\"2 minutos\" \/>\n<script type=\"application\/ld+json\" class=\"yoast-schema-graph\">{\"@context\":\"https:\\\/\\\/schema.org\",\"@graph\":[{\"@type\":\"WebPage\",\"@id\":\"https:\\\/\\\/investmentvisacn.com\\\/canada-citizenship-and-residency-by-investment\\\/\",\"url\":\"https:\\\/\\\/investmentvisacn.com\\\/canada-citizenship-and-residency-by-investment\\\/\",\"name\":\"Canada Citizenship and Residency by Investment - Investment Visa CN\",\"isPartOf\":{\"@id\":\"https:\\\/\\\/investmentvisacn.com\\\/#website\"},\"datePublished\":\"2024-08-13T21:46:39+00:00\",\"dateModified\":\"2024-08-21T16:11:00+00:00\",\"breadcrumb\":{\"@id\":\"https:\\\/\\\/investmentvisacn.com\\\/canada-citizenship-and-residency-by-investment\\\/#breadcrumb\"},\"inLanguage\":\"es\",\"potentialAction\":[{\"@type\":\"ReadAction\",\"target\":[\"https:\\\/\\\/investmentvisacn.com\\\/canada-citizenship-and-residency-by-investment\\\/\"]}]},{\"@type\":\"BreadcrumbList\",\"@id\":\"https:\\\/\\\/investmentvisacn.com\\\/canada-citizenship-and-residency-by-investment\\\/#breadcrumb\",\"itemListElement\":[{\"@type\":\"ListItem\",\"position\":1,\"name\":\"Home\",\"item\":\"https:\\\/\\\/investmentvisacn.com\\\/\"},{\"@type\":\"ListItem\",\"position\":2,\"name\":\"Canada Citizenship and Residency by Investment\"}]},{\"@type\":\"WebSite\",\"@id\":\"https:\\\/\\\/investmentvisacn.com\\\/#website\",\"url\":\"https:\\\/\\\/investmentvisacn.com\\\/\",\"name\":\"Investment Visa CN\",\"description\":\"Global Investment &amp; Visa Solutions You Can Trust\",\"publisher\":{\"@id\":\"https:\\\/\\\/investmentvisacn.com\\\/#organization\"},\"potentialAction\":[{\"@type\":\"SearchAction\",\"target\":{\"@type\":\"EntryPoint\",\"urlTemplate\":\"https:\\\/\\\/investmentvisacn.com\\\/?s={search_term_string}\"},\"query-input\":{\"@type\":\"PropertyValueSpecification\",\"valueRequired\":true,\"valueName\":\"search_term_string\"}}],\"inLanguage\":\"es\"},{\"@type\":\"Organization\",\"@id\":\"https:\\\/\\\/investmentvisacn.com\\\/#organization\",\"name\":\"Investment Visa CN\",\"url\":\"https:\\\/\\\/investmentvisacn.com\\\/\",\"logo\":{\"@type\":\"ImageObject\",\"inLanguage\":\"es\",\"@id\":\"https:\\\/\\\/investmentvisacn.com\\\/#\\\/schema\\\/logo\\\/image\\\/\",\"url\":\"https:\\\/\\\/investmentvisacn.com\\\/wp-content\\\/uploads\\\/2024\\\/08\\\/universalinvestmentvisa.png\",\"contentUrl\":\"https:\\\/\\\/investmentvisacn.com\\\/wp-content\\\/uploads\\\/2024\\\/08\\\/universalinvestmentvisa.png\",\"width\":180,\"height\":60,\"caption\":\"Investment Visa CN\"},\"image\":{\"@id\":\"https:\\\/\\\/investmentvisacn.com\\\/#\\\/schema\\\/logo\\\/image\\\/\"}}]}<\/script>\n<!-- \/ Yoast SEO plugin. -->","yoast_head_json":{"title":"Ciudadan\u00eda y residencia canadienses por inversi\u00f3n - Visado de inversi\u00f3n CN","robots":{"index":"index","follow":"follow","max-snippet":"max-snippet:-1","max-image-preview":"max-image-preview:large","max-video-preview":"max-video-preview:-1"},"canonical":"https:\/\/investmentvisacn.com\/es\/ciudadania-canadiense-y-residencia-por-inversion\/","og_locale":"es_ES","og_type":"article","og_title":"Canada Citizenship and Residency by Investment - Investment Visa CN","og_description":"CANADA RESIDENCY BY INVESTMENT Canada has a history of residency by investment programs at both the federal and provincial levels. The Quebec Investor Program, which has been suspended as of 2021 and is not currently accepting new applications, was a popular program that allowed high net worth individuals to obtain permanent residency in the province [&hellip;]","og_url":"https:\/\/investmentvisacn.com\/es\/ciudadania-canadiense-y-residencia-por-inversion\/","og_site_name":"Investment Visa CN","article_modified_time":"2024-08-21T16:11:00+00:00","twitter_card":"summary_large_image","twitter_misc":{"Tiempo de lectura":"2 minutos"},"schema":{"@context":"https:\/\/schema.org","@graph":[{"@type":"WebPage","@id":"https:\/\/investmentvisacn.com\/canada-citizenship-and-residency-by-investment\/","url":"https:\/\/investmentvisacn.com\/canada-citizenship-and-residency-by-investment\/","name":"Ciudadan\u00eda y residencia canadienses por inversi\u00f3n - Visado de inversi\u00f3n CN","isPartOf":{"@id":"https:\/\/investmentvisacn.com\/#website"},"datePublished":"2024-08-13T21:46:39+00:00","dateModified":"2024-08-21T16:11:00+00:00","breadcrumb":{"@id":"https:\/\/investmentvisacn.com\/canada-citizenship-and-residency-by-investment\/#breadcrumb"},"inLanguage":"es","potentialAction":[{"@type":"ReadAction","target":["https:\/\/investmentvisacn.com\/canada-citizenship-and-residency-by-investment\/"]}]},{"@type":"BreadcrumbList","@id":"https:\/\/investmentvisacn.com\/canada-citizenship-and-residency-by-investment\/#breadcrumb","itemListElement":[{"@type":"ListItem","position":1,"name":"Home","item":"https:\/\/investmentvisacn.com\/"},{"@type":"ListItem","position":2,"name":"Canada Citizenship and Residency by Investment"}]},{"@type":"WebSite","@id":"https:\/\/investmentvisacn.com\/#website","url":"https:\/\/investmentvisacn.com\/","name":"Visado de inversi\u00f3n CN","description":"Soluciones globales de inversi\u00f3n y visados en las que puede confiar","publisher":{"@id":"https:\/\/investmentvisacn.com\/#organization"},"potentialAction":[{"@type":"SearchAction","target":{"@type":"EntryPoint","urlTemplate":"https:\/\/investmentvisacn.com\/?s={search_term_string}"},"query-input":{"@type":"PropertyValueSpecification","valueRequired":true,"valueName":"search_term_string"}}],"inLanguage":"es"},{"@type":"Organization","@id":"https:\/\/investmentvisacn.com\/#organization","name":"Visado de inversi\u00f3n CN","url":"https:\/\/investmentvisacn.com\/","logo":{"@type":"ImageObject","inLanguage":"es","@id":"https:\/\/investmentvisacn.com\/#\/schema\/logo\/image\/","url":"https:\/\/investmentvisacn.com\/wp-content\/uploads\/2024\/08\/universalinvestmentvisa.png","contentUrl":"https:\/\/investmentvisacn.com\/wp-content\/uploads\/2024\/08\/universalinvestmentvisa.png","width":180,"height":60,"caption":"Investment Visa CN"},"image":{"@id":"https:\/\/investmentvisacn.com\/#\/schema\/logo\/image\/"}}]}},"_links":{"self":[{"href":"https:\/\/investmentvisacn.com\/es\/wp-json\/wp\/v2\/pages\/282","targetHints":{"allow":["GET"]}}],"collection":[{"href":"https:\/\/investmentvisacn.com\/es\/wp-json\/wp\/v2\/pages"}],"about":[{"href":"https:\/\/investmentvisacn.com\/es\/wp-json\/wp\/v2\/types\/page"}],"author":[{"embeddable":true,"href":"https:\/\/investmentvisacn.com\/es\/wp-json\/wp\/v2\/users\/1"}],"replies":[{"embeddable":true,"href":"https:\/\/investmentvisacn.com\/es\/wp-json\/wp\/v2\/comments?post=282"}],"version-history":[{"count":2,"href":"https:\/\/investmentvisacn.com\/es\/wp-json\/wp\/v2\/pages\/282\/revisions"}],"predecessor-version":[{"id":435,"href":"https:\/\/investmentvisacn.com\/es\/wp-json\/wp\/v2\/pages\/282\/revisions\/435"}],"wp:attachment":[{"href":"https:\/\/investmentvisacn.com\/es\/wp-json\/wp\/v2\/media?parent=282"}],"curies":[{"name":"wp","href":"https:\/\/api.w.org\/{rel}","templated":true}]}}