{"id":276,"date":"2024-08-13T21:42:24","date_gmt":"2024-08-13T21:42:24","guid":{"rendered":"https:\/\/universalinvestmentvisa.com\/?page_id=276"},"modified":"2024-08-24T08:11:55","modified_gmt":"2024-08-24T08:11:55","slug":"visado-de-oro-portugal","status":"publish","type":"page","link":"https:\/\/investmentvisacn.com\/es\/portugal-golden-visa\/","title":{"rendered":"Visado de oro para Portugal"},"content":{"rendered":"<h2 class=\"wp-block-heading\">Portugal Golden Visa no se cierra<\/h2>\n\n\n\n<p>***&nbsp;<em>El programa Portugal Golden Visa sigue adelante, pero las v\u00edas de inversi\u00f3n y los importes est\u00e1n a punto de cambiar. Ha habido mucha incertidumbre en los \u00faltimos meses y se pueden encontrar muchos art\u00edculos desactualizados en la web. Sin embargo, el Parlamento portugu\u00e9s ha aprobado el proyecto de ley que pone fin a la v\u00eda inmobiliaria del Golden Visa. Una vez que esto se convierta en ley (probablemente a principios de octubre de 2023) ya no ser\u00e1 posible solicitar el Golden Visa portugu\u00e9s por la v\u00eda inmobiliaria de 280.000 o 350.000 euros. La principal v\u00eda para obtener el Golden Visa ser\u00e1 la inversi\u00f3n en fondos, que est\u00e1 fijada en 500.000 euros.<\/em>. Los clientes tienen hasta ese momento para acogerse al l\u00edmite inferior de inversi\u00f3n. ***<\/p>\n\n\n\n<p class=\"has-text-align-center\"><a href=\"https:\/\/investmentvisacn.com\/es\/contacto\/\" data-type=\"link\" data-id=\"https:\/\/investmentvisacn.com\/contact-us\/\">Empezar ahora<\/a><\/p>\n\n\n\n<h4 class=\"wp-block-heading\">Visado de Oro para Portugal<\/h4>\n\n\n\n<p>El programa Portugal Golden Visa ha demostrado ser el r\u00e9gimen m\u00e1s popular de Europa, con inversores atra\u00eddos por su flexibilidad, coste y ventajas. Introducido en 2012, este visado de inversi\u00f3n pionero lanz\u00f3 de forma efectiva el concepto de\u00a0<a href=\"https:\/\/investmentvisacn.com\/es\/usa\/\" data-type=\"page\" data-id=\"341\">Visados de oro<\/a>\u00a0y sent\u00f3 las bases para que otros pa\u00edses, como Espa\u00f1a y Grecia, siguieran su ejemplo. Desde entonces, el programa portugu\u00e9s se ha promovido activamente a escala internacional, atrayendo m\u00e1s de 6.000 millones de euros de inversi\u00f3n interna a la econom\u00eda. Como consultora l\u00edder para el Golden Visa portugu\u00e9s, Universal Investment Visa se enorgullece de haber asesorado y asistido a m\u00e1s de mil inversores y solicitantes de m\u00e1s de 150 pa\u00edses de todo el mundo para el programa desde su introducci\u00f3n.<\/p>\n\n\n\n<h4 class=\"wp-block-heading\">Requisitos Golden Visa Portugal<\/h4>\n\n\n\n<h3 class=\"wp-block-heading\">Inversi\u00f3n<\/h3>\n\n\n\n<p>Una inversi\u00f3n de 500.000 euros (280.000 euros o 350.000 euros en opci\u00f3n reducida) en bienes inmuebles en Portugal permitir\u00e1 obtener un permiso de residencia con visado de oro para una familia, incluidos los hijos a cargo. Aunque existen otros m\u00e9todos (v\u00e9anse las preguntas frecuentes m\u00e1s abajo), la v\u00eda inmobiliaria representa m\u00e1s del 92% de todas las solicitudes.<\/p>\n\n\n\n<h4 class=\"wp-block-heading\">Costes asociados<\/h4>\n\n\n\n<p>Hay varios costes a tener en cuenta adem\u00e1s del importe de la inversi\u00f3n para el visado dorado en Portugal. Entre ellos est\u00e1n el impuesto sobre bienes inmuebles, el impuesto de actos jur\u00eddicos documentados, los gastos de notar\u00eda y registro de la propiedad, las tasas de aprobaci\u00f3n y solicitud del Gobierno y los costes legales de tramitaci\u00f3n. Por lo general, a\u00f1adir\u00e1n unos 14% a una inversi\u00f3n de 350.000 euros.<\/p>\n\n\n\n<h4 class=\"wp-block-heading\">Requisitos<\/h4>\n\n\n\n<p>Adem\u00e1s de la inversi\u00f3n y las tasas, los solicitantes deber\u00e1n abrir una cuenta bancaria portuguesa. Los inversores deben tener antecedentes penales limpios, un seguro m\u00e9dico completo y presentar sus solicitudes junto con los datos biom\u00e9tricos completos. Esto requiere una visita a Portugal en la fase de solicitud.<\/p>\n\n\n\n<p>El visado de oro portugu\u00e9s puede renovarse a intervalos de dos a\u00f1os siempre que el solicitante pase dos semanas en el pa\u00eds cada dos a\u00f1os y mantenga su inversi\u00f3n.<\/p>\n\n\n\n<h4 class=\"wp-block-heading\">Residencia permanente y ciudadan\u00eda en Portugal<\/h4>\n\n\n\n<p>Una de las opciones m\u00e1s atractivas del Golden Visa portugu\u00e9s es la posibilidad de solicitar\u00a0<strong>residencia permanente<\/strong>\u00a0o\u00a0<strong>ciudadan\u00eda<\/strong>\u00a0despu\u00e9s de cinco a\u00f1os sin necesidad de residir en Portugal a tiempo completo. El solicitante y su familia s\u00f3lo tienen que visitar Portugal durante dos semanas cada dos a\u00f1os para renovar el Visado de Oro portugu\u00e9s durante este per\u00edodo. M\u00e1s informaci\u00f3n sobre el camino hacia la ciudadan\u00eda portuguesa.<\/p>\n\n\n\n<p>La tarjeta de residencia portuguesa concedida a trav\u00e9s del programa de visados de oro permite a su titular viajar por toda la zona Schengen de la UE. La ciudadan\u00eda portuguesa y un segundo pasaporte dan derecho a vivir, trabajar y estudiar en cualquier lugar de la Uni\u00f3n Europea.<\/p>\n\n\n\n<p>A partir de 280.000 euros + gastos<\/p>\n\n\n\n<p>Inmobiliario<\/p>\n\n\n\n<p>Residencia familiar completa<\/p>\n\n\n\n<p>Flexible. Sin obligaci\u00f3n de residir.<\/p>\n\n\n\n<p>Ciudadan\u00eda a partir de 5 a\u00f1os<\/p>\n\n\n\n<h4 class=\"wp-block-heading\">Ventajas del visado de oro para Portugal<\/h4>\n\n\n\n<p>Las ventajas de la Golden Visa de Portugal han contribuido a consolidarla como el programa de residencia por inversi\u00f3n m\u00e1s importante del mundo. Entre ellas se incluyen:<\/p>\n\n\n\n<ul class=\"wp-block-list\">\n<li>Baja inversi\u00f3n m\u00ednima de s\u00f3lo 280.000 euros<\/li>\n\n\n\n<li>Requisitos para vivir, trabajar y estudiar en Portugal<\/li>\n\n\n\n<li>Viajes sin visado por la zona Schengen de la UE<\/li>\n\n\n\n<li>Posibilidad de solicitar la nacionalidad portuguesa al cabo de cinco a\u00f1os (sin necesidad de residencia plena)<\/li>\n\n\n\n<li>Estancia m\u00ednima de s\u00f3lo 14 d\u00edas cada dos a\u00f1os<\/li>\n\n\n\n<li>Ning\u00fan impuesto sobre la renta mundial<\/li>\n\n\n\n<li>Opci\u00f3n de residencia fiscal no habitual (RNH)<\/li>\n<\/ul>\n\n\n\n<p>Inversi\u00f3n m\u00ednima de 280.000 euros<br>Antecedentes penales limpios<br>Abierto a solicitantes de fuera de la UE<\/p>\n\n\n\n<p>Incluir c\u00f3nyuge y familia<br>Hijos a cargo<br>Padres 65y +<\/p>\n\n\n\n<p>Estancia m\u00ednima corta<br>Sin entrevista<br>Sin prueba de idiomas<\/p>\n\n\n\n<p>Residencia en un pa\u00eds de la UE<br>Viajes sin visado Schengen<br>Camino a la ciudadan\u00eda tras cinco a\u00f1os<\/p>\n\n\n\n<h3 class=\"wp-block-heading\">\u00bfCu\u00e1nto cuesta el programa Golden Visa Portugal?<\/h3>\n\n\n\n<p>Adem\u00e1s del importe de la inversi\u00f3n inmobiliaria, hay que pagar unas tasas. \u00c9stas variar\u00e1n en funci\u00f3n del tama\u00f1o de la familia y de la inversi\u00f3n inmobiliaria. A continuaci\u00f3n presentamos un ejemplo t\u00edpico para una inversi\u00f3n de 350.000 euros:<\/p>\n\n\n\n<figure class=\"wp-block-table\"><table class=\"has-fixed-layout\"><tbody><tr><td>Inversi\u00f3n inmobiliaria<\/td><td>\u20ac350,000<\/td><\/tr><tr><td>IMT (Impuesto sobre Transmisiones Patrimoniales) 4,60% (Est.)<\/td><td>\u20ac16,100<\/td><\/tr><tr><td>Impuesto sobre Actos Jur\u00eddicos Documentados 0,8%<\/td><td>\u20ac2,800<\/td><\/tr><tr><td>Gastos de notar\u00eda\/registro de la propiedad 1.050<\/td><td>\u20ac1,050<\/td><\/tr><tr><td>Registro del contrato de promesa de venta<\/td><td>\u20ac400<\/td><\/tr><tr><td>Tasa de aprobaci\u00f3n del visado de oro 5.336 euros (x4) 21.344 euros<\/td><td>\u20ac21,344<\/td><\/tr><tr><td>Tasa de solicitud del visado de oro 533 euros (x4)<\/td><td>\u20ac2,132<\/td><\/tr><tr><td>Tasas legales<\/td><td>\u20ac5,000<\/td><\/tr><tr><td>TOTAL<\/td><td>\u20ac398,826<\/td><\/tr><\/tbody><\/table><\/figure>\n\n\n\n<h4 class=\"wp-block-heading\">C\u00f3mo solicitar el Golden Visa en Portugal<\/h4>\n\n\n\n<p>Consulte con el equipo de expertos de Universal Investment Visa para decidir si el Portugal Golden Visa es adecuado para usted y su familia. Si es as\u00ed, podemos ayudarle a designar un representante legal de varios que podemos recomendar y sugerir cualquier n\u00famero de opciones de bienes ra\u00edces de calificaci\u00f3n en todo Portugal para que usted considere.<\/p>\n\n\n\n<p>Universal investment visa \u201ds trabajar\u00e1 con usted y su representante legal designado en Portugal para preparar su solicitud de Golden Visa. Esto incluye la apertura de una cuenta bancaria portuguesa y un n\u00famero NIF antes de finalizar su elecci\u00f3n de inversi\u00f3n. En este punto se puede presentar una solicitud previa en l\u00ednea.<\/p>\n\n\n\n<p>Despu\u00e9s de que el Servicio de Inmigraci\u00f3n y Fronteras portugu\u00e9s (SEF) revise su solicitud previa, deber\u00e1 acudir personalmente a Portugal a una reuni\u00f3n previamente concertada con el SEF, en la que se le tomar\u00e1n sus datos biom\u00e9tricos (huellas dactilares) y presentar\u00e1 oficialmente la solicitud de visado dorado.<\/p>\n\n\n\n<p>A continuaci\u00f3n, espere la aprobaci\u00f3n definitiva de su solicitud. Una vez aprobada, se le enviar\u00e1n sus tarjetas de residencia. Estas tarjetas tienen una validez de dos a\u00f1os y pueden renovarse siempre que se mantenga la inversi\u00f3n y se paguen las tasas de renovaci\u00f3n correspondientes.<\/p>\n\n\n\n<ul class=\"wp-block-list\">\n<li>Primer paso<\/li>\n\n\n\n<li>Paso 2<\/li>\n\n\n\n<li>Paso 3<\/li>\n\n\n\n<li>Paso 4<\/li>\n<\/ul>","protected":false},"excerpt":{"rendered":"<p>Portugal Golden Visa Is Not Closing ***&nbsp;The Portugal Golden Visa programme is continuing but investment routes and amounts are about to change. There has been much uncertainty in the last few months and there are many outdated articles to be found on the web. However the Portuguese parliament has now signed off the bill ending [&hellip;]<\/p>\n","protected":false},"author":1,"featured_media":0,"parent":0,"menu_order":0,"comment_status":"closed","ping_status":"closed","template":"","meta":{"footnotes":""},"class_list":["post-276","page","type-page","status-publish","hentry"],"yoast_head":"<!-- This site is optimized with the Yoast SEO plugin v27.3 - https:\/\/yoast.com\/product\/yoast-seo-wordpress\/ -->\n<title>Portugal Golden Visa - Investment Visa CN<\/title>\n<meta name=\"robots\" content=\"index, follow, max-snippet:-1, max-image-preview:large, max-video-preview:-1\" \/>\n<link rel=\"canonical\" href=\"https:\/\/investmentvisacn.com\/es\/visado-de-oro-portugal\/\" \/>\n<meta property=\"og:locale\" content=\"es_ES\" \/>\n<meta property=\"og:type\" content=\"article\" \/>\n<meta property=\"og:title\" content=\"Portugal Golden Visa - Investment Visa CN\" \/>\n<meta property=\"og:description\" content=\"Portugal Golden Visa Is Not Closing ***&nbsp;The Portugal Golden Visa programme is continuing but investment routes and amounts are about to change. There has been much uncertainty in the last few months and there are many outdated articles to be found on the web. However the Portuguese parliament has now signed off the bill ending [&hellip;]\" \/>\n<meta property=\"og:url\" content=\"https:\/\/investmentvisacn.com\/es\/visado-de-oro-portugal\/\" \/>\n<meta property=\"og:site_name\" content=\"Investment Visa CN\" \/>\n<meta property=\"article:modified_time\" content=\"2024-08-24T08:11:55+00:00\" \/>\n<meta name=\"twitter:card\" content=\"summary_large_image\" \/>\n<meta name=\"twitter:label1\" content=\"Tiempo de lectura\" \/>\n\t<meta name=\"twitter:data1\" content=\"5 minutos\" \/>\n<script type=\"application\/ld+json\" class=\"yoast-schema-graph\">{\"@context\":\"https:\\\/\\\/schema.org\",\"@graph\":[{\"@type\":\"WebPage\",\"@id\":\"https:\\\/\\\/investmentvisacn.com\\\/portugal-golden-visa\\\/\",\"url\":\"https:\\\/\\\/investmentvisacn.com\\\/portugal-golden-visa\\\/\",\"name\":\"Portugal Golden Visa - Investment Visa CN\",\"isPartOf\":{\"@id\":\"https:\\\/\\\/investmentvisacn.com\\\/#website\"},\"datePublished\":\"2024-08-13T21:42:24+00:00\",\"dateModified\":\"2024-08-24T08:11:55+00:00\",\"breadcrumb\":{\"@id\":\"https:\\\/\\\/investmentvisacn.com\\\/portugal-golden-visa\\\/#breadcrumb\"},\"inLanguage\":\"es\",\"potentialAction\":[{\"@type\":\"ReadAction\",\"target\":[\"https:\\\/\\\/investmentvisacn.com\\\/portugal-golden-visa\\\/\"]}]},{\"@type\":\"BreadcrumbList\",\"@id\":\"https:\\\/\\\/investmentvisacn.com\\\/portugal-golden-visa\\\/#breadcrumb\",\"itemListElement\":[{\"@type\":\"ListItem\",\"position\":1,\"name\":\"Home\",\"item\":\"https:\\\/\\\/investmentvisacn.com\\\/\"},{\"@type\":\"ListItem\",\"position\":2,\"name\":\"Portugal Golden Visa\"}]},{\"@type\":\"WebSite\",\"@id\":\"https:\\\/\\\/investmentvisacn.com\\\/#website\",\"url\":\"https:\\\/\\\/investmentvisacn.com\\\/\",\"name\":\"Investment Visa CN\",\"description\":\"Global Investment &amp; Visa Solutions You Can Trust\",\"publisher\":{\"@id\":\"https:\\\/\\\/investmentvisacn.com\\\/#organization\"},\"potentialAction\":[{\"@type\":\"SearchAction\",\"target\":{\"@type\":\"EntryPoint\",\"urlTemplate\":\"https:\\\/\\\/investmentvisacn.com\\\/?s={search_term_string}\"},\"query-input\":{\"@type\":\"PropertyValueSpecification\",\"valueRequired\":true,\"valueName\":\"search_term_string\"}}],\"inLanguage\":\"es\"},{\"@type\":\"Organization\",\"@id\":\"https:\\\/\\\/investmentvisacn.com\\\/#organization\",\"name\":\"Investment Visa CN\",\"url\":\"https:\\\/\\\/investmentvisacn.com\\\/\",\"logo\":{\"@type\":\"ImageObject\",\"inLanguage\":\"es\",\"@id\":\"https:\\\/\\\/investmentvisacn.com\\\/#\\\/schema\\\/logo\\\/image\\\/\",\"url\":\"https:\\\/\\\/investmentvisacn.com\\\/wp-content\\\/uploads\\\/2024\\\/08\\\/universalinvestmentvisa.png\",\"contentUrl\":\"https:\\\/\\\/investmentvisacn.com\\\/wp-content\\\/uploads\\\/2024\\\/08\\\/universalinvestmentvisa.png\",\"width\":180,\"height\":60,\"caption\":\"Investment Visa CN\"},\"image\":{\"@id\":\"https:\\\/\\\/investmentvisacn.com\\\/#\\\/schema\\\/logo\\\/image\\\/\"}}]}<\/script>\n<!-- \/ Yoast SEO plugin. -->","yoast_head_json":{"title":"Portugal Golden Visa - Visado de inversi\u00f3n CN","robots":{"index":"index","follow":"follow","max-snippet":"max-snippet:-1","max-image-preview":"max-image-preview:large","max-video-preview":"max-video-preview:-1"},"canonical":"https:\/\/investmentvisacn.com\/es\/visado-de-oro-portugal\/","og_locale":"es_ES","og_type":"article","og_title":"Portugal Golden Visa - Investment Visa CN","og_description":"Portugal Golden Visa Is Not Closing ***&nbsp;The Portugal Golden Visa programme is continuing but investment routes and amounts are about to change. There has been much uncertainty in the last few months and there are many outdated articles to be found on the web. However the Portuguese parliament has now signed off the bill ending [&hellip;]","og_url":"https:\/\/investmentvisacn.com\/es\/visado-de-oro-portugal\/","og_site_name":"Investment Visa CN","article_modified_time":"2024-08-24T08:11:55+00:00","twitter_card":"summary_large_image","twitter_misc":{"Tiempo de lectura":"5 minutos"},"schema":{"@context":"https:\/\/schema.org","@graph":[{"@type":"WebPage","@id":"https:\/\/investmentvisacn.com\/portugal-golden-visa\/","url":"https:\/\/investmentvisacn.com\/portugal-golden-visa\/","name":"Portugal Golden Visa - Visado de inversi\u00f3n CN","isPartOf":{"@id":"https:\/\/investmentvisacn.com\/#website"},"datePublished":"2024-08-13T21:42:24+00:00","dateModified":"2024-08-24T08:11:55+00:00","breadcrumb":{"@id":"https:\/\/investmentvisacn.com\/portugal-golden-visa\/#breadcrumb"},"inLanguage":"es","potentialAction":[{"@type":"ReadAction","target":["https:\/\/investmentvisacn.com\/portugal-golden-visa\/"]}]},{"@type":"BreadcrumbList","@id":"https:\/\/investmentvisacn.com\/portugal-golden-visa\/#breadcrumb","itemListElement":[{"@type":"ListItem","position":1,"name":"Home","item":"https:\/\/investmentvisacn.com\/"},{"@type":"ListItem","position":2,"name":"Portugal Golden Visa"}]},{"@type":"WebSite","@id":"https:\/\/investmentvisacn.com\/#website","url":"https:\/\/investmentvisacn.com\/","name":"Visado de inversi\u00f3n CN","description":"Soluciones globales de inversi\u00f3n y visados en las que puede confiar","publisher":{"@id":"https:\/\/investmentvisacn.com\/#organization"},"potentialAction":[{"@type":"SearchAction","target":{"@type":"EntryPoint","urlTemplate":"https:\/\/investmentvisacn.com\/?s={search_term_string}"},"query-input":{"@type":"PropertyValueSpecification","valueRequired":true,"valueName":"search_term_string"}}],"inLanguage":"es"},{"@type":"Organization","@id":"https:\/\/investmentvisacn.com\/#organization","name":"Visado de inversi\u00f3n CN","url":"https:\/\/investmentvisacn.com\/","logo":{"@type":"ImageObject","inLanguage":"es","@id":"https:\/\/investmentvisacn.com\/#\/schema\/logo\/image\/","url":"https:\/\/investmentvisacn.com\/wp-content\/uploads\/2024\/08\/universalinvestmentvisa.png","contentUrl":"https:\/\/investmentvisacn.com\/wp-content\/uploads\/2024\/08\/universalinvestmentvisa.png","width":180,"height":60,"caption":"Investment Visa CN"},"image":{"@id":"https:\/\/investmentvisacn.com\/#\/schema\/logo\/image\/"}}]}},"_links":{"self":[{"href":"https:\/\/investmentvisacn.com\/es\/wp-json\/wp\/v2\/pages\/276","targetHints":{"allow":["GET"]}}],"collection":[{"href":"https:\/\/investmentvisacn.com\/es\/wp-json\/wp\/v2\/pages"}],"about":[{"href":"https:\/\/investmentvisacn.com\/es\/wp-json\/wp\/v2\/types\/page"}],"author":[{"embeddable":true,"href":"https:\/\/investmentvisacn.com\/es\/wp-json\/wp\/v2\/users\/1"}],"replies":[{"embeddable":true,"href":"https:\/\/investmentvisacn.com\/es\/wp-json\/wp\/v2\/comments?post=276"}],"version-history":[{"count":2,"href":"https:\/\/investmentvisacn.com\/es\/wp-json\/wp\/v2\/pages\/276\/revisions"}],"predecessor-version":[{"id":475,"href":"https:\/\/investmentvisacn.com\/es\/wp-json\/wp\/v2\/pages\/276\/revisions\/475"}],"wp:attachment":[{"href":"https:\/\/investmentvisacn.com\/es\/wp-json\/wp\/v2\/media?parent=276"}],"curies":[{"name":"wp","href":"https:\/\/api.w.org\/{rel}","templated":true}]}}