{"id":274,"date":"2024-08-13T21:41:17","date_gmt":"2024-08-13T21:41:17","guid":{"rendered":"https:\/\/universalinvestmentvisa.com\/?page_id=274"},"modified":"2024-09-11T16:07:02","modified_gmt":"2024-09-11T16:07:02","slug":"ciudadania-granadina","status":"publish","type":"page","link":"https:\/\/investmentvisacn.com\/es\/grenada-citizenship\/","title":{"rendered":"Ciudadan\u00eda de Granada"},"content":{"rendered":"<h2 class=\"wp-block-heading\">Visi\u00f3n general del Programa de Ciudadan\u00eda por Inversi\u00f3n de Granada<\/h2>\n\n\n\n<p>El programa de Ciudadan\u00eda por Inversi\u00f3n de Granada se introdujo en 2013 y ofrece una entrada de bajo coste para una segunda ciudadan\u00eda y pasaporte. Los solicitantes de todos los pa\u00edses son bienvenidos, pero est\u00e1n sujetos a estrictos controles de diligencia debida. El programa atrae a muchos inversores de alto patrimonio neto de todo el mundo que buscan aumentar la movilidad global de su familia y obtener la seguridad de una segunda nacionalidad en Granada. Los solicitantes seleccionados obtendr\u00e1n la nacionalidad granadina, un certificado de naturalizaci\u00f3n y un pasaporte que les permitir\u00e1 viajar sin visado a m\u00e1s de 153 pa\u00edses de todo el mundo. El programa de Ciudadan\u00eda por Inversi\u00f3n de Granada ha contribuido a atraer importantes inversiones extranjeras al pa\u00eds, financiando proyectos patrocinados por el gobierno, as\u00ed como impulsando la econom\u00eda general y creando puestos de trabajo para la poblaci\u00f3n local.<\/p>\n\n\n\n<p class=\"has-text-align-center\"><a href=\"https:\/\/investmentvisacn.com\/es\/contacto\/\" data-type=\"link\" data-id=\"https:\/\/investmentvisacn.com\/contact-us\/\"><strong>Contacto-Asesor<\/strong><\/a><\/p>\n\n\n\n<h3 class=\"wp-block-heading\">C\u00f3mo obtener la nacionalidad granadina mediante inversi\u00f3n<\/h3>\n\n\n\n<p>El programa de Ciudadan\u00eda por Inversi\u00f3n de Granada ofrece dos opciones principales de inversi\u00f3n: donaci\u00f3n y bienes inmuebles. La v\u00eda de donaci\u00f3n del gobierno requiere una contribuci\u00f3n m\u00ednima de $235.000 al Fondo Nacional de Transformaci\u00f3n (NTF) de Granada. Alternativamente, se requiere una inversi\u00f3n inmobiliaria m\u00ednima de $270.000 en un proyecto aprobado por el gobierno. Adem\u00e1s, se aplican las tasas gubernamentales de solicitud y diligencia debida correspondientes.<\/p>\n\n\n\n<h3 class=\"wp-block-heading\">Beneficios clave:<\/h3>\n\n\n\n<ul class=\"wp-block-list\">\n<li>De $235.000 Donaci\u00f3n<\/li>\n\n\n\n<li>Inmuebles Desde $270,000<\/li>\n\n\n\n<li>Ciudadan\u00eda y pasaporte<\/li>\n\n\n\n<li>Viajes sin visado 153 pa\u00edses<\/li>\n\n\n\n<li>Solicitud de familia completa<\/li>\n<\/ul>\n\n\n\n<h3 class=\"wp-block-heading\">Requisitos para obtener la nacionalidad granadina por inversi\u00f3n<\/h3>\n\n\n\n<p>Adem\u00e1s de realizar la inversi\u00f3n o donaci\u00f3n necesarias, existen varios requisitos que los solicitantes deben cumplir en Granada.<\/p>\n\n\n\n<h3 class=\"wp-block-heading\">Requisitos familiares<\/h3>\n\n\n\n<p>Los miembros de la familia pueden incluirse en la solicitud de ciudadan\u00eda de Granada. El inversor principal puede incluir:<\/p>\n\n\n\n<ul class=\"wp-block-list\">\n<li>C\u00f3nyuge<\/li>\n\n\n\n<li>Hijos a cargo<\/li>\n\n\n\n<li>Padres dependientes mayores de 55 a\u00f1os<\/li>\n\n\n\n<li>Hermanos mayores de 18 a\u00f1os, solteros y sin hijos<\/li>\n<\/ul>\n\n\n\n<h3 class=\"wp-block-heading\">Requisitos de diligencia debida<\/h3>\n\n\n\n<p>Todos los solicitantes deber\u00e1n gozar de buena reputaci\u00f3n y someterse a las formalidades de diligencia debida del gobierno de Granada. Los inversores deber\u00e1n aportar:<\/p>\n\n\n\n<ul class=\"wp-block-list\">\n<li>Informes policiales: prueba de antecedentes penales limpios<\/li>\n\n\n\n<li>No tener ninguna denegaci\u00f3n de visado pendiente<\/li>\n\n\n\n<li>Documentaci\u00f3n diversa, incluidos documentos financieros, de empleo\/empresariales, DNI, comprobante de domicilio<\/li>\n<\/ul>\n\n\n\n<h3 class=\"wp-block-heading\">Requisitos de estancia m\u00ednima<\/h3>\n\n\n\n<p>El programa de Ciudadan\u00eda por Inversi\u00f3n de Granada no exige que los solicitantes cumplan ning\u00fan requisito de estancia m\u00ednima. Los ciudadanos granadinos tendr\u00e1n derecho a vivir, trabajar o estudiar en Granada si as\u00ed lo desean, pero no es un requisito previo del programa. Tampoco se exige ninguna prueba de idioma.<\/p>\n\n\n\n<p>Buen car\u00e1cter<br>Antecedentes penales limpios<br>Ning\u00fan visado denegado<\/p>\n\n\n\n<p>Incluir a toda la familia<br>Padres dependientes 55 a\u00f1os +<br>Hijos a cargo hasta 18 a\u00f1os<br>Hermanos 18 a\u00f1os +<\/p>\n\n\n\n<p>Sin estancia m\u00ednima<br>Sin prueba de idiomas<\/p>\n\n\n\n<p>Documento de identidad y prueba de fondos<br>Certificado de nacimiento\/matrimonio<br>Registros financieros<\/p>\n\n\n\n<h4 class=\"wp-block-heading\">\u00bfCu\u00e1nto cuesta el programa de ciudadan\u00eda por inversi\u00f3n de Granada?<\/h4>\n\n\n\n<h3 class=\"wp-block-heading\">Ciudadan\u00eda granadina por donaci\u00f3n<\/h3>\n\n\n\n<p>El programa de Ciudadan\u00eda por Donaci\u00f3n de Granada requiere una contribuci\u00f3n no reembolsable al Fondo Nacional de Transformaci\u00f3n (NTF) del gobierno de $150.000 para un solo solicitante, o $200.000 para una familia de hasta cuatro personas. Tambi\u00e9n se aplican tasas adicionales de diligencia debida y tramitaci\u00f3n, que variar\u00e1n en funci\u00f3n de la edad del solicitante y del tama\u00f1o de su familia.<\/p>\n\n\n\n<h3 class=\"wp-block-heading\">Ciudadan\u00eda granadina por inversi\u00f3n inmobiliaria<\/h3>\n\n\n\n<p>Los solicitantes tambi\u00e9n pueden obtener la nacionalidad granadina invirtiendo en promociones inmobiliarias aprobadas por el gobierno, como complejos hoteleros y propiedades tur\u00edsticas, invirtiendo un m\u00ednimo de $200.000 (revendible al cabo de 7 a\u00f1os) o $400.000 (revendible al cabo de 5 a\u00f1os). Universal Investment Visa ofrece una selecci\u00f3n de proyectos consolidados, incluidos exclusivos complejos tur\u00edsticos de cinco estrellas gestionados por marcas hoteleras reconocidas en todo el mundo y construidos por los promotores m\u00e1s reputados del Caribe. La mayor\u00eda de las opciones ofrecen una rentabilidad, y los bienes inmuebles pueden venderse tras un periodo de tenencia obligatorio, lo que le permite liberar su capital sin que ello afecte a su estatus de ciudadano.<\/p>\n\n\n\n<h4 class=\"wp-block-heading\">\u00bfCu\u00e1nto tiempo se tarda en obtener la nacionalidad por inversi\u00f3n en Granada?<\/h4>\n\n\n\n<p>Desde la fecha de presentaci\u00f3n de la solicitud a la Unidad de Ciudadan\u00eda por Inversi\u00f3n (CIU) de Granada, las solicitudes tardan una media de 3 a 4 meses en tramitarse. Antes de su presentaci\u00f3n, la mayor\u00eda de los solicitantes suelen tardar entre<strong>&nbsp;2-6 semanas<\/strong>&nbsp;para reunir toda su documentaci\u00f3n. El equipo interno de tramitaci\u00f3n de Universal Investment Visa ayudar\u00e1 a los solicitantes con todo este proceso y la solicitud puede presentarse a distancia, sin necesidad de desplazarse.<\/p>\n\n\n\n<p class=\"has-text-align-center\"><a href=\"https:\/\/investmentvisacn.com\/es\/contacto\/\" data-type=\"link\" data-id=\"https:\/\/investmentvisacn.com\/contact-us\/\" target=\"_blank\" rel=\"noreferrer noopener\">Su presupuesto gratuito<\/a><\/p>\n\n\n\n<p><strong>Nota importante: Universal Investment Visa ( Licencia n\u00ba GCBI-MA-70) es un representante autorizado, aprobado por la CIU y el gobierno de Granada para promover el programa de Ciudadan\u00eda por Inversi\u00f3n de Granada.<\/strong><strong>&nbsp;Estaremos encantados de facilitar una copia de nuestra carta de nombramiento del gobierno a cualquier solicitante potencial que desee trabajar a trav\u00e9s de nuestra empresa.&nbsp;<\/strong><\/p>\n\n\n\n<h3 class=\"wp-block-heading\">C\u00f3mo obtener la nacionalidad granadina por inversi\u00f3n<\/h3>\n\n\n\n<p>Reserve su consulta gratuita con el equipo de expertos de Universal Investment Visa para debatir y decidir qu\u00e9 programa y v\u00eda de inversi\u00f3n son los m\u00e1s adecuados para usted y su familia. Nuestros experimentados asesores le proporcionar\u00e1n un presupuesto personalizado que incluir\u00e1 todas las tasas aplicables. Le asesorar\u00e1n y guiar\u00e1n a trav\u00e9s de todo el proceso en detalle.<\/p>\n\n\n\n<p>Para su tranquilidad, antes de comprometerse, Universal Investment Visa llevar\u00e1 a cabo una verificaci\u00f3n de antecedentes previa a la solicitud para asegurarse de que su aplicaci\u00f3n es probable que tenga \u00e9xito. Una vez que esto se haya completado y usted est\u00e1 feliz de proceder, puede iniciar formalmente el proceso mediante la firma de nuestro acuerdo de Facilitador de Clientes y el pago del dep\u00f3sito de pre-solicitud.<\/p>\n\n\n\n<p>El equipo interno de tramitaci\u00f3n de visados de inversi\u00f3n de Universal trabajar\u00e1 estrechamente con usted para preparar su solicitud. Una vez que su expediente est\u00e9 completo, nuestro equipo presentar\u00e1 su solicitud a la Unidad de Ciudadan\u00eda por Inversi\u00f3n de Granada (Grenada CIU). En esta fase se le exigir\u00e1n las tasas gubernamentales. A partir de este momento, las solicitudes tardan una media de 60-90 d\u00edas en tramitarse.<\/p>\n\n\n\n<p>Tras las exhaustivas comprobaciones de diligencia debida y el an\u00e1lisis de su solicitud por parte de la Unidad de Ciudadan\u00eda de Granada, se emitir\u00e1 una carta de aprobaci\u00f3n del gobierno y se le pedir\u00e1 que realice el pago final. El pasaporte se expedir\u00e1 en el plazo aproximado de un mes y se le enviar\u00e1 por correo certificado.<\/p>\n\n\n\n<ul class=\"wp-block-list\">\n<li>Primer paso<\/li>\n\n\n\n<li>Paso 2<\/li>\n\n\n\n<li>Paso 3<\/li>\n\n\n\n<li>Paso 4<\/li>\n<\/ul>\n\n\n\n<h3 class=\"wp-block-heading\">Ventajas del Programa de Ciudadan\u00eda por Inversi\u00f3n de Granada<\/h3>\n\n\n\n<p>Una vez que los inversores hayan obtenido la nacionalidad granadina, se les expedir\u00e1 un pasaporte granadino. Los titulares de pasaportes granadinos se benefician de un acceso sin visado a 153 pa\u00edses y territorios de todo el mundo, de acuerdo con el visado \u00fanico de inversi\u00f3n de Universal.&nbsp;<a href=\"https:\/\/investmentvisacn.com\/es\/austria-ciudadania-y-residencia-por-inversion\/\" data-type=\"page\" data-id=\"420\">Informe de inversi\u00f3n del pasaporte<\/a>. Esto representa m\u00e1s de la mitad del PIB mundial e incluye el acceso a la zona Schengen de la UE, Reino Unido, Hong Kong y Singapur, entre otros.<\/p>\n\n\n\n<ul class=\"wp-block-list\">\n<li>Viajes sin visado a 153 pa\u00edses y territorios de todo el mundo<\/li>\n\n\n\n<li>Seguridad de un pasaporte Plan B<\/li>\n\n\n\n<li>No es necesario trasladarse a Granada<\/li>\n\n\n\n<li>Sin prueba de idiomas<\/li>\n\n\n\n<li>Diversifique sus activos fuera de su regi\u00f3n actual<\/li>\n\n\n\n<li>Vivir, trabajar y estudiar en Granada y otros pa\u00edses de la CARICOM<\/li>\n\n\n\n<li>Incentivos fiscales a la residencia<\/li>\n<\/ul>\n\n\n\n<h4 class=\"wp-block-heading\">Ventajas de a\u00f1adir un pasaporte de Granada<\/h4>\n\n\n\n<p>La clave para invertir en una segunda nacionalidad y un segundo pasaporte es comprender exactamente c\u00f3mo se combina su pasaporte actual para proporcionar acceso sin visado a todo el mundo. No s\u00f3lo midiendo el n\u00famero de destinos exentos de visado, sino dando peso a la importancia y popularidad de esos destinos. S\u00f3lo Universal Investment Visa proporciona un an\u00e1lisis tan completo para el pasaporte de Granada y para los pasaportes de otros programas de inversi\u00f3n en ciudadan\u00eda, utilizando sofisticadas medidas desarrolladas para viajes de negocios y de ocio.&nbsp;<a href=\"https:\/\/investmentvisacn.com\/es\/contacto\/\" data-type=\"link\" data-id=\"https:\/\/investmentvisacn.com\/contact-us\">P\u00f3ngase en contacto con nosotros<\/a>&nbsp;y hable con uno de nuestros asesores para obtener un informe gratuito adaptado a su nacionalidad y pasaporte actuales.<\/p>","protected":false},"excerpt":{"rendered":"<p>Overview of Grenada Citizenship by Investment Programme Grenada\u2019s Citizenship by Investment programme was introduced in 2013 and offers a low-cost entry for a second citizenship and passport. Applicants from all countries are welcome but are subject to strict due diligence checks. The programme attracts many high-net-worth investors from all over the world looking to increase [&hellip;]<\/p>\n","protected":false},"author":1,"featured_media":0,"parent":0,"menu_order":0,"comment_status":"closed","ping_status":"closed","template":"","meta":{"footnotes":""},"class_list":["post-274","page","type-page","status-publish","hentry"],"yoast_head":"<!-- This site is optimized with the Yoast SEO plugin v27.3 - https:\/\/yoast.com\/product\/yoast-seo-wordpress\/ -->\n<title>Grenada Citizenship - Investment Visa CN<\/title>\n<meta name=\"robots\" content=\"index, follow, max-snippet:-1, max-image-preview:large, max-video-preview:-1\" \/>\n<link rel=\"canonical\" href=\"https:\/\/investmentvisacn.com\/es\/ciudadania-granadina\/\" \/>\n<meta property=\"og:locale\" content=\"es_ES\" \/>\n<meta property=\"og:type\" content=\"article\" \/>\n<meta property=\"og:title\" content=\"Grenada Citizenship - Investment Visa CN\" \/>\n<meta property=\"og:description\" content=\"Overview of Grenada Citizenship by Investment Programme Grenada\u2019s Citizenship by Investment programme was introduced in 2013 and offers a low-cost entry for a second citizenship and passport. Applicants from all countries are welcome but are subject to strict due diligence checks. The programme attracts many high-net-worth investors from all over the world looking to increase [&hellip;]\" \/>\n<meta property=\"og:url\" content=\"https:\/\/investmentvisacn.com\/es\/ciudadania-granadina\/\" \/>\n<meta property=\"og:site_name\" content=\"Investment Visa CN\" \/>\n<meta property=\"article:modified_time\" content=\"2024-09-11T16:07:02+00:00\" \/>\n<meta name=\"twitter:card\" content=\"summary_large_image\" \/>\n<meta name=\"twitter:label1\" content=\"Tiempo de lectura\" \/>\n\t<meta name=\"twitter:data1\" content=\"6 minutos\" \/>\n<script type=\"application\/ld+json\" class=\"yoast-schema-graph\">{\"@context\":\"https:\\\/\\\/schema.org\",\"@graph\":[{\"@type\":\"WebPage\",\"@id\":\"https:\\\/\\\/investmentvisacn.com\\\/grenada-citizenship\\\/\",\"url\":\"https:\\\/\\\/investmentvisacn.com\\\/grenada-citizenship\\\/\",\"name\":\"Grenada Citizenship - Investment Visa CN\",\"isPartOf\":{\"@id\":\"https:\\\/\\\/investmentvisacn.com\\\/#website\"},\"datePublished\":\"2024-08-13T21:41:17+00:00\",\"dateModified\":\"2024-09-11T16:07:02+00:00\",\"breadcrumb\":{\"@id\":\"https:\\\/\\\/investmentvisacn.com\\\/grenada-citizenship\\\/#breadcrumb\"},\"inLanguage\":\"es\",\"potentialAction\":[{\"@type\":\"ReadAction\",\"target\":[\"https:\\\/\\\/investmentvisacn.com\\\/grenada-citizenship\\\/\"]}]},{\"@type\":\"BreadcrumbList\",\"@id\":\"https:\\\/\\\/investmentvisacn.com\\\/grenada-citizenship\\\/#breadcrumb\",\"itemListElement\":[{\"@type\":\"ListItem\",\"position\":1,\"name\":\"Home\",\"item\":\"https:\\\/\\\/investmentvisacn.com\\\/\"},{\"@type\":\"ListItem\",\"position\":2,\"name\":\"Grenada Citizenship\"}]},{\"@type\":\"WebSite\",\"@id\":\"https:\\\/\\\/investmentvisacn.com\\\/#website\",\"url\":\"https:\\\/\\\/investmentvisacn.com\\\/\",\"name\":\"Investment Visa CN\",\"description\":\"Global Investment &amp; Visa Solutions You Can Trust\",\"publisher\":{\"@id\":\"https:\\\/\\\/investmentvisacn.com\\\/#organization\"},\"potentialAction\":[{\"@type\":\"SearchAction\",\"target\":{\"@type\":\"EntryPoint\",\"urlTemplate\":\"https:\\\/\\\/investmentvisacn.com\\\/?s={search_term_string}\"},\"query-input\":{\"@type\":\"PropertyValueSpecification\",\"valueRequired\":true,\"valueName\":\"search_term_string\"}}],\"inLanguage\":\"es\"},{\"@type\":\"Organization\",\"@id\":\"https:\\\/\\\/investmentvisacn.com\\\/#organization\",\"name\":\"Investment Visa CN\",\"url\":\"https:\\\/\\\/investmentvisacn.com\\\/\",\"logo\":{\"@type\":\"ImageObject\",\"inLanguage\":\"es\",\"@id\":\"https:\\\/\\\/investmentvisacn.com\\\/#\\\/schema\\\/logo\\\/image\\\/\",\"url\":\"https:\\\/\\\/investmentvisacn.com\\\/wp-content\\\/uploads\\\/2024\\\/08\\\/universalinvestmentvisa.png\",\"contentUrl\":\"https:\\\/\\\/investmentvisacn.com\\\/wp-content\\\/uploads\\\/2024\\\/08\\\/universalinvestmentvisa.png\",\"width\":180,\"height\":60,\"caption\":\"Investment Visa CN\"},\"image\":{\"@id\":\"https:\\\/\\\/investmentvisacn.com\\\/#\\\/schema\\\/logo\\\/image\\\/\"}}]}<\/script>\n<!-- \/ Yoast SEO plugin. -->","yoast_head_json":{"title":"Ciudadan\u00eda de Granada - Visado de inversi\u00f3n CN","robots":{"index":"index","follow":"follow","max-snippet":"max-snippet:-1","max-image-preview":"max-image-preview:large","max-video-preview":"max-video-preview:-1"},"canonical":"https:\/\/investmentvisacn.com\/es\/ciudadania-granadina\/","og_locale":"es_ES","og_type":"article","og_title":"Grenada Citizenship - Investment Visa CN","og_description":"Overview of Grenada Citizenship by Investment Programme Grenada\u2019s Citizenship by Investment programme was introduced in 2013 and offers a low-cost entry for a second citizenship and passport. Applicants from all countries are welcome but are subject to strict due diligence checks. The programme attracts many high-net-worth investors from all over the world looking to increase [&hellip;]","og_url":"https:\/\/investmentvisacn.com\/es\/ciudadania-granadina\/","og_site_name":"Investment Visa CN","article_modified_time":"2024-09-11T16:07:02+00:00","twitter_card":"summary_large_image","twitter_misc":{"Tiempo de lectura":"6 minutos"},"schema":{"@context":"https:\/\/schema.org","@graph":[{"@type":"WebPage","@id":"https:\/\/investmentvisacn.com\/grenada-citizenship\/","url":"https:\/\/investmentvisacn.com\/grenada-citizenship\/","name":"Ciudadan\u00eda de Granada - Visado de inversi\u00f3n CN","isPartOf":{"@id":"https:\/\/investmentvisacn.com\/#website"},"datePublished":"2024-08-13T21:41:17+00:00","dateModified":"2024-09-11T16:07:02+00:00","breadcrumb":{"@id":"https:\/\/investmentvisacn.com\/grenada-citizenship\/#breadcrumb"},"inLanguage":"es","potentialAction":[{"@type":"ReadAction","target":["https:\/\/investmentvisacn.com\/grenada-citizenship\/"]}]},{"@type":"BreadcrumbList","@id":"https:\/\/investmentvisacn.com\/grenada-citizenship\/#breadcrumb","itemListElement":[{"@type":"ListItem","position":1,"name":"Home","item":"https:\/\/investmentvisacn.com\/"},{"@type":"ListItem","position":2,"name":"Grenada Citizenship"}]},{"@type":"WebSite","@id":"https:\/\/investmentvisacn.com\/#website","url":"https:\/\/investmentvisacn.com\/","name":"Visado de inversi\u00f3n CN","description":"Soluciones globales de inversi\u00f3n y visados en las que puede confiar","publisher":{"@id":"https:\/\/investmentvisacn.com\/#organization"},"potentialAction":[{"@type":"SearchAction","target":{"@type":"EntryPoint","urlTemplate":"https:\/\/investmentvisacn.com\/?s={search_term_string}"},"query-input":{"@type":"PropertyValueSpecification","valueRequired":true,"valueName":"search_term_string"}}],"inLanguage":"es"},{"@type":"Organization","@id":"https:\/\/investmentvisacn.com\/#organization","name":"Visado de inversi\u00f3n CN","url":"https:\/\/investmentvisacn.com\/","logo":{"@type":"ImageObject","inLanguage":"es","@id":"https:\/\/investmentvisacn.com\/#\/schema\/logo\/image\/","url":"https:\/\/investmentvisacn.com\/wp-content\/uploads\/2024\/08\/universalinvestmentvisa.png","contentUrl":"https:\/\/investmentvisacn.com\/wp-content\/uploads\/2024\/08\/universalinvestmentvisa.png","width":180,"height":60,"caption":"Investment Visa CN"},"image":{"@id":"https:\/\/investmentvisacn.com\/#\/schema\/logo\/image\/"}}]}},"_links":{"self":[{"href":"https:\/\/investmentvisacn.com\/es\/wp-json\/wp\/v2\/pages\/274","targetHints":{"allow":["GET"]}}],"collection":[{"href":"https:\/\/investmentvisacn.com\/es\/wp-json\/wp\/v2\/pages"}],"about":[{"href":"https:\/\/investmentvisacn.com\/es\/wp-json\/wp\/v2\/types\/page"}],"author":[{"embeddable":true,"href":"https:\/\/investmentvisacn.com\/es\/wp-json\/wp\/v2\/users\/1"}],"replies":[{"embeddable":true,"href":"https:\/\/investmentvisacn.com\/es\/wp-json\/wp\/v2\/comments?post=274"}],"version-history":[{"count":5,"href":"https:\/\/investmentvisacn.com\/es\/wp-json\/wp\/v2\/pages\/274\/revisions"}],"predecessor-version":[{"id":617,"href":"https:\/\/investmentvisacn.com\/es\/wp-json\/wp\/v2\/pages\/274\/revisions\/617"}],"wp:attachment":[{"href":"https:\/\/investmentvisacn.com\/es\/wp-json\/wp\/v2\/media?parent=274"}],"curies":[{"name":"wp","href":"https:\/\/api.w.org\/{rel}","templated":true}]}}