{"id":272,"date":"2024-08-13T21:37:49","date_gmt":"2024-08-13T21:37:49","guid":{"rendered":"https:\/\/universalinvestmentvisa.com\/?page_id=272"},"modified":"2024-08-24T16:36:41","modified_gmt":"2024-08-24T16:36:41","slug":"visado-de-oro-para-irlanda","status":"publish","type":"page","link":"https:\/\/investmentvisacn.com\/es\/ireland-golden-visa\/","title":{"rendered":"Irlanda Golden Visa"},"content":{"rendered":"<h2 class=\"wp-block-heading\">Irlanda Golden Visa Closure<\/h2>\n\n\n\n<p>***&nbsp;<em>El Gobierno ha anunciado el cierre del programa Golden Visa de Irlanda el 14 de febrero de 2023. Ahora hay una ventana de oportunidad para varios proyectos existentes en los pr\u00f3ximos meses para los inversores y solicitantes. Sin embargo, los interesados tendr\u00e1n que ponerse en contacto con nosotros muy pronto, ya que la preparaci\u00f3n de una solicitud puede tardar entre 6 y 8 semanas<\/em>.***<\/p>\n\n\n\n<h2 class=\"wp-block-heading\">Visado de oro para Irlanda<\/h2>\n\n\n\n<p>Irlanda introdujo su programa original de visados para inversores en 2012, conocido oficialmente como Programa para Inversores Inmigrantes (IIP). El programa se mejor\u00f3 en 2013 y ahora ofrece a los solicitantes de fuera de la Uni\u00f3n Europea la oportunidad de obtener la residencia irlandesa invirtiendo un m\u00ednimo de 1 mill\u00f3n de euros en un fondo de inversi\u00f3n autorizado.<\/p>\n\n\n\n<p>El programa irland\u00e9s de visados dorados se puso en marcha para estimular la inversi\u00f3n en Irlanda y ofrecer la residencia a profesionales din\u00e1micos con un historial de \u00e9xito probado. Se trata de un programa ideal para familias de alto poder adquisitivo que deseen residir en Europa y resultar\u00e1 especialmente atractivo para hombres de negocios, empresarios y personas que busquen una educaci\u00f3n de alto nivel para sus hijos en universidades de categor\u00eda mundial.<\/p>\n\n\n\n<div class=\"wp-block-buttons is-content-justification-center is-layout-flex wp-container-core-buttons-is-layout-a89b3969 wp-block-buttons-is-layout-flex\">\n<div class=\"wp-block-button\"><a class=\"wp-block-button__link has-text-align-left wp-element-button\" href=\"https:\/\/investmentvisacn.com\/es\/contacto\/\">CONTACTO-ASESOR<\/a><\/div>\n<\/div>\n\n\n\n<h2 class=\"wp-block-heading\">Ventajas del visado de oro para Irlanda<\/h2>\n\n\n\n<p>El Programa para Inversores Inmigrantes Irlandeses (IIIP) tiene muchas ventajas y resulta especialmente atractivo para quienes est\u00e9n pensando en trasladarse a Irlanda debido a su pujante econom\u00eda y a sus oportunidades profesionales y educativas. Irlanda es uno de los diez pa\u00edses m\u00e1s ricos del mundo en t\u00e9rminos de PIB per c\u00e1pita.<\/p>\n\n\n\n<p>Los inversores pueden obtener una reducci\u00f3n de 50.000 euros en el importe necesario para la inversi\u00f3n si tienen hijos que deseen cursar estudios universitarios en Irlanda. Las ventajas de una educaci\u00f3n completa en Irlanda son atractivas. De habla inglesa y con algunas de las mejores universidades de Europa, Irlanda ofrece oportunidades \u00fanicas para estudiantes y licenciados. Dos de las cuatro mejores universidades de Europa en formaci\u00f3n de empresarios tienen su sede en Dubl\u00edn: el Trinity College y el University College Dublin. Adem\u00e1s, gracias a su acceso al mercado de la UE, los licenciados son bien recibidos por muchas de las principales empresas del mundo con sede en Irlanda. Entre ellas figuran empresas de la talla de Google, Facebook, Intel, Twitter, Citi, Huawei, Pfizer, Takeda, Novartis, Trend Micro y Fujitsu.<\/p>\n\n\n\n<h3 class=\"wp-block-heading\">Beneficios clave:<\/h3>\n\n\n\n<ul class=\"wp-block-list\">\n<li>Residencia irlandesa con acceso a la nacionalidad<\/li>\n\n\n\n<li>Incentivo educativo para los inversores del Golden Visa<\/li>\n\n\n\n<li>Parte del acuerdo sobre el Espacio de Viaje Com\u00fan con el Reino Unido<\/li>\n\n\n\n<li>Vivir, trabajar, estudiar en Irlanda, si lo desea, pero sin estancia m\u00ednima<\/li>\n\n\n\n<li>Parte de la UE<\/li>\n\n\n\n<li>Pa\u00eds angl\u00f3fono<\/li>\n<\/ul>\n\n\n\n<h2 class=\"wp-block-heading\">Ciudadan\u00eda por inversi\u00f3n en Irlanda<\/h2>\n\n\n\n<p>Irlanda no cuenta con un programa directo de Ciudadan\u00eda por Inversi\u00f3n, pero tras cinco a\u00f1os de residencia a tiempo completo en Irlanda, los inversores tendr\u00e1n la oportunidad de solicitar la ciudadan\u00eda irlandesa y un pasaporte comunitario irland\u00e9s, de acuerdo con la legislaci\u00f3n irlandesa en materia de ciudadan\u00eda. Una vez concedida la ciudadan\u00eda irlandesa, el titular podr\u00e1 residir, trabajar o estudiar en cualquiera de los dem\u00e1s pa\u00edses miembros de la UE sin necesidad de visado adicional. Irlanda tambi\u00e9n tiene un acuerdo de Zona de Viaje Com\u00fan con el Reino Unido, que da a los ciudadanos irlandeses derecho a circular libremente por todo el Reino Unido.<\/p>\n\n\n\n<p>El pasaporte irland\u00e9s es uno de los m\u00e1s fuertes del mundo y sus titulares pueden acceder sin visado a 199 pa\u00edses y territorios de todo el mundo.<\/p>\n\n\n\n<p>Si su objetivo final es obtener la nacionalidad de un pa\u00eds de la UE, pero no puede residir en Irlanda durante cinco a\u00f1os, se aconseja a los inversores que consideren la opci\u00f3n\u00a0<a href=\"https:\/\/investmentvisacn.com\/es\/visado-de-oro-portugal\/\">Visado de oro para Portugal<\/a>\u00a0como alternativa.<\/p>\n\n\n\n<h3 class=\"wp-block-heading\">Beneficios<\/h3>\n\n\n\n<ul class=\"wp-block-list\">\n<li>A partir de 1.000.000 de euros + gastos<\/li>\n\n\n\n<li>Inversi\u00f3n de fondos<\/li>\n\n\n\n<li>Familia completa<\/li>\n\n\n\n<li>Flexible. Estancia m\u00ednima de 1 d\u00eda.<\/li>\n\n\n\n<li>Excelente opci\u00f3n educativa<\/li>\n<\/ul>\n\n\n\n<h3 class=\"wp-block-heading\">Requisitos de diligencia debida<\/h3>\n\n\n\n<p>Todos los solicitantes deber\u00e1n gozar de buena reputaci\u00f3n y someterse a las formalidades de diligencia debida del gobierno irland\u00e9s. Los inversores deben aportar:<\/p>\n\n\n\n<ul class=\"wp-block-list\">\n<li>Inversi\u00f3n m\u00ednima de 1.000.000 de euros<\/li>\n\n\n\n<li>Informes policiales: prueba de antecedentes penales limpios<\/li>\n\n\n\n<li>Demostrar un patrimonio neto de 2.000.000 de euros<\/li>\n\n\n\n<li>Residencia familiar completa, Hijos a cargo ,Familiares a cargo<\/li>\n\n\n\n<li>Estancia m\u00ednima de 1 d\u00eda , Sin entrevista , Sin prueba de idioma<\/li>\n\n\n\n<li>Demostrar un patrimonio neto de 2.000.000 de euros<\/li>\n\n\n\n<li>Residencia en un pa\u00eds de la UE, viajes por la zona Schengen de la UE, Ciudadan\u00eda Residencia de m\u00e1s de 5 a\u00f1os<\/li>\n<\/ul>\n\n\n\n<h2 class=\"wp-block-heading\">Requisitos de inversi\u00f3n para el Golden Visa de Irlanda<\/h2>\n\n\n\n<p>Los solicitantes deben realizar una inversi\u00f3n m\u00ednima de 1.000.000 de euros en un fondo aprobado que se mantendr\u00e1 durante un m\u00ednimo de 3-5 a\u00f1os. El proceso para obtener el visado de residencia irland\u00e9s es relativamente sencillo y r\u00e1pido. Los solicitantes deben ser no residentes en el EEE y tener:<\/p>\n\n\n\n<ul class=\"wp-block-list\">\n<li>Antecedentes penales limpios<\/li>\n\n\n\n<li>Fondos y asistencia sanitaria suficientes para cubrir su estancia<\/li>\n\n\n\n<li>No se le ha denegado el visado anteriormente<\/li>\n\n\n\n<li>Demostrar un patrimonio neto de 2.000.000 de euros<\/li>\n<\/ul>\n\n\n\n<h2 class=\"wp-block-heading\">C\u00f3mo solicitar el Golden Visa en Irlanda<\/h2>\n\n\n\n<p>Reserve su consulta gratuita con el equipo de expertos de Universal investment visa para debatir y decidir qu\u00e9 programa y v\u00eda de inversi\u00f3n son los m\u00e1s adecuados para usted y su familia. Nuestros experimentados consultores analizar\u00e1n todos sus objetivos y requisitos, y le asesorar\u00e1n y guiar\u00e1n a lo largo de todo el proceso.<\/p>\n\n\n\n<p>Para su tranquilidad, antes de comprometerse, Universal Investment Visa llevar\u00e1 a cabo una verificaci\u00f3n de antecedentes previa a la solicitud para asegurarse de que su solicitud para Irlanda tiene probabilidades de \u00e9xito. Una vez que esto se haya completado y usted est\u00e9 dispuesto a seguir adelante, puede iniciar formalmente el proceso mediante la firma de nuestro acuerdo de Facilitador de Clientes y el pago del dep\u00f3sito de pre-solicitud.<\/p>\n\n\n\n<p>El equipo profesional de Universal investment visa trabajar\u00e1 con usted para preparar la solicitud. Cuando su solicitud est\u00e9 completamente preparada y lista para ser presentada, deber\u00e1 abonar el primer pago (tasas legales y de tramitaci\u00f3n y solicitud). Tras la aprobaci\u00f3n del Comit\u00e9 de Evaluaci\u00f3n de Irlanda y del Ministro de Justicia e Igualdad, se requerir\u00e1 entonces la inversi\u00f3n del fondo.<\/p>\n\n\n\n<p>Una vez confirmada oficialmente la inversi\u00f3n, se conceder\u00e1 a los solicitantes seleccionados un visado inicial de residencia de dos a\u00f1os en Irlanda junto con los miembros de la familia que re\u00fanan los requisitos y que se hayan incluido en la solicitud. Los solicitantes tendr\u00e1n que visitar Irlanda antes de su renovaci\u00f3n de dos a\u00f1os para registrar su permiso en la solicitud.<\/p>\n\n\n\n<ul class=\"wp-block-list\">\n<li>Primer paso<\/li>\n\n\n\n<li>Paso 2<\/li>\n\n\n\n<li>Paso 3<\/li>\n\n\n\n<li>Paso 4<\/li>\n<\/ul>\n\n\n\n<h2 class=\"wp-block-heading\">Ireland Residency By Investment - FONDO APROBADO<\/h2>\n\n\n\n<p>Se trata de un fondo de inversi\u00f3n de bajo riesgo autorizado y regulado por el Banco Central de Irlanda. Ofrece a los inversores extranjeros la oportunidad de invertir en Irlanda a cambio de un estatuto de residencia a largo plazo.<\/p>\n\n\n\n<p>Los dos objetivos clave del fondo son:<\/p>\n\n\n\n<p>1. Garantizar la m\u00e1xima protecci\u00f3n de los fondos de los inversores mediante una pol\u00edtica de inversi\u00f3n en pr\u00e9stamos conservadora y de bajo riesgo.<\/p>\n\n\n\n<p>2. Emitir financiaci\u00f3n innovadora para una cartera de hoteles irlandeses que aumentar\u00e1n los niveles de empleo durante la vigencia del fondo.<\/p>\n\n\n\n<p>Se trata de un fondo de deuda mutualizado respaldado por activos que ofrece una opci\u00f3n muy segura para los inversores que deseen acceder al Programa de visados para inversores irlandeses.<\/p>","protected":false},"excerpt":{"rendered":"<p>Ireland Golden Visa Closure ***&nbsp;The government announced the closure of Ireland\u2019s Golden Visa programme on 14 February 2023. There is now a window of opportunity for several existing projects over the next few months for investors and applicants. However interested parties will need to contact us very soon as the preparation of an application can [&hellip;]<\/p>\n","protected":false},"author":1,"featured_media":0,"parent":0,"menu_order":0,"comment_status":"closed","ping_status":"closed","template":"","meta":{"footnotes":""},"class_list":["post-272","page","type-page","status-publish","hentry"],"yoast_head":"<!-- This site is optimized with the Yoast SEO plugin v27.3 - https:\/\/yoast.com\/product\/yoast-seo-wordpress\/ -->\n<title>Ireland Golden Visa - Investment Visa CN<\/title>\n<meta name=\"robots\" content=\"index, follow, max-snippet:-1, max-image-preview:large, max-video-preview:-1\" \/>\n<link rel=\"canonical\" href=\"https:\/\/investmentvisacn.com\/es\/visado-de-oro-para-irlanda\/\" \/>\n<meta property=\"og:locale\" content=\"es_ES\" \/>\n<meta property=\"og:type\" content=\"article\" \/>\n<meta property=\"og:title\" content=\"Ireland Golden Visa - Investment Visa CN\" \/>\n<meta property=\"og:description\" content=\"Ireland Golden Visa Closure ***&nbsp;The government announced the closure of Ireland\u2019s Golden Visa programme on 14 February 2023. There is now a window of opportunity for several existing projects over the next few months for investors and applicants. However interested parties will need to contact us very soon as the preparation of an application can [&hellip;]\" \/>\n<meta property=\"og:url\" content=\"https:\/\/investmentvisacn.com\/es\/visado-de-oro-para-irlanda\/\" \/>\n<meta property=\"og:site_name\" content=\"Investment Visa CN\" \/>\n<meta property=\"article:modified_time\" content=\"2024-08-24T16:36:41+00:00\" \/>\n<meta name=\"twitter:card\" content=\"summary_large_image\" \/>\n<meta name=\"twitter:label1\" content=\"Tiempo de lectura\" \/>\n\t<meta name=\"twitter:data1\" content=\"5 minutos\" \/>\n<script type=\"application\/ld+json\" class=\"yoast-schema-graph\">{\"@context\":\"https:\\\/\\\/schema.org\",\"@graph\":[{\"@type\":\"WebPage\",\"@id\":\"https:\\\/\\\/investmentvisacn.com\\\/ireland-golden-visa\\\/\",\"url\":\"https:\\\/\\\/investmentvisacn.com\\\/ireland-golden-visa\\\/\",\"name\":\"Ireland Golden Visa - Investment Visa CN\",\"isPartOf\":{\"@id\":\"https:\\\/\\\/investmentvisacn.com\\\/#website\"},\"datePublished\":\"2024-08-13T21:37:49+00:00\",\"dateModified\":\"2024-08-24T16:36:41+00:00\",\"breadcrumb\":{\"@id\":\"https:\\\/\\\/investmentvisacn.com\\\/ireland-golden-visa\\\/#breadcrumb\"},\"inLanguage\":\"es\",\"potentialAction\":[{\"@type\":\"ReadAction\",\"target\":[\"https:\\\/\\\/investmentvisacn.com\\\/ireland-golden-visa\\\/\"]}]},{\"@type\":\"BreadcrumbList\",\"@id\":\"https:\\\/\\\/investmentvisacn.com\\\/ireland-golden-visa\\\/#breadcrumb\",\"itemListElement\":[{\"@type\":\"ListItem\",\"position\":1,\"name\":\"Home\",\"item\":\"https:\\\/\\\/investmentvisacn.com\\\/\"},{\"@type\":\"ListItem\",\"position\":2,\"name\":\"Ireland Golden Visa\"}]},{\"@type\":\"WebSite\",\"@id\":\"https:\\\/\\\/investmentvisacn.com\\\/#website\",\"url\":\"https:\\\/\\\/investmentvisacn.com\\\/\",\"name\":\"Investment Visa CN\",\"description\":\"Global Investment &amp; Visa Solutions You Can Trust\",\"publisher\":{\"@id\":\"https:\\\/\\\/investmentvisacn.com\\\/#organization\"},\"potentialAction\":[{\"@type\":\"SearchAction\",\"target\":{\"@type\":\"EntryPoint\",\"urlTemplate\":\"https:\\\/\\\/investmentvisacn.com\\\/?s={search_term_string}\"},\"query-input\":{\"@type\":\"PropertyValueSpecification\",\"valueRequired\":true,\"valueName\":\"search_term_string\"}}],\"inLanguage\":\"es\"},{\"@type\":\"Organization\",\"@id\":\"https:\\\/\\\/investmentvisacn.com\\\/#organization\",\"name\":\"Investment Visa CN\",\"url\":\"https:\\\/\\\/investmentvisacn.com\\\/\",\"logo\":{\"@type\":\"ImageObject\",\"inLanguage\":\"es\",\"@id\":\"https:\\\/\\\/investmentvisacn.com\\\/#\\\/schema\\\/logo\\\/image\\\/\",\"url\":\"https:\\\/\\\/investmentvisacn.com\\\/wp-content\\\/uploads\\\/2024\\\/08\\\/universalinvestmentvisa.png\",\"contentUrl\":\"https:\\\/\\\/investmentvisacn.com\\\/wp-content\\\/uploads\\\/2024\\\/08\\\/universalinvestmentvisa.png\",\"width\":180,\"height\":60,\"caption\":\"Investment Visa CN\"},\"image\":{\"@id\":\"https:\\\/\\\/investmentvisacn.com\\\/#\\\/schema\\\/logo\\\/image\\\/\"}}]}<\/script>\n<!-- \/ Yoast SEO plugin. -->","yoast_head_json":{"title":"Irlanda Golden Visa - Visado de inversi\u00f3n CN","robots":{"index":"index","follow":"follow","max-snippet":"max-snippet:-1","max-image-preview":"max-image-preview:large","max-video-preview":"max-video-preview:-1"},"canonical":"https:\/\/investmentvisacn.com\/es\/visado-de-oro-para-irlanda\/","og_locale":"es_ES","og_type":"article","og_title":"Ireland Golden Visa - Investment Visa CN","og_description":"Ireland Golden Visa Closure ***&nbsp;The government announced the closure of Ireland\u2019s Golden Visa programme on 14 February 2023. There is now a window of opportunity for several existing projects over the next few months for investors and applicants. However interested parties will need to contact us very soon as the preparation of an application can [&hellip;]","og_url":"https:\/\/investmentvisacn.com\/es\/visado-de-oro-para-irlanda\/","og_site_name":"Investment Visa CN","article_modified_time":"2024-08-24T16:36:41+00:00","twitter_card":"summary_large_image","twitter_misc":{"Tiempo de lectura":"5 minutos"},"schema":{"@context":"https:\/\/schema.org","@graph":[{"@type":"WebPage","@id":"https:\/\/investmentvisacn.com\/ireland-golden-visa\/","url":"https:\/\/investmentvisacn.com\/ireland-golden-visa\/","name":"Irlanda Golden Visa - Visado de inversi\u00f3n CN","isPartOf":{"@id":"https:\/\/investmentvisacn.com\/#website"},"datePublished":"2024-08-13T21:37:49+00:00","dateModified":"2024-08-24T16:36:41+00:00","breadcrumb":{"@id":"https:\/\/investmentvisacn.com\/ireland-golden-visa\/#breadcrumb"},"inLanguage":"es","potentialAction":[{"@type":"ReadAction","target":["https:\/\/investmentvisacn.com\/ireland-golden-visa\/"]}]},{"@type":"BreadcrumbList","@id":"https:\/\/investmentvisacn.com\/ireland-golden-visa\/#breadcrumb","itemListElement":[{"@type":"ListItem","position":1,"name":"Home","item":"https:\/\/investmentvisacn.com\/"},{"@type":"ListItem","position":2,"name":"Ireland Golden Visa"}]},{"@type":"WebSite","@id":"https:\/\/investmentvisacn.com\/#website","url":"https:\/\/investmentvisacn.com\/","name":"Visado de inversi\u00f3n CN","description":"Soluciones globales de inversi\u00f3n y visados en las que puede confiar","publisher":{"@id":"https:\/\/investmentvisacn.com\/#organization"},"potentialAction":[{"@type":"SearchAction","target":{"@type":"EntryPoint","urlTemplate":"https:\/\/investmentvisacn.com\/?s={search_term_string}"},"query-input":{"@type":"PropertyValueSpecification","valueRequired":true,"valueName":"search_term_string"}}],"inLanguage":"es"},{"@type":"Organization","@id":"https:\/\/investmentvisacn.com\/#organization","name":"Visado de inversi\u00f3n CN","url":"https:\/\/investmentvisacn.com\/","logo":{"@type":"ImageObject","inLanguage":"es","@id":"https:\/\/investmentvisacn.com\/#\/schema\/logo\/image\/","url":"https:\/\/investmentvisacn.com\/wp-content\/uploads\/2024\/08\/universalinvestmentvisa.png","contentUrl":"https:\/\/investmentvisacn.com\/wp-content\/uploads\/2024\/08\/universalinvestmentvisa.png","width":180,"height":60,"caption":"Investment Visa CN"},"image":{"@id":"https:\/\/investmentvisacn.com\/#\/schema\/logo\/image\/"}}]}},"_links":{"self":[{"href":"https:\/\/investmentvisacn.com\/es\/wp-json\/wp\/v2\/pages\/272","targetHints":{"allow":["GET"]}}],"collection":[{"href":"https:\/\/investmentvisacn.com\/es\/wp-json\/wp\/v2\/pages"}],"about":[{"href":"https:\/\/investmentvisacn.com\/es\/wp-json\/wp\/v2\/types\/page"}],"author":[{"embeddable":true,"href":"https:\/\/investmentvisacn.com\/es\/wp-json\/wp\/v2\/users\/1"}],"replies":[{"embeddable":true,"href":"https:\/\/investmentvisacn.com\/es\/wp-json\/wp\/v2\/comments?post=272"}],"version-history":[{"count":3,"href":"https:\/\/investmentvisacn.com\/es\/wp-json\/wp\/v2\/pages\/272\/revisions"}],"predecessor-version":[{"id":552,"href":"https:\/\/investmentvisacn.com\/es\/wp-json\/wp\/v2\/pages\/272\/revisions\/552"}],"wp:attachment":[{"href":"https:\/\/investmentvisacn.com\/es\/wp-json\/wp\/v2\/media?parent=272"}],"curies":[{"name":"wp","href":"https:\/\/api.w.org\/{rel}","templated":true}]}}