{"id":270,"date":"2024-08-13T21:36:54","date_gmt":"2024-08-13T21:36:54","guid":{"rendered":"https:\/\/universalinvestmentvisa.com\/?page_id=270"},"modified":"2024-08-24T07:58:42","modified_gmt":"2024-08-24T07:58:42","slug":"visado-de-oro-para-espana","status":"publish","type":"page","link":"https:\/\/investmentvisacn.com\/es\/spain-golden-visa\/","title":{"rendered":"Espa\u00f1a Golden Visa"},"content":{"rendered":"<h2 class=\"wp-block-heading\">Visado de oro para Espa\u00f1a<\/h2>\n\n\n\n<p>Espa\u00f1a puso en marcha su programa de visados de oro en 2013. Con una inversi\u00f3n de 500.000 euros en bienes inmuebles se obtiene la residencia familiar. El visado de inversor espa\u00f1ol puede renovarse cada dos a\u00f1os. A los cinco a\u00f1os se puede obtener la residencia permanente y a los diez la nacionalidad. No es necesario vivir en Espa\u00f1a para conservar y renovar el permiso de residencia.<\/p>\n\n\n\n<p class=\"has-text-align-center\"><a href=\"https:\/\/investmentvisacn.com\/es\/contacto\/\" data-type=\"link\" data-id=\"https:\/\/investmentvisacn.com\/contact-us\/\">Contacto-asesor<\/a><\/p>\n\n\n\n<h2 class=\"wp-block-heading\">Ventajas del Golden Visa espa\u00f1ol<\/h2>\n\n\n\n<p>Las principales ventajas del Golden Visa de Espa\u00f1a son, sin duda, la rapidez con que se expide el permiso de residencia y el coste comparativamente bajo de su renovaci\u00f3n. Naturalmente, Espa\u00f1a se compara con su vecino\u00a0<a href=\"https:\/\/investmentvisacn.com\/es\/visado-de-oro-portugal\/\" data-type=\"page\" data-id=\"276\">Portugal<\/a>\u00a0y el indudable \u00e9xito del programa de visados de oro en ese pa\u00eds. Y aunque el importe de la inversi\u00f3n inmobiliaria, de 500.000 euros, es ahora casi el doble que el del programa portugu\u00e9s, hay muchas m\u00e1s opciones en cuanto a los inmuebles que pueden adquirirse en Espa\u00f1a, sin m\u00e1s restricciones que el l\u00edmite m\u00ednimo de inversi\u00f3n.<\/p>\n\n\n\n<h3 class=\"wp-block-heading\">Beneficios clave:<\/h3>\n\n\n\n<p>A partir de 500.000 euros + gastos<\/p>\n\n\n\n<p>Inmobiliario<\/p>\n\n\n\n<p>Familia completa<\/p>\n\n\n\n<p>Flexible. Sin estancia m\u00ednima.<\/p>\n\n\n\n<p>Viajar por el espacio Schengen de la UE<\/p>\n\n\n\n<h2 class=\"wp-block-heading\">Residencia permanente y ciudadan\u00eda en Espa\u00f1a<\/h2>\n\n\n\n<p>Es posible solicitar la residencia permanente en Espa\u00f1a tras vivir en el pa\u00eds cinco a\u00f1os. La ciudadan\u00eda puede solicitarse despu\u00e9s de vivir a tiempo completo durante diez a\u00f1os. Aunque el permiso de residencia temporal (el visado de oro) puede renovarse f\u00e1cilmente sin vivir en el pa\u00eds, la v\u00eda para obtener tanto la residencia permanente como la nacionalidad exige que el inversor y su familia residan en Espa\u00f1a. Por esta raz\u00f3n, el programa espa\u00f1ol Golden Visa es popular entre los solicitantes que desean residir a tiempo completo en Espa\u00f1a o simplemente mantener una segunda residencia en Europa pero sin una v\u00eda hacia la ciudadan\u00eda. Se aconseja a los inversores que busquen una posible ciudadan\u00eda europea que consideren el\u00a0<a href=\"https:\/\/investmentvisacn.com\/es\/visado-de-oro-portugal\/\" data-type=\"page\" data-id=\"276\">Visado de oro para Portugal<\/a>\u00a0programa.<\/p>\n\n\n\n<p>Inversi\u00f3n m\u00ednima de 500.000 euros<br>Antecedentes penales limpios<br>Abierto a solicitantes de fuera de la UE<\/p>\n\n\n\n<p>Residencia familiar completa<br>Hijos a cargo<br>Familiares dependientes<\/p>\n\n\n\n<p>No se exige estancia m\u00ednima<br>Sin entrevista<br>Sin prueba de idiomas<\/p>\n\n\n\n<p>Residencia en un pa\u00eds de la UE<br>Viajar por el espacio Schengen de la UE<br>Ciudadan\u00eda 10 a\u00f1os o m\u00e1s de residencia<\/p>\n\n\n\n<h2 class=\"wp-block-heading\">C\u00f3mo obtener un Golden Visa espa\u00f1ol<\/h2>\n\n\n\n<p>Tras una inversi\u00f3n de 500.000 euros en inmuebles espa\u00f1oles, el proceso para obtener un visado dorado espa\u00f1ol es relativamente sencillo y r\u00e1pido. Los solicitantes, que tendr\u00e1n que ser no residentes en la UE, est\u00e1n obligados a tener:<\/p>\n\n\n\n<ul class=\"wp-block-list\">\n<li>Antecedentes penales limpios<\/li>\n\n\n\n<li>Fondos y asistencia sanitaria suficientes para cubrir su estancia<\/li>\n\n\n\n<li>Ninguna denegaci\u00f3n previa de visado Schengen<\/li>\n<\/ul>\n\n\n\n<h2 class=\"wp-block-heading\">C\u00f3mo solicitar el Golden Visa en Espa\u00f1a<\/h2>\n\n\n\n<ul class=\"wp-block-list\">\n<li>Rapidez en la expedici\u00f3n del permiso de residencia<\/li>\n\n\n\n<li>Tasas reducidas<\/li>\n\n\n\n<li>Bajas tasas de renovaci\u00f3n<\/li>\n\n\n\n<li>Total libertad de elecci\u00f3n de opciones inmobiliarias<\/li>\n\n\n\n<li>Viaje sin visado por toda la zona Schengen de la UEEn primer lugar, p\u00f3ngase en contacto con Universal investment visa's para obtener asesoramiento sobre Espa\u00f1a y otros programas de visado de oro para establecer la opci\u00f3n m\u00e1s adecuada para usted y su familia.Visite Espa\u00f1a para ver las opciones inmobiliarias y seleccione su inversi\u00f3n nombrando a un abogado para que se encargue de la transmisi\u00f3n en su nombre. Una vez finalizada la inversi\u00f3n inmobiliaria, podr\u00e1 solicitar el visado de oro. Una vez completada la inversi\u00f3n inmobiliaria, puede solicitar el visado de oro, que puede hacerse en Espa\u00f1a o en su consulado, y normalmente no tarda m\u00e1s de un mes en expedirse el visado temporal inicial de un a\u00f1o. Este permiso puede renovarse cada cinco a\u00f1os siempre que mantenga su inversi\u00f3n.\n<ul class=\"wp-block-list\">\n<li>Primer paso<\/li>\n\n\n\n<li>Paso 2<\/li>\n\n\n\n<li>Paso 3<\/li>\n\n\n\n<li>Paso 4<\/li>\n<\/ul>\n<\/li>\n<\/ul>\n\n\n\n<h2 class=\"wp-block-heading\">Visado de oro espa\u00f1ol a trav\u00e9s de la inversi\u00f3n inmobiliaria<\/h2>\n\n\n\n<p>Tras alcanzar su nivel m\u00e1s bajo en 2015, los precios de la vivienda en Espa\u00f1a han aumentado de forma constante, pasando de unos 1.450 euros por metro cuadrado en 2015 a unos 1.700 euros por metro cuadrado en 2022, con un crecimiento a nivel nacional de aproximadamente 2% cada a\u00f1o. Sin embargo, los precios siguen estando por debajo del m\u00e1ximo de 2101 \u20ac\/m2 alcanzado en 2008 y, a los precios actuales, los inmuebles en Espa\u00f1a pueden ofrecer valor de cara al futuro. Se requiere una inversi\u00f3n de 500.000 euros para solicitar un visado de oro. Los inversores que necesiten nuestros servicios pueden consultar nuestro procedimiento para el programa de visado de oro en Espa\u00f1a.<\/p>","protected":false},"excerpt":{"rendered":"<p>Spain Golden Visa Overview Spain launched its golden visa programme in 2013. An investment of \u20ac500,000 in real estate will gain family residency. The Spanish investor visa can be renewed every two years. After five years it is possible to gain permanent residency and after ten years citizenship. It is not necessary to live in [&hellip;]<\/p>\n","protected":false},"author":1,"featured_media":0,"parent":0,"menu_order":0,"comment_status":"closed","ping_status":"closed","template":"","meta":{"footnotes":""},"class_list":["post-270","page","type-page","status-publish","hentry"],"yoast_head":"<!-- This site is optimized with the Yoast SEO plugin v27.3 - https:\/\/yoast.com\/product\/yoast-seo-wordpress\/ -->\n<title>Spain Golden Visa - Investment Visa CN<\/title>\n<meta name=\"robots\" content=\"index, follow, max-snippet:-1, max-image-preview:large, max-video-preview:-1\" \/>\n<link rel=\"canonical\" href=\"https:\/\/investmentvisacn.com\/es\/visado-de-oro-para-espana\/\" \/>\n<meta property=\"og:locale\" content=\"es_ES\" \/>\n<meta property=\"og:type\" content=\"article\" \/>\n<meta property=\"og:title\" content=\"Spain Golden Visa - Investment Visa CN\" \/>\n<meta property=\"og:description\" content=\"Spain Golden Visa Overview Spain launched its golden visa programme in 2013. An investment of \u20ac500,000 in real estate will gain family residency. The Spanish investor visa can be renewed every two years. After five years it is possible to gain permanent residency and after ten years citizenship. It is not necessary to live in [&hellip;]\" \/>\n<meta property=\"og:url\" content=\"https:\/\/investmentvisacn.com\/es\/visado-de-oro-para-espana\/\" \/>\n<meta property=\"og:site_name\" content=\"Investment Visa CN\" \/>\n<meta property=\"article:modified_time\" content=\"2024-08-24T07:58:42+00:00\" \/>\n<meta name=\"twitter:card\" content=\"summary_large_image\" \/>\n<meta name=\"twitter:label1\" content=\"Tiempo de lectura\" \/>\n\t<meta name=\"twitter:data1\" content=\"3 minutos\" \/>\n<script type=\"application\/ld+json\" class=\"yoast-schema-graph\">{\"@context\":\"https:\\\/\\\/schema.org\",\"@graph\":[{\"@type\":\"WebPage\",\"@id\":\"https:\\\/\\\/investmentvisacn.com\\\/spain-golden-visa\\\/\",\"url\":\"https:\\\/\\\/investmentvisacn.com\\\/spain-golden-visa\\\/\",\"name\":\"Spain Golden Visa - Investment Visa CN\",\"isPartOf\":{\"@id\":\"https:\\\/\\\/investmentvisacn.com\\\/#website\"},\"datePublished\":\"2024-08-13T21:36:54+00:00\",\"dateModified\":\"2024-08-24T07:58:42+00:00\",\"breadcrumb\":{\"@id\":\"https:\\\/\\\/investmentvisacn.com\\\/spain-golden-visa\\\/#breadcrumb\"},\"inLanguage\":\"es\",\"potentialAction\":[{\"@type\":\"ReadAction\",\"target\":[\"https:\\\/\\\/investmentvisacn.com\\\/spain-golden-visa\\\/\"]}]},{\"@type\":\"BreadcrumbList\",\"@id\":\"https:\\\/\\\/investmentvisacn.com\\\/spain-golden-visa\\\/#breadcrumb\",\"itemListElement\":[{\"@type\":\"ListItem\",\"position\":1,\"name\":\"Home\",\"item\":\"https:\\\/\\\/investmentvisacn.com\\\/\"},{\"@type\":\"ListItem\",\"position\":2,\"name\":\"Spain Golden Visa\"}]},{\"@type\":\"WebSite\",\"@id\":\"https:\\\/\\\/investmentvisacn.com\\\/#website\",\"url\":\"https:\\\/\\\/investmentvisacn.com\\\/\",\"name\":\"Investment Visa CN\",\"description\":\"Global Investment &amp; Visa Solutions You Can Trust\",\"publisher\":{\"@id\":\"https:\\\/\\\/investmentvisacn.com\\\/#organization\"},\"potentialAction\":[{\"@type\":\"SearchAction\",\"target\":{\"@type\":\"EntryPoint\",\"urlTemplate\":\"https:\\\/\\\/investmentvisacn.com\\\/?s={search_term_string}\"},\"query-input\":{\"@type\":\"PropertyValueSpecification\",\"valueRequired\":true,\"valueName\":\"search_term_string\"}}],\"inLanguage\":\"es\"},{\"@type\":\"Organization\",\"@id\":\"https:\\\/\\\/investmentvisacn.com\\\/#organization\",\"name\":\"Investment Visa CN\",\"url\":\"https:\\\/\\\/investmentvisacn.com\\\/\",\"logo\":{\"@type\":\"ImageObject\",\"inLanguage\":\"es\",\"@id\":\"https:\\\/\\\/investmentvisacn.com\\\/#\\\/schema\\\/logo\\\/image\\\/\",\"url\":\"https:\\\/\\\/investmentvisacn.com\\\/wp-content\\\/uploads\\\/2024\\\/08\\\/universalinvestmentvisa.png\",\"contentUrl\":\"https:\\\/\\\/investmentvisacn.com\\\/wp-content\\\/uploads\\\/2024\\\/08\\\/universalinvestmentvisa.png\",\"width\":180,\"height\":60,\"caption\":\"Investment Visa CN\"},\"image\":{\"@id\":\"https:\\\/\\\/investmentvisacn.com\\\/#\\\/schema\\\/logo\\\/image\\\/\"}}]}<\/script>\n<!-- \/ Yoast SEO plugin. -->","yoast_head_json":{"title":"Spain Golden Visa - Visado de inversi\u00f3n CN","robots":{"index":"index","follow":"follow","max-snippet":"max-snippet:-1","max-image-preview":"max-image-preview:large","max-video-preview":"max-video-preview:-1"},"canonical":"https:\/\/investmentvisacn.com\/es\/visado-de-oro-para-espana\/","og_locale":"es_ES","og_type":"article","og_title":"Spain Golden Visa - Investment Visa CN","og_description":"Spain Golden Visa Overview Spain launched its golden visa programme in 2013. An investment of \u20ac500,000 in real estate will gain family residency. The Spanish investor visa can be renewed every two years. After five years it is possible to gain permanent residency and after ten years citizenship. It is not necessary to live in [&hellip;]","og_url":"https:\/\/investmentvisacn.com\/es\/visado-de-oro-para-espana\/","og_site_name":"Investment Visa CN","article_modified_time":"2024-08-24T07:58:42+00:00","twitter_card":"summary_large_image","twitter_misc":{"Tiempo de lectura":"3 minutos"},"schema":{"@context":"https:\/\/schema.org","@graph":[{"@type":"WebPage","@id":"https:\/\/investmentvisacn.com\/spain-golden-visa\/","url":"https:\/\/investmentvisacn.com\/spain-golden-visa\/","name":"Spain Golden Visa - Visado de inversi\u00f3n CN","isPartOf":{"@id":"https:\/\/investmentvisacn.com\/#website"},"datePublished":"2024-08-13T21:36:54+00:00","dateModified":"2024-08-24T07:58:42+00:00","breadcrumb":{"@id":"https:\/\/investmentvisacn.com\/spain-golden-visa\/#breadcrumb"},"inLanguage":"es","potentialAction":[{"@type":"ReadAction","target":["https:\/\/investmentvisacn.com\/spain-golden-visa\/"]}]},{"@type":"BreadcrumbList","@id":"https:\/\/investmentvisacn.com\/spain-golden-visa\/#breadcrumb","itemListElement":[{"@type":"ListItem","position":1,"name":"Home","item":"https:\/\/investmentvisacn.com\/"},{"@type":"ListItem","position":2,"name":"Spain Golden Visa"}]},{"@type":"WebSite","@id":"https:\/\/investmentvisacn.com\/#website","url":"https:\/\/investmentvisacn.com\/","name":"Visado de inversi\u00f3n CN","description":"Soluciones globales de inversi\u00f3n y visados en las que puede confiar","publisher":{"@id":"https:\/\/investmentvisacn.com\/#organization"},"potentialAction":[{"@type":"SearchAction","target":{"@type":"EntryPoint","urlTemplate":"https:\/\/investmentvisacn.com\/?s={search_term_string}"},"query-input":{"@type":"PropertyValueSpecification","valueRequired":true,"valueName":"search_term_string"}}],"inLanguage":"es"},{"@type":"Organization","@id":"https:\/\/investmentvisacn.com\/#organization","name":"Visado de inversi\u00f3n CN","url":"https:\/\/investmentvisacn.com\/","logo":{"@type":"ImageObject","inLanguage":"es","@id":"https:\/\/investmentvisacn.com\/#\/schema\/logo\/image\/","url":"https:\/\/investmentvisacn.com\/wp-content\/uploads\/2024\/08\/universalinvestmentvisa.png","contentUrl":"https:\/\/investmentvisacn.com\/wp-content\/uploads\/2024\/08\/universalinvestmentvisa.png","width":180,"height":60,"caption":"Investment Visa CN"},"image":{"@id":"https:\/\/investmentvisacn.com\/#\/schema\/logo\/image\/"}}]}},"_links":{"self":[{"href":"https:\/\/investmentvisacn.com\/es\/wp-json\/wp\/v2\/pages\/270","targetHints":{"allow":["GET"]}}],"collection":[{"href":"https:\/\/investmentvisacn.com\/es\/wp-json\/wp\/v2\/pages"}],"about":[{"href":"https:\/\/investmentvisacn.com\/es\/wp-json\/wp\/v2\/types\/page"}],"author":[{"embeddable":true,"href":"https:\/\/investmentvisacn.com\/es\/wp-json\/wp\/v2\/users\/1"}],"replies":[{"embeddable":true,"href":"https:\/\/investmentvisacn.com\/es\/wp-json\/wp\/v2\/comments?post=270"}],"version-history":[{"count":3,"href":"https:\/\/investmentvisacn.com\/es\/wp-json\/wp\/v2\/pages\/270\/revisions"}],"predecessor-version":[{"id":473,"href":"https:\/\/investmentvisacn.com\/es\/wp-json\/wp\/v2\/pages\/270\/revisions\/473"}],"wp:attachment":[{"href":"https:\/\/investmentvisacn.com\/es\/wp-json\/wp\/v2\/media?parent=270"}],"curies":[{"name":"wp","href":"https:\/\/api.w.org\/{rel}","templated":true}]}}