{"id":268,"date":"2024-08-13T21:33:46","date_gmt":"2024-08-13T21:33:46","guid":{"rendered":"https:\/\/universalinvestmentvisa.com\/?page_id=268"},"modified":"2024-09-11T14:50:45","modified_gmt":"2024-09-11T14:50:45","slug":"ciudadania-de-st-kitts","status":"publish","type":"page","link":"https:\/\/investmentvisacn.com\/es\/st-kitts-citizenship\/","title":{"rendered":"Ciudadan\u00eda de San Crist\u00f3bal"},"content":{"rendered":"<h2 class=\"wp-block-heading\">C\u00f3mo obtener la ciudadan\u00eda de San KITT a trav\u00e9s de la inversi\u00f3n<\/h2>\n\n\n\n<p>El programa de Ciudadan\u00eda por Inversi\u00f3n de San Crist\u00f3bal y Nieves ofrece dos v\u00edas principales de inversi\u00f3n. Los solicitantes pueden obtener la nacionalidad y el pasaporte mediante una donaci\u00f3n o invirtiendo en proyectos inmobiliarios aprobados por el Gobierno. El gobierno exige una donaci\u00f3n m\u00ednima de $250.000 a la Contribuci\u00f3n Sostenible del Estado Insular (SISC) o una inversi\u00f3n inmobiliaria m\u00ednima de $400.000 USD. Adem\u00e1s, se aplican las tasas de solicitud del gobierno, los costes de la agencia y las tasas de diligencia debida.<\/p>\n\n\n\n<p><strong>*<\/strong>&nbsp;Kitts aument\u00f3 significativamente sus niveles de inversi\u00f3n el 27 de julio de 2023. Los anteriores SGF o LTO ya no son opciones de inversi\u00f3n para la ciudadan\u00eda de San Crist\u00f3bal.<\/p>\n\n\n\n<p class=\"has-text-align-center\"><a href=\"https:\/\/investmentvisacn.com\/es\/contacto\/\">Contacto-Asesor<\/a><\/p>\n\n\n\n<h3 class=\"wp-block-heading\">Visi\u00f3n general del Programa de Ciudadan\u00eda por Inversi\u00f3n de San Crist\u00f3bal<\/h3>\n\n\n\n<p>Creado en 1984, el programa de Ciudadan\u00eda por Inversi\u00f3n de San Crist\u00f3bal y Nieves es el m\u00e1s antiguo del mundo. El programa atrae a personas de alto poder adquisitivo y a sus familias de todo el mundo que buscan aumentar su movilidad global y diversificar sus intereses. Los candidatos seleccionados obtendr\u00e1n la ciudadan\u00eda de San Crist\u00f3bal y un certificado de naturalizaci\u00f3n. El programa de Ciudadan\u00eda por Inversi\u00f3n de San Crist\u00f3bal ha ayudado a la naci\u00f3n a generar importantes inversiones extranjeras que, a su vez, contribuyen a impulsar la econom\u00eda local y a financiar proyectos clave centrados en la comunidad en todo San Crist\u00f3bal y Nieves.<\/p>\n\n\n\n<p>De $250.000 Donaci\u00f3n<\/p>\n\n\n\n<p>A partir de $400.000+ Bienes inmuebles<\/p>\n\n\n\n<p>Familia completa<\/p>\n\n\n\n<p>Ciudadan\u00eda de Saint Kitts<\/p>\n\n\n\n<p>Facilidad para viajar por todo el mundo<\/p>\n\n\n\n<h2 class=\"wp-block-heading\">Requisitos para obtener la nacionalidad de Saint Kitts por inversi\u00f3n<\/h2>\n\n\n\n<p>Adem\u00e1s de realizar la inversi\u00f3n o donaci\u00f3n necesaria, hay varios requisitos que los solicitantes deben cumplir para Saint Kitts<\/p>\n\n\n\n<h3 class=\"wp-block-heading\">Requisitos familiares<\/h3>\n\n\n\n<p>Los miembros de la familia pueden incluirse en la solicitud de ciudadan\u00eda de St Kitts. El inversor principal puede incluir:<\/p>\n\n\n\n<ul class=\"wp-block-list\">\n<li>C\u00f3nyuge<\/li>\n\n\n\n<li>Hijos a cargo<\/li>\n\n\n\n<li>Padres dependientes mayores de 65 a\u00f1os<\/li>\n<\/ul>\n\n\n\n<h3 class=\"wp-block-heading\">Requisitos de diligencia debida<\/h3>\n\n\n\n<p>Todos los solicitantes deber\u00e1n gozar de buena reputaci\u00f3n y someterse a las formalidades de diligencia debida del gobierno de San Crist\u00f3bal: Los inversores deben:<\/p>\n\n\n\n<ul class=\"wp-block-list\">\n<li>Aportar informes policiales: prueba de antecedentes penales limpios<\/li>\n\n\n\n<li>No tener ninguna denegaci\u00f3n de visado pendiente<\/li>\n\n\n\n<li>Presentar diversa documentaci\u00f3n, incluidos documentos financieros, documentos de empleo\/empresariales, DNI, justificante de domicilio<\/li>\n\n\n\n<li>Asistir a una entrevista virtual<\/li>\n<\/ul>\n\n\n\n<h3 class=\"wp-block-heading\">Requisitos de estancia m\u00ednima<\/h3>\n\n\n\n<p>San Crist\u00f3bal <a href=\"https:\/\/investmentvisacn.com\/es\/austria-ciudadania-y-residencia-por-inversion\/\" data-type=\"page\" data-id=\"420\">Ciudadan\u00eda<\/a> by Investment no exige que los solicitantes cumplan ning\u00fan requisito de estancia m\u00ednima. Los ciudadanos de San Crist\u00f3bal y Nieves tendr\u00e1n derecho a vivir, trabajar o estudiar en San Crist\u00f3bal y Nieves si as\u00ed lo desean, pero esto no es un requisito previo del programa. Tampoco se exige ninguna prueba de idioma.<\/p>\n\n\n\n<p>Buen car\u00e1cter<br>Antecedentes penales limpios<br>Ning\u00fan visado denegado<\/p>\n\n\n\n<p>Incluir a toda la familia<br>Padres dependientes 65y +<br>Hijos a cargo<\/p>\n\n\n\n<p>Sin estancia m\u00ednima<br>Sin prueba de idiomas<br>Sin gastos adicionales<\/p>\n\n\n\n<p>Identificaci\u00f3n del solicitante<br>Prueba de fondos<br>Certificados de nacimiento \/ matrimonio<br>Registros financieros<\/p>\n\n\n\n<h2 class=\"wp-block-heading\">C\u00f3mo obtener la nacionalidad de San Crist\u00f3bal por inversi\u00f3n<\/h2>\n\n\n\n<p>Reserve su consulta gratuita con el equipo de expertos de Universal investment visa para debatir y decidir qu\u00e9 programa y v\u00eda de inversi\u00f3n son los m\u00e1s adecuados para usted y su familia. Nuestros experimentados asesores le proporcionar\u00e1n un presupuesto personalizado que incluir\u00e1 todas las tasas aplicables. Le asesorar\u00e1n y guiar\u00e1n a lo largo de todo el proceso con todo detalle.<\/p>\n\n\n\n<p>Para su tranquilidad, antes de comprometerse, Universal Investment Visa llevar\u00e1 a cabo una verificaci\u00f3n de antecedentes previa a la solicitud para asegurarse de que su aplicaci\u00f3n es probable que tenga \u00e9xito. Una vez que esto se haya completado y usted est\u00e1 feliz de proceder, puede iniciar formalmente el proceso mediante la firma de nuestro acuerdo de Facilitador de Clientes y el pago del dep\u00f3sito de pre-solicitud.<\/p>\n\n\n\n<p>El equipo interno de tramitaci\u00f3n de visados de inversi\u00f3n de Universal trabajar\u00e1 estrechamente con usted para preparar su solicitud. Una vez que su expediente haya sido completamente compilado, nuestro equipo presentar\u00e1 su solicitud a la Unidad de Ciudadan\u00eda por Inversi\u00f3n de San Crist\u00f3bal y Nieves (St Kitts CIU). Kitts y Nevis (St Kitts CIU). A partir de este momento, las solicitudes tardan una media de 60-90 d\u00edas en tramitarse.<\/p>\n\n\n\n<p>Tras las exhaustivas comprobaciones de diligencia debida de la Unidad de Ciudadan\u00eda de St Kitts y el an\u00e1lisis de su solicitud, se emitir\u00e1 una carta de aprobaci\u00f3n del gobierno y se le pedir\u00e1 que realice el pago final. Los pasaportes de St Kitts suelen tardar alrededor de un mes desde la concesi\u00f3n de la nacionalidad.<\/p>\n\n\n\n<ul class=\"wp-block-list\">\n<li>Primer paso<\/li>\n\n\n\n<li>Paso 2<\/li>\n\n\n\n<li>Paso 3<\/li>\n\n\n\n<li>Paso 4<\/li>\n<\/ul>\n\n\n\n<h2 class=\"wp-block-heading\">Ventajas del Programa de Ciudadan\u00eda por Inversi\u00f3n de San Crist\u00f3bal<\/h2>\n\n\n\n<p>Una vez que los inversores hayan obtenido su Certificado de Registro de San Crist\u00f3bal y Nieves, podr\u00e1n disfrutar de todas las ventajas de la ciudadan\u00eda de San Crist\u00f3bal y Nieves, entre las que se incluyen:<\/p>\n\n\n\n<ul class=\"wp-block-list\">\n<li>Seguridad de una ciudadan\u00eda y un pasaporte del Plan B<\/li>\n\n\n\n<li>Diversifique sus activos fuera de su regi\u00f3n actual<\/li>\n\n\n\n<li>Vivir, trabajar y estudiar en San Crist\u00f3bal y otros pa\u00edses de la CARICOM<\/li>\n\n\n\n<li>Incentivos fiscales a la residencia<\/li>\n<\/ul>\n\n\n\n<ul class=\"wp-block-list\">\n<li><\/li>\n<\/ul>","protected":false},"excerpt":{"rendered":"<p>How to Obtain Saint KITTS Citizenship through Investment The St Kitts and Nevis Citizenship by Investment programme offers two main investment paths. Applicants can obtain citizenship and a passport through a donation route or by investing in government approved real estate projects. The government requires a minimum donation of $250,000 to the Sustainable Island State [&hellip;]<\/p>\n","protected":false},"author":1,"featured_media":0,"parent":0,"menu_order":0,"comment_status":"closed","ping_status":"closed","template":"","meta":{"footnotes":""},"class_list":["post-268","page","type-page","status-publish","hentry"],"yoast_head":"<!-- This site is optimized with the Yoast SEO plugin v27.3 - https:\/\/yoast.com\/product\/yoast-seo-wordpress\/ -->\n<title>St Kitts Citizenship - Investment Visa CN<\/title>\n<meta name=\"robots\" content=\"index, follow, max-snippet:-1, max-image-preview:large, max-video-preview:-1\" \/>\n<link rel=\"canonical\" href=\"https:\/\/investmentvisacn.com\/es\/ciudadania-de-st-kitts\/\" \/>\n<meta property=\"og:locale\" content=\"es_ES\" \/>\n<meta property=\"og:type\" content=\"article\" \/>\n<meta property=\"og:title\" content=\"St Kitts Citizenship - Investment Visa CN\" \/>\n<meta property=\"og:description\" content=\"How to Obtain Saint KITTS Citizenship through Investment The St Kitts and Nevis Citizenship by Investment programme offers two main investment paths. Applicants can obtain citizenship and a passport through a donation route or by investing in government approved real estate projects. The government requires a minimum donation of $250,000 to the Sustainable Island State [&hellip;]\" \/>\n<meta property=\"og:url\" content=\"https:\/\/investmentvisacn.com\/es\/ciudadania-de-st-kitts\/\" \/>\n<meta property=\"og:site_name\" content=\"Investment Visa CN\" \/>\n<meta property=\"article:modified_time\" content=\"2024-09-11T14:50:45+00:00\" \/>\n<meta name=\"twitter:card\" content=\"summary_large_image\" \/>\n<meta name=\"twitter:label1\" content=\"Tiempo de lectura\" \/>\n\t<meta name=\"twitter:data1\" content=\"4 minutos\" \/>\n<script type=\"application\/ld+json\" class=\"yoast-schema-graph\">{\"@context\":\"https:\\\/\\\/schema.org\",\"@graph\":[{\"@type\":\"WebPage\",\"@id\":\"https:\\\/\\\/investmentvisacn.com\\\/st-kitts-citizenship\\\/\",\"url\":\"https:\\\/\\\/investmentvisacn.com\\\/st-kitts-citizenship\\\/\",\"name\":\"St Kitts Citizenship - Investment Visa CN\",\"isPartOf\":{\"@id\":\"https:\\\/\\\/investmentvisacn.com\\\/#website\"},\"datePublished\":\"2024-08-13T21:33:46+00:00\",\"dateModified\":\"2024-09-11T14:50:45+00:00\",\"breadcrumb\":{\"@id\":\"https:\\\/\\\/investmentvisacn.com\\\/st-kitts-citizenship\\\/#breadcrumb\"},\"inLanguage\":\"es\",\"potentialAction\":[{\"@type\":\"ReadAction\",\"target\":[\"https:\\\/\\\/investmentvisacn.com\\\/st-kitts-citizenship\\\/\"]}]},{\"@type\":\"BreadcrumbList\",\"@id\":\"https:\\\/\\\/investmentvisacn.com\\\/st-kitts-citizenship\\\/#breadcrumb\",\"itemListElement\":[{\"@type\":\"ListItem\",\"position\":1,\"name\":\"Home\",\"item\":\"https:\\\/\\\/investmentvisacn.com\\\/\"},{\"@type\":\"ListItem\",\"position\":2,\"name\":\"St Kitts Citizenship\"}]},{\"@type\":\"WebSite\",\"@id\":\"https:\\\/\\\/investmentvisacn.com\\\/#website\",\"url\":\"https:\\\/\\\/investmentvisacn.com\\\/\",\"name\":\"Investment Visa CN\",\"description\":\"Global Investment &amp; Visa Solutions You Can Trust\",\"publisher\":{\"@id\":\"https:\\\/\\\/investmentvisacn.com\\\/#organization\"},\"potentialAction\":[{\"@type\":\"SearchAction\",\"target\":{\"@type\":\"EntryPoint\",\"urlTemplate\":\"https:\\\/\\\/investmentvisacn.com\\\/?s={search_term_string}\"},\"query-input\":{\"@type\":\"PropertyValueSpecification\",\"valueRequired\":true,\"valueName\":\"search_term_string\"}}],\"inLanguage\":\"es\"},{\"@type\":\"Organization\",\"@id\":\"https:\\\/\\\/investmentvisacn.com\\\/#organization\",\"name\":\"Investment Visa CN\",\"url\":\"https:\\\/\\\/investmentvisacn.com\\\/\",\"logo\":{\"@type\":\"ImageObject\",\"inLanguage\":\"es\",\"@id\":\"https:\\\/\\\/investmentvisacn.com\\\/#\\\/schema\\\/logo\\\/image\\\/\",\"url\":\"https:\\\/\\\/investmentvisacn.com\\\/wp-content\\\/uploads\\\/2024\\\/08\\\/universalinvestmentvisa.png\",\"contentUrl\":\"https:\\\/\\\/investmentvisacn.com\\\/wp-content\\\/uploads\\\/2024\\\/08\\\/universalinvestmentvisa.png\",\"width\":180,\"height\":60,\"caption\":\"Investment Visa CN\"},\"image\":{\"@id\":\"https:\\\/\\\/investmentvisacn.com\\\/#\\\/schema\\\/logo\\\/image\\\/\"}}]}<\/script>\n<!-- \/ Yoast SEO plugin. -->","yoast_head_json":{"title":"Ciudadan\u00eda de San Crist\u00f3bal - Visado de inversi\u00f3n CN","robots":{"index":"index","follow":"follow","max-snippet":"max-snippet:-1","max-image-preview":"max-image-preview:large","max-video-preview":"max-video-preview:-1"},"canonical":"https:\/\/investmentvisacn.com\/es\/ciudadania-de-st-kitts\/","og_locale":"es_ES","og_type":"article","og_title":"St Kitts Citizenship - Investment Visa CN","og_description":"How to Obtain Saint KITTS Citizenship through Investment The St Kitts and Nevis Citizenship by Investment programme offers two main investment paths. Applicants can obtain citizenship and a passport through a donation route or by investing in government approved real estate projects. The government requires a minimum donation of $250,000 to the Sustainable Island State [&hellip;]","og_url":"https:\/\/investmentvisacn.com\/es\/ciudadania-de-st-kitts\/","og_site_name":"Investment Visa CN","article_modified_time":"2024-09-11T14:50:45+00:00","twitter_card":"summary_large_image","twitter_misc":{"Tiempo de lectura":"4 minutos"},"schema":{"@context":"https:\/\/schema.org","@graph":[{"@type":"WebPage","@id":"https:\/\/investmentvisacn.com\/st-kitts-citizenship\/","url":"https:\/\/investmentvisacn.com\/st-kitts-citizenship\/","name":"Ciudadan\u00eda de San Crist\u00f3bal - Visado de inversi\u00f3n CN","isPartOf":{"@id":"https:\/\/investmentvisacn.com\/#website"},"datePublished":"2024-08-13T21:33:46+00:00","dateModified":"2024-09-11T14:50:45+00:00","breadcrumb":{"@id":"https:\/\/investmentvisacn.com\/st-kitts-citizenship\/#breadcrumb"},"inLanguage":"es","potentialAction":[{"@type":"ReadAction","target":["https:\/\/investmentvisacn.com\/st-kitts-citizenship\/"]}]},{"@type":"BreadcrumbList","@id":"https:\/\/investmentvisacn.com\/st-kitts-citizenship\/#breadcrumb","itemListElement":[{"@type":"ListItem","position":1,"name":"Home","item":"https:\/\/investmentvisacn.com\/"},{"@type":"ListItem","position":2,"name":"St Kitts Citizenship"}]},{"@type":"WebSite","@id":"https:\/\/investmentvisacn.com\/#website","url":"https:\/\/investmentvisacn.com\/","name":"Visado de inversi\u00f3n CN","description":"Soluciones globales de inversi\u00f3n y visados en las que puede confiar","publisher":{"@id":"https:\/\/investmentvisacn.com\/#organization"},"potentialAction":[{"@type":"SearchAction","target":{"@type":"EntryPoint","urlTemplate":"https:\/\/investmentvisacn.com\/?s={search_term_string}"},"query-input":{"@type":"PropertyValueSpecification","valueRequired":true,"valueName":"search_term_string"}}],"inLanguage":"es"},{"@type":"Organization","@id":"https:\/\/investmentvisacn.com\/#organization","name":"Visado de inversi\u00f3n CN","url":"https:\/\/investmentvisacn.com\/","logo":{"@type":"ImageObject","inLanguage":"es","@id":"https:\/\/investmentvisacn.com\/#\/schema\/logo\/image\/","url":"https:\/\/investmentvisacn.com\/wp-content\/uploads\/2024\/08\/universalinvestmentvisa.png","contentUrl":"https:\/\/investmentvisacn.com\/wp-content\/uploads\/2024\/08\/universalinvestmentvisa.png","width":180,"height":60,"caption":"Investment Visa CN"},"image":{"@id":"https:\/\/investmentvisacn.com\/#\/schema\/logo\/image\/"}}]}},"_links":{"self":[{"href":"https:\/\/investmentvisacn.com\/es\/wp-json\/wp\/v2\/pages\/268","targetHints":{"allow":["GET"]}}],"collection":[{"href":"https:\/\/investmentvisacn.com\/es\/wp-json\/wp\/v2\/pages"}],"about":[{"href":"https:\/\/investmentvisacn.com\/es\/wp-json\/wp\/v2\/types\/page"}],"author":[{"embeddable":true,"href":"https:\/\/investmentvisacn.com\/es\/wp-json\/wp\/v2\/users\/1"}],"replies":[{"embeddable":true,"href":"https:\/\/investmentvisacn.com\/es\/wp-json\/wp\/v2\/comments?post=268"}],"version-history":[{"count":3,"href":"https:\/\/investmentvisacn.com\/es\/wp-json\/wp\/v2\/pages\/268\/revisions"}],"predecessor-version":[{"id":612,"href":"https:\/\/investmentvisacn.com\/es\/wp-json\/wp\/v2\/pages\/268\/revisions\/612"}],"wp:attachment":[{"href":"https:\/\/investmentvisacn.com\/es\/wp-json\/wp\/v2\/media?parent=268"}],"curies":[{"name":"wp","href":"https:\/\/api.w.org\/{rel}","templated":true}]}}