{"id":266,"date":"2024-08-13T21:32:02","date_gmt":"2024-08-13T21:32:02","guid":{"rendered":"https:\/\/universalinvestmentvisa.com\/?page_id=266"},"modified":"2024-08-13T21:32:03","modified_gmt":"2024-08-13T21:32:03","slug":"visado-de-oro-brasileno","status":"publish","type":"page","link":"https:\/\/investmentvisacn.com\/es\/brazil-golden-visa\/","title":{"rendered":"Brasil Golden Visa"},"content":{"rendered":"<h2 class=\"wp-block-heading\"><strong>Brazil Golden Visa (VIPER) - Residencia permanente en Brasil mediante inversi\u00f3n inmobiliaria<\/strong><\/h2>\n\n\n\n<p>Brasil tiene una de las 12 mayores econom\u00edas, un nivel de felicidad inigualable entre sus residentes y es, sencillamente, el pa\u00eds m\u00e1s bello del mundo. Por estas y muchas otras razones, puede que le interese emigrar a Brasil. Pero para ello necesita tener derecho legal a residir en el pa\u00eds durante un largo per\u00edodo de tiempo. Una forma de conseguir ese derecho es invirtiendo en el sector inmobiliario brasile\u00f1o. El visado de inversor brasile\u00f1o, conocido como \u201cvisado de oro\u201d, le da derecho a la residencia permanente en Brasil. Conozca m\u00e1s sobre los requisitos de inmigraci\u00f3n, que se tratan a continuaci\u00f3n.<\/p>\n\n\n\n<h2 class=\"wp-block-heading\"><strong>El Visado de Oro Inmobiliario de Brasil (VIPER): Una visi\u00f3n general<\/strong><\/h2>\n\n\n\n<p>El objetivo del programa de visados dorados de Brasil es atraer d\u00f3lares extranjeros a la econom\u00eda. Para ello, el pa\u00eds exige que los interesados utilicen recursos externos para invertir en una propiedad que cueste al menos R$1.000.000,00 - lo que equivale a algo menos de 200.000 USD en el momento de redactar este informe.<\/p>\n\n\n\n<p>He aqu\u00ed algunas cosas clave que hay que saber sobre este programa de visados para inversores conocido como VIPER:<\/p>\n\n\n\n<ul class=\"wp-block-list\">\n<li>El inmueble debe estar situado en una zona urbana<\/li>\n\n\n\n<li>Puede optar a la ayuda si adquiere dos o m\u00e1s propiedades que cuesten al menos R $1.000.000,00 en conjunto.<\/li>\n\n\n\n<li>Se permite la copropiedad siempre que cada copropietario invierta la cantidad m\u00ednima<\/li>\n\n\n\n<li>Usted puede gastar hasta 30% menos en la propiedad y a\u00fan as\u00ed calificar si usted compra en ciertas \u00e1reas del pa\u00eds<\/li>\n<\/ul>\n\n\n\n<p>Contacto-Asesor<\/p>\n\n\n\n<h2 class=\"wp-block-heading\">Beneficios de la residencia permanente en Brasil<\/h2>\n\n\n\n<p>La raz\u00f3n por la que la gente quiere convertirse en residentes permanentes en Brasil, o incluso asegurarse la ciudadan\u00eda brasile\u00f1a por inversi\u00f3n, es para librarse de los inconvenientes a los que se enfrentan los turistas en Brasil. Algunas de las ventajas son:<\/p>\n\n\n\n<ul class=\"wp-block-list\">\n<li>Documento de identidad brasile\u00f1o para extranjeros<br>El CRNM es un documento de identidad brasile\u00f1o exclusivo para ciudadanos extranjeros residentes en Brasil. Esta tarjeta permitir\u00e1 a los ciudadanos extranjeros abrir una cuenta bancaria, solicitar una licencia de conducir y muchos otros beneficios.<\/li>\n\n\n\n<li>Qu\u00e9date en Brasil todo el tiempo que quieras.<br>La mayor\u00eda de los ciudadanos extranjeros s\u00f3lo pueden permanecer un m\u00e1ximo de 180 d\u00edas en Brasil.<\/li>\n\n\n\n<li>Entrar y salir del pa\u00eds tantas veces como sea necesario<br>No se preocupe m\u00e1s por enfrentarse a la inmigraci\u00f3n brasile\u00f1a. Como residente permanente, tampoco hay l\u00edmite en el n\u00famero de veces que puede entrar y salir del pa\u00eds.<\/li>\n\n\n\n<li>Acceso a los servicios p\u00fablicos<br>Muchas empresas de servicios p\u00fablicos y proveedores de servicios no proporcionar\u00e1n servicio a menos que tenga una identificaci\u00f3n brasile\u00f1a. El CRNM es pr\u00e1cticamente aceptado por todas las empresas de servicios p\u00fablicos y proveedores de servicios.<\/li>\n\n\n\n<li>Acceso a la ciudadan\u00eda brasile\u00f1a<br>Por \u00faltimo, pero no por ello menos importante, el visado Viper de Brasil le permite solicitar la nacionalidad brasile\u00f1a. Si bien no existe la ciudadan\u00eda brasile\u00f1a por inversi\u00f3n per se, los titulares de la tarjeta de residencia permanente de Brasil pueden solicitar la ciudadan\u00eda brasile\u00f1a despu\u00e9s de cuatro a\u00f1os como residentes permanentes.<\/li>\n<\/ul>\n\n\n\n<p>Brasil es un gran lugar para vivir si le gustan las playas de arena, los paisajes tropicales y una poblaci\u00f3n alegre y acogedora. Si cree que la Golden Visa del pa\u00eds a trav\u00e9s de la inversi\u00f3n inmobiliaria es adecuada para su familia, entonces no hay mejor momento que el presente para iniciar este proceso. Pero puede ser realmente abrumador cuando te sumerges por primera vez en algo as\u00ed, y es probable que tengas un mill\u00f3n de preguntas mientras empiezas.<\/p>\n\n\n\n<h2 class=\"wp-block-heading\">Obtener un Visado Dorado Brasile\u00f1o (VIPER) Visado de inversi\u00f3n universal es nuestro camino recomendado para asegurar la residencia permanente en Brasil, as\u00ed como la ciudadan\u00eda brasile\u00f1a. Estos son los principales pasos a seguir:<\/h2>\n\n\n\n<h3 class=\"wp-block-heading\"><strong>Encontrar la propiedad<\/strong><\/h3>\n\n\n\n<p>Comienza por encontrar una propiedad que le guste en una ubicaci\u00f3n urbana y asegurarse de que cumple el importe m\u00ednimo de inversi\u00f3n, que es de 140.000 USD . Las propiedades situadas en el norte y el noreste del pa\u00eds s\u00f3lo podr\u00e1n optar a 70% de los 140.000 USD.<\/p>\n\n\n\n<h3 class=\"wp-block-heading\"><strong>Diligencia debida<\/strong><\/h3>\n\n\n\n<p>Una vez hecho esto, aseg\u00farese de que su abogado realice las diligencias debidas sobre la propiedad antes de comprometerse con ella. Esto deber\u00eda incluir:<\/p>\n\n\n\n<h3 class=\"wp-block-heading\"><strong>Comprar<\/strong><\/h3>\n\n\n\n<p>Puede ser dif\u00edcil y arriesgado gestionar todo esto desde otro pa\u00eds, sobre todo si no hablas portugu\u00e9s. Debe conseguir ayuda profesional para estructurar el trato y enviar el pago correctamente. Tenga en cuenta que solo el env\u00edo de dinero a Brasil puede llevar varias semanas y mucho papeleo.<\/p>\n\n\n\n<h3 class=\"wp-block-heading\"><strong>Solicitud de residencia<\/strong><\/h3>\n\n\n\n<p>Una vez realizada la compra, tendr\u00e1 que presentar el justificante de compra y los fondos transferidos a la cuenta bancaria del vendedor para que los emita un banco brasile\u00f1o, junto con otros muchos documentos.Su abogado presentar\u00e1 la llamada solicitud VIPER a trav\u00e9s de un sistema llamado MigrantWeb desarrollado por las autoridades brasile\u00f1as.<\/p>\n\n\n\n<h3 class=\"wp-block-heading\"><strong>Sellado del visado de residencia<\/strong><\/h3>\n\n\n\n<p>Una vez completada la validaci\u00f3n, recibir\u00e1 un permiso de residencia temporal de cuatro a\u00f1os.<\/p>\n\n\n\n<h3 class=\"wp-block-heading\"><strong>Obtenci\u00f3n de la residencia permanente<\/strong><\/h3>\n\n\n\n<p>Si sigue siendo el propietario de la vivienda despu\u00e9s de cuatro a\u00f1os, puede solicitar la residencia permanente.<\/p>\n\n\n\n<h3 class=\"wp-block-heading\"><strong>Ciudadan\u00eda<\/strong><\/h3>\n\n\n\n<p>Y una vez que haya vivido en Brasil como residente permanente durante cuatro a\u00f1os, podr\u00e1 solicitar la naturalizaci\u00f3n brasile\u00f1a.<\/p>\n\n\n\n<ul class=\"wp-block-list\">\n<li>Primer paso<\/li>\n\n\n\n<li>Paso 2\n<ul class=\"wp-block-list\">\n<li>T\u00edtulo de propiedad con registro<\/li>\n\n\n\n<li>Certificado negativo de cargas reales<\/li>\n\n\n\n<li>Certificaci\u00f3n negativa IPTU<\/li>\n\n\n\n<li>Liquidaci\u00f3n de vendedores<\/li>\n<\/ul>\n<\/li>\n\n\n\n<li>Paso 3<\/li>\n\n\n\n<li>Paso 4<\/li>\n\n\n\n<li>Paso 5<\/li>\n\n\n\n<li>Paso 6<\/li>\n\n\n\n<li>Paso 7<\/li>\n<\/ul>\n\n\n\n<ul class=\"wp-block-list\">\n<li>una inversi\u00f3n de $100.000 a $200.000(R$ 500.000 BRL a R$ 1.000.000)<br><br><br>La inversi\u00f3n puede adoptar cualquier forma (incluida la compra de un terreno o una propiedad)<br><br><br><br><\/li>\n\n\n\n<li>Residencia para toda la familia (incluya a todas las personas a su cargo)<br><br><br>Flexible. Sin requisitos de residencia (s\u00f3lo es necesario visitar el pa\u00eds una vez cada dos a\u00f1os para obtener la nacionalidad).<br><br><br><br><\/li>\n\n\n\n<li>Ciudadan\u00eda y pasaporte 4 a\u00f1os<br><br><br>(ciudadan\u00eda para futuros dependientes)<br><br><br><br><\/li>\n<\/ul>\n\n\n\n<p>A continuaci\u00f3n enumeramos algunas de las preguntas m\u00e1s frecuentes que recibimos en relaci\u00f3n con el Golden Visa en Brasil. Sin embargo, es imposible abarcarlo todo en profundidad aqu\u00ed. P\u00f3ngase en contacto con nuestros asesores para obtener m\u00e1s informaci\u00f3n.<\/p>\n\n\n\n<h2 class=\"wp-block-heading\">Brasil Golden Visa FAQ's<\/h2>\n\n\n\n<hr class=\"wp-block-separator has-alpha-channel-opacity\"\/>\n\n\n\n<hr class=\"wp-block-separator has-alpha-channel-opacity\"\/>\n\n\n\n<hr class=\"wp-block-separator has-alpha-channel-opacity\"\/>\n\n\n\n<hr class=\"wp-block-separator has-alpha-channel-opacity\"\/>\n\n\n\n<hr class=\"wp-block-separator has-alpha-channel-opacity\"\/>\n\n\n\n<hr class=\"wp-block-separator has-alpha-channel-opacity\"\/>\n\n\n\n<hr class=\"wp-block-separator has-alpha-channel-opacity\"\/>\n\n\n\n<ul class=\"wp-block-list\">\n<li><br>\u00bfQu\u00e9 es un visado de inversor brasile\u00f1o?<br>Un \u201cvisado permanente\u201d, como el visado de inversi\u00f3n, permite a un extranjero vivir y trabajar en Brasil. Se le tratar\u00e1 como a un brasile\u00f1o normal, salvo en lo que respecta a los derechos pol\u00edticos y de voto.<\/li>\n\n\n\n<li>\u00bfLa familia del titular del visado de inversor tiene derecho a venir a Brasil?<br>El extranjero residente tambi\u00e9n puede traer a su familia y entrar y salir cuando quiera.<\/li>\n\n\n\n<li>\u00bfHay un periodo m\u00ednimo de estancia?<br>El periodo m\u00ednimo de estancia en Brasil es de una entrada a Brasil cada dos a\u00f1os, con el fin de mantener su estatuto de residencia ante las autoridades brasile\u00f1as.<\/li>\n\n\n\n<li>\u00bfD\u00f3nde se transfieren los fondos de inversi\u00f3n?<br>La inversi\u00f3n y transferencia de fondos debe hacerse en la cuenta de su empresa brasile\u00f1a o de otra empresa brasile\u00f1a si lo desea<\/li>\n\n\n\n<li>\u00bfQu\u00e9 se puede hacer con ese dinero una vez ingresado en la cuenta de la empresa?<br>A continuaci\u00f3n, la empresa puede invertir el dinero a su conveniencia, por ejemplo en bienes inmuebles, inversiones bancarias, acciones, etc. Puede elegir su propia inversi\u00f3n, pero debe hacerse a nombre de la empresa. La mayor\u00eda de los extranjeros, normalmente los que ya est\u00e1n comprando bienes inmuebles, se aprovechan de ello. Pero puede invertir en acciones e incluso en cuentas de ahorro, donde los tipos de inter\u00e9s y los dividendos son muy superiores a los que se aplican y se ven en otros pa\u00edses<\/li>\n\n\n\n<li>\u00bfDurante cu\u00e1nto tiempo es v\u00e1lido el visado de inversor?<br>Consigues la residencia permanente.<\/li>\n<\/ul>\n\n\n\n<p>\u00bfQui\u00e9n debe presentar la solicitud?<br>La persona que quiera adquirir la nacionalidad brasile\u00f1a debe presentar ella misma la solicitud. Si una persona menor de 18 a\u00f1os quiere naturalizarse entonces los padres o tutores legales deben presentar la solicitud.<\/p>","protected":false},"excerpt":{"rendered":"<p>Brazil Golden Visa (VIPER) \u2013 Permanent Residency in Brazil through Real Estate Investment Brazil has one of the top 12 largest economies, an unmatched level of happiness among its residents, and is simply the most beautiful country in the world. For those reasons and plenty of others, you might be interested in immigrating to Brazil. [&hellip;]<\/p>\n","protected":false},"author":1,"featured_media":0,"parent":0,"menu_order":0,"comment_status":"closed","ping_status":"closed","template":"","meta":{"footnotes":""},"class_list":["post-266","page","type-page","status-publish","hentry"],"yoast_head":"<!-- This site is optimized with the Yoast SEO plugin v27.3 - https:\/\/yoast.com\/product\/yoast-seo-wordpress\/ -->\n<title>Brazil Golden Visa - Investment Visa CN<\/title>\n<meta name=\"robots\" content=\"index, follow, max-snippet:-1, max-image-preview:large, max-video-preview:-1\" \/>\n<link rel=\"canonical\" href=\"https:\/\/investmentvisacn.com\/es\/visado-de-oro-brasileno\/\" \/>\n<meta property=\"og:locale\" content=\"es_ES\" \/>\n<meta property=\"og:type\" content=\"article\" \/>\n<meta property=\"og:title\" content=\"Brazil Golden Visa - Investment Visa CN\" \/>\n<meta property=\"og:description\" content=\"Brazil Golden Visa (VIPER) \u2013 Permanent Residency in Brazil through Real Estate Investment Brazil has one of the top 12 largest economies, an unmatched level of happiness among its residents, and is simply the most beautiful country in the world. For those reasons and plenty of others, you might be interested in immigrating to Brazil. [&hellip;]\" \/>\n<meta property=\"og:url\" content=\"https:\/\/investmentvisacn.com\/es\/visado-de-oro-brasileno\/\" \/>\n<meta property=\"og:site_name\" content=\"Investment Visa CN\" \/>\n<meta property=\"article:modified_time\" content=\"2024-08-13T21:32:03+00:00\" \/>\n<meta name=\"twitter:card\" content=\"summary_large_image\" \/>\n<meta name=\"twitter:label1\" content=\"Tiempo de lectura\" \/>\n\t<meta name=\"twitter:data1\" content=\"6 minutos\" \/>\n<script type=\"application\/ld+json\" class=\"yoast-schema-graph\">{\"@context\":\"https:\\\/\\\/schema.org\",\"@graph\":[{\"@type\":\"WebPage\",\"@id\":\"https:\\\/\\\/investmentvisacn.com\\\/brazil-golden-visa\\\/\",\"url\":\"https:\\\/\\\/investmentvisacn.com\\\/brazil-golden-visa\\\/\",\"name\":\"Brazil Golden Visa - Investment Visa CN\",\"isPartOf\":{\"@id\":\"https:\\\/\\\/investmentvisacn.com\\\/#website\"},\"datePublished\":\"2024-08-13T21:32:02+00:00\",\"dateModified\":\"2024-08-13T21:32:03+00:00\",\"breadcrumb\":{\"@id\":\"https:\\\/\\\/investmentvisacn.com\\\/brazil-golden-visa\\\/#breadcrumb\"},\"inLanguage\":\"es\",\"potentialAction\":[{\"@type\":\"ReadAction\",\"target\":[\"https:\\\/\\\/investmentvisacn.com\\\/brazil-golden-visa\\\/\"]}]},{\"@type\":\"BreadcrumbList\",\"@id\":\"https:\\\/\\\/investmentvisacn.com\\\/brazil-golden-visa\\\/#breadcrumb\",\"itemListElement\":[{\"@type\":\"ListItem\",\"position\":1,\"name\":\"Home\",\"item\":\"https:\\\/\\\/investmentvisacn.com\\\/\"},{\"@type\":\"ListItem\",\"position\":2,\"name\":\"Brazil Golden Visa\"}]},{\"@type\":\"WebSite\",\"@id\":\"https:\\\/\\\/investmentvisacn.com\\\/#website\",\"url\":\"https:\\\/\\\/investmentvisacn.com\\\/\",\"name\":\"Investment Visa CN\",\"description\":\"Global Investment &amp; Visa Solutions You Can Trust\",\"publisher\":{\"@id\":\"https:\\\/\\\/investmentvisacn.com\\\/#organization\"},\"potentialAction\":[{\"@type\":\"SearchAction\",\"target\":{\"@type\":\"EntryPoint\",\"urlTemplate\":\"https:\\\/\\\/investmentvisacn.com\\\/?s={search_term_string}\"},\"query-input\":{\"@type\":\"PropertyValueSpecification\",\"valueRequired\":true,\"valueName\":\"search_term_string\"}}],\"inLanguage\":\"es\"},{\"@type\":\"Organization\",\"@id\":\"https:\\\/\\\/investmentvisacn.com\\\/#organization\",\"name\":\"Investment Visa CN\",\"url\":\"https:\\\/\\\/investmentvisacn.com\\\/\",\"logo\":{\"@type\":\"ImageObject\",\"inLanguage\":\"es\",\"@id\":\"https:\\\/\\\/investmentvisacn.com\\\/#\\\/schema\\\/logo\\\/image\\\/\",\"url\":\"https:\\\/\\\/investmentvisacn.com\\\/wp-content\\\/uploads\\\/2024\\\/08\\\/universalinvestmentvisa.png\",\"contentUrl\":\"https:\\\/\\\/investmentvisacn.com\\\/wp-content\\\/uploads\\\/2024\\\/08\\\/universalinvestmentvisa.png\",\"width\":180,\"height\":60,\"caption\":\"Investment Visa CN\"},\"image\":{\"@id\":\"https:\\\/\\\/investmentvisacn.com\\\/#\\\/schema\\\/logo\\\/image\\\/\"}}]}<\/script>\n<!-- \/ Yoast SEO plugin. -->","yoast_head_json":{"title":"Brasil Golden Visa - Visado de inversi\u00f3n CN","robots":{"index":"index","follow":"follow","max-snippet":"max-snippet:-1","max-image-preview":"max-image-preview:large","max-video-preview":"max-video-preview:-1"},"canonical":"https:\/\/investmentvisacn.com\/es\/visado-de-oro-brasileno\/","og_locale":"es_ES","og_type":"article","og_title":"Brazil Golden Visa - Investment Visa CN","og_description":"Brazil Golden Visa (VIPER) \u2013 Permanent Residency in Brazil through Real Estate Investment Brazil has one of the top 12 largest economies, an unmatched level of happiness among its residents, and is simply the most beautiful country in the world. For those reasons and plenty of others, you might be interested in immigrating to Brazil. [&hellip;]","og_url":"https:\/\/investmentvisacn.com\/es\/visado-de-oro-brasileno\/","og_site_name":"Investment Visa CN","article_modified_time":"2024-08-13T21:32:03+00:00","twitter_card":"summary_large_image","twitter_misc":{"Tiempo de lectura":"6 minutos"},"schema":{"@context":"https:\/\/schema.org","@graph":[{"@type":"WebPage","@id":"https:\/\/investmentvisacn.com\/brazil-golden-visa\/","url":"https:\/\/investmentvisacn.com\/brazil-golden-visa\/","name":"Brasil Golden Visa - Visado de inversi\u00f3n CN","isPartOf":{"@id":"https:\/\/investmentvisacn.com\/#website"},"datePublished":"2024-08-13T21:32:02+00:00","dateModified":"2024-08-13T21:32:03+00:00","breadcrumb":{"@id":"https:\/\/investmentvisacn.com\/brazil-golden-visa\/#breadcrumb"},"inLanguage":"es","potentialAction":[{"@type":"ReadAction","target":["https:\/\/investmentvisacn.com\/brazil-golden-visa\/"]}]},{"@type":"BreadcrumbList","@id":"https:\/\/investmentvisacn.com\/brazil-golden-visa\/#breadcrumb","itemListElement":[{"@type":"ListItem","position":1,"name":"Home","item":"https:\/\/investmentvisacn.com\/"},{"@type":"ListItem","position":2,"name":"Brazil Golden Visa"}]},{"@type":"WebSite","@id":"https:\/\/investmentvisacn.com\/#website","url":"https:\/\/investmentvisacn.com\/","name":"Visado de inversi\u00f3n CN","description":"Soluciones globales de inversi\u00f3n y visados en las que puede confiar","publisher":{"@id":"https:\/\/investmentvisacn.com\/#organization"},"potentialAction":[{"@type":"SearchAction","target":{"@type":"EntryPoint","urlTemplate":"https:\/\/investmentvisacn.com\/?s={search_term_string}"},"query-input":{"@type":"PropertyValueSpecification","valueRequired":true,"valueName":"search_term_string"}}],"inLanguage":"es"},{"@type":"Organization","@id":"https:\/\/investmentvisacn.com\/#organization","name":"Visado de inversi\u00f3n CN","url":"https:\/\/investmentvisacn.com\/","logo":{"@type":"ImageObject","inLanguage":"es","@id":"https:\/\/investmentvisacn.com\/#\/schema\/logo\/image\/","url":"https:\/\/investmentvisacn.com\/wp-content\/uploads\/2024\/08\/universalinvestmentvisa.png","contentUrl":"https:\/\/investmentvisacn.com\/wp-content\/uploads\/2024\/08\/universalinvestmentvisa.png","width":180,"height":60,"caption":"Investment Visa CN"},"image":{"@id":"https:\/\/investmentvisacn.com\/#\/schema\/logo\/image\/"}}]}},"_links":{"self":[{"href":"https:\/\/investmentvisacn.com\/es\/wp-json\/wp\/v2\/pages\/266","targetHints":{"allow":["GET"]}}],"collection":[{"href":"https:\/\/investmentvisacn.com\/es\/wp-json\/wp\/v2\/pages"}],"about":[{"href":"https:\/\/investmentvisacn.com\/es\/wp-json\/wp\/v2\/types\/page"}],"author":[{"embeddable":true,"href":"https:\/\/investmentvisacn.com\/es\/wp-json\/wp\/v2\/users\/1"}],"replies":[{"embeddable":true,"href":"https:\/\/investmentvisacn.com\/es\/wp-json\/wp\/v2\/comments?post=266"}],"version-history":[{"count":1,"href":"https:\/\/investmentvisacn.com\/es\/wp-json\/wp\/v2\/pages\/266\/revisions"}],"predecessor-version":[{"id":267,"href":"https:\/\/investmentvisacn.com\/es\/wp-json\/wp\/v2\/pages\/266\/revisions\/267"}],"wp:attachment":[{"href":"https:\/\/investmentvisacn.com\/es\/wp-json\/wp\/v2\/media?parent=266"}],"curies":[{"name":"wp","href":"https:\/\/api.w.org\/{rel}","templated":true}]}}