{"id":264,"date":"2024-08-13T21:16:35","date_gmt":"2024-08-13T21:16:35","guid":{"rendered":"https:\/\/universalinvestmentvisa.com\/?page_id=264"},"modified":"2024-08-21T16:27:09","modified_gmt":"2024-08-21T16:27:09","slug":"ciudadania-de-vanuatu","status":"publish","type":"page","link":"https:\/\/investmentvisacn.com\/es\/vanuatu-citizenship\/","title":{"rendered":"Ciudadan\u00eda de Vanuatu"},"content":{"rendered":"<div data-elementor-type=\"wp-page\" data-elementor-id=\"264\" class=\"elementor elementor-264\" data-elementor-post-type=\"page\">\n\t\t\t\t\t\t<section class=\"elementor-section elementor-top-section elementor-element elementor-element-6cb280e4 elementor-section-boxed elementor-section-height-default elementor-section-height-default\" data-id=\"6cb280e4\" data-element_type=\"section\" data-e-type=\"section\">\n\t\t\t\t\t\t<div class=\"elementor-container elementor-column-gap-default\">\n\t\t\t\t\t<div class=\"elementor-column elementor-col-100 elementor-top-column elementor-element elementor-element-758f7e22\" data-id=\"758f7e22\" data-element_type=\"column\" data-e-type=\"column\">\n\t\t\t<div class=\"elementor-widget-wrap elementor-element-populated\">\n\t\t\t\t\t\t<div class=\"elementor-element elementor-element-51eeac02 elementor-widget elementor-widget-text-editor\" data-id=\"51eeac02\" data-element_type=\"widget\" data-e-type=\"widget\" data-widget_type=\"text-editor.default\">\n\t\t\t\t<div class=\"elementor-widget-container\">\n\t\t\t\t\t\t\t\t\t\n<h2 class=\"wp-block-heading\">Visi\u00f3n general del Programa de Ciudadan\u00eda por Inversi\u00f3n de Vanuatu<\/h2>\n\n<p>Lanzado por primera vez en 2017, la ciudadan\u00eda por inversi\u00f3n en Vanuatu est\u00e1 disponible para los solicitantes que inviertan a partir de $130.000 en un fondo de desarrollo local. Conocido oficialmente como \u201cPrograma de Apoyo al Desarrollo\u201d (DSP) de Vanuatu, el programa ofrece uno de los programas de ciudadan\u00eda y segundo pasaporte m\u00e1s r\u00e1pidos del mundo y es el \u00fanico programa de este tipo en el hemisferio Asia-Pac\u00edfico. Vanuatu, una cadena de 80 islas del Pac\u00edfico Sur al este de Australia, forma parte de la Commonwealth. Las lenguas oficiales son el ingl\u00e9s y el franc\u00e9s. Vanuatu ofrece la ciudadan\u00eda con plenos derechos Ni-Vanuatu (menos derecho a voto y participaci\u00f3n pol\u00edtica).<\/p>\n\n<h3 style=\"text-align: center;\"><strong><a href=\"https:\/\/investmentvisacn.com\/es\/contacto\/\">Contacto-Asesor<\/a><\/strong><\/h3>\n\n<h4 class=\"wp-block-heading\">C\u00f3mo obtener la nacionalidad de Vanuatu mediante inversi\u00f3n<\/h4>\n\n<p>El programa de inversi\u00f3n en ciudadan\u00eda de Vanuatu exige una donaci\u00f3n de $130.000 + tasas para los solicitantes solteros, $150.000 + tasas para una pareja, $180.000 para una familia de cuatro miembros + tasas. La tramitaci\u00f3n es r\u00e1pida y la nacionalidad suele concederse en 30-60 d\u00edas. Los expertos de Universal investment visa pueden ayudarle con todo el proceso de solicitud de la A a la Z. No hay requisito de idioma y se realiza la diligencia debida a todos los solicitantes que deben tener antecedentes penales limpios. La ciudadan\u00eda es hereditaria y se puede organizar una ceremonia de juramento en lugares convenientes de todo el mundo. No hay restricciones a la doble nacionalidad y no es necesario visitar o residir en el pa\u00eds para obtener o conservar el pasaporte.<\/p>\n\n<p>De $130.000 Donaci\u00f3n<\/p>\n\n<p>Familia completa<\/p>\n\n<p>Ciudadan\u00eda y pasaporte<\/p>\n\n<p>Viajes sin visado 148 pa\u00edses<\/p>\n\n<p>Tiempo de procesamiento r\u00e1pido<\/p>\n\n<h4 class=\"wp-block-heading\">Requisitos para obtener la nacionalidad de Vanuatu por inversi\u00f3n<\/h4>\n\n<p>Adem\u00e1s de realizar la inversi\u00f3n o donaci\u00f3n necesarias, hay varios requisitos que los solicitantes deben cumplir para Vanuatu<\/p>\n\n<h3 class=\"wp-block-heading\">Requisitos familiares<\/h3>\n\n<p>Los miembros de la familia pueden incluirse en la solicitud de nacionalidad de Vanuatu. El inversor principal puede incluir:<\/p>\n\n<ul class=\"wp-block-list\">\n<li>C\u00f3nyuge<\/li>\n\n<li>Hijos a cargo<\/li>\n\n<li>Padres dependientes mayores de 65 a\u00f1os<\/li>\n<\/ul>\n\n<h4 class=\"wp-block-heading\">Requisitos de diligencia debida<\/h4>\n\n<p>Todos los solicitantes deber\u00e1n gozar de buena reputaci\u00f3n y someterse a las formalidades de diligencia debida del gobierno de Vanuatu. Los inversores deben aportar:<\/p>\n\n<ul class=\"wp-block-list\">\n<li>Informes policiales: prueba de antecedentes penales limpios<\/li>\n\n<li>No tener ninguna denegaci\u00f3n de visado pendiente<\/li>\n\n<li>Documentaci\u00f3n diversa, incluidos documentos financieros, de empleo\/empresariales, DNI, comprobante de domicilio<\/li>\n<\/ul>\n\n<h3 class=\"wp-block-heading\">Requisitos de estancia m\u00ednima<\/h3>\n\n<p>El programa de Ciudadan\u00eda por Inversi\u00f3n de Vanuatu no exige que los solicitantes cumplan ning\u00fan requisito de estancia m\u00ednima. Los ciudadanos de Vanuatu tendr\u00e1n derecho a vivir, trabajar o estudiar en Vanuatu si as\u00ed lo desean, pero no es un requisito previo del programa. Tampoco se exige entrevista ni prueba de idioma.<\/p>\n\n<p>Buen car\u00e1cter<br \/>Antecedentes penales limpios<br \/>Ning\u00fan visado denegado<\/p>\n\n<p>Incluir a toda la familia<br \/>Padres dependientes 65y +<br \/>Hijos a cargo<\/p>\n\n<p>Sin estancia m\u00ednima<br \/>Sin entrevista<br \/>Sin prueba de idiomas<\/p>\n\n<p>Identificaci\u00f3n del solicitante<br \/>Prueba de fondos<br \/>Certificados de nacimiento \/ matrimonio<br \/>Registros financieros<\/p>\n\n<h4 class=\"wp-block-heading\">\u00bfCu\u00e1nto cuesta el programa de ciudadan\u00eda por inversi\u00f3n de Vanuatu?<\/h4>\n\n<p>El programa de Ciudadan\u00eda por Donaci\u00f3n de Vanuatu requiere una contribuci\u00f3n no reembolsable al fondo de desarrollo del gobierno de $130.000 para un solo solicitante, $150.000 para una pareja o $180.000 para una familia de cuatro miembros. Tambi\u00e9n se aplican tasas adicionales de diligencia debida y tramitaci\u00f3n, que variar\u00e1n en funci\u00f3n de la edad del solicitante y del tama\u00f1o de su familia.<\/p>\n\n<h4 class=\"wp-block-heading\">\u00bfCu\u00e1nto tiempo se tarda en obtener la nacionalidad por inversi\u00f3n en Vanuatu?<\/h4>\n\n<p>El programa de Ciudadan\u00eda por Inversi\u00f3n de Vanuatu ofrece uno de los plazos de tramitaci\u00f3n m\u00e1s r\u00e1pidos. A partir de la fecha de presentaci\u00f3n de la solicitud a la Unidad de Ciudadan\u00eda por Inversi\u00f3n (CIU) de Vanuatu, las solicitudes suelen aprobarse en un plazo de 30 a 60 d\u00edas, una vez realizadas las comprobaciones de diligencia debida. Antes de la presentaci\u00f3n, la mayor\u00eda de los solicitantes suelen tardar entre<strong>\u00a02-6 semanas<\/strong>\u00a0para reunir su documentaci\u00f3n. Si se tienen en cuenta todos los aspectos del proceso, es posible obtener la nacionalidad de Vanuatu en un plazo de 2 a 4 meses. Una vez aprobada la solicitud, los solicitantes deben participar en una ceremonia de juramento que puede organizarse en lugares convenientes de todo el mundo. El equipo interno de tramitaci\u00f3n de visados de inversi\u00f3n de Universal ayudar\u00e1 a los solicitantes con todo este proceso y la solicitud puede presentarse a distancia, sin necesidad de viajar.<\/p>\n\n<h4 class=\"wp-block-heading\">C\u00f3mo obtener la nacionalidad de Vanuatu por inversi\u00f3n<\/h4>\n\n<p>Reserve su consulta gratuita con el equipo de expertos de Universal investment visa para debatir y decidir qu\u00e9 programa y v\u00eda de inversi\u00f3n son los m\u00e1s adecuados para usted y su familia. Nuestros experimentados asesores le proporcionar\u00e1n un presupuesto personalizado que incluir\u00e1 todas las tasas aplicables. Le asesorar\u00e1n y guiar\u00e1n a lo largo de todo el proceso con todo detalle.<\/p>\n\n<p>Para su tranquilidad, antes de que se comprometa, Universal investment visa realizar\u00e1 una comprobaci\u00f3n de antecedentes previa a la solicitud para garantizar que su solicitud tiene posibilidades de \u00e9xito. Una vez que se haya completado y usted est\u00e9 de acuerdo en proceder, puede iniciar formalmente el proceso firmando nuestro acuerdo de Facilitador de Clientes y pagando el dep\u00f3sito de pre-solicitud.<\/p>\n\n<p>El equipo interno de tramitaci\u00f3n de visados de inversi\u00f3n de Universal trabajar\u00e1 estrechamente con usted para preparar su solicitud. Una vez que su expediente haya sido completamente compilado, nuestro equipo presentar\u00e1 su solicitud a la Unidad de Ciudadan\u00eda por Inversi\u00f3n de San Crist\u00f3bal y Nieves (St Kitts CIU). Kitts y Nevis (St Kitts CIU). A partir de este momento, las solicitudes tardan una media de 60-90 d\u00edas en tramitarse.<\/p>\n\n<p>Tras las exhaustivas comprobaciones de diligencia debida y el an\u00e1lisis de su solicitud por parte de la Unidad de Ciudadan\u00eda de Vanuatu, se emitir\u00e1 una carta de aprobaci\u00f3n del gobierno y, a continuaci\u00f3n, deber\u00e1 realizar el pago final y la ceremonia de juramento. El pasaporte se expedir\u00e1 en el plazo aproximado de un mes y se le enviar\u00e1 por correo certificado.<\/p>\n\n<ul class=\"wp-block-list\">\n<li>Primer paso<\/li>\n\n<li>Paso 2<\/li>\n\n<li>Paso 3<\/li>\n\n<li>Paso 4<\/li>\n<\/ul>\n\n<h4 class=\"wp-block-heading\">Ventajas del Programa de Ciudadan\u00eda por Inversi\u00f3n de Vanuatu<\/h4>\n\n<p>Una vez concedida la nacionalidad de Vanuatu, los inversores recibir\u00e1n un pasaporte de Vanuatu. Los titulares de un pasaporte de Vanuatu se benefician de un acceso sin visado a 148 pa\u00edses y territorios de todo el mundo, seg\u00fan el Informe \u00danico de Inversi\u00f3n en Pasaportes de Universal Investment Visa. Esto representa m\u00e1s de un tercio del PIB mundial.<\/p>\n\n<p>En marzo de 2022, la UE suspendi\u00f3 temporalmente su acuerdo de exenci\u00f3n de visados con Vanuatu a la espera de reformar el programa. El gobierno de Vanuatu tiene hasta agosto de 2024 para satisfacer a la UE y levantar la suspensi\u00f3n. Hasta ese momento, los titulares de pasaporte de Vanuatu ya no tendr\u00e1n acceso sin visado a los pa\u00edses miembros de la UE y deber\u00e1n solicitar un visado Schengen aparte para viajar a esta regi\u00f3n. Los titulares de pasaportes de Vanuatu pueden seguir accediendo a m\u00e1s de 100 pa\u00edses de todo el mundo, incluidos Reino Unido, Hong Kong y Singapur, entre otros.<\/p>\n\n<p>M\u00e1s informaci\u00f3n en nuestro Informe de Inversi\u00f3n del Pasaporte a Vanuatu.<\/p>\n\n<ul class=\"wp-block-list\">\n<li>Viajes sin visado al Reino Unido, Singapur, Hong Kong y otros pa\u00edses.<\/li>\n\n<li>Seguridad de un pasaporte Plan B<\/li>\n\n<li>No es necesario trasladarse a Vanuatu<\/li>\n\n<li>Sin proceso de entrevistas<\/li>\n\n<li>Vivir, trabajar y estudiar en Vanuatu<\/li>\n\n<li>Sin impuesto sobre el patrimonio, sucesiones, donaciones o renta si no reside.<\/li>\n<\/ul>\n\n<h4 class=\"wp-block-heading\">Ventajas de a\u00f1adir un pasaporte de Vanuatu<\/h4>\n\n<p>A la hora de invertir en una segunda nacionalidad y un segundo pasaporte, es fundamental comprender exactamente c\u00f3mo se combina su pasaporte actual para proporcionar acceso sin visado a todo el mundo. No s\u00f3lo midiendo el n\u00famero de destinos exentos de visado, sino dando peso a la importancia y popularidad de esos destinos. S\u00f3lo Universal investment visa's proporciona un an\u00e1lisis tan completo para el pasaporte de Vanuatu y para los pasaportes a trav\u00e9s de otros programas de inversi\u00f3n de ciudadan\u00eda mediante el uso de sofisticadas medidas desarrolladas para viajes de negocios y de ocio.\u00a0<a href=\"https:\/\/investmentvisacn.com\/es\/contacto\/\">P\u00f3ngase en contacto con nosotros<\/a>\u00a0y hable con uno de nuestros asesores para obtener un informe gratuito adaptado a su nacionalidad y pasaporte actuales.<\/p>\n\t\t\t\t\t\t\t\t<\/div>\n\t\t\t\t<\/div>\n\t\t\t\t\t<\/div>\n\t\t<\/div>\n\t\t\t\t\t<\/div>\n\t\t<\/section>\n\t\t\t\t<\/div>","protected":false},"excerpt":{"rendered":"<p>Overview of Vanuatu Citizenship by Investment Programme First launched in 2017, Citizenship by investment in Vanuatu is available to applicants who invest from $130,000 into a local development fund. Officially known as the Vanuatu \u201cDevelopment Support Programme\u201d (DSP), the programme offers one of the fastest citizenship and second passport programmes in the world and is [&hellip;]<\/p>\n","protected":false},"author":1,"featured_media":0,"parent":0,"menu_order":0,"comment_status":"closed","ping_status":"closed","template":"","meta":{"footnotes":""},"class_list":["post-264","page","type-page","status-publish","hentry"],"yoast_head":"<!-- This site is optimized with the Yoast SEO plugin v27.3 - https:\/\/yoast.com\/product\/yoast-seo-wordpress\/ -->\n<title>Vanuatu Citizenship - Investment Visa CN<\/title>\n<meta name=\"robots\" content=\"index, follow, max-snippet:-1, max-image-preview:large, max-video-preview:-1\" \/>\n<link rel=\"canonical\" href=\"https:\/\/investmentvisacn.com\/es\/ciudadania-de-vanuatu\/\" \/>\n<meta property=\"og:locale\" content=\"es_ES\" \/>\n<meta property=\"og:type\" content=\"article\" \/>\n<meta property=\"og:title\" content=\"Vanuatu Citizenship - Investment Visa CN\" \/>\n<meta property=\"og:description\" content=\"Overview of Vanuatu Citizenship by Investment Programme First launched in 2017, Citizenship by investment in Vanuatu is available to applicants who invest from $130,000 into a local development fund. Officially known as the Vanuatu \u201cDevelopment Support Programme\u201d (DSP), the programme offers one of the fastest citizenship and second passport programmes in the world and is [&hellip;]\" \/>\n<meta property=\"og:url\" content=\"https:\/\/investmentvisacn.com\/es\/ciudadania-de-vanuatu\/\" \/>\n<meta property=\"og:site_name\" content=\"Investment Visa CN\" \/>\n<meta property=\"article:modified_time\" content=\"2024-08-21T16:27:09+00:00\" \/>\n<meta name=\"twitter:card\" content=\"summary_large_image\" \/>\n<meta name=\"twitter:label1\" content=\"Tiempo de lectura\" \/>\n\t<meta name=\"twitter:data1\" content=\"6 minutos\" \/>\n<script type=\"application\/ld+json\" class=\"yoast-schema-graph\">{\"@context\":\"https:\\\/\\\/schema.org\",\"@graph\":[{\"@type\":\"WebPage\",\"@id\":\"https:\\\/\\\/investmentvisacn.com\\\/vanuatu-citizenship\\\/\",\"url\":\"https:\\\/\\\/investmentvisacn.com\\\/vanuatu-citizenship\\\/\",\"name\":\"Vanuatu Citizenship - Investment Visa CN\",\"isPartOf\":{\"@id\":\"https:\\\/\\\/investmentvisacn.com\\\/#website\"},\"datePublished\":\"2024-08-13T21:16:35+00:00\",\"dateModified\":\"2024-08-21T16:27:09+00:00\",\"breadcrumb\":{\"@id\":\"https:\\\/\\\/investmentvisacn.com\\\/vanuatu-citizenship\\\/#breadcrumb\"},\"inLanguage\":\"es\",\"potentialAction\":[{\"@type\":\"ReadAction\",\"target\":[\"https:\\\/\\\/investmentvisacn.com\\\/vanuatu-citizenship\\\/\"]}]},{\"@type\":\"BreadcrumbList\",\"@id\":\"https:\\\/\\\/investmentvisacn.com\\\/vanuatu-citizenship\\\/#breadcrumb\",\"itemListElement\":[{\"@type\":\"ListItem\",\"position\":1,\"name\":\"Home\",\"item\":\"https:\\\/\\\/investmentvisacn.com\\\/\"},{\"@type\":\"ListItem\",\"position\":2,\"name\":\"Vanuatu Citizenship\"}]},{\"@type\":\"WebSite\",\"@id\":\"https:\\\/\\\/investmentvisacn.com\\\/#website\",\"url\":\"https:\\\/\\\/investmentvisacn.com\\\/\",\"name\":\"Investment Visa CN\",\"description\":\"Global Investment &amp; Visa Solutions You Can Trust\",\"publisher\":{\"@id\":\"https:\\\/\\\/investmentvisacn.com\\\/#organization\"},\"potentialAction\":[{\"@type\":\"SearchAction\",\"target\":{\"@type\":\"EntryPoint\",\"urlTemplate\":\"https:\\\/\\\/investmentvisacn.com\\\/?s={search_term_string}\"},\"query-input\":{\"@type\":\"PropertyValueSpecification\",\"valueRequired\":true,\"valueName\":\"search_term_string\"}}],\"inLanguage\":\"es\"},{\"@type\":\"Organization\",\"@id\":\"https:\\\/\\\/investmentvisacn.com\\\/#organization\",\"name\":\"Investment Visa CN\",\"url\":\"https:\\\/\\\/investmentvisacn.com\\\/\",\"logo\":{\"@type\":\"ImageObject\",\"inLanguage\":\"es\",\"@id\":\"https:\\\/\\\/investmentvisacn.com\\\/#\\\/schema\\\/logo\\\/image\\\/\",\"url\":\"https:\\\/\\\/investmentvisacn.com\\\/wp-content\\\/uploads\\\/2024\\\/08\\\/universalinvestmentvisa.png\",\"contentUrl\":\"https:\\\/\\\/investmentvisacn.com\\\/wp-content\\\/uploads\\\/2024\\\/08\\\/universalinvestmentvisa.png\",\"width\":180,\"height\":60,\"caption\":\"Investment Visa CN\"},\"image\":{\"@id\":\"https:\\\/\\\/investmentvisacn.com\\\/#\\\/schema\\\/logo\\\/image\\\/\"}}]}<\/script>\n<!-- \/ Yoast SEO plugin. -->","yoast_head_json":{"title":"Ciudadan\u00eda de Vanuatu - Visado de inversi\u00f3n CN","robots":{"index":"index","follow":"follow","max-snippet":"max-snippet:-1","max-image-preview":"max-image-preview:large","max-video-preview":"max-video-preview:-1"},"canonical":"https:\/\/investmentvisacn.com\/es\/ciudadania-de-vanuatu\/","og_locale":"es_ES","og_type":"article","og_title":"Vanuatu Citizenship - Investment Visa CN","og_description":"Overview of Vanuatu Citizenship by Investment Programme First launched in 2017, Citizenship by investment in Vanuatu is available to applicants who invest from $130,000 into a local development fund. Officially known as the Vanuatu \u201cDevelopment Support Programme\u201d (DSP), the programme offers one of the fastest citizenship and second passport programmes in the world and is [&hellip;]","og_url":"https:\/\/investmentvisacn.com\/es\/ciudadania-de-vanuatu\/","og_site_name":"Investment Visa CN","article_modified_time":"2024-08-21T16:27:09+00:00","twitter_card":"summary_large_image","twitter_misc":{"Tiempo de lectura":"6 minutos"},"schema":{"@context":"https:\/\/schema.org","@graph":[{"@type":"WebPage","@id":"https:\/\/investmentvisacn.com\/vanuatu-citizenship\/","url":"https:\/\/investmentvisacn.com\/vanuatu-citizenship\/","name":"Ciudadan\u00eda de Vanuatu - Visado de inversi\u00f3n CN","isPartOf":{"@id":"https:\/\/investmentvisacn.com\/#website"},"datePublished":"2024-08-13T21:16:35+00:00","dateModified":"2024-08-21T16:27:09+00:00","breadcrumb":{"@id":"https:\/\/investmentvisacn.com\/vanuatu-citizenship\/#breadcrumb"},"inLanguage":"es","potentialAction":[{"@type":"ReadAction","target":["https:\/\/investmentvisacn.com\/vanuatu-citizenship\/"]}]},{"@type":"BreadcrumbList","@id":"https:\/\/investmentvisacn.com\/vanuatu-citizenship\/#breadcrumb","itemListElement":[{"@type":"ListItem","position":1,"name":"Home","item":"https:\/\/investmentvisacn.com\/"},{"@type":"ListItem","position":2,"name":"Vanuatu Citizenship"}]},{"@type":"WebSite","@id":"https:\/\/investmentvisacn.com\/#website","url":"https:\/\/investmentvisacn.com\/","name":"Visado de inversi\u00f3n CN","description":"Soluciones globales de inversi\u00f3n y visados en las que puede confiar","publisher":{"@id":"https:\/\/investmentvisacn.com\/#organization"},"potentialAction":[{"@type":"SearchAction","target":{"@type":"EntryPoint","urlTemplate":"https:\/\/investmentvisacn.com\/?s={search_term_string}"},"query-input":{"@type":"PropertyValueSpecification","valueRequired":true,"valueName":"search_term_string"}}],"inLanguage":"es"},{"@type":"Organization","@id":"https:\/\/investmentvisacn.com\/#organization","name":"Visado de inversi\u00f3n CN","url":"https:\/\/investmentvisacn.com\/","logo":{"@type":"ImageObject","inLanguage":"es","@id":"https:\/\/investmentvisacn.com\/#\/schema\/logo\/image\/","url":"https:\/\/investmentvisacn.com\/wp-content\/uploads\/2024\/08\/universalinvestmentvisa.png","contentUrl":"https:\/\/investmentvisacn.com\/wp-content\/uploads\/2024\/08\/universalinvestmentvisa.png","width":180,"height":60,"caption":"Investment Visa CN"},"image":{"@id":"https:\/\/investmentvisacn.com\/#\/schema\/logo\/image\/"}}]}},"_links":{"self":[{"href":"https:\/\/investmentvisacn.com\/es\/wp-json\/wp\/v2\/pages\/264","targetHints":{"allow":["GET"]}}],"collection":[{"href":"https:\/\/investmentvisacn.com\/es\/wp-json\/wp\/v2\/pages"}],"about":[{"href":"https:\/\/investmentvisacn.com\/es\/wp-json\/wp\/v2\/types\/page"}],"author":[{"embeddable":true,"href":"https:\/\/investmentvisacn.com\/es\/wp-json\/wp\/v2\/users\/1"}],"replies":[{"embeddable":true,"href":"https:\/\/investmentvisacn.com\/es\/wp-json\/wp\/v2\/comments?post=264"}],"version-history":[{"count":7,"href":"https:\/\/investmentvisacn.com\/es\/wp-json\/wp\/v2\/pages\/264\/revisions"}],"predecessor-version":[{"id":445,"href":"https:\/\/investmentvisacn.com\/es\/wp-json\/wp\/v2\/pages\/264\/revisions\/445"}],"wp:attachment":[{"href":"https:\/\/investmentvisacn.com\/es\/wp-json\/wp\/v2\/media?parent=264"}],"curies":[{"name":"wp","href":"https:\/\/api.w.org\/{rel}","templated":true}]}}