{"id":260,"date":"2024-08-13T21:14:41","date_gmt":"2024-08-13T21:14:41","guid":{"rendered":"https:\/\/universalinvestmentvisa.com\/?page_id=260"},"modified":"2024-08-13T21:14:42","modified_gmt":"2024-08-13T21:14:42","slug":"seychelles","status":"publish","type":"page","link":"https:\/\/investmentvisacn.com\/es\/seychelles\/","title":{"rendered":"SEYCHELLES"},"content":{"rendered":"<p class=\"has-text-align-center\"><strong>SEYCHELLES CIUDADAN\u00cdA INVERSI\u00d3N<\/strong><\/p>\n\n\n\n<p>Seychelles atrae a los inversores de alto poder adquisitivo con su id\u00edlico entorno en el Oc\u00e9ano \u00cdndico, ofreciendo una perspectiva atractiva para una segunda residencia o ciudadan\u00eda. Conocidas por sus playas inmaculadas, sus vibrantes arrecifes de coral y su econom\u00eda estable, las Seychelles ofrecen lucrativas oportunidades de inversi\u00f3n. La ubicaci\u00f3n estrat\u00e9gica de Seychelles, unida a su compromiso con el desarrollo sostenible, la convierten en un destino atractivo para los inversores internacionales que buscan prosperidad financiera y un lujoso estilo de vida tropical en este archipi\u00e9lago paradis\u00edaco.<\/p>\n\n\n\n<h2 class=\"wp-block-heading\">SEYCHELLES CIUDADAN\u00cdA INVERSI\u00d3N<\/h2>\n\n\n\n<p>Actualmente, Seychelles no ofrece un programa formal de ciudadan\u00eda por inversi\u00f3n. Estos programas permiten obtener la ciudadan\u00eda o el derecho de residencia en determinados pa\u00edses mediante una inversi\u00f3n sustancial. La mayor\u00eda de las veces, esta inversi\u00f3n se realiza en bienes inmuebles, fondos nacionales de desarrollo o empresas locales. Para los programas de ciudadan\u00eda directa, se anima a los inversores a considerar los ofrecidos por varias naciones del Caribe, como el programa de Ciudadan\u00eda por Inversi\u00f3n de Santa Luc\u00eda.<\/p>\n\n\n\n<h2 class=\"wp-block-heading\">SEYCHELLES RESIDENCY Inversi\u00f3n<\/h2>\n\n\n\n<p>Seychelles ofrece un programa para inversores inmigrantes que concede la residencia permanente a una persona. Para ello es necesario invertir un mill\u00f3n de d\u00f3lares en un negocio y residir en el pa\u00eds durante un a\u00f1o. El acceso a la ciudadan\u00eda es viable al cabo de una d\u00e9cada, es decir, 11 a\u00f1os de residencia continuada en el pa\u00eds a trav\u00e9s del programa para inversores.<\/p>\n\n\n\n<h2 class=\"wp-block-heading\">FORTALEZA Y CLASIFICACI\u00d3N DEL PASAPORTE DE SEYCHELLES<\/h2>\n\n\n\n<p>Si alg\u00fan d\u00eda las Seychelles pusieran en marcha un programa de ciudadan\u00eda por inversi\u00f3n, probablemente ser\u00eda una opci\u00f3n muy atractiva. Seychelles ocupa el 59\u00ba puesto en la clasificaci\u00f3n mundial de pasaportes de Universal Investment Visa, y los titulares de pasaportes tienen acceso sin visado a 162 pa\u00edses, lo que representa el 73,4% de los viajes mundiales. Dado que las Seychelles no ofrecen actualmente un programa de este tipo, se anima a los inversores extranjeros a considerar los programas de ciudadan\u00eda por inversi\u00f3n del Caribe como alternativas.<\/p>","protected":false},"excerpt":{"rendered":"<p>SEYCHELLES CITIZENSHIP INVESTMENT Seychelles beckons high-net-worth investors with its idyllic setting in the Indian Ocean, offering a compelling prospect for a second residency or citizenship. Renowned for pristine beaches, vibrant coral reefs, and a stable economy, Seychelles provides lucrative investment opportunities. Seychelles\u2019 strategic location, coupled with its commitment to sustainable development, positions it as an [&hellip;]<\/p>\n","protected":false},"author":1,"featured_media":0,"parent":0,"menu_order":0,"comment_status":"closed","ping_status":"closed","template":"","meta":{"footnotes":""},"class_list":["post-260","page","type-page","status-publish","hentry"],"yoast_head":"<!-- This site is optimized with the Yoast SEO plugin v27.3 - https:\/\/yoast.com\/product\/yoast-seo-wordpress\/ -->\n<title>SEYCHELLES - Investment Visa CN<\/title>\n<meta name=\"robots\" content=\"index, follow, max-snippet:-1, max-image-preview:large, max-video-preview:-1\" \/>\n<link rel=\"canonical\" href=\"https:\/\/investmentvisacn.com\/es\/seychelles\/\" \/>\n<meta property=\"og:locale\" content=\"es_ES\" \/>\n<meta property=\"og:type\" content=\"article\" \/>\n<meta property=\"og:title\" content=\"SEYCHELLES - Investment Visa CN\" \/>\n<meta property=\"og:description\" content=\"SEYCHELLES CITIZENSHIP INVESTMENT Seychelles beckons high-net-worth investors with its idyllic setting in the Indian Ocean, offering a compelling prospect for a second residency or citizenship. Renowned for pristine beaches, vibrant coral reefs, and a stable economy, Seychelles provides lucrative investment opportunities. Seychelles\u2019 strategic location, coupled with its commitment to sustainable development, positions it as an [&hellip;]\" \/>\n<meta property=\"og:url\" content=\"https:\/\/investmentvisacn.com\/es\/seychelles\/\" \/>\n<meta property=\"og:site_name\" content=\"Investment Visa CN\" \/>\n<meta property=\"article:modified_time\" content=\"2024-08-13T21:14:42+00:00\" \/>\n<meta name=\"twitter:card\" content=\"summary_large_image\" \/>\n<meta name=\"twitter:label1\" content=\"Tiempo de lectura\" \/>\n\t<meta name=\"twitter:data1\" content=\"1 minuto\" \/>\n<script type=\"application\/ld+json\" class=\"yoast-schema-graph\">{\"@context\":\"https:\\\/\\\/schema.org\",\"@graph\":[{\"@type\":\"WebPage\",\"@id\":\"https:\\\/\\\/investmentvisacn.com\\\/seychelles\\\/\",\"url\":\"https:\\\/\\\/investmentvisacn.com\\\/seychelles\\\/\",\"name\":\"SEYCHELLES - Investment Visa CN\",\"isPartOf\":{\"@id\":\"https:\\\/\\\/investmentvisacn.com\\\/#website\"},\"datePublished\":\"2024-08-13T21:14:41+00:00\",\"dateModified\":\"2024-08-13T21:14:42+00:00\",\"breadcrumb\":{\"@id\":\"https:\\\/\\\/investmentvisacn.com\\\/seychelles\\\/#breadcrumb\"},\"inLanguage\":\"es\",\"potentialAction\":[{\"@type\":\"ReadAction\",\"target\":[\"https:\\\/\\\/investmentvisacn.com\\\/seychelles\\\/\"]}]},{\"@type\":\"BreadcrumbList\",\"@id\":\"https:\\\/\\\/investmentvisacn.com\\\/seychelles\\\/#breadcrumb\",\"itemListElement\":[{\"@type\":\"ListItem\",\"position\":1,\"name\":\"Home\",\"item\":\"https:\\\/\\\/investmentvisacn.com\\\/\"},{\"@type\":\"ListItem\",\"position\":2,\"name\":\"SEYCHELLES\"}]},{\"@type\":\"WebSite\",\"@id\":\"https:\\\/\\\/investmentvisacn.com\\\/#website\",\"url\":\"https:\\\/\\\/investmentvisacn.com\\\/\",\"name\":\"Investment Visa CN\",\"description\":\"Global Investment &amp; Visa Solutions You Can Trust\",\"publisher\":{\"@id\":\"https:\\\/\\\/investmentvisacn.com\\\/#organization\"},\"potentialAction\":[{\"@type\":\"SearchAction\",\"target\":{\"@type\":\"EntryPoint\",\"urlTemplate\":\"https:\\\/\\\/investmentvisacn.com\\\/?s={search_term_string}\"},\"query-input\":{\"@type\":\"PropertyValueSpecification\",\"valueRequired\":true,\"valueName\":\"search_term_string\"}}],\"inLanguage\":\"es\"},{\"@type\":\"Organization\",\"@id\":\"https:\\\/\\\/investmentvisacn.com\\\/#organization\",\"name\":\"Investment Visa CN\",\"url\":\"https:\\\/\\\/investmentvisacn.com\\\/\",\"logo\":{\"@type\":\"ImageObject\",\"inLanguage\":\"es\",\"@id\":\"https:\\\/\\\/investmentvisacn.com\\\/#\\\/schema\\\/logo\\\/image\\\/\",\"url\":\"https:\\\/\\\/investmentvisacn.com\\\/wp-content\\\/uploads\\\/2024\\\/08\\\/universalinvestmentvisa.png\",\"contentUrl\":\"https:\\\/\\\/investmentvisacn.com\\\/wp-content\\\/uploads\\\/2024\\\/08\\\/universalinvestmentvisa.png\",\"width\":180,\"height\":60,\"caption\":\"Investment Visa CN\"},\"image\":{\"@id\":\"https:\\\/\\\/investmentvisacn.com\\\/#\\\/schema\\\/logo\\\/image\\\/\"}}]}<\/script>\n<!-- \/ Yoast SEO plugin. -->","yoast_head_json":{"title":"SEYCHELLES - Visado de inversi\u00f3n CN","robots":{"index":"index","follow":"follow","max-snippet":"max-snippet:-1","max-image-preview":"max-image-preview:large","max-video-preview":"max-video-preview:-1"},"canonical":"https:\/\/investmentvisacn.com\/es\/seychelles\/","og_locale":"es_ES","og_type":"article","og_title":"SEYCHELLES - Investment Visa CN","og_description":"SEYCHELLES CITIZENSHIP INVESTMENT Seychelles beckons high-net-worth investors with its idyllic setting in the Indian Ocean, offering a compelling prospect for a second residency or citizenship. Renowned for pristine beaches, vibrant coral reefs, and a stable economy, Seychelles provides lucrative investment opportunities. Seychelles\u2019 strategic location, coupled with its commitment to sustainable development, positions it as an [&hellip;]","og_url":"https:\/\/investmentvisacn.com\/es\/seychelles\/","og_site_name":"Investment Visa CN","article_modified_time":"2024-08-13T21:14:42+00:00","twitter_card":"summary_large_image","twitter_misc":{"Tiempo de lectura":"1 minuto"},"schema":{"@context":"https:\/\/schema.org","@graph":[{"@type":"WebPage","@id":"https:\/\/investmentvisacn.com\/seychelles\/","url":"https:\/\/investmentvisacn.com\/seychelles\/","name":"SEYCHELLES - Visado de inversi\u00f3n CN","isPartOf":{"@id":"https:\/\/investmentvisacn.com\/#website"},"datePublished":"2024-08-13T21:14:41+00:00","dateModified":"2024-08-13T21:14:42+00:00","breadcrumb":{"@id":"https:\/\/investmentvisacn.com\/seychelles\/#breadcrumb"},"inLanguage":"es","potentialAction":[{"@type":"ReadAction","target":["https:\/\/investmentvisacn.com\/seychelles\/"]}]},{"@type":"BreadcrumbList","@id":"https:\/\/investmentvisacn.com\/seychelles\/#breadcrumb","itemListElement":[{"@type":"ListItem","position":1,"name":"Home","item":"https:\/\/investmentvisacn.com\/"},{"@type":"ListItem","position":2,"name":"SEYCHELLES"}]},{"@type":"WebSite","@id":"https:\/\/investmentvisacn.com\/#website","url":"https:\/\/investmentvisacn.com\/","name":"Visado de inversi\u00f3n CN","description":"Soluciones globales de inversi\u00f3n y visados en las que puede confiar","publisher":{"@id":"https:\/\/investmentvisacn.com\/#organization"},"potentialAction":[{"@type":"SearchAction","target":{"@type":"EntryPoint","urlTemplate":"https:\/\/investmentvisacn.com\/?s={search_term_string}"},"query-input":{"@type":"PropertyValueSpecification","valueRequired":true,"valueName":"search_term_string"}}],"inLanguage":"es"},{"@type":"Organization","@id":"https:\/\/investmentvisacn.com\/#organization","name":"Visado de inversi\u00f3n CN","url":"https:\/\/investmentvisacn.com\/","logo":{"@type":"ImageObject","inLanguage":"es","@id":"https:\/\/investmentvisacn.com\/#\/schema\/logo\/image\/","url":"https:\/\/investmentvisacn.com\/wp-content\/uploads\/2024\/08\/universalinvestmentvisa.png","contentUrl":"https:\/\/investmentvisacn.com\/wp-content\/uploads\/2024\/08\/universalinvestmentvisa.png","width":180,"height":60,"caption":"Investment Visa CN"},"image":{"@id":"https:\/\/investmentvisacn.com\/#\/schema\/logo\/image\/"}}]}},"_links":{"self":[{"href":"https:\/\/investmentvisacn.com\/es\/wp-json\/wp\/v2\/pages\/260","targetHints":{"allow":["GET"]}}],"collection":[{"href":"https:\/\/investmentvisacn.com\/es\/wp-json\/wp\/v2\/pages"}],"about":[{"href":"https:\/\/investmentvisacn.com\/es\/wp-json\/wp\/v2\/types\/page"}],"author":[{"embeddable":true,"href":"https:\/\/investmentvisacn.com\/es\/wp-json\/wp\/v2\/users\/1"}],"replies":[{"embeddable":true,"href":"https:\/\/investmentvisacn.com\/es\/wp-json\/wp\/v2\/comments?post=260"}],"version-history":[{"count":1,"href":"https:\/\/investmentvisacn.com\/es\/wp-json\/wp\/v2\/pages\/260\/revisions"}],"predecessor-version":[{"id":261,"href":"https:\/\/investmentvisacn.com\/es\/wp-json\/wp\/v2\/pages\/260\/revisions\/261"}],"wp:attachment":[{"href":"https:\/\/investmentvisacn.com\/es\/wp-json\/wp\/v2\/media?parent=260"}],"curies":[{"name":"wp","href":"https:\/\/api.w.org\/{rel}","templated":true}]}}