{"id":256,"date":"2024-08-13T21:10:46","date_gmt":"2024-08-13T21:10:46","guid":{"rendered":"https:\/\/universalinvestmentvisa.com\/?page_id=256"},"modified":"2024-09-11T14:36:28","modified_gmt":"2024-09-11T14:36:28","slug":"antigua-y-barbuda-ciudadania-por-inversion","status":"publish","type":"page","link":"https:\/\/investmentvisacn.com\/es\/antigua-and-barbuda-citizenship-by-investment\/","title":{"rendered":"Antigua y Barbuda Ciudadan\u00eda por inversi\u00f3n"},"content":{"rendered":"<h3 class=\"wp-block-heading\">Visi\u00f3n general del Programa de Ciudadan\u00eda por Inversi\u00f3n de Antigua y Barbuda<\/h3>\n\n\n\n<p>El Gobierno de Antigua y Barbuda puso en marcha por primera vez en 2013 el programa de Ciudadan\u00eda por Inversi\u00f3n. El programa ayuda a Antigua a atraer inversi\u00f3n extranjera directa al pa\u00eds, impulsando el crecimiento econ\u00f3mico en toda la naci\u00f3n y financiando proyectos e infraestructuras clave centrados en la comunidad. Personas de alto poder adquisitivo y sus familias de todo el mundo solicitan el programa para aumentar su movilidad universal y obtener un pasaporte \u201dPlan B\u201d. Los solicitantes seleccionados obtendr\u00e1n la ciudadan\u00eda de Antigua y un pasaporte que les permitir\u00e1 viajar sin visado a m\u00e1s de 161 pa\u00edses de todo el mundo.<\/p>\n\n\n\n<h3 class=\"wp-block-heading\">C\u00f3mo obtener la nacionalidad de Antigua mediante inversi\u00f3n<\/h3>\n\n\n\n<p>El programa de ciudadan\u00eda por inversi\u00f3n de Antigua y Barbuda proporciona un segundo pasaporte a los inversores que les permite viajar sin visado a m\u00e1s de 161 pa\u00edses, incluidos el Reino Unido, la zona Schengen de la UE, Hong Kong y Suiza. Existen varias opciones de inversi\u00f3n para obtener la ciudadan\u00eda en Antigua. Los inversores pueden optar por aportar $230.000 al Fondo Nacional de Desarrollo de Antigua o invertir $325.0000 en un proyecto inmobiliario aprobado por el Gobierno. En el caso de los inversores vinculados, esta cantidad puede reducirse a 1.400.000 PTP. Los solicitantes tambi\u00e9n tienen la opci\u00f3n de invertir $1,5m en el establecimiento de un negocio ($5,0m para dos o m\u00e1s inversores).<\/p>\n\n\n\n<p>De $230.000 Donaci\u00f3n<\/p>\n\n\n\n<p>Desde $325,0000 Inmobiliaria<\/p>\n\n\n\n<p>Familia rentable<\/p>\n\n\n\n<p>Ciudadan\u00eda de Antigua y Barbuda<\/p>\n\n\n\n<p>Antigua Viajes sin visado 161 pa\u00edses<\/p>\n\n\n\n<h2 class=\"wp-block-heading\">Requisitos para la ciudadan\u00eda por inversi\u00f3n en Antigua<\/h2>\n\n\n\n<p>Adem\u00e1s de realizar la inversi\u00f3n o donaci\u00f3n necesaria, existen varios requisitos que los solicitantes deben cumplir al solicitar el programa de Ciudadan\u00eda de Antigua y Barbuda.<\/p>\n\n\n\n<h2 class=\"wp-block-heading\">Requisitos familiares<\/h2>\n\n\n\n<p>Los miembros de la familia pueden incluirse en la solicitud de nacionalidad. El inversor principal puede incluir:<\/p>\n\n\n\n<ul class=\"wp-block-list\">\n<li>Esposa.<\/li>\n\n\n\n<li>Hijos a cargo hasta 30 a\u00f1os.<\/li>\n\n\n\n<li>Padres dependientes mayores de 55 a\u00f1os,del solicitante principal, o de su c\u00f3nyuge.<\/li>\n\n\n\n<li>Hermanos solteros del solicitante principal o de su c\u00f3nyuge.<\/li>\n<\/ul>\n\n\n\n<h2 class=\"wp-block-heading\">Requisitos de diligencia debida<\/h2>\n\n\n\n<p>Todos los solicitantes deber\u00e1n gozar de buena reputaci\u00f3n y someterse a las formalidades de diligencia debida del gobierno: Los inversores deben aportar<\/p>\n\n\n\n<ul class=\"wp-block-list\">\n<li>Informes policiales: prueba de antecedentes penales limpios.<\/li>\n\n\n\n<li>No tener ninguna denegaci\u00f3n de visado pendiente.<\/li>\n\n\n\n<li>Documentaci\u00f3n diversa, incluidos documentos financieros, de empleo\/empresariales, DNI, justificante de domicilio.<\/li>\n<\/ul>\n\n\n\n<h2 class=\"wp-block-heading\">Requisitos de estancia m\u00ednima<\/h2>\n\n\n\n<p>Una vez que los solicitantes han obtenido con \u00e9xito la Ciudadan\u00eda en Antigua existe un requisito de estancia m\u00ednima menor para pasar al menos cinco d\u00edas en Antigua durante los primeros cinco a\u00f1os. Los ciudadanos de Antigua y Barbuda tienen derecho a vivir, trabajar o estudiar en Antigua, si as\u00ed lo desean. No se requiere entrevista ni prueba de idioma y toda la solicitud puede cumplimentarse a distancia.<\/p>\n\n\n\n<ul class=\"wp-block-list\">\n<li>Buen car\u00e1cter<br>- Antecedentes penales limpios<br>- Ning\u00fan visado denegado<\/li>\n<\/ul>\n\n\n\n<ul class=\"wp-block-list\">\n<li>Incluir a toda la familia<br>- Padres dependientes 55y +<br>- Hijos a cargo hasta 30 a\u00f1os<br>- Hermanos, solteros<\/li>\n<\/ul>\n\n\n\n<ul class=\"wp-block-list\">\n<li>Sin estancia m\u00ednima<br>- Sin entrevista<br>- Sin prueba de idiomas<\/li>\n<\/ul>\n\n\n\n<ul class=\"wp-block-list\">\n<li>Identificaci\u00f3n del solicitante<br>- Prueba de fondos<br>- Certificados de nacimiento \/ matrimonio<br>- Registros financieros<\/li>\n<\/ul>\n\n\n\n<ul class=\"wp-block-list\">\n<li><\/li>\n<\/ul>\n\n\n\n<p class=\"has-text-align-center\"><a href=\"https:\/\/investmentvisacn.com\/es\/contacto\/\">Empezar<\/a><\/p>\n\n\n\n<h2 class=\"wp-block-heading\">\u00bfCu\u00e1nto cuesta el programa de ciudadan\u00eda por inversi\u00f3n de Antigua?<\/h2>\n\n\n\n<h3 class=\"wp-block-heading\">Ciudadan\u00eda de Antigua por donaci\u00f3n - Fondo Nacional de Desarrollo<\/h3>\n\n\n\n<p>La forma m\u00e1s econ\u00f3mica de obtener la ciudadan\u00eda de Antigua es mediante una donaci\u00f3n al Fondo Nacional de Desarrollo del pa\u00eds. La inversi\u00f3n m\u00ednima requerida es de $230.000 para un solo solicitante, $100.000 para familias de hasta 4 miembros y $125.000 para familias de 5 miembros, m\u00e1s tasas. Se trata de uno de los programas de ciudadan\u00eda m\u00e1s baratos del Caribe para las familias. Tambi\u00e9n se aplican tasas adicionales de diligencia debida y tramitaci\u00f3n, que variar\u00e1n en funci\u00f3n de la edad del solicitante y del tama\u00f1o de su familia.<\/p>\n\n\n\n<h3 class=\"wp-block-heading\">Ciudadan\u00eda de Antigua por donaci\u00f3n - Fondo de la Universidad de las Indias Occidentales<\/h3>\n\n\n\n<p>El Fondo de la Universidad de las Indias Occidentales es una v\u00eda alternativa de donaci\u00f3n abierta a las familias numerosas de seis miembros o m\u00e1s. Las familias de seis miembros pueden hacer una aportaci\u00f3n a este fondo a partir de $150.000, m\u00e1s tasas. El fondo proporciona una financiaci\u00f3n crucial para el cuarto campus de la Universidad. La participaci\u00f3n en este programa dar\u00e1 derecho a un miembro de la familia a una beca de un a\u00f1o, s\u00f3lo de matr\u00edcula, en la Universidad de las Indias Occidentales. Los solicitantes dispondr\u00e1n de un periodo de cinco a\u00f1os para utilizar la beca, lo cual es estupendo si su hijo a\u00fan no est\u00e1 en edad universitaria pero desea iniciar el proceso de obtenci\u00f3n de la ciudadan\u00eda.<\/p>\n\n\n\n<h3 class=\"wp-block-heading\">Ciudadan\u00eda de Antigua por inversi\u00f3n inmobiliaria<\/h3>\n\n\n\n<p>Para la v\u00eda inmobiliaria, los solicitantes deben invertir en una promoci\u00f3n inmobiliaria aprobada por el gobierno por un m\u00ednimo de $400.000, m\u00e1s tasas. Esta inversi\u00f3n puede reducirse a 1.400.000 PTT para la inversi\u00f3n en acciones en determinados proyectos inmobiliarios. La inversi\u00f3n debe mantenerse durante un periodo m\u00ednimo de cinco a\u00f1os, tras el cual puede liquidarse.<\/p>\n\n\n\n<h3 class=\"wp-block-heading\">\u00bfCu\u00e1nto tiempo se tarda en obtener la nacionalidad por inversi\u00f3n en Antigua?<\/h3>\n\n\n\n<p>Las solicitudes para el programa de Ciudadan\u00eda por Inversi\u00f3n de Antigua suelen tardar entre 3 y 4 meses en tramitarse desde la fecha en que se presenta el expediente del solicitante a la Unidad de Ciudadan\u00eda por Inversi\u00f3n (CIU) de Antigua. La mayor\u00eda de los solicitantes tardan una media de&nbsp;<strong>2-6 semanas<\/strong>&nbsp;antes para reunir toda su documentaci\u00f3n. El equipo interno de tramitaci\u00f3n de visados de inversi\u00f3n de Universal ayudar\u00e1 a los solicitantes con todo este proceso y la solicitud puede presentarse a distancia, sin necesidad de desplazarse.<\/p>\n\n\n\n<p><strong>Universal investment visa es un representante autorizado (Licencia No. AB13092018) para el programa de Antigua y Barbuda y podemos proporcionar una copia de nuestra carta de nombramiento del gobierno para cualquier solicitante potencial que desee trabajar a trav\u00e9s de nuestra empresa.<\/strong><\/p>\n\n\n\n<h3 class=\"wp-block-heading\">C\u00f3mo obtener la nacionalidad de Antigua por inversi\u00f3n<\/h3>\n\n\n\n<p>Paso 1<\/p>\n\n\n\n<hr class=\"wp-block-separator has-alpha-channel-opacity\"\/>\n\n\n\n<p>Reserve su consulta gratuita con el equipo de expertos de Universal investment visa para debatir y decidir qu\u00e9 programa y v\u00eda de inversi\u00f3n son los m\u00e1s adecuados para usted y su familia. Nuestros experimentados asesores le proporcionar\u00e1n un presupuesto personalizado que incluir\u00e1 todas las tasas aplicables. Le asesorar\u00e1n y guiar\u00e1n a lo largo de todo el proceso con todo detalle.<\/p>\n\n\n\n<hr class=\"wp-block-separator has-alpha-channel-opacity\"\/>\n\n\n\n<p>Paso 2<\/p>\n\n\n\n<p>Para su tranquilidad, antes de que se comprometa, Universal investment visa realizar\u00e1 una comprobaci\u00f3n de antecedentes previa a la solicitud para garantizar que su solicitud tiene posibilidades de \u00e9xito. Una vez que se haya completado y usted est\u00e9 de acuerdo en proceder, puede iniciar formalmente el proceso firmando nuestro acuerdo de Facilitador de Clientes y pagando el dep\u00f3sito de pre-solicitud.<\/p>\n\n\n\n<hr class=\"wp-block-separator has-alpha-channel-opacity\"\/>\n\n\n\n<p>Paso 3<\/p>\n\n\n\n<p>El equipo interno de tramitaci\u00f3n de visados de inversi\u00f3n de Universal trabajar\u00e1 estrechamente con usted para preparar su solicitud. Una vez que su expediente est\u00e9 completo, nuestro equipo presentar\u00e1 su solicitud a la Unidad de Ciudadan\u00eda por Inversi\u00f3n de Antigua. En esta fase se le exigir\u00e1n las tasas gubernamentales. A partir de este momento, las solicitudes tardan una media de 60-90 d\u00edas en tramitarse.<\/p>\n\n\n\n<hr class=\"wp-block-separator has-alpha-channel-opacity\"\/>\n\n\n\n<p>Paso 4<\/p>\n\n\n\n<p>Una vez que la Unidad de Ciudadan\u00eda de Antigua y Barbuda haya llevado a cabo las comprobaciones de diligencia debida y el an\u00e1lisis de su solicitud, el Gobierno emitir\u00e1 una carta de aprobaci\u00f3n y usted deber\u00e1 efectuar el pago final. El pasaporte se expedir\u00e1 en el plazo aproximado de un mes y se le enviar\u00e1 por correo certificado.<\/p>\n\n\n\n<hr class=\"wp-block-separator has-alpha-channel-opacity\"\/>\n\n\n\n<h3 class=\"wp-block-heading\">Ventajas del Programa de Ciudadan\u00eda por Inversi\u00f3n de Antigua<\/h3>\n\n\n\n<p>Una vez que los inversores hayan obtenido la ciudadan\u00eda de Antigua, se les expedir\u00e1 un pasaporte de Antigua y Barbuda. Los titulares de pasaportes de Antigua se benefician del acceso sin visado a 161 pa\u00edses y territorios de todo el mundo, de acuerdo con el visado universal de inversi\u00f3n Unique.&nbsp;<a href=\"https:\/\/investmentvisacn.com\/es\/jersey-programa-de-residencias-de-alto-valor\/\" data-type=\"page\" data-id=\"515\">Informe de inversi\u00f3n del pasaporte<\/a>. Esto representa m\u00e1s de un tercio del PIB mundial y m\u00e1s de 70% de la popularidad mundial de los viajes. Los titulares de pasaporte de Antigua tienen acceso sin visado a la zona Schengen de la UE, Reino Unido, Hong Kong, Singapur y m\u00e1s.<\/p>\n\n\n\n<p>Obtenga m\u00e1s informaci\u00f3n en nuestro Informe de Inversi\u00f3n del Pasaporte a Antigua.<\/p>\n\n\n\n<ul class=\"wp-block-list\">\n<li>Seguridad de un pasaporte Plan B<\/li>\n\n\n\n<li>Viajes sin visado a 161 pa\u00edses y territorios de todo el mundo<\/li>\n\n\n\n<li>Vivir, trabajar y estudiar en Antigua y otros pa\u00edses de la CARICOM<\/li>\n\n\n\n<li>Diversifique sus activos fuera de su regi\u00f3n actual<\/li>\n\n\n\n<li>No es necesario trasladarse a Antigua una vez obtenida la nacionalidad<\/li>\n\n\n\n<li>Sin proceso de entrevistas<\/li>\n\n\n\n<li>Incentivos fiscales a la residencia<\/li>\n<\/ul>\n\n\n\n<h4 class=\"wp-block-heading\">Ventajas de a\u00f1adir un pasaporte de Antigua y Barbuda<\/h4>\n\n\n\n<p>A la hora de invertir en una segunda nacionalidad y un segundo pasaporte, es importante saber exactamente c\u00f3mo se combina su pasaporte actual para proporcionar acceso sin visado a todo el mundo. No s\u00f3lo midiendo el n\u00famero de destinos libres de visado, sino dando peso a la importancia y popularidad de esos destinos. S\u00f3lo Universal visa de inversi\u00f3n proporciona un an\u00e1lisis tan completo para el Pasaporte de Antigua y para los pasaportes a trav\u00e9s de otros&nbsp;<a href=\"https:\/\/investmentvisacn.com\/es\/ciudadania\/\" data-type=\"page\" data-id=\"375\">programas de inversi\u00f3n en ciudadan\u00eda<\/a>&nbsp;utilizando sofisticadas medidas desarrolladas para viajes de negocios y de ocio. P\u00f3ngase en contacto con nosotros y hable con uno de nuestros asesores para obtener un informe gratuito adaptado a su nacionalidad y pasaporte.<\/p>\n\n\n\n<h4 class=\"wp-block-heading\">Comprar inmuebles Antigua<\/h4>\n\n\n\n<p>Situadas en el Mar Caribe, las islas de Antigua y Barbuda ofrecen un para\u00edso tropical con playas impresionantes, aguas azules cristalinas y temperaturas c\u00e1lidas durante todo el a\u00f1o. Con sus numerosas ventajas para los inversores, la compra de bienes inmuebles en Antigua puede ser una gran opci\u00f3n para aquellos que buscan hacer una inversi\u00f3n a largo plazo o simplemente comprar una casa de vacaciones. Antigua cuenta con algunos de los paisajes y vistas m\u00e1s atractivos del Caribe, una econom\u00eda pr\u00f3spera y acceso a servicios como campos de golf, puertos deportivos y una gran variedad de complejos tur\u00edsticos de lujo. P\u00f3ngase en contacto con nosotros para obtener m\u00e1s informaci\u00f3n sobre las opciones disponibles.<\/p>\n\n\n\n<h4 class=\"wp-block-heading\">\u00bfPor qu\u00e9 obtener una segunda nacionalidad por inversi\u00f3n?<\/h4>\n\n\n\n<p>Para quienes desean disfrutar de una mayor libertad, la segunda nacionalidad por inversi\u00f3n ofrece una v\u00eda para obtener un segundo pasaporte y aumentar las opciones de viajar sin visado. Quienes buscan un segundo pasaporte suelen hacerlo con el objetivo de acceder a nuevas oportunidades de negocio, mayor movilidad y libertad financiera, y las ventajas de obtener un segundo pasaporte por inversi\u00f3n pueden ser muchas. Esto hace que la segunda nacionalidad por inversi\u00f3n sea una opci\u00f3n atractiva para muchas personas.<\/p>\n\n\n\n<h4 class=\"wp-block-heading\">Ventajas de la segunda nacionalidad por inversi\u00f3n<\/h4>\n\n\n\n<ul class=\"wp-block-list\">\n<li>La segunda nacionalidad puede proporcionar acceso sin visado a numerosos pa\u00edses. Dependiendo de la naci\u00f3n que elija, esto podr\u00eda abrirle la posibilidad de trabajar y vivir en el extranjero sin restricciones ni retrasos por los largos procesos de solicitud de visados.<\/li>\n\n\n\n<li>Tener la doble nacionalidad puede concederle ciertas ventajas fiscales junto con libertades econ\u00f3micas y pol\u00edticas adicionales, as\u00ed como una mayor seguridad para los miembros de su familia.<\/li>\n\n\n\n<li>La ciudadan\u00eda por inversi\u00f3n permite nuevas oportunidades de negocio y desarrollo.<\/li>\n\n\n\n<li>La segunda nacionalidad le concede pleno acceso a una nueva zona del mundo, lo que le permite sumergirse en culturas y entornos diferentes.<\/li>\n\n\n\n<li>Algunos programas ofrecen plazos de tramitaci\u00f3n r\u00e1pidos, lo que significa que puede recibir su segunda nacionalidad en tan solo 3 meses, dependiendo del pa\u00eds.<\/li>\n<\/ul>\n\n\n\n<h4 class=\"wp-block-heading\">Ciudadan\u00eda por inversi\u00f3n inmobiliaria<\/h4>\n\n\n\n<p>Algunos pa\u00edses como&nbsp;<a href=\"https:\/\/investmentvisacn.com\/es\/programa-de-ciudadania-por-inversion-de-dominica\/\" data-type=\"post\" data-id=\"254\">Dominica<\/a>&nbsp;y&nbsp;<a href=\"https:\/\/investmentvisacn.com\/es\/ciudadania-granadina\/\" data-type=\"page\" data-id=\"369\">Granada<\/a>&nbsp;permiten la inversi\u00f3n inmobiliaria en proyectos aprobados por el gobierno como opci\u00f3n para obtener la ciudadan\u00eda. Vea a continuaci\u00f3n una selecci\u00f3n de las mejores opciones que se ofrecen.<\/p>\n\n\n\n<h4 class=\"wp-block-heading\">Ciudadan\u00eda por inversi\u00f3n inmobiliaria<\/h4>\n\n\n\n<p>Situadas en el Mar Caribe, las islas de Antigua y Barbuda ofrecen un para\u00edso tropical con playas impresionantes, aguas azules cristalinas y temperaturas c\u00e1lidas durante todo el a\u00f1o. Con sus numerosas ventajas para los inversores, la compra de bienes inmuebles en Antigua puede ser una gran opci\u00f3n para aquellos que buscan hacer una inversi\u00f3n a largo plazo o simplemente comprar una casa de vacaciones. Antigua cuenta con algunos de los paisajes y vistas m\u00e1s atractivos del Caribe, una econom\u00eda pr\u00f3spera y acceso a servicios como campos de golf, puertos deportivos y una gran variedad de complejos tur\u00edsticos de lujo. P\u00f3ngase en contacto con nosotros para obtener m\u00e1s informaci\u00f3n sobre las opciones disponibles.<\/p>","protected":false},"excerpt":{"rendered":"<p>Overview of Antigua and Barbuda\u2019s Citizenship by Investment Programme Antigua and Barbuda\u2019s Citizenship by Investment programme was first launched by the government in 2013. The programme helps Antigua attract direct foreign investment to the country, boosting economic growth across the nation and fund key community-focused projects and infrastructure. High-net-worth individuals and their families from all [&hellip;]<\/p>\n","protected":false},"author":1,"featured_media":0,"parent":0,"menu_order":0,"comment_status":"closed","ping_status":"closed","template":"","meta":{"footnotes":""},"class_list":["post-256","page","type-page","status-publish","hentry"],"yoast_head":"<!-- This site is optimized with the Yoast SEO plugin v27.3 - https:\/\/yoast.com\/product\/yoast-seo-wordpress\/ -->\n<title>Antigua and Barbuda Citizenship by Investment - Investment Visa CN<\/title>\n<meta name=\"robots\" content=\"index, follow, max-snippet:-1, max-image-preview:large, max-video-preview:-1\" \/>\n<link rel=\"canonical\" href=\"https:\/\/investmentvisacn.com\/es\/antigua-y-barbuda-ciudadania-por-inversion\/\" \/>\n<meta property=\"og:locale\" content=\"es_ES\" \/>\n<meta property=\"og:type\" content=\"article\" \/>\n<meta property=\"og:title\" content=\"Antigua and Barbuda Citizenship by Investment - Investment Visa CN\" \/>\n<meta property=\"og:description\" content=\"Overview of Antigua and Barbuda\u2019s Citizenship by Investment Programme Antigua and Barbuda\u2019s Citizenship by Investment programme was first launched by the government in 2013. The programme helps Antigua attract direct foreign investment to the country, boosting economic growth across the nation and fund key community-focused projects and infrastructure. High-net-worth individuals and their families from all [&hellip;]\" \/>\n<meta property=\"og:url\" content=\"https:\/\/investmentvisacn.com\/es\/antigua-y-barbuda-ciudadania-por-inversion\/\" \/>\n<meta property=\"og:site_name\" content=\"Investment Visa CN\" \/>\n<meta property=\"article:modified_time\" content=\"2024-09-11T14:36:28+00:00\" \/>\n<meta name=\"twitter:card\" content=\"summary_large_image\" \/>\n<meta name=\"twitter:label1\" content=\"Tiempo de lectura\" \/>\n\t<meta name=\"twitter:data1\" content=\"9 minutos\" \/>\n<script type=\"application\/ld+json\" class=\"yoast-schema-graph\">{\"@context\":\"https:\\\/\\\/schema.org\",\"@graph\":[{\"@type\":\"WebPage\",\"@id\":\"https:\\\/\\\/investmentvisacn.com\\\/antigua-and-barbuda-citizenship-by-investment\\\/\",\"url\":\"https:\\\/\\\/investmentvisacn.com\\\/antigua-and-barbuda-citizenship-by-investment\\\/\",\"name\":\"Antigua and Barbuda Citizenship by Investment - Investment Visa CN\",\"isPartOf\":{\"@id\":\"https:\\\/\\\/investmentvisacn.com\\\/#website\"},\"datePublished\":\"2024-08-13T21:10:46+00:00\",\"dateModified\":\"2024-09-11T14:36:28+00:00\",\"breadcrumb\":{\"@id\":\"https:\\\/\\\/investmentvisacn.com\\\/antigua-and-barbuda-citizenship-by-investment\\\/#breadcrumb\"},\"inLanguage\":\"es\",\"potentialAction\":[{\"@type\":\"ReadAction\",\"target\":[\"https:\\\/\\\/investmentvisacn.com\\\/antigua-and-barbuda-citizenship-by-investment\\\/\"]}]},{\"@type\":\"BreadcrumbList\",\"@id\":\"https:\\\/\\\/investmentvisacn.com\\\/antigua-and-barbuda-citizenship-by-investment\\\/#breadcrumb\",\"itemListElement\":[{\"@type\":\"ListItem\",\"position\":1,\"name\":\"Home\",\"item\":\"https:\\\/\\\/investmentvisacn.com\\\/\"},{\"@type\":\"ListItem\",\"position\":2,\"name\":\"Antigua and Barbuda Citizenship by Investment\"}]},{\"@type\":\"WebSite\",\"@id\":\"https:\\\/\\\/investmentvisacn.com\\\/#website\",\"url\":\"https:\\\/\\\/investmentvisacn.com\\\/\",\"name\":\"Investment Visa CN\",\"description\":\"Global Investment &amp; Visa Solutions You Can Trust\",\"publisher\":{\"@id\":\"https:\\\/\\\/investmentvisacn.com\\\/#organization\"},\"potentialAction\":[{\"@type\":\"SearchAction\",\"target\":{\"@type\":\"EntryPoint\",\"urlTemplate\":\"https:\\\/\\\/investmentvisacn.com\\\/?s={search_term_string}\"},\"query-input\":{\"@type\":\"PropertyValueSpecification\",\"valueRequired\":true,\"valueName\":\"search_term_string\"}}],\"inLanguage\":\"es\"},{\"@type\":\"Organization\",\"@id\":\"https:\\\/\\\/investmentvisacn.com\\\/#organization\",\"name\":\"Investment Visa CN\",\"url\":\"https:\\\/\\\/investmentvisacn.com\\\/\",\"logo\":{\"@type\":\"ImageObject\",\"inLanguage\":\"es\",\"@id\":\"https:\\\/\\\/investmentvisacn.com\\\/#\\\/schema\\\/logo\\\/image\\\/\",\"url\":\"https:\\\/\\\/investmentvisacn.com\\\/wp-content\\\/uploads\\\/2024\\\/08\\\/universalinvestmentvisa.png\",\"contentUrl\":\"https:\\\/\\\/investmentvisacn.com\\\/wp-content\\\/uploads\\\/2024\\\/08\\\/universalinvestmentvisa.png\",\"width\":180,\"height\":60,\"caption\":\"Investment Visa CN\"},\"image\":{\"@id\":\"https:\\\/\\\/investmentvisacn.com\\\/#\\\/schema\\\/logo\\\/image\\\/\"}}]}<\/script>\n<!-- \/ Yoast SEO plugin. -->","yoast_head_json":{"title":"Antigua y Barbuda Ciudadan\u00eda por inversi\u00f3n - Visado de inversi\u00f3n CN","robots":{"index":"index","follow":"follow","max-snippet":"max-snippet:-1","max-image-preview":"max-image-preview:large","max-video-preview":"max-video-preview:-1"},"canonical":"https:\/\/investmentvisacn.com\/es\/antigua-y-barbuda-ciudadania-por-inversion\/","og_locale":"es_ES","og_type":"article","og_title":"Antigua and Barbuda Citizenship by Investment - Investment Visa CN","og_description":"Overview of Antigua and Barbuda\u2019s Citizenship by Investment Programme Antigua and Barbuda\u2019s Citizenship by Investment programme was first launched by the government in 2013. The programme helps Antigua attract direct foreign investment to the country, boosting economic growth across the nation and fund key community-focused projects and infrastructure. High-net-worth individuals and their families from all [&hellip;]","og_url":"https:\/\/investmentvisacn.com\/es\/antigua-y-barbuda-ciudadania-por-inversion\/","og_site_name":"Investment Visa CN","article_modified_time":"2024-09-11T14:36:28+00:00","twitter_card":"summary_large_image","twitter_misc":{"Tiempo de lectura":"9 minutos"},"schema":{"@context":"https:\/\/schema.org","@graph":[{"@type":"WebPage","@id":"https:\/\/investmentvisacn.com\/antigua-and-barbuda-citizenship-by-investment\/","url":"https:\/\/investmentvisacn.com\/antigua-and-barbuda-citizenship-by-investment\/","name":"Antigua y Barbuda Ciudadan\u00eda por inversi\u00f3n - Visado de inversi\u00f3n CN","isPartOf":{"@id":"https:\/\/investmentvisacn.com\/#website"},"datePublished":"2024-08-13T21:10:46+00:00","dateModified":"2024-09-11T14:36:28+00:00","breadcrumb":{"@id":"https:\/\/investmentvisacn.com\/antigua-and-barbuda-citizenship-by-investment\/#breadcrumb"},"inLanguage":"es","potentialAction":[{"@type":"ReadAction","target":["https:\/\/investmentvisacn.com\/antigua-and-barbuda-citizenship-by-investment\/"]}]},{"@type":"BreadcrumbList","@id":"https:\/\/investmentvisacn.com\/antigua-and-barbuda-citizenship-by-investment\/#breadcrumb","itemListElement":[{"@type":"ListItem","position":1,"name":"Home","item":"https:\/\/investmentvisacn.com\/"},{"@type":"ListItem","position":2,"name":"Antigua and Barbuda Citizenship by Investment"}]},{"@type":"WebSite","@id":"https:\/\/investmentvisacn.com\/#website","url":"https:\/\/investmentvisacn.com\/","name":"Visado de inversi\u00f3n CN","description":"Soluciones globales de inversi\u00f3n y visados en las que puede confiar","publisher":{"@id":"https:\/\/investmentvisacn.com\/#organization"},"potentialAction":[{"@type":"SearchAction","target":{"@type":"EntryPoint","urlTemplate":"https:\/\/investmentvisacn.com\/?s={search_term_string}"},"query-input":{"@type":"PropertyValueSpecification","valueRequired":true,"valueName":"search_term_string"}}],"inLanguage":"es"},{"@type":"Organization","@id":"https:\/\/investmentvisacn.com\/#organization","name":"Visado de inversi\u00f3n CN","url":"https:\/\/investmentvisacn.com\/","logo":{"@type":"ImageObject","inLanguage":"es","@id":"https:\/\/investmentvisacn.com\/#\/schema\/logo\/image\/","url":"https:\/\/investmentvisacn.com\/wp-content\/uploads\/2024\/08\/universalinvestmentvisa.png","contentUrl":"https:\/\/investmentvisacn.com\/wp-content\/uploads\/2024\/08\/universalinvestmentvisa.png","width":180,"height":60,"caption":"Investment Visa CN"},"image":{"@id":"https:\/\/investmentvisacn.com\/#\/schema\/logo\/image\/"}}]}},"_links":{"self":[{"href":"https:\/\/investmentvisacn.com\/es\/wp-json\/wp\/v2\/pages\/256","targetHints":{"allow":["GET"]}}],"collection":[{"href":"https:\/\/investmentvisacn.com\/es\/wp-json\/wp\/v2\/pages"}],"about":[{"href":"https:\/\/investmentvisacn.com\/es\/wp-json\/wp\/v2\/types\/page"}],"author":[{"embeddable":true,"href":"https:\/\/investmentvisacn.com\/es\/wp-json\/wp\/v2\/users\/1"}],"replies":[{"embeddable":true,"href":"https:\/\/investmentvisacn.com\/es\/wp-json\/wp\/v2\/comments?post=256"}],"version-history":[{"count":5,"href":"https:\/\/investmentvisacn.com\/es\/wp-json\/wp\/v2\/pages\/256\/revisions"}],"predecessor-version":[{"id":609,"href":"https:\/\/investmentvisacn.com\/es\/wp-json\/wp\/v2\/pages\/256\/revisions\/609"}],"wp:attachment":[{"href":"https:\/\/investmentvisacn.com\/es\/wp-json\/wp\/v2\/media?parent=256"}],"curies":[{"name":"wp","href":"https:\/\/api.w.org\/{rel}","templated":true}]}}