{"id":250,"date":"2024-08-13T20:35:40","date_gmt":"2024-08-13T20:35:40","guid":{"rendered":"https:\/\/universalinvestmentvisa.com\/?page_id=250"},"modified":"2024-08-24T08:25:01","modified_gmt":"2024-08-24T08:25:01","slug":"visado-de-oro-para-grecia","status":"publish","type":"page","link":"https:\/\/investmentvisacn.com\/es\/greece-golden-visa\/","title":{"rendered":"Grecia Golden Visa"},"content":{"rendered":"<h2 class=\"wp-block-heading\">Grecia Visado de Oro<\/h2>\n\n\n\n<p>Lanzado en julio de 2013, el programa griego Golden Visa concede un visado de residencia de cinco a\u00f1os a cambio de una inversi\u00f3n inmobiliaria. No hay requisito de estancia m\u00ednima y los hijos de hasta 21 a\u00f1os se incluyen en la solicitud familiar. El visado se concede por cinco a\u00f1os y se renueva cada cinco a\u00f1os si se mantiene la inversi\u00f3n inmobiliaria. No es necesario vivir en el pa\u00eds para conservar y renovar el visado de inversor. Sin embargo, la nacionalidad s\u00f3lo puede concederse tras siete a\u00f1os de residencia.<\/p>\n\n\n\n<p class=\"has-text-align-center\"><a href=\"https:\/\/investmentvisacn.com\/es\/contacto\/\">Contacto-Asesor<\/a><\/p>\n\n\n\n<h3 class=\"wp-block-heading\">Grecia Golden Visa Ventajas<\/h3>\n\n\n\n<p>Grecia ofrece uno de los programas Golden Visa m\u00e1s rentables de Europa. La principal ventaja del programa Golden Visa de Grecia es que los solicitantes obtendr\u00e1n la residencia permanente griega en pocos meses, tras una inversi\u00f3n inmobiliaria de 250.000 euros. El permiso de residencia griego permitir\u00e1 al titular vivir, trabajar y estudiar en Grecia, si as\u00ed lo desea, aunque esto no es un requisito del programa Golden Visa. Como Grecia forma parte de la Zona Schengen, los residentes griegos pueden viajar sin visado al resto de la Zona Schengen de la UE, pudiendo pasar hasta 90 d\u00edas cada 180 en otros Estados Schengen.<\/p>\n\n\n\n<h3 class=\"wp-block-heading\">Beneficios clave:<\/h3>\n\n\n\n<ul class=\"wp-block-list\">\n<li>Tramitaci\u00f3n r\u00e1pida del permiso de residencia<\/li>\n\n\n\n<li>Tasas reducidas<\/li>\n\n\n\n<li>Bajas tasas de renovaci\u00f3n<\/li>\n\n\n\n<li>Propiedad inmobiliaria en Grecia: diversifique sus activos<\/li>\n\n\n\n<li>Viajes sin visado por la zona Schengen de la UE<\/li>\n<\/ul>\n\n\n\n<p>Inversi\u00f3n m\u00ednima de 250.000 euros<br>Antecedentes penales limpios<br>Abierto a solicitantes de fuera de la UE<\/p>\n\n\n\n<p>Residencia familiar completa<br>Hijos a cargo<br>Familiares dependientes<\/p>\n\n\n\n<p>No se exige estancia m\u00ednima<br>Sin entrevista<br>Sin prueba de idiomas<\/p>\n\n\n\n<p>Residencia en un pa\u00eds de la UE<br>Viajar por el espacio Schengen de la UE<br>Ciudadan\u00eda 7 a\u00f1os o m\u00e1s de residencia<\/p>\n\n\n\n<ol class=\"wp-block-list\">\n<li><\/li>\n<\/ol>\n\n\n\n<h4 class=\"wp-block-heading\">\u00bfCu\u00e1nto cuesta el Golden Visa Grecia?<\/h4>\n\n\n\n<p>Tras una inversi\u00f3n de 250.000 euros en bienes inmuebles griegos, el proceso para obtener un Golden Visa griego es relativamente sencillo y r\u00e1pido.<\/p>\n\n\n\n<p>En&nbsp;<strong><em>Mayo de 2023<\/em><\/strong>, el requisito de bienes inmuebles va a aumentar de 250.000 euros a 500.000 euros en determinados municipios de Grecia, como Atenas, Sal\u00f3nica, Glyfada, Mykonos y Santorini. Universal Investment visa est\u00e1 siguiendo de cerca la situaci\u00f3n y proporcionar\u00e1 m\u00e1s actualizaciones cuando est\u00e9n disponibles.<\/p>\n\n\n\n<p>Los gastos gubernamentales, notariales y legales de la compra de la propiedad y la solicitud del visado ascender\u00e1n a unos 15.000 euros. Adem\u00e1s, hay que pagar el IVA en Grecia por la compra de la vivienda.<\/p>\n\n\n\n<h4 class=\"wp-block-heading\">Requisitos visado Grecia Golden<\/h4>\n\n\n\n<p>Adem\u00e1s de realizar la inversi\u00f3n inmobiliaria necesaria, existen varios requisitos que los solicitantes deben cumplir:<\/p>\n\n\n\n<ul class=\"wp-block-list\">\n<li>Antecedentes penales limpios<\/li>\n\n\n\n<li>Fondos y asistencia sanitaria suficientes para cubrir su estancia<\/li>\n\n\n\n<li>Ninguna denegaci\u00f3n previa de visado Schengen<\/li>\n\n\n\n<li>Los solicitantes deber\u00e1n ser no residentes en la UE<\/li>\n<\/ul>\n\n\n\n<h4 class=\"wp-block-heading\">Su presupuesto gratuito<\/h4>\n\n\n\n<hr class=\"wp-block-separator has-alpha-channel-opacity\"\/>\n\n\n\n<h3 class=\"wp-block-heading\">C\u00f3mo solicitar el Golden Visa en Grecia<\/h3>\n\n\n\n<p>Reserve su consulta gratuita con el equipo de expertos en visados de Universal para debatir y decidir qu\u00e9 programa y v\u00eda de inversi\u00f3n son los m\u00e1s adecuados para usted y su familia. Nuestros experimentados consultores le asesorar\u00e1n sobre todas las tasas aplicables y le guiar\u00e1n a trav\u00e9s de todo el proceso en detalle.<\/p>\n\n\n\n<p>Puede elegir su inversi\u00f3n inmobiliaria a distancia a trav\u00e9s de nuestros asesores de confianza, o puede visitar Grecia para seleccionar su inversi\u00f3n y designar a un abogado que se encargue de la transmisi\u00f3n en su nombre. A trav\u00e9s de un poder notarial la compra de la propiedad se puede completar en el notario en su ausencia.<\/p>\n\n\n\n<p>Una vez finalizada la inversi\u00f3n inmobiliaria, normalmente en un plazo de 30 d\u00edas, podr\u00e1 solicitar el visado Golden Visa de Grecia. Los clientes tendr\u00e1n que acudir a una cita de solicitud para presentar sus datos biom\u00e9tricos, o se puede presentar en los seis meses siguientes a la cita.<\/p>\n\n\n\n<p>Una vez aprobada su solicitud de visado dorado, se le expedir\u00e1 un permiso de residencia permanente griego de cinco a\u00f1os. Este permiso puede renovarse cada cinco a\u00f1os siempre que se mantenga la inversi\u00f3n inmobiliaria en Grecia.<\/p>\n\n\n\n<ul class=\"wp-block-list\">\n<li>Primer paso<\/li>\n\n\n\n<li>Paso 2<\/li>\n\n\n\n<li>Paso 3<\/li>\n\n\n\n<li>Paso 4<\/li>\n<\/ul>\n\n\n\n<h4 class=\"wp-block-heading\">Grecia Golden Visa a trav\u00e9s de la inversi\u00f3n inmobiliaria<\/h4>\n\n\n\n<p>Los inversores inmobiliarios en Grecia tambi\u00e9n deben tener en cuenta los impuestos adicionales sobre bienes inmuebles, que ascienden a 3%- 24%. A 250.000 euros + impuestos y tasas (algo m\u00e1s de 300.000 euros en total), este programa ofrece uno de los programas de residencia m\u00e1s baratos de Europa. Universal Investment Visa ofrece opciones inmobiliarias en varios lugares de Grecia. Atenas ha demostrado ser uno de los lugares m\u00e1s populares para los inversores extranjeros debido a sus conexiones de vuelos internacionales, y fuertes ROI.<\/p>","protected":false},"excerpt":{"rendered":"<p>Greece Golden Visa Overview Launched in July 2013 the Greek Golden Visa programme grants a five-year residency visa in return for an investment in real estate. There is no minimum stay requirement and children up to the age of 21 are included in the family application. The visa is granted for five years and renewed [&hellip;]<\/p>\n","protected":false},"author":1,"featured_media":0,"parent":0,"menu_order":0,"comment_status":"closed","ping_status":"closed","template":"","meta":{"footnotes":""},"class_list":["post-250","page","type-page","status-publish","hentry"],"yoast_head":"<!-- This site is optimized with the Yoast SEO plugin v27.3 - https:\/\/yoast.com\/product\/yoast-seo-wordpress\/ -->\n<title>Greece Golden Visa - Investment Visa CN<\/title>\n<meta name=\"robots\" content=\"index, follow, max-snippet:-1, max-image-preview:large, max-video-preview:-1\" \/>\n<link rel=\"canonical\" href=\"https:\/\/investmentvisacn.com\/es\/visado-de-oro-para-grecia\/\" \/>\n<meta property=\"og:locale\" content=\"es_ES\" \/>\n<meta property=\"og:type\" content=\"article\" \/>\n<meta property=\"og:title\" content=\"Greece Golden Visa - Investment Visa CN\" \/>\n<meta property=\"og:description\" content=\"Greece Golden Visa Overview Launched in July 2013 the Greek Golden Visa programme grants a five-year residency visa in return for an investment in real estate. There is no minimum stay requirement and children up to the age of 21 are included in the family application. The visa is granted for five years and renewed [&hellip;]\" \/>\n<meta property=\"og:url\" content=\"https:\/\/investmentvisacn.com\/es\/visado-de-oro-para-grecia\/\" \/>\n<meta property=\"og:site_name\" content=\"Investment Visa CN\" \/>\n<meta property=\"article:modified_time\" content=\"2024-08-24T08:25:01+00:00\" \/>\n<meta name=\"twitter:card\" content=\"summary_large_image\" \/>\n<meta name=\"twitter:label1\" content=\"Tiempo de lectura\" \/>\n\t<meta name=\"twitter:data1\" content=\"3 minutos\" \/>\n<script type=\"application\/ld+json\" class=\"yoast-schema-graph\">{\"@context\":\"https:\\\/\\\/schema.org\",\"@graph\":[{\"@type\":\"WebPage\",\"@id\":\"https:\\\/\\\/investmentvisacn.com\\\/greece-golden-visa\\\/\",\"url\":\"https:\\\/\\\/investmentvisacn.com\\\/greece-golden-visa\\\/\",\"name\":\"Greece Golden Visa - Investment Visa CN\",\"isPartOf\":{\"@id\":\"https:\\\/\\\/investmentvisacn.com\\\/#website\"},\"datePublished\":\"2024-08-13T20:35:40+00:00\",\"dateModified\":\"2024-08-24T08:25:01+00:00\",\"breadcrumb\":{\"@id\":\"https:\\\/\\\/investmentvisacn.com\\\/greece-golden-visa\\\/#breadcrumb\"},\"inLanguage\":\"es\",\"potentialAction\":[{\"@type\":\"ReadAction\",\"target\":[\"https:\\\/\\\/investmentvisacn.com\\\/greece-golden-visa\\\/\"]}]},{\"@type\":\"BreadcrumbList\",\"@id\":\"https:\\\/\\\/investmentvisacn.com\\\/greece-golden-visa\\\/#breadcrumb\",\"itemListElement\":[{\"@type\":\"ListItem\",\"position\":1,\"name\":\"Home\",\"item\":\"https:\\\/\\\/investmentvisacn.com\\\/\"},{\"@type\":\"ListItem\",\"position\":2,\"name\":\"Greece Golden Visa\"}]},{\"@type\":\"WebSite\",\"@id\":\"https:\\\/\\\/investmentvisacn.com\\\/#website\",\"url\":\"https:\\\/\\\/investmentvisacn.com\\\/\",\"name\":\"Investment Visa CN\",\"description\":\"Global Investment &amp; Visa Solutions You Can Trust\",\"publisher\":{\"@id\":\"https:\\\/\\\/investmentvisacn.com\\\/#organization\"},\"potentialAction\":[{\"@type\":\"SearchAction\",\"target\":{\"@type\":\"EntryPoint\",\"urlTemplate\":\"https:\\\/\\\/investmentvisacn.com\\\/?s={search_term_string}\"},\"query-input\":{\"@type\":\"PropertyValueSpecification\",\"valueRequired\":true,\"valueName\":\"search_term_string\"}}],\"inLanguage\":\"es\"},{\"@type\":\"Organization\",\"@id\":\"https:\\\/\\\/investmentvisacn.com\\\/#organization\",\"name\":\"Investment Visa CN\",\"url\":\"https:\\\/\\\/investmentvisacn.com\\\/\",\"logo\":{\"@type\":\"ImageObject\",\"inLanguage\":\"es\",\"@id\":\"https:\\\/\\\/investmentvisacn.com\\\/#\\\/schema\\\/logo\\\/image\\\/\",\"url\":\"https:\\\/\\\/investmentvisacn.com\\\/wp-content\\\/uploads\\\/2024\\\/08\\\/universalinvestmentvisa.png\",\"contentUrl\":\"https:\\\/\\\/investmentvisacn.com\\\/wp-content\\\/uploads\\\/2024\\\/08\\\/universalinvestmentvisa.png\",\"width\":180,\"height\":60,\"caption\":\"Investment Visa CN\"},\"image\":{\"@id\":\"https:\\\/\\\/investmentvisacn.com\\\/#\\\/schema\\\/logo\\\/image\\\/\"}}]}<\/script>\n<!-- \/ Yoast SEO plugin. -->","yoast_head_json":{"title":"Grecia Golden Visa - Visado de inversi\u00f3n CN","robots":{"index":"index","follow":"follow","max-snippet":"max-snippet:-1","max-image-preview":"max-image-preview:large","max-video-preview":"max-video-preview:-1"},"canonical":"https:\/\/investmentvisacn.com\/es\/visado-de-oro-para-grecia\/","og_locale":"es_ES","og_type":"article","og_title":"Greece Golden Visa - Investment Visa CN","og_description":"Greece Golden Visa Overview Launched in July 2013 the Greek Golden Visa programme grants a five-year residency visa in return for an investment in real estate. There is no minimum stay requirement and children up to the age of 21 are included in the family application. The visa is granted for five years and renewed [&hellip;]","og_url":"https:\/\/investmentvisacn.com\/es\/visado-de-oro-para-grecia\/","og_site_name":"Investment Visa CN","article_modified_time":"2024-08-24T08:25:01+00:00","twitter_card":"summary_large_image","twitter_misc":{"Tiempo de lectura":"3 minutos"},"schema":{"@context":"https:\/\/schema.org","@graph":[{"@type":"WebPage","@id":"https:\/\/investmentvisacn.com\/greece-golden-visa\/","url":"https:\/\/investmentvisacn.com\/greece-golden-visa\/","name":"Grecia Golden Visa - Visado de inversi\u00f3n CN","isPartOf":{"@id":"https:\/\/investmentvisacn.com\/#website"},"datePublished":"2024-08-13T20:35:40+00:00","dateModified":"2024-08-24T08:25:01+00:00","breadcrumb":{"@id":"https:\/\/investmentvisacn.com\/greece-golden-visa\/#breadcrumb"},"inLanguage":"es","potentialAction":[{"@type":"ReadAction","target":["https:\/\/investmentvisacn.com\/greece-golden-visa\/"]}]},{"@type":"BreadcrumbList","@id":"https:\/\/investmentvisacn.com\/greece-golden-visa\/#breadcrumb","itemListElement":[{"@type":"ListItem","position":1,"name":"Home","item":"https:\/\/investmentvisacn.com\/"},{"@type":"ListItem","position":2,"name":"Greece Golden Visa"}]},{"@type":"WebSite","@id":"https:\/\/investmentvisacn.com\/#website","url":"https:\/\/investmentvisacn.com\/","name":"Visado de inversi\u00f3n CN","description":"Soluciones globales de inversi\u00f3n y visados en las que puede confiar","publisher":{"@id":"https:\/\/investmentvisacn.com\/#organization"},"potentialAction":[{"@type":"SearchAction","target":{"@type":"EntryPoint","urlTemplate":"https:\/\/investmentvisacn.com\/?s={search_term_string}"},"query-input":{"@type":"PropertyValueSpecification","valueRequired":true,"valueName":"search_term_string"}}],"inLanguage":"es"},{"@type":"Organization","@id":"https:\/\/investmentvisacn.com\/#organization","name":"Visado de inversi\u00f3n CN","url":"https:\/\/investmentvisacn.com\/","logo":{"@type":"ImageObject","inLanguage":"es","@id":"https:\/\/investmentvisacn.com\/#\/schema\/logo\/image\/","url":"https:\/\/investmentvisacn.com\/wp-content\/uploads\/2024\/08\/universalinvestmentvisa.png","contentUrl":"https:\/\/investmentvisacn.com\/wp-content\/uploads\/2024\/08\/universalinvestmentvisa.png","width":180,"height":60,"caption":"Investment Visa CN"},"image":{"@id":"https:\/\/investmentvisacn.com\/#\/schema\/logo\/image\/"}}]}},"_links":{"self":[{"href":"https:\/\/investmentvisacn.com\/es\/wp-json\/wp\/v2\/pages\/250","targetHints":{"allow":["GET"]}}],"collection":[{"href":"https:\/\/investmentvisacn.com\/es\/wp-json\/wp\/v2\/pages"}],"about":[{"href":"https:\/\/investmentvisacn.com\/es\/wp-json\/wp\/v2\/types\/page"}],"author":[{"embeddable":true,"href":"https:\/\/investmentvisacn.com\/es\/wp-json\/wp\/v2\/users\/1"}],"replies":[{"embeddable":true,"href":"https:\/\/investmentvisacn.com\/es\/wp-json\/wp\/v2\/comments?post=250"}],"version-history":[{"count":3,"href":"https:\/\/investmentvisacn.com\/es\/wp-json\/wp\/v2\/pages\/250\/revisions"}],"predecessor-version":[{"id":476,"href":"https:\/\/investmentvisacn.com\/es\/wp-json\/wp\/v2\/pages\/250\/revisions\/476"}],"wp:attachment":[{"href":"https:\/\/investmentvisacn.com\/es\/wp-json\/wp\/v2\/media?parent=250"}],"curies":[{"name":"wp","href":"https:\/\/api.w.org\/{rel}","templated":true}]}}