{"id":537,"date":"2024-08-24T16:13:56","date_gmt":"2024-08-24T16:13:56","guid":{"rendered":"https:\/\/universalinvestmentvisa.com\/?page_id=537"},"modified":"2024-08-24T16:18:31","modified_gmt":"2024-08-24T16:18:31","slug":"lettland-goldenes-visum","status":"publish","type":"page","link":"https:\/\/investmentvisacn.com\/de\/latvia-golden-visa\/","title":{"rendered":"Lettland Goldenes Visum"},"content":{"rendered":"<div data-elementor-type=\"wp-page\" data-elementor-id=\"537\" class=\"elementor elementor-537\" data-elementor-post-type=\"page\">\n\t\t\t\t\t\t<section class=\"elementor-section elementor-top-section elementor-element elementor-element-c56ef37 elementor-section-stretched elementor-section-boxed elementor-section-height-default elementor-section-height-default\" data-id=\"c56ef37\" data-element_type=\"section\" data-e-type=\"section\" data-settings=\"{&quot;stretch_section&quot;:&quot;section-stretched&quot;}\">\n\t\t\t\t\t\t<div class=\"elementor-container elementor-column-gap-default\">\n\t\t\t\t\t<div class=\"elementor-column elementor-col-100 elementor-top-column elementor-element elementor-element-ac7a5c9\" data-id=\"ac7a5c9\" data-element_type=\"column\" data-e-type=\"column\">\n\t\t\t<div class=\"elementor-widget-wrap elementor-element-populated\">\n\t\t\t\t\t\t<div class=\"elementor-element elementor-element-3272b92 elementor-widget elementor-widget-heading\" data-id=\"3272b92\" data-element_type=\"widget\" data-e-type=\"widget\" data-widget_type=\"heading.default\">\n\t\t\t\t<div class=\"elementor-widget-container\">\n\t\t\t\t\t<h2 class=\"elementor-heading-title elementor-size-default\">Lettland Goldenes Visum<\/h2>\t\t\t\t<\/div>\n\t\t\t\t<\/div>\n\t\t\t\t<div class=\"elementor-element elementor-element-3e68e74 elementor-widget elementor-widget-text-editor\" data-id=\"3e68e74\" data-element_type=\"widget\" data-e-type=\"widget\" data-widget_type=\"text-editor.default\">\n\t\t\t\t<div class=\"elementor-widget-container\">\n\t\t\t\t\t\t\t\t\t<div class=\"post-head\" style=\"border-bottom: 1px solid #e6e6e6; padding-bottom: 13px; margin-bottom: 14px; color: #333333; font-family: 'Helvetica Neue', Helvetica, Arial, sans-serif; font-size: 14px;\"><h2 class=\"post-name\" style=\"font-family: inherit; line-height: 1; color: #000000; margin-top: 30px; margin-bottom: 0px; font-size: 34px; text-align: center;\"><span style=\"color: #000000;\">DAUERAUFENTHALT<\/span><\/h2><\/div><div class=\"post-content\" style=\"font-size: 0px; line-height: 0; padding-bottom: 44px; color: #333333; font-family: 'Helvetica Neue', Helvetica, Arial, sans-serif;\"><div style=\"font-size: 15px; line-height: 24px; color: #666666; margin-bottom: 24px;\"><p style=\"margin-bottom: 24px; font-size: 15px; line-height: 24px;\"><span style=\"color: #000000;\">Der Antragsteller kann eine Daueraufenthaltsgenehmigung f\u00fcr Lettland beantragen, wenn er sich mindestens f\u00fcnf Jahre im Land aufgehalten hat. Sie m\u00fcssen sich mindestens vier Jahre im Land aufgehalten haben und \u00fcber Kenntnisse der Sprache, der allgemeinen Geschichte und der Nationalhymne verf\u00fcgen.<\/span><\/p><h2 class=\"post-name\" style=\"font-family: inherit; line-height: 24px; color: #000000; margin-top: 20px; margin-bottom: 24px; font-size: 15px;\"><span style=\"color: #000000;\">Staatsb\u00fcrgerschaft<\/span><\/h2><p style=\"margin-bottom: 24px; font-size: 15px; line-height: 24px;\"><span style=\"color: #000000;\">Antragsteller k\u00f6nnen die lettische Staatsb\u00fcrgerschaft nach 10 Jahren Aufenthalt beantragen, vorausgesetzt, sie haben den gr\u00f6\u00dften Teil dieser Zeit in Lettland gewohnt. In Lettland gibt es kein direktes Programm zur Staatsb\u00fcrgerschaft durch Investitionen.<\/span><\/p><h2 class=\"post-name\" style=\"font-family: inherit; line-height: 24px; color: #000000; margin-top: 20px; margin-bottom: 24px; font-size: 15px;\"><span style=\"color: #000000;\">Unbefristete Aufenthaltsgenehmigung und Staatsb\u00fcrgerschaft<\/span><\/h2><p style=\"margin-bottom: 24px; font-size: 15px; line-height: 24px;\"><span style=\"color: #000000;\">F\u00fcnf Jahre nach Erhalt der Aufenthaltsgenehmigung kann der Antragsteller eine unbefristete Aufenthaltsgenehmigung beantragen. Um eine unbefristete Aufenthaltserlaubnis zu erhalten, muss der Bewerber vier der f\u00fcnf Jahre im Land gelebt und den grundlegenden lettischen Sprachtest auf der Stufe A2 erfolgreich bestanden haben. Der Antragsteller muss au\u00dferdem nachweislich \u00fcber Kenntnisse der allgemeinen Geschichte Lettlands und der Nationalhymne verf\u00fcgen. Um die lettische Staatsb\u00fcrgerschaft zu erhalten, m\u00fcssen die Bewerber auf ihre fr\u00fchere Staatsb\u00fcrgerschaft verzichten, wobei Ausnahmen m\u00f6glich sind.<\/span><\/p><h2 class=\"post-name\" style=\"font-family: inherit; line-height: 24px; color: #000000; margin-top: 20px; margin-bottom: 24px; font-size: 15px;\"><span style=\"color: #000000;\">SCHL\u00dcSSELFAKTEN<\/span><\/h2><ul style=\"margin-top: 0px; margin-bottom: 24px; font-size: 15px; line-height: 24px;\"><li style=\"font-size: 15px; line-height: 24px; margin-bottom: 24px;\"><span style=\"color: #000000;\">Unternehmensinvestition von 50.000 \u20ac, plus 10.000 \u20ac Spende, plus Geb\u00fchren.<\/span><\/li><li style=\"font-size: 15px; line-height: 24px; margin-bottom: 24px;\"><span style=\"color: #000000;\">Vollst\u00e4ndiger Familienwohnsitz<\/span><\/li><li style=\"font-size: 15px; line-height: 24px; margin-bottom: 24px;\"><span style=\"color: #000000;\">Flexibel. Kein Wohnsitzzwang.<\/span><\/li><li style=\"font-size: 15px; line-height: 24px; margin-bottom: 24px;\"><span style=\"color: #000000;\">Verl\u00e4ngerbar nach 5 Jahren<\/span><\/li><li style=\"font-size: 15px; line-height: 24px; margin-bottom: 24px;\"><span style=\"color: #000000;\">Schengen-Visum f\u00fcr die EU.<\/span><\/li><li style=\"font-size: 15px; line-height: 24px; margin-bottom: 24px;\"><span style=\"color: #000000;\">W\u00e4hrung der Eurozone<\/span><\/li><\/ul><p style=\"margin-bottom: 24px; font-size: 15px; line-height: 24px;\"><span style=\"color: #000000;\">Lettland ist Teil der Eurozone und geh\u00f6rt auch zur Schengen-Visazone. Ein Wohnsitz in Lettland erm\u00f6glicht es Investoren daher, in der gesamten Schengen-Visazone der EU zu reisen. Antragsteller k\u00f6nnen nach f\u00fcnf Jahren eine Daueraufenthaltsgenehmigung beantragen, m\u00fcssen aber den gr\u00f6\u00dften Teil dieser Zeit im Land gelebt haben. Die lettische Hauptstadt Riga ist nur 90 Flugminuten von Moskau entfernt. Die meisten Einwohner Lettlands sprechen Russisch, und Lettland ist ein beliebtes Ziel f\u00fcr Russen, die ein Investorenvisum, eine Aufenthaltsgenehmigung oder eine\u00a0<a style=\"color: #000000; line-height: 24px; margin-bottom: 24px;\" href=\"https:\/\/investmentvisacn.com\/de\/investitionen\/\">Staatsb\u00fcrgerschaft in Europa.<\/a><\/span><\/p><\/div><\/div>\t\t\t\t\t\t\t\t<\/div>\n\t\t\t\t<\/div>\n\t\t\t\t<div class=\"elementor-element elementor-element-e0f2af0 elementor-align-center elementor-widget elementor-widget-button\" data-id=\"e0f2af0\" data-element_type=\"widget\" data-e-type=\"widget\" data-widget_type=\"button.default\">\n\t\t\t\t<div class=\"elementor-widget-container\">\n\t\t\t\t\t\t\t\t\t<div class=\"elementor-button-wrapper\">\n\t\t\t\t\t<a class=\"elementor-button elementor-button-link elementor-size-sm\" href=\"#\">\n\t\t\t\t\t\t<span class=\"elementor-button-content-wrapper\">\n\t\t\t\t\t\t\t\t\t<span class=\"elementor-button-text\">Kontakt-Berater<\/span>\n\t\t\t\t\t<\/span>\n\t\t\t\t\t<\/a>\n\t\t\t\t<\/div>\n\t\t\t\t\t\t\t\t<\/div>\n\t\t\t\t<\/div>\n\t\t\t\t<section class=\"elementor-section elementor-inner-section elementor-element elementor-element-b660375 elementor-section-boxed elementor-section-height-default elementor-section-height-default\" data-id=\"b660375\" data-element_type=\"section\" data-e-type=\"section\">\n\t\t\t\t\t\t<div class=\"elementor-container elementor-column-gap-default\">\n\t\t\t\t\t<div class=\"elementor-column elementor-col-25 elementor-inner-column elementor-element elementor-element-c09cf31\" data-id=\"c09cf31\" data-element_type=\"column\" data-e-type=\"column\">\n\t\t\t<div class=\"elementor-widget-wrap elementor-element-populated\">\n\t\t\t\t\t\t<div class=\"elementor-element elementor-element-b1ad958 elementor-widget elementor-widget-text-editor\" data-id=\"b1ad958\" data-element_type=\"widget\" data-e-type=\"widget\" data-widget_type=\"text-editor.default\">\n\t\t\t\t<div class=\"elementor-widget-container\">\n\t\t\t\t\t\t\t\t\t<ul><li><div class=\"product-thumb\"><img fetchpriority=\"high\" decoding=\"async\" class=\"product-thumnail\" src=\"https:\/\/investmentvisacn.com\/assets\/images\/Vanuatu\/vanuatu-270.jpg\" alt=\"dd\" width=\"270\" height=\"270\" \/><\/div><div class=\"info\"><p><b class=\"categories\">Vanuatu<\/b><\/p><h4 class=\"product-title\"><a class=\"pr-name\" href=\"https:\/\/investmentvisacn.com\/de\/vanuatuische-staatsburgerschaft\/\">Mindestens $130.000 Spende<br \/>Option Immobilien<br \/>Staatsb\u00fcrgerschaft &amp; Reisepass<br \/>Seit langem etabliertes Programm<\/a><\/h4><\/div><\/li><\/ul>\t\t\t\t\t\t\t\t<\/div>\n\t\t\t\t<\/div>\n\t\t\t\t\t<\/div>\n\t\t<\/div>\n\t\t\t\t<div class=\"elementor-column elementor-col-25 elementor-inner-column elementor-element elementor-element-0d1240f\" data-id=\"0d1240f\" data-element_type=\"column\" data-e-type=\"column\">\n\t\t\t<div class=\"elementor-widget-wrap elementor-element-populated\">\n\t\t\t\t\t\t<div class=\"elementor-element elementor-element-4044fdf elementor-widget elementor-widget-text-editor\" data-id=\"4044fdf\" data-element_type=\"widget\" data-e-type=\"widget\" data-widget_type=\"text-editor.default\">\n\t\t\t\t<div class=\"elementor-widget-container\">\n\t\t\t\t\t\t\t\t\t<div class=\"product-thumb\"><img decoding=\"async\" class=\"product-thumnail\" src=\"https:\/\/investmentvisacn.com\/assets\/images\/Dominica-Republic\/dominica-270.jpg\" alt=\"dd\" width=\"270\" height=\"270\" \/><\/div><div class=\"info\"><p><b class=\"categories\">Dominica<\/b><\/p><h4 class=\"product-title\"><a class=\"pr-name\" href=\"https:\/\/investmentvisacn.com\/de\/antigua-und-barbuda-staatsburgerschaft-durch-investition\/\">Mindestens $200.000 Spende<br \/>Option Immobilien<br \/>Staatsb\u00fcrgerschaft &amp; Reisepass<br \/>Visumfreies Reisen 153 L\u00e4nder<\/a><\/h4><\/div>\t\t\t\t\t\t\t\t<\/div>\n\t\t\t\t<\/div>\n\t\t\t\t\t<\/div>\n\t\t<\/div>\n\t\t\t\t<div class=\"elementor-column elementor-col-25 elementor-inner-column elementor-element elementor-element-111302b\" data-id=\"111302b\" data-element_type=\"column\" data-e-type=\"column\">\n\t\t\t<div class=\"elementor-widget-wrap elementor-element-populated\">\n\t\t\t\t\t\t<div class=\"elementor-element elementor-element-bf1123d elementor-widget elementor-widget-text-editor\" data-id=\"bf1123d\" data-element_type=\"widget\" data-e-type=\"widget\" data-widget_type=\"text-editor.default\">\n\t\t\t\t<div class=\"elementor-widget-container\">\n\t\t\t\t\t\t\t\t\t<div class=\"product-thumb\"><a class=\"link-to-product\" href=\"https:\/\/investmentvisacn.com\/de\/goldenes-uae-visum\/\"><img decoding=\"async\" class=\"product-thumnail\" src=\"https:\/\/investmentvisacn.com\/assets\/images\/St-Lucia\/st-lucia-02.jpg\" alt=\"dd\" width=\"270\" height=\"270\" \/><\/a><\/div><div class=\"info\"><p><b class=\"categories\">St. Lucia<\/b><\/p><h4 class=\"product-title\"><a class=\"pr-name\" href=\"https:\/\/investmentvisacn.com\/de\/samoa-staatsburgerschaft\/\">Mindestens $250.000 Spende<br \/>Staatsb\u00fcrgerschaft &amp; Reisepass<br \/>Visumfreies Reisen 158 L\u00e4nder<br \/>EU Schengen Zone &amp; UK<\/a><\/h4><\/div>\t\t\t\t\t\t\t\t<\/div>\n\t\t\t\t<\/div>\n\t\t\t\t\t<\/div>\n\t\t<\/div>\n\t\t\t\t<div class=\"elementor-column elementor-col-25 elementor-inner-column elementor-element elementor-element-719cadb\" data-id=\"719cadb\" data-element_type=\"column\" data-e-type=\"column\">\n\t\t\t<div class=\"elementor-widget-wrap elementor-element-populated\">\n\t\t\t\t\t\t<div class=\"elementor-element elementor-element-4e5f5d0 elementor-widget elementor-widget-text-editor\" data-id=\"4e5f5d0\" data-element_type=\"widget\" data-e-type=\"widget\" data-widget_type=\"text-editor.default\">\n\t\t\t\t<div class=\"elementor-widget-container\">\n\t\t\t\t\t\t\t\t\t<div class=\"product-thumb\"><a class=\"link-to-product\" href=\"https:\/\/investmentvisacn.com\/de\/portugiesisches-goldvisum\/\"><img loading=\"lazy\" decoding=\"async\" class=\"product-thumnail\" src=\"https:\/\/investmentvisacn.com\/assets\/images\/Portugal\/portugal-01.jpg\" alt=\"dd\" width=\"270\" height=\"270\" \/><\/a><\/div><div class=\"info\"><p><b class=\"categories\">Portugal<\/b><\/p><h4 class=\"product-title\"><a class=\"pr-name\" href=\"https:\/\/investmentvisacn.com\/de\/portugiesisches-goldvisum\/\">Mindestens $500.000 + Kosten<br \/>Private Kapitalbeteiligung<br \/>Europ\u00e4ischer Wohnsitz<br \/>Reisen im EU-Schengen-Raum<br \/>Staatsb\u00fcrgerschaft beantragen 5 Jahre<\/a><\/h4><\/div>\t\t\t\t\t\t\t\t<\/div>\n\t\t\t\t<\/div>\n\t\t\t\t\t<\/div>\n\t\t<\/div>\n\t\t\t\t\t<\/div>\n\t\t<\/section>\n\t\t\t\t<div class=\"elementor-element elementor-element-f1fd1b1 elementor-align-center elementor-widget elementor-widget-button\" data-id=\"f1fd1b1\" data-element_type=\"widget\" data-e-type=\"widget\" data-widget_type=\"button.default\">\n\t\t\t\t<div class=\"elementor-widget-container\">\n\t\t\t\t\t\t\t\t\t<div class=\"elementor-button-wrapper\">\n\t\t\t\t\t<a class=\"elementor-button elementor-button-link elementor-size-sm\" href=\"https:\/\/investmentvisacn.com\/de\/investitionen\/\">\n\t\t\t\t\t\t<span class=\"elementor-button-content-wrapper\">\n\t\t\t\t\t\t\t\t\t<span class=\"elementor-button-text\">Alle anzeigen<\/span>\n\t\t\t\t\t<\/span>\n\t\t\t\t\t<\/a>\n\t\t\t\t<\/div>\n\t\t\t\t\t\t\t\t<\/div>\n\t\t\t\t<\/div>\n\t\t\t\t\t<\/div>\n\t\t<\/div>\n\t\t\t\t\t<\/div>\n\t\t<\/section>\n\t\t\t\t<\/div>","protected":false},"excerpt":{"rendered":"<p>Latvia Golden Visa PERMANENT RESIDENCE The applicant can apply for Latvian Permanent Residence after they have resided in the country for a minimum of five years. They must have resided in the country for a minimum of four of those years, have knowledge of the language, general history and national anthem. Citizenship Applicants can apply [&hellip;]<\/p>\n","protected":false},"author":1,"featured_media":0,"parent":0,"menu_order":0,"comment_status":"closed","ping_status":"closed","template":"","meta":{"footnotes":""},"class_list":["post-537","page","type-page","status-publish","hentry"],"yoast_head":"<!-- This site is optimized with the Yoast SEO plugin v27.3 - https:\/\/yoast.com\/product\/yoast-seo-wordpress\/ -->\n<title>Latvia Golden Visa - Investment Visa CN<\/title>\n<meta name=\"robots\" content=\"index, follow, max-snippet:-1, max-image-preview:large, max-video-preview:-1\" \/>\n<link rel=\"canonical\" href=\"https:\/\/investmentvisacn.com\/de\/lettland-goldenes-visum\/\" \/>\n<meta property=\"og:locale\" content=\"de_DE\" \/>\n<meta property=\"og:type\" content=\"article\" \/>\n<meta property=\"og:title\" content=\"Latvia Golden Visa - Investment Visa CN\" \/>\n<meta property=\"og:description\" content=\"Latvia Golden Visa PERMANENT RESIDENCE The applicant can apply for Latvian Permanent Residence after they have resided in the country for a minimum of five years. They must have resided in the country for a minimum of four of those years, have knowledge of the language, general history and national anthem. Citizenship Applicants can apply [&hellip;]\" \/>\n<meta property=\"og:url\" content=\"https:\/\/investmentvisacn.com\/de\/lettland-goldenes-visum\/\" \/>\n<meta property=\"og:site_name\" content=\"Investment Visa CN\" \/>\n<meta property=\"article:modified_time\" content=\"2024-08-24T16:18:31+00:00\" \/>\n<meta property=\"og:image\" content=\"https:\/\/investmentvisacn.com\/assets\/images\/Vanuatu\/vanuatu-270.jpg\" \/>\n<meta name=\"twitter:card\" content=\"summary_large_image\" \/>\n<meta name=\"twitter:label1\" content=\"Gesch\u00e4tzte Lesezeit\" \/>\n\t<meta name=\"twitter:data1\" content=\"2\u00a0Minuten\" \/>\n<script type=\"application\/ld+json\" class=\"yoast-schema-graph\">{\"@context\":\"https:\\\/\\\/schema.org\",\"@graph\":[{\"@type\":\"WebPage\",\"@id\":\"https:\\\/\\\/investmentvisacn.com\\\/latvia-golden-visa\\\/\",\"url\":\"https:\\\/\\\/investmentvisacn.com\\\/latvia-golden-visa\\\/\",\"name\":\"Latvia Golden Visa - Investment Visa CN\",\"isPartOf\":{\"@id\":\"https:\\\/\\\/investmentvisacn.com\\\/#website\"},\"primaryImageOfPage\":{\"@id\":\"https:\\\/\\\/investmentvisacn.com\\\/latvia-golden-visa\\\/#primaryimage\"},\"image\":{\"@id\":\"https:\\\/\\\/investmentvisacn.com\\\/latvia-golden-visa\\\/#primaryimage\"},\"thumbnailUrl\":\"https:\\\/\\\/investmentvisacn.com\\\/assets\\\/images\\\/Vanuatu\\\/vanuatu-270.jpg\",\"datePublished\":\"2024-08-24T16:13:56+00:00\",\"dateModified\":\"2024-08-24T16:18:31+00:00\",\"breadcrumb\":{\"@id\":\"https:\\\/\\\/investmentvisacn.com\\\/latvia-golden-visa\\\/#breadcrumb\"},\"inLanguage\":\"de\",\"potentialAction\":[{\"@type\":\"ReadAction\",\"target\":[\"https:\\\/\\\/investmentvisacn.com\\\/latvia-golden-visa\\\/\"]}]},{\"@type\":\"ImageObject\",\"inLanguage\":\"de\",\"@id\":\"https:\\\/\\\/investmentvisacn.com\\\/latvia-golden-visa\\\/#primaryimage\",\"url\":\"https:\\\/\\\/investmentvisacn.com\\\/assets\\\/images\\\/Vanuatu\\\/vanuatu-270.jpg\",\"contentUrl\":\"https:\\\/\\\/investmentvisacn.com\\\/assets\\\/images\\\/Vanuatu\\\/vanuatu-270.jpg\"},{\"@type\":\"BreadcrumbList\",\"@id\":\"https:\\\/\\\/investmentvisacn.com\\\/latvia-golden-visa\\\/#breadcrumb\",\"itemListElement\":[{\"@type\":\"ListItem\",\"position\":1,\"name\":\"Home\",\"item\":\"https:\\\/\\\/investmentvisacn.com\\\/\"},{\"@type\":\"ListItem\",\"position\":2,\"name\":\"Latvia Golden Visa\"}]},{\"@type\":\"WebSite\",\"@id\":\"https:\\\/\\\/investmentvisacn.com\\\/#website\",\"url\":\"https:\\\/\\\/investmentvisacn.com\\\/\",\"name\":\"Investment Visa CN\",\"description\":\"Global Investment &amp; Visa Solutions You Can Trust\",\"publisher\":{\"@id\":\"https:\\\/\\\/investmentvisacn.com\\\/#organization\"},\"potentialAction\":[{\"@type\":\"SearchAction\",\"target\":{\"@type\":\"EntryPoint\",\"urlTemplate\":\"https:\\\/\\\/investmentvisacn.com\\\/?s={search_term_string}\"},\"query-input\":{\"@type\":\"PropertyValueSpecification\",\"valueRequired\":true,\"valueName\":\"search_term_string\"}}],\"inLanguage\":\"de\"},{\"@type\":\"Organization\",\"@id\":\"https:\\\/\\\/investmentvisacn.com\\\/#organization\",\"name\":\"Investment Visa CN\",\"url\":\"https:\\\/\\\/investmentvisacn.com\\\/\",\"logo\":{\"@type\":\"ImageObject\",\"inLanguage\":\"de\",\"@id\":\"https:\\\/\\\/investmentvisacn.com\\\/#\\\/schema\\\/logo\\\/image\\\/\",\"url\":\"https:\\\/\\\/investmentvisacn.com\\\/wp-content\\\/uploads\\\/2024\\\/08\\\/universalinvestmentvisa.png\",\"contentUrl\":\"https:\\\/\\\/investmentvisacn.com\\\/wp-content\\\/uploads\\\/2024\\\/08\\\/universalinvestmentvisa.png\",\"width\":180,\"height\":60,\"caption\":\"Investment Visa CN\"},\"image\":{\"@id\":\"https:\\\/\\\/investmentvisacn.com\\\/#\\\/schema\\\/logo\\\/image\\\/\"}}]}<\/script>\n<!-- \/ Yoast SEO plugin. -->","yoast_head_json":{"title":"Lettland Goldenes Visum - Investitionsvisum CN","robots":{"index":"index","follow":"follow","max-snippet":"max-snippet:-1","max-image-preview":"max-image-preview:large","max-video-preview":"max-video-preview:-1"},"canonical":"https:\/\/investmentvisacn.com\/de\/lettland-goldenes-visum\/","og_locale":"de_DE","og_type":"article","og_title":"Latvia Golden Visa - Investment Visa CN","og_description":"Latvia Golden Visa PERMANENT RESIDENCE The applicant can apply for Latvian Permanent Residence after they have resided in the country for a minimum of five years. They must have resided in the country for a minimum of four of those years, have knowledge of the language, general history and national anthem. Citizenship Applicants can apply [&hellip;]","og_url":"https:\/\/investmentvisacn.com\/de\/lettland-goldenes-visum\/","og_site_name":"Investment Visa CN","article_modified_time":"2024-08-24T16:18:31+00:00","og_image":[{"url":"https:\/\/investmentvisacn.com\/assets\/images\/Vanuatu\/vanuatu-270.jpg","type":"","width":"","height":""}],"twitter_card":"summary_large_image","twitter_misc":{"Gesch\u00e4tzte Lesezeit":"2\u00a0Minuten"},"schema":{"@context":"https:\/\/schema.org","@graph":[{"@type":"WebPage","@id":"https:\/\/investmentvisacn.com\/latvia-golden-visa\/","url":"https:\/\/investmentvisacn.com\/latvia-golden-visa\/","name":"Lettland Goldenes Visum - Investitionsvisum CN","isPartOf":{"@id":"https:\/\/investmentvisacn.com\/#website"},"primaryImageOfPage":{"@id":"https:\/\/investmentvisacn.com\/latvia-golden-visa\/#primaryimage"},"image":{"@id":"https:\/\/investmentvisacn.com\/latvia-golden-visa\/#primaryimage"},"thumbnailUrl":"https:\/\/investmentvisacn.com\/assets\/images\/Vanuatu\/vanuatu-270.jpg","datePublished":"2024-08-24T16:13:56+00:00","dateModified":"2024-08-24T16:18:31+00:00","breadcrumb":{"@id":"https:\/\/investmentvisacn.com\/latvia-golden-visa\/#breadcrumb"},"inLanguage":"de","potentialAction":[{"@type":"ReadAction","target":["https:\/\/investmentvisacn.com\/latvia-golden-visa\/"]}]},{"@type":"ImageObject","inLanguage":"de","@id":"https:\/\/investmentvisacn.com\/latvia-golden-visa\/#primaryimage","url":"https:\/\/investmentvisacn.com\/assets\/images\/Vanuatu\/vanuatu-270.jpg","contentUrl":"https:\/\/investmentvisacn.com\/assets\/images\/Vanuatu\/vanuatu-270.jpg"},{"@type":"BreadcrumbList","@id":"https:\/\/investmentvisacn.com\/latvia-golden-visa\/#breadcrumb","itemListElement":[{"@type":"ListItem","position":1,"name":"Home","item":"https:\/\/investmentvisacn.com\/"},{"@type":"ListItem","position":2,"name":"Latvia Golden Visa"}]},{"@type":"WebSite","@id":"https:\/\/investmentvisacn.com\/#website","url":"https:\/\/investmentvisacn.com\/","name":"Investitionsvisum CN","description":"Globale Investment- und Visa-L\u00f6sungen, denen Sie vertrauen k\u00f6nnen","publisher":{"@id":"https:\/\/investmentvisacn.com\/#organization"},"potentialAction":[{"@type":"SearchAction","target":{"@type":"EntryPoint","urlTemplate":"https:\/\/investmentvisacn.com\/?s={search_term_string}"},"query-input":{"@type":"PropertyValueSpecification","valueRequired":true,"valueName":"search_term_string"}}],"inLanguage":"de"},{"@type":"Organization","@id":"https:\/\/investmentvisacn.com\/#organization","name":"Investitionsvisum CN","url":"https:\/\/investmentvisacn.com\/","logo":{"@type":"ImageObject","inLanguage":"de","@id":"https:\/\/investmentvisacn.com\/#\/schema\/logo\/image\/","url":"https:\/\/investmentvisacn.com\/wp-content\/uploads\/2024\/08\/universalinvestmentvisa.png","contentUrl":"https:\/\/investmentvisacn.com\/wp-content\/uploads\/2024\/08\/universalinvestmentvisa.png","width":180,"height":60,"caption":"Investment Visa CN"},"image":{"@id":"https:\/\/investmentvisacn.com\/#\/schema\/logo\/image\/"}}]}},"_links":{"self":[{"href":"https:\/\/investmentvisacn.com\/de\/wp-json\/wp\/v2\/pages\/537","targetHints":{"allow":["GET"]}}],"collection":[{"href":"https:\/\/investmentvisacn.com\/de\/wp-json\/wp\/v2\/pages"}],"about":[{"href":"https:\/\/investmentvisacn.com\/de\/wp-json\/wp\/v2\/types\/page"}],"author":[{"embeddable":true,"href":"https:\/\/investmentvisacn.com\/de\/wp-json\/wp\/v2\/users\/1"}],"replies":[{"embeddable":true,"href":"https:\/\/investmentvisacn.com\/de\/wp-json\/wp\/v2\/comments?post=537"}],"version-history":[{"count":4,"href":"https:\/\/investmentvisacn.com\/de\/wp-json\/wp\/v2\/pages\/537\/revisions"}],"predecessor-version":[{"id":541,"href":"https:\/\/investmentvisacn.com\/de\/wp-json\/wp\/v2\/pages\/537\/revisions\/541"}],"wp:attachment":[{"href":"https:\/\/investmentvisacn.com\/de\/wp-json\/wp\/v2\/media?parent=537"}],"curies":[{"name":"wp","href":"https:\/\/api.w.org\/{rel}","templated":true}]}}