{"id":531,"date":"2024-08-24T16:08:49","date_gmt":"2024-08-24T16:08:49","guid":{"rendered":"https:\/\/universalinvestmentvisa.com\/?page_id=531"},"modified":"2024-08-24T16:25:41","modified_gmt":"2024-08-24T16:25:41","slug":"bahamas-staatsburgerschaft-durch-investition","status":"publish","type":"page","link":"https:\/\/investmentvisacn.com\/de\/bahamas-citizenship-by-investment\/","title":{"rendered":"Bahamas Staatsb\u00fcrgerschaft durch Investition"},"content":{"rendered":"<div data-elementor-type=\"wp-page\" data-elementor-id=\"531\" class=\"elementor elementor-531\" data-elementor-post-type=\"page\">\n\t\t\t\t\t\t<section class=\"elementor-section elementor-top-section elementor-element elementor-element-2ffa3fa elementor-section-stretched elementor-section-boxed elementor-section-height-default elementor-section-height-default\" data-id=\"2ffa3fa\" data-element_type=\"section\" data-e-type=\"section\" data-settings=\"{&quot;stretch_section&quot;:&quot;section-stretched&quot;}\">\n\t\t\t\t\t\t<div class=\"elementor-container elementor-column-gap-default\">\n\t\t\t\t\t<div class=\"elementor-column elementor-col-100 elementor-top-column elementor-element elementor-element-85fd70b\" data-id=\"85fd70b\" data-element_type=\"column\" data-e-type=\"column\">\n\t\t\t<div class=\"elementor-widget-wrap elementor-element-populated\">\n\t\t\t\t\t\t<div class=\"elementor-element elementor-element-97d9aa9 elementor-widget elementor-widget-heading\" data-id=\"97d9aa9\" data-element_type=\"widget\" data-e-type=\"widget\" data-widget_type=\"heading.default\">\n\t\t\t\t<div class=\"elementor-widget-container\">\n\t\t\t\t\t<h2 class=\"elementor-heading-title elementor-size-default\">Residenz durch Investition auf den Bahamas<\/h2>\t\t\t\t<\/div>\n\t\t\t\t<\/div>\n\t\t\t\t<div class=\"elementor-element elementor-element-865783f elementor-widget elementor-widget-text-editor\" data-id=\"865783f\" data-element_type=\"widget\" data-e-type=\"widget\" data-widget_type=\"text-editor.default\">\n\t\t\t\t<div class=\"elementor-widget-container\">\n\t\t\t\t\t\t\t\t\t<p><span style=\"color: #000000;\">Personen, die sich auf den Bahamas niederlassen m\u00f6chten, k\u00f6nnen eine gew\u00f6hnliche Aufenthaltsgenehmigung beantragen oder das von der Regierung erm\u00f6glichte Programm \"Residency by Investment\" w\u00e4hlen. Wenn Sie einen Pass durch Investition auf den Bahamas beantragen m\u00f6chten, stehen Ihnen unsere Spezialisten mit umfassender Unterst\u00fctzung bei der Anmeldung zu diesem Programm zur Verf\u00fcgung. Wir stehen Ihnen auch zur Verf\u00fcgung, wenn Sie sich \u00fcber andere L\u00e4nder informieren m\u00f6chten, in denen eine Staatsb\u00fcrgerschaft durch Investitionen m\u00f6glich ist.<\/span><\/p><h2 class=\"post-name\"><span style=\"color: #000000;\">Das neue Programm f\u00fcr Wohnsitznahme durch Investitionen auf den Bahamas<\/span><\/h2><p><span style=\"color: #000000;\">Im Jahr 2021 hat die Regierung der Bahamas ein neues goldenes Visumsprogramm eingef\u00fchrt, in dessen Rahmen ausl\u00e4ndische Staatsb\u00fcrger durch Investitionen eine Aufenthaltsgenehmigung f\u00fcr die Bahamas beantragen k\u00f6nnen. Das Programm umfasst 3 Optionen, aus denen Investoren w\u00e4hlen k\u00f6nnen. Um ein goldenes Visum f\u00fcr die Bahamas zu erhalten, m\u00fcssen Sie einige Voraussetzungen erf\u00fcllen, von denen die wichtigste der Mindestbetrag ist, der investiert werden muss. Wenn Sie einen goldenen Pass f\u00fcr die Bahamas beantragen m\u00f6chten, k\u00f6nnen Sie sich an unsere Anw\u00e4lte wenden, die Ihnen rechtliche Unterst\u00fctzung bieten.<\/span><\/p><h2 class=\"post-name\"><span style=\"color: #000000;\">Universelles Investitionsvisum - eine der attraktivsten M\u00f6glichkeiten, im Jahr 2024 auf die Bahamas zu ziehen<\/span><\/h2><p><span style=\"color: #000000;\">Von allen Regelungen f\u00fcr goldene Visa\/Goldene P\u00e4sse auf der ganzen Welt ist die von der Regierung der Bahamas geschaffene eine der neuesten und modernsten, und sie richtet sich an Menschen aus aller Welt, die \u00e4lter als 18 Jahre sind und ein sauberes Strafregister haben. Die Erlangung eines Passes durch eine Investition ist auch an eine Mindestkapitaleinlage in die lokale Wirtschaft gebunden.<\/span><\/p><h3><span style=\"color: #000000;\">Folgende Optionen stehen zur Auswahl:<\/span><\/h3><ul><li><span style=\"color: #000000;\">Immobilienerwerb auf der Insel San Salvador, Cockburn Town ist der Sitz der lokalen Regierung<\/span><\/li><li><span style=\"color: #000000;\">Investitionen in Schl\u00fcsselindustrien, darunter Tourismus, IT, maritimer Bau und der medizinische Sektor<\/span><\/li><li><span style=\"color: #000000;\">Eine Kombination der beiden Optionen.<\/span><\/li><\/ul><p><span style=\"color: #000000;\">Wenn Sie ein ausl\u00e4ndischer Investor sind und ein goldenes Visum f\u00fcr die Bahamas beantragen m\u00f6chten, k\u00f6nnen Sie in ein lokales Unternehmen investieren und gleichzeitig eine Immobilie auf der Insel besitzen - unsere lokalen Agenten k\u00f6nnen Ihnen dabei helfen, einen goldenen Pass hier oder in einem anderen Land Ihrer Wahl zu kaufen. Um einen goldenen Pass 2024 f\u00fcr die Bahamas zu erhalten, m\u00fcssen Sie ein rechtliches Verfahren einhalten, das Ihnen von unseren Anw\u00e4lten erkl\u00e4rt werden kann.<\/span><\/p><h2 class=\"post-name\"><span style=\"color: #000000;\">Der Mindestbetrag, der im Rahmen des goldenen Visums investiert werden muss<\/span><\/h2><p><span style=\"color: #000000;\">Da es sich bei dem Programm um ein neues Programm handelt, hat die Regierung zu Beginn keine Mindestinvestitionssumme vorgegeben. Nach Angaben auf den Websites des staatlichen Migrationsdienstes und der Investitionsagentur wurden jedoch folgende Betr\u00e4ge ausgegeben:<\/span><\/p><ul><li><span style=\"color: #000000;\">Mindestens 750.000 Bahamas-Dollar (oder USD) nach Angaben des staatlichen Migrationsdienstes<\/span><\/li><li><span style=\"color: #000000;\">Mindestens 1,5 Millionen Bahamas-Dollar (oder USD) nach Angaben der Investitionsagentur<\/span><\/li><li><span style=\"color: #000000;\">In der Praxis brachten Immobilienk\u00e4ufe mit einem Wert von mindestens 500.000 Bahamas-Dollar (oder USD) den Antragstellern goldene Visa f\u00fcr die Bahamas.<\/span><\/li><\/ul><p><span style=\"color: #000000;\">Sicher ist, dass man ab einem Mindestbetrag von 500.000 Bahamas-Dollar eine beschleunigte Aufenthaltsgenehmigung erhalten kann.<\/span><\/p><p><span style=\"color: #000000;\">Da sich die Dinge allm\u00e4hlich beruhigen, k\u00f6nnen Sie sich f\u00fcr weitere Informationen \u00fcber die Beantragung der Staatsb\u00fcrgerschaft der Bahamas durch Investitionen an unsere Berater vor Ort wenden.<\/span><\/p><p><span style=\"color: #000000;\">Sie k\u00f6nnen sich auch auf uns verlassen, wenn Sie sich f\u00fcr andere L\u00e4nder mit goldenem Visum in Europa oder in der Karibik interessieren. Wir k\u00f6nnen Ihnen dabei helfen, einen Reisepass f\u00fcr die Bahamas im Jahr 2024 zu kaufen, wenn Sie die \u00f6rtlichen Vorschriften beachten.<\/span><\/p><h2 class=\"post-name\"><span style=\"color: #000000;\">Dokumente zur Vorbereitung auf die Erlangung eines Reisepasses durch Investitionen auf den Bahamas<\/span><\/h2><h3><span style=\"color: #000000;\">Folgende Dokumente m\u00fcssen beim staatlichen Migrationsdienst eingereicht werden, um ein goldenes Visum auf den Bahamas zu erhalten:<\/span><\/h3><ul><li><span style=\"color: #000000;\">eine Kopie des Reisepasses<\/span><\/li><li><span style=\"color: #000000;\">zwei Leumundszeugnisse<\/span><\/li><li><span style=\"color: #000000;\">sauberes Strafregister<\/span><\/li><li><span style=\"color: #000000;\">Heiratsurkunde und Geburtsurkunden der Kinder, wenn sie mit der Familie hierher ziehen<\/span><\/li><li><span style=\"color: #000000;\">Nachweis der finanziellen Leistungsf\u00e4higkeit<\/span><\/li><li><span style=\"color: #000000;\">Gesundheitszeugnis.<\/span><\/li><\/ul><p><span style=\"color: #000000;\">Wenn Sie hierher ziehen m\u00f6chten und Hilfe bei der Vorbereitung und Einreichung Ihrer Dokumente ben\u00f6tigen, k\u00f6nnen unsere Berater f\u00fcr goldene Visa Sie unterst\u00fctzen.<\/span><\/p>\t\t\t\t\t\t\t\t<\/div>\n\t\t\t\t<\/div>\n\t\t\t\t<div class=\"elementor-element elementor-element-161b0e6 elementor-align-center elementor-widget elementor-widget-button\" data-id=\"161b0e6\" data-element_type=\"widget\" data-e-type=\"widget\" data-widget_type=\"button.default\">\n\t\t\t\t<div class=\"elementor-widget-container\">\n\t\t\t\t\t\t\t\t\t<div class=\"elementor-button-wrapper\">\n\t\t\t\t\t<a class=\"elementor-button elementor-button-link elementor-size-sm\" href=\"#\">\n\t\t\t\t\t\t<span class=\"elementor-button-content-wrapper\">\n\t\t\t\t\t\t\t\t\t<span class=\"elementor-button-text\">Kontakt-Berater<\/span>\n\t\t\t\t\t<\/span>\n\t\t\t\t\t<\/a>\n\t\t\t\t<\/div>\n\t\t\t\t\t\t\t\t<\/div>\n\t\t\t\t<\/div>\n\t\t\t\t<div class=\"elementor-element elementor-element-a3236fa elementor-widget elementor-widget-text-editor\" data-id=\"a3236fa\" data-element_type=\"widget\" data-e-type=\"widget\" data-widget_type=\"text-editor.default\">\n\t\t\t\t<div class=\"elementor-widget-container\">\n\t\t\t\t\t\t\t\t\t<h3 class=\"text-center\" style=\"text-align: center;\"><span style=\"color: #000000;\">STAATSB\u00dcRGERSCHAFTS- UND AUFENTHALTSPROGRAMME<\/span><\/h3><p style=\"text-align: center;\"><span style=\"color: #000000;\">Eine Auswahl alternativer Investitionsprogramme f\u00fcr Aufenthalt und Staatsb\u00fcrgerschaft, die Sie in Betracht ziehen sollten.<\/span><\/p>\t\t\t\t\t\t\t\t<\/div>\n\t\t\t\t<\/div>\n\t\t\t\t<section class=\"elementor-section elementor-inner-section elementor-element elementor-element-ba71752 elementor-section-boxed elementor-section-height-default elementor-section-height-default\" data-id=\"ba71752\" data-element_type=\"section\" data-e-type=\"section\">\n\t\t\t\t\t\t<div class=\"elementor-container elementor-column-gap-default\">\n\t\t\t\t\t<div class=\"elementor-column elementor-col-25 elementor-inner-column elementor-element elementor-element-480db19\" data-id=\"480db19\" data-element_type=\"column\" data-e-type=\"column\">\n\t\t\t<div class=\"elementor-widget-wrap elementor-element-populated\">\n\t\t\t\t\t\t<div class=\"elementor-element elementor-element-7501def elementor-widget elementor-widget-text-editor\" data-id=\"7501def\" data-element_type=\"widget\" data-e-type=\"widget\" data-widget_type=\"text-editor.default\">\n\t\t\t\t<div class=\"elementor-widget-container\">\n\t\t\t\t\t\t\t\t\t<ul><li><div class=\"product-thumb\"><img fetchpriority=\"high\" decoding=\"async\" class=\"product-thumnail\" src=\"https:\/\/investmentvisacn.com\/assets\/images\/Vanuatu\/vanuatu-270.jpg\" alt=\"dd\" width=\"270\" height=\"270\" \/><\/div><div class=\"info\"><p><b class=\"categories\">Vanuatu<\/b><\/p><h4 class=\"product-title\"><a class=\"pr-name\" href=\"https:\/\/investmentvisacn.com\/de\/vanuatuische-staatsburgerschaft\/\">Mindestens $130.000 Spende<br \/>Option Immobilien<br \/>Staatsb\u00fcrgerschaft &amp; Reisepass<br \/>Seit langem etabliertes Programm<\/a><\/h4><\/div><\/li><\/ul>\t\t\t\t\t\t\t\t<\/div>\n\t\t\t\t<\/div>\n\t\t\t\t\t<\/div>\n\t\t<\/div>\n\t\t\t\t<div class=\"elementor-column elementor-col-25 elementor-inner-column elementor-element elementor-element-8b22cff\" data-id=\"8b22cff\" data-element_type=\"column\" data-e-type=\"column\">\n\t\t\t<div class=\"elementor-widget-wrap elementor-element-populated\">\n\t\t\t\t\t\t<div class=\"elementor-element elementor-element-afda428 elementor-widget elementor-widget-text-editor\" data-id=\"afda428\" data-element_type=\"widget\" data-e-type=\"widget\" data-widget_type=\"text-editor.default\">\n\t\t\t\t<div class=\"elementor-widget-container\">\n\t\t\t\t\t\t\t\t\t<div class=\"product-thumb\"><img decoding=\"async\" class=\"product-thumnail\" src=\"https:\/\/investmentvisacn.com\/assets\/images\/Dominica-Republic\/dominica-270.jpg\" alt=\"dd\" width=\"270\" height=\"270\" \/><\/div><div class=\"info\"><p><b class=\"categories\">Dominica<\/b><\/p><h4 class=\"product-title\"><a class=\"pr-name\" href=\"https:\/\/investmentvisacn.com\/de\/antigua-und-barbuda-staatsburgerschaft-durch-investition\/\">Mindestens $200.000 Spende<br \/>Option Immobilien<br \/>Staatsb\u00fcrgerschaft &amp; Reisepass<br \/>Visumfreies Reisen 153 L\u00e4nder<\/a><\/h4><\/div>\t\t\t\t\t\t\t\t<\/div>\n\t\t\t\t<\/div>\n\t\t\t\t\t<\/div>\n\t\t<\/div>\n\t\t\t\t<div class=\"elementor-column elementor-col-25 elementor-inner-column elementor-element elementor-element-b9bcf70\" data-id=\"b9bcf70\" data-element_type=\"column\" data-e-type=\"column\">\n\t\t\t<div class=\"elementor-widget-wrap elementor-element-populated\">\n\t\t\t\t\t\t<div class=\"elementor-element elementor-element-865a956 elementor-widget elementor-widget-text-editor\" data-id=\"865a956\" data-element_type=\"widget\" data-e-type=\"widget\" data-widget_type=\"text-editor.default\">\n\t\t\t\t<div class=\"elementor-widget-container\">\n\t\t\t\t\t\t\t\t\t<div class=\"product-thumb\"><a class=\"link-to-product\" href=\"https:\/\/investmentvisacn.com\/de\/goldenes-uae-visum\/\"><img decoding=\"async\" class=\"product-thumnail\" src=\"https:\/\/investmentvisacn.com\/assets\/images\/St-Lucia\/st-lucia-02.jpg\" alt=\"dd\" width=\"270\" height=\"270\" \/><\/a><\/div><div class=\"info\"><p><b class=\"categories\">St. Lucia<\/b><\/p><h4 class=\"product-title\"><a class=\"pr-name\" href=\"https:\/\/investmentvisacn.com\/de\/samoa-staatsburgerschaft\/\">Mindestens $250.000 Spende<br \/>Staatsb\u00fcrgerschaft &amp; Reisepass<br \/>Visumfreies Reisen 158 L\u00e4nder<br \/>EU Schengen Zone &amp; UK<\/a><\/h4><\/div>\t\t\t\t\t\t\t\t<\/div>\n\t\t\t\t<\/div>\n\t\t\t\t\t<\/div>\n\t\t<\/div>\n\t\t\t\t<div class=\"elementor-column elementor-col-25 elementor-inner-column elementor-element elementor-element-f60db0c\" data-id=\"f60db0c\" data-element_type=\"column\" data-e-type=\"column\">\n\t\t\t<div class=\"elementor-widget-wrap elementor-element-populated\">\n\t\t\t\t\t\t<div class=\"elementor-element elementor-element-8b98f59 elementor-widget elementor-widget-text-editor\" data-id=\"8b98f59\" data-element_type=\"widget\" data-e-type=\"widget\" data-widget_type=\"text-editor.default\">\n\t\t\t\t<div class=\"elementor-widget-container\">\n\t\t\t\t\t\t\t\t\t<div class=\"product-thumb\"><a class=\"link-to-product\" href=\"https:\/\/investmentvisacn.com\/de\/portugiesisches-goldvisum\/\"><img loading=\"lazy\" decoding=\"async\" class=\"product-thumnail\" src=\"https:\/\/investmentvisacn.com\/assets\/images\/Portugal\/portugal-01.jpg\" alt=\"dd\" width=\"270\" height=\"270\" \/><\/a><\/div><div class=\"info\"><p><b class=\"categories\">Portugal<\/b><\/p><h4 class=\"product-title\"><a class=\"pr-name\" href=\"https:\/\/investmentvisacn.com\/de\/portugiesisches-goldvisum\/\">Mindestens $500.000 + Kosten<br \/>Private Kapitalbeteiligung<br \/>Europ\u00e4ischer Wohnsitz<br \/>Reisen im EU-Schengen-Raum<br \/>Staatsb\u00fcrgerschaft beantragen 5 Jahre<\/a><\/h4><\/div>\t\t\t\t\t\t\t\t<\/div>\n\t\t\t\t<\/div>\n\t\t\t\t\t<\/div>\n\t\t<\/div>\n\t\t\t\t\t<\/div>\n\t\t<\/section>\n\t\t\t\t<div class=\"elementor-element elementor-element-0525145 elementor-align-center elementor-widget elementor-widget-button\" data-id=\"0525145\" data-element_type=\"widget\" data-e-type=\"widget\" data-widget_type=\"button.default\">\n\t\t\t\t<div class=\"elementor-widget-container\">\n\t\t\t\t\t\t\t\t\t<div class=\"elementor-button-wrapper\">\n\t\t\t\t\t<a class=\"elementor-button elementor-button-link elementor-size-sm\" href=\"https:\/\/investmentvisacn.com\/de\/investitionen\/\">\n\t\t\t\t\t\t<span class=\"elementor-button-content-wrapper\">\n\t\t\t\t\t\t\t\t\t<span class=\"elementor-button-text\">Alle anzeigen<\/span>\n\t\t\t\t\t<\/span>\n\t\t\t\t\t<\/a>\n\t\t\t\t<\/div>\n\t\t\t\t\t\t\t\t<\/div>\n\t\t\t\t<\/div>\n\t\t\t\t\t<\/div>\n\t\t<\/div>\n\t\t\t\t\t<\/div>\n\t\t<\/section>\n\t\t\t\t<\/div>","protected":false},"excerpt":{"rendered":"<p>Residency by Investment in Bahamas People who want to relocate to the Bahamas can apply for ordinary residence permits or can choose the residency by investment scheme enabled by the Government. If you want to apply for a passport by investment in the Bahamas, our specialists are at your disposal with complete support in enrolling [&hellip;]<\/p>\n","protected":false},"author":1,"featured_media":0,"parent":0,"menu_order":0,"comment_status":"closed","ping_status":"closed","template":"","meta":{"footnotes":""},"class_list":["post-531","page","type-page","status-publish","hentry"],"yoast_head":"<!-- This site is optimized with the Yoast SEO plugin v27.3 - https:\/\/yoast.com\/product\/yoast-seo-wordpress\/ -->\n<title>Bahamas Citizenship by Investment - Investment Visa CN<\/title>\n<meta name=\"robots\" content=\"index, follow, max-snippet:-1, max-image-preview:large, max-video-preview:-1\" \/>\n<link rel=\"canonical\" href=\"https:\/\/investmentvisacn.com\/de\/bahamas-staatsburgerschaft-durch-investition\/\" \/>\n<meta property=\"og:locale\" content=\"de_DE\" \/>\n<meta property=\"og:type\" content=\"article\" \/>\n<meta property=\"og:title\" content=\"Bahamas Citizenship by Investment - Investment Visa CN\" \/>\n<meta property=\"og:description\" content=\"Residency by Investment in Bahamas People who want to relocate to the Bahamas can apply for ordinary residence permits or can choose the residency by investment scheme enabled by the Government. If you want to apply for a passport by investment in the Bahamas, our specialists are at your disposal with complete support in enrolling [&hellip;]\" \/>\n<meta property=\"og:url\" content=\"https:\/\/investmentvisacn.com\/de\/bahamas-staatsburgerschaft-durch-investition\/\" \/>\n<meta property=\"og:site_name\" content=\"Investment Visa CN\" \/>\n<meta property=\"article:modified_time\" content=\"2024-08-24T16:25:41+00:00\" \/>\n<meta property=\"og:image\" content=\"https:\/\/investmentvisacn.com\/assets\/images\/Vanuatu\/vanuatu-270.jpg\" \/>\n<meta name=\"twitter:card\" content=\"summary_large_image\" \/>\n<meta name=\"twitter:label1\" content=\"Gesch\u00e4tzte Lesezeit\" \/>\n\t<meta name=\"twitter:data1\" content=\"3\u00a0Minuten\" \/>\n<script type=\"application\/ld+json\" class=\"yoast-schema-graph\">{\"@context\":\"https:\\\/\\\/schema.org\",\"@graph\":[{\"@type\":\"WebPage\",\"@id\":\"https:\\\/\\\/investmentvisacn.com\\\/bahamas-citizenship-by-investment\\\/\",\"url\":\"https:\\\/\\\/investmentvisacn.com\\\/bahamas-citizenship-by-investment\\\/\",\"name\":\"Bahamas Citizenship by Investment - Investment Visa CN\",\"isPartOf\":{\"@id\":\"https:\\\/\\\/investmentvisacn.com\\\/#website\"},\"primaryImageOfPage\":{\"@id\":\"https:\\\/\\\/investmentvisacn.com\\\/bahamas-citizenship-by-investment\\\/#primaryimage\"},\"image\":{\"@id\":\"https:\\\/\\\/investmentvisacn.com\\\/bahamas-citizenship-by-investment\\\/#primaryimage\"},\"thumbnailUrl\":\"https:\\\/\\\/investmentvisacn.com\\\/assets\\\/images\\\/Vanuatu\\\/vanuatu-270.jpg\",\"datePublished\":\"2024-08-24T16:08:49+00:00\",\"dateModified\":\"2024-08-24T16:25:41+00:00\",\"breadcrumb\":{\"@id\":\"https:\\\/\\\/investmentvisacn.com\\\/bahamas-citizenship-by-investment\\\/#breadcrumb\"},\"inLanguage\":\"de\",\"potentialAction\":[{\"@type\":\"ReadAction\",\"target\":[\"https:\\\/\\\/investmentvisacn.com\\\/bahamas-citizenship-by-investment\\\/\"]}]},{\"@type\":\"ImageObject\",\"inLanguage\":\"de\",\"@id\":\"https:\\\/\\\/investmentvisacn.com\\\/bahamas-citizenship-by-investment\\\/#primaryimage\",\"url\":\"https:\\\/\\\/investmentvisacn.com\\\/assets\\\/images\\\/Vanuatu\\\/vanuatu-270.jpg\",\"contentUrl\":\"https:\\\/\\\/investmentvisacn.com\\\/assets\\\/images\\\/Vanuatu\\\/vanuatu-270.jpg\"},{\"@type\":\"BreadcrumbList\",\"@id\":\"https:\\\/\\\/investmentvisacn.com\\\/bahamas-citizenship-by-investment\\\/#breadcrumb\",\"itemListElement\":[{\"@type\":\"ListItem\",\"position\":1,\"name\":\"Home\",\"item\":\"https:\\\/\\\/investmentvisacn.com\\\/\"},{\"@type\":\"ListItem\",\"position\":2,\"name\":\"Bahamas Citizenship by Investment\"}]},{\"@type\":\"WebSite\",\"@id\":\"https:\\\/\\\/investmentvisacn.com\\\/#website\",\"url\":\"https:\\\/\\\/investmentvisacn.com\\\/\",\"name\":\"Investment Visa CN\",\"description\":\"Global Investment &amp; Visa Solutions You Can Trust\",\"publisher\":{\"@id\":\"https:\\\/\\\/investmentvisacn.com\\\/#organization\"},\"potentialAction\":[{\"@type\":\"SearchAction\",\"target\":{\"@type\":\"EntryPoint\",\"urlTemplate\":\"https:\\\/\\\/investmentvisacn.com\\\/?s={search_term_string}\"},\"query-input\":{\"@type\":\"PropertyValueSpecification\",\"valueRequired\":true,\"valueName\":\"search_term_string\"}}],\"inLanguage\":\"de\"},{\"@type\":\"Organization\",\"@id\":\"https:\\\/\\\/investmentvisacn.com\\\/#organization\",\"name\":\"Investment Visa CN\",\"url\":\"https:\\\/\\\/investmentvisacn.com\\\/\",\"logo\":{\"@type\":\"ImageObject\",\"inLanguage\":\"de\",\"@id\":\"https:\\\/\\\/investmentvisacn.com\\\/#\\\/schema\\\/logo\\\/image\\\/\",\"url\":\"https:\\\/\\\/investmentvisacn.com\\\/wp-content\\\/uploads\\\/2024\\\/08\\\/universalinvestmentvisa.png\",\"contentUrl\":\"https:\\\/\\\/investmentvisacn.com\\\/wp-content\\\/uploads\\\/2024\\\/08\\\/universalinvestmentvisa.png\",\"width\":180,\"height\":60,\"caption\":\"Investment Visa CN\"},\"image\":{\"@id\":\"https:\\\/\\\/investmentvisacn.com\\\/#\\\/schema\\\/logo\\\/image\\\/\"}}]}<\/script>\n<!-- \/ Yoast SEO plugin. -->","yoast_head_json":{"title":"Bahamas Staatsb\u00fcrgerschaft durch Investition - Investitionsvisum CN","robots":{"index":"index","follow":"follow","max-snippet":"max-snippet:-1","max-image-preview":"max-image-preview:large","max-video-preview":"max-video-preview:-1"},"canonical":"https:\/\/investmentvisacn.com\/de\/bahamas-staatsburgerschaft-durch-investition\/","og_locale":"de_DE","og_type":"article","og_title":"Bahamas Citizenship by Investment - Investment Visa CN","og_description":"Residency by Investment in Bahamas People who want to relocate to the Bahamas can apply for ordinary residence permits or can choose the residency by investment scheme enabled by the Government. If you want to apply for a passport by investment in the Bahamas, our specialists are at your disposal with complete support in enrolling [&hellip;]","og_url":"https:\/\/investmentvisacn.com\/de\/bahamas-staatsburgerschaft-durch-investition\/","og_site_name":"Investment Visa CN","article_modified_time":"2024-08-24T16:25:41+00:00","og_image":[{"url":"https:\/\/investmentvisacn.com\/assets\/images\/Vanuatu\/vanuatu-270.jpg","type":"","width":"","height":""}],"twitter_card":"summary_large_image","twitter_misc":{"Gesch\u00e4tzte Lesezeit":"3\u00a0Minuten"},"schema":{"@context":"https:\/\/schema.org","@graph":[{"@type":"WebPage","@id":"https:\/\/investmentvisacn.com\/bahamas-citizenship-by-investment\/","url":"https:\/\/investmentvisacn.com\/bahamas-citizenship-by-investment\/","name":"Bahamas Staatsb\u00fcrgerschaft durch Investition - Investitionsvisum CN","isPartOf":{"@id":"https:\/\/investmentvisacn.com\/#website"},"primaryImageOfPage":{"@id":"https:\/\/investmentvisacn.com\/bahamas-citizenship-by-investment\/#primaryimage"},"image":{"@id":"https:\/\/investmentvisacn.com\/bahamas-citizenship-by-investment\/#primaryimage"},"thumbnailUrl":"https:\/\/investmentvisacn.com\/assets\/images\/Vanuatu\/vanuatu-270.jpg","datePublished":"2024-08-24T16:08:49+00:00","dateModified":"2024-08-24T16:25:41+00:00","breadcrumb":{"@id":"https:\/\/investmentvisacn.com\/bahamas-citizenship-by-investment\/#breadcrumb"},"inLanguage":"de","potentialAction":[{"@type":"ReadAction","target":["https:\/\/investmentvisacn.com\/bahamas-citizenship-by-investment\/"]}]},{"@type":"ImageObject","inLanguage":"de","@id":"https:\/\/investmentvisacn.com\/bahamas-citizenship-by-investment\/#primaryimage","url":"https:\/\/investmentvisacn.com\/assets\/images\/Vanuatu\/vanuatu-270.jpg","contentUrl":"https:\/\/investmentvisacn.com\/assets\/images\/Vanuatu\/vanuatu-270.jpg"},{"@type":"BreadcrumbList","@id":"https:\/\/investmentvisacn.com\/bahamas-citizenship-by-investment\/#breadcrumb","itemListElement":[{"@type":"ListItem","position":1,"name":"Home","item":"https:\/\/investmentvisacn.com\/"},{"@type":"ListItem","position":2,"name":"Bahamas Citizenship by Investment"}]},{"@type":"WebSite","@id":"https:\/\/investmentvisacn.com\/#website","url":"https:\/\/investmentvisacn.com\/","name":"Investitionsvisum CN","description":"Globale Investment- und Visa-L\u00f6sungen, denen Sie vertrauen k\u00f6nnen","publisher":{"@id":"https:\/\/investmentvisacn.com\/#organization"},"potentialAction":[{"@type":"SearchAction","target":{"@type":"EntryPoint","urlTemplate":"https:\/\/investmentvisacn.com\/?s={search_term_string}"},"query-input":{"@type":"PropertyValueSpecification","valueRequired":true,"valueName":"search_term_string"}}],"inLanguage":"de"},{"@type":"Organization","@id":"https:\/\/investmentvisacn.com\/#organization","name":"Investitionsvisum CN","url":"https:\/\/investmentvisacn.com\/","logo":{"@type":"ImageObject","inLanguage":"de","@id":"https:\/\/investmentvisacn.com\/#\/schema\/logo\/image\/","url":"https:\/\/investmentvisacn.com\/wp-content\/uploads\/2024\/08\/universalinvestmentvisa.png","contentUrl":"https:\/\/investmentvisacn.com\/wp-content\/uploads\/2024\/08\/universalinvestmentvisa.png","width":180,"height":60,"caption":"Investment Visa CN"},"image":{"@id":"https:\/\/investmentvisacn.com\/#\/schema\/logo\/image\/"}}]}},"_links":{"self":[{"href":"https:\/\/investmentvisacn.com\/de\/wp-json\/wp\/v2\/pages\/531","targetHints":{"allow":["GET"]}}],"collection":[{"href":"https:\/\/investmentvisacn.com\/de\/wp-json\/wp\/v2\/pages"}],"about":[{"href":"https:\/\/investmentvisacn.com\/de\/wp-json\/wp\/v2\/types\/page"}],"author":[{"embeddable":true,"href":"https:\/\/investmentvisacn.com\/de\/wp-json\/wp\/v2\/users\/1"}],"replies":[{"embeddable":true,"href":"https:\/\/investmentvisacn.com\/de\/wp-json\/wp\/v2\/comments?post=531"}],"version-history":[{"count":7,"href":"https:\/\/investmentvisacn.com\/de\/wp-json\/wp\/v2\/pages\/531\/revisions"}],"predecessor-version":[{"id":548,"href":"https:\/\/investmentvisacn.com\/de\/wp-json\/wp\/v2\/pages\/531\/revisions\/548"}],"wp:attachment":[{"href":"https:\/\/investmentvisacn.com\/de\/wp-json\/wp\/v2\/media?parent=531"}],"curies":[{"name":"wp","href":"https:\/\/api.w.org\/{rel}","templated":true}]}}