{"id":515,"date":"2024-08-24T15:42:32","date_gmt":"2024-08-24T15:42:32","guid":{"rendered":"https:\/\/universalinvestmentvisa.com\/?page_id=515"},"modified":"2024-08-24T15:49:52","modified_gmt":"2024-08-24T15:49:52","slug":"programm-fur-hochwertige-wohnheime-in-jersey","status":"publish","type":"page","link":"https:\/\/investmentvisacn.com\/de\/jersey-high-value-residency-programme\/","title":{"rendered":"Jersey - Hochwertiges Aufenthaltsprogramm"},"content":{"rendered":"<div data-elementor-type=\"wp-page\" data-elementor-id=\"515\" class=\"elementor elementor-515\" data-elementor-post-type=\"page\">\n\t\t\t\t\t\t<section class=\"elementor-section elementor-top-section elementor-element elementor-element-1b9a275 elementor-section-stretched elementor-section-boxed elementor-section-height-default elementor-section-height-default\" data-id=\"1b9a275\" data-element_type=\"section\" data-e-type=\"section\" data-settings=\"{&quot;stretch_section&quot;:&quot;section-stretched&quot;}\">\n\t\t\t\t\t\t<div class=\"elementor-container elementor-column-gap-default\">\n\t\t\t\t\t<div class=\"elementor-column elementor-col-100 elementor-top-column elementor-element elementor-element-53fd140\" data-id=\"53fd140\" data-element_type=\"column\" data-e-type=\"column\">\n\t\t\t<div class=\"elementor-widget-wrap elementor-element-populated\">\n\t\t\t\t\t\t<div class=\"elementor-element elementor-element-5e43d5e elementor-widget elementor-widget-heading\" data-id=\"5e43d5e\" data-element_type=\"widget\" data-e-type=\"widget\" data-widget_type=\"heading.default\">\n\t\t\t\t<div class=\"elementor-widget-container\">\n\t\t\t\t\t<h2 class=\"elementor-heading-title elementor-size-default\">Wohnsitz in Jersey<\/h2>\t\t\t\t<\/div>\n\t\t\t\t<\/div>\n\t\t\t\t<div class=\"elementor-element elementor-element-f3e9758 elementor-widget elementor-widget-text-editor\" data-id=\"f3e9758\" data-element_type=\"widget\" data-e-type=\"widget\" data-widget_type=\"text-editor.default\">\n\t\t\t\t<div class=\"elementor-widget-container\">\n\t\t\t\t\t\t\t\t\t<p><span style=\"color: #000000;\">Einwohner Jerseys werden mit 20% f\u00fcr die ersten \u00a3725.000 des weltweiten Einkommens besteuert, f\u00fcr alle dar\u00fcber hinausgehenden Eink\u00fcnfte werden 1% f\u00e4llig. Auf der Insel gibt es keine Erbschafts-, Verm\u00f6gens-, Unternehmens- oder Kapitalertragssteuer, was sie zu einem beliebten Steuerparadies f\u00fcr Wohlhabende macht.<\/span><\/p><p><span style=\"color: #000000;\">Verm\u00f6gende Privatpersonen k\u00f6nnen sich f\u00fcr Jerseys High-Value-Residency-Programm bewerben, wenn sie ein nachhaltiges Jahreseinkommen von mindestens \u00a3725.000 erzielen und somit mindestens \u00a3145.000 an j\u00e4hrlichen Steuerzahlungen leisten k\u00f6nnen. Au\u00dferdem m\u00fcssen die Antragsteller eine Immobilie auf der Insel besitzen, die in der Regel mehr als 1,75 Millionen Pfund wert ist.<\/span><\/p><p><span style=\"color: #000000;\">Jersey geh\u00f6rt zwar nicht direkt zum Vereinigten K\u00f6nigreich, ist aber ein Untertan der britischen Krone und Teil des Common Travel Area-Abkommens. Als Einwohner Jerseys haben Sie das Recht, uneingeschr\u00e4nkt innerhalb des Gemeinsamen Reisegebiets (Common Travel Area, CTA) zu reisen, zu dem das Vereinigte K\u00f6nigreich, Irland und die Insel Man geh\u00f6ren. Nach f\u00fcnf Jahren Wohnsitz in Jersey k\u00f6nnen Bewerber nach insgesamt sechs Jahren eine Daueraufenthaltsgenehmigung und die britische Staatsb\u00fcrgerschaft sowie einen britischen Pass beantragen. Allein aus diesen Gr\u00fcnden ist das Programm von Jersey eine hervorragende Alternative zum Tier-1-Programm des Vereinigten K\u00f6nigreichs.<\/span><\/p><h2 class=\"post-name\"><span style=\"color: #000000;\">Bewerbungsverfahren: Wohnsitz in Jersey<\/span><\/h2><p><span style=\"color: #000000;\">Jeder Investor, der in Jersey als High Value Resident ans\u00e4ssig werden m\u00f6chte, muss einen Antrag beim Director of High Value Residency stellen. Der Antrag wird auf der Grundlage wirtschaftlicher und nicht-wirtschaftlicher Faktoren gepr\u00fcft, einschlie\u00dflich des Jahreseinkommens, des kulturellen Nutzens f\u00fcr die lokale Gemeinschaft, der sich aus der Genehmigung des Antrags ergibt, und der potenziellen Medienberichterstattung \u00fcber das gesch\u00e4ftliche oder gesellschaftliche Leben des Investors.<\/span><\/p><p><span style=\"color: #000000;\">Ein Investor, der den Status eines \u2018Berechtigten\u2019 in Jersey hat, kann durch Zeitablauf oder auf Antrag eine unbefristete Aufenthaltsgenehmigung erhalten, nachdem er sich f\u00fcr den vorgeschriebenen Zeitraum in Jersey aufgehalten hat. Ein Einwanderer mit unbefristeter Aufenthaltsgenehmigung kann dann die britische Staatsb\u00fcrgerschaft beantragen.<\/span><\/p><h2 class=\"post-name\"><span style=\"color: #000000;\">Jersey Wohnsitz Vorteile:<\/span><\/h2><ul><li><span style=\"color: #000000;\">Sie genie\u00dfen den Status eines \u2018Berechtigten\u2019, der es Ihnen erlaubt, jede Immobilie zu kaufen, zu verkaufen oder zu vermieten und zu arbeiten, ohne dass Sie eine Lizenz ben\u00f6tigen, um besch\u00e4ftigt zu werden.<\/span><\/li><li><span style=\"color: #000000;\">Mit Wohnsitz in Jersey k\u00f6nnen Sie uneingeschr\u00e4nkt in das Vereinigte K\u00f6nigreich reisen.<\/span><\/li><li><span style=\"color: #000000;\">Bequemes und unkompliziertes Reisen in die USA, die Europ\u00e4ische Union und andere L\u00e4nder.<\/span><\/li><li><span style=\"color: #000000;\">Zugang zu einem hochwertigen Bildungs- und Lernsystem f\u00fcr Ihre Kinder.<\/span><\/li><li><span style=\"color: #000000;\">Genie\u00dfen Sie das hochwertige Gesundheits- und Sozialwesen auf der Insel.<\/span><\/li><li><span style=\"color: #000000;\">Erleben Sie die Sch\u00f6nheit und Pracht der Insel, die leicht mit dem Vereinigten K\u00f6nigreich und dem europ\u00e4ischen Festland verbunden ist.<\/span><\/li><li><span style=\"color: #000000;\">M\u00f6glichkeit zur Beantragung der britischen Staatsb\u00fcrgerschaft durch Einb\u00fcrgerung<\/span><\/li><\/ul>\t\t\t\t\t\t\t\t<\/div>\n\t\t\t\t<\/div>\n\t\t\t\t<div class=\"elementor-element elementor-element-f7bd7a4 elementor-align-center elementor-widget elementor-widget-button\" data-id=\"f7bd7a4\" data-element_type=\"widget\" data-e-type=\"widget\" data-widget_type=\"button.default\">\n\t\t\t\t<div class=\"elementor-widget-container\">\n\t\t\t\t\t\t\t\t\t<div class=\"elementor-button-wrapper\">\n\t\t\t\t\t<a class=\"elementor-button elementor-button-link elementor-size-sm\" href=\"https:\/\/investmentvisacn.com\/de\/kontaktieren-sie-uns\/\">\n\t\t\t\t\t\t<span class=\"elementor-button-content-wrapper\">\n\t\t\t\t\t\t\t\t\t<span class=\"elementor-button-text\">KONTAKT-BERATER<\/span>\n\t\t\t\t\t<\/span>\n\t\t\t\t\t<\/a>\n\t\t\t\t<\/div>\n\t\t\t\t\t\t\t\t<\/div>\n\t\t\t\t<\/div>\n\t\t\t\t<div class=\"elementor-element elementor-element-1845aae elementor-widget elementor-widget-text-editor\" data-id=\"1845aae\" data-element_type=\"widget\" data-e-type=\"widget\" data-widget_type=\"text-editor.default\">\n\t\t\t\t<div class=\"elementor-widget-container\">\n\t\t\t\t\t\t\t\t\t<h2 class=\"text-center\" style=\"text-align: center;\"><span style=\"color: #000000;\">PROGRAMME<\/span><\/h2><p style=\"text-align: center;\"><span style=\"color: #000000;\">Verwandte Investitionsprogramme f\u00fcr die B\u00fcrgerschaft.<\/span><\/p>\t\t\t\t\t\t\t\t<\/div>\n\t\t\t\t<\/div>\n\t\t\t\t<section class=\"elementor-section elementor-inner-section elementor-element elementor-element-bb2d84d elementor-section-boxed elementor-section-height-default elementor-section-height-default\" data-id=\"bb2d84d\" data-element_type=\"section\" data-e-type=\"section\">\n\t\t\t\t\t\t<div class=\"elementor-container elementor-column-gap-default\">\n\t\t\t\t\t<div class=\"elementor-column elementor-col-25 elementor-inner-column elementor-element elementor-element-0945275\" data-id=\"0945275\" data-element_type=\"column\" data-e-type=\"column\">\n\t\t\t<div class=\"elementor-widget-wrap elementor-element-populated\">\n\t\t\t\t\t\t<div class=\"elementor-element elementor-element-9723638 elementor-widget elementor-widget-text-editor\" data-id=\"9723638\" data-element_type=\"widget\" data-e-type=\"widget\" data-widget_type=\"text-editor.default\">\n\t\t\t\t<div class=\"elementor-widget-container\">\n\t\t\t\t\t\t\t\t\t<ul><li><div class=\"product-thumb\"><img fetchpriority=\"high\" decoding=\"async\" class=\"product-thumnail\" src=\"https:\/\/investmentvisacn.com\/assets\/images\/Vanuatu\/vanuatu-270.jpg\" alt=\"dd\" width=\"270\" height=\"270\" \/><\/div><div class=\"info\"><p><b class=\"categories\">Vanuatu<\/b><\/p><h4 class=\"product-title\"><a class=\"pr-name\" href=\"https:\/\/investmentvisacn.com\/de\/vanuatuische-staatsburgerschaft\/\">Mindestens $130.000 Spende<br \/>Option Immobilien<br \/>Staatsb\u00fcrgerschaft &amp; Reisepass<br \/>Seit langem etabliertes Programm<\/a><\/h4><\/div><\/li><\/ul>\t\t\t\t\t\t\t\t<\/div>\n\t\t\t\t<\/div>\n\t\t\t\t\t<\/div>\n\t\t<\/div>\n\t\t\t\t<div class=\"elementor-column elementor-col-25 elementor-inner-column elementor-element elementor-element-f2a027f\" data-id=\"f2a027f\" data-element_type=\"column\" data-e-type=\"column\">\n\t\t\t<div class=\"elementor-widget-wrap elementor-element-populated\">\n\t\t\t\t\t\t<div class=\"elementor-element elementor-element-a598d6b elementor-widget elementor-widget-text-editor\" data-id=\"a598d6b\" data-element_type=\"widget\" data-e-type=\"widget\" data-widget_type=\"text-editor.default\">\n\t\t\t\t<div class=\"elementor-widget-container\">\n\t\t\t\t\t\t\t\t\t<div class=\"product-thumb\"><img decoding=\"async\" class=\"product-thumnail\" src=\"https:\/\/investmentvisacn.com\/assets\/images\/Dominica-Republic\/dominica-270.jpg\" alt=\"dd\" width=\"270\" height=\"270\" \/><\/div><div class=\"info\"><p><b class=\"categories\">Dominica<\/b><\/p><h4 class=\"product-title\"><a class=\"pr-name\" href=\"https:\/\/investmentvisacn.com\/de\/antigua-und-barbuda-staatsburgerschaft-durch-investition\/\">Mindestens $200.000 Spende<br \/>Option Immobilien<br \/>Staatsb\u00fcrgerschaft &amp; Reisepass<br \/>Visumfreies Reisen 153 L\u00e4nder<\/a><\/h4><\/div>\t\t\t\t\t\t\t\t<\/div>\n\t\t\t\t<\/div>\n\t\t\t\t\t<\/div>\n\t\t<\/div>\n\t\t\t\t<div class=\"elementor-column elementor-col-25 elementor-inner-column elementor-element elementor-element-6ecee71\" data-id=\"6ecee71\" data-element_type=\"column\" data-e-type=\"column\">\n\t\t\t<div class=\"elementor-widget-wrap elementor-element-populated\">\n\t\t\t\t\t\t<div class=\"elementor-element elementor-element-acd6879 elementor-widget elementor-widget-text-editor\" data-id=\"acd6879\" data-element_type=\"widget\" data-e-type=\"widget\" data-widget_type=\"text-editor.default\">\n\t\t\t\t<div class=\"elementor-widget-container\">\n\t\t\t\t\t\t\t\t\t<div class=\"product-thumb\"><a class=\"link-to-product\" href=\"https:\/\/investmentvisacn.com\/de\/goldenes-uae-visum\/\"><img decoding=\"async\" class=\"product-thumnail\" src=\"https:\/\/investmentvisacn.com\/assets\/images\/St-Lucia\/st-lucia-02.jpg\" alt=\"dd\" width=\"270\" height=\"270\" \/><\/a><\/div><div class=\"info\"><p><b class=\"categories\">St. Lucia<\/b><\/p><h4 class=\"product-title\"><a class=\"pr-name\" href=\"https:\/\/investmentvisacn.com\/de\/samoa-staatsburgerschaft\/\">Mindestens $250.000 Spende<br \/>Staatsb\u00fcrgerschaft &amp; Reisepass<br \/>Visumfreies Reisen 158 L\u00e4nder<br \/>EU Schengen Zone &amp; UK<\/a><\/h4><\/div>\t\t\t\t\t\t\t\t<\/div>\n\t\t\t\t<\/div>\n\t\t\t\t\t<\/div>\n\t\t<\/div>\n\t\t\t\t<div class=\"elementor-column elementor-col-25 elementor-inner-column elementor-element elementor-element-72a2deb\" data-id=\"72a2deb\" data-element_type=\"column\" data-e-type=\"column\">\n\t\t\t<div class=\"elementor-widget-wrap elementor-element-populated\">\n\t\t\t\t\t\t<div class=\"elementor-element elementor-element-507f0d3 elementor-widget elementor-widget-text-editor\" data-id=\"507f0d3\" data-element_type=\"widget\" data-e-type=\"widget\" data-widget_type=\"text-editor.default\">\n\t\t\t\t<div class=\"elementor-widget-container\">\n\t\t\t\t\t\t\t\t\t<div class=\"product-thumb\"><a class=\"link-to-product\" href=\"https:\/\/investmentvisacn.com\/de\/portugiesisches-goldvisum\/\"><img loading=\"lazy\" decoding=\"async\" class=\"product-thumnail\" src=\"https:\/\/investmentvisacn.com\/assets\/images\/Portugal\/portugal-01.jpg\" alt=\"dd\" width=\"270\" height=\"270\" \/><\/a><\/div><div class=\"info\"><p><b class=\"categories\">Portugal<\/b><\/p><h4 class=\"product-title\"><a class=\"pr-name\" href=\"https:\/\/investmentvisacn.com\/de\/portugiesisches-goldvisum\/\">Mindestens $500.000 + Kosten<br \/>Private Kapitalbeteiligung<br \/>Europ\u00e4ischer Wohnsitz<br \/>Reisen im EU-Schengen-Raum<br \/>Staatsb\u00fcrgerschaft beantragen 5 Jahre<\/a><\/h4><\/div>\t\t\t\t\t\t\t\t<\/div>\n\t\t\t\t<\/div>\n\t\t\t\t\t<\/div>\n\t\t<\/div>\n\t\t\t\t\t<\/div>\n\t\t<\/section>\n\t\t\t\t<div class=\"elementor-element elementor-element-b77b59d elementor-align-center elementor-widget elementor-widget-button\" data-id=\"b77b59d\" data-element_type=\"widget\" data-e-type=\"widget\" data-widget_type=\"button.default\">\n\t\t\t\t<div class=\"elementor-widget-container\">\n\t\t\t\t\t\t\t\t\t<div class=\"elementor-button-wrapper\">\n\t\t\t\t\t<a class=\"elementor-button elementor-button-link elementor-size-sm\" href=\"https:\/\/investmentvisacn.com\/de\/investitionen\/\">\n\t\t\t\t\t\t<span class=\"elementor-button-content-wrapper\">\n\t\t\t\t\t\t\t\t\t<span class=\"elementor-button-text\">Alle anzeigen<\/span>\n\t\t\t\t\t<\/span>\n\t\t\t\t\t<\/a>\n\t\t\t\t<\/div>\n\t\t\t\t\t\t\t\t<\/div>\n\t\t\t\t<\/div>\n\t\t\t\t\t<\/div>\n\t\t<\/div>\n\t\t\t\t\t<\/div>\n\t\t<\/section>\n\t\t\t\t<\/div>","protected":false},"excerpt":{"rendered":"<p>Residency in Jersey Residents of Jersey are taxed at 20% for the first \u00a3725,000 of worldwide income, with a 1% tax charge for any income above. The island does not have inheritance, wealth, corporate, or capital gains tax, making it a popular tax haven for the wealthy. High net worth individuals can apply for Jersey\u2019s [&hellip;]<\/p>\n","protected":false},"author":1,"featured_media":0,"parent":0,"menu_order":0,"comment_status":"closed","ping_status":"closed","template":"","meta":{"footnotes":""},"class_list":["post-515","page","type-page","status-publish","hentry"],"yoast_head":"<!-- This site is optimized with the Yoast SEO plugin v27.3 - https:\/\/yoast.com\/product\/yoast-seo-wordpress\/ -->\n<title>Jersey \u2013 High-Value Residency Programme - Investment Visa CN<\/title>\n<meta name=\"robots\" content=\"index, follow, max-snippet:-1, max-image-preview:large, max-video-preview:-1\" \/>\n<link rel=\"canonical\" href=\"https:\/\/investmentvisacn.com\/de\/programm-fur-hochwertige-wohnheime-in-jersey\/\" \/>\n<meta property=\"og:locale\" content=\"de_DE\" \/>\n<meta property=\"og:type\" content=\"article\" \/>\n<meta property=\"og:title\" content=\"Jersey \u2013 High-Value Residency Programme - Investment Visa CN\" \/>\n<meta property=\"og:description\" content=\"Residency in Jersey Residents of Jersey are taxed at 20% for the first \u00a3725,000 of worldwide income, with a 1% tax charge for any income above. The island does not have inheritance, wealth, corporate, or capital gains tax, making it a popular tax haven for the wealthy. High net worth individuals can apply for Jersey\u2019s [&hellip;]\" \/>\n<meta property=\"og:url\" content=\"https:\/\/investmentvisacn.com\/de\/programm-fur-hochwertige-wohnheime-in-jersey\/\" \/>\n<meta property=\"og:site_name\" content=\"Investment Visa CN\" \/>\n<meta property=\"article:modified_time\" content=\"2024-08-24T15:49:52+00:00\" \/>\n<meta property=\"og:image\" content=\"https:\/\/investmentvisacn.com\/assets\/images\/Vanuatu\/vanuatu-270.jpg\" \/>\n<meta name=\"twitter:card\" content=\"summary_large_image\" \/>\n<meta name=\"twitter:label1\" content=\"Gesch\u00e4tzte Lesezeit\" \/>\n\t<meta name=\"twitter:data1\" content=\"2\u00a0Minuten\" \/>\n<script type=\"application\/ld+json\" class=\"yoast-schema-graph\">{\"@context\":\"https:\\\/\\\/schema.org\",\"@graph\":[{\"@type\":\"WebPage\",\"@id\":\"https:\\\/\\\/investmentvisacn.com\\\/jersey-high-value-residency-programme\\\/\",\"url\":\"https:\\\/\\\/investmentvisacn.com\\\/jersey-high-value-residency-programme\\\/\",\"name\":\"Jersey \u2013 High-Value Residency Programme - Investment Visa CN\",\"isPartOf\":{\"@id\":\"https:\\\/\\\/investmentvisacn.com\\\/#website\"},\"primaryImageOfPage\":{\"@id\":\"https:\\\/\\\/investmentvisacn.com\\\/jersey-high-value-residency-programme\\\/#primaryimage\"},\"image\":{\"@id\":\"https:\\\/\\\/investmentvisacn.com\\\/jersey-high-value-residency-programme\\\/#primaryimage\"},\"thumbnailUrl\":\"https:\\\/\\\/investmentvisacn.com\\\/assets\\\/images\\\/Vanuatu\\\/vanuatu-270.jpg\",\"datePublished\":\"2024-08-24T15:42:32+00:00\",\"dateModified\":\"2024-08-24T15:49:52+00:00\",\"breadcrumb\":{\"@id\":\"https:\\\/\\\/investmentvisacn.com\\\/jersey-high-value-residency-programme\\\/#breadcrumb\"},\"inLanguage\":\"de\",\"potentialAction\":[{\"@type\":\"ReadAction\",\"target\":[\"https:\\\/\\\/investmentvisacn.com\\\/jersey-high-value-residency-programme\\\/\"]}]},{\"@type\":\"ImageObject\",\"inLanguage\":\"de\",\"@id\":\"https:\\\/\\\/investmentvisacn.com\\\/jersey-high-value-residency-programme\\\/#primaryimage\",\"url\":\"https:\\\/\\\/investmentvisacn.com\\\/assets\\\/images\\\/Vanuatu\\\/vanuatu-270.jpg\",\"contentUrl\":\"https:\\\/\\\/investmentvisacn.com\\\/assets\\\/images\\\/Vanuatu\\\/vanuatu-270.jpg\"},{\"@type\":\"BreadcrumbList\",\"@id\":\"https:\\\/\\\/investmentvisacn.com\\\/jersey-high-value-residency-programme\\\/#breadcrumb\",\"itemListElement\":[{\"@type\":\"ListItem\",\"position\":1,\"name\":\"Home\",\"item\":\"https:\\\/\\\/investmentvisacn.com\\\/\"},{\"@type\":\"ListItem\",\"position\":2,\"name\":\"Jersey \u2013 High-Value Residency Programme\"}]},{\"@type\":\"WebSite\",\"@id\":\"https:\\\/\\\/investmentvisacn.com\\\/#website\",\"url\":\"https:\\\/\\\/investmentvisacn.com\\\/\",\"name\":\"Investment Visa CN\",\"description\":\"Global Investment &amp; Visa Solutions You Can Trust\",\"publisher\":{\"@id\":\"https:\\\/\\\/investmentvisacn.com\\\/#organization\"},\"potentialAction\":[{\"@type\":\"SearchAction\",\"target\":{\"@type\":\"EntryPoint\",\"urlTemplate\":\"https:\\\/\\\/investmentvisacn.com\\\/?s={search_term_string}\"},\"query-input\":{\"@type\":\"PropertyValueSpecification\",\"valueRequired\":true,\"valueName\":\"search_term_string\"}}],\"inLanguage\":\"de\"},{\"@type\":\"Organization\",\"@id\":\"https:\\\/\\\/investmentvisacn.com\\\/#organization\",\"name\":\"Investment Visa CN\",\"url\":\"https:\\\/\\\/investmentvisacn.com\\\/\",\"logo\":{\"@type\":\"ImageObject\",\"inLanguage\":\"de\",\"@id\":\"https:\\\/\\\/investmentvisacn.com\\\/#\\\/schema\\\/logo\\\/image\\\/\",\"url\":\"https:\\\/\\\/investmentvisacn.com\\\/wp-content\\\/uploads\\\/2024\\\/08\\\/universalinvestmentvisa.png\",\"contentUrl\":\"https:\\\/\\\/investmentvisacn.com\\\/wp-content\\\/uploads\\\/2024\\\/08\\\/universalinvestmentvisa.png\",\"width\":180,\"height\":60,\"caption\":\"Investment Visa CN\"},\"image\":{\"@id\":\"https:\\\/\\\/investmentvisacn.com\\\/#\\\/schema\\\/logo\\\/image\\\/\"}}]}<\/script>\n<!-- \/ Yoast SEO plugin. -->","yoast_head_json":{"title":"Jersey - Hochwertiges Aufenthaltsprogramm - Investitionsvisum CN","robots":{"index":"index","follow":"follow","max-snippet":"max-snippet:-1","max-image-preview":"max-image-preview:large","max-video-preview":"max-video-preview:-1"},"canonical":"https:\/\/investmentvisacn.com\/de\/programm-fur-hochwertige-wohnheime-in-jersey\/","og_locale":"de_DE","og_type":"article","og_title":"Jersey \u2013 High-Value Residency Programme - Investment Visa CN","og_description":"Residency in Jersey Residents of Jersey are taxed at 20% for the first \u00a3725,000 of worldwide income, with a 1% tax charge for any income above. The island does not have inheritance, wealth, corporate, or capital gains tax, making it a popular tax haven for the wealthy. High net worth individuals can apply for Jersey\u2019s [&hellip;]","og_url":"https:\/\/investmentvisacn.com\/de\/programm-fur-hochwertige-wohnheime-in-jersey\/","og_site_name":"Investment Visa CN","article_modified_time":"2024-08-24T15:49:52+00:00","og_image":[{"url":"https:\/\/investmentvisacn.com\/assets\/images\/Vanuatu\/vanuatu-270.jpg","type":"","width":"","height":""}],"twitter_card":"summary_large_image","twitter_misc":{"Gesch\u00e4tzte Lesezeit":"2\u00a0Minuten"},"schema":{"@context":"https:\/\/schema.org","@graph":[{"@type":"WebPage","@id":"https:\/\/investmentvisacn.com\/jersey-high-value-residency-programme\/","url":"https:\/\/investmentvisacn.com\/jersey-high-value-residency-programme\/","name":"Jersey - Hochwertiges Aufenthaltsprogramm - Investitionsvisum CN","isPartOf":{"@id":"https:\/\/investmentvisacn.com\/#website"},"primaryImageOfPage":{"@id":"https:\/\/investmentvisacn.com\/jersey-high-value-residency-programme\/#primaryimage"},"image":{"@id":"https:\/\/investmentvisacn.com\/jersey-high-value-residency-programme\/#primaryimage"},"thumbnailUrl":"https:\/\/investmentvisacn.com\/assets\/images\/Vanuatu\/vanuatu-270.jpg","datePublished":"2024-08-24T15:42:32+00:00","dateModified":"2024-08-24T15:49:52+00:00","breadcrumb":{"@id":"https:\/\/investmentvisacn.com\/jersey-high-value-residency-programme\/#breadcrumb"},"inLanguage":"de","potentialAction":[{"@type":"ReadAction","target":["https:\/\/investmentvisacn.com\/jersey-high-value-residency-programme\/"]}]},{"@type":"ImageObject","inLanguage":"de","@id":"https:\/\/investmentvisacn.com\/jersey-high-value-residency-programme\/#primaryimage","url":"https:\/\/investmentvisacn.com\/assets\/images\/Vanuatu\/vanuatu-270.jpg","contentUrl":"https:\/\/investmentvisacn.com\/assets\/images\/Vanuatu\/vanuatu-270.jpg"},{"@type":"BreadcrumbList","@id":"https:\/\/investmentvisacn.com\/jersey-high-value-residency-programme\/#breadcrumb","itemListElement":[{"@type":"ListItem","position":1,"name":"Home","item":"https:\/\/investmentvisacn.com\/"},{"@type":"ListItem","position":2,"name":"Jersey \u2013 High-Value Residency Programme"}]},{"@type":"WebSite","@id":"https:\/\/investmentvisacn.com\/#website","url":"https:\/\/investmentvisacn.com\/","name":"Investitionsvisum CN","description":"Globale Investment- und Visa-L\u00f6sungen, denen Sie vertrauen k\u00f6nnen","publisher":{"@id":"https:\/\/investmentvisacn.com\/#organization"},"potentialAction":[{"@type":"SearchAction","target":{"@type":"EntryPoint","urlTemplate":"https:\/\/investmentvisacn.com\/?s={search_term_string}"},"query-input":{"@type":"PropertyValueSpecification","valueRequired":true,"valueName":"search_term_string"}}],"inLanguage":"de"},{"@type":"Organization","@id":"https:\/\/investmentvisacn.com\/#organization","name":"Investitionsvisum CN","url":"https:\/\/investmentvisacn.com\/","logo":{"@type":"ImageObject","inLanguage":"de","@id":"https:\/\/investmentvisacn.com\/#\/schema\/logo\/image\/","url":"https:\/\/investmentvisacn.com\/wp-content\/uploads\/2024\/08\/universalinvestmentvisa.png","contentUrl":"https:\/\/investmentvisacn.com\/wp-content\/uploads\/2024\/08\/universalinvestmentvisa.png","width":180,"height":60,"caption":"Investment Visa CN"},"image":{"@id":"https:\/\/investmentvisacn.com\/#\/schema\/logo\/image\/"}}]}},"_links":{"self":[{"href":"https:\/\/investmentvisacn.com\/de\/wp-json\/wp\/v2\/pages\/515","targetHints":{"allow":["GET"]}}],"collection":[{"href":"https:\/\/investmentvisacn.com\/de\/wp-json\/wp\/v2\/pages"}],"about":[{"href":"https:\/\/investmentvisacn.com\/de\/wp-json\/wp\/v2\/types\/page"}],"author":[{"embeddable":true,"href":"https:\/\/investmentvisacn.com\/de\/wp-json\/wp\/v2\/users\/1"}],"replies":[{"embeddable":true,"href":"https:\/\/investmentvisacn.com\/de\/wp-json\/wp\/v2\/comments?post=515"}],"version-history":[{"count":3,"href":"https:\/\/investmentvisacn.com\/de\/wp-json\/wp\/v2\/pages\/515\/revisions"}],"predecessor-version":[{"id":527,"href":"https:\/\/investmentvisacn.com\/de\/wp-json\/wp\/v2\/pages\/515\/revisions\/527"}],"wp:attachment":[{"href":"https:\/\/investmentvisacn.com\/de\/wp-json\/wp\/v2\/media?parent=515"}],"curies":[{"name":"wp","href":"https:\/\/api.w.org\/{rel}","templated":true}]}}