{"id":346,"date":"2024-08-15T09:22:08","date_gmt":"2024-08-15T09:22:08","guid":{"rendered":"https:\/\/universalinvestmentvisa.com\/?page_id=346"},"modified":"2024-08-24T21:24:06","modified_gmt":"2024-08-24T21:24:06","slug":"pass-investition","status":"publish","type":"page","link":"https:\/\/investmentvisacn.com\/de\/passport-investment\/","title":{"rendered":"Reisepass Investition"},"content":{"rendered":"<div data-elementor-type=\"wp-page\" data-elementor-id=\"346\" class=\"elementor elementor-346\" data-elementor-post-type=\"page\">\n\t\t\t\t\t\t<section class=\"elementor-section elementor-top-section elementor-element elementor-element-8737903 elementor-section-stretched elementor-section-boxed elementor-section-height-default elementor-section-height-default\" data-id=\"8737903\" data-element_type=\"section\" data-e-type=\"section\" data-settings=\"{&quot;stretch_section&quot;:&quot;section-stretched&quot;}\">\n\t\t\t\t\t\t<div class=\"elementor-container elementor-column-gap-default\">\n\t\t\t\t\t<div class=\"elementor-column elementor-col-100 elementor-top-column elementor-element elementor-element-c061a08\" data-id=\"c061a08\" data-element_type=\"column\" data-e-type=\"column\">\n\t\t\t<div class=\"elementor-widget-wrap elementor-element-populated\">\n\t\t\t\t\t\t<div class=\"elementor-element elementor-element-7712c0e elementor-widget elementor-widget-text-editor\" data-id=\"7712c0e\" data-element_type=\"widget\" data-e-type=\"widget\" data-widget_type=\"text-editor.default\">\n\t\t\t\t<div class=\"elementor-widget-container\">\n\t\t\t\t\t\t\t\t\t<div class=\"post-head\"><h2 class=\"post-name\"><span style=\"color: #000000;\">Zweiter Reisepass: Holen Sie sich Ihren kostenlosen Bericht<\/span><\/h2><hr \/><\/div><div class=\"post-content\"><div><p><span style=\"color: #000000;\">Unsere Kunden investieren aus vielen Gr\u00fcnden in einen zweiten Reisepass. Einer der wichtigsten ist vielleicht der visafreie Zugang zu L\u00e4ndern und Gebieten weltweit, den ein zweiter Pass gew\u00e4hrt.<\/span><\/p><p><span style=\"color: #000000;\">Es gibt mehrere Pass-Indizes, die einfach die Anzahl der L\u00e4nder messen, in die ein Pass visumfrei einreisen kann. Sie bieten eine sehr begrenzte Bewertung f\u00fcr Investoren, da sie die \u201cQualit\u00e4t\u201d dieser Reiseziele nicht ber\u00fccksichtigen. Sie z\u00e4hlen sie einfach nur auf.<\/span><\/p><p><span style=\"color: #000000;\">Bei einer solchen Ma\u00dfnahme wird auch nicht ber\u00fccksichtigt, welche Passkombination Sie haben werden. Welchen Sinn macht es, in einen zweiten Pass zu investieren, der Zugang zu 100 L\u00e4ndern bietet, wenn Ihr aktueller Pass bereits Zugang zu 99 L\u00e4ndern hat?<\/span><\/p><p><span style=\"color: #000000;\">Potenzielle Antragsteller f\u00fcr eine zweite Staatsb\u00fcrgerschaft sind erfahrene Investoren. Aus diesem Grund haben wir den einzigartigen Universal Investment Visa Passport Value Report entwickelt, der verf\u00fcgbar ist\u00a0<a style=\"color: #000000;\" href=\"https:\/\/investmentvisacn.com\/de\/kontaktieren-sie-uns\/\">KOSTENLOS f\u00fcr alle unsere Kunden<\/a>. Sie bietet einen unsch\u00e4tzbaren Einblick, bevor man sich f\u00fcr eine Investition entscheidet.<\/span><\/p><div class=\"block icon-items-list\"><div><div class=\"list\"><p><span style=\"color: #000000;\">Land Zugang<\/span><\/p><\/div><div class=\"list\"><p><span style=\"color: #000000;\">BIP Reichtum f\u00fcr Unternehmen<\/span><\/p><\/div><div class=\"list\"><p><span style=\"color: #000000;\">Internationaler Reisender Popularit\u00e4t<\/span><\/p><\/div><div class=\"list\"><p><span style=\"color: #000000;\">Analyse der 10 wichtigsten Reiseziele<\/span><\/p><\/div><div class=\"list\"><p><span style=\"color: #000000;\">Pers\u00f6nlich f\u00fcr Sie<\/span><\/p><\/div><\/div><\/div><h4 class=\"post-name\"><span style=\"color: #000000;\">Universal-Investitionsvisum Passport Value Report<\/span><\/h4><p><span style=\"color: #000000;\">Der Passport Value Report von Universal investment visa bietet eine einzigartige und umfassende Bewertung dessen, was der Reisepass bringt. Nicht nur die Anzahl der visumfreien L\u00e4nder, sondern auch deren \u201cQualit\u00e4t\u201d oder Wert. Wir messen dies mit zwei Faktoren. Zugang zum weltweiten BIP oder Wohlstand dieser L\u00e4nder als prozentualer Gesamtanteil. Dies ist n\u00fctzlich f\u00fcr die \u00dcberlegungen eines internationalen Gesch\u00e4ftsreisenden oder Unternehmers. Und wir messen auch den Zugang zur weltweiten Beliebtheit von Reisen. N\u00fctzlich f\u00fcr diejenigen, die sich f\u00fcr Freizeitaspekte interessieren, gemessen am internationalen Besucherverkehr und der Popularit\u00e4t.<\/span><\/p><p><span style=\"color: #000000;\">Wir kombinieren diese Aspekte und stellen sie nicht einfach isoliert f\u00fcr diesen Pass dar, sondern in Kombination mit Ihrer bestehenden Staatsb\u00fcrgerschaft und Ihrem Pass. Wir bieten nicht nur einen vollst\u00e4ndigen Zugang, sondern untersuchen auch die Top-10-Ziele f\u00fcr das Bruttoinlandsprodukt und internationale Reiseerweiterungen.<\/span><\/p><h4 class=\"post-name\"><span style=\"color: #000000;\">Unbezahlbare Informationen<\/span><\/h4><p><span style=\"color: #000000;\">Das Ergebnis ist ein einzigartiger Bericht, der auf unsere Kunden zugeschnitten ist und f\u00fcr jeden potenziellen Staatsb\u00fcrgerschaftsbewerber, der seine Investitionsm\u00f6glichkeiten in Betracht zieht, von unsch\u00e4tzbarem Wert ist.<\/span><\/p><p><span style=\"color: #000000;\">Dieser Bericht ist nur \u00fcber das Universal-Investitionsvisum auf dieser Website und \u00fcber Ihren Berater erh\u00e4ltlich. Wenn Sie eine solche Investition in Erw\u00e4gung ziehen, bitten wir Sie\u00a0<a style=\"color: #000000;\" href=\"https:\/\/investmentvisacn.com\/de\/contact-us.html\/\">Kontaktieren Sie uns noch heute<\/a>\u00a0f\u00fcr eine kostenlose Bewertung und einen Bericht.<\/span><\/p><\/div><\/div>\t\t\t\t\t\t\t\t<\/div>\n\t\t\t\t<\/div>\n\t\t\t\t<div class=\"elementor-element elementor-element-1ddaa83 elementor-align-center elementor-widget elementor-widget-button\" data-id=\"1ddaa83\" data-element_type=\"widget\" data-e-type=\"widget\" data-widget_type=\"button.default\">\n\t\t\t\t<div class=\"elementor-widget-container\">\n\t\t\t\t\t\t\t\t\t<div class=\"elementor-button-wrapper\">\n\t\t\t\t\t<a class=\"elementor-button elementor-button-link elementor-size-sm\" href=\"https:\/\/investmentvisacn.com\/de\/kontaktieren-sie-uns\/\">\n\t\t\t\t\t\t<span class=\"elementor-button-content-wrapper\">\n\t\t\t\t\t\t\t\t\t<span class=\"elementor-button-text\">Kontakt- Berater<\/span>\n\t\t\t\t\t<\/span>\n\t\t\t\t\t<\/a>\n\t\t\t\t<\/div>\n\t\t\t\t\t\t\t\t<\/div>\n\t\t\t\t<\/div>\n\t\t\t\t<div class=\"elementor-element elementor-element-14c15c8 elementor-widget elementor-widget-text-editor\" data-id=\"14c15c8\" data-element_type=\"widget\" data-e-type=\"widget\" data-widget_type=\"text-editor.default\">\n\t\t\t\t<div class=\"elementor-widget-container\">\n\t\t\t\t\t\t\t\t\t<h2 class=\"text-center\" style=\"text-align: center;\"><span style=\"color: #000000;\">Verwandte Nachrichten<\/span><\/h2><p style=\"text-align: center;\"><span style=\"color: #000000;\">Eine Auswahl von Artikeln \u00fcber die Planung der zweiten Staatsb\u00fcrgerschaft.<\/span><\/p>\t\t\t\t\t\t\t\t<\/div>\n\t\t\t\t<\/div>\n\t\t\t\t<section class=\"elementor-section elementor-inner-section elementor-element elementor-element-4151414 elementor-section-boxed elementor-section-height-default elementor-section-height-default\" data-id=\"4151414\" data-element_type=\"section\" data-e-type=\"section\">\n\t\t\t\t\t\t<div class=\"elementor-container elementor-column-gap-default\">\n\t\t\t\t\t<div class=\"elementor-column elementor-col-25 elementor-inner-column elementor-element elementor-element-77eb7bd\" data-id=\"77eb7bd\" data-element_type=\"column\" data-e-type=\"column\">\n\t\t\t<div class=\"elementor-widget-wrap elementor-element-populated\">\n\t\t\t\t\t\t<div class=\"elementor-element elementor-element-437ed25 elementor-widget elementor-widget-text-editor\" data-id=\"437ed25\" data-element_type=\"widget\" data-e-type=\"widget\" data-widget_type=\"text-editor.default\">\n\t\t\t\t<div class=\"elementor-widget-container\">\n\t\t\t\t\t\t\t\t\t<ul><li><div class=\"product-thumb\"><img fetchpriority=\"high\" decoding=\"async\" class=\"product-thumnail\" src=\"https:\/\/investmentvisacn.com\/assets\/images\/St-Lucia\/st-lucia-2270.jpg\" alt=\"dd\" width=\"270\" height=\"270\" \/><\/div><div class=\"info\"><p><b class=\"categories\">20<sup>th<\/sup>\u00a0August, 2022<\/b><\/p><hr \/><p><b class=\"categories\">St. Lucia's Staatsb\u00fcrgerschaft durch<\/b><\/p><h4 class=\"product-title\"><a href=\"https:\/\/investmentvisacn.com\/de\/universal-investment-news\/\">Das Programm Universal Investment bietet eine der kosteng\u00fcnstigsten L\u00f6sungen f\u00fcr Einzelantragsteller unter den karibischen Nachbarl\u00e4ndern, die bereits ab $100.000, zuz\u00fcglich Geb\u00fchren, erh\u00e4ltlich ist.<\/a><\/h4><\/div><\/li><\/ul>\t\t\t\t\t\t\t\t<\/div>\n\t\t\t\t<\/div>\n\t\t\t\t\t<\/div>\n\t\t<\/div>\n\t\t\t\t<div class=\"elementor-column elementor-col-25 elementor-inner-column elementor-element elementor-element-c4b4a44\" data-id=\"c4b4a44\" data-element_type=\"column\" data-e-type=\"column\">\n\t\t\t<div class=\"elementor-widget-wrap elementor-element-populated\">\n\t\t\t\t\t\t<div class=\"elementor-element elementor-element-34a434a elementor-widget elementor-widget-text-editor\" data-id=\"34a434a\" data-element_type=\"widget\" data-e-type=\"widget\" data-widget_type=\"text-editor.default\">\n\t\t\t\t<div class=\"elementor-widget-container\">\n\t\t\t\t\t\t\t\t\t<ul><li><div class=\"product-thumb\"><img decoding=\"async\" class=\"product-thumnail\" src=\"https:\/\/investmentvisacn.com\/assets\/images\/Dominica-Republic\/dominica-270.jpg\" alt=\"dd\" width=\"270\" height=\"270\" \/><\/div><div class=\"info\"><p><b class=\"categories\">22<sup>und<\/sup>\u00a0April, 2022<\/b><\/p><hr \/><p><b class=\"categories\">Dominica Staatsb\u00fcrgerschaft Investition Preiserh\u00f6hung<\/b><\/p><h4 class=\"product-title\"><a href=\"https:\/\/investmentvisacn.com\/de\/dominica-staatsburgerschaft-durch-investition-programm\/\">Update *** 13. Mai 2022: Im Staatsanzeiger von Dominica wurde nun offiziell bekannt gegeben, dass die neue Gesetzes\u00e4nderung in einem Monat, am 13. Juni 2022, in Kraft treten wird.<\/a><\/h4><\/div><\/li><\/ul>\t\t\t\t\t\t\t\t<\/div>\n\t\t\t\t<\/div>\n\t\t\t\t\t<\/div>\n\t\t<\/div>\n\t\t\t\t<div class=\"elementor-column elementor-col-25 elementor-inner-column elementor-element elementor-element-b20874d\" data-id=\"b20874d\" data-element_type=\"column\" data-e-type=\"column\">\n\t\t\t<div class=\"elementor-widget-wrap elementor-element-populated\">\n\t\t\t\t\t\t<div class=\"elementor-element elementor-element-d540e48 elementor-widget elementor-widget-text-editor\" data-id=\"d540e48\" data-element_type=\"widget\" data-e-type=\"widget\" data-widget_type=\"text-editor.default\">\n\t\t\t\t<div class=\"elementor-widget-container\">\n\t\t\t\t\t\t\t\t\t<ul><li><div class=\"product-thumb\"><img decoding=\"async\" class=\"product-thumnail\" src=\"https:\/\/investmentvisacn.com\/assets\/images\/Monaco\/monaco-270.jpg\" alt=\"dd\" width=\"270\" height=\"270\" \/><\/div><div class=\"info\"><p><b class=\"categories\">4<sup>th<\/sup>\u00a0November, 2022<\/b><\/p><hr \/><p><b class=\"categories\">Monaco CBI nimmt jetzt iranische Staatsb\u00fcrger auf<\/b><\/p><h4 class=\"product-title\"><a href=\"https:\/\/investmentvisacn.com\/de\/monaco-residenz\/\">Seit vielen Jahren ist es iranischen Investoren leider untersagt, sich f\u00fcr viele der verf\u00fcgbaren Investorenvisumsprogramme zu bewerben. Dies ist zum Teil auf die weltweiten Bankensanktionen zur\u00fcckzuf\u00fchren, die gegen den Iran...<\/a><\/h4><\/div><\/li><\/ul>\t\t\t\t\t\t\t\t<\/div>\n\t\t\t\t<\/div>\n\t\t\t\t\t<\/div>\n\t\t<\/div>\n\t\t\t\t<div class=\"elementor-column elementor-col-25 elementor-inner-column elementor-element elementor-element-886ec83\" data-id=\"886ec83\" data-element_type=\"column\" data-e-type=\"column\">\n\t\t\t<div class=\"elementor-widget-wrap elementor-element-populated\">\n\t\t\t\t\t\t<div class=\"elementor-element elementor-element-6e309e5 elementor-widget elementor-widget-text-editor\" data-id=\"6e309e5\" data-element_type=\"widget\" data-e-type=\"widget\" data-widget_type=\"text-editor.default\">\n\t\t\t\t<div class=\"elementor-widget-container\">\n\t\t\t\t\t\t\t\t\t<div class=\"product-thumb\"><img loading=\"lazy\" decoding=\"async\" class=\"product-thumnail\" src=\"https:\/\/investmentvisacn.com\/assets\/images\/Antigua\/antigua-01-Recovered-Recovered-Recovered.jpg\" alt=\"dd\" width=\"270\" height=\"270\" \/><\/div><div class=\"info\"><p><b class=\"categories\">26<sup>th<\/sup>\u00a0September, 2022<\/b><\/p><hr \/><p><b class=\"categories\">Antigua und Barbuda<\/b><\/p><h4 class=\"product-title\"><a href=\"https:\/\/investmentvisacn.com\/de\/antigua-und-barbuda-staatsburgerschaft-durch-investition\/\">Mindestens $100.000 Spende<\/a><br \/><a href=\"\/de\/_wp_link_placeholder\/\">Staatsb\u00fcrgerschaft &amp; Reisepass<\/a><br \/><a href=\"\/de\/_wp_link_placeholder\/\">Visumfreies Reisen 161 L\u00e4nder<\/a><br \/><a href=\"\/de\/_wp_link_placeholder\/\">EU Schengen Zone &amp; UK<\/a><\/h4><\/div>\t\t\t\t\t\t\t\t<\/div>\n\t\t\t\t<\/div>\n\t\t\t\t\t<\/div>\n\t\t<\/div>\n\t\t\t\t\t<\/div>\n\t\t<\/section>\n\t\t\t\t<div class=\"elementor-element elementor-element-161b8db elementor-align-center elementor-widget elementor-widget-button\" data-id=\"161b8db\" data-element_type=\"widget\" data-e-type=\"widget\" data-widget_type=\"button.default\">\n\t\t\t\t<div class=\"elementor-widget-container\">\n\t\t\t\t\t\t\t\t\t<div class=\"elementor-button-wrapper\">\n\t\t\t\t\t<a class=\"elementor-button elementor-button-link elementor-size-sm\" href=\"https:\/\/investmentvisacn.com\/de\/investitionen\/\" target=\"_blank\">\n\t\t\t\t\t\t<span class=\"elementor-button-content-wrapper\">\n\t\t\t\t\t\t\t\t\t<span class=\"elementor-button-text\">Alle anzeigen<\/span>\n\t\t\t\t\t<\/span>\n\t\t\t\t\t<\/a>\n\t\t\t\t<\/div>\n\t\t\t\t\t\t\t\t<\/div>\n\t\t\t\t<\/div>\n\t\t\t\t\t<\/div>\n\t\t<\/div>\n\t\t\t\t\t<\/div>\n\t\t<\/section>\n\t\t\t\t<\/div>","protected":false},"excerpt":{"rendered":"<p>Second Passport : Get Your Free Report Our clients invest in a second passport for many reasons. Perhaps one of the most important is the visa-free access a second passport grants to countries and territories worldwide. There are several passport indices that take a simple measure of the number of visa-free countries a passport can [&hellip;]<\/p>\n","protected":false},"author":1,"featured_media":0,"parent":0,"menu_order":0,"comment_status":"closed","ping_status":"closed","template":"","meta":{"footnotes":""},"class_list":["post-346","page","type-page","status-publish","hentry"],"yoast_head":"<!-- This site is optimized with the Yoast SEO plugin v27.3 - https:\/\/yoast.com\/product\/yoast-seo-wordpress\/ -->\n<title>Passport Investment - Investment Visa CN<\/title>\n<meta name=\"robots\" content=\"index, follow, max-snippet:-1, max-image-preview:large, max-video-preview:-1\" \/>\n<link rel=\"canonical\" href=\"https:\/\/investmentvisacn.com\/de\/pass-investition\/\" \/>\n<meta property=\"og:locale\" content=\"de_DE\" \/>\n<meta property=\"og:type\" content=\"article\" \/>\n<meta property=\"og:title\" content=\"Passport Investment - Investment Visa CN\" \/>\n<meta property=\"og:description\" content=\"Second Passport : Get Your Free Report Our clients invest in a second passport for many reasons. Perhaps one of the most important is the visa-free access a second passport grants to countries and territories worldwide. There are several passport indices that take a simple measure of the number of visa-free countries a passport can [&hellip;]\" \/>\n<meta property=\"og:url\" content=\"https:\/\/investmentvisacn.com\/de\/pass-investition\/\" \/>\n<meta property=\"og:site_name\" content=\"Investment Visa CN\" \/>\n<meta property=\"article:modified_time\" content=\"2024-08-24T21:24:06+00:00\" \/>\n<meta property=\"og:image\" content=\"https:\/\/investmentvisacn.com\/assets\/images\/St-Lucia\/st-lucia-2270.jpg\" \/>\n<meta name=\"twitter:card\" content=\"summary_large_image\" \/>\n<meta name=\"twitter:label1\" content=\"Gesch\u00e4tzte Lesezeit\" \/>\n\t<meta name=\"twitter:data1\" content=\"2\u00a0Minuten\" \/>\n<script type=\"application\/ld+json\" class=\"yoast-schema-graph\">{\"@context\":\"https:\\\/\\\/schema.org\",\"@graph\":[{\"@type\":\"WebPage\",\"@id\":\"https:\\\/\\\/investmentvisacn.com\\\/passport-investment\\\/\",\"url\":\"https:\\\/\\\/investmentvisacn.com\\\/passport-investment\\\/\",\"name\":\"Passport Investment - Investment Visa CN\",\"isPartOf\":{\"@id\":\"https:\\\/\\\/investmentvisacn.com\\\/#website\"},\"primaryImageOfPage\":{\"@id\":\"https:\\\/\\\/investmentvisacn.com\\\/passport-investment\\\/#primaryimage\"},\"image\":{\"@id\":\"https:\\\/\\\/investmentvisacn.com\\\/passport-investment\\\/#primaryimage\"},\"thumbnailUrl\":\"https:\\\/\\\/investmentvisacn.com\\\/assets\\\/images\\\/St-Lucia\\\/st-lucia-2270.jpg\",\"datePublished\":\"2024-08-15T09:22:08+00:00\",\"dateModified\":\"2024-08-24T21:24:06+00:00\",\"breadcrumb\":{\"@id\":\"https:\\\/\\\/investmentvisacn.com\\\/passport-investment\\\/#breadcrumb\"},\"inLanguage\":\"de\",\"potentialAction\":[{\"@type\":\"ReadAction\",\"target\":[\"https:\\\/\\\/investmentvisacn.com\\\/passport-investment\\\/\"]}]},{\"@type\":\"ImageObject\",\"inLanguage\":\"de\",\"@id\":\"https:\\\/\\\/investmentvisacn.com\\\/passport-investment\\\/#primaryimage\",\"url\":\"https:\\\/\\\/investmentvisacn.com\\\/assets\\\/images\\\/St-Lucia\\\/st-lucia-2270.jpg\",\"contentUrl\":\"https:\\\/\\\/investmentvisacn.com\\\/assets\\\/images\\\/St-Lucia\\\/st-lucia-2270.jpg\"},{\"@type\":\"BreadcrumbList\",\"@id\":\"https:\\\/\\\/investmentvisacn.com\\\/passport-investment\\\/#breadcrumb\",\"itemListElement\":[{\"@type\":\"ListItem\",\"position\":1,\"name\":\"Home\",\"item\":\"https:\\\/\\\/investmentvisacn.com\\\/\"},{\"@type\":\"ListItem\",\"position\":2,\"name\":\"Passport Investment\"}]},{\"@type\":\"WebSite\",\"@id\":\"https:\\\/\\\/investmentvisacn.com\\\/#website\",\"url\":\"https:\\\/\\\/investmentvisacn.com\\\/\",\"name\":\"Investment Visa CN\",\"description\":\"Global Investment &amp; Visa Solutions You Can Trust\",\"publisher\":{\"@id\":\"https:\\\/\\\/investmentvisacn.com\\\/#organization\"},\"potentialAction\":[{\"@type\":\"SearchAction\",\"target\":{\"@type\":\"EntryPoint\",\"urlTemplate\":\"https:\\\/\\\/investmentvisacn.com\\\/?s={search_term_string}\"},\"query-input\":{\"@type\":\"PropertyValueSpecification\",\"valueRequired\":true,\"valueName\":\"search_term_string\"}}],\"inLanguage\":\"de\"},{\"@type\":\"Organization\",\"@id\":\"https:\\\/\\\/investmentvisacn.com\\\/#organization\",\"name\":\"Investment Visa CN\",\"url\":\"https:\\\/\\\/investmentvisacn.com\\\/\",\"logo\":{\"@type\":\"ImageObject\",\"inLanguage\":\"de\",\"@id\":\"https:\\\/\\\/investmentvisacn.com\\\/#\\\/schema\\\/logo\\\/image\\\/\",\"url\":\"https:\\\/\\\/investmentvisacn.com\\\/wp-content\\\/uploads\\\/2024\\\/08\\\/universalinvestmentvisa.png\",\"contentUrl\":\"https:\\\/\\\/investmentvisacn.com\\\/wp-content\\\/uploads\\\/2024\\\/08\\\/universalinvestmentvisa.png\",\"width\":180,\"height\":60,\"caption\":\"Investment Visa CN\"},\"image\":{\"@id\":\"https:\\\/\\\/investmentvisacn.com\\\/#\\\/schema\\\/logo\\\/image\\\/\"}}]}<\/script>\n<!-- \/ Yoast SEO plugin. -->","yoast_head_json":{"title":"Reisepass Investition - Investitionsvisum CN","robots":{"index":"index","follow":"follow","max-snippet":"max-snippet:-1","max-image-preview":"max-image-preview:large","max-video-preview":"max-video-preview:-1"},"canonical":"https:\/\/investmentvisacn.com\/de\/pass-investition\/","og_locale":"de_DE","og_type":"article","og_title":"Passport Investment - Investment Visa CN","og_description":"Second Passport : Get Your Free Report Our clients invest in a second passport for many reasons. Perhaps one of the most important is the visa-free access a second passport grants to countries and territories worldwide. There are several passport indices that take a simple measure of the number of visa-free countries a passport can [&hellip;]","og_url":"https:\/\/investmentvisacn.com\/de\/pass-investition\/","og_site_name":"Investment Visa CN","article_modified_time":"2024-08-24T21:24:06+00:00","og_image":[{"url":"https:\/\/investmentvisacn.com\/assets\/images\/St-Lucia\/st-lucia-2270.jpg","type":"","width":"","height":""}],"twitter_card":"summary_large_image","twitter_misc":{"Gesch\u00e4tzte Lesezeit":"2\u00a0Minuten"},"schema":{"@context":"https:\/\/schema.org","@graph":[{"@type":"WebPage","@id":"https:\/\/investmentvisacn.com\/passport-investment\/","url":"https:\/\/investmentvisacn.com\/passport-investment\/","name":"Reisepass Investition - Investitionsvisum CN","isPartOf":{"@id":"https:\/\/investmentvisacn.com\/#website"},"primaryImageOfPage":{"@id":"https:\/\/investmentvisacn.com\/passport-investment\/#primaryimage"},"image":{"@id":"https:\/\/investmentvisacn.com\/passport-investment\/#primaryimage"},"thumbnailUrl":"https:\/\/investmentvisacn.com\/assets\/images\/St-Lucia\/st-lucia-2270.jpg","datePublished":"2024-08-15T09:22:08+00:00","dateModified":"2024-08-24T21:24:06+00:00","breadcrumb":{"@id":"https:\/\/investmentvisacn.com\/passport-investment\/#breadcrumb"},"inLanguage":"de","potentialAction":[{"@type":"ReadAction","target":["https:\/\/investmentvisacn.com\/passport-investment\/"]}]},{"@type":"ImageObject","inLanguage":"de","@id":"https:\/\/investmentvisacn.com\/passport-investment\/#primaryimage","url":"https:\/\/investmentvisacn.com\/assets\/images\/St-Lucia\/st-lucia-2270.jpg","contentUrl":"https:\/\/investmentvisacn.com\/assets\/images\/St-Lucia\/st-lucia-2270.jpg"},{"@type":"BreadcrumbList","@id":"https:\/\/investmentvisacn.com\/passport-investment\/#breadcrumb","itemListElement":[{"@type":"ListItem","position":1,"name":"Home","item":"https:\/\/investmentvisacn.com\/"},{"@type":"ListItem","position":2,"name":"Passport Investment"}]},{"@type":"WebSite","@id":"https:\/\/investmentvisacn.com\/#website","url":"https:\/\/investmentvisacn.com\/","name":"Investitionsvisum CN","description":"Globale Investment- und Visa-L\u00f6sungen, denen Sie vertrauen k\u00f6nnen","publisher":{"@id":"https:\/\/investmentvisacn.com\/#organization"},"potentialAction":[{"@type":"SearchAction","target":{"@type":"EntryPoint","urlTemplate":"https:\/\/investmentvisacn.com\/?s={search_term_string}"},"query-input":{"@type":"PropertyValueSpecification","valueRequired":true,"valueName":"search_term_string"}}],"inLanguage":"de"},{"@type":"Organization","@id":"https:\/\/investmentvisacn.com\/#organization","name":"Investitionsvisum CN","url":"https:\/\/investmentvisacn.com\/","logo":{"@type":"ImageObject","inLanguage":"de","@id":"https:\/\/investmentvisacn.com\/#\/schema\/logo\/image\/","url":"https:\/\/investmentvisacn.com\/wp-content\/uploads\/2024\/08\/universalinvestmentvisa.png","contentUrl":"https:\/\/investmentvisacn.com\/wp-content\/uploads\/2024\/08\/universalinvestmentvisa.png","width":180,"height":60,"caption":"Investment Visa CN"},"image":{"@id":"https:\/\/investmentvisacn.com\/#\/schema\/logo\/image\/"}}]}},"_links":{"self":[{"href":"https:\/\/investmentvisacn.com\/de\/wp-json\/wp\/v2\/pages\/346","targetHints":{"allow":["GET"]}}],"collection":[{"href":"https:\/\/investmentvisacn.com\/de\/wp-json\/wp\/v2\/pages"}],"about":[{"href":"https:\/\/investmentvisacn.com\/de\/wp-json\/wp\/v2\/types\/page"}],"author":[{"embeddable":true,"href":"https:\/\/investmentvisacn.com\/de\/wp-json\/wp\/v2\/users\/1"}],"replies":[{"embeddable":true,"href":"https:\/\/investmentvisacn.com\/de\/wp-json\/wp\/v2\/comments?post=346"}],"version-history":[{"count":10,"href":"https:\/\/investmentvisacn.com\/de\/wp-json\/wp\/v2\/pages\/346\/revisions"}],"predecessor-version":[{"id":590,"href":"https:\/\/investmentvisacn.com\/de\/wp-json\/wp\/v2\/pages\/346\/revisions\/590"}],"wp:attachment":[{"href":"https:\/\/investmentvisacn.com\/de\/wp-json\/wp\/v2\/media?parent=346"}],"curies":[{"name":"wp","href":"https:\/\/api.w.org\/{rel}","templated":true}]}}